{"id":383,"date":"2017-10-09T15:50:59","date_gmt":"2017-10-09T13:50:59","guid":{"rendered":"https:\/\/web.umons.ac.be\/fpms\/?page_id=383"},"modified":"2018-01-18T10:37:21","modified_gmt":"2018-01-18T09:37:21","slug":"ingenieur-civil-des-mines-et-geologue","status":"publish","type":"page","link":"https:\/\/web.umons.ac.be\/fpms\/fr\/offre-de-formation\/2eme-cycle-master\/ingenieur-civil-des-mines-et-geologue\/","title":{"rendered":"Ing\u00e9nieur civil des mines et g\u00e9ologue"},"content":{"rendered":"<p>Imaginer, concevoir, r\u00e9aliser et mettre en oeuvre des sites et installations d\u2019exploitation efficaces des ressources min\u00e9rales et \u00e9nerg\u00e9tiques, tout en prenant en compte les aspects d\u2019environnement et de d\u00e9veloppement durable\u00a0L\u2019ing\u00e9nieur des mines et g\u00e9ologue est un acteur principal dans la prospection et l\u2019\u00e9valuation des gisements, l\u2019extraction des minerais et des hydrocarbures et la valorisation des mati\u00e8res min\u00e9rales. Ses comp\u00e9tences sont<br \/>\nde la premi\u00e8re importance dans la conception et la r\u00e9alisation d\u2019ouvrages de g\u00e9nie civil (routes, voies de chemin de fer, tunnels, barrages, ponts, installations de stockage souterrain).<\/p>\n<p>Il travaille \u00e9galement pour pr\u00e9venir les effets sur les infrastructures humaines de ph\u00e9nom\u00e8nes naturels (tremblements de terre, glissements de terrain\u2026) et pour pr\u00e9venir et rem\u00e9dier aux impacts des activit\u00e9s humaines sur l\u2019environnement et les ressources naturelles (protection des eaux souterraines, valorisation des d\u00e9chets, r\u00e9habilitation des sites pollu\u00e9s, stockage g\u00e9ologique du CO2\u2026)<\/p>\n<start-cask-shortcode-wrapper><article class=\"shortcode-training training-small content-block scheme-fpms\">\n\t<a href=\"https:\/\/web.umons.ac.be\/fpms\/fr\/formations\/m2-irmifs\/\" class=\"training-link scheme-border-hover\">\n\t\t<header class=\"training-small-header\">\n\t\t\t<div class=\"training-small-entity scheme-color\">\n\t\t\t\tFacult\u00e9 \/ FPMS\t\t\t\t\t           \t<img decoding=\"async\" src=\"https:\/\/web.umons.ac.be\/app\/uploads\/sites\/6\/2017\/05\/POLYTECH.png\" class=\"training-small-entity-logo\" alt=\"Ic\u00f4ne de Facult\u00e9 \/ FPMS\">\n\t        \t\t\t\t<\/div>\n\t\t\t<div class=\"training-small-degree\">\n\t\t\t\tMaster en\t\t\t<\/div>\n\n\t\t\t<h1 class=\"training-small-title\">Ing\u00e9nieur civil des mines et g\u00e9ologue<\/h1>\n\n\t\t\t\t\t\t<div class=\"training-small-subtitle\">\n\t\t\t\t<strong>Finalit\u00e9 sp\u00e9cialis\u00e9e<\/strong>\n\t\t\t<\/div>\n\t\t\t\t\t<\/header>\n\t\t\t\t<div class=\"training-small-content\">\n\t\t\t<div class=\"training-small-location\">\n\t\t\t\t<span class=\"icon umons-icon-pin\" aria-hidden=\"true\"><\/span>\n\t\t\t\t<span class=\"location\">Mons<\/span>\n\t\t\t<\/div>\n\n\t\t\t\t\t\t<div class=\"training-small-side-info\">\n\t\t\t\t<ul class=\"training-small-side-info-list\">\n\t\t\t\t\t\t\t\t\t\t<li>\n\t\t\t\t\t\t<div class=\"training-single-schedule\">\n\t\t\t\t\t\t\t<div class=\"label\">Horaire<\/div>\n\t\t\t\t\t\t\t<div class=\"value\">Horaire de jour<\/div>\n\t\t\t\t\t\t<\/div>\n\t\t\t\t\t<\/li>\n\t\t\t\t\t\t\t\t\t\t\t\t\t\t\t<li>\n\t\t\t\t\t\t<div class=\"training-single-credits\">\n\t\t\t\t\t\t\t<div class=\"label\">Cr\u00e9dits ECTS<\/div>\n\t\t\t\t\t\t\t<div class=\"value\">120<\/div>\n\t\t\t\t\t\t<\/div>\n\t\t\t\t\t<\/li>\n\t\t\t\t\t\t\t\t\t\t\t\t\t\t\t<li>\n\t\t\t\t\t\t<div class=\"training-single-languages\">\n\t\t\t\t\t\t\t<div class=\"label\">Langue<\/div>\n\t\t\t\t\t\t\t<div class=\"value\">\n\t\t\t\t\t\t\t\t<span class=\"lang\">Fran\u00e7ais<\/span>\n\t\t\t\t\t\t\t<\/div>\n\t\t\t\t\t\t<\/div>\n\t\t\t\t\t<\/li>\n\t\t\t\t\t\t\t\t\t<\/ul>\n\t\t\t<\/div>\n\t\t\t\t\t<\/div>\n\t\t\t<\/a>\n<\/article>\n<end-cask-shortcode-wrapper>\n<p>&nbsp;<\/p>\n<start-cask-shortcode-wrapper>\n<blockquote class=\"shortcode-testimonial scheme-fpms\">\n    <div class=\"testimonial-quote\">\n        <div>\u201cAyant orient\u00e9 mon choix\u00a0d\u2019options de secondaire vers\u00a0les math\u00e9matiques et les\u00a0sciences, je me suis dirig\u00e9\u00a0vers la FPMs pour y apprendre\u00a0les sciences appliqu\u00e9es\u00a0\u00e0 des cas pratiques et\u00a0pour son excelle&hellip;<\/div>\n                <a href=\"#testimonial-modal-758\" class=\"button-secondary open-testimonial scheme-border scheme-color-hover-important\">\n            Poursuivre la lecture <span class=\"icon umons-icon-tail-right\" aria-hidden=\"true\"><\/span>\n        <\/a>\n            <\/div>\n    <div class=\"testimonial-author\">\n                <div class=\"testimonial-picture\">\n            <img decoding=\"async\" src=\"https:\/\/web.umons.ac.be\/app\/uploads\/sites\/6\/2018\/01\/FPMs-2017-ok28web29.pdf-Adobe-Acrobat-Pro-DC-10-80x80.jpg\" alt=\"\" \/>\n        <\/div>\n                <div class=\"testimonial-text\">\n            <div class=\"testimonial-identity\">\n                <span class=\"testimonial-author-name\">Julien ROSINI<\/span>\n                            <\/div>\n            <div class=\"testimonial-meta\">\n                                                <span class=\"testimonial-group\">Ing\u00e9nieur Civil des Mines et G\u00e9ologue<\/span>\n                            <\/div>\n        <\/div>\n    <\/div>\n<\/blockquote>\n<div id=\"testimonial-modal-758\" class=\"testimonial-modal-wrap normal\" style=\"display: none;\">\n    <div class=\"shortcode-testimonial-modal\">\n        <blockquote class=\"shortcode-testimonial\">\n            <div class=\"testimonial-quote editor-front\">\n                                <blockquote class=\"highlighted-quote\">\u201cAyant orient\u00e9 mon choix\u00a0d\u2019options de secondaire vers\u00a0les math\u00e9matiques et les\u00a0sciences, je me suis dirig\u00e9\u00a0vers la FPMs pour y apprendre\u00a0les sciences appliqu\u00e9es\u00a0\u00e0 des cas pratiques et\u00a0pour son excellente r\u00e9putation. En troisi\u00e8me bachelier, je me suis tourn\u00e9\u00a0vers les Mines et la G\u00e9ologie pour son orientation\u00a0\u00ab terrain \u00bb. J\u2019ai \u00e9t\u00e9 engag\u00e9 d\u00e8s ma sortie des \u00e9tudes\u00a0par la soci\u00e9t\u00e9\u2026<\/blockquote>\n                                                <div class=\"testimonial-full-quote\"><p>\u201cAyant orient\u00e9 mon choix\u00a0d\u2019options de secondaire vers\u00a0les math\u00e9matiques et les\u00a0sciences, je me suis dirig\u00e9\u00a0vers la FPMs pour y apprendre\u00a0les sciences appliqu\u00e9es\u00a0\u00e0 des cas pratiques et\u00a0pour son excellente r\u00e9putation.<br \/>\nEn troisi\u00e8me bachelier, je me suis tourn\u00e9\u00a0vers les Mines et la G\u00e9ologie pour son orientation\u00a0\u00ab terrain \u00bb.<br \/>\nJ\u2019ai \u00e9t\u00e9 engag\u00e9 d\u00e8s ma sortie des \u00e9tudes\u00a0par la soci\u00e9t\u00e9 Solvay en tant qu\u2019Ing\u00e9nieur\u00a0en Proc\u00e9d\u00e9s Miniers op\u00e9rant au d\u00e9part de\u00a0Bruxelles sur les sites d\u2019extractions europ\u00e9ens\u00a0du groupe. Je suis actuellement\u00a0Directeur Adjoint d\u2019une carri\u00e8re de calcaire\u00a0belge o\u00f9 ma fonction int\u00e8gre la production\u00a0ainsi que les aspects qualit\u00e9 produit, s\u00e9curit\u00e9\u00a0et bien-\u00eatre des travailleurs.<br \/>\nIl y a autant de m\u00e9tiers d\u2019ing\u00e9nieur qu\u2019il y a\u00a0d\u2019ing\u00e9nieurs. Le m\u00e9tier demande de se renouveler\u00a0sans cesse. La formation \u00e0 la FPMs,\u00a0en plus de constituer un bagage scientifique\u00a0et technique cons\u00e9quent, apprend \u00e0 \u00ab apprendre\u00a0\u00bb dans un contexte en perp\u00e9tuel\u00a0changement.<br \/>\nApr\u00e8s cinq ans de sortie, le corps acad\u00e9mique\u00a0et les anciens \u00e9tudiants demeurent\u00a0un r\u00e9seau de contacts privil\u00e9gi\u00e9.\u201d<\/p>\n<\/div>\n                            <\/div>\n            <div class=\"testimonial-author\">\n                                <div class=\"testimonial-picture\">\n                    <img decoding=\"async\" src=\"https:\/\/web.umons.ac.be\/app\/uploads\/sites\/6\/2018\/01\/FPMs-2017-ok28web29.pdf-Adobe-Acrobat-Pro-DC-10-80x80.jpg\" alt=\"\" \/>\n                <\/div>\n                                <div class=\"testimonial-text\">\n                    <div class=\"testimonial-identity\">\n                        <span class=\"testimonial-author-name\">Julien ROSINI<\/span>\n                                            <\/div>\n                    <div class=\"testimonial-meta\">\n                                                                        <span class=\"testimonial-group\">(Ing\u00e9nieur Civil des Mines et G\u00e9ologue)<\/span>\n                                            <\/div>\n                <\/div>\n            <\/div>\n        <\/blockquote>\n    <\/div>\n<\/div>\n<end-cask-shortcode-wrapper>\n","protected":false},"excerpt":{"rendered":"<p>Imaginer, concevoir, r\u00e9aliser et mettre en oeuvre des sites et installations d\u2019exploitation efficaces des ressources min\u00e9rales et \u00e9nerg\u00e9tiques, tout en prenant en compte les aspects d\u2019environnement et de d\u00e9veloppement durable\u00a0L\u2019ing\u00e9nieur des mines et g\u00e9ologue est un acteur principal dans la prospection et l\u2019\u00e9valuation des gisements, l\u2019extraction des minerais et des hydrocarbures et la valorisation des [&hellip;]<\/p>\n","protected":false},"author":2,"featured_media":0,"parent":111,"menu_order":6,"comment_status":"closed","ping_status":"closed","template":"","meta":{"footnotes":""},"class_list":["post-383","page","type-page","status-publish","hentry"],"yoast_head":"<!-- This site is optimized with the Yoast SEO plugin v27.2 - https:\/\/yoast.com\/product\/yoast-seo-wordpress\/ -->\n<title>Ing\u00e9nieur civil des mines et g\u00e9ologue - Facult\u00e9 \/ FPMS<\/title>\n<meta name=\"robots\" content=\"index, follow, max-snippet:-1, max-image-preview:large, max-video-preview:-1\" \/>\n<link rel=\"canonical\" href=\"https:\/\/web.umons.ac.be\/fpms\/fr\/offre-de-formation\/2eme-cycle-master\/ingenieur-civil-des-mines-et-geologue\/\" \/>\n<meta property=\"og:locale\" content=\"fr_FR\" \/>\n<meta property=\"og:type\" content=\"article\" \/>\n<meta property=\"og:title\" content=\"Ing\u00e9nieur civil des mines et g\u00e9ologue - Facult\u00e9 \/ FPMS\" \/>\n<meta property=\"og:description\" content=\"Imaginer, concevoir, r\u00e9aliser et mettre en oeuvre des sites et installations d\u2019exploitation efficaces des ressources min\u00e9rales et \u00e9nerg\u00e9tiques, tout en prenant en compte les aspects d\u2019environnement et de d\u00e9veloppement durable\u00a0L\u2019ing\u00e9nieur des mines et g\u00e9ologue est un acteur principal dans la prospection et l\u2019\u00e9valuation des gisements, l\u2019extraction des minerais et des hydrocarbures et la valorisation des [&hellip;]\" \/>\n<meta property=\"og:url\" content=\"https:\/\/web.umons.ac.be\/fpms\/fr\/offre-de-formation\/2eme-cycle-master\/ingenieur-civil-des-mines-et-geologue\/\" \/>\n<meta property=\"og:site_name\" content=\"Facult\u00e9 \/ FPMS\" \/>\n<meta property=\"article:modified_time\" content=\"2018-01-18T09:37:21+00:00\" \/>\n<meta name=\"twitter:card\" content=\"summary_large_image\" \/>\n<meta name=\"twitter:label1\" content=\"Dur\u00e9e de lecture estim\u00e9e\" \/>\n\t<meta name=\"twitter:data1\" content=\"1 minute\" \/>\n<script type=\"application\/ld+json\" class=\"yoast-schema-graph\">{\"@context\":\"https:\/\/schema.org\",\"@graph\":[{\"@type\":\"WebPage\",\"@id\":\"https:\/\/web.umons.ac.be\/fpms\/fr\/offre-de-formation\/2eme-cycle-master\/ingenieur-civil-des-mines-et-geologue\/\",\"url\":\"https:\/\/web.umons.ac.be\/fpms\/fr\/offre-de-formation\/2eme-cycle-master\/ingenieur-civil-des-mines-et-geologue\/\",\"name\":\"Ing\u00e9nieur civil des mines et g\u00e9ologue - Facult\u00e9 \/ FPMS\",\"isPartOf\":{\"@id\":\"https:\/\/web.umons.ac.be\/fpms\/#website\"},\"datePublished\":\"2017-10-09T13:50:59+00:00\",\"dateModified\":\"2018-01-18T09:37:21+00:00\",\"breadcrumb\":{\"@id\":\"https:\/\/web.umons.ac.be\/fpms\/fr\/offre-de-formation\/2eme-cycle-master\/ingenieur-civil-des-mines-et-geologue\/#breadcrumb\"},\"inLanguage\":\"fr-FR\",\"potentialAction\":[{\"@type\":\"ReadAction\",\"target\":[\"https:\/\/web.umons.ac.be\/fpms\/fr\/offre-de-formation\/2eme-cycle-master\/ingenieur-civil-des-mines-et-geologue\/\"]}]},{\"@type\":\"BreadcrumbList\",\"@id\":\"https:\/\/web.umons.ac.be\/fpms\/fr\/offre-de-formation\/2eme-cycle-master\/ingenieur-civil-des-mines-et-geologue\/#breadcrumb\",\"itemListElement\":[{\"@type\":\"ListItem\",\"position\":1,\"name\":\"Accueil\",\"item\":\"https:\/\/web.umons.ac.be\/fpms\/fr\/\"},{\"@type\":\"ListItem\",\"position\":2,\"name\":\"L&rsquo;offre de formation\",\"item\":\"https:\/\/web.umons.ac.be\/fpms\/fr\/offre-de-formation\/\"},{\"@type\":\"ListItem\",\"position\":3,\"name\":\"2\u00e8me cycle : Master\",\"item\":\"https:\/\/web.umons.ac.be\/fpms\/fr\/offre-de-formation\/2eme-cycle-master\/\"},{\"@type\":\"ListItem\",\"position\":4,\"name\":\"Ing\u00e9nieur civil des mines et g\u00e9ologue\"}]},{\"@type\":\"WebSite\",\"@id\":\"https:\/\/web.umons.ac.be\/fpms\/#website\",\"url\":\"https:\/\/web.umons.ac.be\/fpms\/\",\"name\":\"Facult\u00e9 \/ FPMS\",\"description\":\"Un site utilisant Universit\u00e9 de Mons \u2013 UMONS\",\"potentialAction\":[{\"@type\":\"SearchAction\",\"target\":{\"@type\":\"EntryPoint\",\"urlTemplate\":\"https:\/\/web.umons.ac.be\/fpms\/?s={search_term_string}\"},\"query-input\":{\"@type\":\"PropertyValueSpecification\",\"valueRequired\":true,\"valueName\":\"search_term_string\"}}],\"inLanguage\":\"fr-FR\"}]}<\/script>\n<!-- \/ Yoast SEO plugin. -->","yoast_head_json":{"title":"Ing\u00e9nieur civil des mines et g\u00e9ologue - Facult\u00e9 \/ FPMS","robots":{"index":"index","follow":"follow","max-snippet":"max-snippet:-1","max-image-preview":"max-image-preview:large","max-video-preview":"max-video-preview:-1"},"canonical":"https:\/\/web.umons.ac.be\/fpms\/fr\/offre-de-formation\/2eme-cycle-master\/ingenieur-civil-des-mines-et-geologue\/","og_locale":"fr_FR","og_type":"article","og_title":"Ing\u00e9nieur civil des mines et g\u00e9ologue - Facult\u00e9 \/ FPMS","og_description":"Imaginer, concevoir, r\u00e9aliser et mettre en oeuvre des sites et installations d\u2019exploitation efficaces des ressources min\u00e9rales et \u00e9nerg\u00e9tiques, tout en prenant en compte les aspects d\u2019environnement et de d\u00e9veloppement durable\u00a0L\u2019ing\u00e9nieur des mines et g\u00e9ologue est un acteur principal dans la prospection et l\u2019\u00e9valuation des gisements, l\u2019extraction des minerais et des hydrocarbures et la valorisation des [&hellip;]","og_url":"https:\/\/web.umons.ac.be\/fpms\/fr\/offre-de-formation\/2eme-cycle-master\/ingenieur-civil-des-mines-et-geologue\/","og_site_name":"Facult\u00e9 \/ FPMS","article_modified_time":"2018-01-18T09:37:21+00:00","twitter_card":"summary_large_image","twitter_misc":{"Dur\u00e9e de lecture estim\u00e9e":"1 minute"},"schema":{"@context":"https:\/\/schema.org","@graph":[{"@type":"WebPage","@id":"https:\/\/web.umons.ac.be\/fpms\/fr\/offre-de-formation\/2eme-cycle-master\/ingenieur-civil-des-mines-et-geologue\/","url":"https:\/\/web.umons.ac.be\/fpms\/fr\/offre-de-formation\/2eme-cycle-master\/ingenieur-civil-des-mines-et-geologue\/","name":"Ing\u00e9nieur civil des mines et g\u00e9ologue - Facult\u00e9 \/ FPMS","isPartOf":{"@id":"https:\/\/web.umons.ac.be\/fpms\/#website"},"datePublished":"2017-10-09T13:50:59+00:00","dateModified":"2018-01-18T09:37:21+00:00","breadcrumb":{"@id":"https:\/\/web.umons.ac.be\/fpms\/fr\/offre-de-formation\/2eme-cycle-master\/ingenieur-civil-des-mines-et-geologue\/#breadcrumb"},"inLanguage":"fr-FR","potentialAction":[{"@type":"ReadAction","target":["https:\/\/web.umons.ac.be\/fpms\/fr\/offre-de-formation\/2eme-cycle-master\/ingenieur-civil-des-mines-et-geologue\/"]}]},{"@type":"BreadcrumbList","@id":"https:\/\/web.umons.ac.be\/fpms\/fr\/offre-de-formation\/2eme-cycle-master\/ingenieur-civil-des-mines-et-geologue\/#breadcrumb","itemListElement":[{"@type":"ListItem","position":1,"name":"Accueil","item":"https:\/\/web.umons.ac.be\/fpms\/fr\/"},{"@type":"ListItem","position":2,"name":"L&rsquo;offre de formation","item":"https:\/\/web.umons.ac.be\/fpms\/fr\/offre-de-formation\/"},{"@type":"ListItem","position":3,"name":"2\u00e8me cycle : Master","item":"https:\/\/web.umons.ac.be\/fpms\/fr\/offre-de-formation\/2eme-cycle-master\/"},{"@type":"ListItem","position":4,"name":"Ing\u00e9nieur civil des mines et g\u00e9ologue"}]},{"@type":"WebSite","@id":"https:\/\/web.umons.ac.be\/fpms\/#website","url":"https:\/\/web.umons.ac.be\/fpms\/","name":"Facult\u00e9 \/ FPMS","description":"Un site utilisant Universit\u00e9 de Mons \u2013 UMONS","potentialAction":[{"@type":"SearchAction","target":{"@type":"EntryPoint","urlTemplate":"https:\/\/web.umons.ac.be\/fpms\/?s={search_term_string}"},"query-input":{"@type":"PropertyValueSpecification","valueRequired":true,"valueName":"search_term_string"}}],"inLanguage":"fr-FR"}]}},"lang":"fr","translations":{"fr":383,"en":576},"pll_sync_post":[],"_links":{"self":[{"href":"https:\/\/web.umons.ac.be\/fpms\/wp-json\/wp\/v2\/pages\/383","targetHints":{"allow":["GET"]}}],"collection":[{"href":"https:\/\/web.umons.ac.be\/fpms\/wp-json\/wp\/v2\/pages"}],"about":[{"href":"https:\/\/web.umons.ac.be\/fpms\/wp-json\/wp\/v2\/types\/page"}],"author":[{"embeddable":true,"href":"https:\/\/web.umons.ac.be\/fpms\/wp-json\/wp\/v2\/users\/2"}],"replies":[{"embeddable":true,"href":"https:\/\/web.umons.ac.be\/fpms\/wp-json\/wp\/v2\/comments?post=383"}],"version-history":[{"count":5,"href":"https:\/\/web.umons.ac.be\/fpms\/wp-json\/wp\/v2\/pages\/383\/revisions"}],"predecessor-version":[{"id":765,"href":"https:\/\/web.umons.ac.be\/fpms\/wp-json\/wp\/v2\/pages\/383\/revisions\/765"}],"up":[{"embeddable":true,"href":"https:\/\/web.umons.ac.be\/fpms\/wp-json\/wp\/v2\/pages\/111"}],"wp:attachment":[{"href":"https:\/\/web.umons.ac.be\/fpms\/wp-json\/wp\/v2\/media?parent=383"}],"curies":[{"name":"wp","href":"https:\/\/api.w.org\/{rel}","templated":true}]}}