{"id":546,"date":"2018-01-16T14:48:34","date_gmt":"2018-01-16T13:48:34","guid":{"rendered":"https:\/\/web.umons.ac.be\/fpms\/?page_id=546"},"modified":"2018-01-16T14:48:34","modified_gmt":"2018-01-16T13:48:34","slug":"1er-cycle-bachelier","status":"publish","type":"page","link":"https:\/\/web.umons.ac.be\/fpms\/en\/loffre-de-formation\/1er-cycle-bachelier\/","title":{"rendered":"1st Cycle: Bachelor"},"content":{"rendered":"<p>The years studying for a <strong>Bachelor<\/strong>\u2019s degree are fundamental to scientific training. They aim to provide basic training in order to learn how to reason objectively, as well as learn how to summarise, assimilate basic knowledge in various scientific disciplines, and know how to use mathematical and computational tools. Passing the first cycle results in obtaining a Bachelor\u2019s degree in <strong>Engineering<\/strong> or <strong>Architectural Engineering<\/strong>. The two courses are similar, but architecture students immediately receive lessons integrating aesthetic approaches to make them aware of the art of building. Students are encouraged to pursue a Master\u2019s degree in the same discipline.<\/p>\n<blockquote><p>Le Bachelier, une acquisition progressive de savoirs et de comp\u00e9tences dans un contexte p\u00e9dagogique privil\u00e9gi\u00e9<\/p><\/blockquote>\n<p>&nbsp;<\/p>\n<p>&nbsp;<\/p>\n","protected":false},"excerpt":{"rendered":"<p>The years studying for a Bachelor\u2019s degree are fundamental to scientific training. They aim to provide basic training in order to learn how to reason objectively, as well as learn how to summarise, assimilate basic knowledge in various scientific disciplines, and know how to use mathematical and computational tools. Passing the first cycle results in [&hellip;]<\/p>\n","protected":false},"author":3,"featured_media":0,"parent":543,"menu_order":1,"comment_status":"closed","ping_status":"closed","template":"","meta":{"footnotes":""},"class_list":["post-546","page","type-page","status-publish","hentry"],"yoast_head":"<!-- This site is optimized with the Yoast SEO plugin v27.2 - https:\/\/yoast.com\/product\/yoast-seo-wordpress\/ -->\n<title>1st Cycle: Bachelor - Facult\u00e9 \/ FPMS<\/title>\n<meta name=\"robots\" content=\"index, follow, max-snippet:-1, max-image-preview:large, max-video-preview:-1\" \/>\n<link rel=\"canonical\" href=\"https:\/\/web.umons.ac.be\/fpms\/en\/loffre-de-formation\/1er-cycle-bachelier\/\" \/>\n<meta property=\"og:locale\" content=\"fr_FR\" \/>\n<meta property=\"og:type\" content=\"article\" \/>\n<meta property=\"og:title\" content=\"1st Cycle: Bachelor - Facult\u00e9 \/ FPMS\" \/>\n<meta property=\"og:description\" content=\"The years studying for a Bachelor\u2019s degree are fundamental to scientific training. They aim to provide basic training in order to learn how to reason objectively, as well as learn how to summarise, assimilate basic knowledge in various scientific disciplines, and know how to use mathematical and computational tools. Passing the first cycle results in [&hellip;]\" \/>\n<meta property=\"og:url\" content=\"https:\/\/web.umons.ac.be\/fpms\/en\/loffre-de-formation\/1er-cycle-bachelier\/\" \/>\n<meta property=\"og:site_name\" content=\"Facult\u00e9 \/ FPMS\" \/>\n<meta name=\"twitter:card\" content=\"summary_large_image\" \/>\n<meta name=\"twitter:label1\" content=\"Dur\u00e9e de lecture estim\u00e9e\" \/>\n\t<meta name=\"twitter:data1\" content=\"1 minute\" \/>\n<script type=\"application\/ld+json\" class=\"yoast-schema-graph\">{\"@context\":\"https:\/\/schema.org\",\"@graph\":[{\"@type\":\"WebPage\",\"@id\":\"https:\/\/web.umons.ac.be\/fpms\/en\/loffre-de-formation\/1er-cycle-bachelier\/\",\"url\":\"https:\/\/web.umons.ac.be\/fpms\/en\/loffre-de-formation\/1er-cycle-bachelier\/\",\"name\":\"1st Cycle: Bachelor - Facult\u00e9 \/ FPMS\",\"isPartOf\":{\"@id\":\"https:\/\/web.umons.ac.be\/fpms\/#website\"},\"datePublished\":\"2018-01-16T13:48:34+00:00\",\"breadcrumb\":{\"@id\":\"https:\/\/web.umons.ac.be\/fpms\/en\/loffre-de-formation\/1er-cycle-bachelier\/#breadcrumb\"},\"inLanguage\":\"fr-FR\",\"potentialAction\":[{\"@type\":\"ReadAction\",\"target\":[\"https:\/\/web.umons.ac.be\/fpms\/en\/loffre-de-formation\/1er-cycle-bachelier\/\"]}]},{\"@type\":\"BreadcrumbList\",\"@id\":\"https:\/\/web.umons.ac.be\/fpms\/en\/loffre-de-formation\/1er-cycle-bachelier\/#breadcrumb\",\"itemListElement\":[{\"@type\":\"ListItem\",\"position\":1,\"name\":\"Accueil\",\"item\":\"https:\/\/web.umons.ac.be\/fpms\/fr\/\"},{\"@type\":\"ListItem\",\"position\":2,\"name\":\"Training offer\",\"item\":\"https:\/\/web.umons.ac.be\/fpms\/en\/loffre-de-formation\/\"},{\"@type\":\"ListItem\",\"position\":3,\"name\":\"1st Cycle: Bachelor\"}]},{\"@type\":\"WebSite\",\"@id\":\"https:\/\/web.umons.ac.be\/fpms\/#website\",\"url\":\"https:\/\/web.umons.ac.be\/fpms\/\",\"name\":\"Facult\u00e9 \/ FPMS\",\"description\":\"Un site utilisant Universit\u00e9 de Mons \u2013 UMONS\",\"potentialAction\":[{\"@type\":\"SearchAction\",\"target\":{\"@type\":\"EntryPoint\",\"urlTemplate\":\"https:\/\/web.umons.ac.be\/fpms\/?s={search_term_string}\"},\"query-input\":{\"@type\":\"PropertyValueSpecification\",\"valueRequired\":true,\"valueName\":\"search_term_string\"}}],\"inLanguage\":\"fr-FR\"}]}<\/script>\n<!-- \/ Yoast SEO plugin. -->","yoast_head_json":{"title":"1st Cycle: Bachelor - Facult\u00e9 \/ FPMS","robots":{"index":"index","follow":"follow","max-snippet":"max-snippet:-1","max-image-preview":"max-image-preview:large","max-video-preview":"max-video-preview:-1"},"canonical":"https:\/\/web.umons.ac.be\/fpms\/en\/loffre-de-formation\/1er-cycle-bachelier\/","og_locale":"fr_FR","og_type":"article","og_title":"1st Cycle: Bachelor - Facult\u00e9 \/ FPMS","og_description":"The years studying for a Bachelor\u2019s degree are fundamental to scientific training. They aim to provide basic training in order to learn how to reason objectively, as well as learn how to summarise, assimilate basic knowledge in various scientific disciplines, and know how to use mathematical and computational tools. Passing the first cycle results in [&hellip;]","og_url":"https:\/\/web.umons.ac.be\/fpms\/en\/loffre-de-formation\/1er-cycle-bachelier\/","og_site_name":"Facult\u00e9 \/ FPMS","twitter_card":"summary_large_image","twitter_misc":{"Dur\u00e9e de lecture estim\u00e9e":"1 minute"},"schema":{"@context":"https:\/\/schema.org","@graph":[{"@type":"WebPage","@id":"https:\/\/web.umons.ac.be\/fpms\/en\/loffre-de-formation\/1er-cycle-bachelier\/","url":"https:\/\/web.umons.ac.be\/fpms\/en\/loffre-de-formation\/1er-cycle-bachelier\/","name":"1st Cycle: Bachelor - Facult\u00e9 \/ FPMS","isPartOf":{"@id":"https:\/\/web.umons.ac.be\/fpms\/#website"},"datePublished":"2018-01-16T13:48:34+00:00","breadcrumb":{"@id":"https:\/\/web.umons.ac.be\/fpms\/en\/loffre-de-formation\/1er-cycle-bachelier\/#breadcrumb"},"inLanguage":"fr-FR","potentialAction":[{"@type":"ReadAction","target":["https:\/\/web.umons.ac.be\/fpms\/en\/loffre-de-formation\/1er-cycle-bachelier\/"]}]},{"@type":"BreadcrumbList","@id":"https:\/\/web.umons.ac.be\/fpms\/en\/loffre-de-formation\/1er-cycle-bachelier\/#breadcrumb","itemListElement":[{"@type":"ListItem","position":1,"name":"Accueil","item":"https:\/\/web.umons.ac.be\/fpms\/fr\/"},{"@type":"ListItem","position":2,"name":"Training offer","item":"https:\/\/web.umons.ac.be\/fpms\/en\/loffre-de-formation\/"},{"@type":"ListItem","position":3,"name":"1st Cycle: Bachelor"}]},{"@type":"WebSite","@id":"https:\/\/web.umons.ac.be\/fpms\/#website","url":"https:\/\/web.umons.ac.be\/fpms\/","name":"Facult\u00e9 \/ FPMS","description":"Un site utilisant Universit\u00e9 de Mons \u2013 UMONS","potentialAction":[{"@type":"SearchAction","target":{"@type":"EntryPoint","urlTemplate":"https:\/\/web.umons.ac.be\/fpms\/?s={search_term_string}"},"query-input":{"@type":"PropertyValueSpecification","valueRequired":true,"valueName":"search_term_string"}}],"inLanguage":"fr-FR"}]}},"lang":"en","translations":{"en":546,"fr":104},"pll_sync_post":[],"_links":{"self":[{"href":"https:\/\/web.umons.ac.be\/fpms\/wp-json\/wp\/v2\/pages\/546","targetHints":{"allow":["GET"]}}],"collection":[{"href":"https:\/\/web.umons.ac.be\/fpms\/wp-json\/wp\/v2\/pages"}],"about":[{"href":"https:\/\/web.umons.ac.be\/fpms\/wp-json\/wp\/v2\/types\/page"}],"author":[{"embeddable":true,"href":"https:\/\/web.umons.ac.be\/fpms\/wp-json\/wp\/v2\/users\/3"}],"replies":[{"embeddable":true,"href":"https:\/\/web.umons.ac.be\/fpms\/wp-json\/wp\/v2\/comments?post=546"}],"version-history":[{"count":2,"href":"https:\/\/web.umons.ac.be\/fpms\/wp-json\/wp\/v2\/pages\/546\/revisions"}],"predecessor-version":[{"id":548,"href":"https:\/\/web.umons.ac.be\/fpms\/wp-json\/wp\/v2\/pages\/546\/revisions\/548"}],"up":[{"embeddable":true,"href":"https:\/\/web.umons.ac.be\/fpms\/wp-json\/wp\/v2\/pages\/543"}],"wp:attachment":[{"href":"https:\/\/web.umons.ac.be\/fpms\/wp-json\/wp\/v2\/media?parent=546"}],"curies":[{"name":"wp","href":"https:\/\/api.w.org\/{rel}","templated":true}]}}