{"id":552,"date":"2018-01-16T15:05:23","date_gmt":"2018-01-16T14:05:23","guid":{"rendered":"https:\/\/web.umons.ac.be\/fpms\/?page_id=552"},"modified":"2018-02-07T11:57:01","modified_gmt":"2018-02-07T10:57:01","slug":"ingenieur-civil-architecte","status":"publish","type":"page","link":"https:\/\/web.umons.ac.be\/fpms\/en\/etudes\/examen-dadmission\/ingenieur-civil-architecte\/","title":{"rendered":"Architectural Engineering"},"content":{"rendered":"<p>Architectural engineers have the ability to understand all the architectural, technical economic and human components of an architectural project. As project managers, they are able to integrate these components.<br \/>\nTheir specific expertise in architectural and engineering sciences allows them to evolve in all economic and administrative sectors linked to architecture, construction and regional planning. Graduates have a wide range of career choices available to them, including becoming self-employed architects. They can also work in a design office, architectural firm, engineering consultancy, acoustics office, control office, special techniques office, research centre, or with urban planning authorities, all of which is advantageous to an architect\u2019s training.<\/p>\n<start-cask-shortcode-wrapper><article class=\"shortcode-training training-small content-block scheme-fpms\">\n\t<a href=\"https:\/\/web.umons.ac.be\/fpms\/en\/training-offer\/m2-irarfs\/\" class=\"training-link scheme-border-hover\">\n\t\t<header class=\"training-small-header\">\n\t\t\t<div class=\"training-small-entity scheme-color\">\n\t\t\t\tFacult\u00e9 \/ FPMS\t\t\t\t\t           \t<img decoding=\"async\" src=\"https:\/\/web.umons.ac.be\/app\/uploads\/sites\/6\/2017\/05\/POLYTECH.png\" class=\"training-small-entity-logo\" alt=\"Ic\u00f4ne de Facult\u00e9 \/ FPMS\">\n\t        \t\t\t\t<\/div>\n\t\t\t<div class=\"training-small-degree\">\n\t\t\t\tMaster en\t\t\t<\/div>\n\n\t\t\t<h1 class=\"training-small-title\">Architectural Engineering<\/h1>\n\n\t\t\t\t\t\t<div class=\"training-small-subtitle\">\n\t\t\t\t<strong>Finalit\u00e9 sp\u00e9cialis\u00e9e<\/strong>\n\t\t\t<\/div>\n\t\t\t\t\t<\/header>\n\t\t\t\t<div class=\"training-small-content\">\n\t\t\t<div class=\"training-small-location\">\n\t\t\t\t<span class=\"icon umons-icon-pin\" aria-hidden=\"true\"><\/span>\n\t\t\t\t<span class=\"location\">Mons<\/span>\n\t\t\t<\/div>\n\n\t\t\t\t\t\t<div class=\"training-small-side-info\">\n\t\t\t\t<ul class=\"training-small-side-info-list\">\n\t\t\t\t\t\t\t\t\t\t<li>\n\t\t\t\t\t\t<div class=\"training-single-schedule\">\n\t\t\t\t\t\t\t<div class=\"label\">Horaire<\/div>\n\t\t\t\t\t\t\t<div class=\"value\">Horaire de jour<\/div>\n\t\t\t\t\t\t<\/div>\n\t\t\t\t\t<\/li>\n\t\t\t\t\t\t\t\t\t\t\t\t\t\t\t<li>\n\t\t\t\t\t\t<div class=\"training-single-credits\">\n\t\t\t\t\t\t\t<div class=\"label\">Cr\u00e9dits ECTS<\/div>\n\t\t\t\t\t\t\t<div class=\"value\">120<\/div>\n\t\t\t\t\t\t<\/div>\n\t\t\t\t\t<\/li>\n\t\t\t\t\t\t\t\t\t\t\t\t\t\t\t<li>\n\t\t\t\t\t\t<div class=\"training-single-languages\">\n\t\t\t\t\t\t\t<div class=\"label\">Langue<\/div>\n\t\t\t\t\t\t\t<div class=\"value\">\n\t\t\t\t\t\t\t\t<span class=\"lang\">Fran\u00e7ais<\/span>\n\t\t\t\t\t\t\t<\/div>\n\t\t\t\t\t\t<\/div>\n\t\t\t\t\t<\/li>\n\t\t\t\t\t\t\t\t\t<\/ul>\n\t\t\t<\/div>\n\t\t\t\t\t<\/div>\n\t\t\t<\/a>\n<\/article>\n<end-cask-shortcode-wrapper>\n","protected":false},"excerpt":{"rendered":"<p>Architectural engineers have the ability to understand all the architectural, technical economic and human components of an architectural project. As project managers, they are able to integrate these components. Their specific expertise in architectural and engineering sciences allows them to evolve in all economic and administrative sectors linked to architecture, construction and regional planning. Graduates [&hellip;]<\/p>\n","protected":false},"author":3,"featured_media":0,"parent":593,"menu_order":1,"comment_status":"closed","ping_status":"closed","template":"","meta":{"footnotes":""},"class_list":["post-552","page","type-page","status-publish","hentry"],"yoast_head":"<!-- This site is optimized with the Yoast SEO plugin v27.2 - https:\/\/yoast.com\/product\/yoast-seo-wordpress\/ -->\n<title>Architectural Engineering - Facult\u00e9 \/ FPMS<\/title>\n<meta name=\"robots\" content=\"index, follow, max-snippet:-1, max-image-preview:large, max-video-preview:-1\" \/>\n<link rel=\"canonical\" href=\"https:\/\/web.umons.ac.be\/fpms\/en\/etudes\/examen-dadmission\/ingenieur-civil-architecte\/\" \/>\n<meta property=\"og:locale\" content=\"fr_FR\" \/>\n<meta property=\"og:type\" content=\"article\" \/>\n<meta property=\"og:title\" content=\"Architectural Engineering - Facult\u00e9 \/ FPMS\" \/>\n<meta property=\"og:description\" content=\"Architectural engineers have the ability to understand all the architectural, technical economic and human components of an architectural project. As project managers, they are able to integrate these components. Their specific expertise in architectural and engineering sciences allows them to evolve in all economic and administrative sectors linked to architecture, construction and regional planning. Graduates [&hellip;]\" \/>\n<meta property=\"og:url\" content=\"https:\/\/web.umons.ac.be\/fpms\/en\/etudes\/examen-dadmission\/ingenieur-civil-architecte\/\" \/>\n<meta property=\"og:site_name\" content=\"Facult\u00e9 \/ FPMS\" \/>\n<meta property=\"article:modified_time\" content=\"2018-02-07T10:57:01+00:00\" \/>\n<meta name=\"twitter:card\" content=\"summary_large_image\" \/>\n<meta name=\"twitter:label1\" content=\"Dur\u00e9e de lecture estim\u00e9e\" \/>\n\t<meta name=\"twitter:data1\" content=\"1 minute\" \/>\n<script type=\"application\/ld+json\" class=\"yoast-schema-graph\">{\"@context\":\"https:\/\/schema.org\",\"@graph\":[{\"@type\":\"WebPage\",\"@id\":\"https:\/\/web.umons.ac.be\/fpms\/en\/etudes\/examen-dadmission\/ingenieur-civil-architecte\/\",\"url\":\"https:\/\/web.umons.ac.be\/fpms\/en\/etudes\/examen-dadmission\/ingenieur-civil-architecte\/\",\"name\":\"Architectural Engineering - Facult\u00e9 \/ FPMS\",\"isPartOf\":{\"@id\":\"https:\/\/web.umons.ac.be\/fpms\/#website\"},\"datePublished\":\"2018-01-16T14:05:23+00:00\",\"dateModified\":\"2018-02-07T10:57:01+00:00\",\"breadcrumb\":{\"@id\":\"https:\/\/web.umons.ac.be\/fpms\/en\/etudes\/examen-dadmission\/ingenieur-civil-architecte\/#breadcrumb\"},\"inLanguage\":\"fr-FR\",\"potentialAction\":[{\"@type\":\"ReadAction\",\"target\":[\"https:\/\/web.umons.ac.be\/fpms\/en\/etudes\/examen-dadmission\/ingenieur-civil-architecte\/\"]}]},{\"@type\":\"BreadcrumbList\",\"@id\":\"https:\/\/web.umons.ac.be\/fpms\/en\/etudes\/examen-dadmission\/ingenieur-civil-architecte\/#breadcrumb\",\"itemListElement\":[{\"@type\":\"ListItem\",\"position\":1,\"name\":\"Accueil\",\"item\":\"https:\/\/web.umons.ac.be\/fpms\/fr\/\"},{\"@type\":\"ListItem\",\"position\":2,\"name\":\"Studies\",\"item\":\"https:\/\/web.umons.ac.be\/fpms\/en\/etudes\/\"},{\"@type\":\"ListItem\",\"position\":3,\"name\":\"Admission Exam\",\"item\":\"https:\/\/web.umons.ac.be\/fpms\/en\/etudes\/examen-dadmission\/\"},{\"@type\":\"ListItem\",\"position\":4,\"name\":\"Architectural Engineering\"}]},{\"@type\":\"WebSite\",\"@id\":\"https:\/\/web.umons.ac.be\/fpms\/#website\",\"url\":\"https:\/\/web.umons.ac.be\/fpms\/\",\"name\":\"Facult\u00e9 \/ FPMS\",\"description\":\"Un site utilisant Universit\u00e9 de Mons \u2013 UMONS\",\"potentialAction\":[{\"@type\":\"SearchAction\",\"target\":{\"@type\":\"EntryPoint\",\"urlTemplate\":\"https:\/\/web.umons.ac.be\/fpms\/?s={search_term_string}\"},\"query-input\":{\"@type\":\"PropertyValueSpecification\",\"valueRequired\":true,\"valueName\":\"search_term_string\"}}],\"inLanguage\":\"fr-FR\"}]}<\/script>\n<!-- \/ Yoast SEO plugin. -->","yoast_head_json":{"title":"Architectural Engineering - Facult\u00e9 \/ FPMS","robots":{"index":"index","follow":"follow","max-snippet":"max-snippet:-1","max-image-preview":"max-image-preview:large","max-video-preview":"max-video-preview:-1"},"canonical":"https:\/\/web.umons.ac.be\/fpms\/en\/etudes\/examen-dadmission\/ingenieur-civil-architecte\/","og_locale":"fr_FR","og_type":"article","og_title":"Architectural Engineering - Facult\u00e9 \/ FPMS","og_description":"Architectural engineers have the ability to understand all the architectural, technical economic and human components of an architectural project. As project managers, they are able to integrate these components. Their specific expertise in architectural and engineering sciences allows them to evolve in all economic and administrative sectors linked to architecture, construction and regional planning. Graduates [&hellip;]","og_url":"https:\/\/web.umons.ac.be\/fpms\/en\/etudes\/examen-dadmission\/ingenieur-civil-architecte\/","og_site_name":"Facult\u00e9 \/ FPMS","article_modified_time":"2018-02-07T10:57:01+00:00","twitter_card":"summary_large_image","twitter_misc":{"Dur\u00e9e de lecture estim\u00e9e":"1 minute"},"schema":{"@context":"https:\/\/schema.org","@graph":[{"@type":"WebPage","@id":"https:\/\/web.umons.ac.be\/fpms\/en\/etudes\/examen-dadmission\/ingenieur-civil-architecte\/","url":"https:\/\/web.umons.ac.be\/fpms\/en\/etudes\/examen-dadmission\/ingenieur-civil-architecte\/","name":"Architectural Engineering - Facult\u00e9 \/ FPMS","isPartOf":{"@id":"https:\/\/web.umons.ac.be\/fpms\/#website"},"datePublished":"2018-01-16T14:05:23+00:00","dateModified":"2018-02-07T10:57:01+00:00","breadcrumb":{"@id":"https:\/\/web.umons.ac.be\/fpms\/en\/etudes\/examen-dadmission\/ingenieur-civil-architecte\/#breadcrumb"},"inLanguage":"fr-FR","potentialAction":[{"@type":"ReadAction","target":["https:\/\/web.umons.ac.be\/fpms\/en\/etudes\/examen-dadmission\/ingenieur-civil-architecte\/"]}]},{"@type":"BreadcrumbList","@id":"https:\/\/web.umons.ac.be\/fpms\/en\/etudes\/examen-dadmission\/ingenieur-civil-architecte\/#breadcrumb","itemListElement":[{"@type":"ListItem","position":1,"name":"Accueil","item":"https:\/\/web.umons.ac.be\/fpms\/fr\/"},{"@type":"ListItem","position":2,"name":"Studies","item":"https:\/\/web.umons.ac.be\/fpms\/en\/etudes\/"},{"@type":"ListItem","position":3,"name":"Admission Exam","item":"https:\/\/web.umons.ac.be\/fpms\/en\/etudes\/examen-dadmission\/"},{"@type":"ListItem","position":4,"name":"Architectural Engineering"}]},{"@type":"WebSite","@id":"https:\/\/web.umons.ac.be\/fpms\/#website","url":"https:\/\/web.umons.ac.be\/fpms\/","name":"Facult\u00e9 \/ FPMS","description":"Un site utilisant Universit\u00e9 de Mons \u2013 UMONS","potentialAction":[{"@type":"SearchAction","target":{"@type":"EntryPoint","urlTemplate":"https:\/\/web.umons.ac.be\/fpms\/?s={search_term_string}"},"query-input":{"@type":"PropertyValueSpecification","valueRequired":true,"valueName":"search_term_string"}}],"inLanguage":"fr-FR"}]}},"lang":"en","translations":{"en":552,"fr":362},"pll_sync_post":[],"_links":{"self":[{"href":"https:\/\/web.umons.ac.be\/fpms\/wp-json\/wp\/v2\/pages\/552","targetHints":{"allow":["GET"]}}],"collection":[{"href":"https:\/\/web.umons.ac.be\/fpms\/wp-json\/wp\/v2\/pages"}],"about":[{"href":"https:\/\/web.umons.ac.be\/fpms\/wp-json\/wp\/v2\/types\/page"}],"author":[{"embeddable":true,"href":"https:\/\/web.umons.ac.be\/fpms\/wp-json\/wp\/v2\/users\/3"}],"replies":[{"embeddable":true,"href":"https:\/\/web.umons.ac.be\/fpms\/wp-json\/wp\/v2\/comments?post=552"}],"version-history":[{"count":3,"href":"https:\/\/web.umons.ac.be\/fpms\/wp-json\/wp\/v2\/pages\/552\/revisions"}],"predecessor-version":[{"id":869,"href":"https:\/\/web.umons.ac.be\/fpms\/wp-json\/wp\/v2\/pages\/552\/revisions\/869"}],"up":[{"embeddable":true,"href":"https:\/\/web.umons.ac.be\/fpms\/wp-json\/wp\/v2\/pages\/593"}],"wp:attachment":[{"href":"https:\/\/web.umons.ac.be\/fpms\/wp-json\/wp\/v2\/media?parent=552"}],"curies":[{"name":"wp","href":"https:\/\/api.w.org\/{rel}","templated":true}]}}