{"id":555,"date":"2018-01-16T15:09:50","date_gmt":"2018-01-16T14:09:50","guid":{"rendered":"https:\/\/web.umons.ac.be\/fpms\/?page_id=555"},"modified":"2023-02-27T09:35:51","modified_gmt":"2023-02-27T08:35:51","slug":"ingenieur-civil-chimie-science-materiaux","status":"publish","type":"page","link":"https:\/\/web.umons.ac.be\/fpms\/en\/etudes\/examen-dadmission\/ingenieur-civil-chimie-science-materiaux\/","title":{"rendered":"Chemical Engineering and Materials Science"},"content":{"rendered":"<p>The main challenge faced by engineers in chemical engineering and materials science is understanding how industry works and ensuring its evolution to better meet societal and environmental needs, in both an ethical way and in an international context. These engineers must specialise in their subject in the broadest sense of the term, by mastering physical, chemical and mechanical transformations, as well as associated energy exchanges, and understanding and implementing phenomena. Students use their newly acquired skills to develop new products and processes, and to adapt existing processes. They will have to address challenges sustainably and securely, promote circular economy,\u00a0 consider the product\u2019s lifecycle in the design stage, and reduce environmental impacts and energy footprint.<br \/>\nThrough Research &amp; Development, and thanks to their newly acquired skills, students will be able to take responsibility for all stages of production, from the design to the marketing, including engineering, quality control, safety and environmental management and the operation of manufacturing units.<\/p>\n<start-cask-shortcode-wrapper><article class=\"shortcode-training training-small content-block scheme-fpms\">\n\t<a href=\"https:\/\/web.umons.ac.be\/fpms\/en\/training-offer\/m2-irchfs\/\" class=\"training-link scheme-border-hover\">\n\t\t<header class=\"training-small-header\">\n\t\t\t<div class=\"training-small-entity scheme-color\">\n\t\t\t\tFacult\u00e9 \/ FPMS\t\t\t\t\t           \t<img decoding=\"async\" src=\"https:\/\/web.umons.ac.be\/app\/uploads\/sites\/6\/2017\/05\/POLYTECH.png\" class=\"training-small-entity-logo\" alt=\"Ic\u00f4ne de Facult\u00e9 \/ FPMS\">\n\t        \t\t\t\t<\/div>\n\t\t\t<div class=\"training-small-degree\">\n\t\t\t\tMaster en\t\t\t<\/div>\n\n\t\t\t<h1 class=\"training-small-title\">Chemical Engineering and Materials Science<\/h1>\n\n\t\t\t\t\t\t<div class=\"training-small-subtitle\">\n\t\t\t\t<strong>Finalit\u00e9 sp\u00e9cialis\u00e9e<\/strong>\n\t\t\t<\/div>\n\t\t\t\t\t<\/header>\n\t\t\t\t<div class=\"training-small-content\">\n\t\t\t<div class=\"training-small-location\">\n\t\t\t\t<span class=\"icon umons-icon-pin\" aria-hidden=\"true\"><\/span>\n\t\t\t\t<span class=\"location\">Mons<\/span>\n\t\t\t<\/div>\n\n\t\t\t\t\t\t<div class=\"training-small-side-info\">\n\t\t\t\t<ul class=\"training-small-side-info-list\">\n\t\t\t\t\t\t\t\t\t\t<li>\n\t\t\t\t\t\t<div class=\"training-single-schedule\">\n\t\t\t\t\t\t\t<div class=\"label\">Horaire<\/div>\n\t\t\t\t\t\t\t<div class=\"value\">Horaire de jour<\/div>\n\t\t\t\t\t\t<\/div>\n\t\t\t\t\t<\/li>\n\t\t\t\t\t\t\t\t\t\t\t\t\t\t\t<li>\n\t\t\t\t\t\t<div class=\"training-single-credits\">\n\t\t\t\t\t\t\t<div class=\"label\">Cr\u00e9dits ECTS<\/div>\n\t\t\t\t\t\t\t<div class=\"value\">120<\/div>\n\t\t\t\t\t\t<\/div>\n\t\t\t\t\t<\/li>\n\t\t\t\t\t\t\t\t\t\t\t\t\t\t\t<li>\n\t\t\t\t\t\t<div class=\"training-single-languages\">\n\t\t\t\t\t\t\t<div class=\"label\">Langue<\/div>\n\t\t\t\t\t\t\t<div class=\"value\">\n\t\t\t\t\t\t\t\t<span class=\"lang\">Fran\u00e7ais<\/span>\n\t\t\t\t\t\t\t<\/div>\n\t\t\t\t\t\t<\/div>\n\t\t\t\t\t<\/li>\n\t\t\t\t\t\t\t\t\t<\/ul>\n\t\t\t<\/div>\n\t\t\t\t\t<\/div>\n\t\t\t<\/a>\n<\/article>\n<end-cask-shortcode-wrapper>\n<hr \/>\n<p><em><strong>Link to the programme of the Masters courses maintained on a transitional basis :<\/strong><\/em><\/p>\n<ul class=\"tabCursus\">\n<li><em><a class=\"cursus_link\" href=\"https:\/\/applications.umons.ac.be\/web\/en\/pde\/2023-2024\/cursus\/MST1_S223.htm\">Master&rsquo;s in Chemical Engineering ansd Materials Science: Specialist Focus on Processes, Energy and Environment (Mons)<\/a><\/em><\/li>\n<li><em><a class=\"cursus_link\" href=\"https:\/\/applications.umons.ac.be\/web\/en\/pde\/2023-2024\/cursus\/MST1_S224.htm\">Master&rsquo;s in Chemical Engineering ansd Materials Science: Specialist Focus on Materials Science and Engineering (Mons)<\/a><\/em><\/li>\n<\/ul>\n","protected":false},"excerpt":{"rendered":"<p>The main challenge faced by engineers in chemical engineering and materials science is understanding how industry works and ensuring its evolution to better meet societal and environmental needs, in both an ethical way and in an international context. These engineers must specialise in their subject in the broadest sense of the term, by mastering physical, [&hellip;]<\/p>\n","protected":false},"author":3,"featured_media":0,"parent":593,"menu_order":2,"comment_status":"closed","ping_status":"closed","template":"","meta":{"footnotes":""},"class_list":["post-555","page","type-page","status-publish","hentry"],"yoast_head":"<!-- This site is optimized with the Yoast SEO plugin v27.2 - https:\/\/yoast.com\/product\/yoast-seo-wordpress\/ -->\n<title>Chemical Engineering and Materials Science - Facult\u00e9 \/ FPMS<\/title>\n<meta name=\"robots\" content=\"index, follow, max-snippet:-1, max-image-preview:large, max-video-preview:-1\" \/>\n<link rel=\"canonical\" href=\"https:\/\/web.umons.ac.be\/fpms\/en\/etudes\/examen-dadmission\/ingenieur-civil-chimie-science-materiaux\/\" \/>\n<meta property=\"og:locale\" content=\"fr_FR\" \/>\n<meta property=\"og:type\" content=\"article\" \/>\n<meta property=\"og:title\" content=\"Chemical Engineering and Materials Science - Facult\u00e9 \/ FPMS\" \/>\n<meta property=\"og:description\" content=\"The main challenge faced by engineers in chemical engineering and materials science is understanding how industry works and ensuring its evolution to better meet societal and environmental needs, in both an ethical way and in an international context. These engineers must specialise in their subject in the broadest sense of the term, by mastering physical, [&hellip;]\" \/>\n<meta property=\"og:url\" content=\"https:\/\/web.umons.ac.be\/fpms\/en\/etudes\/examen-dadmission\/ingenieur-civil-chimie-science-materiaux\/\" \/>\n<meta property=\"og:site_name\" content=\"Facult\u00e9 \/ FPMS\" \/>\n<meta property=\"article:modified_time\" content=\"2023-02-27T08:35:51+00:00\" \/>\n<meta name=\"twitter:card\" content=\"summary_large_image\" \/>\n<meta name=\"twitter:label1\" content=\"Dur\u00e9e de lecture estim\u00e9e\" \/>\n\t<meta name=\"twitter:data1\" content=\"2 minutes\" \/>\n<script type=\"application\/ld+json\" class=\"yoast-schema-graph\">{\"@context\":\"https:\/\/schema.org\",\"@graph\":[{\"@type\":\"WebPage\",\"@id\":\"https:\/\/web.umons.ac.be\/fpms\/en\/etudes\/examen-dadmission\/ingenieur-civil-chimie-science-materiaux\/\",\"url\":\"https:\/\/web.umons.ac.be\/fpms\/en\/etudes\/examen-dadmission\/ingenieur-civil-chimie-science-materiaux\/\",\"name\":\"Chemical Engineering and Materials Science - Facult\u00e9 \/ FPMS\",\"isPartOf\":{\"@id\":\"https:\/\/web.umons.ac.be\/fpms\/#website\"},\"datePublished\":\"2018-01-16T14:09:50+00:00\",\"dateModified\":\"2023-02-27T08:35:51+00:00\",\"breadcrumb\":{\"@id\":\"https:\/\/web.umons.ac.be\/fpms\/en\/etudes\/examen-dadmission\/ingenieur-civil-chimie-science-materiaux\/#breadcrumb\"},\"inLanguage\":\"fr-FR\",\"potentialAction\":[{\"@type\":\"ReadAction\",\"target\":[\"https:\/\/web.umons.ac.be\/fpms\/en\/etudes\/examen-dadmission\/ingenieur-civil-chimie-science-materiaux\/\"]}]},{\"@type\":\"BreadcrumbList\",\"@id\":\"https:\/\/web.umons.ac.be\/fpms\/en\/etudes\/examen-dadmission\/ingenieur-civil-chimie-science-materiaux\/#breadcrumb\",\"itemListElement\":[{\"@type\":\"ListItem\",\"position\":1,\"name\":\"Accueil\",\"item\":\"https:\/\/web.umons.ac.be\/fpms\/fr\/\"},{\"@type\":\"ListItem\",\"position\":2,\"name\":\"Studies\",\"item\":\"https:\/\/web.umons.ac.be\/fpms\/en\/etudes\/\"},{\"@type\":\"ListItem\",\"position\":3,\"name\":\"Admission Exam\",\"item\":\"https:\/\/web.umons.ac.be\/fpms\/en\/etudes\/examen-dadmission\/\"},{\"@type\":\"ListItem\",\"position\":4,\"name\":\"Chemical Engineering and Materials Science\"}]},{\"@type\":\"WebSite\",\"@id\":\"https:\/\/web.umons.ac.be\/fpms\/#website\",\"url\":\"https:\/\/web.umons.ac.be\/fpms\/\",\"name\":\"Facult\u00e9 \/ FPMS\",\"description\":\"Un site utilisant Universit\u00e9 de Mons \u2013 UMONS\",\"potentialAction\":[{\"@type\":\"SearchAction\",\"target\":{\"@type\":\"EntryPoint\",\"urlTemplate\":\"https:\/\/web.umons.ac.be\/fpms\/?s={search_term_string}\"},\"query-input\":{\"@type\":\"PropertyValueSpecification\",\"valueRequired\":true,\"valueName\":\"search_term_string\"}}],\"inLanguage\":\"fr-FR\"}]}<\/script>\n<!-- \/ Yoast SEO plugin. -->","yoast_head_json":{"title":"Chemical Engineering and Materials Science - Facult\u00e9 \/ FPMS","robots":{"index":"index","follow":"follow","max-snippet":"max-snippet:-1","max-image-preview":"max-image-preview:large","max-video-preview":"max-video-preview:-1"},"canonical":"https:\/\/web.umons.ac.be\/fpms\/en\/etudes\/examen-dadmission\/ingenieur-civil-chimie-science-materiaux\/","og_locale":"fr_FR","og_type":"article","og_title":"Chemical Engineering and Materials Science - Facult\u00e9 \/ FPMS","og_description":"The main challenge faced by engineers in chemical engineering and materials science is understanding how industry works and ensuring its evolution to better meet societal and environmental needs, in both an ethical way and in an international context. These engineers must specialise in their subject in the broadest sense of the term, by mastering physical, [&hellip;]","og_url":"https:\/\/web.umons.ac.be\/fpms\/en\/etudes\/examen-dadmission\/ingenieur-civil-chimie-science-materiaux\/","og_site_name":"Facult\u00e9 \/ FPMS","article_modified_time":"2023-02-27T08:35:51+00:00","twitter_card":"summary_large_image","twitter_misc":{"Dur\u00e9e de lecture estim\u00e9e":"2 minutes"},"schema":{"@context":"https:\/\/schema.org","@graph":[{"@type":"WebPage","@id":"https:\/\/web.umons.ac.be\/fpms\/en\/etudes\/examen-dadmission\/ingenieur-civil-chimie-science-materiaux\/","url":"https:\/\/web.umons.ac.be\/fpms\/en\/etudes\/examen-dadmission\/ingenieur-civil-chimie-science-materiaux\/","name":"Chemical Engineering and Materials Science - Facult\u00e9 \/ FPMS","isPartOf":{"@id":"https:\/\/web.umons.ac.be\/fpms\/#website"},"datePublished":"2018-01-16T14:09:50+00:00","dateModified":"2023-02-27T08:35:51+00:00","breadcrumb":{"@id":"https:\/\/web.umons.ac.be\/fpms\/en\/etudes\/examen-dadmission\/ingenieur-civil-chimie-science-materiaux\/#breadcrumb"},"inLanguage":"fr-FR","potentialAction":[{"@type":"ReadAction","target":["https:\/\/web.umons.ac.be\/fpms\/en\/etudes\/examen-dadmission\/ingenieur-civil-chimie-science-materiaux\/"]}]},{"@type":"BreadcrumbList","@id":"https:\/\/web.umons.ac.be\/fpms\/en\/etudes\/examen-dadmission\/ingenieur-civil-chimie-science-materiaux\/#breadcrumb","itemListElement":[{"@type":"ListItem","position":1,"name":"Accueil","item":"https:\/\/web.umons.ac.be\/fpms\/fr\/"},{"@type":"ListItem","position":2,"name":"Studies","item":"https:\/\/web.umons.ac.be\/fpms\/en\/etudes\/"},{"@type":"ListItem","position":3,"name":"Admission Exam","item":"https:\/\/web.umons.ac.be\/fpms\/en\/etudes\/examen-dadmission\/"},{"@type":"ListItem","position":4,"name":"Chemical Engineering and Materials Science"}]},{"@type":"WebSite","@id":"https:\/\/web.umons.ac.be\/fpms\/#website","url":"https:\/\/web.umons.ac.be\/fpms\/","name":"Facult\u00e9 \/ FPMS","description":"Un site utilisant Universit\u00e9 de Mons \u2013 UMONS","potentialAction":[{"@type":"SearchAction","target":{"@type":"EntryPoint","urlTemplate":"https:\/\/web.umons.ac.be\/fpms\/?s={search_term_string}"},"query-input":{"@type":"PropertyValueSpecification","valueRequired":true,"valueName":"search_term_string"}}],"inLanguage":"fr-FR"}]}},"lang":"en","translations":{"en":555,"fr":366},"pll_sync_post":[],"_links":{"self":[{"href":"https:\/\/web.umons.ac.be\/fpms\/wp-json\/wp\/v2\/pages\/555","targetHints":{"allow":["GET"]}}],"collection":[{"href":"https:\/\/web.umons.ac.be\/fpms\/wp-json\/wp\/v2\/pages"}],"about":[{"href":"https:\/\/web.umons.ac.be\/fpms\/wp-json\/wp\/v2\/types\/page"}],"author":[{"embeddable":true,"href":"https:\/\/web.umons.ac.be\/fpms\/wp-json\/wp\/v2\/users\/3"}],"replies":[{"embeddable":true,"href":"https:\/\/web.umons.ac.be\/fpms\/wp-json\/wp\/v2\/comments?post=555"}],"version-history":[{"count":3,"href":"https:\/\/web.umons.ac.be\/fpms\/wp-json\/wp\/v2\/pages\/555\/revisions"}],"predecessor-version":[{"id":2581,"href":"https:\/\/web.umons.ac.be\/fpms\/wp-json\/wp\/v2\/pages\/555\/revisions\/2581"}],"up":[{"embeddable":true,"href":"https:\/\/web.umons.ac.be\/fpms\/wp-json\/wp\/v2\/pages\/593"}],"wp:attachment":[{"href":"https:\/\/web.umons.ac.be\/fpms\/wp-json\/wp\/v2\/media?parent=555"}],"curies":[{"name":"wp","href":"https:\/\/api.w.org\/{rel}","templated":true}]}}