{"id":593,"date":"2018-01-16T16:19:44","date_gmt":"2018-01-16T15:19:44","guid":{"rendered":"https:\/\/web.umons.ac.be\/fpms\/?page_id=593"},"modified":"2022-12-21T12:11:12","modified_gmt":"2022-12-21T11:11:12","slug":"examen-dadmission","status":"publish","type":"page","link":"https:\/\/web.umons.ac.be\/fpms\/en\/etudes\/examen-dadmission\/","title":{"rendered":"Admission Exam"},"content":{"rendered":"<p>&nbsp;<\/p>\n<p>To register for undergraduate studies in the field of Engineering Sciences, you must pass the entrance examination. It is a legal requirement.<\/p>\n<p>In addition to its regulatory aspect, the admission exam also allows candidates to know their level in the key subjects. This is an academic examination (note that this exam is NOT a competition).<br \/>\nSelection is based solely on the personal qualities of the candidates. There is no limitation to the number of students admitted.<\/p>\n<start-cask-shortcode-wrapper>    <div class=\"accordion content-block scheme-fpms\">\n                <div class=\"accordion-inner\">\n            <div class=\"accordion-bellow\">\n                <button class=\"accordion-bellow-toggle scheme-background-hover\" data-target=\"#accordion-content-63a2e96f4a739\">\n                    <span class=\"icon umons-icon-chevron-down\" aria-hidden=\"true\"><\/span> Who for                <\/button>\n            <\/div>\n            <div id=\"accordion-content-63a2e96f4a739\" class=\"accordion-content\">\n            \t<div class=\"inner editor-front\">\n            \t\t<p><span lang=\"EN-GB\">Candidates wishing to register on the Bachelor\u2019s degree in Engineering (general and architectural engineering).\u00a0<\/span><\/p>\n<p><span lang=\"EN-GB\">For students holding an upper secondary education certificate (CESS), the examinations cover mathematics subjects only. This is also the case for holders of a valid equivalence for engineering sciences in the French Community. (lien vers site web \u00e9quivalence)<\/span><span lang=\"EN-GB\">\u00a0<\/span><\/p>\n<p><span lang=\"EN-GB\">Other candidates will also have non-mathematical tests (French, History, Geography, Science, and a second language [English, Dutch, German or Latin])<\/span><\/p>\n<p><span lang=\"EN-GB\">(Lien vers la brochure)<\/span><\/p>\n            \t<\/div>\n            <\/div>\n        <\/div>\n                <div class=\"accordion-inner\">\n            <div class=\"accordion-bellow\">\n                <button class=\"accordion-bellow-toggle scheme-background-hover\" data-target=\"#accordion-content-63a2e96f4c627\">\n                    <span class=\"icon umons-icon-chevron-down\" aria-hidden=\"true\"><\/span> When and where                <\/button>\n            <\/div>\n            <div id=\"accordion-content-63a2e96f4c627\" class=\"accordion-content\">\n            \t<div class=\"inner editor-front\">\n            \t\t<p>Reform of the compulsory education calendar and examination dates 2022-2023<br \/>\nIn order to adapt to the changes in the school calendar for compulsory education while preserving the possibility for its staff to enjoy a well-deserved summer break, the Facult\u00e9 Polytechnique de Mons, the Faculty of Applied Sciences of the ULi\u00e8ge and the Polytechnic Schools of the UCLouvain and the ULB have jointly decided to schedule the various tests of the first session of the admission exam to undergraduate studies in the field of engineering sciences on 5 and 6 July 2023 and, if necessary, on the morning of Friday 7 July, i.e. during the usual white days at the end of the school year.<br \/>\nThe planning of the second session tests is not affected by the reform of the compulsory education calendar. They are scheduled for 31 August and 1 and 2 September 2023.<br \/>\nThe dean and the deans of the engineering schools thank the authorities of the secondary schools that accompany the candidates for admission for adjusting the schedule of their end-of-school-year activities to allow for the preparation and participation of their students in the various tests.<\/p>\n<div class=\"highlighted-block\">\n<p>At the Facult\u00e9 Polytechnique de Mons, the first session of exams is scheduled for 5, 6 and July 2023. The second session will be organised on 31 August, 1 and 2 September 2023.<\/p>\n<\/div>\n<p>&nbsp;<\/p>\n<div>\n<p>July session (dates are updated each year in late January\/early February)<\/p>\n<p>&#8211; Mathematics subjects : &#8211; 3 written tests in Mons and Charleroi<br \/>\no Wednesday 05 July 2023 from 09.00 to 12.00 : Trigonometry<br \/>\no Thursday 06 July 2023 from 09.00 to 12.00: Algebra\/Analysis (to be confirmed)<br \/>\no Friday 07 July 2023 from 09.00 to 12.00: Geometry (to be confirmed)<br \/>\n&#8211; Non-mathematics subjects: dates to be published later<\/p>\n<p>The announcement will be made on Wednesday 12 July 2023<\/p>\n<p>September session (dates are updated each year in late January\/early February)<\/p>\n<p>&#8211; Mathematics subjects: 3 written tests in Mons only<br \/>\no Thursday 31 August 2023 from 09.00 to 12.00 : Geometry (to be confirmed)<br \/>\no Friday 1 September 2023 from 09.00 to 12.00 : Trigonometry<br \/>\no Saturday 02 September 2023 from 09.00 to 12.00 : Algebra\/Analysis (to be confirmed)<br \/>\n&#8211; Non-mathematics subjects: dates to be published later<\/p>\n<p>The date of the September proclamation will be published later.<\/p>\n<\/div>\n<p>Maps :<\/p>\n<p><iframe loading=\"lazy\" src=\"https:\/\/www.google.com\/maps\/embed?pb=!1m18!1m12!1m3!1d2540.7330091061885!2d3.954046215031102!3d50.4460735955623!2m3!1f0!2f0!3f0!3m2!1i1024!2i768!4f13.1!3m3!1m2!1s0x47c24555def7cd75:0x334e3a71f229cc73!2sAuditoire Stievenart!5e0!3m2!1sfr!2sfr!4v1507884212131\" width=\"600\" height=\"450\" frameborder=\"0\" allowfullscreen=\"allowfullscreen\" data-mce-fragment=\"1\"><\/iframe><\/p>\n<p>&nbsp;<\/p>\n<p>&nbsp;<\/p>\n            \t<\/div>\n            <\/div>\n        <\/div>\n                <div class=\"accordion-inner\">\n            <div class=\"accordion-bellow\">\n                <button class=\"accordion-bellow-toggle scheme-background-hover\" data-target=\"#accordion-content-63a2e96f4c88b\">\n                    <span class=\"icon umons-icon-chevron-down\" aria-hidden=\"true\"><\/span> How to Prepare                <\/button>\n            <\/div>\n            <div id=\"accordion-content-63a2e96f4c88b\" class=\"accordion-content\">\n            \t<div class=\"inner editor-front\">\n            \t\t<div>FPMaths&#8230;preparatory courses for civil engineering studies by students from Polytech Mons:<\/div>\n<div><\/div>\n<div>Mathematics courses, organised on Saturday mornings by Polytech Mons Master students and with the help of a mathematics teacher, cover all the basic mathematics required for civil engineering studies. You will be able to progress at your own pace by solving exercises at different levels, from the simplest to the most complicated.<\/div>\n<div><\/div>\n<div>Each morning is devoted to a specific subject, in order to allow you to deepen your knowledge. Theoretical reminders and friendly supervision by the students ensure that FPMaths is accessible to both 4h maths students who want to brush up on their skills and to those who have taken more advanced courses and want to refresh their knowledge. The sessions are independent of each other: it is not necessary to follow the whole cycle.<\/div>\n<div><\/div>\n<div>These sessions take place at the UMONS sites in Mons, Charleroi and Tournai<\/div>\n<div><\/div>\n<div>Mons, from 8.30 am to 12 noon<\/div>\n<div>9 rue de Houdain<\/div>\n<div>Charleroi, from 9am to 12.30pm<\/div>\n<div>38-42, boulevard Joseph II<\/div>\n<div>Tournai, from 8.30am to 12pm<\/div>\n<div>Ath\u00e9n\u00e9e Royal Robert Campin<\/div>\n<div>18, Rue du Ch\u00e2teau<\/div>\n<div>Several alternative media are also available on https:\/\/padlet.com\/polytechmons.<\/div>\n<div><\/div>\n<div>More info: https:\/\/www.facebook.com\/FPMaths\/<\/div>\n<div><\/div>\n<div>Planning 2022-2023<\/div>\n<div><\/div>\n<div>Questions from previous years&#8230;.<\/div>\n<div><\/div>\n<div>It is also possible to test your knowledge with the statements and\/or solutions of the exercises from previous years. You can already download them:<\/div>\n<div><\/div>\n<div>Analysis-Algebra Geometry Trigonometry<\/div>\n<div><\/div>\n<div><\/div>\n<div><\/div>\n<div>Please note that at the Facult\u00e9 Polytechnique, you will be asked to solve exercises and not to repeat theoretical demonstrations.<\/div>\n<div><\/div>\n<div>Never give up during a session! Even if you feel that you have failed a test, persevere and take part in the following ones. It appears that you sometimes judge yourself too harshly.<\/div>\n<div><\/div>\n<div>Preparation days for the entrance exam<\/p>\n<p>Teachers, preparers or examiners for the entrance exam, are mobilising to prepare you for the entrance exam. Several sessions, intended for Rhetoric students, are organised, in person, on the following Wednesdays 19 and 26 April 2023, 17, 24 and 31 May 2023<\/p>\n<p>Time: 14:00 &#8211; 17:00<br \/>\nLocation:<br \/>\n&#8211; UMONS &#8211; Facult\u00e9 Polytechnique &#8211; 9, rue de Houdain \u00e0 7000 MONS<br \/>\n&#8211; UMONS Charleroi &#8211; 28\/42, Bd Joseph II in 6000 CHARLEROI<br \/>\n&#8211; Tournai &#8211; Ath\u00e9n\u00e9e Royal Robert Campin &#8211; 18, rue du Ch\u00e2teau &#8211; 7500 TOURNAI<\/p>\n<p>Contact: 065\/37.40.33 &#8211; admission.polytech@umons.ac.be<\/p>\n<p>Online registration form: available soon<\/p>\n<\/div>\n<div><\/div>\n<div><\/div>\n            \t<\/div>\n            <\/div>\n        <\/div>\n                <div class=\"accordion-inner\">\n            <div class=\"accordion-bellow\">\n                <button class=\"accordion-bellow-toggle scheme-background-hover\" data-target=\"#accordion-content-63a2e96f4cab6\">\n                    <span class=\"icon umons-icon-chevron-down\" aria-hidden=\"true\"><\/span> How to Register                <\/button>\n            <\/div>\n            <div id=\"accordion-content-63a2e96f4cab6\" class=\"accordion-content\">\n            \t<div class=\"inner editor-front\">\n            \t\t<p>By completing an online application form for the entrance exam (https:\/\/forms.office.com\/e\/nqXE1Up605 &#8211; (please note that students from outside the European Union must submit an application form (https:\/\/web.umons.ac.be\/fr\/enseignement\/sinscrire\/admission\/etudiants-hue\/ -) to the university)<\/p>\n<p><span lang=\"EN-GB\">For any questions, feel free to contact us by phone or email (<a href=\"mailto:admission.polytech@umons.ac.be\">admission.polytech@umons.ac.be<\/a>)<\/span><\/p>\n<p><span style=\"text-decoration: underline;\"><strong>When to Register (dates are updated annually in late January\/early February)<\/strong><\/span><\/p>\n<ul>\n<li>for the 1st session: from 20 February 2023 until 28 June 2023 at noon<\/li>\n<li>for the 2nd session: from 20 February 2023 until 25 August 2023 at noon (note that the registration period is suspended between 28 June 2023 and 12 July 2023)<\/li>\n<\/ul>\n<p><span style=\"text-decoration: underline;\"><strong>Required Documents<\/strong><\/span><\/p>\n<p><span lang=\"EN-GB\">When you register, you must provide the following documents :<\/span><\/p>\n<ul>\n<li><span lang=\"EN-GB\">A photocopy of your ID card or passport.<\/span><\/li>\n<li><span lang=\"EN-GB\">An official document attesting to having obtained a certificate of upper secondary education, issued by your secondary school.\u00a0This document must be submitted on or before the first day of the session;<\/span><\/li>\n<li><span lang=\"EN-GB\">Only for students with a foreign degree who wish to take only the mathematics part of the admissions exam: An equivalence certificate valid for the field of engineering sciences issued by the Service des Equivalences <\/span><\/li>\n<\/ul>\n<p><span lang=\"EN-GB\">All documents you provide to support your application become and remain the property of the University, except for any originals.<\/span><\/p>\n<p><span style=\"text-decoration: underline;\"><strong><span lang=\"EN-GB\">Registration Fee<\/span><\/strong><\/span><\/p>\n<p><span lang=\"EN-GB\">The registration fee for the admissions exam is 50 Euros per session (to be paid either with the provided transfer form or by debit\/credit card. NOTE: for security reasons, we do not accept cash.)<\/span><\/p>\n<p><span lang=\"EN-GB\">If you fail the exam in the first session, and would like to register for the exam in the second session, you must pay the registration fee a second time.<\/span><\/p>\n<p><span lang=\"EN-GB\">NOTE: \u00a0The registration fees cannot be refunded. <\/span><\/p>\n<p><span style=\"text-decoration: underline;\"><strong><span lang=\"EN-GB\"><span lang=\"EN-GB\">Success Criteria<\/span><\/span><\/strong><\/span><\/p>\n<p><span lang=\"EN-GB\">To pass the admissions exam, you must obtain at least 50% overall and 50% in each component of the exam. However, the board may decide to admit a candidate whose results do not meet these criteria.<\/span><\/p>\n<p><span lang=\"EN-GB\" style=\"margin: 0px; color: #5f686b; font-family: 'Helvetica',sans-serif; font-size: 10.5pt;\">The Faculty organises two sessions to take the admissions exam. If you fail the first time, do not hesitate to register again for a second time! The two sessions are totally independent of each other. Failing the first session does not influence the decision of the exam board for the second session.<\/span><\/p>\n<p><span lang=\"EN-GB\"><span lang=\"EN-GB\"><span lang=\"EN-GB\"><span lang=\"EN-GB\"><span lang=\"EN-GB\" style=\"margin: 0px; color: #5f686b; line-height: 107%; font-family: 'Helvetica',sans-serif; font-size: 10.5pt;\">Students who failed in the first session do not have take subjects in which they obtained at least than 10\/20.<br \/>\nNOTE! These results are only valid from the first to the second session of the same academic year; they are not valid the following year<\/span><\/span><\/span><\/span><\/span><\/p>\n            \t<\/div>\n            <\/div>\n        <\/div>\n            <\/div>\n<end-cask-shortcode-wrapper>\n<hr \/>\n<p>&nbsp;<\/p>\n","protected":false},"excerpt":{"rendered":"<p>&nbsp; To register for undergraduate studies in the field of Engineering Sciences, you must pass the entrance examination. It is a legal requirement. In addition to its regulatory aspect, the admission exam also allows candidates to know their level in the key subjects. This is an academic examination (note that this exam is NOT a [&hellip;]<\/p>\n","protected":false},"author":3,"featured_media":0,"parent":585,"menu_order":2,"comment_status":"closed","ping_status":"closed","template":"","meta":{"footnotes":""},"class_list":["post-593","page","type-page","status-publish","hentry"],"yoast_head":"<!-- This site is optimized with the Yoast SEO plugin v27.2 - https:\/\/yoast.com\/product\/yoast-seo-wordpress\/ -->\n<title>Admission Exam - Facult\u00e9 \/ FPMS<\/title>\n<meta name=\"robots\" content=\"index, follow, max-snippet:-1, max-image-preview:large, max-video-preview:-1\" \/>\n<link rel=\"canonical\" href=\"https:\/\/web.umons.ac.be\/fpms\/en\/etudes\/examen-dadmission\/\" \/>\n<meta property=\"og:locale\" content=\"fr_FR\" \/>\n<meta property=\"og:type\" content=\"article\" \/>\n<meta property=\"og:title\" content=\"Admission Exam - Facult\u00e9 \/ FPMS\" \/>\n<meta property=\"og:description\" content=\"&nbsp; To register for undergraduate studies in the field of Engineering Sciences, you must pass the entrance examination. It is a legal requirement. In addition to its regulatory aspect, the admission exam also allows candidates to know their level in the key subjects. This is an academic examination (note that this exam is NOT a [&hellip;]\" \/>\n<meta property=\"og:url\" content=\"https:\/\/web.umons.ac.be\/fpms\/en\/etudes\/examen-dadmission\/\" \/>\n<meta property=\"og:site_name\" content=\"Facult\u00e9 \/ FPMS\" \/>\n<meta property=\"article:modified_time\" content=\"2022-12-21T11:11:12+00:00\" \/>\n<meta name=\"twitter:card\" content=\"summary_large_image\" \/>\n<meta name=\"twitter:label1\" content=\"Dur\u00e9e de lecture estim\u00e9e\" \/>\n\t<meta name=\"twitter:data1\" content=\"1 minute\" \/>\n<script type=\"application\/ld+json\" class=\"yoast-schema-graph\">{\"@context\":\"https:\/\/schema.org\",\"@graph\":[{\"@type\":\"WebPage\",\"@id\":\"https:\/\/web.umons.ac.be\/fpms\/en\/etudes\/examen-dadmission\/\",\"url\":\"https:\/\/web.umons.ac.be\/fpms\/en\/etudes\/examen-dadmission\/\",\"name\":\"Admission Exam - Facult\u00e9 \/ FPMS\",\"isPartOf\":{\"@id\":\"https:\/\/web.umons.ac.be\/fpms\/#website\"},\"datePublished\":\"2018-01-16T15:19:44+00:00\",\"dateModified\":\"2022-12-21T11:11:12+00:00\",\"breadcrumb\":{\"@id\":\"https:\/\/web.umons.ac.be\/fpms\/en\/etudes\/examen-dadmission\/#breadcrumb\"},\"inLanguage\":\"fr-FR\",\"potentialAction\":[{\"@type\":\"ReadAction\",\"target\":[\"https:\/\/web.umons.ac.be\/fpms\/en\/etudes\/examen-dadmission\/\"]}]},{\"@type\":\"BreadcrumbList\",\"@id\":\"https:\/\/web.umons.ac.be\/fpms\/en\/etudes\/examen-dadmission\/#breadcrumb\",\"itemListElement\":[{\"@type\":\"ListItem\",\"position\":1,\"name\":\"Accueil\",\"item\":\"https:\/\/web.umons.ac.be\/fpms\/fr\/\"},{\"@type\":\"ListItem\",\"position\":2,\"name\":\"Studies\",\"item\":\"https:\/\/web.umons.ac.be\/fpms\/en\/etudes\/\"},{\"@type\":\"ListItem\",\"position\":3,\"name\":\"Admission Exam\"}]},{\"@type\":\"WebSite\",\"@id\":\"https:\/\/web.umons.ac.be\/fpms\/#website\",\"url\":\"https:\/\/web.umons.ac.be\/fpms\/\",\"name\":\"Facult\u00e9 \/ FPMS\",\"description\":\"Un site utilisant Universit\u00e9 de Mons \u2013 UMONS\",\"potentialAction\":[{\"@type\":\"SearchAction\",\"target\":{\"@type\":\"EntryPoint\",\"urlTemplate\":\"https:\/\/web.umons.ac.be\/fpms\/?s={search_term_string}\"},\"query-input\":{\"@type\":\"PropertyValueSpecification\",\"valueRequired\":true,\"valueName\":\"search_term_string\"}}],\"inLanguage\":\"fr-FR\"}]}<\/script>\n<!-- \/ Yoast SEO plugin. -->","yoast_head_json":{"title":"Admission Exam - Facult\u00e9 \/ FPMS","robots":{"index":"index","follow":"follow","max-snippet":"max-snippet:-1","max-image-preview":"max-image-preview:large","max-video-preview":"max-video-preview:-1"},"canonical":"https:\/\/web.umons.ac.be\/fpms\/en\/etudes\/examen-dadmission\/","og_locale":"fr_FR","og_type":"article","og_title":"Admission Exam - Facult\u00e9 \/ FPMS","og_description":"&nbsp; To register for undergraduate studies in the field of Engineering Sciences, you must pass the entrance examination. It is a legal requirement. In addition to its regulatory aspect, the admission exam also allows candidates to know their level in the key subjects. This is an academic examination (note that this exam is NOT a [&hellip;]","og_url":"https:\/\/web.umons.ac.be\/fpms\/en\/etudes\/examen-dadmission\/","og_site_name":"Facult\u00e9 \/ FPMS","article_modified_time":"2022-12-21T11:11:12+00:00","twitter_card":"summary_large_image","twitter_misc":{"Dur\u00e9e de lecture estim\u00e9e":"1 minute"},"schema":{"@context":"https:\/\/schema.org","@graph":[{"@type":"WebPage","@id":"https:\/\/web.umons.ac.be\/fpms\/en\/etudes\/examen-dadmission\/","url":"https:\/\/web.umons.ac.be\/fpms\/en\/etudes\/examen-dadmission\/","name":"Admission Exam - Facult\u00e9 \/ FPMS","isPartOf":{"@id":"https:\/\/web.umons.ac.be\/fpms\/#website"},"datePublished":"2018-01-16T15:19:44+00:00","dateModified":"2022-12-21T11:11:12+00:00","breadcrumb":{"@id":"https:\/\/web.umons.ac.be\/fpms\/en\/etudes\/examen-dadmission\/#breadcrumb"},"inLanguage":"fr-FR","potentialAction":[{"@type":"ReadAction","target":["https:\/\/web.umons.ac.be\/fpms\/en\/etudes\/examen-dadmission\/"]}]},{"@type":"BreadcrumbList","@id":"https:\/\/web.umons.ac.be\/fpms\/en\/etudes\/examen-dadmission\/#breadcrumb","itemListElement":[{"@type":"ListItem","position":1,"name":"Accueil","item":"https:\/\/web.umons.ac.be\/fpms\/fr\/"},{"@type":"ListItem","position":2,"name":"Studies","item":"https:\/\/web.umons.ac.be\/fpms\/en\/etudes\/"},{"@type":"ListItem","position":3,"name":"Admission Exam"}]},{"@type":"WebSite","@id":"https:\/\/web.umons.ac.be\/fpms\/#website","url":"https:\/\/web.umons.ac.be\/fpms\/","name":"Facult\u00e9 \/ FPMS","description":"Un site utilisant Universit\u00e9 de Mons \u2013 UMONS","potentialAction":[{"@type":"SearchAction","target":{"@type":"EntryPoint","urlTemplate":"https:\/\/web.umons.ac.be\/fpms\/?s={search_term_string}"},"query-input":{"@type":"PropertyValueSpecification","valueRequired":true,"valueName":"search_term_string"}}],"inLanguage":"fr-FR"}]}},"lang":"en","translations":{"en":593,"fr":296},"pll_sync_post":[],"_links":{"self":[{"href":"https:\/\/web.umons.ac.be\/fpms\/wp-json\/wp\/v2\/pages\/593","targetHints":{"allow":["GET"]}}],"collection":[{"href":"https:\/\/web.umons.ac.be\/fpms\/wp-json\/wp\/v2\/pages"}],"about":[{"href":"https:\/\/web.umons.ac.be\/fpms\/wp-json\/wp\/v2\/types\/page"}],"author":[{"embeddable":true,"href":"https:\/\/web.umons.ac.be\/fpms\/wp-json\/wp\/v2\/users\/3"}],"replies":[{"embeddable":true,"href":"https:\/\/web.umons.ac.be\/fpms\/wp-json\/wp\/v2\/comments?post=593"}],"version-history":[{"count":3,"href":"https:\/\/web.umons.ac.be\/fpms\/wp-json\/wp\/v2\/pages\/593\/revisions"}],"predecessor-version":[{"id":2420,"href":"https:\/\/web.umons.ac.be\/fpms\/wp-json\/wp\/v2\/pages\/593\/revisions\/2420"}],"up":[{"embeddable":true,"href":"https:\/\/web.umons.ac.be\/fpms\/wp-json\/wp\/v2\/pages\/585"}],"wp:attachment":[{"href":"https:\/\/web.umons.ac.be\/fpms\/wp-json\/wp\/v2\/media?parent=593"}],"curies":[{"name":"wp","href":"https:\/\/api.w.org\/{rel}","templated":true}]}}