{"id":599,"date":"2018-01-16T16:31:35","date_gmt":"2018-01-16T15:31:35","guid":{"rendered":"https:\/\/web.umons.ac.be\/fpms\/?page_id=599"},"modified":"2018-01-16T16:31:36","modified_gmt":"2018-01-16T15:31:36","slug":"projets","status":"publish","type":"page","link":"https:\/\/web.umons.ac.be\/fpms\/en\/etudes\/projets\/","title":{"rendered":"Projects"},"content":{"rendered":"<blockquote><p>I have redone all the calculations; they confirm the opinions of the specialists: our idea is unachievable. There is only one thing left to do: make it happen!<br \/>\n(Pierre-Georges Lat\u00e9co\u00e8re, French engineer, in the early days of commercial aviation, 1883-1943)<\/p><\/blockquote>\n<p>At the heart of the engineering profession lies this dynamic of daring change, continuous progress and innovation beyond acquired habits and certainties.<\/p>\n<p><strong>A project is an adventure<\/strong> that leads to imagining, designing, developing and implementing a new product or service. More than an adventure, it is a real daily challenge for engineers, because projects must be completed within in a specific time, with a limited budget and with an excellent level of efficiency.<\/p>\n<p>Projects are a way for engineers to implement their scientific and technological knowledge and skills. However, their human qualities of interaction with colleagues in multidisciplinary teams, with customers and with different stakeholders of the project, is really what makes projects successful.<\/p>\n<p>This is why project dynamics are present throughout the training of future engineers, as such we offer training on and through projects, allowing our students to excel and reach their full potential.<\/p>\n<h5>Here are some of the challenges our engineers have faced in recent years\u00a0:<\/h5>\n<p><iframe loading=\"lazy\" title=\"1 minute avec Marion et Lola\" width=\"500\" height=\"281\" src=\"https:\/\/www.youtube.com\/embed\/KUKn-Vc-R0Q?feature=oembed\" frameborder=\"0\" allow=\"accelerometer; autoplay; clipboard-write; encrypted-media; gyroscope; picture-in-picture; web-share\" referrerpolicy=\"strict-origin-when-cross-origin\" allowfullscreen><\/iframe><\/p>\n<p><iframe loading=\"lazy\" title=\"Creathon Facult\u00e9 Polytechnique de Mons\" width=\"500\" height=\"281\" src=\"https:\/\/www.youtube.com\/embed\/9it1jFxyTp0?feature=oembed\" frameborder=\"0\" allow=\"accelerometer; autoplay; clipboard-write; encrypted-media; gyroscope; picture-in-picture; web-share\" referrerpolicy=\"strict-origin-when-cross-origin\" allowfullscreen><\/iframe><\/p>\n<p><iframe loading=\"lazy\" title=\"Projet Ing\u00e9nieurs Sans Fronti\u00e8res - Unit\u00e9 familiale de potabilisation d&#039;eau\" width=\"500\" height=\"281\" src=\"https:\/\/www.youtube.com\/embed\/kBOB5BHo_hM?feature=oembed\" frameborder=\"0\" allow=\"accelerometer; autoplay; clipboard-write; encrypted-media; gyroscope; picture-in-picture; web-share\" referrerpolicy=\"strict-origin-when-cross-origin\" allowfullscreen><\/iframe><\/p>\n<p><iframe loading=\"lazy\" title=\"SonicCloud3D - Projet Cr\u00e9actif BA2\" width=\"500\" height=\"281\" src=\"https:\/\/www.youtube.com\/embed\/WW5edV9NZnM?feature=oembed\" frameborder=\"0\" allow=\"accelerometer; autoplay; clipboard-write; encrypted-media; gyroscope; picture-in-picture; web-share\" referrerpolicy=\"strict-origin-when-cross-origin\" allowfullscreen><\/iframe><\/p>\n<h5>What about you? What challenges are you ready to overcome?<\/h5>\n","protected":false},"excerpt":{"rendered":"<p>I have redone all the calculations; they confirm the opinions of the specialists: our idea is unachievable. There is only one thing left to do: make it happen! (Pierre-Georges Lat\u00e9co\u00e8re, French engineer, in the early days of commercial aviation, 1883-1943) At the heart of the engineering profession lies this dynamic of daring change, continuous progress [&hellip;]<\/p>\n","protected":false},"author":3,"featured_media":0,"parent":585,"menu_order":7,"comment_status":"closed","ping_status":"closed","template":"","meta":{"footnotes":""},"class_list":["post-599","page","type-page","status-publish","hentry"],"yoast_head":"<!-- This site is optimized with the Yoast SEO plugin v27.2 - https:\/\/yoast.com\/product\/yoast-seo-wordpress\/ -->\n<title>Projects - Facult\u00e9 \/ FPMS<\/title>\n<meta name=\"robots\" content=\"index, follow, max-snippet:-1, max-image-preview:large, max-video-preview:-1\" \/>\n<link rel=\"canonical\" href=\"https:\/\/web.umons.ac.be\/fpms\/en\/etudes\/projets\/\" \/>\n<meta property=\"og:locale\" content=\"fr_FR\" \/>\n<meta property=\"og:type\" content=\"article\" \/>\n<meta property=\"og:title\" content=\"Projects - Facult\u00e9 \/ FPMS\" \/>\n<meta property=\"og:description\" content=\"I have redone all the calculations; they confirm the opinions of the specialists: our idea is unachievable. There is only one thing left to do: make it happen! (Pierre-Georges Lat\u00e9co\u00e8re, French engineer, in the early days of commercial aviation, 1883-1943) At the heart of the engineering profession lies this dynamic of daring change, continuous progress [&hellip;]\" \/>\n<meta property=\"og:url\" content=\"https:\/\/web.umons.ac.be\/fpms\/en\/etudes\/projets\/\" \/>\n<meta property=\"og:site_name\" content=\"Facult\u00e9 \/ FPMS\" \/>\n<meta property=\"article:modified_time\" content=\"2018-01-16T15:31:36+00:00\" \/>\n<meta name=\"twitter:card\" content=\"summary_large_image\" \/>\n<meta name=\"twitter:label1\" content=\"Dur\u00e9e de lecture estim\u00e9e\" \/>\n\t<meta name=\"twitter:data1\" content=\"1 minute\" \/>\n<script type=\"application\/ld+json\" class=\"yoast-schema-graph\">{\"@context\":\"https:\/\/schema.org\",\"@graph\":[{\"@type\":\"WebPage\",\"@id\":\"https:\/\/web.umons.ac.be\/fpms\/en\/etudes\/projets\/\",\"url\":\"https:\/\/web.umons.ac.be\/fpms\/en\/etudes\/projets\/\",\"name\":\"Projects - Facult\u00e9 \/ FPMS\",\"isPartOf\":{\"@id\":\"https:\/\/web.umons.ac.be\/fpms\/#website\"},\"datePublished\":\"2018-01-16T15:31:35+00:00\",\"dateModified\":\"2018-01-16T15:31:36+00:00\",\"breadcrumb\":{\"@id\":\"https:\/\/web.umons.ac.be\/fpms\/en\/etudes\/projets\/#breadcrumb\"},\"inLanguage\":\"fr-FR\",\"potentialAction\":[{\"@type\":\"ReadAction\",\"target\":[\"https:\/\/web.umons.ac.be\/fpms\/en\/etudes\/projets\/\"]}]},{\"@type\":\"BreadcrumbList\",\"@id\":\"https:\/\/web.umons.ac.be\/fpms\/en\/etudes\/projets\/#breadcrumb\",\"itemListElement\":[{\"@type\":\"ListItem\",\"position\":1,\"name\":\"Accueil\",\"item\":\"https:\/\/web.umons.ac.be\/fpms\/fr\/\"},{\"@type\":\"ListItem\",\"position\":2,\"name\":\"Studies\",\"item\":\"https:\/\/web.umons.ac.be\/fpms\/en\/etudes\/\"},{\"@type\":\"ListItem\",\"position\":3,\"name\":\"Projects\"}]},{\"@type\":\"WebSite\",\"@id\":\"https:\/\/web.umons.ac.be\/fpms\/#website\",\"url\":\"https:\/\/web.umons.ac.be\/fpms\/\",\"name\":\"Facult\u00e9 \/ FPMS\",\"description\":\"Un site utilisant Universit\u00e9 de Mons \u2013 UMONS\",\"potentialAction\":[{\"@type\":\"SearchAction\",\"target\":{\"@type\":\"EntryPoint\",\"urlTemplate\":\"https:\/\/web.umons.ac.be\/fpms\/?s={search_term_string}\"},\"query-input\":{\"@type\":\"PropertyValueSpecification\",\"valueRequired\":true,\"valueName\":\"search_term_string\"}}],\"inLanguage\":\"fr-FR\"}]}<\/script>\n<!-- \/ Yoast SEO plugin. -->","yoast_head_json":{"title":"Projects - Facult\u00e9 \/ FPMS","robots":{"index":"index","follow":"follow","max-snippet":"max-snippet:-1","max-image-preview":"max-image-preview:large","max-video-preview":"max-video-preview:-1"},"canonical":"https:\/\/web.umons.ac.be\/fpms\/en\/etudes\/projets\/","og_locale":"fr_FR","og_type":"article","og_title":"Projects - Facult\u00e9 \/ FPMS","og_description":"I have redone all the calculations; they confirm the opinions of the specialists: our idea is unachievable. There is only one thing left to do: make it happen! (Pierre-Georges Lat\u00e9co\u00e8re, French engineer, in the early days of commercial aviation, 1883-1943) At the heart of the engineering profession lies this dynamic of daring change, continuous progress [&hellip;]","og_url":"https:\/\/web.umons.ac.be\/fpms\/en\/etudes\/projets\/","og_site_name":"Facult\u00e9 \/ FPMS","article_modified_time":"2018-01-16T15:31:36+00:00","twitter_card":"summary_large_image","twitter_misc":{"Dur\u00e9e de lecture estim\u00e9e":"1 minute"},"schema":{"@context":"https:\/\/schema.org","@graph":[{"@type":"WebPage","@id":"https:\/\/web.umons.ac.be\/fpms\/en\/etudes\/projets\/","url":"https:\/\/web.umons.ac.be\/fpms\/en\/etudes\/projets\/","name":"Projects - Facult\u00e9 \/ FPMS","isPartOf":{"@id":"https:\/\/web.umons.ac.be\/fpms\/#website"},"datePublished":"2018-01-16T15:31:35+00:00","dateModified":"2018-01-16T15:31:36+00:00","breadcrumb":{"@id":"https:\/\/web.umons.ac.be\/fpms\/en\/etudes\/projets\/#breadcrumb"},"inLanguage":"fr-FR","potentialAction":[{"@type":"ReadAction","target":["https:\/\/web.umons.ac.be\/fpms\/en\/etudes\/projets\/"]}]},{"@type":"BreadcrumbList","@id":"https:\/\/web.umons.ac.be\/fpms\/en\/etudes\/projets\/#breadcrumb","itemListElement":[{"@type":"ListItem","position":1,"name":"Accueil","item":"https:\/\/web.umons.ac.be\/fpms\/fr\/"},{"@type":"ListItem","position":2,"name":"Studies","item":"https:\/\/web.umons.ac.be\/fpms\/en\/etudes\/"},{"@type":"ListItem","position":3,"name":"Projects"}]},{"@type":"WebSite","@id":"https:\/\/web.umons.ac.be\/fpms\/#website","url":"https:\/\/web.umons.ac.be\/fpms\/","name":"Facult\u00e9 \/ FPMS","description":"Un site utilisant Universit\u00e9 de Mons \u2013 UMONS","potentialAction":[{"@type":"SearchAction","target":{"@type":"EntryPoint","urlTemplate":"https:\/\/web.umons.ac.be\/fpms\/?s={search_term_string}"},"query-input":{"@type":"PropertyValueSpecification","valueRequired":true,"valueName":"search_term_string"}}],"inLanguage":"fr-FR"}]}},"lang":"en","translations":{"en":599,"fr":237},"pll_sync_post":[],"_links":{"self":[{"href":"https:\/\/web.umons.ac.be\/fpms\/wp-json\/wp\/v2\/pages\/599","targetHints":{"allow":["GET"]}}],"collection":[{"href":"https:\/\/web.umons.ac.be\/fpms\/wp-json\/wp\/v2\/pages"}],"about":[{"href":"https:\/\/web.umons.ac.be\/fpms\/wp-json\/wp\/v2\/types\/page"}],"author":[{"embeddable":true,"href":"https:\/\/web.umons.ac.be\/fpms\/wp-json\/wp\/v2\/users\/3"}],"replies":[{"embeddable":true,"href":"https:\/\/web.umons.ac.be\/fpms\/wp-json\/wp\/v2\/comments?post=599"}],"version-history":[{"count":2,"href":"https:\/\/web.umons.ac.be\/fpms\/wp-json\/wp\/v2\/pages\/599\/revisions"}],"predecessor-version":[{"id":601,"href":"https:\/\/web.umons.ac.be\/fpms\/wp-json\/wp\/v2\/pages\/599\/revisions\/601"}],"up":[{"embeddable":true,"href":"https:\/\/web.umons.ac.be\/fpms\/wp-json\/wp\/v2\/pages\/585"}],"wp:attachment":[{"href":"https:\/\/web.umons.ac.be\/fpms\/wp-json\/wp\/v2\/media?parent=599"}],"curies":[{"name":"wp","href":"https:\/\/api.w.org\/{rel}","templated":true}]}}