{"id":101,"date":"2017-04-27T16:51:13","date_gmt":"2017-04-27T14:51:13","guid":{"rendered":"https:\/\/web.umons.ac.be\/faculte\/fpse\/?page_id=101"},"modified":"2018-05-16T10:26:34","modified_gmt":"2018-05-16T08:26:34","slug":"outils","status":"publish","type":"page","link":"https:\/\/web.umons.ac.be\/fpse\/fr\/etudes\/aide-a-reussite\/outils\/","title":{"rendered":"Outils"},"content":{"rendered":"<h2>Learning Centre<\/h2>\n<p>La formation universitaire de mani\u00e8re g\u00e9n\u00e9rale et, peut-\u00eatre encore plus sp\u00e9cifiquement, la formation universitaire en \u00ab\u00a0horaire d\u00e9cal\u00e9\u00a0\u00bb, n\u00e9cessite la mise \u00e0 disposition, pour les \u00e9tudiants, d\u2019espaces adapt\u00e9s, flexibles et outill\u00e9s, b\u00e9n\u00e9ficiant de certains am\u00e9nagements au niveau du confort, de l\u2019esth\u00e9tisme faisant d\u2019eux des lieux attractifs s\u2019articulant aux besoins, aux al\u00e9as de la vie estudiantine. \u2028C\u2019est afin de r\u00e9pondre \u00e0 ces besoins que la Cellule Facultaire de P\u00e9dagogie Universitaire de Facult\u00e9 de Psychologie et de Sciences de l\u2019\u00c9ducation a \u00e9labor\u00e9 et concr\u00e9tis\u00e9 le projet de cr\u00e9ation d\u2019un Learning Centre sur le site de Charleroi, caract\u00e9ris\u00e9 par la fr\u00e9quentation massive d\u2019adultes en reprise d\u2019\u00e9tudes. \u2028Le Learning Centre du campus de Charleroi propose diff\u00e9rents types d\u2019espace tout en disposant d\u2019un espace le plus \u00ab\u00a0ouvert\u00a0\u00bb possible. Aussi, les diff\u00e9rentes zones de travail, s\u00e9par\u00e9es par des parois en verre, permettent aux \u00e9tudiants\u00a0:<\/p>\n<ul>\n<li>dans deux espaces distincts, insonoris\u00e9s et \u00e9quip\u00e9s d\u2019\u00e9crans de projection mobiles et d\u2019acc\u00e8s \u00e0 internet, de r\u00e9aliser des travaux de groupe ou en autonomie\u2009;<\/li>\n<li>de\u00a0consulter, dans un cadre agr\u00e9able, agr\u00e9ment\u00e9 d\u2019un coin lecture, des ouvrages et manuels de r\u00e9f\u00e9rence en lien avec leurs cours, stage ou m\u00e9moire\u2009;<\/li>\n<li>de prendre connaissance, manipuler et utiliser des tests\u2009;<\/li>\n<li>de disposer d\u2019un mat\u00e9riel p\u00e9dagogique mis \u00e0 leur disposition par les enseignants (ex. programmes et r\u00e9f\u00e9rentiels de l\u2019enseignement obligatoire, manuels didactiques, supports audiovisuels, etc.)\u2009;<\/li>\n<li>de disposer de l\u2019acc\u00e8s aux logiciels n\u00e9cessaires \u00e0 la r\u00e9alisation de leurs travaux et\/ou m\u00e9moire (Nvivo, Captiv, Antidote\u2026)\u2009;<\/li>\n<li>de participer \u00e0 des cours durant lesquels les enseignants peuvent s\u2019appuyer sur les fonctions des diff\u00e9rents espaces \u00e0 disposition\u2009;<\/li>\n<li>de participer \u00e0 diff\u00e9rents ateliers d\u2019aides \u00e0 la r\u00e9ussite encadr\u00e9s par des personnes ressources mettant en place des formations diverses (recherche documentaire, prise de notes, communication orale\u2026).<\/li>\n<\/ul>\n<figure id=\"attachment_1124\" aria-describedby=\"caption-attachment-1124\" style=\"width: 762px\" class=\"wp-caption alignnone\"><img loading=\"lazy\" decoding=\"async\" class=\"size-full wp-image-1124\" src=\"https:\/\/web.umons.ac.be\/app\/uploads\/sites\/3\/2018\/05\/Image_10.png\" alt=\"\" width=\"762\" height=\"646\" srcset=\"https:\/\/web.umons.ac.be\/app\/uploads\/sites\/3\/2018\/05\/Image_10.png 762w, https:\/\/web.umons.ac.be\/app\/uploads\/sites\/3\/2018\/05\/Image_10-300x254.png 300w, https:\/\/web.umons.ac.be\/app\/uploads\/sites\/3\/2018\/05\/Image_10-30x25.png 30w, https:\/\/web.umons.ac.be\/app\/uploads\/sites\/3\/2018\/05\/Image_10-60x51.png 60w, https:\/\/web.umons.ac.be\/app\/uploads\/sites\/3\/2018\/05\/Image_10-360x305.png 360w\" sizes=\"auto, (max-width: 762px) 100vw, 762px\" \/><figcaption id=\"caption-attachment-1124\" class=\"wp-caption-text\">Application du mod\u00e8le de Salmon, De Ketele et Parmentier (2007) des r\u00e9alisations d&rsquo;aide \u00e0 la r\u00e9ussite pour la FPSE<\/figcaption><\/figure>\n<p>&nbsp;<\/p>\n<h2>Capsules p\u00e9dagogiques<\/h2>\n<p>La CFPU en collaboration\u00a0avec diff\u00e9rents services de la FPSE propose aux \u00e9tudiants des tutoriels et des capsules p\u00e9dagogiques d&rsquo;ordre m\u00e9thodologique (prise de notes, recherche documentaire, expression orale,&#8230;).<\/p>\n<p>Pour acc\u00e9der \u00e0 ces capsules\u00a0vid\u00e9os, cliquez sur le <a href=\"https:\/\/www.youtube.com\/channel\/UCj0fe0b38h9GELdeLUzi5LA\" target=\"_blank\" rel=\"noopener\">lien\u00a0suivant<\/a><\/p>\n<figure id=\"attachment_1114\" aria-describedby=\"caption-attachment-1114\" style=\"width: 749px\" class=\"wp-caption alignnone\"><img loading=\"lazy\" decoding=\"async\" class=\"size-full wp-image-1114\" src=\"https:\/\/web.umons.ac.be\/app\/uploads\/sites\/3\/2018\/05\/Image_11.png\" alt=\"\" width=\"749\" height=\"650\" srcset=\"https:\/\/web.umons.ac.be\/app\/uploads\/sites\/3\/2018\/05\/Image_11.png 749w, https:\/\/web.umons.ac.be\/app\/uploads\/sites\/3\/2018\/05\/Image_11-300x260.png 300w, https:\/\/web.umons.ac.be\/app\/uploads\/sites\/3\/2018\/05\/Image_11-30x26.png 30w, https:\/\/web.umons.ac.be\/app\/uploads\/sites\/3\/2018\/05\/Image_11-60x52.png 60w, https:\/\/web.umons.ac.be\/app\/uploads\/sites\/3\/2018\/05\/Image_11-360x312.png 360w\" sizes=\"auto, (max-width: 749px) 100vw, 749px\" \/><figcaption id=\"caption-attachment-1114\" class=\"wp-caption-text\">Application du mod\u00e8le de Salmon, De Ketele et Parmentier (2007) des r\u00e9alisations d&rsquo;aide \u00e0 la r\u00e9ussite pour la FPSE<\/figcaption><\/figure>\n","protected":false},"excerpt":{"rendered":"<p>Learning Centre La formation universitaire de mani\u00e8re g\u00e9n\u00e9rale et, peut-\u00eatre encore plus sp\u00e9cifiquement, la formation universitaire en \u00ab\u00a0horaire d\u00e9cal\u00e9\u00a0\u00bb, n\u00e9cessite la mise \u00e0 disposition, pour les \u00e9tudiants, d\u2019espaces adapt\u00e9s, flexibles et outill\u00e9s, b\u00e9n\u00e9ficiant de certains am\u00e9nagements au niveau du confort, de l\u2019esth\u00e9tisme faisant d\u2019eux des lieux attractifs s\u2019articulant aux besoins, aux al\u00e9as de la vie [&hellip;]<\/p>\n","protected":false},"author":2,"featured_media":0,"parent":94,"menu_order":2,"comment_status":"closed","ping_status":"closed","template":"","meta":{"footnotes":""},"class_list":["post-101","page","type-page","status-publish","hentry"],"yoast_head":"<!-- This site is optimized with the Yoast SEO plugin v27.2 - https:\/\/yoast.com\/product\/yoast-seo-wordpress\/ -->\n<title>Outils - Facult\u00e9 \/ FPSE<\/title>\n<meta name=\"robots\" content=\"index, follow, max-snippet:-1, max-image-preview:large, max-video-preview:-1\" \/>\n<link rel=\"canonical\" href=\"https:\/\/web.umons.ac.be\/fpse\/fr\/etudes\/aide-a-reussite\/outils\/\" \/>\n<meta property=\"og:locale\" content=\"fr_FR\" \/>\n<meta property=\"og:type\" content=\"article\" \/>\n<meta property=\"og:title\" content=\"Outils - Facult\u00e9 \/ FPSE\" \/>\n<meta property=\"og:description\" content=\"Learning Centre La formation universitaire de mani\u00e8re g\u00e9n\u00e9rale et, peut-\u00eatre encore plus sp\u00e9cifiquement, la formation universitaire en \u00ab\u00a0horaire d\u00e9cal\u00e9\u00a0\u00bb, n\u00e9cessite la mise \u00e0 disposition, pour les \u00e9tudiants, d\u2019espaces adapt\u00e9s, flexibles et outill\u00e9s, b\u00e9n\u00e9ficiant de certains am\u00e9nagements au niveau du confort, de l\u2019esth\u00e9tisme faisant d\u2019eux des lieux attractifs s\u2019articulant aux besoins, aux al\u00e9as de la vie [&hellip;]\" \/>\n<meta property=\"og:url\" content=\"https:\/\/web.umons.ac.be\/fpse\/fr\/etudes\/aide-a-reussite\/outils\/\" \/>\n<meta property=\"og:site_name\" content=\"Facult\u00e9 \/ FPSE\" \/>\n<meta property=\"article:modified_time\" content=\"2018-05-16T08:26:34+00:00\" \/>\n<meta property=\"og:image\" content=\"https:\/\/web.umons.ac.be\/app\/uploads\/sites\/3\/2018\/05\/Image_10.png\" \/>\n<meta name=\"twitter:card\" content=\"summary_large_image\" \/>\n<meta name=\"twitter:label1\" content=\"Dur\u00e9e de lecture estim\u00e9e\" \/>\n\t<meta name=\"twitter:data1\" content=\"2 minutes\" \/>\n<script type=\"application\/ld+json\" class=\"yoast-schema-graph\">{\"@context\":\"https:\/\/schema.org\",\"@graph\":[{\"@type\":\"WebPage\",\"@id\":\"https:\/\/web.umons.ac.be\/fpse\/fr\/etudes\/aide-a-reussite\/outils\/\",\"url\":\"https:\/\/web.umons.ac.be\/fpse\/fr\/etudes\/aide-a-reussite\/outils\/\",\"name\":\"Outils - Facult\u00e9 \/ FPSE\",\"isPartOf\":{\"@id\":\"https:\/\/web.umons.ac.be\/fpse\/#website\"},\"primaryImageOfPage\":{\"@id\":\"https:\/\/web.umons.ac.be\/fpse\/fr\/etudes\/aide-a-reussite\/outils\/#primaryimage\"},\"image\":{\"@id\":\"https:\/\/web.umons.ac.be\/fpse\/fr\/etudes\/aide-a-reussite\/outils\/#primaryimage\"},\"thumbnailUrl\":\"https:\/\/web.umons.ac.be\/app\/uploads\/sites\/3\/2018\/05\/Image_10.png\",\"datePublished\":\"2017-04-27T14:51:13+00:00\",\"dateModified\":\"2018-05-16T08:26:34+00:00\",\"breadcrumb\":{\"@id\":\"https:\/\/web.umons.ac.be\/fpse\/fr\/etudes\/aide-a-reussite\/outils\/#breadcrumb\"},\"inLanguage\":\"fr-FR\",\"potentialAction\":[{\"@type\":\"ReadAction\",\"target\":[\"https:\/\/web.umons.ac.be\/fpse\/fr\/etudes\/aide-a-reussite\/outils\/\"]}]},{\"@type\":\"ImageObject\",\"inLanguage\":\"fr-FR\",\"@id\":\"https:\/\/web.umons.ac.be\/fpse\/fr\/etudes\/aide-a-reussite\/outils\/#primaryimage\",\"url\":\"https:\/\/web.umons.ac.be\/app\/uploads\/sites\/3\/2018\/05\/Image_10.png\",\"contentUrl\":\"https:\/\/web.umons.ac.be\/app\/uploads\/sites\/3\/2018\/05\/Image_10.png\"},{\"@type\":\"BreadcrumbList\",\"@id\":\"https:\/\/web.umons.ac.be\/fpse\/fr\/etudes\/aide-a-reussite\/outils\/#breadcrumb\",\"itemListElement\":[{\"@type\":\"ListItem\",\"position\":1,\"name\":\"Accueil\",\"item\":\"https:\/\/web.umons.ac.be\/fpse\/fr\/\"},{\"@type\":\"ListItem\",\"position\":2,\"name\":\"Etudes\",\"item\":\"https:\/\/web.umons.ac.be\/fpse\/fr\/etudes\/\"},{\"@type\":\"ListItem\",\"position\":3,\"name\":\"Aide \u00e0 la r\u00e9ussite\",\"item\":\"https:\/\/web.umons.ac.be\/fpse\/fr\/etudes\/aide-a-reussite\/\"},{\"@type\":\"ListItem\",\"position\":4,\"name\":\"Outils\"}]},{\"@type\":\"WebSite\",\"@id\":\"https:\/\/web.umons.ac.be\/fpse\/#website\",\"url\":\"https:\/\/web.umons.ac.be\/fpse\/\",\"name\":\"Facult\u00e9 \/ FPSE\",\"description\":\"\",\"potentialAction\":[{\"@type\":\"SearchAction\",\"target\":{\"@type\":\"EntryPoint\",\"urlTemplate\":\"https:\/\/web.umons.ac.be\/fpse\/?s={search_term_string}\"},\"query-input\":{\"@type\":\"PropertyValueSpecification\",\"valueRequired\":true,\"valueName\":\"search_term_string\"}}],\"inLanguage\":\"fr-FR\"}]}<\/script>\n<!-- \/ Yoast SEO plugin. -->","yoast_head_json":{"title":"Outils - Facult\u00e9 \/ FPSE","robots":{"index":"index","follow":"follow","max-snippet":"max-snippet:-1","max-image-preview":"max-image-preview:large","max-video-preview":"max-video-preview:-1"},"canonical":"https:\/\/web.umons.ac.be\/fpse\/fr\/etudes\/aide-a-reussite\/outils\/","og_locale":"fr_FR","og_type":"article","og_title":"Outils - Facult\u00e9 \/ FPSE","og_description":"Learning Centre La formation universitaire de mani\u00e8re g\u00e9n\u00e9rale et, peut-\u00eatre encore plus sp\u00e9cifiquement, la formation universitaire en \u00ab\u00a0horaire d\u00e9cal\u00e9\u00a0\u00bb, n\u00e9cessite la mise \u00e0 disposition, pour les \u00e9tudiants, d\u2019espaces adapt\u00e9s, flexibles et outill\u00e9s, b\u00e9n\u00e9ficiant de certains am\u00e9nagements au niveau du confort, de l\u2019esth\u00e9tisme faisant d\u2019eux des lieux attractifs s\u2019articulant aux besoins, aux al\u00e9as de la vie [&hellip;]","og_url":"https:\/\/web.umons.ac.be\/fpse\/fr\/etudes\/aide-a-reussite\/outils\/","og_site_name":"Facult\u00e9 \/ FPSE","article_modified_time":"2018-05-16T08:26:34+00:00","og_image":[{"url":"https:\/\/web.umons.ac.be\/app\/uploads\/sites\/3\/2018\/05\/Image_10.png","type":"","width":"","height":""}],"twitter_card":"summary_large_image","twitter_misc":{"Dur\u00e9e de lecture estim\u00e9e":"2 minutes"},"schema":{"@context":"https:\/\/schema.org","@graph":[{"@type":"WebPage","@id":"https:\/\/web.umons.ac.be\/fpse\/fr\/etudes\/aide-a-reussite\/outils\/","url":"https:\/\/web.umons.ac.be\/fpse\/fr\/etudes\/aide-a-reussite\/outils\/","name":"Outils - Facult\u00e9 \/ FPSE","isPartOf":{"@id":"https:\/\/web.umons.ac.be\/fpse\/#website"},"primaryImageOfPage":{"@id":"https:\/\/web.umons.ac.be\/fpse\/fr\/etudes\/aide-a-reussite\/outils\/#primaryimage"},"image":{"@id":"https:\/\/web.umons.ac.be\/fpse\/fr\/etudes\/aide-a-reussite\/outils\/#primaryimage"},"thumbnailUrl":"https:\/\/web.umons.ac.be\/app\/uploads\/sites\/3\/2018\/05\/Image_10.png","datePublished":"2017-04-27T14:51:13+00:00","dateModified":"2018-05-16T08:26:34+00:00","breadcrumb":{"@id":"https:\/\/web.umons.ac.be\/fpse\/fr\/etudes\/aide-a-reussite\/outils\/#breadcrumb"},"inLanguage":"fr-FR","potentialAction":[{"@type":"ReadAction","target":["https:\/\/web.umons.ac.be\/fpse\/fr\/etudes\/aide-a-reussite\/outils\/"]}]},{"@type":"ImageObject","inLanguage":"fr-FR","@id":"https:\/\/web.umons.ac.be\/fpse\/fr\/etudes\/aide-a-reussite\/outils\/#primaryimage","url":"https:\/\/web.umons.ac.be\/app\/uploads\/sites\/3\/2018\/05\/Image_10.png","contentUrl":"https:\/\/web.umons.ac.be\/app\/uploads\/sites\/3\/2018\/05\/Image_10.png"},{"@type":"BreadcrumbList","@id":"https:\/\/web.umons.ac.be\/fpse\/fr\/etudes\/aide-a-reussite\/outils\/#breadcrumb","itemListElement":[{"@type":"ListItem","position":1,"name":"Accueil","item":"https:\/\/web.umons.ac.be\/fpse\/fr\/"},{"@type":"ListItem","position":2,"name":"Etudes","item":"https:\/\/web.umons.ac.be\/fpse\/fr\/etudes\/"},{"@type":"ListItem","position":3,"name":"Aide \u00e0 la r\u00e9ussite","item":"https:\/\/web.umons.ac.be\/fpse\/fr\/etudes\/aide-a-reussite\/"},{"@type":"ListItem","position":4,"name":"Outils"}]},{"@type":"WebSite","@id":"https:\/\/web.umons.ac.be\/fpse\/#website","url":"https:\/\/web.umons.ac.be\/fpse\/","name":"Facult\u00e9 \/ FPSE","description":"","potentialAction":[{"@type":"SearchAction","target":{"@type":"EntryPoint","urlTemplate":"https:\/\/web.umons.ac.be\/fpse\/?s={search_term_string}"},"query-input":{"@type":"PropertyValueSpecification","valueRequired":true,"valueName":"search_term_string"}}],"inLanguage":"fr-FR"}]}},"lang":"fr","translations":{"fr":101,"en":867},"pll_sync_post":[],"_links":{"self":[{"href":"https:\/\/web.umons.ac.be\/fpse\/wp-json\/wp\/v2\/pages\/101","targetHints":{"allow":["GET"]}}],"collection":[{"href":"https:\/\/web.umons.ac.be\/fpse\/wp-json\/wp\/v2\/pages"}],"about":[{"href":"https:\/\/web.umons.ac.be\/fpse\/wp-json\/wp\/v2\/types\/page"}],"author":[{"embeddable":true,"href":"https:\/\/web.umons.ac.be\/fpse\/wp-json\/wp\/v2\/users\/2"}],"replies":[{"embeddable":true,"href":"https:\/\/web.umons.ac.be\/fpse\/wp-json\/wp\/v2\/comments?post=101"}],"version-history":[{"count":8,"href":"https:\/\/web.umons.ac.be\/fpse\/wp-json\/wp\/v2\/pages\/101\/revisions"}],"predecessor-version":[{"id":1151,"href":"https:\/\/web.umons.ac.be\/fpse\/wp-json\/wp\/v2\/pages\/101\/revisions\/1151"}],"up":[{"embeddable":true,"href":"https:\/\/web.umons.ac.be\/fpse\/wp-json\/wp\/v2\/pages\/94"}],"wp:attachment":[{"href":"https:\/\/web.umons.ac.be\/fpse\/wp-json\/wp\/v2\/media?parent=101"}],"curies":[{"name":"wp","href":"https:\/\/api.w.org\/{rel}","templated":true}]}}