{"id":104,"date":"2017-04-27T16:51:46","date_gmt":"2017-04-27T14:51:46","guid":{"rendered":"https:\/\/web.umons.ac.be\/faculte\/fpse\/?page_id=104"},"modified":"2018-05-16T10:24:06","modified_gmt":"2018-05-16T08:24:06","slug":"adaptation-pedagogique-2","status":"publish","type":"page","link":"https:\/\/web.umons.ac.be\/fpse\/fr\/etudes\/aide-a-reussite\/adaptation-pedagogique-2\/","title":{"rendered":"Adaptation p\u00e9dagogique"},"content":{"rendered":"<h2>S\u00e9minaire m\u00e9moire<\/h2>\n<p>La FPSE propose aux \u00e9tudiants inscrits dans les Masters en Sciences Psychologiques et en Sciences de l\u2019Education d\u2019entamer leur m\u00e9moire de fin d\u2019\u00e9tudes d\u00e8s leur entr\u00e9e dans le Master. Ce dispositif p\u00e9dagogique est structur\u00e9 autour de plusieurs activit\u00e9s p\u00e9dagogiques, dont deux communes \u00e0 tous les \u00e9tudiants. Ces deux activit\u00e9s sont \u00e9chelonn\u00e9es durant la premi\u00e8re ann\u00e9e de Master\u00a0: \u00e0 l\u2019occasion de la session de janvier, les \u00e9tudiants remettent une synth\u00e8se d\u2019articles clefs en lien avec la th\u00e9matique du m\u00e9moire poursuivi. \u00c0 la fin de l\u2019ann\u00e9e acad\u00e9mique, lors de la session de juin, les \u00e9tudiants remettent une proposition de m\u00e9thodologie \u00e0 mettre en \u0153uvre dans le cadre de la seconde ann\u00e9e de Master. L\u2019ensemble du processus est supervis\u00e9 par les services de recherche et d\u2019enseignement de la Facult\u00e9.<\/p>\n<figure id=\"attachment_1145\" aria-describedby=\"caption-attachment-1145\" style=\"width: 1044px\" class=\"wp-caption alignnone\"><img loading=\"lazy\" decoding=\"async\" class=\"size-full wp-image-1145\" src=\"https:\/\/web.umons.ac.be\/app\/uploads\/sites\/3\/2018\/05\/Image_6.png\" alt=\"\" width=\"1044\" height=\"1000\" srcset=\"https:\/\/web.umons.ac.be\/app\/uploads\/sites\/3\/2018\/05\/Image_6.png 1044w, https:\/\/web.umons.ac.be\/app\/uploads\/sites\/3\/2018\/05\/Image_6-300x287.png 300w, https:\/\/web.umons.ac.be\/app\/uploads\/sites\/3\/2018\/05\/Image_6-768x736.png 768w, https:\/\/web.umons.ac.be\/app\/uploads\/sites\/3\/2018\/05\/Image_6-1024x981.png 1024w, https:\/\/web.umons.ac.be\/app\/uploads\/sites\/3\/2018\/05\/Image_6-689x660.png 689w, https:\/\/web.umons.ac.be\/app\/uploads\/sites\/3\/2018\/05\/Image_6-30x29.png 30w, https:\/\/web.umons.ac.be\/app\/uploads\/sites\/3\/2018\/05\/Image_6-60x57.png 60w, https:\/\/web.umons.ac.be\/app\/uploads\/sites\/3\/2018\/05\/Image_6-360x345.png 360w\" sizes=\"auto, (max-width: 1044px) 100vw, 1044px\" \/><figcaption id=\"caption-attachment-1145\" class=\"wp-caption-text\">Application du mod\u00e8le de Salmon, De Ketele et Parmentier (2007) des r\u00e9alisations d&rsquo;aide \u00e0 la r\u00e9ussite pour la FPSE<\/figcaption><\/figure>\n<h2>MOOC<\/h2>\n<p>Disposant de comp\u00e9tences dans le domaine de l\u2019enseignement en ligne, de la formation et de la p\u00e9dagogie universitaire, la Facult\u00e9 de Psychologie et des Sciences de l\u2019Education a d\u00e9velopp\u00e9 pour la deuxi\u00e8me ann\u00e9e cons\u00e9cutive un MOOC (Massive Open Online Course), d\u2019une part destin\u00e9 \u00e0 ses propres \u00e9tudiants, d\u2019autre part, \u00e0 destination de l\u2019ensemble des personnes int\u00e9ress\u00e9es par la th\u00e9matique abord\u00e9e par ce MOOC.<\/p>\n<p>Les objectifs de ce MOOC ou UMOOC sont de\u00a0faire d\u00e9couvrir\u00a0 aux apprenants\u00a0de mani\u00e8re active diff\u00e9rents principes p\u00e9dagogiques qui peuvent faire la diff\u00e9rence en termes d\u2019apprentissage.<\/p>\n<p>La r\u00e9flexion p\u00e9dagogique sous-jacente \u00e0 la mise en place de ce dispositif est de rendre les \u00e9tudiants actifs et acteurs de leurs apprentissages, dimensions essentielles dans le cadre de la r\u00e9ussite universitaire.<\/p>\n<p>Cette initiative d\u00e9coule d&rsquo;une action combin\u00e9e du Service de P\u00e9dagogie g\u00e9n\u00e9rale et m\u00e9dias \u00e9ducatifs\u00a0dirig\u00e9 par le Professeur Bruno De Li\u00e8vre\u00a0et de la Cellule Facultaire de P\u00e9dagogie Universitaire (CFPU) pilot\u00e9e \u00e9galement par Monsieur\u00a0De Li\u00e8vre.<\/p>\n<figure id=\"attachment_1146\" aria-describedby=\"caption-attachment-1146\" style=\"width: 1184px\" class=\"wp-caption alignnone\"><img loading=\"lazy\" decoding=\"async\" class=\"size-full wp-image-1146\" src=\"https:\/\/web.umons.ac.be\/app\/uploads\/sites\/3\/2018\/05\/Image_7.png\" alt=\"\" width=\"1184\" height=\"1030\" srcset=\"https:\/\/web.umons.ac.be\/app\/uploads\/sites\/3\/2018\/05\/Image_7.png 1184w, https:\/\/web.umons.ac.be\/app\/uploads\/sites\/3\/2018\/05\/Image_7-300x261.png 300w, https:\/\/web.umons.ac.be\/app\/uploads\/sites\/3\/2018\/05\/Image_7-768x668.png 768w, https:\/\/web.umons.ac.be\/app\/uploads\/sites\/3\/2018\/05\/Image_7-1024x891.png 1024w, https:\/\/web.umons.ac.be\/app\/uploads\/sites\/3\/2018\/05\/Image_7-759x660.png 759w, https:\/\/web.umons.ac.be\/app\/uploads\/sites\/3\/2018\/05\/Image_7-30x26.png 30w, https:\/\/web.umons.ac.be\/app\/uploads\/sites\/3\/2018\/05\/Image_7-60x52.png 60w, https:\/\/web.umons.ac.be\/app\/uploads\/sites\/3\/2018\/05\/Image_7-360x313.png 360w\" sizes=\"auto, (max-width: 1184px) 100vw, 1184px\" \/><figcaption id=\"caption-attachment-1146\" class=\"wp-caption-text\">Application du mod\u00e8le de Salmon, De Ketele et Parmentier (2007) des r\u00e9alisations d&rsquo;aide \u00e0 la r\u00e9ussite pour la FPSE<\/figcaption><\/figure>\n","protected":false},"excerpt":{"rendered":"<p>S\u00e9minaire m\u00e9moire La FPSE propose aux \u00e9tudiants inscrits dans les Masters en Sciences Psychologiques et en Sciences de l\u2019Education d\u2019entamer leur m\u00e9moire de fin d\u2019\u00e9tudes d\u00e8s leur entr\u00e9e dans le Master. Ce dispositif p\u00e9dagogique est structur\u00e9 autour de plusieurs activit\u00e9s p\u00e9dagogiques, dont deux communes \u00e0 tous les \u00e9tudiants. Ces deux activit\u00e9s sont \u00e9chelonn\u00e9es durant la [&hellip;]<\/p>\n","protected":false},"author":2,"featured_media":0,"parent":94,"menu_order":2,"comment_status":"closed","ping_status":"closed","template":"","meta":{"footnotes":""},"class_list":["post-104","page","type-page","status-publish","hentry"],"yoast_head":"<!-- This site is optimized with the Yoast SEO plugin v27.2 - https:\/\/yoast.com\/product\/yoast-seo-wordpress\/ -->\n<title>Adaptation p\u00e9dagogique - Facult\u00e9 \/ FPSE<\/title>\n<meta name=\"robots\" content=\"index, follow, max-snippet:-1, max-image-preview:large, max-video-preview:-1\" \/>\n<link rel=\"canonical\" href=\"https:\/\/web.umons.ac.be\/fpse\/fr\/etudes\/aide-a-reussite\/adaptation-pedagogique-2\/\" \/>\n<meta property=\"og:locale\" content=\"fr_FR\" \/>\n<meta property=\"og:type\" content=\"article\" \/>\n<meta property=\"og:title\" content=\"Adaptation p\u00e9dagogique - Facult\u00e9 \/ FPSE\" \/>\n<meta property=\"og:description\" content=\"S\u00e9minaire m\u00e9moire La FPSE propose aux \u00e9tudiants inscrits dans les Masters en Sciences Psychologiques et en Sciences de l\u2019Education d\u2019entamer leur m\u00e9moire de fin d\u2019\u00e9tudes d\u00e8s leur entr\u00e9e dans le Master. Ce dispositif p\u00e9dagogique est structur\u00e9 autour de plusieurs activit\u00e9s p\u00e9dagogiques, dont deux communes \u00e0 tous les \u00e9tudiants. Ces deux activit\u00e9s sont \u00e9chelonn\u00e9es durant la [&hellip;]\" \/>\n<meta property=\"og:url\" content=\"https:\/\/web.umons.ac.be\/fpse\/fr\/etudes\/aide-a-reussite\/adaptation-pedagogique-2\/\" \/>\n<meta property=\"og:site_name\" content=\"Facult\u00e9 \/ FPSE\" \/>\n<meta property=\"article:modified_time\" content=\"2018-05-16T08:24:06+00:00\" \/>\n<meta property=\"og:image\" content=\"https:\/\/web.umons.ac.be\/app\/uploads\/sites\/3\/2018\/05\/Image_6.png\" \/>\n<meta name=\"twitter:card\" content=\"summary_large_image\" \/>\n<meta name=\"twitter:label1\" content=\"Dur\u00e9e de lecture estim\u00e9e\" \/>\n\t<meta name=\"twitter:data1\" content=\"2 minutes\" \/>\n<script type=\"application\/ld+json\" class=\"yoast-schema-graph\">{\"@context\":\"https:\/\/schema.org\",\"@graph\":[{\"@type\":\"WebPage\",\"@id\":\"https:\/\/web.umons.ac.be\/fpse\/fr\/etudes\/aide-a-reussite\/adaptation-pedagogique-2\/\",\"url\":\"https:\/\/web.umons.ac.be\/fpse\/fr\/etudes\/aide-a-reussite\/adaptation-pedagogique-2\/\",\"name\":\"Adaptation p\u00e9dagogique - Facult\u00e9 \/ FPSE\",\"isPartOf\":{\"@id\":\"https:\/\/web.umons.ac.be\/fpse\/#website\"},\"primaryImageOfPage\":{\"@id\":\"https:\/\/web.umons.ac.be\/fpse\/fr\/etudes\/aide-a-reussite\/adaptation-pedagogique-2\/#primaryimage\"},\"image\":{\"@id\":\"https:\/\/web.umons.ac.be\/fpse\/fr\/etudes\/aide-a-reussite\/adaptation-pedagogique-2\/#primaryimage\"},\"thumbnailUrl\":\"https:\/\/web.umons.ac.be\/app\/uploads\/sites\/3\/2018\/05\/Image_6.png\",\"datePublished\":\"2017-04-27T14:51:46+00:00\",\"dateModified\":\"2018-05-16T08:24:06+00:00\",\"breadcrumb\":{\"@id\":\"https:\/\/web.umons.ac.be\/fpse\/fr\/etudes\/aide-a-reussite\/adaptation-pedagogique-2\/#breadcrumb\"},\"inLanguage\":\"fr-FR\",\"potentialAction\":[{\"@type\":\"ReadAction\",\"target\":[\"https:\/\/web.umons.ac.be\/fpse\/fr\/etudes\/aide-a-reussite\/adaptation-pedagogique-2\/\"]}]},{\"@type\":\"ImageObject\",\"inLanguage\":\"fr-FR\",\"@id\":\"https:\/\/web.umons.ac.be\/fpse\/fr\/etudes\/aide-a-reussite\/adaptation-pedagogique-2\/#primaryimage\",\"url\":\"https:\/\/web.umons.ac.be\/app\/uploads\/sites\/3\/2018\/05\/Image_6.png\",\"contentUrl\":\"https:\/\/web.umons.ac.be\/app\/uploads\/sites\/3\/2018\/05\/Image_6.png\"},{\"@type\":\"BreadcrumbList\",\"@id\":\"https:\/\/web.umons.ac.be\/fpse\/fr\/etudes\/aide-a-reussite\/adaptation-pedagogique-2\/#breadcrumb\",\"itemListElement\":[{\"@type\":\"ListItem\",\"position\":1,\"name\":\"Accueil\",\"item\":\"https:\/\/web.umons.ac.be\/fpse\/fr\/\"},{\"@type\":\"ListItem\",\"position\":2,\"name\":\"Etudes\",\"item\":\"https:\/\/web.umons.ac.be\/fpse\/fr\/etudes\/\"},{\"@type\":\"ListItem\",\"position\":3,\"name\":\"Aide \u00e0 la r\u00e9ussite\",\"item\":\"https:\/\/web.umons.ac.be\/fpse\/fr\/etudes\/aide-a-reussite\/\"},{\"@type\":\"ListItem\",\"position\":4,\"name\":\"Adaptation p\u00e9dagogique\"}]},{\"@type\":\"WebSite\",\"@id\":\"https:\/\/web.umons.ac.be\/fpse\/#website\",\"url\":\"https:\/\/web.umons.ac.be\/fpse\/\",\"name\":\"Facult\u00e9 \/ FPSE\",\"description\":\"\",\"potentialAction\":[{\"@type\":\"SearchAction\",\"target\":{\"@type\":\"EntryPoint\",\"urlTemplate\":\"https:\/\/web.umons.ac.be\/fpse\/?s={search_term_string}\"},\"query-input\":{\"@type\":\"PropertyValueSpecification\",\"valueRequired\":true,\"valueName\":\"search_term_string\"}}],\"inLanguage\":\"fr-FR\"}]}<\/script>\n<!-- \/ Yoast SEO plugin. -->","yoast_head_json":{"title":"Adaptation p\u00e9dagogique - Facult\u00e9 \/ FPSE","robots":{"index":"index","follow":"follow","max-snippet":"max-snippet:-1","max-image-preview":"max-image-preview:large","max-video-preview":"max-video-preview:-1"},"canonical":"https:\/\/web.umons.ac.be\/fpse\/fr\/etudes\/aide-a-reussite\/adaptation-pedagogique-2\/","og_locale":"fr_FR","og_type":"article","og_title":"Adaptation p\u00e9dagogique - Facult\u00e9 \/ FPSE","og_description":"S\u00e9minaire m\u00e9moire La FPSE propose aux \u00e9tudiants inscrits dans les Masters en Sciences Psychologiques et en Sciences de l\u2019Education d\u2019entamer leur m\u00e9moire de fin d\u2019\u00e9tudes d\u00e8s leur entr\u00e9e dans le Master. Ce dispositif p\u00e9dagogique est structur\u00e9 autour de plusieurs activit\u00e9s p\u00e9dagogiques, dont deux communes \u00e0 tous les \u00e9tudiants. Ces deux activit\u00e9s sont \u00e9chelonn\u00e9es durant la [&hellip;]","og_url":"https:\/\/web.umons.ac.be\/fpse\/fr\/etudes\/aide-a-reussite\/adaptation-pedagogique-2\/","og_site_name":"Facult\u00e9 \/ FPSE","article_modified_time":"2018-05-16T08:24:06+00:00","og_image":[{"url":"https:\/\/web.umons.ac.be\/app\/uploads\/sites\/3\/2018\/05\/Image_6.png","type":"","width":"","height":""}],"twitter_card":"summary_large_image","twitter_misc":{"Dur\u00e9e de lecture estim\u00e9e":"2 minutes"},"schema":{"@context":"https:\/\/schema.org","@graph":[{"@type":"WebPage","@id":"https:\/\/web.umons.ac.be\/fpse\/fr\/etudes\/aide-a-reussite\/adaptation-pedagogique-2\/","url":"https:\/\/web.umons.ac.be\/fpse\/fr\/etudes\/aide-a-reussite\/adaptation-pedagogique-2\/","name":"Adaptation p\u00e9dagogique - Facult\u00e9 \/ FPSE","isPartOf":{"@id":"https:\/\/web.umons.ac.be\/fpse\/#website"},"primaryImageOfPage":{"@id":"https:\/\/web.umons.ac.be\/fpse\/fr\/etudes\/aide-a-reussite\/adaptation-pedagogique-2\/#primaryimage"},"image":{"@id":"https:\/\/web.umons.ac.be\/fpse\/fr\/etudes\/aide-a-reussite\/adaptation-pedagogique-2\/#primaryimage"},"thumbnailUrl":"https:\/\/web.umons.ac.be\/app\/uploads\/sites\/3\/2018\/05\/Image_6.png","datePublished":"2017-04-27T14:51:46+00:00","dateModified":"2018-05-16T08:24:06+00:00","breadcrumb":{"@id":"https:\/\/web.umons.ac.be\/fpse\/fr\/etudes\/aide-a-reussite\/adaptation-pedagogique-2\/#breadcrumb"},"inLanguage":"fr-FR","potentialAction":[{"@type":"ReadAction","target":["https:\/\/web.umons.ac.be\/fpse\/fr\/etudes\/aide-a-reussite\/adaptation-pedagogique-2\/"]}]},{"@type":"ImageObject","inLanguage":"fr-FR","@id":"https:\/\/web.umons.ac.be\/fpse\/fr\/etudes\/aide-a-reussite\/adaptation-pedagogique-2\/#primaryimage","url":"https:\/\/web.umons.ac.be\/app\/uploads\/sites\/3\/2018\/05\/Image_6.png","contentUrl":"https:\/\/web.umons.ac.be\/app\/uploads\/sites\/3\/2018\/05\/Image_6.png"},{"@type":"BreadcrumbList","@id":"https:\/\/web.umons.ac.be\/fpse\/fr\/etudes\/aide-a-reussite\/adaptation-pedagogique-2\/#breadcrumb","itemListElement":[{"@type":"ListItem","position":1,"name":"Accueil","item":"https:\/\/web.umons.ac.be\/fpse\/fr\/"},{"@type":"ListItem","position":2,"name":"Etudes","item":"https:\/\/web.umons.ac.be\/fpse\/fr\/etudes\/"},{"@type":"ListItem","position":3,"name":"Aide \u00e0 la r\u00e9ussite","item":"https:\/\/web.umons.ac.be\/fpse\/fr\/etudes\/aide-a-reussite\/"},{"@type":"ListItem","position":4,"name":"Adaptation p\u00e9dagogique"}]},{"@type":"WebSite","@id":"https:\/\/web.umons.ac.be\/fpse\/#website","url":"https:\/\/web.umons.ac.be\/fpse\/","name":"Facult\u00e9 \/ FPSE","description":"","potentialAction":[{"@type":"SearchAction","target":{"@type":"EntryPoint","urlTemplate":"https:\/\/web.umons.ac.be\/fpse\/?s={search_term_string}"},"query-input":{"@type":"PropertyValueSpecification","valueRequired":true,"valueName":"search_term_string"}}],"inLanguage":"fr-FR"}]}},"lang":"fr","translations":{"fr":104,"en":879},"pll_sync_post":[],"_links":{"self":[{"href":"https:\/\/web.umons.ac.be\/fpse\/wp-json\/wp\/v2\/pages\/104","targetHints":{"allow":["GET"]}}],"collection":[{"href":"https:\/\/web.umons.ac.be\/fpse\/wp-json\/wp\/v2\/pages"}],"about":[{"href":"https:\/\/web.umons.ac.be\/fpse\/wp-json\/wp\/v2\/types\/page"}],"author":[{"embeddable":true,"href":"https:\/\/web.umons.ac.be\/fpse\/wp-json\/wp\/v2\/users\/2"}],"replies":[{"embeddable":true,"href":"https:\/\/web.umons.ac.be\/fpse\/wp-json\/wp\/v2\/comments?post=104"}],"version-history":[{"count":6,"href":"https:\/\/web.umons.ac.be\/fpse\/wp-json\/wp\/v2\/pages\/104\/revisions"}],"predecessor-version":[{"id":1147,"href":"https:\/\/web.umons.ac.be\/fpse\/wp-json\/wp\/v2\/pages\/104\/revisions\/1147"}],"up":[{"embeddable":true,"href":"https:\/\/web.umons.ac.be\/fpse\/wp-json\/wp\/v2\/pages\/94"}],"wp:attachment":[{"href":"https:\/\/web.umons.ac.be\/fpse\/wp-json\/wp\/v2\/media?parent=104"}],"curies":[{"name":"wp","href":"https:\/\/api.w.org\/{rel}","templated":true}]}}