{"id":1111,"date":"2018-05-15T14:14:25","date_gmt":"2018-05-15T12:14:25","guid":{"rendered":"https:\/\/web.umons.ac.be\/fpse\/?page_id=1111"},"modified":"2018-05-16T10:25:53","modified_gmt":"2018-05-16T08:25:53","slug":"orientation-2","status":"publish","type":"page","link":"https:\/\/web.umons.ac.be\/fpse\/fr\/etudes\/aide-a-reussite\/orientation-2\/","title":{"rendered":"Orientation"},"content":{"rendered":"<h2>Projet personnel et professionnel<\/h2>\n<p>Le \u00ab\u00a0Projet de d\u00e9veloppement personnel et professionnel\u00a0\u00bb est dispens\u00e9 aux \u00e9tudiants inscrits au d\u00e9but, au milieu et en fin de cycle du Bachelier en Sciences psychologiques et de l\u2019\u00e9ducation ainsi qu\u2019\u00e0 certains \u00e9tudiants du programme compl\u00e9mentaire. Ces unit\u00e9s d\u2019enseignement (UE) ont pour objectifs de permettre aux \u00e9tudiants de la FPSE de r\u00e9fl\u00e9chir \u00e0 propos de leur futur m\u00e9tier de psychologue, p\u00e9dagogue ou logop\u00e8de et de construire leur projet professionnel par la r\u00e9alisation de diff\u00e9rentes activit\u00e9s. Parmi ces activit\u00e9s, les \u00e9tudiants ont la possibilit\u00e9 de rencontrer des professionnels exer\u00e7ant dans le domaine de la psychologie ou des sciences de l\u2019\u00e9ducation en participant \u00e0 la soir\u00e9e de rencontre des professionnels de la FPSE et en r\u00e9alisant des interviews sur le terrain.\u00a0Le but de ces rencontres est de permettre aux \u00e9tudiants,\u00a0in fine, d\u2019affiner leurs perceptions du monde professionnel afin de les orienter de mani\u00e8re la plus pertinente dans leur choix de cours une fois parvenu en Master.\u00a0Le \u00ab\u00a0projet de d\u00e9veloppement personnel et professionnel\u00a0\u00bb a \u00e9galement comme particularit\u00e9 de proposer des activit\u00e9s transversales (correction orthographique, r\u00e9alisation de cartes conceptuelles, m\u00e9thodes r\u00e9flexives et scientifiques,&#8230;) transf\u00e9rables dans les autres disciplines propos\u00e9es \u00e0 la FPSE.\u200b<\/p>\n<figure id=\"attachment_1148\" aria-describedby=\"caption-attachment-1148\" style=\"width: 1040px\" class=\"wp-caption alignnone\"><img loading=\"lazy\" decoding=\"async\" class=\"size-full wp-image-1148\" src=\"https:\/\/web.umons.ac.be\/app\/uploads\/sites\/3\/2018\/05\/Image_8.png\" alt=\"\" width=\"1040\" height=\"988\" srcset=\"https:\/\/web.umons.ac.be\/app\/uploads\/sites\/3\/2018\/05\/Image_8.png 1040w, https:\/\/web.umons.ac.be\/app\/uploads\/sites\/3\/2018\/05\/Image_8-300x285.png 300w, https:\/\/web.umons.ac.be\/app\/uploads\/sites\/3\/2018\/05\/Image_8-768x730.png 768w, https:\/\/web.umons.ac.be\/app\/uploads\/sites\/3\/2018\/05\/Image_8-1024x973.png 1024w, https:\/\/web.umons.ac.be\/app\/uploads\/sites\/3\/2018\/05\/Image_8-695x660.png 695w, https:\/\/web.umons.ac.be\/app\/uploads\/sites\/3\/2018\/05\/Image_8-30x29.png 30w, https:\/\/web.umons.ac.be\/app\/uploads\/sites\/3\/2018\/05\/Image_8-60x57.png 60w, https:\/\/web.umons.ac.be\/app\/uploads\/sites\/3\/2018\/05\/Image_8-360x342.png 360w\" sizes=\"auto, (max-width: 1040px) 100vw, 1040px\" \/><figcaption id=\"caption-attachment-1148\" class=\"wp-caption-text\">Application du mod\u00e8le de Salmon, De Ketele et Parmentier (2007) des r\u00e9alisations d&rsquo;aide \u00e0 la r\u00e9ussite pour la FPSE<\/figcaption><\/figure>\n<h2>Salon de la Facult\u00e9<\/h2>\n<p>La derni\u00e8re et troisi\u00e8me ann\u00e9e du bloc de Bachelier est particuli\u00e8re pour les \u00e9tudiants dans le sens o\u00f9, apr\u00e8s avoir suivi un parcours strictement balis\u00e9 en termes d\u2019enseignements visant \u00e0 les doter des bases dans l\u2019ensemble des domaines de la psychologie et des sciences de l\u2019\u00e9ducation, ils se retrouvent aux portes du Master avec un important choix \u00e0 poser en termes d\u2019orientation dans l\u2019un des secteurs de la psychologie ou des sciences de l\u2019\u00e9ducation.<\/p>\n<p>Afin d\u2019aider les \u00e9tudiants dans ce choix important et parfois difficile, la Facult\u00e9 de Psychologie et des Sciences de l\u2019Education organise annuellement un salon de la Facult\u00e9 o\u00f9 l\u2019ensemble des services d\u2019enseignement de la Facult\u00e9, mais \u00e9galement les diff\u00e9rents services g\u00e9n\u00e9raux tels que le secr\u00e9tariat, le service des relations internationales, etc. proposent de recevoir les \u00e9tudiants seuls ou en petits groupes afin de r\u00e9pondre \u00e0 leurs questions, envisager avec eux leur avenir au sein de la facult\u00e9, imaginer quel pourrait \u00eatre le s\u00e9jour \u00e0 l\u2019\u00e9tranger pouvant \u00eatre r\u00e9alis\u00e9 en coh\u00e9rence avec les choix d\u2019orientation pos\u00e9s, etc.<\/p>\n<figure id=\"attachment_1149\" aria-describedby=\"caption-attachment-1149\" style=\"width: 1008px\" class=\"wp-caption alignnone\"><img loading=\"lazy\" decoding=\"async\" class=\"size-full wp-image-1149\" src=\"https:\/\/web.umons.ac.be\/app\/uploads\/sites\/3\/2018\/05\/Image_9.png\" alt=\"\" width=\"1008\" height=\"936\" srcset=\"https:\/\/web.umons.ac.be\/app\/uploads\/sites\/3\/2018\/05\/Image_9.png 1008w, https:\/\/web.umons.ac.be\/app\/uploads\/sites\/3\/2018\/05\/Image_9-300x279.png 300w, https:\/\/web.umons.ac.be\/app\/uploads\/sites\/3\/2018\/05\/Image_9-768x713.png 768w, https:\/\/web.umons.ac.be\/app\/uploads\/sites\/3\/2018\/05\/Image_9-711x660.png 711w, https:\/\/web.umons.ac.be\/app\/uploads\/sites\/3\/2018\/05\/Image_9-30x28.png 30w, https:\/\/web.umons.ac.be\/app\/uploads\/sites\/3\/2018\/05\/Image_9-60x56.png 60w, https:\/\/web.umons.ac.be\/app\/uploads\/sites\/3\/2018\/05\/Image_9-360x334.png 360w\" sizes=\"auto, (max-width: 1008px) 100vw, 1008px\" \/><figcaption id=\"caption-attachment-1149\" class=\"wp-caption-text\">Application du mod\u00e8le de Salmon, De Ketele et Parmentier (2007) des r\u00e9alisations d&rsquo;aide \u00e0 la r\u00e9ussite pour la FPSE<\/figcaption><\/figure>\n","protected":false},"excerpt":{"rendered":"<p>Projet personnel et professionnel Le \u00ab\u00a0Projet de d\u00e9veloppement personnel et professionnel\u00a0\u00bb est dispens\u00e9 aux \u00e9tudiants inscrits au d\u00e9but, au milieu et en fin de cycle du Bachelier en Sciences psychologiques et de l\u2019\u00e9ducation ainsi qu\u2019\u00e0 certains \u00e9tudiants du programme compl\u00e9mentaire. Ces unit\u00e9s d\u2019enseignement (UE) ont pour objectifs de permettre aux \u00e9tudiants de la FPSE de [&hellip;]<\/p>\n","protected":false},"author":2,"featured_media":0,"parent":94,"menu_order":3,"comment_status":"closed","ping_status":"closed","template":"","meta":{"footnotes":""},"class_list":["post-1111","page","type-page","status-publish","hentry"],"yoast_head":"<!-- This site is optimized with the Yoast SEO plugin v27.2 - https:\/\/yoast.com\/product\/yoast-seo-wordpress\/ -->\n<title>Orientation - Facult\u00e9 \/ FPSE<\/title>\n<meta name=\"robots\" content=\"index, follow, max-snippet:-1, max-image-preview:large, max-video-preview:-1\" \/>\n<link rel=\"canonical\" href=\"https:\/\/web.umons.ac.be\/fpse\/fr\/etudes\/aide-a-reussite\/orientation-2\/\" \/>\n<meta property=\"og:locale\" content=\"fr_FR\" \/>\n<meta property=\"og:type\" content=\"article\" \/>\n<meta property=\"og:title\" content=\"Orientation - Facult\u00e9 \/ FPSE\" \/>\n<meta property=\"og:description\" content=\"Projet personnel et professionnel Le \u00ab\u00a0Projet de d\u00e9veloppement personnel et professionnel\u00a0\u00bb est dispens\u00e9 aux \u00e9tudiants inscrits au d\u00e9but, au milieu et en fin de cycle du Bachelier en Sciences psychologiques et de l\u2019\u00e9ducation ainsi qu\u2019\u00e0 certains \u00e9tudiants du programme compl\u00e9mentaire. Ces unit\u00e9s d\u2019enseignement (UE) ont pour objectifs de permettre aux \u00e9tudiants de la FPSE de [&hellip;]\" \/>\n<meta property=\"og:url\" content=\"https:\/\/web.umons.ac.be\/fpse\/fr\/etudes\/aide-a-reussite\/orientation-2\/\" \/>\n<meta property=\"og:site_name\" content=\"Facult\u00e9 \/ FPSE\" \/>\n<meta property=\"article:modified_time\" content=\"2018-05-16T08:25:53+00:00\" \/>\n<meta property=\"og:image\" content=\"https:\/\/web.umons.ac.be\/app\/uploads\/sites\/3\/2018\/05\/Image_8.png\" \/>\n<meta name=\"twitter:card\" content=\"summary_large_image\" \/>\n<meta name=\"twitter:label1\" content=\"Dur\u00e9e de lecture estim\u00e9e\" \/>\n\t<meta name=\"twitter:data1\" content=\"3 minutes\" \/>\n<script type=\"application\/ld+json\" class=\"yoast-schema-graph\">{\"@context\":\"https:\/\/schema.org\",\"@graph\":[{\"@type\":\"WebPage\",\"@id\":\"https:\/\/web.umons.ac.be\/fpse\/fr\/etudes\/aide-a-reussite\/orientation-2\/\",\"url\":\"https:\/\/web.umons.ac.be\/fpse\/fr\/etudes\/aide-a-reussite\/orientation-2\/\",\"name\":\"Orientation - Facult\u00e9 \/ FPSE\",\"isPartOf\":{\"@id\":\"https:\/\/web.umons.ac.be\/fpse\/#website\"},\"primaryImageOfPage\":{\"@id\":\"https:\/\/web.umons.ac.be\/fpse\/fr\/etudes\/aide-a-reussite\/orientation-2\/#primaryimage\"},\"image\":{\"@id\":\"https:\/\/web.umons.ac.be\/fpse\/fr\/etudes\/aide-a-reussite\/orientation-2\/#primaryimage\"},\"thumbnailUrl\":\"https:\/\/web.umons.ac.be\/app\/uploads\/sites\/3\/2018\/05\/Image_8.png\",\"datePublished\":\"2018-05-15T12:14:25+00:00\",\"dateModified\":\"2018-05-16T08:25:53+00:00\",\"breadcrumb\":{\"@id\":\"https:\/\/web.umons.ac.be\/fpse\/fr\/etudes\/aide-a-reussite\/orientation-2\/#breadcrumb\"},\"inLanguage\":\"fr-FR\",\"potentialAction\":[{\"@type\":\"ReadAction\",\"target\":[\"https:\/\/web.umons.ac.be\/fpse\/fr\/etudes\/aide-a-reussite\/orientation-2\/\"]}]},{\"@type\":\"ImageObject\",\"inLanguage\":\"fr-FR\",\"@id\":\"https:\/\/web.umons.ac.be\/fpse\/fr\/etudes\/aide-a-reussite\/orientation-2\/#primaryimage\",\"url\":\"https:\/\/web.umons.ac.be\/app\/uploads\/sites\/3\/2018\/05\/Image_8.png\",\"contentUrl\":\"https:\/\/web.umons.ac.be\/app\/uploads\/sites\/3\/2018\/05\/Image_8.png\"},{\"@type\":\"BreadcrumbList\",\"@id\":\"https:\/\/web.umons.ac.be\/fpse\/fr\/etudes\/aide-a-reussite\/orientation-2\/#breadcrumb\",\"itemListElement\":[{\"@type\":\"ListItem\",\"position\":1,\"name\":\"Accueil\",\"item\":\"https:\/\/web.umons.ac.be\/fpse\/fr\/\"},{\"@type\":\"ListItem\",\"position\":2,\"name\":\"Etudes\",\"item\":\"https:\/\/web.umons.ac.be\/fpse\/fr\/etudes\/\"},{\"@type\":\"ListItem\",\"position\":3,\"name\":\"Aide \u00e0 la r\u00e9ussite\",\"item\":\"https:\/\/web.umons.ac.be\/fpse\/fr\/etudes\/aide-a-reussite\/\"},{\"@type\":\"ListItem\",\"position\":4,\"name\":\"Orientation\"}]},{\"@type\":\"WebSite\",\"@id\":\"https:\/\/web.umons.ac.be\/fpse\/#website\",\"url\":\"https:\/\/web.umons.ac.be\/fpse\/\",\"name\":\"Facult\u00e9 \/ FPSE\",\"description\":\"\",\"potentialAction\":[{\"@type\":\"SearchAction\",\"target\":{\"@type\":\"EntryPoint\",\"urlTemplate\":\"https:\/\/web.umons.ac.be\/fpse\/?s={search_term_string}\"},\"query-input\":{\"@type\":\"PropertyValueSpecification\",\"valueRequired\":true,\"valueName\":\"search_term_string\"}}],\"inLanguage\":\"fr-FR\"}]}<\/script>\n<!-- \/ Yoast SEO plugin. -->","yoast_head_json":{"title":"Orientation - Facult\u00e9 \/ FPSE","robots":{"index":"index","follow":"follow","max-snippet":"max-snippet:-1","max-image-preview":"max-image-preview:large","max-video-preview":"max-video-preview:-1"},"canonical":"https:\/\/web.umons.ac.be\/fpse\/fr\/etudes\/aide-a-reussite\/orientation-2\/","og_locale":"fr_FR","og_type":"article","og_title":"Orientation - Facult\u00e9 \/ FPSE","og_description":"Projet personnel et professionnel Le \u00ab\u00a0Projet de d\u00e9veloppement personnel et professionnel\u00a0\u00bb est dispens\u00e9 aux \u00e9tudiants inscrits au d\u00e9but, au milieu et en fin de cycle du Bachelier en Sciences psychologiques et de l\u2019\u00e9ducation ainsi qu\u2019\u00e0 certains \u00e9tudiants du programme compl\u00e9mentaire. Ces unit\u00e9s d\u2019enseignement (UE) ont pour objectifs de permettre aux \u00e9tudiants de la FPSE de [&hellip;]","og_url":"https:\/\/web.umons.ac.be\/fpse\/fr\/etudes\/aide-a-reussite\/orientation-2\/","og_site_name":"Facult\u00e9 \/ FPSE","article_modified_time":"2018-05-16T08:25:53+00:00","og_image":[{"url":"https:\/\/web.umons.ac.be\/app\/uploads\/sites\/3\/2018\/05\/Image_8.png","type":"","width":"","height":""}],"twitter_card":"summary_large_image","twitter_misc":{"Dur\u00e9e de lecture estim\u00e9e":"3 minutes"},"schema":{"@context":"https:\/\/schema.org","@graph":[{"@type":"WebPage","@id":"https:\/\/web.umons.ac.be\/fpse\/fr\/etudes\/aide-a-reussite\/orientation-2\/","url":"https:\/\/web.umons.ac.be\/fpse\/fr\/etudes\/aide-a-reussite\/orientation-2\/","name":"Orientation - Facult\u00e9 \/ FPSE","isPartOf":{"@id":"https:\/\/web.umons.ac.be\/fpse\/#website"},"primaryImageOfPage":{"@id":"https:\/\/web.umons.ac.be\/fpse\/fr\/etudes\/aide-a-reussite\/orientation-2\/#primaryimage"},"image":{"@id":"https:\/\/web.umons.ac.be\/fpse\/fr\/etudes\/aide-a-reussite\/orientation-2\/#primaryimage"},"thumbnailUrl":"https:\/\/web.umons.ac.be\/app\/uploads\/sites\/3\/2018\/05\/Image_8.png","datePublished":"2018-05-15T12:14:25+00:00","dateModified":"2018-05-16T08:25:53+00:00","breadcrumb":{"@id":"https:\/\/web.umons.ac.be\/fpse\/fr\/etudes\/aide-a-reussite\/orientation-2\/#breadcrumb"},"inLanguage":"fr-FR","potentialAction":[{"@type":"ReadAction","target":["https:\/\/web.umons.ac.be\/fpse\/fr\/etudes\/aide-a-reussite\/orientation-2\/"]}]},{"@type":"ImageObject","inLanguage":"fr-FR","@id":"https:\/\/web.umons.ac.be\/fpse\/fr\/etudes\/aide-a-reussite\/orientation-2\/#primaryimage","url":"https:\/\/web.umons.ac.be\/app\/uploads\/sites\/3\/2018\/05\/Image_8.png","contentUrl":"https:\/\/web.umons.ac.be\/app\/uploads\/sites\/3\/2018\/05\/Image_8.png"},{"@type":"BreadcrumbList","@id":"https:\/\/web.umons.ac.be\/fpse\/fr\/etudes\/aide-a-reussite\/orientation-2\/#breadcrumb","itemListElement":[{"@type":"ListItem","position":1,"name":"Accueil","item":"https:\/\/web.umons.ac.be\/fpse\/fr\/"},{"@type":"ListItem","position":2,"name":"Etudes","item":"https:\/\/web.umons.ac.be\/fpse\/fr\/etudes\/"},{"@type":"ListItem","position":3,"name":"Aide \u00e0 la r\u00e9ussite","item":"https:\/\/web.umons.ac.be\/fpse\/fr\/etudes\/aide-a-reussite\/"},{"@type":"ListItem","position":4,"name":"Orientation"}]},{"@type":"WebSite","@id":"https:\/\/web.umons.ac.be\/fpse\/#website","url":"https:\/\/web.umons.ac.be\/fpse\/","name":"Facult\u00e9 \/ FPSE","description":"","potentialAction":[{"@type":"SearchAction","target":{"@type":"EntryPoint","urlTemplate":"https:\/\/web.umons.ac.be\/fpse\/?s={search_term_string}"},"query-input":{"@type":"PropertyValueSpecification","valueRequired":true,"valueName":"search_term_string"}}],"inLanguage":"fr-FR"}]}},"lang":"fr","translations":{"fr":1111,"en":1358},"pll_sync_post":[],"_links":{"self":[{"href":"https:\/\/web.umons.ac.be\/fpse\/wp-json\/wp\/v2\/pages\/1111","targetHints":{"allow":["GET"]}}],"collection":[{"href":"https:\/\/web.umons.ac.be\/fpse\/wp-json\/wp\/v2\/pages"}],"about":[{"href":"https:\/\/web.umons.ac.be\/fpse\/wp-json\/wp\/v2\/types\/page"}],"author":[{"embeddable":true,"href":"https:\/\/web.umons.ac.be\/fpse\/wp-json\/wp\/v2\/users\/2"}],"replies":[{"embeddable":true,"href":"https:\/\/web.umons.ac.be\/fpse\/wp-json\/wp\/v2\/comments?post=1111"}],"version-history":[{"count":3,"href":"https:\/\/web.umons.ac.be\/fpse\/wp-json\/wp\/v2\/pages\/1111\/revisions"}],"predecessor-version":[{"id":1150,"href":"https:\/\/web.umons.ac.be\/fpse\/wp-json\/wp\/v2\/pages\/1111\/revisions\/1150"}],"up":[{"embeddable":true,"href":"https:\/\/web.umons.ac.be\/fpse\/wp-json\/wp\/v2\/pages\/94"}],"wp:attachment":[{"href":"https:\/\/web.umons.ac.be\/fpse\/wp-json\/wp\/v2\/media?parent=1111"}],"curies":[{"name":"wp","href":"https:\/\/api.w.org\/{rel}","templated":true}]}}