{"id":1325,"date":"2019-04-09T11:42:52","date_gmt":"2019-04-09T09:42:52","guid":{"rendered":"https:\/\/web.umons.ac.be\/fpse\/?page_id=1325"},"modified":"2024-12-16T15:09:05","modified_gmt":"2024-12-16T14:09:05","slug":"stage-et-memoire","status":"publish","type":"page","link":"https:\/\/web.umons.ac.be\/fpse\/fr\/etudes\/stage-et-memoire\/","title":{"rendered":"Stage et M\u00e9moire"},"content":{"rendered":"<h2>Stage<\/h2>\n<p>Les \u00e9tudiants de la Facult\u00e9 de Psychologie et des Sciences de l\u2019Education (FPSE) r\u00e9alisent un stage en Bloc 1 de Master et un stage en Bloc 2 de Master.<\/p>\n<p>La dur\u00e9e du stage est de\u00a0:<\/p>\n<ul>\n<li>300 heures en Sciences de l\u2019Education<\/li>\n<li>400 heures en Sciences Psychologiques<\/li>\n<\/ul>\n<p>En Bloc 1 du Master en Sciences Psychologiques, les horaires des \u00e9tudiants sont adapt\u00e9s de mani\u00e8re \u00e0 permettre la r\u00e9alisation de leur stage apr\u00e8s la session de janvier. Sous certaines conditions, le stage peut \u00e9galement \u00eatre r\u00e9alis\u00e9 \u00e0 d\u2019autres moments\u00a0:<\/p>\n<ul>\n<li>D\u00e8s la rentr\u00e9e de septembre\u00a0: l\u2019horaire est \u00e0 discuter avec le maitre de stage pour permettre la participation aux cours\u00a0;<\/li>\n<li>D\u00e8s le d\u00e9but des vacances d&rsquo;\u00e9t\u00e9\u00a0: \u00e0 condition que l\u2019\u00e9tudiant ait r\u00e9ussi son ann\u00e9e en juin et qu\u2019il soit r\u00e9inscrit \u00e0 la FPSE pour la prochaine ann\u00e9e acad\u00e9mique au moment de d\u00e9buter son stage.<\/li>\n<\/ul>\n<p><em>Organisation pratique<\/em><\/p>\n<ul>\n<li>Les \u00e9tudiants choisissent leur lieu de stage, en accord avec leur promoteur. Des listes de lieux de stage sont disponibles dans les services de la FPSE<\/li>\n<li>Les offres de stages peuvent \u00e9galement \u00eatre envoy\u00e9es \u00e0 secretariat.fpse@umons.ac.be<\/li>\n<li>Signature d\u2019une convention de stage entre l\u2019UMONS et l\u2019organisme d\u2019accueil.<\/li>\n<\/ul>\n<h2><strong>M\u00e9moires<\/strong><\/h2>\n<p>L\u2019\u00e9laboration du m\u00e9moire s\u2019\u00e9tale sur 2 ann\u00e9es. Le projet est choisi parmi un ensemble de th\u00e9matiques propos\u00e9es par les services de la FPSE en d\u00e9cembre de la premi\u00e8re ann\u00e9e, et diverses activit\u00e9s encadr\u00e9es permettront \u00e0 l\u2019\u00e9tudiant d\u2019\u00e9laborer le cadre th\u00e9orique et la m\u00e9thodologie de son travail \u00e0 l\u2019issue du bloc 1. La r\u00e9colte de donn\u00e9es, la r\u00e9daction du travail et la d\u00e9fense orale se d\u00e9roulent durant la deuxi\u00e8me ann\u00e9e de master.<\/p>\n","protected":false},"excerpt":{"rendered":"<p>Stage Les \u00e9tudiants de la Facult\u00e9 de Psychologie et des Sciences de l\u2019Education (FPSE) r\u00e9alisent un stage en Bloc 1 de Master et un stage en Bloc 2 de Master. La dur\u00e9e du stage est de\u00a0: 300 heures en Sciences de l\u2019Education 400 heures en Sciences Psychologiques En Bloc 1 du Master en Sciences Psychologiques, [&hellip;]<\/p>\n","protected":false},"author":2,"featured_media":0,"parent":700,"menu_order":3,"comment_status":"closed","ping_status":"closed","template":"","meta":{"footnotes":""},"class_list":["post-1325","page","type-page","status-publish","hentry"],"yoast_head":"<!-- This site is optimized with the Yoast SEO plugin v27.2 - https:\/\/yoast.com\/product\/yoast-seo-wordpress\/ -->\n<title>Stage et M\u00e9moire - Facult\u00e9 \/ FPSE<\/title>\n<meta name=\"robots\" content=\"index, follow, max-snippet:-1, max-image-preview:large, max-video-preview:-1\" \/>\n<link rel=\"canonical\" href=\"https:\/\/web.umons.ac.be\/fpse\/fr\/etudes\/stage-et-memoire\/\" \/>\n<meta property=\"og:locale\" content=\"fr_FR\" \/>\n<meta property=\"og:type\" content=\"article\" \/>\n<meta property=\"og:title\" content=\"Stage et M\u00e9moire - Facult\u00e9 \/ FPSE\" \/>\n<meta property=\"og:description\" content=\"Stage Les \u00e9tudiants de la Facult\u00e9 de Psychologie et des Sciences de l\u2019Education (FPSE) r\u00e9alisent un stage en Bloc 1 de Master et un stage en Bloc 2 de Master. La dur\u00e9e du stage est de\u00a0: 300 heures en Sciences de l\u2019Education 400 heures en Sciences Psychologiques En Bloc 1 du Master en Sciences Psychologiques, [&hellip;]\" \/>\n<meta property=\"og:url\" content=\"https:\/\/web.umons.ac.be\/fpse\/fr\/etudes\/stage-et-memoire\/\" \/>\n<meta property=\"og:site_name\" content=\"Facult\u00e9 \/ FPSE\" \/>\n<meta property=\"article:modified_time\" content=\"2024-12-16T14:09:05+00:00\" \/>\n<meta name=\"twitter:card\" content=\"summary_large_image\" \/>\n<meta name=\"twitter:label1\" content=\"Dur\u00e9e de lecture estim\u00e9e\" \/>\n\t<meta name=\"twitter:data1\" content=\"2 minutes\" \/>\n<script type=\"application\/ld+json\" class=\"yoast-schema-graph\">{\"@context\":\"https:\/\/schema.org\",\"@graph\":[{\"@type\":\"WebPage\",\"@id\":\"https:\/\/web.umons.ac.be\/fpse\/fr\/etudes\/stage-et-memoire\/\",\"url\":\"https:\/\/web.umons.ac.be\/fpse\/fr\/etudes\/stage-et-memoire\/\",\"name\":\"Stage et M\u00e9moire - Facult\u00e9 \/ FPSE\",\"isPartOf\":{\"@id\":\"https:\/\/web.umons.ac.be\/fpse\/#website\"},\"datePublished\":\"2019-04-09T09:42:52+00:00\",\"dateModified\":\"2024-12-16T14:09:05+00:00\",\"breadcrumb\":{\"@id\":\"https:\/\/web.umons.ac.be\/fpse\/fr\/etudes\/stage-et-memoire\/#breadcrumb\"},\"inLanguage\":\"fr-FR\",\"potentialAction\":[{\"@type\":\"ReadAction\",\"target\":[\"https:\/\/web.umons.ac.be\/fpse\/fr\/etudes\/stage-et-memoire\/\"]}]},{\"@type\":\"BreadcrumbList\",\"@id\":\"https:\/\/web.umons.ac.be\/fpse\/fr\/etudes\/stage-et-memoire\/#breadcrumb\",\"itemListElement\":[{\"@type\":\"ListItem\",\"position\":1,\"name\":\"Accueil\",\"item\":\"https:\/\/web.umons.ac.be\/fpse\/fr\/\"},{\"@type\":\"ListItem\",\"position\":2,\"name\":\"Etudes\",\"item\":\"https:\/\/web.umons.ac.be\/fpse\/fr\/etudes\/\"},{\"@type\":\"ListItem\",\"position\":3,\"name\":\"Stage et M\u00e9moire\"}]},{\"@type\":\"WebSite\",\"@id\":\"https:\/\/web.umons.ac.be\/fpse\/#website\",\"url\":\"https:\/\/web.umons.ac.be\/fpse\/\",\"name\":\"Facult\u00e9 \/ FPSE\",\"description\":\"\",\"potentialAction\":[{\"@type\":\"SearchAction\",\"target\":{\"@type\":\"EntryPoint\",\"urlTemplate\":\"https:\/\/web.umons.ac.be\/fpse\/?s={search_term_string}\"},\"query-input\":{\"@type\":\"PropertyValueSpecification\",\"valueRequired\":true,\"valueName\":\"search_term_string\"}}],\"inLanguage\":\"fr-FR\"}]}<\/script>\n<!-- \/ Yoast SEO plugin. -->","yoast_head_json":{"title":"Stage et M\u00e9moire - Facult\u00e9 \/ FPSE","robots":{"index":"index","follow":"follow","max-snippet":"max-snippet:-1","max-image-preview":"max-image-preview:large","max-video-preview":"max-video-preview:-1"},"canonical":"https:\/\/web.umons.ac.be\/fpse\/fr\/etudes\/stage-et-memoire\/","og_locale":"fr_FR","og_type":"article","og_title":"Stage et M\u00e9moire - Facult\u00e9 \/ FPSE","og_description":"Stage Les \u00e9tudiants de la Facult\u00e9 de Psychologie et des Sciences de l\u2019Education (FPSE) r\u00e9alisent un stage en Bloc 1 de Master et un stage en Bloc 2 de Master. La dur\u00e9e du stage est de\u00a0: 300 heures en Sciences de l\u2019Education 400 heures en Sciences Psychologiques En Bloc 1 du Master en Sciences Psychologiques, [&hellip;]","og_url":"https:\/\/web.umons.ac.be\/fpse\/fr\/etudes\/stage-et-memoire\/","og_site_name":"Facult\u00e9 \/ FPSE","article_modified_time":"2024-12-16T14:09:05+00:00","twitter_card":"summary_large_image","twitter_misc":{"Dur\u00e9e de lecture estim\u00e9e":"2 minutes"},"schema":{"@context":"https:\/\/schema.org","@graph":[{"@type":"WebPage","@id":"https:\/\/web.umons.ac.be\/fpse\/fr\/etudes\/stage-et-memoire\/","url":"https:\/\/web.umons.ac.be\/fpse\/fr\/etudes\/stage-et-memoire\/","name":"Stage et M\u00e9moire - Facult\u00e9 \/ FPSE","isPartOf":{"@id":"https:\/\/web.umons.ac.be\/fpse\/#website"},"datePublished":"2019-04-09T09:42:52+00:00","dateModified":"2024-12-16T14:09:05+00:00","breadcrumb":{"@id":"https:\/\/web.umons.ac.be\/fpse\/fr\/etudes\/stage-et-memoire\/#breadcrumb"},"inLanguage":"fr-FR","potentialAction":[{"@type":"ReadAction","target":["https:\/\/web.umons.ac.be\/fpse\/fr\/etudes\/stage-et-memoire\/"]}]},{"@type":"BreadcrumbList","@id":"https:\/\/web.umons.ac.be\/fpse\/fr\/etudes\/stage-et-memoire\/#breadcrumb","itemListElement":[{"@type":"ListItem","position":1,"name":"Accueil","item":"https:\/\/web.umons.ac.be\/fpse\/fr\/"},{"@type":"ListItem","position":2,"name":"Etudes","item":"https:\/\/web.umons.ac.be\/fpse\/fr\/etudes\/"},{"@type":"ListItem","position":3,"name":"Stage et M\u00e9moire"}]},{"@type":"WebSite","@id":"https:\/\/web.umons.ac.be\/fpse\/#website","url":"https:\/\/web.umons.ac.be\/fpse\/","name":"Facult\u00e9 \/ FPSE","description":"","potentialAction":[{"@type":"SearchAction","target":{"@type":"EntryPoint","urlTemplate":"https:\/\/web.umons.ac.be\/fpse\/?s={search_term_string}"},"query-input":{"@type":"PropertyValueSpecification","valueRequired":true,"valueName":"search_term_string"}}],"inLanguage":"fr-FR"}]}},"lang":"fr","translations":{"fr":1325},"pll_sync_post":[],"_links":{"self":[{"href":"https:\/\/web.umons.ac.be\/fpse\/wp-json\/wp\/v2\/pages\/1325","targetHints":{"allow":["GET"]}}],"collection":[{"href":"https:\/\/web.umons.ac.be\/fpse\/wp-json\/wp\/v2\/pages"}],"about":[{"href":"https:\/\/web.umons.ac.be\/fpse\/wp-json\/wp\/v2\/types\/page"}],"author":[{"embeddable":true,"href":"https:\/\/web.umons.ac.be\/fpse\/wp-json\/wp\/v2\/users\/2"}],"replies":[{"embeddable":true,"href":"https:\/\/web.umons.ac.be\/fpse\/wp-json\/wp\/v2\/comments?post=1325"}],"version-history":[{"count":3,"href":"https:\/\/web.umons.ac.be\/fpse\/wp-json\/wp\/v2\/pages\/1325\/revisions"}],"predecessor-version":[{"id":2483,"href":"https:\/\/web.umons.ac.be\/fpse\/wp-json\/wp\/v2\/pages\/1325\/revisions\/2483"}],"up":[{"embeddable":true,"href":"https:\/\/web.umons.ac.be\/fpse\/wp-json\/wp\/v2\/pages\/700"}],"wp:attachment":[{"href":"https:\/\/web.umons.ac.be\/fpse\/wp-json\/wp\/v2\/media?parent=1325"}],"curies":[{"name":"wp","href":"https:\/\/api.w.org\/{rel}","templated":true}]}}