{"id":1710,"date":"2021-03-30T07:39:40","date_gmt":"2021-03-30T05:39:40","guid":{"rendered":"https:\/\/web.umons.ac.be\/fpse\/?page_id=1710"},"modified":"2026-03-05T15:37:09","modified_gmt":"2026-03-05T14:37:09","slug":"formation-clinique","status":"publish","type":"page","link":"https:\/\/web.umons.ac.be\/fpse\/fr\/formation-clinique\/","title":{"rendered":"Formation clinique"},"content":{"rendered":"<p>Les <a href=\"https:\/\/www.ejustice.just.fgov.be\/cgi_loi\/change_lg_2.pl?language=fr&amp;nm=2015A24141&amp;la=F\" target=\"_blank\" rel=\"noopener\">10 mai 2015<\/a> et <a href=\"http:\/\/www.ejustice.just.fgov.be\/cgi_loi\/change_lg.pl?language=fr&amp;la=F&amp;cn=2016071005&amp;table_name=loi#:~:text=%22%20%C2%A7%204%20En%20vue%20de,exercent%20d%C3%A9j%C3%A0%20l%27orthop%C3%A9dagogie%20clinique\" target=\"_blank\" rel=\"noopener\">10 juillet 2016<\/a>, deux lois ont \u00e9t\u00e9 adopt\u00e9es par le Parlement f\u00e9d\u00e9ral r\u00e9glementant la reconnaissance du psychologue clinicien et de l\u2019orthop\u00e9dagogue clinicien en tant que professionnels de la sant\u00e9 mentale. Ces lois d\u00e9crivent les activit\u00e9s que peuvent exercer le psychologue clinicien et l\u2019orthop\u00e9dagogue clinicien dans le but de garantir au mieux la qualit\u00e9 de ces activit\u00e9s pour les patients.<\/p>\n<p>Depuis janvier 2020, les \u00e9tudiants doivent disposer d\u2019un visa et d\u2019un agr\u00e9ment pour pouvoir exercer l\u00e9galement en tant que psychologue clinicien ou orthop\u00e9dagogue clinicien.<\/p>\n<hr \/>\n<h2>Pourquoi devenir clinicien\u00a0?<\/h2>\n<p>Le titre de \u00ab clinicien \u00bb permet une pratique autonome (pr\u00e9vention, accompagnement, soins), l\u2019exercice de la psychoth\u00e9rapie et l\u2019encadrement d\u2019autres coll\u00e8gues ou assistants. Porter ce titre n\u2019est d\u00e8s lors pas une obligation en soi et d\u00e9pend du projet professionnel de chacun.<\/p>\n<p>Les \u00e9tudiants ayant termin\u00e9 leur master en sciences psychologiques mais ne souhaitant pas devenir clinicien pourront n\u00e9anmoins travailler sur le terrain en tant que psychologues ou orthop\u00e9dagogues au sein d\u2019\u00e9quipes pluridisciplinaires.<\/p>\n<hr \/>\n<h2>Comment devenir clinicien\u00a0?<\/h2>\n<p>Comment le devenir?<\/p>\n<p><a href=\"https:\/\/www.health.belgium.be\/fr\/actualites\/2026-2-nouvelle-procedure-visa-psychologues-cliniciens-orthopedagogues-cliniciens\" target=\"_blank\" rel=\"noopener\">Nouvelle proc\u00e9dure de visa pour les psychologues cliniciens et les orthop\u00e9dagogues cliniciens | SPF Sant\u00e9 publique<\/a><\/p>\n<hr \/>\n<h3>Titre de psychologue<\/h3>\n<p>Toute personne souhaitant porter le titre de \u00ab\u00a0psychologue\u00a0\u00bb ou un titre compos\u00e9 de \u00ab\u00a0psychologue\u00a0\u00bb doit \u00eatre inscrite \u00e0 la Commission des psychologues, m\u00eame en ayant d\u00e9j\u00e0 obtenu son visa et son agr\u00e9ment (loi du 8 novembre 1993 prot\u00e9geant le titre de psychologue).<\/p>\n<p>En s\u2019inscrivant \u00e0 la Commission des psychologues, le psychologue est tenu de respecter le code de d\u00e9ontologie (publi\u00e9 au Moniteur belge \u2013 Arr\u00eat\u00e9 Royal du 2 avril 2014 \u2013 modifi\u00e9 par l\u2019AR du 4 juin 2018).<\/p>\n<p>Par le biais de la Commission des psychologues, les patients potentiels peuvent visualiser la liste des personnes portant ce titre.<\/p>\n<table style=\"border-collapse: collapse; width: 100%;\">\n<tbody>\n<tr>\n<td style=\"width: 100%;\"><span style=\"color: #969696;\">Mise \u00e0 jour : 05\/03\/2026<\/span><\/td>\n<\/tr>\n<\/tbody>\n<\/table>\n","protected":false},"excerpt":{"rendered":"<p>Les 10 mai 2015 et 10 juillet 2016, deux lois ont \u00e9t\u00e9 adopt\u00e9es par le Parlement f\u00e9d\u00e9ral r\u00e9glementant la reconnaissance du psychologue clinicien et de l\u2019orthop\u00e9dagogue clinicien en tant que professionnels de la sant\u00e9 mentale. Ces lois d\u00e9crivent les activit\u00e9s que peuvent exercer le psychologue clinicien et l\u2019orthop\u00e9dagogue clinicien dans le but de garantir au [&hellip;]<\/p>\n","protected":false},"author":2,"featured_media":0,"parent":0,"menu_order":3,"comment_status":"closed","ping_status":"closed","template":"","meta":{"footnotes":""},"class_list":["post-1710","page","type-page","status-publish","hentry"],"yoast_head":"<!-- This site is optimized with the Yoast SEO plugin v27.2 - https:\/\/yoast.com\/product\/yoast-seo-wordpress\/ -->\n<title>Formation clinique - Facult\u00e9 \/ FPSE<\/title>\n<meta name=\"robots\" content=\"index, follow, max-snippet:-1, max-image-preview:large, max-video-preview:-1\" \/>\n<link rel=\"canonical\" href=\"https:\/\/web.umons.ac.be\/fpse\/fr\/formation-clinique\/\" \/>\n<meta property=\"og:locale\" content=\"fr_FR\" \/>\n<meta property=\"og:type\" content=\"article\" \/>\n<meta property=\"og:title\" content=\"Formation clinique - Facult\u00e9 \/ FPSE\" \/>\n<meta property=\"og:description\" content=\"Les 10 mai 2015 et 10 juillet 2016, deux lois ont \u00e9t\u00e9 adopt\u00e9es par le Parlement f\u00e9d\u00e9ral r\u00e9glementant la reconnaissance du psychologue clinicien et de l\u2019orthop\u00e9dagogue clinicien en tant que professionnels de la sant\u00e9 mentale. Ces lois d\u00e9crivent les activit\u00e9s que peuvent exercer le psychologue clinicien et l\u2019orthop\u00e9dagogue clinicien dans le but de garantir au [&hellip;]\" \/>\n<meta property=\"og:url\" content=\"https:\/\/web.umons.ac.be\/fpse\/fr\/formation-clinique\/\" \/>\n<meta property=\"og:site_name\" content=\"Facult\u00e9 \/ FPSE\" \/>\n<meta property=\"article:modified_time\" content=\"2026-03-05T14:37:09+00:00\" \/>\n<meta name=\"twitter:card\" content=\"summary_large_image\" \/>\n<meta name=\"twitter:label1\" content=\"Dur\u00e9e de lecture estim\u00e9e\" \/>\n\t<meta name=\"twitter:data1\" content=\"2 minutes\" \/>\n<script type=\"application\/ld+json\" class=\"yoast-schema-graph\">{\"@context\":\"https:\/\/schema.org\",\"@graph\":[{\"@type\":\"WebPage\",\"@id\":\"https:\/\/web.umons.ac.be\/fpse\/fr\/formation-clinique\/\",\"url\":\"https:\/\/web.umons.ac.be\/fpse\/fr\/formation-clinique\/\",\"name\":\"Formation clinique - Facult\u00e9 \/ FPSE\",\"isPartOf\":{\"@id\":\"https:\/\/web.umons.ac.be\/fpse\/#website\"},\"datePublished\":\"2021-03-30T05:39:40+00:00\",\"dateModified\":\"2026-03-05T14:37:09+00:00\",\"breadcrumb\":{\"@id\":\"https:\/\/web.umons.ac.be\/fpse\/fr\/formation-clinique\/#breadcrumb\"},\"inLanguage\":\"fr-FR\",\"potentialAction\":[{\"@type\":\"ReadAction\",\"target\":[\"https:\/\/web.umons.ac.be\/fpse\/fr\/formation-clinique\/\"]}]},{\"@type\":\"BreadcrumbList\",\"@id\":\"https:\/\/web.umons.ac.be\/fpse\/fr\/formation-clinique\/#breadcrumb\",\"itemListElement\":[{\"@type\":\"ListItem\",\"position\":1,\"name\":\"Accueil\",\"item\":\"https:\/\/web.umons.ac.be\/fpse\/fr\/\"},{\"@type\":\"ListItem\",\"position\":2,\"name\":\"Formation clinique\"}]},{\"@type\":\"WebSite\",\"@id\":\"https:\/\/web.umons.ac.be\/fpse\/#website\",\"url\":\"https:\/\/web.umons.ac.be\/fpse\/\",\"name\":\"Facult\u00e9 \/ FPSE\",\"description\":\"\",\"potentialAction\":[{\"@type\":\"SearchAction\",\"target\":{\"@type\":\"EntryPoint\",\"urlTemplate\":\"https:\/\/web.umons.ac.be\/fpse\/?s={search_term_string}\"},\"query-input\":{\"@type\":\"PropertyValueSpecification\",\"valueRequired\":true,\"valueName\":\"search_term_string\"}}],\"inLanguage\":\"fr-FR\"}]}<\/script>\n<!-- \/ Yoast SEO plugin. -->","yoast_head_json":{"title":"Formation clinique - Facult\u00e9 \/ FPSE","robots":{"index":"index","follow":"follow","max-snippet":"max-snippet:-1","max-image-preview":"max-image-preview:large","max-video-preview":"max-video-preview:-1"},"canonical":"https:\/\/web.umons.ac.be\/fpse\/fr\/formation-clinique\/","og_locale":"fr_FR","og_type":"article","og_title":"Formation clinique - Facult\u00e9 \/ FPSE","og_description":"Les 10 mai 2015 et 10 juillet 2016, deux lois ont \u00e9t\u00e9 adopt\u00e9es par le Parlement f\u00e9d\u00e9ral r\u00e9glementant la reconnaissance du psychologue clinicien et de l\u2019orthop\u00e9dagogue clinicien en tant que professionnels de la sant\u00e9 mentale. Ces lois d\u00e9crivent les activit\u00e9s que peuvent exercer le psychologue clinicien et l\u2019orthop\u00e9dagogue clinicien dans le but de garantir au [&hellip;]","og_url":"https:\/\/web.umons.ac.be\/fpse\/fr\/formation-clinique\/","og_site_name":"Facult\u00e9 \/ FPSE","article_modified_time":"2026-03-05T14:37:09+00:00","twitter_card":"summary_large_image","twitter_misc":{"Dur\u00e9e de lecture estim\u00e9e":"2 minutes"},"schema":{"@context":"https:\/\/schema.org","@graph":[{"@type":"WebPage","@id":"https:\/\/web.umons.ac.be\/fpse\/fr\/formation-clinique\/","url":"https:\/\/web.umons.ac.be\/fpse\/fr\/formation-clinique\/","name":"Formation clinique - Facult\u00e9 \/ FPSE","isPartOf":{"@id":"https:\/\/web.umons.ac.be\/fpse\/#website"},"datePublished":"2021-03-30T05:39:40+00:00","dateModified":"2026-03-05T14:37:09+00:00","breadcrumb":{"@id":"https:\/\/web.umons.ac.be\/fpse\/fr\/formation-clinique\/#breadcrumb"},"inLanguage":"fr-FR","potentialAction":[{"@type":"ReadAction","target":["https:\/\/web.umons.ac.be\/fpse\/fr\/formation-clinique\/"]}]},{"@type":"BreadcrumbList","@id":"https:\/\/web.umons.ac.be\/fpse\/fr\/formation-clinique\/#breadcrumb","itemListElement":[{"@type":"ListItem","position":1,"name":"Accueil","item":"https:\/\/web.umons.ac.be\/fpse\/fr\/"},{"@type":"ListItem","position":2,"name":"Formation clinique"}]},{"@type":"WebSite","@id":"https:\/\/web.umons.ac.be\/fpse\/#website","url":"https:\/\/web.umons.ac.be\/fpse\/","name":"Facult\u00e9 \/ FPSE","description":"","potentialAction":[{"@type":"SearchAction","target":{"@type":"EntryPoint","urlTemplate":"https:\/\/web.umons.ac.be\/fpse\/?s={search_term_string}"},"query-input":{"@type":"PropertyValueSpecification","valueRequired":true,"valueName":"search_term_string"}}],"inLanguage":"fr-FR"}]}},"lang":"fr","translations":{"fr":1710,"en":2512},"pll_sync_post":[],"_links":{"self":[{"href":"https:\/\/web.umons.ac.be\/fpse\/wp-json\/wp\/v2\/pages\/1710","targetHints":{"allow":["GET"]}}],"collection":[{"href":"https:\/\/web.umons.ac.be\/fpse\/wp-json\/wp\/v2\/pages"}],"about":[{"href":"https:\/\/web.umons.ac.be\/fpse\/wp-json\/wp\/v2\/types\/page"}],"author":[{"embeddable":true,"href":"https:\/\/web.umons.ac.be\/fpse\/wp-json\/wp\/v2\/users\/2"}],"replies":[{"embeddable":true,"href":"https:\/\/web.umons.ac.be\/fpse\/wp-json\/wp\/v2\/comments?post=1710"}],"version-history":[{"count":4,"href":"https:\/\/web.umons.ac.be\/fpse\/wp-json\/wp\/v2\/pages\/1710\/revisions"}],"predecessor-version":[{"id":2662,"href":"https:\/\/web.umons.ac.be\/fpse\/wp-json\/wp\/v2\/pages\/1710\/revisions\/2662"}],"wp:attachment":[{"href":"https:\/\/web.umons.ac.be\/fpse\/wp-json\/wp\/v2\/media?parent=1710"}],"curies":[{"name":"wp","href":"https:\/\/api.w.org\/{rel}","templated":true}]}}