{"id":1712,"date":"2021-03-30T07:52:51","date_gmt":"2021-03-30T05:52:51","guid":{"rendered":"https:\/\/web.umons.ac.be\/fpse\/?page_id=1712"},"modified":"2026-03-04T13:06:14","modified_gmt":"2026-03-04T12:06:14","slug":"psychologie-clinique","status":"publish","type":"page","link":"https:\/\/web.umons.ac.be\/fpse\/fr\/formation-clinique\/psychologie-clinique\/","title":{"rendered":"Psychologie clinique"},"content":{"rendered":"<p>La loi du 10 mai 2015 relative \u00e0 l\u2019exercice de professions des soins de sant\u00e9 d\u00e9finit l\u2019exercice de la psychologie clinique comme \u00ab l\u2019accomplissement habituel d\u2019actes autonomes ayant pour objet ou pr\u00e9sent\u00e9s comme ayant pour objet, \u00e0 l\u2019\u00e9gard d\u2019un \u00eatre humain et dans un cadre de r\u00e9f\u00e9rence scientifiquement \u00e9tay\u00e9 de psychologie clinique, la pr\u00e9vention, l\u2019examen, le d\u00e9pistage ou l\u2019\u00e9tablissement du psychodiagnostic de souffrances psychiques ou psychosomatiques, r\u00e9elles ou suppos\u00e9es, et la prise en charge ou le soutien de cette personne\u00bb.<\/p>\n<p>Depuis janvier 2020, les \u00e9tudiants dipl\u00f4m\u00e9s en psychologie clinique ou en orthop\u00e9dagogie clinique doivent disposer d\u2019un visa et d\u2019un agr\u00e9ment pour pouvoir exercer l\u00e9galement en tant que clinicien.<\/p>\n<p>Soucieuse de l\u2019\u00e9volution de la loi, la FPSE a modifi\u00e9 le programme du master en science psychologiques pour r\u00e9pondre au mieux aux attendus l\u00e9gislatifs.<\/p>\n<p><iframe loading=\"lazy\" title=\"Psychologue clinicien\" width=\"500\" height=\"281\" src=\"https:\/\/www.youtube.com\/embed\/KMae9TqhN0o?feature=oembed\" frameborder=\"0\" allow=\"accelerometer; autoplay; clipboard-write; encrypted-media; gyroscope; picture-in-picture; web-share\" referrerpolicy=\"strict-origin-when-cross-origin\" allowfullscreen><\/iframe><\/p>\n<p>&nbsp;<\/p>\n<h2>Quels parcours de formation\u00a0?<\/h2>\n<p>La Facult\u00e9 de psychologie et des sciences de l\u2019\u00e9ducation propose 2 finalit\u00e9s au sein de son master en sciences psychologiques :<\/p>\n<ul>\n<li>La <a href=\"https:\/\/web.umons.ac.be\/fpse\/fr\/formations\/m2-mpsyfs\/\" target=\"_blank\" rel=\"noopener\">finalit\u00e9 sp\u00e9cialis\u00e9e<\/a>\u00a0;<\/li>\n<li>La <a href=\"https:\/\/web.umons.ac.be\/fpse\/fr\/formations\/m2-mpsyfa\/\" target=\"_blank\" rel=\"noopener\">finalit\u00e9 approfondie<\/a>\u00a0;<\/li>\n<\/ul>\n<p>Chaque programme se distingue par un stage sp\u00e9cifique \u00e0 la finalit\u00e9 choisie (de sp\u00e9cialisation ou d\u2019approfondissement) et par un module optionnel, soit 30 cr\u00e9dits.<\/p>\n<p>Le parcours pour obtenir le titre de psychologue clinicien varie en fonction de la finalit\u00e9 choisie.<\/p>\n<h6><span style=\"color: #d60044;\">Finalit\u00e9 sp\u00e9cialis\u00e9e<\/span><\/h6>\n<p>Il s\u2019agit de la voie la plus directe.<\/p>\n<p>Dans le <a href=\"https:\/\/web.umons.ac.be\/fpse\/fr\/formations\/m2-mpsyfs\/\">programme<\/a> propos\u00e9, l\u2019\u00e9tudiant devra suivre l\u2019un des modules optionnels suivant\u00a0:<\/p>\n<ul>\n<li>Neuropsychologie clinique\u00a0;<\/li>\n<li>Psychologie clinique &#8211; parcours enfant\/adolescent\u00a0;<\/li>\n<li>Psychologie clinique &#8211; parcours adulte\u00a0;<\/li>\n<li>Psychologie l\u00e9gale.<\/li>\n<\/ul>\n<p>Au terme de sa formation, l\u2019\u00e9tudiant aura ainsi suivi un minimum de 80 cr\u00e9dits dits cliniques et pourra effectuer les d\u00e9marches n\u00e9cessaires aupr\u00e8s du SPF Sant\u00e9 pour obtenir le visa.<\/p>\n<p>L\u2019\u00e9tudiant qui aurait choisi le module \u00ab\u00a0psychologie du travail, des organisations et des diversit\u00e9s\u00a0\u00bb pourra \u00e9galement pr\u00e9tendre \u00e0 l\u2019obtention du visa en compl\u00e9tant sa formation par un <a href=\"https:\/\/web.umons.ac.be\/fpse\/fr\/formations\/cu-scipsy\/\" target=\"_blank\" rel=\"noopener\">Certificat d\u2019universit\u00e9 en Sciences psychologiques<\/a> de 30 cr\u00e9dits, organis\u00e9 par la Facult\u00e9.<\/p>\n<p>&nbsp;<\/p>\n<h6><span style=\"color: #d60044;\">Finalit\u00e9 approfondie<\/span><\/h6>\n<p>Le <a href=\"https:\/\/web.umons.ac.be\/fpse\/fr\/formations\/m2-mpsyfa\/\">programme<\/a> de la finalit\u00e9 approfondie a pour objectif principal de pr\u00e9parer \u00e0 la recherche en psychologie et de former des chercheurs<\/p>\n<p>L\u2019\u00e9tudiant ayant suivi cette formation pourra obtenir l\u2019attestation lui permettant de se voir d\u00e9livrer le visa en compl\u00e9tant sa formation par 30 cr\u00e9dits issus du Master en sciences psychologiques, \u00e0 finalit\u00e9 sp\u00e9cialis\u00e9e (r\u00e9alisable en une ann\u00e9e)\u00a0:<\/p>\n<ul>\n<li>Un stage de sp\u00e9cialisation supervis\u00e9 par un service de la Facult\u00e9 (15 cr\u00e9dits) ;<\/li>\n<li><span style=\"font-size: 14px;\">15 cr\u00e9dits au choix au sein des modules suivants :<\/span>\n<ul>\n<li>Neuropsychologie clinique ;<\/li>\n<li>Psychologie clinique \u2013 parcours enfant\/adolescent ;<\/li>\n<li>Psychologie clinique \u2013 parcours adulte ;<\/li>\n<li>Psychologie l\u00e9gale.<\/li>\n<\/ul>\n<\/li>\n<\/ul>\n<p style=\"padding-left: 40px;\">Ou un module approfondi s\u2019il dispose des pr\u00e9requis.<\/p>\n<p><span style=\"color: #00abcc;\"><strong>Le choix de finalit\u00e9 conditionne l&rsquo;avenir professionnel mais les r\u00e9orientations sont toujours possibles!\u00a0<\/strong><\/span><\/p>\n<h2>Quelles d\u00e9marches administratives?<\/h2>\n<p>En tant que psychologue clinicien(ne), vous apportez une aide au diagnostic et au traitement de personnes pr\u00e9sentant des probl\u00e9matiques psychiques.<\/p>\n<p>Comment proc\u00e9der pour le devenir ?<\/p>\n<p><a href=\"https:\/\/www.health.belgium.be\/fr\/actualites\/2026-2-nouvelle-procedure-visa-psychologues-cliniciens-orthopedagogues-cliniciens\" target=\"_blank\" rel=\"noopener\">Nouvelle proc\u00e9dure de visa pour les psychologues cliniciens et les orthop\u00e9dagogues cliniciens | SPF Sant\u00e9 publique<\/a><\/p>\n<p><span style=\"text-decoration: underline;\">ATTENTION<\/span>: pour pouvoir porter le titre de psychologue clinicien, vous devez \u00eatre autoris\u00e9 \u00e0 porter le titre de psychologue. L&rsquo;inscription \u00e0 la Commission des psychologues, <strong>obligatoire<\/strong>, peut se faire <a href=\"https:\/\/www.compsy.be\/fr\/register\/apply-check\" target=\"_blank\" rel=\"noopener\">via le site de la commission<\/a>.<\/p>\n<hr \/>\n<h2>Cas particuliers\u00a0?<\/h2>\n<p>Si vous \u00eates d\u00e9j\u00e0 titulaire d\u2019un dipl\u00f4me et souhaitez obtenir le visa, rendez-vous sur <a href=\"https:\/\/web.umons.ac.be\/fpse\/fr\/formation-clinique\/parcours-particuliers-formations-anterieures\/\">cette page<\/a> pour en savoir plus.<\/p>\n<table style=\"border-collapse: collapse; width: 100%;\">\n<tbody>\n<tr>\n<td style=\"width: 100%;\">Mise \u00e0 jour : 04\/03\/2026<\/td>\n<\/tr>\n<\/tbody>\n<\/table>\n","protected":false},"excerpt":{"rendered":"<p>La loi du 10 mai 2015 relative \u00e0 l\u2019exercice de professions des soins de sant\u00e9 d\u00e9finit l\u2019exercice de la psychologie clinique comme \u00ab l\u2019accomplissement habituel d\u2019actes autonomes ayant pour objet ou pr\u00e9sent\u00e9s comme ayant pour objet, \u00e0 l\u2019\u00e9gard d\u2019un \u00eatre humain et dans un cadre de r\u00e9f\u00e9rence scientifiquement \u00e9tay\u00e9 de psychologie clinique, la pr\u00e9vention, l\u2019examen, [&hellip;]<\/p>\n","protected":false},"author":2,"featured_media":0,"parent":1710,"menu_order":1,"comment_status":"closed","ping_status":"closed","template":"","meta":{"footnotes":""},"class_list":["post-1712","page","type-page","status-publish","hentry"],"yoast_head":"<!-- This site is optimized with the Yoast SEO plugin v27.2 - https:\/\/yoast.com\/product\/yoast-seo-wordpress\/ -->\n<title>Psychologie clinique - Facult\u00e9 \/ FPSE<\/title>\n<meta name=\"robots\" content=\"index, follow, max-snippet:-1, max-image-preview:large, max-video-preview:-1\" \/>\n<link rel=\"canonical\" href=\"https:\/\/web.umons.ac.be\/fpse\/fr\/formation-clinique\/psychologie-clinique\/\" \/>\n<meta property=\"og:locale\" content=\"fr_FR\" \/>\n<meta property=\"og:type\" content=\"article\" \/>\n<meta property=\"og:title\" content=\"Psychologie clinique - Facult\u00e9 \/ FPSE\" \/>\n<meta property=\"og:description\" content=\"La loi du 10 mai 2015 relative \u00e0 l\u2019exercice de professions des soins de sant\u00e9 d\u00e9finit l\u2019exercice de la psychologie clinique comme \u00ab l\u2019accomplissement habituel d\u2019actes autonomes ayant pour objet ou pr\u00e9sent\u00e9s comme ayant pour objet, \u00e0 l\u2019\u00e9gard d\u2019un \u00eatre humain et dans un cadre de r\u00e9f\u00e9rence scientifiquement \u00e9tay\u00e9 de psychologie clinique, la pr\u00e9vention, l\u2019examen, [&hellip;]\" \/>\n<meta property=\"og:url\" content=\"https:\/\/web.umons.ac.be\/fpse\/fr\/formation-clinique\/psychologie-clinique\/\" \/>\n<meta property=\"og:site_name\" content=\"Facult\u00e9 \/ FPSE\" \/>\n<meta property=\"article:modified_time\" content=\"2026-03-04T12:06:14+00:00\" \/>\n<meta name=\"twitter:card\" content=\"summary_large_image\" \/>\n<meta name=\"twitter:label1\" content=\"Dur\u00e9e de lecture estim\u00e9e\" \/>\n\t<meta name=\"twitter:data1\" content=\"3 minutes\" \/>\n<script type=\"application\/ld+json\" class=\"yoast-schema-graph\">{\"@context\":\"https:\/\/schema.org\",\"@graph\":[{\"@type\":\"WebPage\",\"@id\":\"https:\/\/web.umons.ac.be\/fpse\/fr\/formation-clinique\/psychologie-clinique\/\",\"url\":\"https:\/\/web.umons.ac.be\/fpse\/fr\/formation-clinique\/psychologie-clinique\/\",\"name\":\"Psychologie clinique - Facult\u00e9 \/ FPSE\",\"isPartOf\":{\"@id\":\"https:\/\/web.umons.ac.be\/fpse\/#website\"},\"datePublished\":\"2021-03-30T05:52:51+00:00\",\"dateModified\":\"2026-03-04T12:06:14+00:00\",\"breadcrumb\":{\"@id\":\"https:\/\/web.umons.ac.be\/fpse\/fr\/formation-clinique\/psychologie-clinique\/#breadcrumb\"},\"inLanguage\":\"fr-FR\",\"potentialAction\":[{\"@type\":\"ReadAction\",\"target\":[\"https:\/\/web.umons.ac.be\/fpse\/fr\/formation-clinique\/psychologie-clinique\/\"]}]},{\"@type\":\"BreadcrumbList\",\"@id\":\"https:\/\/web.umons.ac.be\/fpse\/fr\/formation-clinique\/psychologie-clinique\/#breadcrumb\",\"itemListElement\":[{\"@type\":\"ListItem\",\"position\":1,\"name\":\"Accueil\",\"item\":\"https:\/\/web.umons.ac.be\/fpse\/fr\/\"},{\"@type\":\"ListItem\",\"position\":2,\"name\":\"Formation clinique\",\"item\":\"https:\/\/web.umons.ac.be\/fpse\/fr\/formation-clinique\/\"},{\"@type\":\"ListItem\",\"position\":3,\"name\":\"Psychologie clinique\"}]},{\"@type\":\"WebSite\",\"@id\":\"https:\/\/web.umons.ac.be\/fpse\/#website\",\"url\":\"https:\/\/web.umons.ac.be\/fpse\/\",\"name\":\"Facult\u00e9 \/ FPSE\",\"description\":\"\",\"potentialAction\":[{\"@type\":\"SearchAction\",\"target\":{\"@type\":\"EntryPoint\",\"urlTemplate\":\"https:\/\/web.umons.ac.be\/fpse\/?s={search_term_string}\"},\"query-input\":{\"@type\":\"PropertyValueSpecification\",\"valueRequired\":true,\"valueName\":\"search_term_string\"}}],\"inLanguage\":\"fr-FR\"}]}<\/script>\n<!-- \/ Yoast SEO plugin. -->","yoast_head_json":{"title":"Psychologie clinique - Facult\u00e9 \/ FPSE","robots":{"index":"index","follow":"follow","max-snippet":"max-snippet:-1","max-image-preview":"max-image-preview:large","max-video-preview":"max-video-preview:-1"},"canonical":"https:\/\/web.umons.ac.be\/fpse\/fr\/formation-clinique\/psychologie-clinique\/","og_locale":"fr_FR","og_type":"article","og_title":"Psychologie clinique - Facult\u00e9 \/ FPSE","og_description":"La loi du 10 mai 2015 relative \u00e0 l\u2019exercice de professions des soins de sant\u00e9 d\u00e9finit l\u2019exercice de la psychologie clinique comme \u00ab l\u2019accomplissement habituel d\u2019actes autonomes ayant pour objet ou pr\u00e9sent\u00e9s comme ayant pour objet, \u00e0 l\u2019\u00e9gard d\u2019un \u00eatre humain et dans un cadre de r\u00e9f\u00e9rence scientifiquement \u00e9tay\u00e9 de psychologie clinique, la pr\u00e9vention, l\u2019examen, [&hellip;]","og_url":"https:\/\/web.umons.ac.be\/fpse\/fr\/formation-clinique\/psychologie-clinique\/","og_site_name":"Facult\u00e9 \/ FPSE","article_modified_time":"2026-03-04T12:06:14+00:00","twitter_card":"summary_large_image","twitter_misc":{"Dur\u00e9e de lecture estim\u00e9e":"3 minutes"},"schema":{"@context":"https:\/\/schema.org","@graph":[{"@type":"WebPage","@id":"https:\/\/web.umons.ac.be\/fpse\/fr\/formation-clinique\/psychologie-clinique\/","url":"https:\/\/web.umons.ac.be\/fpse\/fr\/formation-clinique\/psychologie-clinique\/","name":"Psychologie clinique - Facult\u00e9 \/ FPSE","isPartOf":{"@id":"https:\/\/web.umons.ac.be\/fpse\/#website"},"datePublished":"2021-03-30T05:52:51+00:00","dateModified":"2026-03-04T12:06:14+00:00","breadcrumb":{"@id":"https:\/\/web.umons.ac.be\/fpse\/fr\/formation-clinique\/psychologie-clinique\/#breadcrumb"},"inLanguage":"fr-FR","potentialAction":[{"@type":"ReadAction","target":["https:\/\/web.umons.ac.be\/fpse\/fr\/formation-clinique\/psychologie-clinique\/"]}]},{"@type":"BreadcrumbList","@id":"https:\/\/web.umons.ac.be\/fpse\/fr\/formation-clinique\/psychologie-clinique\/#breadcrumb","itemListElement":[{"@type":"ListItem","position":1,"name":"Accueil","item":"https:\/\/web.umons.ac.be\/fpse\/fr\/"},{"@type":"ListItem","position":2,"name":"Formation clinique","item":"https:\/\/web.umons.ac.be\/fpse\/fr\/formation-clinique\/"},{"@type":"ListItem","position":3,"name":"Psychologie clinique"}]},{"@type":"WebSite","@id":"https:\/\/web.umons.ac.be\/fpse\/#website","url":"https:\/\/web.umons.ac.be\/fpse\/","name":"Facult\u00e9 \/ FPSE","description":"","potentialAction":[{"@type":"SearchAction","target":{"@type":"EntryPoint","urlTemplate":"https:\/\/web.umons.ac.be\/fpse\/?s={search_term_string}"},"query-input":{"@type":"PropertyValueSpecification","valueRequired":true,"valueName":"search_term_string"}}],"inLanguage":"fr-FR"}]}},"lang":"fr","translations":{"fr":1712},"pll_sync_post":[],"_links":{"self":[{"href":"https:\/\/web.umons.ac.be\/fpse\/wp-json\/wp\/v2\/pages\/1712","targetHints":{"allow":["GET"]}}],"collection":[{"href":"https:\/\/web.umons.ac.be\/fpse\/wp-json\/wp\/v2\/pages"}],"about":[{"href":"https:\/\/web.umons.ac.be\/fpse\/wp-json\/wp\/v2\/types\/page"}],"author":[{"embeddable":true,"href":"https:\/\/web.umons.ac.be\/fpse\/wp-json\/wp\/v2\/users\/2"}],"replies":[{"embeddable":true,"href":"https:\/\/web.umons.ac.be\/fpse\/wp-json\/wp\/v2\/comments?post=1712"}],"version-history":[{"count":4,"href":"https:\/\/web.umons.ac.be\/fpse\/wp-json\/wp\/v2\/pages\/1712\/revisions"}],"predecessor-version":[{"id":2656,"href":"https:\/\/web.umons.ac.be\/fpse\/wp-json\/wp\/v2\/pages\/1712\/revisions\/2656"}],"up":[{"embeddable":true,"href":"https:\/\/web.umons.ac.be\/fpse\/wp-json\/wp\/v2\/pages\/1710"}],"wp:attachment":[{"href":"https:\/\/web.umons.ac.be\/fpse\/wp-json\/wp\/v2\/media?parent=1712"}],"curies":[{"name":"wp","href":"https:\/\/api.w.org\/{rel}","templated":true}]}}