{"id":1717,"date":"2021-03-30T08:00:30","date_gmt":"2021-03-30T06:00:30","guid":{"rendered":"https:\/\/web.umons.ac.be\/fpse\/?page_id=1717"},"modified":"2026-03-05T15:35:23","modified_gmt":"2026-03-05T14:35:23","slug":"orthopedagogie-clinique","status":"publish","type":"page","link":"https:\/\/web.umons.ac.be\/fpse\/fr\/formation-clinique\/orthopedagogie-clinique\/","title":{"rendered":"Orthop\u00e9dagogie clinique"},"content":{"rendered":"<p>La loi du 10 mai 2015 relative \u00e0 l\u2019exercice de professions des soins de sant\u00e9 d\u00e9finit l\u2019orthop\u00e9dagogie comme \u00e9tant \u00ab l\u2019accomplissement habituel, dans un cadre de r\u00e9f\u00e9rence scientifique de l\u2019orthop\u00e9dagogie clinique, d\u2019actes autonomes qui ont pour but la pr\u00e9vention, le d\u00e9pistage et l\u2019\u00e9tablissement d\u2019un diagnostic p\u00e9dagogique, avec une attention particuli\u00e8re pour les facteurs contextuels, et le d\u00e9pistage des probl\u00e8mes \u00e9ducatifs, comportementaux, de d\u00e9veloppement ou d\u2019apprentissage chez des personnes, ainsi que la prise en charge et l\u2019accompagnement de ces personnes. \u00bb<\/p>\n<p><iframe loading=\"lazy\" title=\"Orthop\u00e9dagogue clinicien\" width=\"500\" height=\"281\" src=\"https:\/\/www.youtube.com\/embed\/v3Z_bs5tWdE?feature=oembed\" frameborder=\"0\" allow=\"accelerometer; autoplay; clipboard-write; encrypted-media; gyroscope; picture-in-picture; web-share\" referrerpolicy=\"strict-origin-when-cross-origin\" allowfullscreen><\/iframe><\/p>\n<h2>Quelles d\u00e9marches au terme du parcours de formation ?<\/h2>\n<p>La voie la plus directe est le <strong><span style=\"color: #00abcc;\">Master en orthop\u00e9dagogie clinique<\/span><\/strong> : celui-ci a \u00e9t\u00e9 pens\u00e9 pour r\u00e9pondre au mieux aux attentes l\u00e9gislatives.<\/p>\n<p>Au terme de cette formation, vous pourrez entreprendre les d\u00e9marches si vous souhaitez exercer l\u2019orthop\u00e9dagogie clinique de mani\u00e8re autonome :\u00a0 <a href=\"https:\/\/www.health.belgium.be\/fr\/professionnels\/professionnels-sante\/sante-humaine\/professions-sante\/acces-aux-professions-soins-sante\/professions-sante-mentale\/orthopedagogue-clinicienne\">Orthop\u00e9dagogue clinicien(ne) | SPF Sant\u00e9 publique<\/a><\/p>\n<h2>Cas particuliers ?<\/h2>\n<p>Si vous \u00eates d\u00e9j\u00e0 titulaire d\u2019un dipl\u00f4me et souhaitez obtenir le visa, rendez-vous sur <a href=\"https:\/\/web.umons.ac.be\/fpse\/fr\/formation-clinique\/parcours-particuliers-formations-anterieures\/\">cette page<\/a> pour en savoir plus.<\/p>\n<table style=\"border-collapse: collapse; width: 100%;\">\n<tbody>\n<tr>\n<td style=\"width: 100%;\">Mise \u00e0 jour: 05\/03\/2026<\/td>\n<\/tr>\n<\/tbody>\n<\/table>\n","protected":false},"excerpt":{"rendered":"<p>La loi du 10 mai 2015 relative \u00e0 l\u2019exercice de professions des soins de sant\u00e9 d\u00e9finit l\u2019orthop\u00e9dagogie comme \u00e9tant \u00ab l\u2019accomplissement habituel, dans un cadre de r\u00e9f\u00e9rence scientifique de l\u2019orthop\u00e9dagogie clinique, d\u2019actes autonomes qui ont pour but la pr\u00e9vention, le d\u00e9pistage et l\u2019\u00e9tablissement d\u2019un diagnostic p\u00e9dagogique, avec une attention particuli\u00e8re pour les facteurs contextuels, et [&hellip;]<\/p>\n","protected":false},"author":2,"featured_media":0,"parent":1710,"menu_order":2,"comment_status":"closed","ping_status":"closed","template":"","meta":{"footnotes":""},"class_list":["post-1717","page","type-page","status-publish","hentry"],"yoast_head":"<!-- This site is optimized with the Yoast SEO plugin v27.2 - https:\/\/yoast.com\/product\/yoast-seo-wordpress\/ -->\n<title>Orthop\u00e9dagogie clinique - Facult\u00e9 \/ FPSE<\/title>\n<meta name=\"robots\" content=\"index, follow, max-snippet:-1, max-image-preview:large, max-video-preview:-1\" \/>\n<link rel=\"canonical\" href=\"https:\/\/web.umons.ac.be\/fpse\/fr\/formation-clinique\/orthopedagogie-clinique\/\" \/>\n<meta property=\"og:locale\" content=\"fr_FR\" \/>\n<meta property=\"og:type\" content=\"article\" \/>\n<meta property=\"og:title\" content=\"Orthop\u00e9dagogie clinique - Facult\u00e9 \/ FPSE\" \/>\n<meta property=\"og:description\" content=\"La loi du 10 mai 2015 relative \u00e0 l\u2019exercice de professions des soins de sant\u00e9 d\u00e9finit l\u2019orthop\u00e9dagogie comme \u00e9tant \u00ab l\u2019accomplissement habituel, dans un cadre de r\u00e9f\u00e9rence scientifique de l\u2019orthop\u00e9dagogie clinique, d\u2019actes autonomes qui ont pour but la pr\u00e9vention, le d\u00e9pistage et l\u2019\u00e9tablissement d\u2019un diagnostic p\u00e9dagogique, avec une attention particuli\u00e8re pour les facteurs contextuels, et [&hellip;]\" \/>\n<meta property=\"og:url\" content=\"https:\/\/web.umons.ac.be\/fpse\/fr\/formation-clinique\/orthopedagogie-clinique\/\" \/>\n<meta property=\"og:site_name\" content=\"Facult\u00e9 \/ FPSE\" \/>\n<meta property=\"article:modified_time\" content=\"2026-03-05T14:35:23+00:00\" \/>\n<meta name=\"twitter:card\" content=\"summary_large_image\" \/>\n<meta name=\"twitter:label1\" content=\"Dur\u00e9e de lecture estim\u00e9e\" \/>\n\t<meta name=\"twitter:data1\" content=\"1 minute\" \/>\n<script type=\"application\/ld+json\" class=\"yoast-schema-graph\">{\"@context\":\"https:\/\/schema.org\",\"@graph\":[{\"@type\":\"WebPage\",\"@id\":\"https:\/\/web.umons.ac.be\/fpse\/fr\/formation-clinique\/orthopedagogie-clinique\/\",\"url\":\"https:\/\/web.umons.ac.be\/fpse\/fr\/formation-clinique\/orthopedagogie-clinique\/\",\"name\":\"Orthop\u00e9dagogie clinique - Facult\u00e9 \/ FPSE\",\"isPartOf\":{\"@id\":\"https:\/\/web.umons.ac.be\/fpse\/#website\"},\"datePublished\":\"2021-03-30T06:00:30+00:00\",\"dateModified\":\"2026-03-05T14:35:23+00:00\",\"breadcrumb\":{\"@id\":\"https:\/\/web.umons.ac.be\/fpse\/fr\/formation-clinique\/orthopedagogie-clinique\/#breadcrumb\"},\"inLanguage\":\"fr-FR\",\"potentialAction\":[{\"@type\":\"ReadAction\",\"target\":[\"https:\/\/web.umons.ac.be\/fpse\/fr\/formation-clinique\/orthopedagogie-clinique\/\"]}]},{\"@type\":\"BreadcrumbList\",\"@id\":\"https:\/\/web.umons.ac.be\/fpse\/fr\/formation-clinique\/orthopedagogie-clinique\/#breadcrumb\",\"itemListElement\":[{\"@type\":\"ListItem\",\"position\":1,\"name\":\"Accueil\",\"item\":\"https:\/\/web.umons.ac.be\/fpse\/fr\/\"},{\"@type\":\"ListItem\",\"position\":2,\"name\":\"Formation clinique\",\"item\":\"https:\/\/web.umons.ac.be\/fpse\/fr\/formation-clinique\/\"},{\"@type\":\"ListItem\",\"position\":3,\"name\":\"Orthop\u00e9dagogie clinique\"}]},{\"@type\":\"WebSite\",\"@id\":\"https:\/\/web.umons.ac.be\/fpse\/#website\",\"url\":\"https:\/\/web.umons.ac.be\/fpse\/\",\"name\":\"Facult\u00e9 \/ FPSE\",\"description\":\"\",\"potentialAction\":[{\"@type\":\"SearchAction\",\"target\":{\"@type\":\"EntryPoint\",\"urlTemplate\":\"https:\/\/web.umons.ac.be\/fpse\/?s={search_term_string}\"},\"query-input\":{\"@type\":\"PropertyValueSpecification\",\"valueRequired\":true,\"valueName\":\"search_term_string\"}}],\"inLanguage\":\"fr-FR\"}]}<\/script>\n<!-- \/ Yoast SEO plugin. -->","yoast_head_json":{"title":"Orthop\u00e9dagogie clinique - Facult\u00e9 \/ FPSE","robots":{"index":"index","follow":"follow","max-snippet":"max-snippet:-1","max-image-preview":"max-image-preview:large","max-video-preview":"max-video-preview:-1"},"canonical":"https:\/\/web.umons.ac.be\/fpse\/fr\/formation-clinique\/orthopedagogie-clinique\/","og_locale":"fr_FR","og_type":"article","og_title":"Orthop\u00e9dagogie clinique - Facult\u00e9 \/ FPSE","og_description":"La loi du 10 mai 2015 relative \u00e0 l\u2019exercice de professions des soins de sant\u00e9 d\u00e9finit l\u2019orthop\u00e9dagogie comme \u00e9tant \u00ab l\u2019accomplissement habituel, dans un cadre de r\u00e9f\u00e9rence scientifique de l\u2019orthop\u00e9dagogie clinique, d\u2019actes autonomes qui ont pour but la pr\u00e9vention, le d\u00e9pistage et l\u2019\u00e9tablissement d\u2019un diagnostic p\u00e9dagogique, avec une attention particuli\u00e8re pour les facteurs contextuels, et [&hellip;]","og_url":"https:\/\/web.umons.ac.be\/fpse\/fr\/formation-clinique\/orthopedagogie-clinique\/","og_site_name":"Facult\u00e9 \/ FPSE","article_modified_time":"2026-03-05T14:35:23+00:00","twitter_card":"summary_large_image","twitter_misc":{"Dur\u00e9e de lecture estim\u00e9e":"1 minute"},"schema":{"@context":"https:\/\/schema.org","@graph":[{"@type":"WebPage","@id":"https:\/\/web.umons.ac.be\/fpse\/fr\/formation-clinique\/orthopedagogie-clinique\/","url":"https:\/\/web.umons.ac.be\/fpse\/fr\/formation-clinique\/orthopedagogie-clinique\/","name":"Orthop\u00e9dagogie clinique - Facult\u00e9 \/ FPSE","isPartOf":{"@id":"https:\/\/web.umons.ac.be\/fpse\/#website"},"datePublished":"2021-03-30T06:00:30+00:00","dateModified":"2026-03-05T14:35:23+00:00","breadcrumb":{"@id":"https:\/\/web.umons.ac.be\/fpse\/fr\/formation-clinique\/orthopedagogie-clinique\/#breadcrumb"},"inLanguage":"fr-FR","potentialAction":[{"@type":"ReadAction","target":["https:\/\/web.umons.ac.be\/fpse\/fr\/formation-clinique\/orthopedagogie-clinique\/"]}]},{"@type":"BreadcrumbList","@id":"https:\/\/web.umons.ac.be\/fpse\/fr\/formation-clinique\/orthopedagogie-clinique\/#breadcrumb","itemListElement":[{"@type":"ListItem","position":1,"name":"Accueil","item":"https:\/\/web.umons.ac.be\/fpse\/fr\/"},{"@type":"ListItem","position":2,"name":"Formation clinique","item":"https:\/\/web.umons.ac.be\/fpse\/fr\/formation-clinique\/"},{"@type":"ListItem","position":3,"name":"Orthop\u00e9dagogie clinique"}]},{"@type":"WebSite","@id":"https:\/\/web.umons.ac.be\/fpse\/#website","url":"https:\/\/web.umons.ac.be\/fpse\/","name":"Facult\u00e9 \/ FPSE","description":"","potentialAction":[{"@type":"SearchAction","target":{"@type":"EntryPoint","urlTemplate":"https:\/\/web.umons.ac.be\/fpse\/?s={search_term_string}"},"query-input":{"@type":"PropertyValueSpecification","valueRequired":true,"valueName":"search_term_string"}}],"inLanguage":"fr-FR"}]}},"lang":"fr","translations":{"fr":1717},"pll_sync_post":[],"_links":{"self":[{"href":"https:\/\/web.umons.ac.be\/fpse\/wp-json\/wp\/v2\/pages\/1717","targetHints":{"allow":["GET"]}}],"collection":[{"href":"https:\/\/web.umons.ac.be\/fpse\/wp-json\/wp\/v2\/pages"}],"about":[{"href":"https:\/\/web.umons.ac.be\/fpse\/wp-json\/wp\/v2\/types\/page"}],"author":[{"embeddable":true,"href":"https:\/\/web.umons.ac.be\/fpse\/wp-json\/wp\/v2\/users\/2"}],"replies":[{"embeddable":true,"href":"https:\/\/web.umons.ac.be\/fpse\/wp-json\/wp\/v2\/comments?post=1717"}],"version-history":[{"count":3,"href":"https:\/\/web.umons.ac.be\/fpse\/wp-json\/wp\/v2\/pages\/1717\/revisions"}],"predecessor-version":[{"id":2661,"href":"https:\/\/web.umons.ac.be\/fpse\/wp-json\/wp\/v2\/pages\/1717\/revisions\/2661"}],"up":[{"embeddable":true,"href":"https:\/\/web.umons.ac.be\/fpse\/wp-json\/wp\/v2\/pages\/1710"}],"wp:attachment":[{"href":"https:\/\/web.umons.ac.be\/fpse\/wp-json\/wp\/v2\/media?parent=1717"}],"curies":[{"name":"wp","href":"https:\/\/api.w.org\/{rel}","templated":true}]}}