{"id":1720,"date":"2021-03-30T08:06:33","date_gmt":"2021-03-30T06:06:33","guid":{"rendered":"https:\/\/web.umons.ac.be\/fpse\/?page_id=1720"},"modified":"2026-03-05T15:35:07","modified_gmt":"2026-03-05T14:35:07","slug":"parcours-particuliers-formations-anterieures","status":"publish","type":"page","link":"https:\/\/web.umons.ac.be\/fpse\/fr\/formation-clinique\/parcours-particuliers-formations-anterieures\/","title":{"rendered":"Parcours particuliers \u2013 formations ant\u00e9rieures"},"content":{"rendered":"<h2>Master en sciences de l\u2019\u00e9ducation<\/h2>\n<ul>\n<li><strong><u>Master en sciences de l\u2019\u00e9ducation, finalit\u00e9 sp\u00e9cialis\u00e9e en orthop\u00e9dagogie<\/u><\/strong><\/li>\n<\/ul>\n<p>Les anciens \u00e9tudiants ayant suivi le programme du master en sciences de l\u2019\u00e9ducation, finalit\u00e9 sp\u00e9cialis\u00e9e en orthop\u00e9dagogie et pouvant justifier un stage dans le domaine de l\u2019orthop\u00e9dagogie clinique pourront se voir d\u00e9livrer l\u2019attestation leur permettant de demander le visa.<\/p>\n<ul>\n<li><strong><u>Autres Masters <\/u><\/strong><strong><u>en sciences de l\u2019\u00e9ducation<\/u><\/strong><\/li>\n<\/ul>\n<p>Les personnes disposant d\u2019un Master en sciences de l\u2019\u00e9ducation et ayant suivi durant leur cursus les cours dans le domaine de l\u2019orthop\u00e9dagogie alors au programme et pouvant attester de la r\u00e9alisation d\u2019un stage dans le domaine de l\u2019orthop\u00e9dagogie clinique durant leur cursus peuvent demander une attestation reconnaissant un certain nombre de cr\u00e9dits dans le domaine de l\u2019orthop\u00e9dagogie clinique.<\/p>\n<p>Leur cas doit \u00eatre examin\u00e9 par la facult\u00e9 mais leur formation initiale devra sans doute \u00eatre compl\u00e9t\u00e9e afin d\u2019obtenir des cr\u00e9dits compl\u00e9mentaires dans le domaine de l\u2019orthop\u00e9dagogie clinique (par exemple en suivant des cours isol\u00e9s)<\/p>\n<hr \/>\n<h3>Titulaire d\u2019un dipl\u00f4me en psychologie d\u00e9livr\u00e9 par un Etat membre de l\u2019UE\u00a0?<\/h3>\n<p>Les personnes disposant d\u2019un dipl\u00f4me de psychologie d\u00e9livr\u00e9 par un \u00e9tat membre de l\u2019UE doivent d\u2019abord adresser une demande de reconnaissance professionnelle \u00e0 la F\u00e9d\u00e9ration Wallonie Bruxelles.<\/p>\n<p>Une fois celle-ci obtenue, elles pourront demander le visa aupr\u00e8s du SPF Sant\u00e9 Publique.<\/p>\n<p>En Europe, outre la Belgique, il y a actuellement 5 pays qui r\u00e9glementent la profession de psychologue clinicien\u00a0:<\/p>\n<ul>\n<li>Autriche\u00a0;<\/li>\n<li>Espagne\u00a0;<\/li>\n<li>Pays-Bas\u00a0;<\/li>\n<li>Slov\u00e9nie\u00a0;<\/li>\n<li>Tch\u00e9quie.<\/li>\n<\/ul>\n<p>Les d\u00e9tenteurs d\u2019un dipl\u00f4me d\u00e9livr\u00e9 dans l\u2019un de ses pays doivent uniquement prouver que le titre donne acc\u00e8s \u00e0 l\u2019exercice de la psychologie clinique dans le pays d\u2019origine.<\/p>\n<p>Les personnes ayant obtenu leur dipl\u00f4me dans l\u2019Union Europ\u00e9enne, hors des 6 pays mentionn\u00e9s ci-dessus, doivent proc\u00e9der \u00e0 la reconnaissance de leurs qualifications professionnelles aupr\u00e8s de la Direction de l\u2019agr\u00e9ment des prestataires de soins de sant\u00e9 (Directive 2005\/CE\/36). Pour ce faire, elles doivent remplir 2 conditions\u00a0:<\/p>\n<ul>\n<li>\u00catre titulaires d\u2019une attestation de comp\u00e9tence ou d\u2019un titre de formation pr\u00e9parant \u00e0 l\u2019exercice de la psychologie clinique obtenu \u00e0 l\u2019int\u00e9rieur de l\u2019Espace Economique Europ\u00e9en (UE, Norv\u00e8ge, Islande et Liechtenstein) ou en Suisse\u00a0;<\/li>\n<li>Justifier d\u2019une exp\u00e9rience professionnelle en tant que psychologue clinicien d\u2019au moins 1 an \u00e0 temps plein au cours des 10 derni\u00e8res ann\u00e9es soit\u00a0:\n<ul>\n<li>Dans l\u2019Etat membre ayant d\u00e9livr\u00e9 le dipl\u00f4me\u00a0;<\/li>\n<li>Dans un autre Etat membre ne r\u00e9glementant pas la profession de psychologue clinicien\u00a0;<\/li>\n<li>En Belgique avant le premier septembre 2016 (date du d\u00e9but de la r\u00e9glementation de la profession de psychologue clinicien).<\/li>\n<\/ul>\n<\/li>\n<\/ul>\n<hr \/>\n<h2>Autre dipl\u00f4me\u00a0?<\/h2>\n<p>Pour les d\u00e9tenteurs d\u2019un dipl\u00f4me ne relevant pas d\u2019un des cas de figures repris ci-dessus, la loi ne pr\u00e9voit pas, pour le moment, la reconnaissance en tant que psychologue clinicien ou orthop\u00e9dagogue clinicien.<\/p>\n<p>Il se peut toutefois que des mesures soient mises en place permettant \u00e0 l\u2019avenir le droit \u00e0 la reconnaissance.<\/p>\n<p>Ces personnes sont \u00e9galement invit\u00e9es \u00e0 introduire une demande d\u2019\u00e9quivalence de leur dipl\u00f4me \u00e9tranger aupr\u00e8s du service \u00c9quivalences de la F\u00e9d\u00e9ration Wallonie-Bruxelles.<\/p>\n<hr \/>\n<h2>Plus d\u2019informations\u00a0?<\/h2>\n<p>Pour la psychologie clinique \u2192 <a href=\"https:\/\/www.health.belgium.be\/fr\/professionnels\/professionnels-sante\/sante-humaine\/professions-sante\/acces-aux-professions-soins-sante\/professions-sante-mentale\/psychologue-clinicienne\">Psychologue clinicien(ne) | SPF Sant\u00e9 publique<\/a><\/p>\n<p>Pour l&rsquo;orthop\u00e9dagogie clinique \u2192 <a href=\"https:\/\/www.health.belgium.be\/fr\/professionnels\/professionnels-sante\/sante-humaine\/professions-sante\/acces-aux-professions-soins-sante\/professions-sante-mentale\/orthopedagogue-clinicienne\">Orthop\u00e9dagogue clinicien(ne) | SPF Sant\u00e9 publique<\/a><\/p>\n<p>&nbsp;<\/p>\n<table style=\"border-collapse: collapse; width: 100%;\">\n<tbody>\n<tr>\n<td style=\"width: 100%;\">Mise \u00e0 jour: 05\/03\/2026<\/td>\n<\/tr>\n<\/tbody>\n<\/table>\n","protected":false},"excerpt":{"rendered":"<p>Master en sciences de l\u2019\u00e9ducation Master en sciences de l\u2019\u00e9ducation, finalit\u00e9 sp\u00e9cialis\u00e9e en orthop\u00e9dagogie Les anciens \u00e9tudiants ayant suivi le programme du master en sciences de l\u2019\u00e9ducation, finalit\u00e9 sp\u00e9cialis\u00e9e en orthop\u00e9dagogie et pouvant justifier un stage dans le domaine de l\u2019orthop\u00e9dagogie clinique pourront se voir d\u00e9livrer l\u2019attestation leur permettant de demander le visa. Autres Masters [&hellip;]<\/p>\n","protected":false},"author":2,"featured_media":0,"parent":1710,"menu_order":3,"comment_status":"closed","ping_status":"closed","template":"","meta":{"footnotes":""},"class_list":["post-1720","page","type-page","status-publish","hentry"],"yoast_head":"<!-- This site is optimized with the Yoast SEO plugin v27.2 - https:\/\/yoast.com\/product\/yoast-seo-wordpress\/ -->\n<title>Parcours particuliers \u2013 formations ant\u00e9rieures - Facult\u00e9 \/ FPSE<\/title>\n<meta name=\"robots\" content=\"index, follow, max-snippet:-1, max-image-preview:large, max-video-preview:-1\" \/>\n<link rel=\"canonical\" href=\"https:\/\/web.umons.ac.be\/fpse\/fr\/formation-clinique\/parcours-particuliers-formations-anterieures\/\" \/>\n<meta property=\"og:locale\" content=\"fr_FR\" \/>\n<meta property=\"og:type\" content=\"article\" \/>\n<meta property=\"og:title\" content=\"Parcours particuliers \u2013 formations ant\u00e9rieures - Facult\u00e9 \/ FPSE\" \/>\n<meta property=\"og:description\" content=\"Master en sciences de l\u2019\u00e9ducation Master en sciences de l\u2019\u00e9ducation, finalit\u00e9 sp\u00e9cialis\u00e9e en orthop\u00e9dagogie Les anciens \u00e9tudiants ayant suivi le programme du master en sciences de l\u2019\u00e9ducation, finalit\u00e9 sp\u00e9cialis\u00e9e en orthop\u00e9dagogie et pouvant justifier un stage dans le domaine de l\u2019orthop\u00e9dagogie clinique pourront se voir d\u00e9livrer l\u2019attestation leur permettant de demander le visa. Autres Masters [&hellip;]\" \/>\n<meta property=\"og:url\" content=\"https:\/\/web.umons.ac.be\/fpse\/fr\/formation-clinique\/parcours-particuliers-formations-anterieures\/\" \/>\n<meta property=\"og:site_name\" content=\"Facult\u00e9 \/ FPSE\" \/>\n<meta property=\"article:modified_time\" content=\"2026-03-05T14:35:07+00:00\" \/>\n<meta name=\"twitter:card\" content=\"summary_large_image\" \/>\n<meta name=\"twitter:label1\" content=\"Dur\u00e9e de lecture estim\u00e9e\" \/>\n\t<meta name=\"twitter:data1\" content=\"3 minutes\" \/>\n<script type=\"application\/ld+json\" class=\"yoast-schema-graph\">{\"@context\":\"https:\/\/schema.org\",\"@graph\":[{\"@type\":\"WebPage\",\"@id\":\"https:\/\/web.umons.ac.be\/fpse\/fr\/formation-clinique\/parcours-particuliers-formations-anterieures\/\",\"url\":\"https:\/\/web.umons.ac.be\/fpse\/fr\/formation-clinique\/parcours-particuliers-formations-anterieures\/\",\"name\":\"Parcours particuliers \u2013 formations ant\u00e9rieures - Facult\u00e9 \/ FPSE\",\"isPartOf\":{\"@id\":\"https:\/\/web.umons.ac.be\/fpse\/#website\"},\"datePublished\":\"2021-03-30T06:06:33+00:00\",\"dateModified\":\"2026-03-05T14:35:07+00:00\",\"breadcrumb\":{\"@id\":\"https:\/\/web.umons.ac.be\/fpse\/fr\/formation-clinique\/parcours-particuliers-formations-anterieures\/#breadcrumb\"},\"inLanguage\":\"fr-FR\",\"potentialAction\":[{\"@type\":\"ReadAction\",\"target\":[\"https:\/\/web.umons.ac.be\/fpse\/fr\/formation-clinique\/parcours-particuliers-formations-anterieures\/\"]}]},{\"@type\":\"BreadcrumbList\",\"@id\":\"https:\/\/web.umons.ac.be\/fpse\/fr\/formation-clinique\/parcours-particuliers-formations-anterieures\/#breadcrumb\",\"itemListElement\":[{\"@type\":\"ListItem\",\"position\":1,\"name\":\"Accueil\",\"item\":\"https:\/\/web.umons.ac.be\/fpse\/fr\/\"},{\"@type\":\"ListItem\",\"position\":2,\"name\":\"Formation clinique\",\"item\":\"https:\/\/web.umons.ac.be\/fpse\/fr\/formation-clinique\/\"},{\"@type\":\"ListItem\",\"position\":3,\"name\":\"Parcours particuliers \u2013 formations ant\u00e9rieures\"}]},{\"@type\":\"WebSite\",\"@id\":\"https:\/\/web.umons.ac.be\/fpse\/#website\",\"url\":\"https:\/\/web.umons.ac.be\/fpse\/\",\"name\":\"Facult\u00e9 \/ FPSE\",\"description\":\"\",\"potentialAction\":[{\"@type\":\"SearchAction\",\"target\":{\"@type\":\"EntryPoint\",\"urlTemplate\":\"https:\/\/web.umons.ac.be\/fpse\/?s={search_term_string}\"},\"query-input\":{\"@type\":\"PropertyValueSpecification\",\"valueRequired\":true,\"valueName\":\"search_term_string\"}}],\"inLanguage\":\"fr-FR\"}]}<\/script>\n<!-- \/ Yoast SEO plugin. -->","yoast_head_json":{"title":"Parcours particuliers \u2013 formations ant\u00e9rieures - Facult\u00e9 \/ FPSE","robots":{"index":"index","follow":"follow","max-snippet":"max-snippet:-1","max-image-preview":"max-image-preview:large","max-video-preview":"max-video-preview:-1"},"canonical":"https:\/\/web.umons.ac.be\/fpse\/fr\/formation-clinique\/parcours-particuliers-formations-anterieures\/","og_locale":"fr_FR","og_type":"article","og_title":"Parcours particuliers \u2013 formations ant\u00e9rieures - Facult\u00e9 \/ FPSE","og_description":"Master en sciences de l\u2019\u00e9ducation Master en sciences de l\u2019\u00e9ducation, finalit\u00e9 sp\u00e9cialis\u00e9e en orthop\u00e9dagogie Les anciens \u00e9tudiants ayant suivi le programme du master en sciences de l\u2019\u00e9ducation, finalit\u00e9 sp\u00e9cialis\u00e9e en orthop\u00e9dagogie et pouvant justifier un stage dans le domaine de l\u2019orthop\u00e9dagogie clinique pourront se voir d\u00e9livrer l\u2019attestation leur permettant de demander le visa. Autres Masters [&hellip;]","og_url":"https:\/\/web.umons.ac.be\/fpse\/fr\/formation-clinique\/parcours-particuliers-formations-anterieures\/","og_site_name":"Facult\u00e9 \/ FPSE","article_modified_time":"2026-03-05T14:35:07+00:00","twitter_card":"summary_large_image","twitter_misc":{"Dur\u00e9e de lecture estim\u00e9e":"3 minutes"},"schema":{"@context":"https:\/\/schema.org","@graph":[{"@type":"WebPage","@id":"https:\/\/web.umons.ac.be\/fpse\/fr\/formation-clinique\/parcours-particuliers-formations-anterieures\/","url":"https:\/\/web.umons.ac.be\/fpse\/fr\/formation-clinique\/parcours-particuliers-formations-anterieures\/","name":"Parcours particuliers \u2013 formations ant\u00e9rieures - Facult\u00e9 \/ FPSE","isPartOf":{"@id":"https:\/\/web.umons.ac.be\/fpse\/#website"},"datePublished":"2021-03-30T06:06:33+00:00","dateModified":"2026-03-05T14:35:07+00:00","breadcrumb":{"@id":"https:\/\/web.umons.ac.be\/fpse\/fr\/formation-clinique\/parcours-particuliers-formations-anterieures\/#breadcrumb"},"inLanguage":"fr-FR","potentialAction":[{"@type":"ReadAction","target":["https:\/\/web.umons.ac.be\/fpse\/fr\/formation-clinique\/parcours-particuliers-formations-anterieures\/"]}]},{"@type":"BreadcrumbList","@id":"https:\/\/web.umons.ac.be\/fpse\/fr\/formation-clinique\/parcours-particuliers-formations-anterieures\/#breadcrumb","itemListElement":[{"@type":"ListItem","position":1,"name":"Accueil","item":"https:\/\/web.umons.ac.be\/fpse\/fr\/"},{"@type":"ListItem","position":2,"name":"Formation clinique","item":"https:\/\/web.umons.ac.be\/fpse\/fr\/formation-clinique\/"},{"@type":"ListItem","position":3,"name":"Parcours particuliers \u2013 formations ant\u00e9rieures"}]},{"@type":"WebSite","@id":"https:\/\/web.umons.ac.be\/fpse\/#website","url":"https:\/\/web.umons.ac.be\/fpse\/","name":"Facult\u00e9 \/ FPSE","description":"","potentialAction":[{"@type":"SearchAction","target":{"@type":"EntryPoint","urlTemplate":"https:\/\/web.umons.ac.be\/fpse\/?s={search_term_string}"},"query-input":{"@type":"PropertyValueSpecification","valueRequired":true,"valueName":"search_term_string"}}],"inLanguage":"fr-FR"}]}},"lang":"fr","translations":{"fr":1720},"pll_sync_post":[],"_links":{"self":[{"href":"https:\/\/web.umons.ac.be\/fpse\/wp-json\/wp\/v2\/pages\/1720","targetHints":{"allow":["GET"]}}],"collection":[{"href":"https:\/\/web.umons.ac.be\/fpse\/wp-json\/wp\/v2\/pages"}],"about":[{"href":"https:\/\/web.umons.ac.be\/fpse\/wp-json\/wp\/v2\/types\/page"}],"author":[{"embeddable":true,"href":"https:\/\/web.umons.ac.be\/fpse\/wp-json\/wp\/v2\/users\/2"}],"replies":[{"embeddable":true,"href":"https:\/\/web.umons.ac.be\/fpse\/wp-json\/wp\/v2\/comments?post=1720"}],"version-history":[{"count":3,"href":"https:\/\/web.umons.ac.be\/fpse\/wp-json\/wp\/v2\/pages\/1720\/revisions"}],"predecessor-version":[{"id":2660,"href":"https:\/\/web.umons.ac.be\/fpse\/wp-json\/wp\/v2\/pages\/1720\/revisions\/2660"}],"up":[{"embeddable":true,"href":"https:\/\/web.umons.ac.be\/fpse\/wp-json\/wp\/v2\/pages\/1710"}],"wp:attachment":[{"href":"https:\/\/web.umons.ac.be\/fpse\/wp-json\/wp\/v2\/media?parent=1720"}],"curies":[{"name":"wp","href":"https:\/\/api.w.org\/{rel}","templated":true}]}}