{"id":30,"date":"2017-04-27T15:44:13","date_gmt":"2017-04-27T13:44:13","guid":{"rendered":"https:\/\/web.umons.ac.be\/faculte\/fpse\/?page_id=30"},"modified":"2022-10-07T14:58:31","modified_gmt":"2022-10-07T12:58:31","slug":"la-faculte","status":"publish","type":"page","link":"https:\/\/web.umons.ac.be\/fpse\/fr\/a-propos-de-faculte\/la-faculte\/","title":{"rendered":"Autorit\u00e9s"},"content":{"rendered":"<div id=\"ctl00_PlaceHolderMain_Content__ControlWrapper_RichHtmlField\">\n<p><strong><span class=\"ms-rteCustom-Gras\"><img loading=\"lazy\" decoding=\"async\" class=\"alignleft size-thumbnail wp-image-1253\" src=\"https:\/\/web.umons.ac.be\/app\/uploads\/sites\/3\/2018\/10\/Justine-Gaugue-150x150.png\" alt=\"\" width=\"150\" height=\"150\" srcset=\"https:\/\/web.umons.ac.be\/app\/uploads\/sites\/3\/2018\/10\/Justine-Gaugue-150x150.png 150w, https:\/\/web.umons.ac.be\/app\/uploads\/sites\/3\/2018\/10\/Justine-Gaugue-300x300.png 300w, https:\/\/web.umons.ac.be\/app\/uploads\/sites\/3\/2018\/10\/Justine-Gaugue-768x768.png 768w, https:\/\/web.umons.ac.be\/app\/uploads\/sites\/3\/2018\/10\/Justine-Gaugue-1024x1024.png 1024w, https:\/\/web.umons.ac.be\/app\/uploads\/sites\/3\/2018\/10\/Justine-Gaugue-660x660.png 660w, https:\/\/web.umons.ac.be\/app\/uploads\/sites\/3\/2018\/10\/Justine-Gaugue-30x30.png 30w, https:\/\/web.umons.ac.be\/app\/uploads\/sites\/3\/2018\/10\/Justine-Gaugue-80x80.png 80w, https:\/\/web.umons.ac.be\/app\/uploads\/sites\/3\/2018\/10\/Justine-Gaugue-60x60.png 60w, https:\/\/web.umons.ac.be\/app\/uploads\/sites\/3\/2018\/10\/Justine-Gaugue-360x360.png 360w, https:\/\/web.umons.ac.be\/app\/uploads\/sites\/3\/2018\/10\/Justine-Gaugue-400x400.png 400w, https:\/\/web.umons.ac.be\/app\/uploads\/sites\/3\/2018\/10\/Justine-Gaugue-200x200.png 200w, https:\/\/web.umons.ac.be\/app\/uploads\/sites\/3\/2018\/10\/Justine-Gaugue.png 1125w\" sizes=\"auto, (max-width: 150px) 100vw, 150px\" \/><\/span><\/strong><\/p>\n<p><strong><span class=\"ms-rteCustom-Gras\">Doyenne <\/span><\/strong><span class=\"ms-rteCustom-Gras\">:<\/span><\/p>\n<p>Justine GAUGUE<br \/>\nProfesseur<\/p>\n<p>Service de Psychologie clinique<\/p>\n<p><a href=\"mailto:Doyen.FPSE@umons.ac.be\">Doyen.FPSE@umons.ac.be<\/a><\/p>\n<\/div>\n<p>&nbsp;<\/p>\n<p>&nbsp;<\/p>\n<p><a href=\"https:\/\/web.umons.ac.be\/app\/uploads\/sites\/3\/2022\/10\/G.Temperman.jpg\"><img loading=\"lazy\" decoding=\"async\" class=\" wp-image-2100 alignleft\" src=\"https:\/\/web.umons.ac.be\/app\/uploads\/sites\/3\/2022\/10\/G.Temperman-277x300.jpg\" alt=\"\" width=\"159\" height=\"172\" srcset=\"https:\/\/web.umons.ac.be\/app\/uploads\/sites\/3\/2022\/10\/G.Temperman-277x300.jpg 277w, https:\/\/web.umons.ac.be\/app\/uploads\/sites\/3\/2022\/10\/G.Temperman-30x33.jpg 30w, https:\/\/web.umons.ac.be\/app\/uploads\/sites\/3\/2022\/10\/G.Temperman-55x60.jpg 55w, https:\/\/web.umons.ac.be\/app\/uploads\/sites\/3\/2022\/10\/G.Temperman-360x390.jpg 360w, https:\/\/web.umons.ac.be\/app\/uploads\/sites\/3\/2022\/10\/G.Temperman.jpg 441w\" sizes=\"auto, (max-width: 159px) 100vw, 159px\" \/><\/a><\/p>\n<p><strong><span class=\"ms-rteCustom-Gras\">Vice-Doyen <\/span><\/strong><span class=\"ms-rteCustom-Gras\">:<\/span><\/p>\n<p>Ga\u00ebtan TEMPERMAN<br \/>\nProfesseur<\/p>\n<p>Service d&rsquo;Ing\u00e9nierie p\u00e9dagogique et num\u00e9rique \u00e9ducatif<\/p>\n<p><a href=\"https:\/\/web.umons.ac.be\/fpse\/wp-includes\/js\/tinymce\/Facult\u00e9 \/ FPSE\/_wp_link_placeholder\">gaetan.temperman@umons.ac.be<\/a><\/p>\n<p>&nbsp;<\/p>\n<p>&nbsp;<\/p>\n<div id=\"ctl00_PlaceHolderMain_Content__ControlWrapper_RichHtmlField\">\n<p><strong><span class=\"ms-rteCustom-Gras\">Secr\u00e9taire du Conseil de Facult\u00e9 <\/span><\/strong><span class=\"ms-rteCustom-Gras\">:<\/span><\/p>\n<p>Virginie ROLAND<\/p>\n<p>Service de M\u00e9trologie et Sciences du langage<\/p>\n<p><a href=\"https:\/\/web.umons.ac.be\/fpse\/wp-includes\/js\/tinymce\/Facult\u00e9 \/ FPSE\/_wp_link_placeholder\">virginie.roland@umons.ac.be<\/a><\/p>\n<\/div>\n","protected":false},"excerpt":{"rendered":"<p>Doyenne : Justine GAUGUE Professeur Service de Psychologie clinique Doyen.FPSE@umons.ac.be &nbsp; &nbsp; Vice-Doyen : Ga\u00ebtan TEMPERMAN Professeur Service d&rsquo;Ing\u00e9nierie p\u00e9dagogique et num\u00e9rique \u00e9ducatif gaetan.temperman@umons.ac.be &nbsp; &nbsp; Secr\u00e9taire du Conseil de Facult\u00e9 : Virginie ROLAND Service de M\u00e9trologie et Sciences du langage virginie.roland@umons.ac.be<\/p>\n","protected":false},"author":2,"featured_media":0,"parent":5,"menu_order":2,"comment_status":"closed","ping_status":"closed","template":"","meta":{"footnotes":""},"class_list":["post-30","page","type-page","status-publish","hentry"],"yoast_head":"<!-- This site is optimized with the Yoast SEO plugin v27.2 - https:\/\/yoast.com\/product\/yoast-seo-wordpress\/ -->\n<title>Autorit\u00e9s - Facult\u00e9 \/ FPSE<\/title>\n<meta name=\"robots\" content=\"index, follow, max-snippet:-1, max-image-preview:large, max-video-preview:-1\" \/>\n<link rel=\"canonical\" href=\"https:\/\/web.umons.ac.be\/fpse\/fr\/a-propos-de-faculte\/la-faculte\/\" \/>\n<meta property=\"og:locale\" content=\"fr_FR\" \/>\n<meta property=\"og:type\" content=\"article\" \/>\n<meta property=\"og:title\" content=\"Autorit\u00e9s - Facult\u00e9 \/ FPSE\" \/>\n<meta property=\"og:description\" content=\"Doyenne : Justine GAUGUE Professeur Service de Psychologie clinique Doyen.FPSE@umons.ac.be &nbsp; &nbsp; Vice-Doyen : Ga\u00ebtan TEMPERMAN Professeur Service d&rsquo;Ing\u00e9nierie p\u00e9dagogique et num\u00e9rique \u00e9ducatif gaetan.temperman@umons.ac.be &nbsp; &nbsp; Secr\u00e9taire du Conseil de Facult\u00e9 : Virginie ROLAND Service de M\u00e9trologie et Sciences du langage virginie.roland@umons.ac.be\" \/>\n<meta property=\"og:url\" content=\"https:\/\/web.umons.ac.be\/fpse\/fr\/a-propos-de-faculte\/la-faculte\/\" \/>\n<meta property=\"og:site_name\" content=\"Facult\u00e9 \/ FPSE\" \/>\n<meta property=\"article:modified_time\" content=\"2022-10-07T12:58:31+00:00\" \/>\n<meta property=\"og:image\" content=\"https:\/\/web.umons.ac.be\/app\/uploads\/sites\/3\/2018\/10\/Justine-Gaugue-150x150.png\" \/>\n<meta name=\"twitter:card\" content=\"summary_large_image\" \/>\n<meta name=\"twitter:label1\" content=\"Dur\u00e9e de lecture estim\u00e9e\" \/>\n\t<meta name=\"twitter:data1\" content=\"1 minute\" \/>\n<script type=\"application\/ld+json\" class=\"yoast-schema-graph\">{\"@context\":\"https:\/\/schema.org\",\"@graph\":[{\"@type\":\"WebPage\",\"@id\":\"https:\/\/web.umons.ac.be\/fpse\/fr\/a-propos-de-faculte\/la-faculte\/\",\"url\":\"https:\/\/web.umons.ac.be\/fpse\/fr\/a-propos-de-faculte\/la-faculte\/\",\"name\":\"Autorit\u00e9s - Facult\u00e9 \/ FPSE\",\"isPartOf\":{\"@id\":\"https:\/\/web.umons.ac.be\/fpse\/#website\"},\"primaryImageOfPage\":{\"@id\":\"https:\/\/web.umons.ac.be\/fpse\/fr\/a-propos-de-faculte\/la-faculte\/#primaryimage\"},\"image\":{\"@id\":\"https:\/\/web.umons.ac.be\/fpse\/fr\/a-propos-de-faculte\/la-faculte\/#primaryimage\"},\"thumbnailUrl\":\"https:\/\/web.umons.ac.be\/app\/uploads\/sites\/3\/2018\/10\/Justine-Gaugue-150x150.png\",\"datePublished\":\"2017-04-27T13:44:13+00:00\",\"dateModified\":\"2022-10-07T12:58:31+00:00\",\"breadcrumb\":{\"@id\":\"https:\/\/web.umons.ac.be\/fpse\/fr\/a-propos-de-faculte\/la-faculte\/#breadcrumb\"},\"inLanguage\":\"fr-FR\",\"potentialAction\":[{\"@type\":\"ReadAction\",\"target\":[\"https:\/\/web.umons.ac.be\/fpse\/fr\/a-propos-de-faculte\/la-faculte\/\"]}]},{\"@type\":\"ImageObject\",\"inLanguage\":\"fr-FR\",\"@id\":\"https:\/\/web.umons.ac.be\/fpse\/fr\/a-propos-de-faculte\/la-faculte\/#primaryimage\",\"url\":\"https:\/\/web.umons.ac.be\/app\/uploads\/sites\/3\/2018\/10\/Justine-Gaugue-150x150.png\",\"contentUrl\":\"https:\/\/web.umons.ac.be\/app\/uploads\/sites\/3\/2018\/10\/Justine-Gaugue-150x150.png\"},{\"@type\":\"BreadcrumbList\",\"@id\":\"https:\/\/web.umons.ac.be\/fpse\/fr\/a-propos-de-faculte\/la-faculte\/#breadcrumb\",\"itemListElement\":[{\"@type\":\"ListItem\",\"position\":1,\"name\":\"Accueil\",\"item\":\"https:\/\/web.umons.ac.be\/fpse\/fr\/\"},{\"@type\":\"ListItem\",\"position\":2,\"name\":\"A propos de la facult\u00e9\",\"item\":\"https:\/\/web.umons.ac.be\/fpse\/fr\/a-propos-de-faculte\/\"},{\"@type\":\"ListItem\",\"position\":3,\"name\":\"Autorit\u00e9s\"}]},{\"@type\":\"WebSite\",\"@id\":\"https:\/\/web.umons.ac.be\/fpse\/#website\",\"url\":\"https:\/\/web.umons.ac.be\/fpse\/\",\"name\":\"Facult\u00e9 \/ FPSE\",\"description\":\"\",\"potentialAction\":[{\"@type\":\"SearchAction\",\"target\":{\"@type\":\"EntryPoint\",\"urlTemplate\":\"https:\/\/web.umons.ac.be\/fpse\/?s={search_term_string}\"},\"query-input\":{\"@type\":\"PropertyValueSpecification\",\"valueRequired\":true,\"valueName\":\"search_term_string\"}}],\"inLanguage\":\"fr-FR\"}]}<\/script>\n<!-- \/ Yoast SEO plugin. -->","yoast_head_json":{"title":"Autorit\u00e9s - Facult\u00e9 \/ FPSE","robots":{"index":"index","follow":"follow","max-snippet":"max-snippet:-1","max-image-preview":"max-image-preview:large","max-video-preview":"max-video-preview:-1"},"canonical":"https:\/\/web.umons.ac.be\/fpse\/fr\/a-propos-de-faculte\/la-faculte\/","og_locale":"fr_FR","og_type":"article","og_title":"Autorit\u00e9s - Facult\u00e9 \/ FPSE","og_description":"Doyenne : Justine GAUGUE Professeur Service de Psychologie clinique Doyen.FPSE@umons.ac.be &nbsp; &nbsp; Vice-Doyen : Ga\u00ebtan TEMPERMAN Professeur Service d&rsquo;Ing\u00e9nierie p\u00e9dagogique et num\u00e9rique \u00e9ducatif gaetan.temperman@umons.ac.be &nbsp; &nbsp; Secr\u00e9taire du Conseil de Facult\u00e9 : Virginie ROLAND Service de M\u00e9trologie et Sciences du langage virginie.roland@umons.ac.be","og_url":"https:\/\/web.umons.ac.be\/fpse\/fr\/a-propos-de-faculte\/la-faculte\/","og_site_name":"Facult\u00e9 \/ FPSE","article_modified_time":"2022-10-07T12:58:31+00:00","og_image":[{"url":"https:\/\/web.umons.ac.be\/app\/uploads\/sites\/3\/2018\/10\/Justine-Gaugue-150x150.png","type":"","width":"","height":""}],"twitter_card":"summary_large_image","twitter_misc":{"Dur\u00e9e de lecture estim\u00e9e":"1 minute"},"schema":{"@context":"https:\/\/schema.org","@graph":[{"@type":"WebPage","@id":"https:\/\/web.umons.ac.be\/fpse\/fr\/a-propos-de-faculte\/la-faculte\/","url":"https:\/\/web.umons.ac.be\/fpse\/fr\/a-propos-de-faculte\/la-faculte\/","name":"Autorit\u00e9s - Facult\u00e9 \/ FPSE","isPartOf":{"@id":"https:\/\/web.umons.ac.be\/fpse\/#website"},"primaryImageOfPage":{"@id":"https:\/\/web.umons.ac.be\/fpse\/fr\/a-propos-de-faculte\/la-faculte\/#primaryimage"},"image":{"@id":"https:\/\/web.umons.ac.be\/fpse\/fr\/a-propos-de-faculte\/la-faculte\/#primaryimage"},"thumbnailUrl":"https:\/\/web.umons.ac.be\/app\/uploads\/sites\/3\/2018\/10\/Justine-Gaugue-150x150.png","datePublished":"2017-04-27T13:44:13+00:00","dateModified":"2022-10-07T12:58:31+00:00","breadcrumb":{"@id":"https:\/\/web.umons.ac.be\/fpse\/fr\/a-propos-de-faculte\/la-faculte\/#breadcrumb"},"inLanguage":"fr-FR","potentialAction":[{"@type":"ReadAction","target":["https:\/\/web.umons.ac.be\/fpse\/fr\/a-propos-de-faculte\/la-faculte\/"]}]},{"@type":"ImageObject","inLanguage":"fr-FR","@id":"https:\/\/web.umons.ac.be\/fpse\/fr\/a-propos-de-faculte\/la-faculte\/#primaryimage","url":"https:\/\/web.umons.ac.be\/app\/uploads\/sites\/3\/2018\/10\/Justine-Gaugue-150x150.png","contentUrl":"https:\/\/web.umons.ac.be\/app\/uploads\/sites\/3\/2018\/10\/Justine-Gaugue-150x150.png"},{"@type":"BreadcrumbList","@id":"https:\/\/web.umons.ac.be\/fpse\/fr\/a-propos-de-faculte\/la-faculte\/#breadcrumb","itemListElement":[{"@type":"ListItem","position":1,"name":"Accueil","item":"https:\/\/web.umons.ac.be\/fpse\/fr\/"},{"@type":"ListItem","position":2,"name":"A propos de la facult\u00e9","item":"https:\/\/web.umons.ac.be\/fpse\/fr\/a-propos-de-faculte\/"},{"@type":"ListItem","position":3,"name":"Autorit\u00e9s"}]},{"@type":"WebSite","@id":"https:\/\/web.umons.ac.be\/fpse\/#website","url":"https:\/\/web.umons.ac.be\/fpse\/","name":"Facult\u00e9 \/ FPSE","description":"","potentialAction":[{"@type":"SearchAction","target":{"@type":"EntryPoint","urlTemplate":"https:\/\/web.umons.ac.be\/fpse\/?s={search_term_string}"},"query-input":{"@type":"PropertyValueSpecification","valueRequired":true,"valueName":"search_term_string"}}],"inLanguage":"fr-FR"}]}},"lang":"fr","translations":{"fr":30,"en":897},"pll_sync_post":[],"_links":{"self":[{"href":"https:\/\/web.umons.ac.be\/fpse\/wp-json\/wp\/v2\/pages\/30","targetHints":{"allow":["GET"]}}],"collection":[{"href":"https:\/\/web.umons.ac.be\/fpse\/wp-json\/wp\/v2\/pages"}],"about":[{"href":"https:\/\/web.umons.ac.be\/fpse\/wp-json\/wp\/v2\/types\/page"}],"author":[{"embeddable":true,"href":"https:\/\/web.umons.ac.be\/fpse\/wp-json\/wp\/v2\/users\/2"}],"replies":[{"embeddable":true,"href":"https:\/\/web.umons.ac.be\/fpse\/wp-json\/wp\/v2\/comments?post=30"}],"version-history":[{"count":4,"href":"https:\/\/web.umons.ac.be\/fpse\/wp-json\/wp\/v2\/pages\/30\/revisions"}],"predecessor-version":[{"id":2102,"href":"https:\/\/web.umons.ac.be\/fpse\/wp-json\/wp\/v2\/pages\/30\/revisions\/2102"}],"up":[{"embeddable":true,"href":"https:\/\/web.umons.ac.be\/fpse\/wp-json\/wp\/v2\/pages\/5"}],"wp:attachment":[{"href":"https:\/\/web.umons.ac.be\/fpse\/wp-json\/wp\/v2\/media?parent=30"}],"curies":[{"name":"wp","href":"https:\/\/api.w.org\/{rel}","templated":true}]}}