{"id":43,"date":"2017-04-27T15:55:34","date_gmt":"2017-04-27T13:55:34","guid":{"rendered":"https:\/\/web.umons.ac.be\/faculte\/fpse\/?page_id=43"},"modified":"2024-06-28T11:01:33","modified_gmt":"2024-06-28T09:01:33","slug":"accompagner-les-etudiants-vers-autonomie-et-augmenter-leur-engagement-dans-les-activites-apprentissage","status":"publish","type":"page","link":"https:\/\/web.umons.ac.be\/fpse\/fr\/a-propos-de-faculte\/cfpu\/accompagner-les-etudiants-vers-autonomie-et-augmenter-leur-engagement-dans-les-activites-apprentissage\/","title":{"rendered":"Accompagner les \u00e9tudiants vers l\u2019autonomie et augmenter leur engagement dans les activit\u00e9s d\u2019apprentissage"},"content":{"rendered":"<p>Les adjoints p\u00e9dagogiques (AP) de la CFPU ont d\u00e9velopp\u00e9 des outils m\u00e9thodologiques pour favoriser l\u2019aide \u00e0 la r\u00e9ussite des \u00e9tudiants.<\/p>\n<p>Le Prof. G. Temperman, vice-doyen de la FPSE, soutenu par les AP de la CFPU, a \u00e9labor\u00e9 des actions d&rsquo;aide \u00e0 la r\u00e9ussite en ligne. Ces actions qui s\u2019inscrivent dans le cadre des AA <i>Aide \u00e0 la r\u00e9ussite (Partie A)<\/i> et <i>Aide \u00e0 la r\u00e9ussite (Partie B)<\/i>, sont obligatoires pour les \u00e9tudiants de d\u00e9but de cycle du bachelier n&rsquo;ayant pas acquis un minimum de 30 cr\u00e9dits du bloc 1 \u00e0 la fin de l&rsquo;ann\u00e9e acad\u00e9mique pr\u00e9c\u00e9dente. Ces m\u00eames intervenants proposent \u00e9galement des activit\u00e9s dans le cadre de l\u2019UE <i>Rem\u00e9diation<\/i> destin\u00e9es aux \u00e9tudiants qui souhaiteraient demander un all\u00e8gement \u00e0 la suite des \u00e9valuations de janvier et qui devraient compl\u00e9ter leur inscription par des activit\u00e9s sp\u00e9cifiques obligatoires de rem\u00e9diation.<\/p>\n<p>Plusieurs initiatives ont \u00e9galement \u00e9t\u00e9 mise en place par les services d\u2019enseignement et de recherche de la FPSE. Les actions mises en avant ci-apr\u00e8s sont propos\u00e9es \u00e0 titre d\u2019exemples.<\/p>\n<p>Des ateliers d\u2019\u00e9criture en sous-groupes sont propos\u00e9s aux \u00e9tudiants ayant l\u2019AA <i>M\u00e9thodologie de la communication scientifique en psychologie, \u00e9ducation, logop\u00e9die et orthop\u00e9dagogie clinique <\/i>(Titulaire\u00a0: Prof. B. De Li\u00e8vre)<i>,<\/i> \u00e0 leur PAE. Durant ces ateliers, ils re\u00e7oivent des rem\u00e9diations imm\u00e9diates sur leurs productions. Ces activit\u00e9s ambitionnent d\u2019encourager l\u2019autonomie, l\u2019engagement et la responsabilisation des \u00e9tudiants dans les activit\u00e9s d\u2019apprentissage.<\/p>\n<p>Le <i>Service de D\u00e9veloppement humain et traitement des donn\u00e9es<\/i> fournit sur la Plateforme Moodle, \u00a0d\u00e8s le d\u00e9but de l\u2019ann\u00e9e, des documents tr\u00e8s clairs pour permettre aux \u00e9tudiants &#8211; non familiaris\u00e9s avec les quantit\u00e9s de mati\u00e8re propres \u00e0 toute formation universitaire &#8211; de bien appr\u00e9hender les objectifs et les contenus de cours ainsi que le rythme de travail qu\u2019il va falloir adopter avec l\u2019aide de l\u2019\u00e9quipe qui est, elle aussi, pr\u00e9sent\u00e9e (fiches descriptives, vid\u00e9os introductives, check-lists de travail et de mat\u00e9riel \u00e0 acqu\u00e9rir, planning conseill\u00e9 d\u2019organisation du travail individuel\u2026etc.). En plus d\u2019un syllabus de th\u00e9orie tr\u00e8s structur\u00e9 et d\u00e9taill\u00e9, les \u00e9tudiants trouvent sur la Plateforme Moodle l\u2019ensemble des supports Powerpoint de cours ainsi qu\u2019un recueil de formules et tables qui leur permettra de ne pas devoir faire d\u2019efforts de m\u00e9moire inutiles et avec lequel ils devront se familiariser puisqu\u2019ils disposeront du m\u00eame document lors de l\u2019\u00e9valuation\u00a0; un glossaire bilingue fran\u00e7ais\/anglais ainsi que des vid\u00e9os p\u00e9dagogiques sur des points sp\u00e9cifiques de mati\u00e8re sont \u00e9galement mis \u00e0 leur disposition afin d\u2019accompagner leurs acquisitions.<\/p>\n<p>En plus des modules d\u2019exercices dirig\u00e9s tr\u00e8s structur\u00e9s, centr\u00e9s sur des situations propres \u00e0 leur future profession et comportant des corrig\u00e9s d\u00e9taill\u00e9s, les \u00e9tudiants trouvent sur la Plateforme Moodle l\u2019ensemble des supports Powerpoint utilis\u00e9s lors des s\u00e9ances ainsi qu\u2019un guide simplifi\u00e9 d\u2019utilisation d\u2019une machine \u00e0 calculer que l\u2019\u00e9quipe a s\u00e9lectionn\u00e9e pour eux en raison de son rapport qualit\u00e9\/prix et de son ad\u00e9quation aux diff\u00e9rents cours du cursus\u00a0; des vid\u00e9os p\u00e9dagogiques sur l\u2019utilisation des tables et l\u2019utilisation de la machine \u00e0 calculer sont \u00e9galement mises \u00e0 leur disposition.<\/p>\n<p>Durant le Q2, le Service de D\u00e9veloppement humain et traitement des donn\u00e9es met en place une grosse s\u00e9ance de rem\u00e9diation \u00e0 destination des \u00e9tudiants en situation d\u2019\u00e9chec \u00e0 l\u2019AA Bases pour l&rsquo;analyse statistique descriptive et inf\u00e9rentielle.<\/p>\n<p>Dans le cadre de l\u2019AA <i>Sciences de l\u2019\u00e9ducation et de la formation<\/i>, \u00a0le <i>Service d&rsquo;Ing\u00e9nierie P\u00e9dagogique et Num\u00e9rique \u00e9ducatif<\/i> a d\u00e9velopp\u00e9 un MOOC dans lequel les \u00e9tudiants sont accompagn\u00e9s par des tuteurs (stagiaires MAEDU) form\u00e9s dans l\u2019accompagnement des grands groupes. Les \u00e9tudiants ont la possibilit\u00e9 d\u2019apprendre \u00e0 leur rythme au moyen de vid\u00e9os et de s\u2019entrainer \u00e0 l\u2019aide d\u2019exercices formatifs.<\/p>\n<p>Le <i>Service de M\u00e9trologie et sciences du langage<\/i> met en place un grand nombre d\u2019exercices de renforcement et de rem\u00e9diation \u00e0 destination des \u00e9tudiants inscrits \u00e0 l\u2019AA <i>Psychologie du d\u00e9veloppement<\/i>.<\/p>\n<p>Du tutorat en ligne est organis\u00e9 \u00e0 la FPSE, dans le cadre de diff\u00e9rentes AA du programme des cours de la Facult\u00e9 dans lesquelles des \u00e9tudiants stagiaires en Master en Sciences de l\u2019\u00e9ducation ont pour mission d\u2019encadrer des groupes d\u2019apprenants dans la r\u00e9alisation d\u2019activit\u00e9s. L\u2019activit\u00e9 de tutorat est r\u00e9alis\u00e9e et encadr\u00e9e par les membres de l\u2019\u00e9quipe \u00e9ducative de la FPSE.<\/p>\n","protected":false},"excerpt":{"rendered":"<p>Les adjoints p\u00e9dagogiques (AP) de la CFPU ont d\u00e9velopp\u00e9 des outils m\u00e9thodologiques pour favoriser l\u2019aide \u00e0 la r\u00e9ussite des \u00e9tudiants. Le Prof. G. Temperman, vice-doyen de la FPSE, soutenu par les AP de la CFPU, a \u00e9labor\u00e9 des actions d&rsquo;aide \u00e0 la r\u00e9ussite en ligne. Ces actions qui s\u2019inscrivent dans le cadre des AA Aide [&hellip;]<\/p>\n","protected":false},"author":2,"featured_media":0,"parent":39,"menu_order":1,"comment_status":"closed","ping_status":"closed","template":"","meta":{"footnotes":""},"class_list":["post-43","page","type-page","status-publish","hentry"],"yoast_head":"<!-- This site is optimized with the Yoast SEO plugin v27.2 - https:\/\/yoast.com\/product\/yoast-seo-wordpress\/ -->\n<title>Accompagner les \u00e9tudiants vers l\u2019autonomie et augmenter leur engagement dans les activit\u00e9s d\u2019apprentissage - Facult\u00e9 \/ FPSE<\/title>\n<meta name=\"robots\" content=\"index, follow, max-snippet:-1, max-image-preview:large, max-video-preview:-1\" \/>\n<link rel=\"canonical\" href=\"https:\/\/web.umons.ac.be\/fpse\/fr\/a-propos-de-faculte\/cfpu\/accompagner-les-etudiants-vers-autonomie-et-augmenter-leur-engagement-dans-les-activites-apprentissage\/\" \/>\n<meta property=\"og:locale\" content=\"fr_FR\" \/>\n<meta property=\"og:type\" content=\"article\" \/>\n<meta property=\"og:title\" content=\"Accompagner les \u00e9tudiants vers l\u2019autonomie et augmenter leur engagement dans les activit\u00e9s d\u2019apprentissage - Facult\u00e9 \/ FPSE\" \/>\n<meta property=\"og:description\" content=\"Les adjoints p\u00e9dagogiques (AP) de la CFPU ont d\u00e9velopp\u00e9 des outils m\u00e9thodologiques pour favoriser l\u2019aide \u00e0 la r\u00e9ussite des \u00e9tudiants. Le Prof. G. Temperman, vice-doyen de la FPSE, soutenu par les AP de la CFPU, a \u00e9labor\u00e9 des actions d&rsquo;aide \u00e0 la r\u00e9ussite en ligne. Ces actions qui s\u2019inscrivent dans le cadre des AA Aide [&hellip;]\" \/>\n<meta property=\"og:url\" content=\"https:\/\/web.umons.ac.be\/fpse\/fr\/a-propos-de-faculte\/cfpu\/accompagner-les-etudiants-vers-autonomie-et-augmenter-leur-engagement-dans-les-activites-apprentissage\/\" \/>\n<meta property=\"og:site_name\" content=\"Facult\u00e9 \/ FPSE\" \/>\n<meta property=\"article:modified_time\" content=\"2024-06-28T09:01:33+00:00\" \/>\n<meta name=\"twitter:card\" content=\"summary_large_image\" \/>\n<meta name=\"twitter:label1\" content=\"Dur\u00e9e de lecture estim\u00e9e\" \/>\n\t<meta name=\"twitter:data1\" content=\"4 minutes\" \/>\n<script type=\"application\/ld+json\" class=\"yoast-schema-graph\">{\"@context\":\"https:\/\/schema.org\",\"@graph\":[{\"@type\":\"WebPage\",\"@id\":\"https:\/\/web.umons.ac.be\/fpse\/fr\/a-propos-de-faculte\/cfpu\/accompagner-les-etudiants-vers-autonomie-et-augmenter-leur-engagement-dans-les-activites-apprentissage\/\",\"url\":\"https:\/\/web.umons.ac.be\/fpse\/fr\/a-propos-de-faculte\/cfpu\/accompagner-les-etudiants-vers-autonomie-et-augmenter-leur-engagement-dans-les-activites-apprentissage\/\",\"name\":\"Accompagner les \u00e9tudiants vers l\u2019autonomie et augmenter leur engagement dans les activit\u00e9s d\u2019apprentissage - Facult\u00e9 \/ FPSE\",\"isPartOf\":{\"@id\":\"https:\/\/web.umons.ac.be\/fpse\/#website\"},\"datePublished\":\"2017-04-27T13:55:34+00:00\",\"dateModified\":\"2024-06-28T09:01:33+00:00\",\"breadcrumb\":{\"@id\":\"https:\/\/web.umons.ac.be\/fpse\/fr\/a-propos-de-faculte\/cfpu\/accompagner-les-etudiants-vers-autonomie-et-augmenter-leur-engagement-dans-les-activites-apprentissage\/#breadcrumb\"},\"inLanguage\":\"fr-FR\",\"potentialAction\":[{\"@type\":\"ReadAction\",\"target\":[\"https:\/\/web.umons.ac.be\/fpse\/fr\/a-propos-de-faculte\/cfpu\/accompagner-les-etudiants-vers-autonomie-et-augmenter-leur-engagement-dans-les-activites-apprentissage\/\"]}]},{\"@type\":\"BreadcrumbList\",\"@id\":\"https:\/\/web.umons.ac.be\/fpse\/fr\/a-propos-de-faculte\/cfpu\/accompagner-les-etudiants-vers-autonomie-et-augmenter-leur-engagement-dans-les-activites-apprentissage\/#breadcrumb\",\"itemListElement\":[{\"@type\":\"ListItem\",\"position\":1,\"name\":\"Accueil\",\"item\":\"https:\/\/web.umons.ac.be\/fpse\/fr\/\"},{\"@type\":\"ListItem\",\"position\":2,\"name\":\"A propos de la facult\u00e9\",\"item\":\"https:\/\/web.umons.ac.be\/fpse\/fr\/a-propos-de-faculte\/\"},{\"@type\":\"ListItem\",\"position\":3,\"name\":\"Cellule Facultaire de P\u00e9dagogie Universitaire\",\"item\":\"https:\/\/web.umons.ac.be\/fpse\/fr\/a-propos-de-faculte\/cfpu\/\"},{\"@type\":\"ListItem\",\"position\":4,\"name\":\"Accompagner les \u00e9tudiants vers l\u2019autonomie et augmenter leur engagement dans les activit\u00e9s d\u2019apprentissage\"}]},{\"@type\":\"WebSite\",\"@id\":\"https:\/\/web.umons.ac.be\/fpse\/#website\",\"url\":\"https:\/\/web.umons.ac.be\/fpse\/\",\"name\":\"Facult\u00e9 \/ FPSE\",\"description\":\"\",\"potentialAction\":[{\"@type\":\"SearchAction\",\"target\":{\"@type\":\"EntryPoint\",\"urlTemplate\":\"https:\/\/web.umons.ac.be\/fpse\/?s={search_term_string}\"},\"query-input\":{\"@type\":\"PropertyValueSpecification\",\"valueRequired\":true,\"valueName\":\"search_term_string\"}}],\"inLanguage\":\"fr-FR\"}]}<\/script>\n<!-- \/ Yoast SEO plugin. -->","yoast_head_json":{"title":"Accompagner les \u00e9tudiants vers l\u2019autonomie et augmenter leur engagement dans les activit\u00e9s d\u2019apprentissage - Facult\u00e9 \/ FPSE","robots":{"index":"index","follow":"follow","max-snippet":"max-snippet:-1","max-image-preview":"max-image-preview:large","max-video-preview":"max-video-preview:-1"},"canonical":"https:\/\/web.umons.ac.be\/fpse\/fr\/a-propos-de-faculte\/cfpu\/accompagner-les-etudiants-vers-autonomie-et-augmenter-leur-engagement-dans-les-activites-apprentissage\/","og_locale":"fr_FR","og_type":"article","og_title":"Accompagner les \u00e9tudiants vers l\u2019autonomie et augmenter leur engagement dans les activit\u00e9s d\u2019apprentissage - Facult\u00e9 \/ FPSE","og_description":"Les adjoints p\u00e9dagogiques (AP) de la CFPU ont d\u00e9velopp\u00e9 des outils m\u00e9thodologiques pour favoriser l\u2019aide \u00e0 la r\u00e9ussite des \u00e9tudiants. Le Prof. G. Temperman, vice-doyen de la FPSE, soutenu par les AP de la CFPU, a \u00e9labor\u00e9 des actions d&rsquo;aide \u00e0 la r\u00e9ussite en ligne. Ces actions qui s\u2019inscrivent dans le cadre des AA Aide [&hellip;]","og_url":"https:\/\/web.umons.ac.be\/fpse\/fr\/a-propos-de-faculte\/cfpu\/accompagner-les-etudiants-vers-autonomie-et-augmenter-leur-engagement-dans-les-activites-apprentissage\/","og_site_name":"Facult\u00e9 \/ FPSE","article_modified_time":"2024-06-28T09:01:33+00:00","twitter_card":"summary_large_image","twitter_misc":{"Dur\u00e9e de lecture estim\u00e9e":"4 minutes"},"schema":{"@context":"https:\/\/schema.org","@graph":[{"@type":"WebPage","@id":"https:\/\/web.umons.ac.be\/fpse\/fr\/a-propos-de-faculte\/cfpu\/accompagner-les-etudiants-vers-autonomie-et-augmenter-leur-engagement-dans-les-activites-apprentissage\/","url":"https:\/\/web.umons.ac.be\/fpse\/fr\/a-propos-de-faculte\/cfpu\/accompagner-les-etudiants-vers-autonomie-et-augmenter-leur-engagement-dans-les-activites-apprentissage\/","name":"Accompagner les \u00e9tudiants vers l\u2019autonomie et augmenter leur engagement dans les activit\u00e9s d\u2019apprentissage - Facult\u00e9 \/ FPSE","isPartOf":{"@id":"https:\/\/web.umons.ac.be\/fpse\/#website"},"datePublished":"2017-04-27T13:55:34+00:00","dateModified":"2024-06-28T09:01:33+00:00","breadcrumb":{"@id":"https:\/\/web.umons.ac.be\/fpse\/fr\/a-propos-de-faculte\/cfpu\/accompagner-les-etudiants-vers-autonomie-et-augmenter-leur-engagement-dans-les-activites-apprentissage\/#breadcrumb"},"inLanguage":"fr-FR","potentialAction":[{"@type":"ReadAction","target":["https:\/\/web.umons.ac.be\/fpse\/fr\/a-propos-de-faculte\/cfpu\/accompagner-les-etudiants-vers-autonomie-et-augmenter-leur-engagement-dans-les-activites-apprentissage\/"]}]},{"@type":"BreadcrumbList","@id":"https:\/\/web.umons.ac.be\/fpse\/fr\/a-propos-de-faculte\/cfpu\/accompagner-les-etudiants-vers-autonomie-et-augmenter-leur-engagement-dans-les-activites-apprentissage\/#breadcrumb","itemListElement":[{"@type":"ListItem","position":1,"name":"Accueil","item":"https:\/\/web.umons.ac.be\/fpse\/fr\/"},{"@type":"ListItem","position":2,"name":"A propos de la facult\u00e9","item":"https:\/\/web.umons.ac.be\/fpse\/fr\/a-propos-de-faculte\/"},{"@type":"ListItem","position":3,"name":"Cellule Facultaire de P\u00e9dagogie Universitaire","item":"https:\/\/web.umons.ac.be\/fpse\/fr\/a-propos-de-faculte\/cfpu\/"},{"@type":"ListItem","position":4,"name":"Accompagner les \u00e9tudiants vers l\u2019autonomie et augmenter leur engagement dans les activit\u00e9s d\u2019apprentissage"}]},{"@type":"WebSite","@id":"https:\/\/web.umons.ac.be\/fpse\/#website","url":"https:\/\/web.umons.ac.be\/fpse\/","name":"Facult\u00e9 \/ FPSE","description":"","potentialAction":[{"@type":"SearchAction","target":{"@type":"EntryPoint","urlTemplate":"https:\/\/web.umons.ac.be\/fpse\/?s={search_term_string}"},"query-input":{"@type":"PropertyValueSpecification","valueRequired":true,"valueName":"search_term_string"}}],"inLanguage":"fr-FR"}]}},"lang":"fr","translations":{"fr":43,"en":1020},"pll_sync_post":[],"_links":{"self":[{"href":"https:\/\/web.umons.ac.be\/fpse\/wp-json\/wp\/v2\/pages\/43","targetHints":{"allow":["GET"]}}],"collection":[{"href":"https:\/\/web.umons.ac.be\/fpse\/wp-json\/wp\/v2\/pages"}],"about":[{"href":"https:\/\/web.umons.ac.be\/fpse\/wp-json\/wp\/v2\/types\/page"}],"author":[{"embeddable":true,"href":"https:\/\/web.umons.ac.be\/fpse\/wp-json\/wp\/v2\/users\/2"}],"replies":[{"embeddable":true,"href":"https:\/\/web.umons.ac.be\/fpse\/wp-json\/wp\/v2\/comments?post=43"}],"version-history":[{"count":3,"href":"https:\/\/web.umons.ac.be\/fpse\/wp-json\/wp\/v2\/pages\/43\/revisions"}],"predecessor-version":[{"id":2390,"href":"https:\/\/web.umons.ac.be\/fpse\/wp-json\/wp\/v2\/pages\/43\/revisions\/2390"}],"up":[{"embeddable":true,"href":"https:\/\/web.umons.ac.be\/fpse\/wp-json\/wp\/v2\/pages\/39"}],"wp:attachment":[{"href":"https:\/\/web.umons.ac.be\/fpse\/wp-json\/wp\/v2\/media?parent=43"}],"curies":[{"name":"wp","href":"https:\/\/api.w.org\/{rel}","templated":true}]}}