{"id":456,"date":"2017-06-27T14:29:34","date_gmt":"2017-06-27T12:29:34","guid":{"rendered":"https:\/\/web.umons.ac.be\/fpse\/?page_id=456"},"modified":"2019-04-09T11:40:41","modified_gmt":"2019-04-09T09:40:41","slug":"metiers","status":"publish","type":"page","link":"https:\/\/web.umons.ac.be\/fpse\/fr\/etudes\/debouches\/metiers\/","title":{"rendered":"Les m\u00e9tiers"},"content":{"rendered":"<h3><span class=\"ms-rteCustom-TexteRouge\">Les m\u00e9tiers de la psychologie, de la\u00a0logop\u00e9die et des sciences de l&rsquo;\u00e9ducation<\/span><\/h3>\n<p>Les dipl\u00f4m\u00e9s de la Facult\u00e9 occupent des emplois tr\u00e8s vari\u00e9s dans de multiples secteurs :<\/p>\n<p><span class=\"ms-rteCustom-Gras\">Dans le domaine de la psychologie :<\/span><\/p>\n<ul>\n<li>Psychologues ind\u00e9pendants dans des cabinets priv\u00e9s<\/li>\n<li>Psychologues dans des h\u00f4pitaux, dans des centres de sant\u00e9 mentale, dans des centres psycho-m\u00e9dico-sociaux, dans des plannings familiaux, dans des institutions d&rsquo;aide \u00e0 la jeunesse ou de protection de la jeunesse<\/li>\n<li>Neuropsychologues<\/li>\n<li>Psychologues \u00ab\u00a0experts judiciaires\u00a0\u00bb<\/li>\n<li>Psychologues en entreprises, dans les administrations publiques, dans des services de gestion des ressources humaines, dans des soci\u00e9t\u00e9s de consultance<\/li>\n<li>Conseillers, coordinateurs, experts dans la conception, la r\u00e9alisation et l&rsquo;\u00e9valuation de programmes de sant\u00e9, d&rsquo;\u00e9ducation ou de pr\u00e9vention<\/li>\n<li>Psychologues conseillers en orientation scolaire\u00a0ou professionnelle<\/li>\n<li>Chercheurs\u00a0scientifiques<\/li>\n<li>Etc.<\/li>\n<\/ul>\n<p>&nbsp;<\/p>\n<p><span class=\"ms-rteCustom-Gras\">Dans le domaine de la logop\u00e9die :<\/span><\/p>\n<ul>\n<li>Logop\u00e8des ind\u00e9pendants dans des cabinets priv\u00e9s<\/li>\n<li>Logop\u00e8des dans des h\u00f4pitaux, dans des centres du langage ou de guidance, dans des \u00e9coles (notamment enseignement sp\u00e9cialis\u00e9), dans des maisons de repos et de soins, dans des centres pour personnes handicap\u00e9es, etc.<\/li>\n<li>Chercheurs scientifiques<\/li>\n<\/ul>\n<p>&nbsp;<\/p>\n<p><span class=\"ms-rteCustom-Gras\">Dans le domaine des sciences de l&rsquo;\u00e9ducation <\/span>:<\/p>\n<ul>\n<li>Enseignants dans l&rsquo;enseignement secondaire sup\u00e9rieur et dans l&rsquo;enseignement sup\u00e9rieur<\/li>\n<li>Enseignants sp\u00e9cialis\u00e9s dans des institutions pour enfants et adolescents pr\u00e9sentant un handicap<\/li>\n<li>Directeurs d&rsquo;institutions pour enfants ou adolescents<\/li>\n<li>Concepteurs de programmes de formations tant dans le secteur priv\u00e9 que dans le secteur public<\/li>\n<li>Concepteurs d&rsquo;outils et de dispositifs de formation multim\u00e9dia<\/li>\n<li>Chercheurs scientifiques<\/li>\n<li>Conseillers, experts dans des organismes internationaux<\/li>\n<li>Etc.<\/li>\n<\/ul>\n","protected":false},"excerpt":{"rendered":"<p>Les m\u00e9tiers de la psychologie, de la\u00a0logop\u00e9die et des sciences de l&rsquo;\u00e9ducation Les dipl\u00f4m\u00e9s de la Facult\u00e9 occupent des emplois tr\u00e8s vari\u00e9s dans de multiples secteurs : Dans le domaine de la psychologie : Psychologues ind\u00e9pendants dans des cabinets priv\u00e9s Psychologues dans des h\u00f4pitaux, dans des centres de sant\u00e9 mentale, dans des centres psycho-m\u00e9dico-sociaux, dans [&hellip;]<\/p>\n","protected":false},"author":2,"featured_media":0,"parent":519,"menu_order":1,"comment_status":"closed","ping_status":"closed","template":"","meta":{"footnotes":""},"class_list":["post-456","page","type-page","status-publish","hentry"],"yoast_head":"<!-- This site is optimized with the Yoast SEO plugin v27.2 - https:\/\/yoast.com\/product\/yoast-seo-wordpress\/ -->\n<title>Les m\u00e9tiers - Facult\u00e9 \/ FPSE<\/title>\n<meta name=\"robots\" content=\"index, follow, max-snippet:-1, max-image-preview:large, max-video-preview:-1\" \/>\n<link rel=\"canonical\" href=\"https:\/\/web.umons.ac.be\/fpse\/fr\/etudes\/debouches\/metiers\/\" \/>\n<meta property=\"og:locale\" content=\"fr_FR\" \/>\n<meta property=\"og:type\" content=\"article\" \/>\n<meta property=\"og:title\" content=\"Les m\u00e9tiers - Facult\u00e9 \/ FPSE\" \/>\n<meta property=\"og:description\" content=\"Les m\u00e9tiers de la psychologie, de la\u00a0logop\u00e9die et des sciences de l&rsquo;\u00e9ducation Les dipl\u00f4m\u00e9s de la Facult\u00e9 occupent des emplois tr\u00e8s vari\u00e9s dans de multiples secteurs : Dans le domaine de la psychologie : Psychologues ind\u00e9pendants dans des cabinets priv\u00e9s Psychologues dans des h\u00f4pitaux, dans des centres de sant\u00e9 mentale, dans des centres psycho-m\u00e9dico-sociaux, dans [&hellip;]\" \/>\n<meta property=\"og:url\" content=\"https:\/\/web.umons.ac.be\/fpse\/fr\/etudes\/debouches\/metiers\/\" \/>\n<meta property=\"og:site_name\" content=\"Facult\u00e9 \/ FPSE\" \/>\n<meta property=\"article:modified_time\" content=\"2019-04-09T09:40:41+00:00\" \/>\n<meta name=\"twitter:card\" content=\"summary_large_image\" \/>\n<meta name=\"twitter:label1\" content=\"Dur\u00e9e de lecture estim\u00e9e\" \/>\n\t<meta name=\"twitter:data1\" content=\"1 minute\" \/>\n<script type=\"application\/ld+json\" class=\"yoast-schema-graph\">{\"@context\":\"https:\/\/schema.org\",\"@graph\":[{\"@type\":\"WebPage\",\"@id\":\"https:\/\/web.umons.ac.be\/fpse\/fr\/etudes\/debouches\/metiers\/\",\"url\":\"https:\/\/web.umons.ac.be\/fpse\/fr\/etudes\/debouches\/metiers\/\",\"name\":\"Les m\u00e9tiers - Facult\u00e9 \/ FPSE\",\"isPartOf\":{\"@id\":\"https:\/\/web.umons.ac.be\/fpse\/#website\"},\"datePublished\":\"2017-06-27T12:29:34+00:00\",\"dateModified\":\"2019-04-09T09:40:41+00:00\",\"breadcrumb\":{\"@id\":\"https:\/\/web.umons.ac.be\/fpse\/fr\/etudes\/debouches\/metiers\/#breadcrumb\"},\"inLanguage\":\"fr-FR\",\"potentialAction\":[{\"@type\":\"ReadAction\",\"target\":[\"https:\/\/web.umons.ac.be\/fpse\/fr\/etudes\/debouches\/metiers\/\"]}]},{\"@type\":\"BreadcrumbList\",\"@id\":\"https:\/\/web.umons.ac.be\/fpse\/fr\/etudes\/debouches\/metiers\/#breadcrumb\",\"itemListElement\":[{\"@type\":\"ListItem\",\"position\":1,\"name\":\"Accueil\",\"item\":\"https:\/\/web.umons.ac.be\/fpse\/fr\/\"},{\"@type\":\"ListItem\",\"position\":2,\"name\":\"Etudes\",\"item\":\"https:\/\/web.umons.ac.be\/fpse\/fr\/etudes\/\"},{\"@type\":\"ListItem\",\"position\":3,\"name\":\"Les d\u00e9bouch\u00e9s\",\"item\":\"https:\/\/web.umons.ac.be\/fpse\/fr\/etudes\/debouches\/\"},{\"@type\":\"ListItem\",\"position\":4,\"name\":\"Les m\u00e9tiers\"}]},{\"@type\":\"WebSite\",\"@id\":\"https:\/\/web.umons.ac.be\/fpse\/#website\",\"url\":\"https:\/\/web.umons.ac.be\/fpse\/\",\"name\":\"Facult\u00e9 \/ FPSE\",\"description\":\"\",\"potentialAction\":[{\"@type\":\"SearchAction\",\"target\":{\"@type\":\"EntryPoint\",\"urlTemplate\":\"https:\/\/web.umons.ac.be\/fpse\/?s={search_term_string}\"},\"query-input\":{\"@type\":\"PropertyValueSpecification\",\"valueRequired\":true,\"valueName\":\"search_term_string\"}}],\"inLanguage\":\"fr-FR\"}]}<\/script>\n<!-- \/ Yoast SEO plugin. -->","yoast_head_json":{"title":"Les m\u00e9tiers - Facult\u00e9 \/ FPSE","robots":{"index":"index","follow":"follow","max-snippet":"max-snippet:-1","max-image-preview":"max-image-preview:large","max-video-preview":"max-video-preview:-1"},"canonical":"https:\/\/web.umons.ac.be\/fpse\/fr\/etudes\/debouches\/metiers\/","og_locale":"fr_FR","og_type":"article","og_title":"Les m\u00e9tiers - Facult\u00e9 \/ FPSE","og_description":"Les m\u00e9tiers de la psychologie, de la\u00a0logop\u00e9die et des sciences de l&rsquo;\u00e9ducation Les dipl\u00f4m\u00e9s de la Facult\u00e9 occupent des emplois tr\u00e8s vari\u00e9s dans de multiples secteurs : Dans le domaine de la psychologie : Psychologues ind\u00e9pendants dans des cabinets priv\u00e9s Psychologues dans des h\u00f4pitaux, dans des centres de sant\u00e9 mentale, dans des centres psycho-m\u00e9dico-sociaux, dans [&hellip;]","og_url":"https:\/\/web.umons.ac.be\/fpse\/fr\/etudes\/debouches\/metiers\/","og_site_name":"Facult\u00e9 \/ FPSE","article_modified_time":"2019-04-09T09:40:41+00:00","twitter_card":"summary_large_image","twitter_misc":{"Dur\u00e9e de lecture estim\u00e9e":"1 minute"},"schema":{"@context":"https:\/\/schema.org","@graph":[{"@type":"WebPage","@id":"https:\/\/web.umons.ac.be\/fpse\/fr\/etudes\/debouches\/metiers\/","url":"https:\/\/web.umons.ac.be\/fpse\/fr\/etudes\/debouches\/metiers\/","name":"Les m\u00e9tiers - Facult\u00e9 \/ FPSE","isPartOf":{"@id":"https:\/\/web.umons.ac.be\/fpse\/#website"},"datePublished":"2017-06-27T12:29:34+00:00","dateModified":"2019-04-09T09:40:41+00:00","breadcrumb":{"@id":"https:\/\/web.umons.ac.be\/fpse\/fr\/etudes\/debouches\/metiers\/#breadcrumb"},"inLanguage":"fr-FR","potentialAction":[{"@type":"ReadAction","target":["https:\/\/web.umons.ac.be\/fpse\/fr\/etudes\/debouches\/metiers\/"]}]},{"@type":"BreadcrumbList","@id":"https:\/\/web.umons.ac.be\/fpse\/fr\/etudes\/debouches\/metiers\/#breadcrumb","itemListElement":[{"@type":"ListItem","position":1,"name":"Accueil","item":"https:\/\/web.umons.ac.be\/fpse\/fr\/"},{"@type":"ListItem","position":2,"name":"Etudes","item":"https:\/\/web.umons.ac.be\/fpse\/fr\/etudes\/"},{"@type":"ListItem","position":3,"name":"Les d\u00e9bouch\u00e9s","item":"https:\/\/web.umons.ac.be\/fpse\/fr\/etudes\/debouches\/"},{"@type":"ListItem","position":4,"name":"Les m\u00e9tiers"}]},{"@type":"WebSite","@id":"https:\/\/web.umons.ac.be\/fpse\/#website","url":"https:\/\/web.umons.ac.be\/fpse\/","name":"Facult\u00e9 \/ FPSE","description":"","potentialAction":[{"@type":"SearchAction","target":{"@type":"EntryPoint","urlTemplate":"https:\/\/web.umons.ac.be\/fpse\/?s={search_term_string}"},"query-input":{"@type":"PropertyValueSpecification","valueRequired":true,"valueName":"search_term_string"}}],"inLanguage":"fr-FR"}]}},"lang":"fr","translations":{"fr":456,"en":885},"pll_sync_post":[],"_links":{"self":[{"href":"https:\/\/web.umons.ac.be\/fpse\/wp-json\/wp\/v2\/pages\/456","targetHints":{"allow":["GET"]}}],"collection":[{"href":"https:\/\/web.umons.ac.be\/fpse\/wp-json\/wp\/v2\/pages"}],"about":[{"href":"https:\/\/web.umons.ac.be\/fpse\/wp-json\/wp\/v2\/types\/page"}],"author":[{"embeddable":true,"href":"https:\/\/web.umons.ac.be\/fpse\/wp-json\/wp\/v2\/users\/2"}],"replies":[{"embeddable":true,"href":"https:\/\/web.umons.ac.be\/fpse\/wp-json\/wp\/v2\/comments?post=456"}],"version-history":[{"count":1,"href":"https:\/\/web.umons.ac.be\/fpse\/wp-json\/wp\/v2\/pages\/456\/revisions"}],"predecessor-version":[{"id":568,"href":"https:\/\/web.umons.ac.be\/fpse\/wp-json\/wp\/v2\/pages\/456\/revisions\/568"}],"up":[{"embeddable":true,"href":"https:\/\/web.umons.ac.be\/fpse\/wp-json\/wp\/v2\/pages\/519"}],"wp:attachment":[{"href":"https:\/\/web.umons.ac.be\/fpse\/wp-json\/wp\/v2\/media?parent=456"}],"curies":[{"name":"wp","href":"https:\/\/api.w.org\/{rel}","templated":true}]}}