{"id":46,"date":"2017-04-27T15:58:44","date_gmt":"2017-04-27T13:58:44","guid":{"rendered":"https:\/\/web.umons.ac.be\/faculte\/fpse\/?page_id=46"},"modified":"2024-06-28T10:58:02","modified_gmt":"2024-06-28T08:58:02","slug":"soutien-apporte-aux-etudiants","status":"publish","type":"page","link":"https:\/\/web.umons.ac.be\/fpse\/fr\/a-propos-de-faculte\/cfpu\/soutien-apporte-aux-etudiants\/","title":{"rendered":"Accompagner les \u00e9tudiants dans leur d\u00e9marche d\u2019orientation et\/ou r\u00e9orientation"},"content":{"rendered":"<p style=\"font-weight: 400\">Durant les semaines de \u00ab\u00a0cours ouverts\u00a0\u00bb destin\u00e9es aux futurs \u00e9tudiants, les enseignants de la FPSE offrent l&rsquo;opportunit\u00e9 aux futurs \u00e9tudiants de participer \u00e0 leurs cours, permettant ainsi une d\u00e9couverte des contenus th\u00e9oriques propos\u00e9s par la Facult\u00e9. En compl\u00e9ment de ces sessions d&rsquo;apprentissage, la FPSE organise diverses actions \u00e0 l&rsquo;intention des \u00e9l\u00e8ves du secondaire. Compl\u00e9mentairement \u00e0 l\u2019ouverture de ses activit\u00e9s d\u2019apprentissage, la FPSE organise diff\u00e9rentes actions \u00e0 destination des \u00e9l\u00e8ves du secondaire. Ces actions organis\u00e9es par les adjoints p\u00e9dagogiques (AP) de la Cellule facultaire de p\u00e9dagogie universitaire (CFPU) se d\u00e9clinent en trois temps : un accueil facultaire durant lequel les autorit\u00e9s facultaires (ou leur repr\u00e9sentant) informent les \u00e9tudiants sur la structure de la Facult\u00e9 ; un moment d\u2019\u00e9changes \u00e0 l\u2019occasion d\u2019un lunch offert durant lequel les participants ont la possibilit\u00e9 de poser leurs nombreuses questions aux avec les repr\u00e9sentants des \u00e9tudiants ainsi qu\u2019aux AP ; une activit\u00e9 ludo-p\u00e9dagogique dite \u00ab brise-glace \u00bb pour d\u00e9mystifier l\u2019entr\u00e9e \u00e0 l\u2019Universit\u00e9 et faire d\u00e9couvrir le m\u00e9tier d\u2019\u00e9tudiant \u00e0 la FPSE.<\/p>\n<p style=\"font-weight: 400\">Dans le cadre de l&rsquo;AA Identit\u00e9 professionnelle en sciences psychologiques, de l&rsquo;\u00e9ducation, logop\u00e9diques et en orthop\u00e9dagogie clinique (Titulaire : Prof. B. De Li\u00e8vre), les AP de la CFPU accompagnent les \u00e9tudiants dans la d\u00e9finition et le d\u00e9veloppement de leur projet d&rsquo;\u00e9tudes en leur pr\u00e9sentant des r\u00e9alit\u00e9s professionnelles dans les domaines disciplinaires couverts par cette AA. Les activit\u00e9s propos\u00e9es permettent aux \u00e9tudiants de cr\u00e9er et de d\u00e9velopper leur identit\u00e9 professionnelle tout en les sensibilisant aux pratiques professionnelles et aux perspectives de carri\u00e8re.<\/p>\n<p style=\"font-weight: 400\">La CFPU organise chaque ann\u00e9e, en f\u00e9vrier, une s\u00e9ance d\u2019informations \u00e0 destination des \u00e9tudiants r\u00e9orient\u00e9s vers la FPSE. Les AP informent \u00e9galement les \u00e9tudiants sur la possibilit\u00e9 de rencontrer le SAOE pour b\u00e9n\u00e9ficier de conseils.<\/p>\n<p style=\"font-weight: 400\">Les AP de la CFPU organisent chaque ann\u00e9e la Soir\u00e9e de rencontres des professionnels de la FPSE \u00e0 laquelle sont invit\u00e9s des experts du terrain. Cet \u00e9v\u00e8nement facultaire organis\u00e9 dans le cadre de l\u2019AA <em>Contacts avec les milieux professionnels en sciences psychologiques, de l&rsquo;\u00e9ducation et en orthop\u00e9dagogie clinique\u00a0<\/em>(Titulaire\u00a0: Prof. B. De Li\u00e8vre) permet aux \u00e9tudiants d\u2019\u00eatre confront\u00e9s \u00e0 des r\u00e9alit\u00e9s de terrain de mani\u00e8re \u00e0 affiner leurs perceptions du monde professionnel (et de la recherche) ; de favoriser leur orientation dans leur choix de cours et de stages pour le Master.<\/p>\n","protected":false},"excerpt":{"rendered":"<p>Durant les semaines de \u00ab\u00a0cours ouverts\u00a0\u00bb destin\u00e9es aux futurs \u00e9tudiants, les enseignants de la FPSE offrent l&rsquo;opportunit\u00e9 aux futurs \u00e9tudiants de participer \u00e0 leurs cours, permettant ainsi une d\u00e9couverte des contenus th\u00e9oriques propos\u00e9s par la Facult\u00e9. En compl\u00e9ment de ces sessions d&rsquo;apprentissage, la FPSE organise diverses actions \u00e0 l&rsquo;intention des \u00e9l\u00e8ves du secondaire. Compl\u00e9mentairement \u00e0 [&hellip;]<\/p>\n","protected":false},"author":2,"featured_media":0,"parent":39,"menu_order":1,"comment_status":"closed","ping_status":"closed","template":"","meta":{"footnotes":""},"class_list":["post-46","page","type-page","status-publish","hentry"],"yoast_head":"<!-- This site is optimized with the Yoast SEO plugin v27.2 - https:\/\/yoast.com\/product\/yoast-seo-wordpress\/ -->\n<title>Accompagner les \u00e9tudiants dans leur d\u00e9marche d\u2019orientation et\/ou r\u00e9orientation - Facult\u00e9 \/ FPSE<\/title>\n<meta name=\"robots\" content=\"index, follow, max-snippet:-1, max-image-preview:large, max-video-preview:-1\" \/>\n<link rel=\"canonical\" href=\"https:\/\/web.umons.ac.be\/fpse\/fr\/a-propos-de-faculte\/cfpu\/soutien-apporte-aux-etudiants\/\" \/>\n<meta property=\"og:locale\" content=\"fr_FR\" \/>\n<meta property=\"og:type\" content=\"article\" \/>\n<meta property=\"og:title\" content=\"Accompagner les \u00e9tudiants dans leur d\u00e9marche d\u2019orientation et\/ou r\u00e9orientation - Facult\u00e9 \/ FPSE\" \/>\n<meta property=\"og:description\" content=\"Durant les semaines de \u00ab\u00a0cours ouverts\u00a0\u00bb destin\u00e9es aux futurs \u00e9tudiants, les enseignants de la FPSE offrent l&rsquo;opportunit\u00e9 aux futurs \u00e9tudiants de participer \u00e0 leurs cours, permettant ainsi une d\u00e9couverte des contenus th\u00e9oriques propos\u00e9s par la Facult\u00e9. En compl\u00e9ment de ces sessions d&rsquo;apprentissage, la FPSE organise diverses actions \u00e0 l&rsquo;intention des \u00e9l\u00e8ves du secondaire. Compl\u00e9mentairement \u00e0 [&hellip;]\" \/>\n<meta property=\"og:url\" content=\"https:\/\/web.umons.ac.be\/fpse\/fr\/a-propos-de-faculte\/cfpu\/soutien-apporte-aux-etudiants\/\" \/>\n<meta property=\"og:site_name\" content=\"Facult\u00e9 \/ FPSE\" \/>\n<meta property=\"article:modified_time\" content=\"2024-06-28T08:58:02+00:00\" \/>\n<meta name=\"twitter:card\" content=\"summary_large_image\" \/>\n<meta name=\"twitter:label1\" content=\"Dur\u00e9e de lecture estim\u00e9e\" \/>\n\t<meta name=\"twitter:data1\" content=\"2 minutes\" \/>\n<script type=\"application\/ld+json\" class=\"yoast-schema-graph\">{\"@context\":\"https:\/\/schema.org\",\"@graph\":[{\"@type\":\"WebPage\",\"@id\":\"https:\/\/web.umons.ac.be\/fpse\/fr\/a-propos-de-faculte\/cfpu\/soutien-apporte-aux-etudiants\/\",\"url\":\"https:\/\/web.umons.ac.be\/fpse\/fr\/a-propos-de-faculte\/cfpu\/soutien-apporte-aux-etudiants\/\",\"name\":\"Accompagner les \u00e9tudiants dans leur d\u00e9marche d\u2019orientation et\/ou r\u00e9orientation - Facult\u00e9 \/ FPSE\",\"isPartOf\":{\"@id\":\"https:\/\/web.umons.ac.be\/fpse\/#website\"},\"datePublished\":\"2017-04-27T13:58:44+00:00\",\"dateModified\":\"2024-06-28T08:58:02+00:00\",\"breadcrumb\":{\"@id\":\"https:\/\/web.umons.ac.be\/fpse\/fr\/a-propos-de-faculte\/cfpu\/soutien-apporte-aux-etudiants\/#breadcrumb\"},\"inLanguage\":\"fr-FR\",\"potentialAction\":[{\"@type\":\"ReadAction\",\"target\":[\"https:\/\/web.umons.ac.be\/fpse\/fr\/a-propos-de-faculte\/cfpu\/soutien-apporte-aux-etudiants\/\"]}]},{\"@type\":\"BreadcrumbList\",\"@id\":\"https:\/\/web.umons.ac.be\/fpse\/fr\/a-propos-de-faculte\/cfpu\/soutien-apporte-aux-etudiants\/#breadcrumb\",\"itemListElement\":[{\"@type\":\"ListItem\",\"position\":1,\"name\":\"Accueil\",\"item\":\"https:\/\/web.umons.ac.be\/fpse\/fr\/\"},{\"@type\":\"ListItem\",\"position\":2,\"name\":\"A propos de la facult\u00e9\",\"item\":\"https:\/\/web.umons.ac.be\/fpse\/fr\/a-propos-de-faculte\/\"},{\"@type\":\"ListItem\",\"position\":3,\"name\":\"Cellule Facultaire de P\u00e9dagogie Universitaire\",\"item\":\"https:\/\/web.umons.ac.be\/fpse\/fr\/a-propos-de-faculte\/cfpu\/\"},{\"@type\":\"ListItem\",\"position\":4,\"name\":\"Accompagner les \u00e9tudiants dans leur d\u00e9marche d\u2019orientation et\/ou r\u00e9orientation\"}]},{\"@type\":\"WebSite\",\"@id\":\"https:\/\/web.umons.ac.be\/fpse\/#website\",\"url\":\"https:\/\/web.umons.ac.be\/fpse\/\",\"name\":\"Facult\u00e9 \/ FPSE\",\"description\":\"\",\"potentialAction\":[{\"@type\":\"SearchAction\",\"target\":{\"@type\":\"EntryPoint\",\"urlTemplate\":\"https:\/\/web.umons.ac.be\/fpse\/?s={search_term_string}\"},\"query-input\":{\"@type\":\"PropertyValueSpecification\",\"valueRequired\":true,\"valueName\":\"search_term_string\"}}],\"inLanguage\":\"fr-FR\"}]}<\/script>\n<!-- \/ Yoast SEO plugin. -->","yoast_head_json":{"title":"Accompagner les \u00e9tudiants dans leur d\u00e9marche d\u2019orientation et\/ou r\u00e9orientation - Facult\u00e9 \/ FPSE","robots":{"index":"index","follow":"follow","max-snippet":"max-snippet:-1","max-image-preview":"max-image-preview:large","max-video-preview":"max-video-preview:-1"},"canonical":"https:\/\/web.umons.ac.be\/fpse\/fr\/a-propos-de-faculte\/cfpu\/soutien-apporte-aux-etudiants\/","og_locale":"fr_FR","og_type":"article","og_title":"Accompagner les \u00e9tudiants dans leur d\u00e9marche d\u2019orientation et\/ou r\u00e9orientation - Facult\u00e9 \/ FPSE","og_description":"Durant les semaines de \u00ab\u00a0cours ouverts\u00a0\u00bb destin\u00e9es aux futurs \u00e9tudiants, les enseignants de la FPSE offrent l&rsquo;opportunit\u00e9 aux futurs \u00e9tudiants de participer \u00e0 leurs cours, permettant ainsi une d\u00e9couverte des contenus th\u00e9oriques propos\u00e9s par la Facult\u00e9. En compl\u00e9ment de ces sessions d&rsquo;apprentissage, la FPSE organise diverses actions \u00e0 l&rsquo;intention des \u00e9l\u00e8ves du secondaire. Compl\u00e9mentairement \u00e0 [&hellip;]","og_url":"https:\/\/web.umons.ac.be\/fpse\/fr\/a-propos-de-faculte\/cfpu\/soutien-apporte-aux-etudiants\/","og_site_name":"Facult\u00e9 \/ FPSE","article_modified_time":"2024-06-28T08:58:02+00:00","twitter_card":"summary_large_image","twitter_misc":{"Dur\u00e9e de lecture estim\u00e9e":"2 minutes"},"schema":{"@context":"https:\/\/schema.org","@graph":[{"@type":"WebPage","@id":"https:\/\/web.umons.ac.be\/fpse\/fr\/a-propos-de-faculte\/cfpu\/soutien-apporte-aux-etudiants\/","url":"https:\/\/web.umons.ac.be\/fpse\/fr\/a-propos-de-faculte\/cfpu\/soutien-apporte-aux-etudiants\/","name":"Accompagner les \u00e9tudiants dans leur d\u00e9marche d\u2019orientation et\/ou r\u00e9orientation - Facult\u00e9 \/ FPSE","isPartOf":{"@id":"https:\/\/web.umons.ac.be\/fpse\/#website"},"datePublished":"2017-04-27T13:58:44+00:00","dateModified":"2024-06-28T08:58:02+00:00","breadcrumb":{"@id":"https:\/\/web.umons.ac.be\/fpse\/fr\/a-propos-de-faculte\/cfpu\/soutien-apporte-aux-etudiants\/#breadcrumb"},"inLanguage":"fr-FR","potentialAction":[{"@type":"ReadAction","target":["https:\/\/web.umons.ac.be\/fpse\/fr\/a-propos-de-faculte\/cfpu\/soutien-apporte-aux-etudiants\/"]}]},{"@type":"BreadcrumbList","@id":"https:\/\/web.umons.ac.be\/fpse\/fr\/a-propos-de-faculte\/cfpu\/soutien-apporte-aux-etudiants\/#breadcrumb","itemListElement":[{"@type":"ListItem","position":1,"name":"Accueil","item":"https:\/\/web.umons.ac.be\/fpse\/fr\/"},{"@type":"ListItem","position":2,"name":"A propos de la facult\u00e9","item":"https:\/\/web.umons.ac.be\/fpse\/fr\/a-propos-de-faculte\/"},{"@type":"ListItem","position":3,"name":"Cellule Facultaire de P\u00e9dagogie Universitaire","item":"https:\/\/web.umons.ac.be\/fpse\/fr\/a-propos-de-faculte\/cfpu\/"},{"@type":"ListItem","position":4,"name":"Accompagner les \u00e9tudiants dans leur d\u00e9marche d\u2019orientation et\/ou r\u00e9orientation"}]},{"@type":"WebSite","@id":"https:\/\/web.umons.ac.be\/fpse\/#website","url":"https:\/\/web.umons.ac.be\/fpse\/","name":"Facult\u00e9 \/ FPSE","description":"","potentialAction":[{"@type":"SearchAction","target":{"@type":"EntryPoint","urlTemplate":"https:\/\/web.umons.ac.be\/fpse\/?s={search_term_string}"},"query-input":{"@type":"PropertyValueSpecification","valueRequired":true,"valueName":"search_term_string"}}],"inLanguage":"fr-FR"}]}},"lang":"fr","translations":{"fr":46},"pll_sync_post":[],"_links":{"self":[{"href":"https:\/\/web.umons.ac.be\/fpse\/wp-json\/wp\/v2\/pages\/46","targetHints":{"allow":["GET"]}}],"collection":[{"href":"https:\/\/web.umons.ac.be\/fpse\/wp-json\/wp\/v2\/pages"}],"about":[{"href":"https:\/\/web.umons.ac.be\/fpse\/wp-json\/wp\/v2\/types\/page"}],"author":[{"embeddable":true,"href":"https:\/\/web.umons.ac.be\/fpse\/wp-json\/wp\/v2\/users\/2"}],"replies":[{"embeddable":true,"href":"https:\/\/web.umons.ac.be\/fpse\/wp-json\/wp\/v2\/comments?post=46"}],"version-history":[{"count":3,"href":"https:\/\/web.umons.ac.be\/fpse\/wp-json\/wp\/v2\/pages\/46\/revisions"}],"predecessor-version":[{"id":2386,"href":"https:\/\/web.umons.ac.be\/fpse\/wp-json\/wp\/v2\/pages\/46\/revisions\/2386"}],"up":[{"embeddable":true,"href":"https:\/\/web.umons.ac.be\/fpse\/wp-json\/wp\/v2\/pages\/39"}],"wp:attachment":[{"href":"https:\/\/web.umons.ac.be\/fpse\/wp-json\/wp\/v2\/media?parent=46"}],"curies":[{"name":"wp","href":"https:\/\/api.w.org\/{rel}","templated":true}]}}