{"id":460,"date":"2017-06-27T14:32:38","date_gmt":"2017-06-27T12:32:38","guid":{"rendered":"https:\/\/web.umons.ac.be\/fpse\/?page_id=460"},"modified":"2026-03-20T09:46:14","modified_gmt":"2026-03-20T08:46:14","slug":"reprise-detudes","status":"publish","type":"page","link":"https:\/\/web.umons.ac.be\/fpse\/fr\/offre-de-formation\/reprise-detudes\/","title":{"rendered":"Reprise d\u2019\u00e9tudes"},"content":{"rendered":"<p>La Facult\u00e9 est depuis longtemps sensible \u00e0 offrir la possibilit\u00e9 de reprendre des \u00e9tudes aux adultes d\u00e9j\u00e0 ins\u00e9r\u00e9s professionnellement et\/ou souhaitant se r\u00e9orienter. Ainsi, les formations (Bachelier et Master en sciences de l\u2019\u00e9ducation) organis\u00e9es sur le site de Charleroi se d\u00e9roulent \u00e0 horaire d\u00e9cal\u00e9 (en soir\u00e9e et le samedi matin).\u00a0 Selon leur parcours ant\u00e9rieur, les \u00e9tudiants peuvent b\u00e9n\u00e9ficier de programmes personnalis\u00e9s. Le Service ICI &#8211; UMONS Charleroi y assure l&rsquo;accueil et l&rsquo;information des \u00e9tudiants et constitue une interface entre le site de Charleroi et celui de Mons. Il offre un soutien permanent \u00e0 ces \u00e9tudiants en reprise d&rsquo;\u00e9tudes. La Facult\u00e9 a d\u00e9velopp\u00e9, d\u2019autre part, un <a href=\"https:\/\/web.umons.ac.be\/fpse\/fr\/etudes\/aide-a-reussite\/outils\/\">Learning centre<\/a> sur l\u2019implantation de Charleroi.<\/p>\n<p>La formation continue s\u2019adresse plus particuli\u00e8rement aux personnes qui souhaitent continuer \u00e0 <span class=\"ms-rteCustom-Gras\">se former tout au long de la vie<\/span>, notamment dans l\u2019objectif du d\u00e9veloppement de leur carri\u00e8re professionnelle.<\/p>\n<h6>La Facult\u00e9 de Psychologie et des Sciences de l&rsquo;\u00e9ducation propose plusieurs types de formations, notamment :<\/h6>\n<ul>\n<li>Des programmes menant \u00e0 un dipl\u00f4me reconnu par la Communaut\u00e9 fran\u00e7aise de Belgique (<strong>Master<\/strong>; <strong>Master de Sp\u00e9cialisation<\/strong>)<\/li>\n<li>Des <strong>programmes certifiants<\/strong> conduisant \u00e0 un certificat d\u2019universit\u00e9.<\/li>\n<\/ul>\n<p>Afin de faciliter la conciliation entre la formation et la vie professionnelle et personnelle, ces programmes sont organis\u00e9s en\u00a0<span class=\"ms-rteCustom-Gras\">horaire adapt\u00e9 <\/span>(regroupement de cours sur certains jours de la semaine) ou en\u00a0<span class=\"ms-rteCustom-Gras\">horaire d\u00e9cal\u00e9 <\/span>(cours dispens\u00e9s le soir et\/ou le week-end).<\/p>\n<p>Nous vous invitons \u00e0 \u00e9galement consulter le site de <a href=\"https:\/\/web.umons.ac.be\/charleroi\/offre-de-formations\/psycho-et-education\/\" target=\"_blank\" rel=\"noopener\">L&rsquo;UMONS \u00e0 Charleroi<\/a>.<\/p>\n","protected":false},"excerpt":{"rendered":"<p>La Facult\u00e9 est depuis longtemps sensible \u00e0 offrir la possibilit\u00e9 de reprendre des \u00e9tudes aux adultes d\u00e9j\u00e0 ins\u00e9r\u00e9s professionnellement et\/ou souhaitant se r\u00e9orienter. Ainsi, les formations (Bachelier et Master en sciences de l\u2019\u00e9ducation) organis\u00e9es sur le site de Charleroi se d\u00e9roulent \u00e0 horaire d\u00e9cal\u00e9 (en soir\u00e9e et le samedi matin).\u00a0 Selon leur parcours ant\u00e9rieur, les [&hellip;]<\/p>\n","protected":false},"author":2,"featured_media":0,"parent":70,"menu_order":0,"comment_status":"closed","ping_status":"closed","template":"","meta":{"footnotes":""},"class_list":["post-460","page","type-page","status-publish","hentry"],"yoast_head":"<!-- This site is optimized with the Yoast SEO plugin v27.2 - https:\/\/yoast.com\/product\/yoast-seo-wordpress\/ -->\n<title>Reprise d\u2019\u00e9tudes - Facult\u00e9 \/ FPSE<\/title>\n<meta name=\"robots\" content=\"index, follow, max-snippet:-1, max-image-preview:large, max-video-preview:-1\" \/>\n<link rel=\"canonical\" href=\"https:\/\/web.umons.ac.be\/fpse\/fr\/offre-de-formation\/reprise-detudes\/\" \/>\n<meta property=\"og:locale\" content=\"fr_FR\" \/>\n<meta property=\"og:type\" content=\"article\" \/>\n<meta property=\"og:title\" content=\"Reprise d\u2019\u00e9tudes - Facult\u00e9 \/ FPSE\" \/>\n<meta property=\"og:description\" content=\"La Facult\u00e9 est depuis longtemps sensible \u00e0 offrir la possibilit\u00e9 de reprendre des \u00e9tudes aux adultes d\u00e9j\u00e0 ins\u00e9r\u00e9s professionnellement et\/ou souhaitant se r\u00e9orienter. Ainsi, les formations (Bachelier et Master en sciences de l\u2019\u00e9ducation) organis\u00e9es sur le site de Charleroi se d\u00e9roulent \u00e0 horaire d\u00e9cal\u00e9 (en soir\u00e9e et le samedi matin).\u00a0 Selon leur parcours ant\u00e9rieur, les [&hellip;]\" \/>\n<meta property=\"og:url\" content=\"https:\/\/web.umons.ac.be\/fpse\/fr\/offre-de-formation\/reprise-detudes\/\" \/>\n<meta property=\"og:site_name\" content=\"Facult\u00e9 \/ FPSE\" \/>\n<meta property=\"article:modified_time\" content=\"2026-03-20T08:46:14+00:00\" \/>\n<meta name=\"twitter:card\" content=\"summary_large_image\" \/>\n<meta name=\"twitter:label1\" content=\"Dur\u00e9e de lecture estim\u00e9e\" \/>\n\t<meta name=\"twitter:data1\" content=\"2 minutes\" \/>\n<script type=\"application\/ld+json\" class=\"yoast-schema-graph\">{\"@context\":\"https:\/\/schema.org\",\"@graph\":[{\"@type\":\"WebPage\",\"@id\":\"https:\/\/web.umons.ac.be\/fpse\/fr\/offre-de-formation\/reprise-detudes\/\",\"url\":\"https:\/\/web.umons.ac.be\/fpse\/fr\/offre-de-formation\/reprise-detudes\/\",\"name\":\"Reprise d\u2019\u00e9tudes - Facult\u00e9 \/ FPSE\",\"isPartOf\":{\"@id\":\"https:\/\/web.umons.ac.be\/fpse\/#website\"},\"datePublished\":\"2017-06-27T12:32:38+00:00\",\"dateModified\":\"2026-03-20T08:46:14+00:00\",\"breadcrumb\":{\"@id\":\"https:\/\/web.umons.ac.be\/fpse\/fr\/offre-de-formation\/reprise-detudes\/#breadcrumb\"},\"inLanguage\":\"fr-FR\",\"potentialAction\":[{\"@type\":\"ReadAction\",\"target\":[\"https:\/\/web.umons.ac.be\/fpse\/fr\/offre-de-formation\/reprise-detudes\/\"]}]},{\"@type\":\"BreadcrumbList\",\"@id\":\"https:\/\/web.umons.ac.be\/fpse\/fr\/offre-de-formation\/reprise-detudes\/#breadcrumb\",\"itemListElement\":[{\"@type\":\"ListItem\",\"position\":1,\"name\":\"Accueil\",\"item\":\"https:\/\/web.umons.ac.be\/fpse\/fr\/\"},{\"@type\":\"ListItem\",\"position\":2,\"name\":\"L&rsquo;offre de formation\",\"item\":\"https:\/\/web.umons.ac.be\/fpse\/fr\/offre-de-formation\/\"},{\"@type\":\"ListItem\",\"position\":3,\"name\":\"Reprise d\u2019\u00e9tudes\"}]},{\"@type\":\"WebSite\",\"@id\":\"https:\/\/web.umons.ac.be\/fpse\/#website\",\"url\":\"https:\/\/web.umons.ac.be\/fpse\/\",\"name\":\"Facult\u00e9 \/ FPSE\",\"description\":\"\",\"potentialAction\":[{\"@type\":\"SearchAction\",\"target\":{\"@type\":\"EntryPoint\",\"urlTemplate\":\"https:\/\/web.umons.ac.be\/fpse\/?s={search_term_string}\"},\"query-input\":{\"@type\":\"PropertyValueSpecification\",\"valueRequired\":true,\"valueName\":\"search_term_string\"}}],\"inLanguage\":\"fr-FR\"}]}<\/script>\n<!-- \/ Yoast SEO plugin. -->","yoast_head_json":{"title":"Reprise d\u2019\u00e9tudes - Facult\u00e9 \/ FPSE","robots":{"index":"index","follow":"follow","max-snippet":"max-snippet:-1","max-image-preview":"max-image-preview:large","max-video-preview":"max-video-preview:-1"},"canonical":"https:\/\/web.umons.ac.be\/fpse\/fr\/offre-de-formation\/reprise-detudes\/","og_locale":"fr_FR","og_type":"article","og_title":"Reprise d\u2019\u00e9tudes - Facult\u00e9 \/ FPSE","og_description":"La Facult\u00e9 est depuis longtemps sensible \u00e0 offrir la possibilit\u00e9 de reprendre des \u00e9tudes aux adultes d\u00e9j\u00e0 ins\u00e9r\u00e9s professionnellement et\/ou souhaitant se r\u00e9orienter. Ainsi, les formations (Bachelier et Master en sciences de l\u2019\u00e9ducation) organis\u00e9es sur le site de Charleroi se d\u00e9roulent \u00e0 horaire d\u00e9cal\u00e9 (en soir\u00e9e et le samedi matin).\u00a0 Selon leur parcours ant\u00e9rieur, les [&hellip;]","og_url":"https:\/\/web.umons.ac.be\/fpse\/fr\/offre-de-formation\/reprise-detudes\/","og_site_name":"Facult\u00e9 \/ FPSE","article_modified_time":"2026-03-20T08:46:14+00:00","twitter_card":"summary_large_image","twitter_misc":{"Dur\u00e9e de lecture estim\u00e9e":"2 minutes"},"schema":{"@context":"https:\/\/schema.org","@graph":[{"@type":"WebPage","@id":"https:\/\/web.umons.ac.be\/fpse\/fr\/offre-de-formation\/reprise-detudes\/","url":"https:\/\/web.umons.ac.be\/fpse\/fr\/offre-de-formation\/reprise-detudes\/","name":"Reprise d\u2019\u00e9tudes - Facult\u00e9 \/ FPSE","isPartOf":{"@id":"https:\/\/web.umons.ac.be\/fpse\/#website"},"datePublished":"2017-06-27T12:32:38+00:00","dateModified":"2026-03-20T08:46:14+00:00","breadcrumb":{"@id":"https:\/\/web.umons.ac.be\/fpse\/fr\/offre-de-formation\/reprise-detudes\/#breadcrumb"},"inLanguage":"fr-FR","potentialAction":[{"@type":"ReadAction","target":["https:\/\/web.umons.ac.be\/fpse\/fr\/offre-de-formation\/reprise-detudes\/"]}]},{"@type":"BreadcrumbList","@id":"https:\/\/web.umons.ac.be\/fpse\/fr\/offre-de-formation\/reprise-detudes\/#breadcrumb","itemListElement":[{"@type":"ListItem","position":1,"name":"Accueil","item":"https:\/\/web.umons.ac.be\/fpse\/fr\/"},{"@type":"ListItem","position":2,"name":"L&rsquo;offre de formation","item":"https:\/\/web.umons.ac.be\/fpse\/fr\/offre-de-formation\/"},{"@type":"ListItem","position":3,"name":"Reprise d\u2019\u00e9tudes"}]},{"@type":"WebSite","@id":"https:\/\/web.umons.ac.be\/fpse\/#website","url":"https:\/\/web.umons.ac.be\/fpse\/","name":"Facult\u00e9 \/ FPSE","description":"","potentialAction":[{"@type":"SearchAction","target":{"@type":"EntryPoint","urlTemplate":"https:\/\/web.umons.ac.be\/fpse\/?s={search_term_string}"},"query-input":{"@type":"PropertyValueSpecification","valueRequired":true,"valueName":"search_term_string"}}],"inLanguage":"fr-FR"}]}},"lang":"fr","translations":{"fr":460,"en":839},"pll_sync_post":[],"_links":{"self":[{"href":"https:\/\/web.umons.ac.be\/fpse\/wp-json\/wp\/v2\/pages\/460","targetHints":{"allow":["GET"]}}],"collection":[{"href":"https:\/\/web.umons.ac.be\/fpse\/wp-json\/wp\/v2\/pages"}],"about":[{"href":"https:\/\/web.umons.ac.be\/fpse\/wp-json\/wp\/v2\/types\/page"}],"author":[{"embeddable":true,"href":"https:\/\/web.umons.ac.be\/fpse\/wp-json\/wp\/v2\/users\/2"}],"replies":[{"embeddable":true,"href":"https:\/\/web.umons.ac.be\/fpse\/wp-json\/wp\/v2\/comments?post=460"}],"version-history":[{"count":4,"href":"https:\/\/web.umons.ac.be\/fpse\/wp-json\/wp\/v2\/pages\/460\/revisions"}],"predecessor-version":[{"id":2671,"href":"https:\/\/web.umons.ac.be\/fpse\/wp-json\/wp\/v2\/pages\/460\/revisions\/2671"}],"up":[{"embeddable":true,"href":"https:\/\/web.umons.ac.be\/fpse\/wp-json\/wp\/v2\/pages\/70"}],"wp:attachment":[{"href":"https:\/\/web.umons.ac.be\/fpse\/wp-json\/wp\/v2\/media?parent=460"}],"curies":[{"name":"wp","href":"https:\/\/api.w.org\/{rel}","templated":true}]}}