{"id":464,"date":"2017-06-27T14:37:05","date_gmt":"2017-06-27T12:37:05","guid":{"rendered":"https:\/\/web.umons.ac.be\/fpse\/?page_id=464"},"modified":"2020-03-19T14:10:00","modified_gmt":"2020-03-19T13:10:00","slug":"1er-cycle-bachelier","status":"publish","type":"page","link":"https:\/\/web.umons.ac.be\/fpse\/fr\/offre-de-formation\/1er-cycle-bachelier\/","title":{"rendered":"1er cycle : Bachelier"},"content":{"rendered":"<p>Au premier cycle, la Facult\u00e9 organise deux Bacheliers\u00a0:<\/p>\n<ul>\n<li>Le Bachelier en sciences psychologiques et de l\u2019\u00e9ducation, <strong>orientation g\u00e9n\u00e9rale<br \/>\n<\/strong>Celui-ci conduit au grade de Bachelier (dipl\u00f4me non professionnalisant) et donne un acc\u00e8s direct aux Masters en sciences psychologiques ou aux Masters en sciences de l\u2019\u00e9ducation.<\/li>\n<\/ul>\n<ul>\n<li>Le Bachelier en sciences psychologiques et de l\u2019\u00e9ducation, <strong>orientation logop\u00e9die<br \/>\n<\/strong>Celui-ci conduit au grade de Bachelier (dipl\u00f4me non professionnalisant) et donne un acc\u00e8s direct au Master en logop\u00e9die, non organis\u00e9 par l\u2019UMONS.<\/li>\n<\/ul>\n<p>Le programme du Bachelier en sciences psychologiques et de l\u2019\u00e9ducation, orientation g\u00e9n\u00e9rale est en partie similaire au programme du Bachelier en sciences psychologiques et de l\u2019\u00e9ducation, orientation logop\u00e9die. Le premier bloc\u00a0annuel de 60 cr\u00e9dits\u00a0est en effet identique aux deux orientations. Cette organisation facilite le passage \u00e9ventuel d\u2019une orientation \u00e0 l\u2019autre \u00e0 l\u2019issue de la premi\u00e8re ann\u00e9e universitaire. La suite du cycle se distingue par 59 cr\u00e9dits communs aux deux orientations et 61 cr\u00e9dits sp\u00e9cifiques \u00e0 chaque orientation du programme.<\/p>\n<hr \/>\n<h2>\u00e0 Mons :<\/h2>\n<start-cask-shortcode-wrapper><article class=\"shortcode-training training-small content-block scheme-fpse\">\n\t<a href=\"https:\/\/web.umons.ac.be\/fpse\/fr\/formations\/ba-bagene\/\" class=\"training-link scheme-border-hover\">\n\t\t<header class=\"training-small-header\">\n\t\t\t<div class=\"training-small-entity scheme-color\">\n\t\t\t\tFacult\u00e9 \/ FPSE\t\t\t\t\t           \t<img decoding=\"async\" src=\"https:\/\/web.umons.ac.be\/app\/uploads\/sites\/3\/2017\/11\/FPSE.svg\" class=\"training-small-entity-logo\" alt=\"Ic\u00f4ne de Facult\u00e9 \/ FPSE\">\n\t        \t\t\t\t<\/div>\n\t\t\t<div class=\"training-small-degree\">\n\t\t\t\tBachelier en\t\t\t<\/div>\n\n\t\t\t<h1 class=\"training-small-title\">Sciences psychologiques et de l'\u00e9ducation<\/h1>\n\n\t\t\t\t\t\t<div class=\"training-small-subtitle\">\n\t\t\t\t<strong>Orientation g\u00e9n\u00e9rale<\/strong>\n\t\t\t<\/div>\n\t\t\t\t\t<\/header>\n\t\t\t\t<div class=\"training-small-content\">\n\t\t\t<div class=\"training-small-location\">\n\t\t\t\t<span class=\"icon umons-icon-pin\" aria-hidden=\"true\"><\/span>\n\t\t\t\t<span class=\"location\">Mons<\/span>\n\t\t\t<\/div>\n\n\t\t\t\t\t\t<div class=\"training-small-side-info\">\n\t\t\t\t<ul class=\"training-small-side-info-list\">\n\t\t\t\t\t\t\t\t\t\t<li>\n\t\t\t\t\t\t<div class=\"training-single-schedule\">\n\t\t\t\t\t\t\t<div class=\"label\">Horaire<\/div>\n\t\t\t\t\t\t\t<div class=\"value\">Horaire de jour<\/div>\n\t\t\t\t\t\t<\/div>\n\t\t\t\t\t<\/li>\n\t\t\t\t\t\t\t\t\t\t\t\t\t\t\t<li>\n\t\t\t\t\t\t<div class=\"training-single-credits\">\n\t\t\t\t\t\t\t<div class=\"label\">Cr\u00e9dits ECTS<\/div>\n\t\t\t\t\t\t\t<div class=\"value\">180<\/div>\n\t\t\t\t\t\t<\/div>\n\t\t\t\t\t<\/li>\n\t\t\t\t\t\t\t\t\t\t\t\t\t\t\t<li>\n\t\t\t\t\t\t<div class=\"training-single-languages\">\n\t\t\t\t\t\t\t<div class=\"label\">Langue<\/div>\n\t\t\t\t\t\t\t<div class=\"value\">\n\t\t\t\t\t\t\t\t<span class=\"lang\">Fran\u00e7ais<\/span>\n\t\t\t\t\t\t\t<\/div>\n\t\t\t\t\t\t<\/div>\n\t\t\t\t\t<\/li>\n\t\t\t\t\t\t\t\t\t<\/ul>\n\t\t\t<\/div>\n\t\t\t\t\t<\/div>\n\t\t\t<\/a>\n<\/article>\n<end-cask-shortcode-wrapper>\n<start-cask-shortcode-wrapper><article class=\"shortcode-training training-small content-block scheme-fpse\">\n\t<a href=\"https:\/\/web.umons.ac.be\/fpse\/fr\/formations\/ba-balogo\/\" class=\"training-link scheme-border-hover\">\n\t\t<header class=\"training-small-header\">\n\t\t\t<div class=\"training-small-entity scheme-color\">\n\t\t\t\tFacult\u00e9 \/ FPSE\t\t\t\t\t           \t<img decoding=\"async\" src=\"https:\/\/web.umons.ac.be\/app\/uploads\/sites\/3\/2017\/11\/FPSE.svg\" class=\"training-small-entity-logo\" alt=\"Ic\u00f4ne de Facult\u00e9 \/ FPSE\">\n\t        \t\t\t\t<\/div>\n\t\t\t<div class=\"training-small-degree\">\n\t\t\t\tBachelier en\t\t\t<\/div>\n\n\t\t\t<h1 class=\"training-small-title\">Sciences psychologiques et de l'\u00e9ducation<\/h1>\n\n\t\t\t\t\t\t<div class=\"training-small-subtitle\">\n\t\t\t\t<strong>Orientation logop\u00e9die<\/strong>\n\t\t\t<\/div>\n\t\t\t\t\t<\/header>\n\t\t\t\t<div class=\"training-small-content\">\n\t\t\t<div class=\"training-small-location\">\n\t\t\t\t<span class=\"icon umons-icon-pin\" aria-hidden=\"true\"><\/span>\n\t\t\t\t<span class=\"location\">Mons<\/span>\n\t\t\t<\/div>\n\n\t\t\t\t\t\t<div class=\"training-small-side-info\">\n\t\t\t\t<ul class=\"training-small-side-info-list\">\n\t\t\t\t\t\t\t\t\t\t<li>\n\t\t\t\t\t\t<div class=\"training-single-schedule\">\n\t\t\t\t\t\t\t<div class=\"label\">Horaire<\/div>\n\t\t\t\t\t\t\t<div class=\"value\">Horaire de jour<\/div>\n\t\t\t\t\t\t<\/div>\n\t\t\t\t\t<\/li>\n\t\t\t\t\t\t\t\t\t\t\t\t\t\t\t<li>\n\t\t\t\t\t\t<div class=\"training-single-credits\">\n\t\t\t\t\t\t\t<div class=\"label\">Cr\u00e9dits ECTS<\/div>\n\t\t\t\t\t\t\t<div class=\"value\">180<\/div>\n\t\t\t\t\t\t<\/div>\n\t\t\t\t\t<\/li>\n\t\t\t\t\t\t\t\t\t\t\t\t\t\t\t<li>\n\t\t\t\t\t\t<div class=\"training-single-languages\">\n\t\t\t\t\t\t\t<div class=\"label\">Langue<\/div>\n\t\t\t\t\t\t\t<div class=\"value\">\n\t\t\t\t\t\t\t\t<span class=\"lang\">Fran\u00e7ais<\/span>\n\t\t\t\t\t\t\t<\/div>\n\t\t\t\t\t\t<\/div>\n\t\t\t\t\t<\/li>\n\t\t\t\t\t\t\t\t\t<\/ul>\n\t\t\t<\/div>\n\t\t\t\t\t<\/div>\n\t\t\t<\/a>\n<\/article>\n<end-cask-shortcode-wrapper>\n<h2>\u00e0 Charleroi :<\/h2>\n<start-cask-shortcode-wrapper><article class=\"shortcode-training training-small content-block scheme-fpse\">\n\t<a href=\"https:\/\/web.umons.ac.be\/fpse\/fr\/formations\/ba-bagene-c\/\" class=\"training-link scheme-border-hover\">\n\t\t<header class=\"training-small-header\">\n\t\t\t<div class=\"training-small-entity scheme-color\">\n\t\t\t\tFacult\u00e9 \/ FPSE\t\t\t\t\t           \t<img decoding=\"async\" src=\"https:\/\/web.umons.ac.be\/app\/uploads\/sites\/3\/2017\/11\/FPSE.svg\" class=\"training-small-entity-logo\" alt=\"Ic\u00f4ne de Facult\u00e9 \/ FPSE\">\n\t        \t\t\t\t<\/div>\n\t\t\t<div class=\"training-small-degree\">\n\t\t\t\tBachelier en\t\t\t<\/div>\n\n\t\t\t<h1 class=\"training-small-title\">Sciences psychologiques et de l'\u00e9ducation<\/h1>\n\n\t\t\t\t\t\t<div class=\"training-small-subtitle\">\n\t\t\t\t<strong>Orientation g\u00e9n\u00e9rale<\/strong>\n\t\t\t<\/div>\n\t\t\t\t\t<\/header>\n\t\t\t\t<div class=\"training-small-content\">\n\t\t\t<div class=\"training-small-location\">\n\t\t\t\t<span class=\"icon umons-icon-pin\" aria-hidden=\"true\"><\/span>\n\t\t\t\t<span class=\"location\">Charleroi<\/span>\n\t\t\t<\/div>\n\n\t\t\t\t\t\t<div class=\"training-small-side-info\">\n\t\t\t\t<ul class=\"training-small-side-info-list\">\n\t\t\t\t\t\t\t\t\t\t<li>\n\t\t\t\t\t\t<div class=\"training-single-schedule\">\n\t\t\t\t\t\t\t<div class=\"label\">Horaire<\/div>\n\t\t\t\t\t\t\t<div class=\"value\">Horaire d\u00e9cal\u00e9<\/div>\n\t\t\t\t\t\t<\/div>\n\t\t\t\t\t<\/li>\n\t\t\t\t\t\t\t\t\t\t\t\t\t\t\t<li>\n\t\t\t\t\t\t<div class=\"training-single-credits\">\n\t\t\t\t\t\t\t<div class=\"label\">Cr\u00e9dits ECTS<\/div>\n\t\t\t\t\t\t\t<div class=\"value\">180<\/div>\n\t\t\t\t\t\t<\/div>\n\t\t\t\t\t<\/li>\n\t\t\t\t\t\t\t\t\t\t\t\t\t\t\t<li>\n\t\t\t\t\t\t<div class=\"training-single-languages\">\n\t\t\t\t\t\t\t<div class=\"label\">Langue<\/div>\n\t\t\t\t\t\t\t<div class=\"value\">\n\t\t\t\t\t\t\t\t<span class=\"lang\">Fran\u00e7ais<\/span>\n\t\t\t\t\t\t\t<\/div>\n\t\t\t\t\t\t<\/div>\n\t\t\t\t\t<\/li>\n\t\t\t\t\t\t\t\t\t<\/ul>\n\t\t\t<\/div>\n\t\t\t\t\t<\/div>\n\t\t\t<\/a>\n<\/article>\n<end-cask-shortcode-wrapper>\n<p>&nbsp;<\/p>\n","protected":false},"excerpt":{"rendered":"<p>Au premier cycle, la Facult\u00e9 organise deux Bacheliers\u00a0: Le Bachelier en sciences psychologiques et de l\u2019\u00e9ducation, orientation g\u00e9n\u00e9rale Celui-ci conduit au grade de Bachelier (dipl\u00f4me non professionnalisant) et donne un acc\u00e8s direct aux Masters en sciences psychologiques ou aux Masters en sciences de l\u2019\u00e9ducation. Le Bachelier en sciences psychologiques et de l\u2019\u00e9ducation, orientation logop\u00e9die Celui-ci [&hellip;]<\/p>\n","protected":false},"author":2,"featured_media":0,"parent":70,"menu_order":0,"comment_status":"closed","ping_status":"closed","template":"","meta":{"footnotes":""},"class_list":["post-464","page","type-page","status-publish","hentry"],"yoast_head":"<!-- This site is optimized with the Yoast SEO plugin v27.2 - https:\/\/yoast.com\/product\/yoast-seo-wordpress\/ -->\n<title>1er cycle : Bachelier - Facult\u00e9 \/ FPSE<\/title>\n<meta name=\"robots\" content=\"index, follow, max-snippet:-1, max-image-preview:large, max-video-preview:-1\" \/>\n<link rel=\"canonical\" href=\"https:\/\/web.umons.ac.be\/fpse\/fr\/offre-de-formation\/1er-cycle-bachelier\/\" \/>\n<meta property=\"og:locale\" content=\"fr_FR\" \/>\n<meta property=\"og:type\" content=\"article\" \/>\n<meta property=\"og:title\" content=\"1er cycle : Bachelier - Facult\u00e9 \/ FPSE\" \/>\n<meta property=\"og:description\" content=\"Au premier cycle, la Facult\u00e9 organise deux Bacheliers\u00a0: Le Bachelier en sciences psychologiques et de l\u2019\u00e9ducation, orientation g\u00e9n\u00e9rale Celui-ci conduit au grade de Bachelier (dipl\u00f4me non professionnalisant) et donne un acc\u00e8s direct aux Masters en sciences psychologiques ou aux Masters en sciences de l\u2019\u00e9ducation. Le Bachelier en sciences psychologiques et de l\u2019\u00e9ducation, orientation logop\u00e9die Celui-ci [&hellip;]\" \/>\n<meta property=\"og:url\" content=\"https:\/\/web.umons.ac.be\/fpse\/fr\/offre-de-formation\/1er-cycle-bachelier\/\" \/>\n<meta property=\"og:site_name\" content=\"Facult\u00e9 \/ FPSE\" \/>\n<meta property=\"article:modified_time\" content=\"2020-03-19T13:10:00+00:00\" \/>\n<meta name=\"twitter:card\" content=\"summary_large_image\" \/>\n<meta name=\"twitter:label1\" content=\"Dur\u00e9e de lecture estim\u00e9e\" \/>\n\t<meta name=\"twitter:data1\" content=\"1 minute\" \/>\n<script type=\"application\/ld+json\" class=\"yoast-schema-graph\">{\"@context\":\"https:\/\/schema.org\",\"@graph\":[{\"@type\":\"WebPage\",\"@id\":\"https:\/\/web.umons.ac.be\/fpse\/fr\/offre-de-formation\/1er-cycle-bachelier\/\",\"url\":\"https:\/\/web.umons.ac.be\/fpse\/fr\/offre-de-formation\/1er-cycle-bachelier\/\",\"name\":\"1er cycle : Bachelier - Facult\u00e9 \/ FPSE\",\"isPartOf\":{\"@id\":\"https:\/\/web.umons.ac.be\/fpse\/#website\"},\"datePublished\":\"2017-06-27T12:37:05+00:00\",\"dateModified\":\"2020-03-19T13:10:00+00:00\",\"breadcrumb\":{\"@id\":\"https:\/\/web.umons.ac.be\/fpse\/fr\/offre-de-formation\/1er-cycle-bachelier\/#breadcrumb\"},\"inLanguage\":\"fr-FR\",\"potentialAction\":[{\"@type\":\"ReadAction\",\"target\":[\"https:\/\/web.umons.ac.be\/fpse\/fr\/offre-de-formation\/1er-cycle-bachelier\/\"]}]},{\"@type\":\"BreadcrumbList\",\"@id\":\"https:\/\/web.umons.ac.be\/fpse\/fr\/offre-de-formation\/1er-cycle-bachelier\/#breadcrumb\",\"itemListElement\":[{\"@type\":\"ListItem\",\"position\":1,\"name\":\"Accueil\",\"item\":\"https:\/\/web.umons.ac.be\/fpse\/fr\/\"},{\"@type\":\"ListItem\",\"position\":2,\"name\":\"L&rsquo;offre de formation\",\"item\":\"https:\/\/web.umons.ac.be\/fpse\/fr\/offre-de-formation\/\"},{\"@type\":\"ListItem\",\"position\":3,\"name\":\"1er cycle : Bachelier\"}]},{\"@type\":\"WebSite\",\"@id\":\"https:\/\/web.umons.ac.be\/fpse\/#website\",\"url\":\"https:\/\/web.umons.ac.be\/fpse\/\",\"name\":\"Facult\u00e9 \/ FPSE\",\"description\":\"\",\"potentialAction\":[{\"@type\":\"SearchAction\",\"target\":{\"@type\":\"EntryPoint\",\"urlTemplate\":\"https:\/\/web.umons.ac.be\/fpse\/?s={search_term_string}\"},\"query-input\":{\"@type\":\"PropertyValueSpecification\",\"valueRequired\":true,\"valueName\":\"search_term_string\"}}],\"inLanguage\":\"fr-FR\"}]}<\/script>\n<!-- \/ Yoast SEO plugin. -->","yoast_head_json":{"title":"1er cycle : Bachelier - Facult\u00e9 \/ FPSE","robots":{"index":"index","follow":"follow","max-snippet":"max-snippet:-1","max-image-preview":"max-image-preview:large","max-video-preview":"max-video-preview:-1"},"canonical":"https:\/\/web.umons.ac.be\/fpse\/fr\/offre-de-formation\/1er-cycle-bachelier\/","og_locale":"fr_FR","og_type":"article","og_title":"1er cycle : Bachelier - Facult\u00e9 \/ FPSE","og_description":"Au premier cycle, la Facult\u00e9 organise deux Bacheliers\u00a0: Le Bachelier en sciences psychologiques et de l\u2019\u00e9ducation, orientation g\u00e9n\u00e9rale Celui-ci conduit au grade de Bachelier (dipl\u00f4me non professionnalisant) et donne un acc\u00e8s direct aux Masters en sciences psychologiques ou aux Masters en sciences de l\u2019\u00e9ducation. Le Bachelier en sciences psychologiques et de l\u2019\u00e9ducation, orientation logop\u00e9die Celui-ci [&hellip;]","og_url":"https:\/\/web.umons.ac.be\/fpse\/fr\/offre-de-formation\/1er-cycle-bachelier\/","og_site_name":"Facult\u00e9 \/ FPSE","article_modified_time":"2020-03-19T13:10:00+00:00","twitter_card":"summary_large_image","twitter_misc":{"Dur\u00e9e de lecture estim\u00e9e":"1 minute"},"schema":{"@context":"https:\/\/schema.org","@graph":[{"@type":"WebPage","@id":"https:\/\/web.umons.ac.be\/fpse\/fr\/offre-de-formation\/1er-cycle-bachelier\/","url":"https:\/\/web.umons.ac.be\/fpse\/fr\/offre-de-formation\/1er-cycle-bachelier\/","name":"1er cycle : Bachelier - Facult\u00e9 \/ FPSE","isPartOf":{"@id":"https:\/\/web.umons.ac.be\/fpse\/#website"},"datePublished":"2017-06-27T12:37:05+00:00","dateModified":"2020-03-19T13:10:00+00:00","breadcrumb":{"@id":"https:\/\/web.umons.ac.be\/fpse\/fr\/offre-de-formation\/1er-cycle-bachelier\/#breadcrumb"},"inLanguage":"fr-FR","potentialAction":[{"@type":"ReadAction","target":["https:\/\/web.umons.ac.be\/fpse\/fr\/offre-de-formation\/1er-cycle-bachelier\/"]}]},{"@type":"BreadcrumbList","@id":"https:\/\/web.umons.ac.be\/fpse\/fr\/offre-de-formation\/1er-cycle-bachelier\/#breadcrumb","itemListElement":[{"@type":"ListItem","position":1,"name":"Accueil","item":"https:\/\/web.umons.ac.be\/fpse\/fr\/"},{"@type":"ListItem","position":2,"name":"L&rsquo;offre de formation","item":"https:\/\/web.umons.ac.be\/fpse\/fr\/offre-de-formation\/"},{"@type":"ListItem","position":3,"name":"1er cycle : Bachelier"}]},{"@type":"WebSite","@id":"https:\/\/web.umons.ac.be\/fpse\/#website","url":"https:\/\/web.umons.ac.be\/fpse\/","name":"Facult\u00e9 \/ FPSE","description":"","potentialAction":[{"@type":"SearchAction","target":{"@type":"EntryPoint","urlTemplate":"https:\/\/web.umons.ac.be\/fpse\/?s={search_term_string}"},"query-input":{"@type":"PropertyValueSpecification","valueRequired":true,"valueName":"search_term_string"}}],"inLanguage":"fr-FR"}]}},"lang":"fr","translations":{"fr":464,"en":823},"pll_sync_post":[],"_links":{"self":[{"href":"https:\/\/web.umons.ac.be\/fpse\/wp-json\/wp\/v2\/pages\/464","targetHints":{"allow":["GET"]}}],"collection":[{"href":"https:\/\/web.umons.ac.be\/fpse\/wp-json\/wp\/v2\/pages"}],"about":[{"href":"https:\/\/web.umons.ac.be\/fpse\/wp-json\/wp\/v2\/types\/page"}],"author":[{"embeddable":true,"href":"https:\/\/web.umons.ac.be\/fpse\/wp-json\/wp\/v2\/users\/2"}],"replies":[{"embeddable":true,"href":"https:\/\/web.umons.ac.be\/fpse\/wp-json\/wp\/v2\/comments?post=464"}],"version-history":[{"count":7,"href":"https:\/\/web.umons.ac.be\/fpse\/wp-json\/wp\/v2\/pages\/464\/revisions"}],"predecessor-version":[{"id":1548,"href":"https:\/\/web.umons.ac.be\/fpse\/wp-json\/wp\/v2\/pages\/464\/revisions\/1548"}],"up":[{"embeddable":true,"href":"https:\/\/web.umons.ac.be\/fpse\/wp-json\/wp\/v2\/pages\/70"}],"wp:attachment":[{"href":"https:\/\/web.umons.ac.be\/fpse\/wp-json\/wp\/v2\/media?parent=464"}],"curies":[{"name":"wp","href":"https:\/\/api.w.org\/{rel}","templated":true}]}}