{"id":487,"date":"2017-06-29T15:00:24","date_gmt":"2017-06-29T13:00:24","guid":{"rendered":"https:\/\/web.umons.ac.be\/fpse\/?page_id=487"},"modified":"2024-04-26T16:27:12","modified_gmt":"2024-04-26T14:27:12","slug":"services-denseignement-et-de-recherche","status":"publish","type":"page","link":"https:\/\/web.umons.ac.be\/fpse\/fr\/activites-de-recherche\/services-denseignement-et-de-recherche\/","title":{"rendered":"Services d\u2019enseignement et de recherche"},"content":{"rendered":"<h1>Services d\u2019enseignement et de recherche<\/h1>\n<p>&nbsp;<\/p>\n<p>Les chercheurs dans la Facult\u00e9 ne sont pas que des enseignants : ils sont impliqu\u00e9s dans des recherches de pointe et participent activement \u00e0 de tr\u00e8s nombreuses collaborations internationales avec des \u00e9quipes d\u2019universit\u00e9s \u00e9trang\u00e8res ou au sein de grands centres de recherche internationaux, mais \u00e9galement avec des entreprises. En navigant sur les sites des services, vous vous rendez compte de la diversit\u00e9 et de l\u2019ampleur des recherches men\u00e9es au sein de notre Facult\u00e9.<\/p>\n<p><em><strong>D\u00e9partement d\u2019\u00e9tudes et d\u2019actions sociales<\/strong><\/em> : Orthop\u00e9dagogie clinique &#8211; Sciences de la Famille<\/p>\n<div class=\"highlighted-block\">\n<p>Vous souhaitez nous soutenir ? <a href=\"https:\/\/web.umons.ac.be\/fpse\/fr\/activites-de-recherche\/participer-a-nos-recherches\/\">Participez \u00e0 nos recherches<\/a><\/p>\n<\/div>\n","protected":false},"excerpt":{"rendered":"<p>Services d\u2019enseignement et de recherche &nbsp; Les chercheurs dans la Facult\u00e9 ne sont pas que des enseignants : ils sont impliqu\u00e9s dans des recherches de pointe et participent activement \u00e0 de tr\u00e8s nombreuses collaborations internationales avec des \u00e9quipes d\u2019universit\u00e9s \u00e9trang\u00e8res ou au sein de grands centres de recherche internationaux, mais \u00e9galement avec des entreprises. En [&hellip;]<\/p>\n","protected":false},"author":2,"featured_media":0,"parent":478,"menu_order":0,"comment_status":"closed","ping_status":"closed","template":"page-templates\/archive-service.php","meta":{"footnotes":""},"class_list":["post-487","page","type-page","status-publish","hentry"],"yoast_head":"<!-- This site is optimized with the Yoast SEO plugin v27.2 - https:\/\/yoast.com\/product\/yoast-seo-wordpress\/ -->\n<title>Services d\u2019enseignement et de recherche - Facult\u00e9 \/ FPSE<\/title>\n<meta name=\"robots\" content=\"index, follow, max-snippet:-1, max-image-preview:large, max-video-preview:-1\" \/>\n<link rel=\"canonical\" href=\"https:\/\/web.umons.ac.be\/fpse\/fr\/activites-de-recherche\/services-denseignement-et-de-recherche\/\" \/>\n<meta property=\"og:locale\" content=\"fr_FR\" \/>\n<meta property=\"og:type\" content=\"article\" \/>\n<meta property=\"og:title\" content=\"Services d\u2019enseignement et de recherche - Facult\u00e9 \/ FPSE\" \/>\n<meta property=\"og:description\" content=\"Services d\u2019enseignement et de recherche &nbsp; Les chercheurs dans la Facult\u00e9 ne sont pas que des enseignants : ils sont impliqu\u00e9s dans des recherches de pointe et participent activement \u00e0 de tr\u00e8s nombreuses collaborations internationales avec des \u00e9quipes d\u2019universit\u00e9s \u00e9trang\u00e8res ou au sein de grands centres de recherche internationaux, mais \u00e9galement avec des entreprises. En [&hellip;]\" \/>\n<meta property=\"og:url\" content=\"https:\/\/web.umons.ac.be\/fpse\/fr\/activites-de-recherche\/services-denseignement-et-de-recherche\/\" \/>\n<meta property=\"og:site_name\" content=\"Facult\u00e9 \/ FPSE\" \/>\n<meta property=\"article:modified_time\" content=\"2024-04-26T14:27:12+00:00\" \/>\n<meta name=\"twitter:card\" content=\"summary_large_image\" \/>\n<meta name=\"twitter:label1\" content=\"Dur\u00e9e de lecture estim\u00e9e\" \/>\n\t<meta name=\"twitter:data1\" content=\"1 minute\" \/>\n<script type=\"application\/ld+json\" class=\"yoast-schema-graph\">{\"@context\":\"https:\/\/schema.org\",\"@graph\":[{\"@type\":\"WebPage\",\"@id\":\"https:\/\/web.umons.ac.be\/fpse\/fr\/activites-de-recherche\/services-denseignement-et-de-recherche\/\",\"url\":\"https:\/\/web.umons.ac.be\/fpse\/fr\/activites-de-recherche\/services-denseignement-et-de-recherche\/\",\"name\":\"Services d\u2019enseignement et de recherche - Facult\u00e9 \/ FPSE\",\"isPartOf\":{\"@id\":\"https:\/\/web.umons.ac.be\/fpse\/#website\"},\"datePublished\":\"2017-06-29T13:00:24+00:00\",\"dateModified\":\"2024-04-26T14:27:12+00:00\",\"breadcrumb\":{\"@id\":\"https:\/\/web.umons.ac.be\/fpse\/fr\/activites-de-recherche\/services-denseignement-et-de-recherche\/#breadcrumb\"},\"inLanguage\":\"fr-FR\",\"potentialAction\":[{\"@type\":\"ReadAction\",\"target\":[\"https:\/\/web.umons.ac.be\/fpse\/fr\/activites-de-recherche\/services-denseignement-et-de-recherche\/\"]}]},{\"@type\":\"BreadcrumbList\",\"@id\":\"https:\/\/web.umons.ac.be\/fpse\/fr\/activites-de-recherche\/services-denseignement-et-de-recherche\/#breadcrumb\",\"itemListElement\":[{\"@type\":\"ListItem\",\"position\":1,\"name\":\"Accueil\",\"item\":\"https:\/\/web.umons.ac.be\/fpse\/fr\/\"},{\"@type\":\"ListItem\",\"position\":2,\"name\":\"Activit\u00e9s de recherche\",\"item\":\"https:\/\/web.umons.ac.be\/fpse\/fr\/activites-de-recherche\/\"},{\"@type\":\"ListItem\",\"position\":3,\"name\":\"Services d\u2019enseignement et de recherche\"}]},{\"@type\":\"WebSite\",\"@id\":\"https:\/\/web.umons.ac.be\/fpse\/#website\",\"url\":\"https:\/\/web.umons.ac.be\/fpse\/\",\"name\":\"Facult\u00e9 \/ FPSE\",\"description\":\"\",\"potentialAction\":[{\"@type\":\"SearchAction\",\"target\":{\"@type\":\"EntryPoint\",\"urlTemplate\":\"https:\/\/web.umons.ac.be\/fpse\/?s={search_term_string}\"},\"query-input\":{\"@type\":\"PropertyValueSpecification\",\"valueRequired\":true,\"valueName\":\"search_term_string\"}}],\"inLanguage\":\"fr-FR\"}]}<\/script>\n<!-- \/ Yoast SEO plugin. -->","yoast_head_json":{"title":"Services d\u2019enseignement et de recherche - Facult\u00e9 \/ FPSE","robots":{"index":"index","follow":"follow","max-snippet":"max-snippet:-1","max-image-preview":"max-image-preview:large","max-video-preview":"max-video-preview:-1"},"canonical":"https:\/\/web.umons.ac.be\/fpse\/fr\/activites-de-recherche\/services-denseignement-et-de-recherche\/","og_locale":"fr_FR","og_type":"article","og_title":"Services d\u2019enseignement et de recherche - Facult\u00e9 \/ FPSE","og_description":"Services d\u2019enseignement et de recherche &nbsp; Les chercheurs dans la Facult\u00e9 ne sont pas que des enseignants : ils sont impliqu\u00e9s dans des recherches de pointe et participent activement \u00e0 de tr\u00e8s nombreuses collaborations internationales avec des \u00e9quipes d\u2019universit\u00e9s \u00e9trang\u00e8res ou au sein de grands centres de recherche internationaux, mais \u00e9galement avec des entreprises. En [&hellip;]","og_url":"https:\/\/web.umons.ac.be\/fpse\/fr\/activites-de-recherche\/services-denseignement-et-de-recherche\/","og_site_name":"Facult\u00e9 \/ FPSE","article_modified_time":"2024-04-26T14:27:12+00:00","twitter_card":"summary_large_image","twitter_misc":{"Dur\u00e9e de lecture estim\u00e9e":"1 minute"},"schema":{"@context":"https:\/\/schema.org","@graph":[{"@type":"WebPage","@id":"https:\/\/web.umons.ac.be\/fpse\/fr\/activites-de-recherche\/services-denseignement-et-de-recherche\/","url":"https:\/\/web.umons.ac.be\/fpse\/fr\/activites-de-recherche\/services-denseignement-et-de-recherche\/","name":"Services d\u2019enseignement et de recherche - Facult\u00e9 \/ FPSE","isPartOf":{"@id":"https:\/\/web.umons.ac.be\/fpse\/#website"},"datePublished":"2017-06-29T13:00:24+00:00","dateModified":"2024-04-26T14:27:12+00:00","breadcrumb":{"@id":"https:\/\/web.umons.ac.be\/fpse\/fr\/activites-de-recherche\/services-denseignement-et-de-recherche\/#breadcrumb"},"inLanguage":"fr-FR","potentialAction":[{"@type":"ReadAction","target":["https:\/\/web.umons.ac.be\/fpse\/fr\/activites-de-recherche\/services-denseignement-et-de-recherche\/"]}]},{"@type":"BreadcrumbList","@id":"https:\/\/web.umons.ac.be\/fpse\/fr\/activites-de-recherche\/services-denseignement-et-de-recherche\/#breadcrumb","itemListElement":[{"@type":"ListItem","position":1,"name":"Accueil","item":"https:\/\/web.umons.ac.be\/fpse\/fr\/"},{"@type":"ListItem","position":2,"name":"Activit\u00e9s de recherche","item":"https:\/\/web.umons.ac.be\/fpse\/fr\/activites-de-recherche\/"},{"@type":"ListItem","position":3,"name":"Services d\u2019enseignement et de recherche"}]},{"@type":"WebSite","@id":"https:\/\/web.umons.ac.be\/fpse\/#website","url":"https:\/\/web.umons.ac.be\/fpse\/","name":"Facult\u00e9 \/ FPSE","description":"","potentialAction":[{"@type":"SearchAction","target":{"@type":"EntryPoint","urlTemplate":"https:\/\/web.umons.ac.be\/fpse\/?s={search_term_string}"},"query-input":{"@type":"PropertyValueSpecification","valueRequired":true,"valueName":"search_term_string"}}],"inLanguage":"fr-FR"}]}},"lang":"fr","translations":{"fr":487,"en":811},"pll_sync_post":[],"_links":{"self":[{"href":"https:\/\/web.umons.ac.be\/fpse\/wp-json\/wp\/v2\/pages\/487","targetHints":{"allow":["GET"]}}],"collection":[{"href":"https:\/\/web.umons.ac.be\/fpse\/wp-json\/wp\/v2\/pages"}],"about":[{"href":"https:\/\/web.umons.ac.be\/fpse\/wp-json\/wp\/v2\/types\/page"}],"author":[{"embeddable":true,"href":"https:\/\/web.umons.ac.be\/fpse\/wp-json\/wp\/v2\/users\/2"}],"replies":[{"embeddable":true,"href":"https:\/\/web.umons.ac.be\/fpse\/wp-json\/wp\/v2\/comments?post=487"}],"version-history":[{"count":5,"href":"https:\/\/web.umons.ac.be\/fpse\/wp-json\/wp\/v2\/pages\/487\/revisions"}],"predecessor-version":[{"id":2367,"href":"https:\/\/web.umons.ac.be\/fpse\/wp-json\/wp\/v2\/pages\/487\/revisions\/2367"}],"up":[{"embeddable":true,"href":"https:\/\/web.umons.ac.be\/fpse\/wp-json\/wp\/v2\/pages\/478"}],"wp:attachment":[{"href":"https:\/\/web.umons.ac.be\/fpse\/wp-json\/wp\/v2\/media?parent=487"}],"curies":[{"name":"wp","href":"https:\/\/api.w.org\/{rel}","templated":true}]}}