{"id":5,"date":"2016-12-07T12:36:05","date_gmt":"2016-12-07T11:36:05","guid":{"rendered":"https:\/\/web.umons.ac.be\/fpse\/?page_id=5"},"modified":"2024-04-17T16:16:19","modified_gmt":"2024-04-17T14:16:19","slug":"a-propos-de-faculte","status":"publish","type":"page","link":"https:\/\/web.umons.ac.be\/fpse\/fr\/a-propos-de-faculte\/","title":{"rendered":"A propos de la facult\u00e9"},"content":{"rendered":"<h2>Le mot de la Doyenne<\/h2>\n<p>Ch\u00e8res \u00e9tudiantes, Chers \u00e9tudiants,<\/p>\n<p>Les profonds et rapides changements de la soci\u00e9t\u00e9 renforcent chaque jour la n\u00e9cessit\u00e9 de former des sp\u00e9cialistes pouvant contribuer au d\u00e9veloppement et au bien-\u00eatre de l\u2019\u00eatre humain. La Facult\u00e9 de Psychologie et des Sciences de l\u2019Education (FPSE) participe \u00e0 la formation de ces sp\u00e9cialistes en proposant des \u00e9tudes dans trois disciplines : la psychologie, les sciences de l\u2019\u00e9ducation et la logop\u00e9die.<\/p>\n<ul>\n<li>La <span style=\"text-decoration: underline;\"><strong>psychologie<\/strong><\/span> vise \u00e0 comprendre le fonctionnement de l\u2019homme dans sa globalit\u00e9, tant dans ses aspects dits normaux que dans ses caract\u00e9ristiques hors normes, aux diff\u00e9rents \u00e2ges de la vie, en fonction des diversit\u00e9s culturelles, dans sa r\u00e9alit\u00e9 physique, mentale, sociale, \u00e9motive\u2026<\/li>\n<li>Les <span style=\"text-decoration: underline;\"><strong>sciences de l\u2019\u00e9ducation<\/strong><\/span> \u00e9tudient plus sp\u00e9cifiquement l\u2019environnement \u00e9ducatif, tant scolaire qu\u2019extrascolaire, et son impact sur le d\u00e9veloppement des individus et de la soci\u00e9t\u00e9.<\/li>\n<li>La <strong><span style=\"text-decoration: underline;\">logop\u00e9die<\/span><\/strong> s\u2019int\u00e9resse plus particuli\u00e8rement \u00e0 la communication humaine et au langage, et se focalise sur les troubles de la parole, de la d\u00e9glutition, de la voix et du langage oral et \u00e9crit, quelle que soit leur origine, chez l\u2019enfant, l\u2019adolescent, l\u2019adulte ou la personne \u00e2g\u00e9e.<\/li>\n<\/ul>\n<p>Tous les programmes propos\u00e9s par la Facult\u00e9 sont organis\u00e9s de jour sur le site de Mons et une partie de ceux-ci sont propos\u00e9s en horaire d\u00e9cal\u00e9 (en soir\u00e9e et le samedi matin) sur le site de Charleroi. Ces derniers s\u2019adressent plus particuli\u00e8rement (mais pas exclusivement) aux adultes en reprise d\u2019\u00e9tudes, d\u00e9j\u00e0 ins\u00e9r\u00e9s dans le monde du travail et\/ou souhaitant se r\u00e9orienter sur le plan professionnel. En plus de l\u2019horaire d\u00e9cal\u00e9, d\u2019autres dispositifs sont mis en place pour faciliter la reprise d\u2019\u00e9tudes \u00e0 la FPSE : accueil et information par un service de coordination local, possibilit\u00e9 de b\u00e9n\u00e9ficier d\u2019un programme personnalis\u00e9, modalit\u00e9s de formation con\u00e7ues dans une perspective de l\u2019\u00e9tudiant acteur de sa formation, plusieurs cours \u00e0 distance via Internet\u2026<\/p>\n<ul>\n<li>A <span style=\"text-decoration: underline;\"><strong>Mons<\/strong><\/span>, est organis\u00e9e la totalit\u00e9 des cursus universitaires dans le domaine des sciences psychologiques et de l\u2019\u00e9ducation (Bacheliers, Masters et Doctorat), \u00e0 l\u2019exception du Master en logop\u00e9die.<\/li>\n<li>A <span style=\"text-decoration: underline;\"><strong>Charleroi<\/strong><\/span>, sont propos\u00e9s le Bachelier en sciences psychologiques et de l\u2019\u00e9ducation (orientation g\u00e9n\u00e9rale) et le Master en sciences de l\u2019\u00e9ducation (finalit\u00e9 sp\u00e9cialis\u00e9e en enseignement et apprentissages scolaires, finalit\u00e9 sp\u00e9cialis\u00e9e en orthop\u00e9dagogie et action sociale, finalit\u00e9 sp\u00e9cialis\u00e9e en technologie de l\u2019\u00e9ducation).<\/li>\n<\/ul>\n<p>A travers les programmes dispens\u00e9s, les enseignants ont \u00e0 coeur de vous faire partager leurs connaissances th\u00e9oriques et leur exp\u00e9rience pratique mais aussi de stimuler votre curiosit\u00e9 intellectuelle, de d\u00e9velopper vos capacit\u00e9s d\u2019analyse et de r\u00e9flexion, d\u2019am\u00e9liorer vos comp\u00e9tences communicationnelles et d\u2019aiguiser votre esprit critique. Tout au long de votre parcours universitaire, vous aurez l\u2019occasion de d\u00e9couvrir de multiples horizons sur le fonctionnement humain. Ce parcours vous conduira vers des d\u00e9bouch\u00e9s diversifi\u00e9s.<\/p>\n<ul>\n<li>Le <span style=\"text-decoration: underline;\"><strong>Master en sciences psychologiques<\/strong><\/span>, qui donne acc\u00e8s au titre professionnel de psychologue, permet d\u2019exercer la psychologie dans des champs aussi vari\u00e9s que ceux de la sant\u00e9 mentale, du travail et de l\u2019emploi, de l\u2019action sociale, de l\u2019\u00e9ducation, de la justice\u2026<\/li>\n<li>Le <span style=\"text-decoration: underline;\"><strong>Master en sciences de l\u2019\u00e9ducation<\/strong><\/span> offre l\u2019opportunit\u00e9 \u00e0 des professionnels de l\u2019\u00e9ducation de continuer \u00e0 se former, en am\u00e9liorant leur pratique et leur r\u00e9flexion. Il peut aussi d\u00e9boucher sur une insertion professionnelle dans des champs tels que ceux de l\u2019enseignement, la formation d\u2019adultes, la formation de formateurs\u2026<\/li>\n<li>Le <span style=\"text-decoration: underline;\"><strong>Master en logop\u00e9die<\/strong><\/span> (qui n\u2019est pas organis\u00e9 \u00e0 l\u2019UMONS) permet d\u2019acc\u00e9der au m\u00e9tier de logop\u00e8de dans un cadre priv\u00e9 ou dans le cadre d\u2019institutions de soins, d\u2019enseignement ou d\u2019\u00e9ducation.<\/li>\n<li>Au terme du Master, l\u2019<span style=\"text-decoration: underline;\"><strong>Agr\u00e9gation de l\u2019enseignement secondaire sup\u00e9rieur<\/strong> <\/span>(AESS) offre la possibilit\u00e9 de se former \u00e0 la pratique de l\u2019enseignement.<\/li>\n<\/ul>\n<p>Apr\u00e8s le Master, l\u2019\u00e9tudiant peut \u00e9galement acc\u00e9der \u00e0 divers masters de sp\u00e9cialisation ou autres <span style=\"text-decoration: underline;\"><strong>formations continues<\/strong><\/span>, organis\u00e9s par la FPSE ou d\u2019autres facult\u00e9s.<\/p>\n<p>Pour ceux qui s\u2019int\u00e9ressent \u00e0 la recherche, le<span style=\"text-decoration: underline;\"><strong> troisi\u00e8me cycle<\/strong><\/span> offre enfin de nombreuses occasions de formation scientifique, notamment par le biais des \u00e9coles doctorales, d\u00e9bouchant sur le certificat de formation \u00e0 la recherche et, in fine, sur l\u2019obtention du grade de Docteur en sciences psychologiques et de l\u2019\u00e9ducation.<\/p>\n<p>Justine Gaugue,<br \/>\nDoyenne<\/p>\n","protected":false},"excerpt":{"rendered":"<p>Le mot de la Doyenne Ch\u00e8res \u00e9tudiantes, Chers \u00e9tudiants, Les profonds et rapides changements de la soci\u00e9t\u00e9 renforcent chaque jour la n\u00e9cessit\u00e9 de former des sp\u00e9cialistes pouvant contribuer au d\u00e9veloppement et au bien-\u00eatre de l\u2019\u00eatre humain. La Facult\u00e9 de Psychologie et des Sciences de l\u2019Education (FPSE) participe \u00e0 la formation de ces sp\u00e9cialistes en proposant [&hellip;]<\/p>\n","protected":false},"author":2,"featured_media":0,"parent":0,"menu_order":6,"comment_status":"closed","ping_status":"closed","template":"","meta":{"footnotes":""},"class_list":["post-5","page","type-page","status-publish","hentry"],"yoast_head":"<!-- This site is optimized with the Yoast SEO plugin v27.2 - https:\/\/yoast.com\/product\/yoast-seo-wordpress\/ -->\n<title>A propos de la facult\u00e9 - Facult\u00e9 \/ FPSE<\/title>\n<meta name=\"robots\" content=\"index, follow, max-snippet:-1, max-image-preview:large, max-video-preview:-1\" \/>\n<link rel=\"canonical\" href=\"https:\/\/web.umons.ac.be\/fpse\/fr\/a-propos-de-faculte\/\" \/>\n<meta property=\"og:locale\" content=\"fr_FR\" \/>\n<meta property=\"og:type\" content=\"article\" \/>\n<meta property=\"og:title\" content=\"A propos de la facult\u00e9 - Facult\u00e9 \/ FPSE\" \/>\n<meta property=\"og:description\" content=\"Le mot de la Doyenne Ch\u00e8res \u00e9tudiantes, Chers \u00e9tudiants, Les profonds et rapides changements de la soci\u00e9t\u00e9 renforcent chaque jour la n\u00e9cessit\u00e9 de former des sp\u00e9cialistes pouvant contribuer au d\u00e9veloppement et au bien-\u00eatre de l\u2019\u00eatre humain. La Facult\u00e9 de Psychologie et des Sciences de l\u2019Education (FPSE) participe \u00e0 la formation de ces sp\u00e9cialistes en proposant [&hellip;]\" \/>\n<meta property=\"og:url\" content=\"https:\/\/web.umons.ac.be\/fpse\/fr\/a-propos-de-faculte\/\" \/>\n<meta property=\"og:site_name\" content=\"Facult\u00e9 \/ FPSE\" \/>\n<meta property=\"article:modified_time\" content=\"2024-04-17T14:16:19+00:00\" \/>\n<meta name=\"twitter:card\" content=\"summary_large_image\" \/>\n<meta name=\"twitter:label1\" content=\"Dur\u00e9e de lecture estim\u00e9e\" \/>\n\t<meta name=\"twitter:data1\" content=\"4 minutes\" \/>\n<script type=\"application\/ld+json\" class=\"yoast-schema-graph\">{\"@context\":\"https:\/\/schema.org\",\"@graph\":[{\"@type\":\"WebPage\",\"@id\":\"https:\/\/web.umons.ac.be\/fpse\/fr\/a-propos-de-faculte\/\",\"url\":\"https:\/\/web.umons.ac.be\/fpse\/fr\/a-propos-de-faculte\/\",\"name\":\"A propos de la facult\u00e9 - Facult\u00e9 \/ FPSE\",\"isPartOf\":{\"@id\":\"https:\/\/web.umons.ac.be\/fpse\/#website\"},\"datePublished\":\"2016-12-07T11:36:05+00:00\",\"dateModified\":\"2024-04-17T14:16:19+00:00\",\"breadcrumb\":{\"@id\":\"https:\/\/web.umons.ac.be\/fpse\/fr\/a-propos-de-faculte\/#breadcrumb\"},\"inLanguage\":\"fr-FR\",\"potentialAction\":[{\"@type\":\"ReadAction\",\"target\":[\"https:\/\/web.umons.ac.be\/fpse\/fr\/a-propos-de-faculte\/\"]}]},{\"@type\":\"BreadcrumbList\",\"@id\":\"https:\/\/web.umons.ac.be\/fpse\/fr\/a-propos-de-faculte\/#breadcrumb\",\"itemListElement\":[{\"@type\":\"ListItem\",\"position\":1,\"name\":\"Accueil\",\"item\":\"https:\/\/web.umons.ac.be\/fpse\/fr\/\"},{\"@type\":\"ListItem\",\"position\":2,\"name\":\"A propos de la facult\u00e9\"}]},{\"@type\":\"WebSite\",\"@id\":\"https:\/\/web.umons.ac.be\/fpse\/#website\",\"url\":\"https:\/\/web.umons.ac.be\/fpse\/\",\"name\":\"Facult\u00e9 \/ FPSE\",\"description\":\"\",\"potentialAction\":[{\"@type\":\"SearchAction\",\"target\":{\"@type\":\"EntryPoint\",\"urlTemplate\":\"https:\/\/web.umons.ac.be\/fpse\/?s={search_term_string}\"},\"query-input\":{\"@type\":\"PropertyValueSpecification\",\"valueRequired\":true,\"valueName\":\"search_term_string\"}}],\"inLanguage\":\"fr-FR\"}]}<\/script>\n<!-- \/ Yoast SEO plugin. -->","yoast_head_json":{"title":"A propos de la facult\u00e9 - Facult\u00e9 \/ FPSE","robots":{"index":"index","follow":"follow","max-snippet":"max-snippet:-1","max-image-preview":"max-image-preview:large","max-video-preview":"max-video-preview:-1"},"canonical":"https:\/\/web.umons.ac.be\/fpse\/fr\/a-propos-de-faculte\/","og_locale":"fr_FR","og_type":"article","og_title":"A propos de la facult\u00e9 - Facult\u00e9 \/ FPSE","og_description":"Le mot de la Doyenne Ch\u00e8res \u00e9tudiantes, Chers \u00e9tudiants, Les profonds et rapides changements de la soci\u00e9t\u00e9 renforcent chaque jour la n\u00e9cessit\u00e9 de former des sp\u00e9cialistes pouvant contribuer au d\u00e9veloppement et au bien-\u00eatre de l\u2019\u00eatre humain. La Facult\u00e9 de Psychologie et des Sciences de l\u2019Education (FPSE) participe \u00e0 la formation de ces sp\u00e9cialistes en proposant [&hellip;]","og_url":"https:\/\/web.umons.ac.be\/fpse\/fr\/a-propos-de-faculte\/","og_site_name":"Facult\u00e9 \/ FPSE","article_modified_time":"2024-04-17T14:16:19+00:00","twitter_card":"summary_large_image","twitter_misc":{"Dur\u00e9e de lecture estim\u00e9e":"4 minutes"},"schema":{"@context":"https:\/\/schema.org","@graph":[{"@type":"WebPage","@id":"https:\/\/web.umons.ac.be\/fpse\/fr\/a-propos-de-faculte\/","url":"https:\/\/web.umons.ac.be\/fpse\/fr\/a-propos-de-faculte\/","name":"A propos de la facult\u00e9 - Facult\u00e9 \/ FPSE","isPartOf":{"@id":"https:\/\/web.umons.ac.be\/fpse\/#website"},"datePublished":"2016-12-07T11:36:05+00:00","dateModified":"2024-04-17T14:16:19+00:00","breadcrumb":{"@id":"https:\/\/web.umons.ac.be\/fpse\/fr\/a-propos-de-faculte\/#breadcrumb"},"inLanguage":"fr-FR","potentialAction":[{"@type":"ReadAction","target":["https:\/\/web.umons.ac.be\/fpse\/fr\/a-propos-de-faculte\/"]}]},{"@type":"BreadcrumbList","@id":"https:\/\/web.umons.ac.be\/fpse\/fr\/a-propos-de-faculte\/#breadcrumb","itemListElement":[{"@type":"ListItem","position":1,"name":"Accueil","item":"https:\/\/web.umons.ac.be\/fpse\/fr\/"},{"@type":"ListItem","position":2,"name":"A propos de la facult\u00e9"}]},{"@type":"WebSite","@id":"https:\/\/web.umons.ac.be\/fpse\/#website","url":"https:\/\/web.umons.ac.be\/fpse\/","name":"Facult\u00e9 \/ FPSE","description":"","potentialAction":[{"@type":"SearchAction","target":{"@type":"EntryPoint","urlTemplate":"https:\/\/web.umons.ac.be\/fpse\/?s={search_term_string}"},"query-input":{"@type":"PropertyValueSpecification","valueRequired":true,"valueName":"search_term_string"}}],"inLanguage":"fr-FR"}]}},"lang":"fr","translations":{"fr":5,"en":922},"pll_sync_post":[],"_links":{"self":[{"href":"https:\/\/web.umons.ac.be\/fpse\/wp-json\/wp\/v2\/pages\/5","targetHints":{"allow":["GET"]}}],"collection":[{"href":"https:\/\/web.umons.ac.be\/fpse\/wp-json\/wp\/v2\/pages"}],"about":[{"href":"https:\/\/web.umons.ac.be\/fpse\/wp-json\/wp\/v2\/types\/page"}],"author":[{"embeddable":true,"href":"https:\/\/web.umons.ac.be\/fpse\/wp-json\/wp\/v2\/users\/2"}],"replies":[{"embeddable":true,"href":"https:\/\/web.umons.ac.be\/fpse\/wp-json\/wp\/v2\/comments?post=5"}],"version-history":[{"count":4,"href":"https:\/\/web.umons.ac.be\/fpse\/wp-json\/wp\/v2\/pages\/5\/revisions"}],"predecessor-version":[{"id":2348,"href":"https:\/\/web.umons.ac.be\/fpse\/wp-json\/wp\/v2\/pages\/5\/revisions\/2348"}],"wp:attachment":[{"href":"https:\/\/web.umons.ac.be\/fpse\/wp-json\/wp\/v2\/media?parent=5"}],"curies":[{"name":"wp","href":"https:\/\/api.w.org\/{rel}","templated":true}]}}