{"id":52,"date":"2017-04-27T16:08:28","date_gmt":"2017-04-27T14:08:28","guid":{"rendered":"https:\/\/web.umons.ac.be\/faculte\/fpse\/?page_id=52"},"modified":"2024-06-28T10:57:15","modified_gmt":"2024-06-28T08:57:15","slug":"identifier-de-maniere-precoce-les-etudiants-en-difficulte-apprentissage-pour-les-guider-vers-des-remediations-et-actions-ciblees","status":"publish","type":"page","link":"https:\/\/web.umons.ac.be\/fpse\/fr\/a-propos-de-faculte\/cfpu\/identifier-de-maniere-precoce-les-etudiants-en-difficulte-apprentissage-pour-les-guider-vers-des-remediations-et-actions-ciblees\/","title":{"rendered":"Identifier de mani\u00e8re pr\u00e9coce les \u00e9tudiants en difficult\u00e9 d\u2019apprentissage pour les guider vers des rem\u00e9diations et actions cibl\u00e9es"},"content":{"rendered":"<p>La FPSE a int\u00e9gr\u00e9 dans son programme de cours les AA <i>Aide \u00e0 la r\u00e9ussite\u00a0: comp\u00e9tences et connaissances de base \u2013 Anglais\u00a0<\/i>(Titulaire\u00a0: Mme A. Fontana)<i>; Aide \u00e0 la r\u00e9ussite : comp\u00e9tences et connaissances de base \u2013\u00a0 Fran\u00e7ais\u00a0<\/i>(Titulaire\u00a0: Prof. M. Piccaluga) <i>\u00a0\u00a0; \u00a0Aide \u00e0 la r\u00e9ussite\u00a0: comp\u00e9tences et connaissances de base \u2013\u00a0 Math\u00e9matiques<\/i> (Titulaire\u00a0: Prof. M. Bruyninckx) et <i>Aide \u00e0 la r\u00e9ussite\u00a0: comp\u00e9tences et connaissances de base \u2013 Sciences <\/i>(Titulaire\u00a0: Prof. A. Colomar). Concr\u00e8tement, les \u00e9tudiants des sites de Mons et de Charleroi ayant ces AA \u00e0 leur PAE sont invit\u00e9s \u00e0 participer \u00e0 une \u00e9valuation dispensatoire. Cette \u00e9valuation a une fonction diagnostique. Les \u00e9tudiants sont \u00e9valu\u00e9s quant \u00e0 leur niveau de ma\u00eetrise des comp\u00e9tences de base normalement acquises ant\u00e9rieurement (CESS, jury central ou \u00e9quivalent) dans ces diff\u00e9rentes disciplines. L\u2019objectif de cette \u00e9valuation est d\u2019informer les \u00e9tudiants du niveau de ma\u00eetrise des comp\u00e9tences de base qu&rsquo;il est raisonnable d\u2019attendre chez des \u00e9tudiants inscrits dans un cursus universitaire, de rassurer les apprenants \u00e0 ce propos ou, le cas \u00e9ch\u00e9ant, d\u2019attirer leur attention sur leurs \u00e9ventuelles difficult\u00e9s de mani\u00e8re \u00e0 leur permettre d\u2019y rem\u00e9dier en participant \u00e0 des activit\u00e9s sp\u00e9cifiques de remise \u00e0 niveau organis\u00e9es par les enseignants et les adjoints p\u00e9dagogiques (AP) de la FPSE. Les \u00e9tudiants qui r\u00e9ussissent ces \u00e9valuations sont dispens\u00e9s de ces cours.<\/p>\n<p>Les AP proposent \u00e9galement des ateliers amenant les \u00e9tudiants \u00e0 identifier les situations de d\u00e9crochage de mani\u00e8re \u00e0 les pr\u00e9venir. Par exemple, la CFPU organise des ateliers \u00ab d\u00e9briefing apr\u00e8s une premi\u00e8re session \u00bb pour identifier les \u00e9l\u00e9ments qui ont \u00e9t\u00e9 des freins et des atouts pour la r\u00e9ussite des \u00e9tudiants.<\/p>\n<p>\u00c0 la FPSE, des rencontres mensuelles sont organis\u00e9es entre les autorit\u00e9s facultaires et les repr\u00e9sentants des \u00e9tudiants dans le but d\u2019\u00e9tablir davantage de dialogue\u00a0 en plus de ces rencontres, la CFPU (organise des permanences durant lesquelles les \u00e9tudiants, principalement inscrits en d\u00e9but de cycle de bachelier, ont la possibilit\u00e9 de rencontrer les AP. Ces derniers sont pr\u00e9sents pour r\u00e9pondre aux questions des apprenants, proposer des aides m\u00e9thodologiques, organiser des s\u00e9ances de soutien. Les AP de la CFPU assurent \u00e9galement la fonction de relais entre les \u00e9tudiants et les autorit\u00e9s facultaires. Leur mission est aussi d\u2019orienter les \u00e9tudiants lorsque cela est n\u00e9cessaire vers les services g\u00e9n\u00e9raux de l\u2019UMONS (SAOE, U-PSY, U-HELP). \u00c0 titre d\u2019exemple, un \u00e9tudiant ayant besoin de soutien psychologique sera guid\u00e9 vers la Cellule \u00ab U-Psy \u00bb de l\u2019UMONS alors que pour tout souci d\u2019ordre financier, il sera redirig\u00e9 vers U-HELP.<\/p>\n<p>Dans le cadre de l\u2019AA<i> Recherche documentaire, analyse d&rsquo;exp\u00e9riences professionnelles et communication scientifique en psychologie et \u00e9ducation <\/i>(Titulaire\u00a0: Prof. B. De Li\u00e8vre)<i>,<\/i> les AP de la CFPU d\u00e9veloppent et mettent en \u0153uvre des activit\u00e9s et des outils disciplinaires et m\u00e9thodologiques (ateliers pour la recherche documentaire, ateliers pour la communication orale, outils de r\u00e9colte de donn\u00e9es, etc.).<\/p>\n<p>\u00c0 la FPSE, des s\u00e9ances de questions\/r\u00e9ponses sont organis\u00e9es dans la majorit\u00e9 des cours propos\u00e9s dans le programme de la Facult\u00e9.<\/p>\n","protected":false},"excerpt":{"rendered":"<p>La FPSE a int\u00e9gr\u00e9 dans son programme de cours les AA Aide \u00e0 la r\u00e9ussite\u00a0: comp\u00e9tences et connaissances de base \u2013 Anglais\u00a0(Titulaire\u00a0: Mme A. Fontana); Aide \u00e0 la r\u00e9ussite : comp\u00e9tences et connaissances de base \u2013\u00a0 Fran\u00e7ais\u00a0(Titulaire\u00a0: Prof. M. Piccaluga) \u00a0\u00a0; \u00a0Aide \u00e0 la r\u00e9ussite\u00a0: comp\u00e9tences et connaissances de base \u2013\u00a0 Math\u00e9matiques (Titulaire\u00a0: Prof. M. [&hellip;]<\/p>\n","protected":false},"author":2,"featured_media":0,"parent":39,"menu_order":3,"comment_status":"closed","ping_status":"closed","template":"","meta":{"footnotes":""},"class_list":["post-52","page","type-page","status-publish","hentry"],"yoast_head":"<!-- This site is optimized with the Yoast SEO plugin v27.2 - https:\/\/yoast.com\/product\/yoast-seo-wordpress\/ -->\n<title>Identifier de mani\u00e8re pr\u00e9coce les \u00e9tudiants en difficult\u00e9 d\u2019apprentissage pour les guider vers des rem\u00e9diations et actions cibl\u00e9es - Facult\u00e9 \/ FPSE<\/title>\n<meta name=\"robots\" content=\"index, follow, max-snippet:-1, max-image-preview:large, max-video-preview:-1\" \/>\n<link rel=\"canonical\" href=\"https:\/\/web.umons.ac.be\/fpse\/fr\/a-propos-de-faculte\/cfpu\/identifier-de-maniere-precoce-les-etudiants-en-difficulte-apprentissage-pour-les-guider-vers-des-remediations-et-actions-ciblees\/\" \/>\n<meta property=\"og:locale\" content=\"fr_FR\" \/>\n<meta property=\"og:type\" content=\"article\" \/>\n<meta property=\"og:title\" content=\"Identifier de mani\u00e8re pr\u00e9coce les \u00e9tudiants en difficult\u00e9 d\u2019apprentissage pour les guider vers des rem\u00e9diations et actions cibl\u00e9es - Facult\u00e9 \/ FPSE\" \/>\n<meta property=\"og:description\" content=\"La FPSE a int\u00e9gr\u00e9 dans son programme de cours les AA Aide \u00e0 la r\u00e9ussite\u00a0: comp\u00e9tences et connaissances de base \u2013 Anglais\u00a0(Titulaire\u00a0: Mme A. Fontana); Aide \u00e0 la r\u00e9ussite : comp\u00e9tences et connaissances de base \u2013\u00a0 Fran\u00e7ais\u00a0(Titulaire\u00a0: Prof. M. Piccaluga) \u00a0\u00a0; \u00a0Aide \u00e0 la r\u00e9ussite\u00a0: comp\u00e9tences et connaissances de base \u2013\u00a0 Math\u00e9matiques (Titulaire\u00a0: Prof. M. [&hellip;]\" \/>\n<meta property=\"og:url\" content=\"https:\/\/web.umons.ac.be\/fpse\/fr\/a-propos-de-faculte\/cfpu\/identifier-de-maniere-precoce-les-etudiants-en-difficulte-apprentissage-pour-les-guider-vers-des-remediations-et-actions-ciblees\/\" \/>\n<meta property=\"og:site_name\" content=\"Facult\u00e9 \/ FPSE\" \/>\n<meta property=\"article:modified_time\" content=\"2024-06-28T08:57:15+00:00\" \/>\n<meta name=\"twitter:card\" content=\"summary_large_image\" \/>\n<meta name=\"twitter:label1\" content=\"Dur\u00e9e de lecture estim\u00e9e\" \/>\n\t<meta name=\"twitter:data1\" content=\"3 minutes\" \/>\n<script type=\"application\/ld+json\" class=\"yoast-schema-graph\">{\"@context\":\"https:\/\/schema.org\",\"@graph\":[{\"@type\":\"WebPage\",\"@id\":\"https:\/\/web.umons.ac.be\/fpse\/fr\/a-propos-de-faculte\/cfpu\/identifier-de-maniere-precoce-les-etudiants-en-difficulte-apprentissage-pour-les-guider-vers-des-remediations-et-actions-ciblees\/\",\"url\":\"https:\/\/web.umons.ac.be\/fpse\/fr\/a-propos-de-faculte\/cfpu\/identifier-de-maniere-precoce-les-etudiants-en-difficulte-apprentissage-pour-les-guider-vers-des-remediations-et-actions-ciblees\/\",\"name\":\"Identifier de mani\u00e8re pr\u00e9coce les \u00e9tudiants en difficult\u00e9 d\u2019apprentissage pour les guider vers des rem\u00e9diations et actions cibl\u00e9es - Facult\u00e9 \/ FPSE\",\"isPartOf\":{\"@id\":\"https:\/\/web.umons.ac.be\/fpse\/#website\"},\"datePublished\":\"2017-04-27T14:08:28+00:00\",\"dateModified\":\"2024-06-28T08:57:15+00:00\",\"breadcrumb\":{\"@id\":\"https:\/\/web.umons.ac.be\/fpse\/fr\/a-propos-de-faculte\/cfpu\/identifier-de-maniere-precoce-les-etudiants-en-difficulte-apprentissage-pour-les-guider-vers-des-remediations-et-actions-ciblees\/#breadcrumb\"},\"inLanguage\":\"fr-FR\",\"potentialAction\":[{\"@type\":\"ReadAction\",\"target\":[\"https:\/\/web.umons.ac.be\/fpse\/fr\/a-propos-de-faculte\/cfpu\/identifier-de-maniere-precoce-les-etudiants-en-difficulte-apprentissage-pour-les-guider-vers-des-remediations-et-actions-ciblees\/\"]}]},{\"@type\":\"BreadcrumbList\",\"@id\":\"https:\/\/web.umons.ac.be\/fpse\/fr\/a-propos-de-faculte\/cfpu\/identifier-de-maniere-precoce-les-etudiants-en-difficulte-apprentissage-pour-les-guider-vers-des-remediations-et-actions-ciblees\/#breadcrumb\",\"itemListElement\":[{\"@type\":\"ListItem\",\"position\":1,\"name\":\"Accueil\",\"item\":\"https:\/\/web.umons.ac.be\/fpse\/fr\/\"},{\"@type\":\"ListItem\",\"position\":2,\"name\":\"A propos de la facult\u00e9\",\"item\":\"https:\/\/web.umons.ac.be\/fpse\/fr\/a-propos-de-faculte\/\"},{\"@type\":\"ListItem\",\"position\":3,\"name\":\"Cellule Facultaire de P\u00e9dagogie Universitaire\",\"item\":\"https:\/\/web.umons.ac.be\/fpse\/fr\/a-propos-de-faculte\/cfpu\/\"},{\"@type\":\"ListItem\",\"position\":4,\"name\":\"Identifier de mani\u00e8re pr\u00e9coce les \u00e9tudiants en difficult\u00e9 d\u2019apprentissage pour les guider vers des rem\u00e9diations et actions cibl\u00e9es\"}]},{\"@type\":\"WebSite\",\"@id\":\"https:\/\/web.umons.ac.be\/fpse\/#website\",\"url\":\"https:\/\/web.umons.ac.be\/fpse\/\",\"name\":\"Facult\u00e9 \/ FPSE\",\"description\":\"\",\"potentialAction\":[{\"@type\":\"SearchAction\",\"target\":{\"@type\":\"EntryPoint\",\"urlTemplate\":\"https:\/\/web.umons.ac.be\/fpse\/?s={search_term_string}\"},\"query-input\":{\"@type\":\"PropertyValueSpecification\",\"valueRequired\":true,\"valueName\":\"search_term_string\"}}],\"inLanguage\":\"fr-FR\"}]}<\/script>\n<!-- \/ Yoast SEO plugin. -->","yoast_head_json":{"title":"Identifier de mani\u00e8re pr\u00e9coce les \u00e9tudiants en difficult\u00e9 d\u2019apprentissage pour les guider vers des rem\u00e9diations et actions cibl\u00e9es - Facult\u00e9 \/ FPSE","robots":{"index":"index","follow":"follow","max-snippet":"max-snippet:-1","max-image-preview":"max-image-preview:large","max-video-preview":"max-video-preview:-1"},"canonical":"https:\/\/web.umons.ac.be\/fpse\/fr\/a-propos-de-faculte\/cfpu\/identifier-de-maniere-precoce-les-etudiants-en-difficulte-apprentissage-pour-les-guider-vers-des-remediations-et-actions-ciblees\/","og_locale":"fr_FR","og_type":"article","og_title":"Identifier de mani\u00e8re pr\u00e9coce les \u00e9tudiants en difficult\u00e9 d\u2019apprentissage pour les guider vers des rem\u00e9diations et actions cibl\u00e9es - Facult\u00e9 \/ FPSE","og_description":"La FPSE a int\u00e9gr\u00e9 dans son programme de cours les AA Aide \u00e0 la r\u00e9ussite\u00a0: comp\u00e9tences et connaissances de base \u2013 Anglais\u00a0(Titulaire\u00a0: Mme A. Fontana); Aide \u00e0 la r\u00e9ussite : comp\u00e9tences et connaissances de base \u2013\u00a0 Fran\u00e7ais\u00a0(Titulaire\u00a0: Prof. M. Piccaluga) \u00a0\u00a0; \u00a0Aide \u00e0 la r\u00e9ussite\u00a0: comp\u00e9tences et connaissances de base \u2013\u00a0 Math\u00e9matiques (Titulaire\u00a0: Prof. M. [&hellip;]","og_url":"https:\/\/web.umons.ac.be\/fpse\/fr\/a-propos-de-faculte\/cfpu\/identifier-de-maniere-precoce-les-etudiants-en-difficulte-apprentissage-pour-les-guider-vers-des-remediations-et-actions-ciblees\/","og_site_name":"Facult\u00e9 \/ FPSE","article_modified_time":"2024-06-28T08:57:15+00:00","twitter_card":"summary_large_image","twitter_misc":{"Dur\u00e9e de lecture estim\u00e9e":"3 minutes"},"schema":{"@context":"https:\/\/schema.org","@graph":[{"@type":"WebPage","@id":"https:\/\/web.umons.ac.be\/fpse\/fr\/a-propos-de-faculte\/cfpu\/identifier-de-maniere-precoce-les-etudiants-en-difficulte-apprentissage-pour-les-guider-vers-des-remediations-et-actions-ciblees\/","url":"https:\/\/web.umons.ac.be\/fpse\/fr\/a-propos-de-faculte\/cfpu\/identifier-de-maniere-precoce-les-etudiants-en-difficulte-apprentissage-pour-les-guider-vers-des-remediations-et-actions-ciblees\/","name":"Identifier de mani\u00e8re pr\u00e9coce les \u00e9tudiants en difficult\u00e9 d\u2019apprentissage pour les guider vers des rem\u00e9diations et actions cibl\u00e9es - Facult\u00e9 \/ FPSE","isPartOf":{"@id":"https:\/\/web.umons.ac.be\/fpse\/#website"},"datePublished":"2017-04-27T14:08:28+00:00","dateModified":"2024-06-28T08:57:15+00:00","breadcrumb":{"@id":"https:\/\/web.umons.ac.be\/fpse\/fr\/a-propos-de-faculte\/cfpu\/identifier-de-maniere-precoce-les-etudiants-en-difficulte-apprentissage-pour-les-guider-vers-des-remediations-et-actions-ciblees\/#breadcrumb"},"inLanguage":"fr-FR","potentialAction":[{"@type":"ReadAction","target":["https:\/\/web.umons.ac.be\/fpse\/fr\/a-propos-de-faculte\/cfpu\/identifier-de-maniere-precoce-les-etudiants-en-difficulte-apprentissage-pour-les-guider-vers-des-remediations-et-actions-ciblees\/"]}]},{"@type":"BreadcrumbList","@id":"https:\/\/web.umons.ac.be\/fpse\/fr\/a-propos-de-faculte\/cfpu\/identifier-de-maniere-precoce-les-etudiants-en-difficulte-apprentissage-pour-les-guider-vers-des-remediations-et-actions-ciblees\/#breadcrumb","itemListElement":[{"@type":"ListItem","position":1,"name":"Accueil","item":"https:\/\/web.umons.ac.be\/fpse\/fr\/"},{"@type":"ListItem","position":2,"name":"A propos de la facult\u00e9","item":"https:\/\/web.umons.ac.be\/fpse\/fr\/a-propos-de-faculte\/"},{"@type":"ListItem","position":3,"name":"Cellule Facultaire de P\u00e9dagogie Universitaire","item":"https:\/\/web.umons.ac.be\/fpse\/fr\/a-propos-de-faculte\/cfpu\/"},{"@type":"ListItem","position":4,"name":"Identifier de mani\u00e8re pr\u00e9coce les \u00e9tudiants en difficult\u00e9 d\u2019apprentissage pour les guider vers des rem\u00e9diations et actions cibl\u00e9es"}]},{"@type":"WebSite","@id":"https:\/\/web.umons.ac.be\/fpse\/#website","url":"https:\/\/web.umons.ac.be\/fpse\/","name":"Facult\u00e9 \/ FPSE","description":"","potentialAction":[{"@type":"SearchAction","target":{"@type":"EntryPoint","urlTemplate":"https:\/\/web.umons.ac.be\/fpse\/?s={search_term_string}"},"query-input":{"@type":"PropertyValueSpecification","valueRequired":true,"valueName":"search_term_string"}}],"inLanguage":"fr-FR"}]}},"lang":"fr","translations":{"fr":52},"pll_sync_post":[],"_links":{"self":[{"href":"https:\/\/web.umons.ac.be\/fpse\/wp-json\/wp\/v2\/pages\/52","targetHints":{"allow":["GET"]}}],"collection":[{"href":"https:\/\/web.umons.ac.be\/fpse\/wp-json\/wp\/v2\/pages"}],"about":[{"href":"https:\/\/web.umons.ac.be\/fpse\/wp-json\/wp\/v2\/types\/page"}],"author":[{"embeddable":true,"href":"https:\/\/web.umons.ac.be\/fpse\/wp-json\/wp\/v2\/users\/2"}],"replies":[{"embeddable":true,"href":"https:\/\/web.umons.ac.be\/fpse\/wp-json\/wp\/v2\/comments?post=52"}],"version-history":[{"count":5,"href":"https:\/\/web.umons.ac.be\/fpse\/wp-json\/wp\/v2\/pages\/52\/revisions"}],"predecessor-version":[{"id":2389,"href":"https:\/\/web.umons.ac.be\/fpse\/wp-json\/wp\/v2\/pages\/52\/revisions\/2389"}],"up":[{"embeddable":true,"href":"https:\/\/web.umons.ac.be\/fpse\/wp-json\/wp\/v2\/pages\/39"}],"wp:attachment":[{"href":"https:\/\/web.umons.ac.be\/fpse\/wp-json\/wp\/v2\/media?parent=52"}],"curies":[{"name":"wp","href":"https:\/\/api.w.org\/{rel}","templated":true}]}}