{"id":55,"date":"2017-04-27T16:14:08","date_gmt":"2017-04-27T14:14:08","guid":{"rendered":"https:\/\/web.umons.ac.be\/faculte\/fpse\/?page_id=55"},"modified":"2024-06-28T11:02:37","modified_gmt":"2024-06-28T09:02:37","slug":"soutien-technique-methodologique","status":"publish","type":"page","link":"https:\/\/web.umons.ac.be\/fpse\/fr\/a-propos-de-faculte\/cfpu\/soutien-technique-methodologique\/","title":{"rendered":"Accueillir les \u00e9tudiants et faciliter leur transition"},"content":{"rendered":"<p>\u00c0 la FPSE, un accueil facultaire destin\u00e9 aux nouveaux \u00e9tudiants est organis\u00e9 chaque ann\u00e9e acad\u00e9mique avant le d\u00e9but des cours. Cet \u00e9v\u00e9nement offre aux futurs \u00e9tudiants l&rsquo;opportunit\u00e9 de rencontrer les autorit\u00e9s facultaires, les adjoints p\u00e9dagogiques (AP), la responsable du secr\u00e9tariat des \u00e9tudes, les repr\u00e9sentants des \u00e9tudiants, les membres de l&rsquo;AGE FPSE, ainsi que le responsable de la plateforme Moodle de l&rsquo;UMONS. Ces divers intervenants assurent une communication adapt\u00e9e aux \u00e9tudiants primo-inscrits, visant \u00e0 les aider \u00e0 entamer sereinement leurs \u00e9tudes. Les \u00e9tudiants ont ainsi acc\u00e8s \u00e0 une information concise et de qualit\u00e9, tout en ayant l&rsquo;occasion de poser leurs questions et de faire connaissance entre eux. L&rsquo;objectif de cet \u00e9v\u00e9nement facultaire est de favoriser la construction de l&rsquo;\u00a0\u00ab\u00a0identit\u00e9 \u00e9tudiante\u00a0\u00bb des primo-inscrits et de fournir aux \u00e9tudiants des informations que la Facult\u00e9 juge essentielles pour leur formation et leur r\u00e9ussite (par exemple, le fonctionnement des AA, la constitution des PAE, l&rsquo;offre d&rsquo;aides \u00e0 la r\u00e9ussite, etc.). Depuis 2023, la FPSE a \u00e9labor\u00e9 un ab\u00e9c\u00e9daire sp\u00e9cialement con\u00e7u pour les \u00e9tudiants primo-inscrits. Pr\u00e9sent\u00e9 lors de l&rsquo;accueil facultaire, cet ab\u00e9c\u00e9daire vise \u00e0 r\u00e9pondre \u00e0 de nombreuses questions que pourraient se poser les nouveaux \u00e9tudiants.<\/p>\n<p>De plus, dans le cadre des cours pr\u00e9paratoires instaur\u00e9s \u00e0 l&rsquo;Universit\u00e9 de Mons depuis 2023, les AP de la CFPU, en collaboration avec les enseignants des services de <i>D\u00e9veloppement humain et traitement des donn\u00e9es<\/i>, ainsi que de <i>Psychologie cognitive et Neuropsychologie<\/i> (respectivement, les Prof. M. Bruyninckx et A. Colomar), organisent des s\u00e9ances de r\u00e9vision des pr\u00e9requis sp\u00e9cifiques en math\u00e9matiques et en biologie pour les futurs \u00e9tudiants de la FPSE.<\/p>\n<p>Dans le cadre de l\u2019AA <i>Organisation et m\u00e9thodes de travail<\/i>, les AP accompagnent les \u00e9tudiants dans leur int\u00e9gration \u00e0 l\u2019environnement universitaire en leur proposant des activit\u00e9s visant le d\u00e9veloppement de comp\u00e9tences transversales (prise de notes, gestion du temps, r\u00e9alisation de r\u00e9sum\u00e9s, r\u00e9alisation de synth\u00e8ses, utilisation de <i>Microsoft<\/i> <i>Word<\/i>, gestion du stress, etc.).<\/p>\n<p>Le <i>Service de D\u00e9veloppement humain et traitement des donn\u00e9es <\/i>met \u00e0 la disposition des nouveaux inscrits des outils de remise \u00e0 niveau \u00a0&#8211; notions math\u00e9matiques de base \u2013 afin qu\u2019ils puissent v\u00e9rifier leur ma\u00eetrise de ces pr\u00e9requis (et qu\u2019ils les travaillent le cas \u00e9ch\u00e9ant). Chaque ann\u00e9e, durant les cours introductifs, le Service de D\u00e9veloppement humain et traitement des donn\u00e9es organise, par ailleurs, une activit\u00e9 p\u00e9dagogique et ludique (Wooclap) portant sur ces notions de base en math\u00e9matiques.<span class=\"Apple-converted-space\">\u00a0<\/span><\/p>\n","protected":false},"excerpt":{"rendered":"<p>\u00c0 la FPSE, un accueil facultaire destin\u00e9 aux nouveaux \u00e9tudiants est organis\u00e9 chaque ann\u00e9e acad\u00e9mique avant le d\u00e9but des cours. Cet \u00e9v\u00e9nement offre aux futurs \u00e9tudiants l&rsquo;opportunit\u00e9 de rencontrer les autorit\u00e9s facultaires, les adjoints p\u00e9dagogiques (AP), la responsable du secr\u00e9tariat des \u00e9tudes, les repr\u00e9sentants des \u00e9tudiants, les membres de l&rsquo;AGE FPSE, ainsi que le responsable [&hellip;]<\/p>\n","protected":false},"author":2,"featured_media":0,"parent":39,"menu_order":2,"comment_status":"closed","ping_status":"closed","template":"","meta":{"footnotes":""},"class_list":["post-55","page","type-page","status-publish","hentry"],"yoast_head":"<!-- This site is optimized with the Yoast SEO plugin v27.2 - https:\/\/yoast.com\/product\/yoast-seo-wordpress\/ -->\n<title>Accueillir les \u00e9tudiants et faciliter leur transition - Facult\u00e9 \/ FPSE<\/title>\n<meta name=\"robots\" content=\"index, follow, max-snippet:-1, max-image-preview:large, max-video-preview:-1\" \/>\n<link rel=\"canonical\" href=\"https:\/\/web.umons.ac.be\/fpse\/fr\/a-propos-de-faculte\/cfpu\/soutien-technique-methodologique\/\" \/>\n<meta property=\"og:locale\" content=\"fr_FR\" \/>\n<meta property=\"og:type\" content=\"article\" \/>\n<meta property=\"og:title\" content=\"Accueillir les \u00e9tudiants et faciliter leur transition - Facult\u00e9 \/ FPSE\" \/>\n<meta property=\"og:description\" content=\"\u00c0 la FPSE, un accueil facultaire destin\u00e9 aux nouveaux \u00e9tudiants est organis\u00e9 chaque ann\u00e9e acad\u00e9mique avant le d\u00e9but des cours. Cet \u00e9v\u00e9nement offre aux futurs \u00e9tudiants l&rsquo;opportunit\u00e9 de rencontrer les autorit\u00e9s facultaires, les adjoints p\u00e9dagogiques (AP), la responsable du secr\u00e9tariat des \u00e9tudes, les repr\u00e9sentants des \u00e9tudiants, les membres de l&rsquo;AGE FPSE, ainsi que le responsable [&hellip;]\" \/>\n<meta property=\"og:url\" content=\"https:\/\/web.umons.ac.be\/fpse\/fr\/a-propos-de-faculte\/cfpu\/soutien-technique-methodologique\/\" \/>\n<meta property=\"og:site_name\" content=\"Facult\u00e9 \/ FPSE\" \/>\n<meta property=\"article:modified_time\" content=\"2024-06-28T09:02:37+00:00\" \/>\n<meta name=\"twitter:card\" content=\"summary_large_image\" \/>\n<meta name=\"twitter:label1\" content=\"Dur\u00e9e de lecture estim\u00e9e\" \/>\n\t<meta name=\"twitter:data1\" content=\"2 minutes\" \/>\n<script type=\"application\/ld+json\" class=\"yoast-schema-graph\">{\"@context\":\"https:\/\/schema.org\",\"@graph\":[{\"@type\":\"WebPage\",\"@id\":\"https:\/\/web.umons.ac.be\/fpse\/fr\/a-propos-de-faculte\/cfpu\/soutien-technique-methodologique\/\",\"url\":\"https:\/\/web.umons.ac.be\/fpse\/fr\/a-propos-de-faculte\/cfpu\/soutien-technique-methodologique\/\",\"name\":\"Accueillir les \u00e9tudiants et faciliter leur transition - Facult\u00e9 \/ FPSE\",\"isPartOf\":{\"@id\":\"https:\/\/web.umons.ac.be\/fpse\/#website\"},\"datePublished\":\"2017-04-27T14:14:08+00:00\",\"dateModified\":\"2024-06-28T09:02:37+00:00\",\"breadcrumb\":{\"@id\":\"https:\/\/web.umons.ac.be\/fpse\/fr\/a-propos-de-faculte\/cfpu\/soutien-technique-methodologique\/#breadcrumb\"},\"inLanguage\":\"fr-FR\",\"potentialAction\":[{\"@type\":\"ReadAction\",\"target\":[\"https:\/\/web.umons.ac.be\/fpse\/fr\/a-propos-de-faculte\/cfpu\/soutien-technique-methodologique\/\"]}]},{\"@type\":\"BreadcrumbList\",\"@id\":\"https:\/\/web.umons.ac.be\/fpse\/fr\/a-propos-de-faculte\/cfpu\/soutien-technique-methodologique\/#breadcrumb\",\"itemListElement\":[{\"@type\":\"ListItem\",\"position\":1,\"name\":\"Accueil\",\"item\":\"https:\/\/web.umons.ac.be\/fpse\/fr\/\"},{\"@type\":\"ListItem\",\"position\":2,\"name\":\"A propos de la facult\u00e9\",\"item\":\"https:\/\/web.umons.ac.be\/fpse\/fr\/a-propos-de-faculte\/\"},{\"@type\":\"ListItem\",\"position\":3,\"name\":\"Cellule Facultaire de P\u00e9dagogie Universitaire\",\"item\":\"https:\/\/web.umons.ac.be\/fpse\/fr\/a-propos-de-faculte\/cfpu\/\"},{\"@type\":\"ListItem\",\"position\":4,\"name\":\"Accueillir les \u00e9tudiants et faciliter leur transition\"}]},{\"@type\":\"WebSite\",\"@id\":\"https:\/\/web.umons.ac.be\/fpse\/#website\",\"url\":\"https:\/\/web.umons.ac.be\/fpse\/\",\"name\":\"Facult\u00e9 \/ FPSE\",\"description\":\"\",\"potentialAction\":[{\"@type\":\"SearchAction\",\"target\":{\"@type\":\"EntryPoint\",\"urlTemplate\":\"https:\/\/web.umons.ac.be\/fpse\/?s={search_term_string}\"},\"query-input\":{\"@type\":\"PropertyValueSpecification\",\"valueRequired\":true,\"valueName\":\"search_term_string\"}}],\"inLanguage\":\"fr-FR\"}]}<\/script>\n<!-- \/ Yoast SEO plugin. -->","yoast_head_json":{"title":"Accueillir les \u00e9tudiants et faciliter leur transition - Facult\u00e9 \/ FPSE","robots":{"index":"index","follow":"follow","max-snippet":"max-snippet:-1","max-image-preview":"max-image-preview:large","max-video-preview":"max-video-preview:-1"},"canonical":"https:\/\/web.umons.ac.be\/fpse\/fr\/a-propos-de-faculte\/cfpu\/soutien-technique-methodologique\/","og_locale":"fr_FR","og_type":"article","og_title":"Accueillir les \u00e9tudiants et faciliter leur transition - Facult\u00e9 \/ FPSE","og_description":"\u00c0 la FPSE, un accueil facultaire destin\u00e9 aux nouveaux \u00e9tudiants est organis\u00e9 chaque ann\u00e9e acad\u00e9mique avant le d\u00e9but des cours. Cet \u00e9v\u00e9nement offre aux futurs \u00e9tudiants l&rsquo;opportunit\u00e9 de rencontrer les autorit\u00e9s facultaires, les adjoints p\u00e9dagogiques (AP), la responsable du secr\u00e9tariat des \u00e9tudes, les repr\u00e9sentants des \u00e9tudiants, les membres de l&rsquo;AGE FPSE, ainsi que le responsable [&hellip;]","og_url":"https:\/\/web.umons.ac.be\/fpse\/fr\/a-propos-de-faculte\/cfpu\/soutien-technique-methodologique\/","og_site_name":"Facult\u00e9 \/ FPSE","article_modified_time":"2024-06-28T09:02:37+00:00","twitter_card":"summary_large_image","twitter_misc":{"Dur\u00e9e de lecture estim\u00e9e":"2 minutes"},"schema":{"@context":"https:\/\/schema.org","@graph":[{"@type":"WebPage","@id":"https:\/\/web.umons.ac.be\/fpse\/fr\/a-propos-de-faculte\/cfpu\/soutien-technique-methodologique\/","url":"https:\/\/web.umons.ac.be\/fpse\/fr\/a-propos-de-faculte\/cfpu\/soutien-technique-methodologique\/","name":"Accueillir les \u00e9tudiants et faciliter leur transition - Facult\u00e9 \/ FPSE","isPartOf":{"@id":"https:\/\/web.umons.ac.be\/fpse\/#website"},"datePublished":"2017-04-27T14:14:08+00:00","dateModified":"2024-06-28T09:02:37+00:00","breadcrumb":{"@id":"https:\/\/web.umons.ac.be\/fpse\/fr\/a-propos-de-faculte\/cfpu\/soutien-technique-methodologique\/#breadcrumb"},"inLanguage":"fr-FR","potentialAction":[{"@type":"ReadAction","target":["https:\/\/web.umons.ac.be\/fpse\/fr\/a-propos-de-faculte\/cfpu\/soutien-technique-methodologique\/"]}]},{"@type":"BreadcrumbList","@id":"https:\/\/web.umons.ac.be\/fpse\/fr\/a-propos-de-faculte\/cfpu\/soutien-technique-methodologique\/#breadcrumb","itemListElement":[{"@type":"ListItem","position":1,"name":"Accueil","item":"https:\/\/web.umons.ac.be\/fpse\/fr\/"},{"@type":"ListItem","position":2,"name":"A propos de la facult\u00e9","item":"https:\/\/web.umons.ac.be\/fpse\/fr\/a-propos-de-faculte\/"},{"@type":"ListItem","position":3,"name":"Cellule Facultaire de P\u00e9dagogie Universitaire","item":"https:\/\/web.umons.ac.be\/fpse\/fr\/a-propos-de-faculte\/cfpu\/"},{"@type":"ListItem","position":4,"name":"Accueillir les \u00e9tudiants et faciliter leur transition"}]},{"@type":"WebSite","@id":"https:\/\/web.umons.ac.be\/fpse\/#website","url":"https:\/\/web.umons.ac.be\/fpse\/","name":"Facult\u00e9 \/ FPSE","description":"","potentialAction":[{"@type":"SearchAction","target":{"@type":"EntryPoint","urlTemplate":"https:\/\/web.umons.ac.be\/fpse\/?s={search_term_string}"},"query-input":{"@type":"PropertyValueSpecification","valueRequired":true,"valueName":"search_term_string"}}],"inLanguage":"fr-FR"}]}},"lang":"fr","translations":{"fr":55},"pll_sync_post":[],"_links":{"self":[{"href":"https:\/\/web.umons.ac.be\/fpse\/wp-json\/wp\/v2\/pages\/55","targetHints":{"allow":["GET"]}}],"collection":[{"href":"https:\/\/web.umons.ac.be\/fpse\/wp-json\/wp\/v2\/pages"}],"about":[{"href":"https:\/\/web.umons.ac.be\/fpse\/wp-json\/wp\/v2\/types\/page"}],"author":[{"embeddable":true,"href":"https:\/\/web.umons.ac.be\/fpse\/wp-json\/wp\/v2\/users\/2"}],"replies":[{"embeddable":true,"href":"https:\/\/web.umons.ac.be\/fpse\/wp-json\/wp\/v2\/comments?post=55"}],"version-history":[{"count":3,"href":"https:\/\/web.umons.ac.be\/fpse\/wp-json\/wp\/v2\/pages\/55\/revisions"}],"predecessor-version":[{"id":2388,"href":"https:\/\/web.umons.ac.be\/fpse\/wp-json\/wp\/v2\/pages\/55\/revisions\/2388"}],"up":[{"embeddable":true,"href":"https:\/\/web.umons.ac.be\/fpse\/wp-json\/wp\/v2\/pages\/39"}],"wp:attachment":[{"href":"https:\/\/web.umons.ac.be\/fpse\/wp-json\/wp\/v2\/media?parent=55"}],"curies":[{"name":"wp","href":"https:\/\/api.w.org\/{rel}","templated":true}]}}