{"id":70,"date":"2017-04-27T16:35:17","date_gmt":"2017-04-27T14:35:17","guid":{"rendered":"https:\/\/web.umons.ac.be\/faculte\/fpse\/?page_id=70"},"modified":"2024-04-17T16:07:43","modified_gmt":"2024-04-17T14:07:43","slug":"offre-de-formation","status":"publish","type":"page","link":"https:\/\/web.umons.ac.be\/fpse\/fr\/offre-de-formation\/","title":{"rendered":"L&rsquo;offre de formation"},"content":{"rendered":"<h2><span class=\"ms-rteCustom-SmallCaps\"><span class=\"ms-rteCustom-TexteBleu\">Etudier \u00e0 la Facult\u00e9 de\u00a0Psychologie et des Sciences de l\u2019Education<\/span><\/span><\/h2>\n<p>Tous les programmes propos\u00e9s par la Facult\u00e9 sont organis\u00e9s en horaire de jour sur le site de Mons et une partie de ceux-ci sont propos\u00e9s en horaire d\u00e9cal\u00e9 (en soir\u00e9e et le samedi) sur le site de Charleroi. Ces derniers s\u2019adressent plus particuli\u00e8rement (mais pas exclusivement) aux adultes en reprise d\u2019\u00e9tudes, d\u00e9j\u00e0 ins\u00e9r\u00e9s dans le monde du travail et\/ou souhaitant se r\u00e9orienter sur le plan professionnel. En plus de l\u2019horaire d\u00e9cal\u00e9, d\u2019autres dispositifs sont mis en place pour faciliter la reprise d\u2019\u00e9tudes \u00e0 la FPSE : accueil et information par un service de coordination local, possibilit\u00e9 de b\u00e9n\u00e9ficier d\u2019un programme personnalis\u00e9, modalit\u00e9s de formation con\u00e7ues dans une perspective de l\u2019\u00e9tudiant acteur de sa formation, plusieurs cours \u00e0 distance via Internet\u2026<\/p>\n<h3><span class=\"ms-rteCustom-TexteRouge\">Les \u00e9tudes organis\u00e9es \u00e0 la FPSE<\/span><\/h3>\n<p><span class=\"ms-rteCustom-Gras\">Sur le site de Mons (cours du jour) :<\/span><\/p>\n<ul>\n<li>Bachelier en sciences psychologiques et de l\u2019\u00e9ducation, orientation g\u00e9n\u00e9rale<\/li>\n<li>Bachelier en sciences psychologiques et de l\u2019\u00e9ducation, orientation logop\u00e9die<\/li>\n<li>Master en sciences psychologiques, finalit\u00e9 sp\u00e9cialis\u00e9e<\/li>\n<li>Master en sciences\u00a0psychologiques,\u00a0finalit\u00e9 approfondie<\/li>\n<li>Master Interuniversitaire en orthop\u00e9dagogie clinique<\/li>\n<li>Master en sciences de l\u2019\u00e9ducation, finalit\u00e9 sp\u00e9cialis\u00e9e en action sociale<\/li>\n<li>Master en sciences de l\u2019\u00e9ducation, finalit\u00e9 sp\u00e9cialis\u00e9e en enseignement et apprentissages scolaires<\/li>\n<li>Master en sciences de l&rsquo;\u00e9ducation, finalit\u00e9 sp\u00e9cialis\u00e9e en technologie de l&rsquo;\u00e9ducation<\/li>\n<li>Master en sciences de l&rsquo;\u00e9ducation, finalit\u00e9 approfondie<\/li>\n<li>Agr\u00e9gation de l\u2019enseignement secondaire sup\u00e9rieur (AESS)<\/li>\n<li>Certificat d&rsquo;aptitude p\u00e9dagogique appropri\u00e9 \u00e0 l&rsquo;enseignement sup\u00e9rieur (CAPAES)<\/li>\n<li>Formation doctorale et Doctorat en sciences psychologiques et de l&rsquo;\u00e9ducation<\/li>\n<\/ul>\n<p>&nbsp;<\/p>\n<p><span class=\"ms-rteCustom-Gras\">Sur le site de Charleroi\u00a0(horaire d\u00e9cal\u00e9) :<\/span><\/p>\n<ul>\n<li>Bachelier en sciences psychologiques et de l\u2019\u00e9ducation, orientation g\u00e9n\u00e9rale<\/li>\n<li>Master en sciences de l&rsquo;\u00e9ducation, finalit\u00e9 sp\u00e9cialis\u00e9e en action sociale<\/li>\n<li>Master en sciences de l\u2019\u00e9ducation, finalit\u00e9 sp\u00e9cialis\u00e9e en enseignement et apprentissages scolaires<\/li>\n<li>Master en sciences de l&rsquo;\u00e9ducation, finalit\u00e9 sp\u00e9cialis\u00e9e en technologie de l&rsquo;\u00e9ducation<\/li>\n<\/ul>\n<p>&nbsp;<\/p>\n<p>Au terme du Master, l&rsquo;<a title=\"\" href=\"https:\/\/web.umons.ac.be\/fpse\/fr\/offre-de-formation\/reprise-detudes\/formations-pedagogiques\/\">Agr\u00e9gation de l&rsquo;enseignement secondaire sup\u00e9rieur<\/a> (AESS)\u00a0donne la\u00a0possibilit\u00e9 de se former \u00e0 la pratique de l&rsquo;enseignement.<\/p>\n<p>A la fin de ses \u00e9tudes de Master, l&rsquo;\u00e9tudiant peut \u00e9galement acc\u00e9der \u00e0 divers\u00a0masters de sp\u00e9cialisations\u00a0ou autres <a title=\"\" href=\"https:\/\/web.umons.ac.be\/fpse\/fr\/offre-de-formation\/reprise-detudes\/\">formations continues<\/a>.<\/p>\n<p>Pour ceux qui s&rsquo;int\u00e9ressent \u00e0\u00a0la recherche, le <a title=\"\" href=\"https:\/\/web.umons.ac.be\/fpse\/fr\/offre-de-formation\/3eme-cycle-doctorat\/\">troisi\u00e8me cycle<\/a> offre enfin de nombreuses occasions de formation scientifique, notamment par le biais des \u00e9coles doctorales, d\u00e9bouchant sur le Certificat de formation \u00e0 la recherche et, in fine, sur l&rsquo;obtention du grade de Docteur en sciences psychologiques et de l&rsquo;\u00e9ducation.<\/p>\n<h3><\/h3>\n","protected":false},"excerpt":{"rendered":"<p>Etudier \u00e0 la Facult\u00e9 de\u00a0Psychologie et des Sciences de l\u2019Education Tous les programmes propos\u00e9s par la Facult\u00e9 sont organis\u00e9s en horaire de jour sur le site de Mons et une partie de ceux-ci sont propos\u00e9s en horaire d\u00e9cal\u00e9 (en soir\u00e9e et le samedi) sur le site de Charleroi. Ces derniers s\u2019adressent plus particuli\u00e8rement (mais pas [&hellip;]<\/p>\n","protected":false},"author":2,"featured_media":0,"parent":0,"menu_order":2,"comment_status":"closed","ping_status":"closed","template":"","meta":{"footnotes":""},"class_list":["post-70","page","type-page","status-publish","hentry"],"yoast_head":"<!-- This site is optimized with the Yoast SEO plugin v27.2 - https:\/\/yoast.com\/product\/yoast-seo-wordpress\/ -->\n<title>L\\&#039;offre de formation - Facult\u00e9 \/ FPSE<\/title>\n<meta name=\"robots\" content=\"index, follow, max-snippet:-1, max-image-preview:large, max-video-preview:-1\" \/>\n<link rel=\"canonical\" href=\"https:\/\/web.umons.ac.be\/fpse\/fr\/offre-de-formation\/\" \/>\n<meta property=\"og:locale\" content=\"fr_FR\" \/>\n<meta property=\"og:type\" content=\"article\" \/>\n<meta property=\"og:title\" content=\"L\\&#039;offre de formation - Facult\u00e9 \/ FPSE\" \/>\n<meta property=\"og:description\" content=\"Etudier \u00e0 la Facult\u00e9 de\u00a0Psychologie et des Sciences de l\u2019Education Tous les programmes propos\u00e9s par la Facult\u00e9 sont organis\u00e9s en horaire de jour sur le site de Mons et une partie de ceux-ci sont propos\u00e9s en horaire d\u00e9cal\u00e9 (en soir\u00e9e et le samedi) sur le site de Charleroi. Ces derniers s\u2019adressent plus particuli\u00e8rement (mais pas [&hellip;]\" \/>\n<meta property=\"og:url\" content=\"https:\/\/web.umons.ac.be\/fpse\/fr\/offre-de-formation\/\" \/>\n<meta property=\"og:site_name\" content=\"Facult\u00e9 \/ FPSE\" \/>\n<meta property=\"article:modified_time\" content=\"2024-04-17T14:07:43+00:00\" \/>\n<meta name=\"twitter:card\" content=\"summary_large_image\" \/>\n<meta name=\"twitter:label1\" content=\"Dur\u00e9e de lecture estim\u00e9e\" \/>\n\t<meta name=\"twitter:data1\" content=\"2 minutes\" \/>\n<script type=\"application\/ld+json\" class=\"yoast-schema-graph\">{\"@context\":\"https:\/\/schema.org\",\"@graph\":[{\"@type\":\"WebPage\",\"@id\":\"https:\/\/web.umons.ac.be\/fpse\/fr\/offre-de-formation\/\",\"url\":\"https:\/\/web.umons.ac.be\/fpse\/fr\/offre-de-formation\/\",\"name\":\"L\\\\'offre de formation - Facult\u00e9 \/ FPSE\",\"isPartOf\":{\"@id\":\"https:\/\/web.umons.ac.be\/fpse\/#website\"},\"datePublished\":\"2017-04-27T14:35:17+00:00\",\"dateModified\":\"2024-04-17T14:07:43+00:00\",\"breadcrumb\":{\"@id\":\"https:\/\/web.umons.ac.be\/fpse\/fr\/offre-de-formation\/#breadcrumb\"},\"inLanguage\":\"fr-FR\",\"potentialAction\":[{\"@type\":\"ReadAction\",\"target\":[\"https:\/\/web.umons.ac.be\/fpse\/fr\/offre-de-formation\/\"]}]},{\"@type\":\"BreadcrumbList\",\"@id\":\"https:\/\/web.umons.ac.be\/fpse\/fr\/offre-de-formation\/#breadcrumb\",\"itemListElement\":[{\"@type\":\"ListItem\",\"position\":1,\"name\":\"Accueil\",\"item\":\"https:\/\/web.umons.ac.be\/fpse\/fr\/\"},{\"@type\":\"ListItem\",\"position\":2,\"name\":\"L&rsquo;offre de formation\"}]},{\"@type\":\"WebSite\",\"@id\":\"https:\/\/web.umons.ac.be\/fpse\/#website\",\"url\":\"https:\/\/web.umons.ac.be\/fpse\/\",\"name\":\"Facult\u00e9 \/ FPSE\",\"description\":\"\",\"potentialAction\":[{\"@type\":\"SearchAction\",\"target\":{\"@type\":\"EntryPoint\",\"urlTemplate\":\"https:\/\/web.umons.ac.be\/fpse\/?s={search_term_string}\"},\"query-input\":{\"@type\":\"PropertyValueSpecification\",\"valueRequired\":true,\"valueName\":\"search_term_string\"}}],\"inLanguage\":\"fr-FR\"}]}<\/script>\n<!-- \/ Yoast SEO plugin. -->","yoast_head_json":{"title":"L\\'offre de formation - Facult\u00e9 \/ FPSE","robots":{"index":"index","follow":"follow","max-snippet":"max-snippet:-1","max-image-preview":"max-image-preview:large","max-video-preview":"max-video-preview:-1"},"canonical":"https:\/\/web.umons.ac.be\/fpse\/fr\/offre-de-formation\/","og_locale":"fr_FR","og_type":"article","og_title":"L\\'offre de formation - Facult\u00e9 \/ FPSE","og_description":"Etudier \u00e0 la Facult\u00e9 de\u00a0Psychologie et des Sciences de l\u2019Education Tous les programmes propos\u00e9s par la Facult\u00e9 sont organis\u00e9s en horaire de jour sur le site de Mons et une partie de ceux-ci sont propos\u00e9s en horaire d\u00e9cal\u00e9 (en soir\u00e9e et le samedi) sur le site de Charleroi. Ces derniers s\u2019adressent plus particuli\u00e8rement (mais pas [&hellip;]","og_url":"https:\/\/web.umons.ac.be\/fpse\/fr\/offre-de-formation\/","og_site_name":"Facult\u00e9 \/ FPSE","article_modified_time":"2024-04-17T14:07:43+00:00","twitter_card":"summary_large_image","twitter_misc":{"Dur\u00e9e de lecture estim\u00e9e":"2 minutes"},"schema":{"@context":"https:\/\/schema.org","@graph":[{"@type":"WebPage","@id":"https:\/\/web.umons.ac.be\/fpse\/fr\/offre-de-formation\/","url":"https:\/\/web.umons.ac.be\/fpse\/fr\/offre-de-formation\/","name":"L\\'offre de formation - Facult\u00e9 \/ FPSE","isPartOf":{"@id":"https:\/\/web.umons.ac.be\/fpse\/#website"},"datePublished":"2017-04-27T14:35:17+00:00","dateModified":"2024-04-17T14:07:43+00:00","breadcrumb":{"@id":"https:\/\/web.umons.ac.be\/fpse\/fr\/offre-de-formation\/#breadcrumb"},"inLanguage":"fr-FR","potentialAction":[{"@type":"ReadAction","target":["https:\/\/web.umons.ac.be\/fpse\/fr\/offre-de-formation\/"]}]},{"@type":"BreadcrumbList","@id":"https:\/\/web.umons.ac.be\/fpse\/fr\/offre-de-formation\/#breadcrumb","itemListElement":[{"@type":"ListItem","position":1,"name":"Accueil","item":"https:\/\/web.umons.ac.be\/fpse\/fr\/"},{"@type":"ListItem","position":2,"name":"L&rsquo;offre de formation"}]},{"@type":"WebSite","@id":"https:\/\/web.umons.ac.be\/fpse\/#website","url":"https:\/\/web.umons.ac.be\/fpse\/","name":"Facult\u00e9 \/ FPSE","description":"","potentialAction":[{"@type":"SearchAction","target":{"@type":"EntryPoint","urlTemplate":"https:\/\/web.umons.ac.be\/fpse\/?s={search_term_string}"},"query-input":{"@type":"PropertyValueSpecification","valueRequired":true,"valueName":"search_term_string"}}],"inLanguage":"fr-FR"}]}},"lang":"fr","translations":{"fr":70,"en":820},"pll_sync_post":[],"_links":{"self":[{"href":"https:\/\/web.umons.ac.be\/fpse\/wp-json\/wp\/v2\/pages\/70","targetHints":{"allow":["GET"]}}],"collection":[{"href":"https:\/\/web.umons.ac.be\/fpse\/wp-json\/wp\/v2\/pages"}],"about":[{"href":"https:\/\/web.umons.ac.be\/fpse\/wp-json\/wp\/v2\/types\/page"}],"author":[{"embeddable":true,"href":"https:\/\/web.umons.ac.be\/fpse\/wp-json\/wp\/v2\/users\/2"}],"replies":[{"embeddable":true,"href":"https:\/\/web.umons.ac.be\/fpse\/wp-json\/wp\/v2\/comments?post=70"}],"version-history":[{"count":3,"href":"https:\/\/web.umons.ac.be\/fpse\/wp-json\/wp\/v2\/pages\/70\/revisions"}],"predecessor-version":[{"id":2347,"href":"https:\/\/web.umons.ac.be\/fpse\/wp-json\/wp\/v2\/pages\/70\/revisions\/2347"}],"wp:attachment":[{"href":"https:\/\/web.umons.ac.be\/fpse\/wp-json\/wp\/v2\/media?parent=70"}],"curies":[{"name":"wp","href":"https:\/\/api.w.org\/{rel}","templated":true}]}}