{"id":82,"date":"2017-04-27T16:41:26","date_gmt":"2017-04-27T14:41:26","guid":{"rendered":"https:\/\/web.umons.ac.be\/faculte\/fpse\/?page_id=82"},"modified":"2026-03-31T15:02:46","modified_gmt":"2026-03-31T13:02:46","slug":"passerelles-vers-luniversite","status":"publish","type":"page","link":"https:\/\/web.umons.ac.be\/fpse\/fr\/admission-inscription\/passerelles-vers-luniversite\/","title":{"rendered":"Passerelles vers l&rsquo;Universit\u00e9"},"content":{"rendered":"<h2>Vous \u00eates (futur) dipl\u00f4m\u00e9(e) d&rsquo;une Haute \u00c9cole et envisagez de suivre un Master ?<\/h2>\n<p>&nbsp;<\/p>\n<h3><span class=\"ms-rteCustom-TexteBleu\">Conditions d&rsquo;acc\u00e8s<\/span><\/h3>\n<p>L\u2019Arr\u00eat\u00e9 du Gouvernement de la Communaut\u00e9 fran\u00e7aise du 30 ao\u00fbt 2017 fixe les conditions d\u2019acc\u00e8s aux \u00e9tudes \u00e0 l\u2019universit\u00e9 pour les porteurs de grades acad\u00e9miques d\u00e9livr\u00e9s hors universit\u00e9.<\/p>\n<p>Les titulaires d\u2019un grade acad\u00e9mique dont l\u2019intitul\u00e9 est repris ci-dessous ont acc\u00e8s aux \u00e9tudes de master \u00e0 l\u2019universit\u00e9 moyennant l\u2019ajout de cr\u00e9dits compl\u00e9mentaires (de maximum 60 cr\u00e9dits) \u00e0 leur programme de deuxi\u00e8me cycle.<\/p>\n<ul>\n<li><span class=\"ms-rteCustom-Gras\">Ont acc\u00e8s\u00a0aux \u00e9tudes de\u00a0Master en sciences de l\u2019\u00e9ducation, <\/span>moyennant l&rsquo;ajout de cr\u00e9dits compl\u00e9mentaires,\u00a0les porteurs d\u2019un grade acad\u00e9mique de type court d\u00e9livr\u00e9 hors universit\u00e9 dont l\u2019intitul\u00e9 figure ci-apr\u00e8s :\n<ul>\n<li>Bachelier Assistant(e) en psychologie ;<\/li>\n<li>Bachelier Assistant(e) social(e) ;<\/li>\n<li>Bachelier Educateur(trice) sp\u00e9cialis\u00e9(e) Education sp\u00e9cialis\u00e9e en accompagnement psycho-\u00e9ducatif ;<\/li>\n<li>Bachelier Instituteur(trice) pr\u00e9scolaire ;<\/li>\n<li>Bachelier Instituteur(trice) primaire ;<\/li>\n<li>Bachelier Agr\u00e9g\u00e9(e) de l\u2019enseignement secondaire inf\u00e9rieur (toutes sections) ;<\/li>\n<li>Bachelier en logop\u00e9die.<\/li>\n<\/ul>\n<\/li>\n<li><span class=\"ms-rteCustom-Gras\">Ont acc\u00e8s aux \u00e9tudes de Master en sciences psychologiques,<\/span><span class=\"ms-rteCustom-Gras\">\u00a0<\/span>moyennant l&rsquo;ajout de cr\u00e9dits compl\u00e9mentaires, les porteurs d\u2019un grade acad\u00e9mique de type court d\u00e9livr\u00e9 hors universit\u00e9 dont l\u2019intitul\u00e9 figure ci-apr\u00e8s :\n<ul>\n<li>Bachelier Assistant(e) en psychologie.<\/li>\n<\/ul>\n<\/li>\n<\/ul>\n<p><strong>Les conditions d\u2019acc\u00e8s au master en orthop\u00e9dagogie clinique sont les suivantes :<\/strong><\/p>\n<ul>\n<li><strong>Acc\u00e8s passerelles avec un bloc compl\u00e9mentaires de 30 \u00e0 60 cr\u00e9dits<\/strong> aux d\u00e9tenteurs d\u2019un bachelier en logop\u00e9die (Haute Ecole), d\u2019un bachelier assistant en psychologie ou d\u2019un bachelier \u00e9ducateur sp\u00e9cialis\u00e9 en accompagnement psycho\u00e9ducatif.<\/li>\n<\/ul>\n<h3><span class=\"ms-rteCustom-TexteBleu\">Cr\u00e9dits compl\u00e9mentaires<\/span><\/h3>\n<p>Depuis 2015, les ann\u00e9es pr\u00e9paratoires au master ne sont plus organis\u00e9es. Les \u00e9tudiants titulaires d&rsquo;un dipl\u00f4me de bachelier d\u00e9livr\u00e9 en Haute Ecole peuvent avoir un acc\u00e8s direct au master et se voir imposer un <span class=\"ms-rteCustom-Gras\">nombre de cr\u00e9dits compl\u00e9mentaires (allant jusqu\u2019\u00e0 60 cr\u00e9dits)<\/span> \u00e0 ajouter \u00e0 leur programme. La liste des enseignements compl\u00e9mentaires est fix\u00e9e par le Jury d\u2019admission, qui prend en compte la formation ant\u00e9rieure de l\u2019\u00e9tudiant.<\/p>\n<p>Les listes des cr\u00e9dits compl\u00e9mentaires (de maximum 60 cr\u00e9dits) impos\u00e9s par le Jury vous sont donn\u00e9es ci-dessous \u00e0 titre indicatif, les programmes envisag\u00e9s pouvant \u00eatre ajust\u00e9s en fonction de la formation ant\u00e9rieure de l\u2019\u00e9tudiant.<\/p>\n<div class=\"file-attachment\">\n<p>&nbsp;<\/p>\n<\/div>\n<p><a href=\"https:\/\/web.umons.ac.be\/app\/uploads\/sites\/3\/2025\/06\/Credits-complementaires_MA-PSY_2025-2026.pdf\" target=\"_blank\" rel=\"noopener\">Cr\u00e9dits compl\u00e9mentaires Master en sciences psychologiques 2025-2026<\/a><\/p>\n<p><a href=\"https:\/\/web.umons.ac.be\/app\/uploads\/sites\/3\/2025\/06\/Credits-complementaires_MA-EDU_2025-2026.pdf\" target=\"_blank\" rel=\"noopener\">Cr\u00e9dits compl\u00e9mentaires Master en sciences de l&rsquo;\u00e9ducation 2025-2026<\/a><\/p>\n<p><a href=\"https:\/\/web.umons.ac.be\/app\/uploads\/sites\/3\/2025\/06\/Credits-complementaires_MORTHOCLIN_2025-2026.pdf\" target=\"_blank\" rel=\"noopener\">Cr\u00e9dits compl\u00e9mentaires Master en orthop\u00e9dagogie clinique 2025-2026<\/a><\/p>\n<h3><\/h3>\n<h3>Horaire<\/h3>\n<p>Pour consulter l&rsquo;horaire, cliquer ici: <a href=\"https:\/\/web.umons.ac.be\/fr\/enseignement\/simulation-horaire-de-cours\/\">Simulez votre futur horaire de cours &#8211; Universit\u00e9 de Mons<\/a><\/p>\n<ol>\n<li>Dans le premier menu d\u00e9roulant, s\u00e9lectionner la formation souhait\u00e9e:<\/li>\n<\/ol>\n<p><em>Pour les sciences de l&rsquo;\u00e9ducation:\u00a0<\/em><\/p>\n<ul>\n<li>MAB1 &#8211; Sc. de l&rsquo;\u00e9ducation, FS action sociale<\/li>\n<li>MAB1 &#8211; Sc. de l&rsquo;\u00e9ducation, FS enseignement<\/li>\n<li>MAB1 &#8211; Sc. de l&rsquo;\u00e9ducation, FS technologie<\/li>\n<li>MAB1 &#8211; Sc. de l&rsquo;\u00e9ducation, FS adapt. scolaire<\/li>\n<\/ul>\n<p><em>Pour la psychologie:\u00a0<\/em><\/p>\n<ul>\n<li>MAB1 &#8211; Sc. psychologiques, FS<\/li>\n<li>MAB1 &#8211; Sc. psychologiques, FA<\/li>\n<\/ul>\n<p>Pour l&rsquo;orthop\u00e9dagogie:<\/p>\n<ul>\n<li>MAB1 en orthop\u00e9dagogie clinique<\/li>\n<\/ul>\n<p>2. Dans le second menu d\u00e9roulant, s\u00e9lectionner ensuite \u00ab\u00a0bloc compl\u00e9mentaire\u00a0\u00bb.<\/p>\n<h3><span class=\"ms-rteCustom-TexteBleu\">Proc\u00e9dure pour l\u2019ann\u00e9e acad\u00e9mique \u00e0 venir<\/span><\/h3>\n<p>Pour s&rsquo;inscrire \u00e0 la prochaine ann\u00e9e acad\u00e9mique, les \u00e9tudiants concern\u00e9s par ces passerelles devront se r\u00e9f\u00e9rer aux informations:\u00a0 <a href=\"https:\/\/web.umons.ac.be\/fr\/nos-missions\/sinscrire\/\">S&rsquo;inscrire \u00e0 l&rsquo;UMONS &#8211; Universit\u00e9 de Mons<\/a><\/p>\n<p>Le jour de l&rsquo;inscription, les \u00e9tudiants devront \u00e9galement d\u00e9poser, aupr\u00e8s de ces m\u00eames services, un <span class=\"ms-rteCustom-Gras\">dossier <\/span>qui permettra au Jury de fixer la liste des cr\u00e9dits compl\u00e9mentaires (de maximum 60 cr\u00e9dits) \u00e0 ajouter \u00e0 leur programme. Cette liste sera \u00e9tablie en tenant compte de leur formation ant\u00e9rieure.<\/p>\n<p>Tous les d\u00e9tails de la proc\u00e9dure \u00e0 suivre, ainsi que le dossier \u00e0 compl\u00e9ter en vue de l\u2019\u00e9tablissement des cr\u00e9dits compl\u00e9mentaires, seront\u00a0prochainement accessibles\u00a0sur le site du Service Inscriptions.<\/p>\n","protected":false},"excerpt":{"rendered":"<p>Vous \u00eates (futur) dipl\u00f4m\u00e9(e) d&rsquo;une Haute \u00c9cole et envisagez de suivre un Master ? &nbsp; Conditions d&rsquo;acc\u00e8s L\u2019Arr\u00eat\u00e9 du Gouvernement de la Communaut\u00e9 fran\u00e7aise du 30 ao\u00fbt 2017 fixe les conditions d\u2019acc\u00e8s aux \u00e9tudes \u00e0 l\u2019universit\u00e9 pour les porteurs de grades acad\u00e9miques d\u00e9livr\u00e9s hors universit\u00e9. Les titulaires d\u2019un grade acad\u00e9mique dont l\u2019intitul\u00e9 est repris ci-dessous [&hellip;]<\/p>\n","protected":false},"author":2,"featured_media":0,"parent":73,"menu_order":2,"comment_status":"closed","ping_status":"closed","template":"","meta":{"footnotes":""},"class_list":["post-82","page","type-page","status-publish","hentry"],"yoast_head":"<!-- This site is optimized with the Yoast SEO plugin v27.2 - https:\/\/yoast.com\/product\/yoast-seo-wordpress\/ -->\n<title>Passerelles vers l\\&#039;Universit\u00e9 - Facult\u00e9 \/ FPSE<\/title>\n<meta name=\"robots\" content=\"index, follow, max-snippet:-1, max-image-preview:large, max-video-preview:-1\" \/>\n<link rel=\"canonical\" href=\"https:\/\/web.umons.ac.be\/fpse\/fr\/admission-inscription\/passerelles-vers-luniversite\/\" \/>\n<meta property=\"og:locale\" content=\"fr_FR\" \/>\n<meta property=\"og:type\" content=\"article\" \/>\n<meta property=\"og:title\" content=\"Passerelles vers l\\&#039;Universit\u00e9 - Facult\u00e9 \/ FPSE\" \/>\n<meta property=\"og:description\" content=\"Vous \u00eates (futur) dipl\u00f4m\u00e9(e) d&rsquo;une Haute \u00c9cole et envisagez de suivre un Master ? &nbsp; Conditions d&rsquo;acc\u00e8s L\u2019Arr\u00eat\u00e9 du Gouvernement de la Communaut\u00e9 fran\u00e7aise du 30 ao\u00fbt 2017 fixe les conditions d\u2019acc\u00e8s aux \u00e9tudes \u00e0 l\u2019universit\u00e9 pour les porteurs de grades acad\u00e9miques d\u00e9livr\u00e9s hors universit\u00e9. Les titulaires d\u2019un grade acad\u00e9mique dont l\u2019intitul\u00e9 est repris ci-dessous [&hellip;]\" \/>\n<meta property=\"og:url\" content=\"https:\/\/web.umons.ac.be\/fpse\/fr\/admission-inscription\/passerelles-vers-luniversite\/\" \/>\n<meta property=\"og:site_name\" content=\"Facult\u00e9 \/ FPSE\" \/>\n<meta property=\"article:modified_time\" content=\"2026-03-31T13:02:46+00:00\" \/>\n<meta name=\"twitter:card\" content=\"summary_large_image\" \/>\n<meta name=\"twitter:label1\" content=\"Dur\u00e9e de lecture estim\u00e9e\" \/>\n\t<meta name=\"twitter:data1\" content=\"3 minutes\" \/>\n<script type=\"application\/ld+json\" class=\"yoast-schema-graph\">{\"@context\":\"https:\/\/schema.org\",\"@graph\":[{\"@type\":\"WebPage\",\"@id\":\"https:\/\/web.umons.ac.be\/fpse\/fr\/admission-inscription\/passerelles-vers-luniversite\/\",\"url\":\"https:\/\/web.umons.ac.be\/fpse\/fr\/admission-inscription\/passerelles-vers-luniversite\/\",\"name\":\"Passerelles vers l\\\\'Universit\u00e9 - Facult\u00e9 \/ FPSE\",\"isPartOf\":{\"@id\":\"https:\/\/web.umons.ac.be\/fpse\/#website\"},\"datePublished\":\"2017-04-27T14:41:26+00:00\",\"dateModified\":\"2026-03-31T13:02:46+00:00\",\"breadcrumb\":{\"@id\":\"https:\/\/web.umons.ac.be\/fpse\/fr\/admission-inscription\/passerelles-vers-luniversite\/#breadcrumb\"},\"inLanguage\":\"fr-FR\",\"potentialAction\":[{\"@type\":\"ReadAction\",\"target\":[\"https:\/\/web.umons.ac.be\/fpse\/fr\/admission-inscription\/passerelles-vers-luniversite\/\"]}]},{\"@type\":\"BreadcrumbList\",\"@id\":\"https:\/\/web.umons.ac.be\/fpse\/fr\/admission-inscription\/passerelles-vers-luniversite\/#breadcrumb\",\"itemListElement\":[{\"@type\":\"ListItem\",\"position\":1,\"name\":\"Accueil\",\"item\":\"https:\/\/web.umons.ac.be\/fpse\/fr\/\"},{\"@type\":\"ListItem\",\"position\":2,\"name\":\"S&rsquo;inscrire\",\"item\":\"https:\/\/web.umons.ac.be\/fpse\/fr\/admission-inscription\/\"},{\"@type\":\"ListItem\",\"position\":3,\"name\":\"Passerelles vers l&rsquo;Universit\u00e9\"}]},{\"@type\":\"WebSite\",\"@id\":\"https:\/\/web.umons.ac.be\/fpse\/#website\",\"url\":\"https:\/\/web.umons.ac.be\/fpse\/\",\"name\":\"Facult\u00e9 \/ FPSE\",\"description\":\"\",\"potentialAction\":[{\"@type\":\"SearchAction\",\"target\":{\"@type\":\"EntryPoint\",\"urlTemplate\":\"https:\/\/web.umons.ac.be\/fpse\/?s={search_term_string}\"},\"query-input\":{\"@type\":\"PropertyValueSpecification\",\"valueRequired\":true,\"valueName\":\"search_term_string\"}}],\"inLanguage\":\"fr-FR\"}]}<\/script>\n<!-- \/ Yoast SEO plugin. -->","yoast_head_json":{"title":"Passerelles vers l\\'Universit\u00e9 - Facult\u00e9 \/ FPSE","robots":{"index":"index","follow":"follow","max-snippet":"max-snippet:-1","max-image-preview":"max-image-preview:large","max-video-preview":"max-video-preview:-1"},"canonical":"https:\/\/web.umons.ac.be\/fpse\/fr\/admission-inscription\/passerelles-vers-luniversite\/","og_locale":"fr_FR","og_type":"article","og_title":"Passerelles vers l\\'Universit\u00e9 - Facult\u00e9 \/ FPSE","og_description":"Vous \u00eates (futur) dipl\u00f4m\u00e9(e) d&rsquo;une Haute \u00c9cole et envisagez de suivre un Master ? &nbsp; Conditions d&rsquo;acc\u00e8s L\u2019Arr\u00eat\u00e9 du Gouvernement de la Communaut\u00e9 fran\u00e7aise du 30 ao\u00fbt 2017 fixe les conditions d\u2019acc\u00e8s aux \u00e9tudes \u00e0 l\u2019universit\u00e9 pour les porteurs de grades acad\u00e9miques d\u00e9livr\u00e9s hors universit\u00e9. Les titulaires d\u2019un grade acad\u00e9mique dont l\u2019intitul\u00e9 est repris ci-dessous [&hellip;]","og_url":"https:\/\/web.umons.ac.be\/fpse\/fr\/admission-inscription\/passerelles-vers-luniversite\/","og_site_name":"Facult\u00e9 \/ FPSE","article_modified_time":"2026-03-31T13:02:46+00:00","twitter_card":"summary_large_image","twitter_misc":{"Dur\u00e9e de lecture estim\u00e9e":"3 minutes"},"schema":{"@context":"https:\/\/schema.org","@graph":[{"@type":"WebPage","@id":"https:\/\/web.umons.ac.be\/fpse\/fr\/admission-inscription\/passerelles-vers-luniversite\/","url":"https:\/\/web.umons.ac.be\/fpse\/fr\/admission-inscription\/passerelles-vers-luniversite\/","name":"Passerelles vers l\\'Universit\u00e9 - Facult\u00e9 \/ FPSE","isPartOf":{"@id":"https:\/\/web.umons.ac.be\/fpse\/#website"},"datePublished":"2017-04-27T14:41:26+00:00","dateModified":"2026-03-31T13:02:46+00:00","breadcrumb":{"@id":"https:\/\/web.umons.ac.be\/fpse\/fr\/admission-inscription\/passerelles-vers-luniversite\/#breadcrumb"},"inLanguage":"fr-FR","potentialAction":[{"@type":"ReadAction","target":["https:\/\/web.umons.ac.be\/fpse\/fr\/admission-inscription\/passerelles-vers-luniversite\/"]}]},{"@type":"BreadcrumbList","@id":"https:\/\/web.umons.ac.be\/fpse\/fr\/admission-inscription\/passerelles-vers-luniversite\/#breadcrumb","itemListElement":[{"@type":"ListItem","position":1,"name":"Accueil","item":"https:\/\/web.umons.ac.be\/fpse\/fr\/"},{"@type":"ListItem","position":2,"name":"S&rsquo;inscrire","item":"https:\/\/web.umons.ac.be\/fpse\/fr\/admission-inscription\/"},{"@type":"ListItem","position":3,"name":"Passerelles vers l&rsquo;Universit\u00e9"}]},{"@type":"WebSite","@id":"https:\/\/web.umons.ac.be\/fpse\/#website","url":"https:\/\/web.umons.ac.be\/fpse\/","name":"Facult\u00e9 \/ FPSE","description":"","potentialAction":[{"@type":"SearchAction","target":{"@type":"EntryPoint","urlTemplate":"https:\/\/web.umons.ac.be\/fpse\/?s={search_term_string}"},"query-input":{"@type":"PropertyValueSpecification","valueRequired":true,"valueName":"search_term_string"}}],"inLanguage":"fr-FR"}]}},"lang":"fr","translations":{"fr":82},"pll_sync_post":[],"_links":{"self":[{"href":"https:\/\/web.umons.ac.be\/fpse\/wp-json\/wp\/v2\/pages\/82","targetHints":{"allow":["GET"]}}],"collection":[{"href":"https:\/\/web.umons.ac.be\/fpse\/wp-json\/wp\/v2\/pages"}],"about":[{"href":"https:\/\/web.umons.ac.be\/fpse\/wp-json\/wp\/v2\/types\/page"}],"author":[{"embeddable":true,"href":"https:\/\/web.umons.ac.be\/fpse\/wp-json\/wp\/v2\/users\/2"}],"replies":[{"embeddable":true,"href":"https:\/\/web.umons.ac.be\/fpse\/wp-json\/wp\/v2\/comments?post=82"}],"version-history":[{"count":4,"href":"https:\/\/web.umons.ac.be\/fpse\/wp-json\/wp\/v2\/pages\/82\/revisions"}],"predecessor-version":[{"id":2683,"href":"https:\/\/web.umons.ac.be\/fpse\/wp-json\/wp\/v2\/pages\/82\/revisions\/2683"}],"up":[{"embeddable":true,"href":"https:\/\/web.umons.ac.be\/fpse\/wp-json\/wp\/v2\/pages\/73"}],"wp:attachment":[{"href":"https:\/\/web.umons.ac.be\/fpse\/wp-json\/wp\/v2\/media?parent=82"}],"curies":[{"name":"wp","href":"https:\/\/api.w.org\/{rel}","templated":true}]}}