{"id":832,"date":"2018-01-23T12:01:39","date_gmt":"2018-01-23T11:01:39","guid":{"rendered":"https:\/\/web.umons.ac.be\/fpse\/?page_id=832"},"modified":"2026-01-21T11:43:45","modified_gmt":"2026-01-21T10:43:45","slug":"master-sciences-de-leducation","status":"publish","type":"page","link":"https:\/\/web.umons.ac.be\/fpse\/en\/loffre-de-formation\/2eme-cycle-master\/master-sciences-de-leducation\/","title":{"rendered":"Master&rsquo;s degree in Education"},"content":{"rendered":"<h2>Mons :<\/h2>\n<start-cask-shortcode-wrapper><article class=\"shortcode-training training-small content-block scheme-fpse\">\n\t<a href=\"https:\/\/web.umons.ac.be\/fpse\/en\/training-offer\/m2-meduas\/\" class=\"training-link scheme-border-hover\">\n\t\t<header class=\"training-small-header\">\n\t\t\t<div class=\"training-small-entity scheme-color\">\n\t\t\t\tFacult\u00e9 \/ FPSE\t\t\t\t\t           \t<img decoding=\"async\" src=\"https:\/\/web.umons.ac.be\/app\/uploads\/sites\/3\/2017\/11\/FPSE.svg\" class=\"training-small-entity-logo\" alt=\"Ic\u00f4ne de Facult\u00e9 \/ FPSE\">\n\t        \t\t\t\t<\/div>\n\t\t\t<div class=\"training-small-degree\">\n\t\t\t\tMaster en\t\t\t<\/div>\n\n\t\t\t<h1 class=\"training-small-title\">Education<\/h1>\n\n\t\t\t\t\t\t<div class=\"training-small-subtitle\">\n\t\t\t\t<strong>Finalit\u00e9 sp\u00e9cialis\u00e9e en action sociale<\/strong>\n\t\t\t<\/div>\n\t\t\t\t\t<\/header>\n\t\t\t\t<div class=\"training-small-content\">\n\t\t\t<div class=\"training-small-location\">\n\t\t\t\t<span class=\"icon umons-icon-pin\" aria-hidden=\"true\"><\/span>\n\t\t\t\t<span class=\"location\">Mons<\/span>\n\t\t\t<\/div>\n\n\t\t\t\t\t\t<div class=\"training-small-side-info\">\n\t\t\t\t<ul class=\"training-small-side-info-list\">\n\t\t\t\t\t\t\t\t\t\t<li>\n\t\t\t\t\t\t<div class=\"training-single-schedule\">\n\t\t\t\t\t\t\t<div class=\"label\">Horaire<\/div>\n\t\t\t\t\t\t\t<div class=\"value\">Horaire de jour<\/div>\n\t\t\t\t\t\t<\/div>\n\t\t\t\t\t<\/li>\n\t\t\t\t\t\t\t\t\t\t\t\t\t\t\t<li>\n\t\t\t\t\t\t<div class=\"training-single-credits\">\n\t\t\t\t\t\t\t<div class=\"label\">Cr\u00e9dits ECTS<\/div>\n\t\t\t\t\t\t\t<div class=\"value\">120<\/div>\n\t\t\t\t\t\t<\/div>\n\t\t\t\t\t<\/li>\n\t\t\t\t\t\t\t\t\t\t\t\t\t\t\t<li>\n\t\t\t\t\t\t<div class=\"training-single-languages\">\n\t\t\t\t\t\t\t<div class=\"label\">Langue<\/div>\n\t\t\t\t\t\t\t<div class=\"value\">\n\t\t\t\t\t\t\t\t<span class=\"lang\">Fran\u00e7ais<\/span>\n\t\t\t\t\t\t\t<\/div>\n\t\t\t\t\t\t<\/div>\n\t\t\t\t\t<\/li>\n\t\t\t\t\t\t\t\t\t<\/ul>\n\t\t\t<\/div>\n\t\t\t\t\t<\/div>\n\t\t\t<\/a>\n<\/article>\n<end-cask-shortcode-wrapper>\n<start-cask-shortcode-wrapper><article class=\"shortcode-training training-small content-block scheme-fpse\">\n\t<a href=\"https:\/\/web.umons.ac.be\/fpse\/en\/training-offer\/m2-meduen\/\" class=\"training-link scheme-border-hover\">\n\t\t<header class=\"training-small-header\">\n\t\t\t<div class=\"training-small-entity scheme-color\">\n\t\t\t\tFacult\u00e9 \/ FPSE\t\t\t\t\t           \t<img decoding=\"async\" src=\"https:\/\/web.umons.ac.be\/app\/uploads\/sites\/3\/2017\/11\/FPSE.svg\" class=\"training-small-entity-logo\" alt=\"Ic\u00f4ne de Facult\u00e9 \/ FPSE\">\n\t        \t\t\t\t<\/div>\n\t\t\t<div class=\"training-small-degree\">\n\t\t\t\tMaster en\t\t\t<\/div>\n\n\t\t\t<h1 class=\"training-small-title\">Education<\/h1>\n\n\t\t\t\t\t\t<div class=\"training-small-subtitle\">\n\t\t\t\t<strong>Finalit\u00e9 sp\u00e9cialis\u00e9e en enseignement et apprentissages scolaires<\/strong>\n\t\t\t<\/div>\n\t\t\t\t\t<\/header>\n\t\t\t\t<div class=\"training-small-content\">\n\t\t\t<div class=\"training-small-location\">\n\t\t\t\t<span class=\"icon umons-icon-pin\" aria-hidden=\"true\"><\/span>\n\t\t\t\t<span class=\"location\">Mons<\/span>\n\t\t\t<\/div>\n\n\t\t\t\t\t\t<div class=\"training-small-side-info\">\n\t\t\t\t<ul class=\"training-small-side-info-list\">\n\t\t\t\t\t\t\t\t\t\t<li>\n\t\t\t\t\t\t<div class=\"training-single-schedule\">\n\t\t\t\t\t\t\t<div class=\"label\">Horaire<\/div>\n\t\t\t\t\t\t\t<div class=\"value\">Horaire de jour<\/div>\n\t\t\t\t\t\t<\/div>\n\t\t\t\t\t<\/li>\n\t\t\t\t\t\t\t\t\t\t\t\t\t\t\t<li>\n\t\t\t\t\t\t<div class=\"training-single-credits\">\n\t\t\t\t\t\t\t<div class=\"label\">Cr\u00e9dits ECTS<\/div>\n\t\t\t\t\t\t\t<div class=\"value\">120<\/div>\n\t\t\t\t\t\t<\/div>\n\t\t\t\t\t<\/li>\n\t\t\t\t\t\t\t\t\t\t\t\t\t\t\t<li>\n\t\t\t\t\t\t<div class=\"training-single-languages\">\n\t\t\t\t\t\t\t<div class=\"label\">Langue<\/div>\n\t\t\t\t\t\t\t<div class=\"value\">\n\t\t\t\t\t\t\t\t<span class=\"lang\">Fran\u00e7ais<\/span>\n\t\t\t\t\t\t\t<\/div>\n\t\t\t\t\t\t<\/div>\n\t\t\t\t\t<\/li>\n\t\t\t\t\t\t\t\t\t<\/ul>\n\t\t\t<\/div>\n\t\t\t\t\t<\/div>\n\t\t\t<\/a>\n<\/article>\n<end-cask-shortcode-wrapper>\n<start-cask-shortcode-wrapper><article class=\"shortcode-training training-small content-block scheme-fpse\">\n\t<a href=\"https:\/\/web.umons.ac.be\/fpse\/en\/training-offer\/m2-medute\/\" class=\"training-link scheme-border-hover\">\n\t\t<header class=\"training-small-header\">\n\t\t\t<div class=\"training-small-entity scheme-color\">\n\t\t\t\tFacult\u00e9 \/ FPSE\t\t\t\t\t           \t<img decoding=\"async\" src=\"https:\/\/web.umons.ac.be\/app\/uploads\/sites\/3\/2017\/11\/FPSE.svg\" class=\"training-small-entity-logo\" alt=\"Ic\u00f4ne de Facult\u00e9 \/ FPSE\">\n\t        \t\t\t\t<\/div>\n\t\t\t<div class=\"training-small-degree\">\n\t\t\t\tMaster en\t\t\t<\/div>\n\n\t\t\t<h1 class=\"training-small-title\">Education<\/h1>\n\n\t\t\t\t\t\t<div class=\"training-small-subtitle\">\n\t\t\t\t<strong>Finalit\u00e9 sp\u00e9cialis\u00e9e en technologie de l'\u00e9ducation<\/strong>\n\t\t\t<\/div>\n\t\t\t\t\t<\/header>\n\t\t\t\t<div class=\"training-small-content\">\n\t\t\t<div class=\"training-small-location\">\n\t\t\t\t<span class=\"icon umons-icon-pin\" aria-hidden=\"true\"><\/span>\n\t\t\t\t<span class=\"location\">Mons<\/span>\n\t\t\t<\/div>\n\n\t\t\t\t\t\t<div class=\"training-small-side-info\">\n\t\t\t\t<ul class=\"training-small-side-info-list\">\n\t\t\t\t\t\t\t\t\t\t<li>\n\t\t\t\t\t\t<div class=\"training-single-schedule\">\n\t\t\t\t\t\t\t<div class=\"label\">Horaire<\/div>\n\t\t\t\t\t\t\t<div class=\"value\">Horaire de jour<\/div>\n\t\t\t\t\t\t<\/div>\n\t\t\t\t\t<\/li>\n\t\t\t\t\t\t\t\t\t\t\t\t\t\t\t<li>\n\t\t\t\t\t\t<div class=\"training-single-credits\">\n\t\t\t\t\t\t\t<div class=\"label\">Cr\u00e9dits ECTS<\/div>\n\t\t\t\t\t\t\t<div class=\"value\">120<\/div>\n\t\t\t\t\t\t<\/div>\n\t\t\t\t\t<\/li>\n\t\t\t\t\t\t\t\t\t\t\t\t\t\t\t<li>\n\t\t\t\t\t\t<div class=\"training-single-languages\">\n\t\t\t\t\t\t\t<div class=\"label\">Langue<\/div>\n\t\t\t\t\t\t\t<div class=\"value\">\n\t\t\t\t\t\t\t\t<span class=\"lang\">Fran\u00e7ais<\/span>\n\t\t\t\t\t\t\t<\/div>\n\t\t\t\t\t\t<\/div>\n\t\t\t\t\t<\/li>\n\t\t\t\t\t\t\t\t\t<\/ul>\n\t\t\t<\/div>\n\t\t\t\t\t<\/div>\n\t\t\t<\/a>\n<\/article>\n<end-cask-shortcode-wrapper>\n<start-cask-shortcode-wrapper><article class=\"shortcode-training training-small content-block scheme-fpse\">\n\t<a href=\"https:\/\/web.umons.ac.be\/fpse\/en\/training-offer\/m2-medufa\/\" class=\"training-link scheme-border-hover\">\n\t\t<header class=\"training-small-header\">\n\t\t\t<div class=\"training-small-entity scheme-color\">\n\t\t\t\tFacult\u00e9 \/ FPSE\t\t\t\t\t           \t<img decoding=\"async\" src=\"https:\/\/web.umons.ac.be\/app\/uploads\/sites\/3\/2017\/11\/FPSE.svg\" class=\"training-small-entity-logo\" alt=\"Ic\u00f4ne de Facult\u00e9 \/ FPSE\">\n\t        \t\t\t\t<\/div>\n\t\t\t<div class=\"training-small-degree\">\n\t\t\t\tMaster en\t\t\t<\/div>\n\n\t\t\t<h1 class=\"training-small-title\">Education<\/h1>\n\n\t\t\t\t\t\t<div class=\"training-small-subtitle\">\n\t\t\t\t<strong>Finalit\u00e9 approfondie<\/strong>\n\t\t\t<\/div>\n\t\t\t\t\t<\/header>\n\t\t\t\t<div class=\"training-small-content\">\n\t\t\t<div class=\"training-small-location\">\n\t\t\t\t<span class=\"icon umons-icon-pin\" aria-hidden=\"true\"><\/span>\n\t\t\t\t<span class=\"location\">Mons<\/span>\n\t\t\t<\/div>\n\n\t\t\t\t\t\t<div class=\"training-small-side-info\">\n\t\t\t\t<ul class=\"training-small-side-info-list\">\n\t\t\t\t\t\t\t\t\t\t<li>\n\t\t\t\t\t\t<div class=\"training-single-schedule\">\n\t\t\t\t\t\t\t<div class=\"label\">Horaire<\/div>\n\t\t\t\t\t\t\t<div class=\"value\">Horaire de jour<\/div>\n\t\t\t\t\t\t<\/div>\n\t\t\t\t\t<\/li>\n\t\t\t\t\t\t\t\t\t\t\t\t\t\t\t<li>\n\t\t\t\t\t\t<div class=\"training-single-credits\">\n\t\t\t\t\t\t\t<div class=\"label\">Cr\u00e9dits ECTS<\/div>\n\t\t\t\t\t\t\t<div class=\"value\">120<\/div>\n\t\t\t\t\t\t<\/div>\n\t\t\t\t\t<\/li>\n\t\t\t\t\t\t\t\t\t\t\t\t\t\t\t<li>\n\t\t\t\t\t\t<div class=\"training-single-languages\">\n\t\t\t\t\t\t\t<div class=\"label\">Langue<\/div>\n\t\t\t\t\t\t\t<div class=\"value\">\n\t\t\t\t\t\t\t\t<span class=\"lang\">Fran\u00e7ais<\/span>\n\t\t\t\t\t\t\t<\/div>\n\t\t\t\t\t\t<\/div>\n\t\t\t\t\t<\/li>\n\t\t\t\t\t\t\t\t\t<\/ul>\n\t\t\t<\/div>\n\t\t\t\t\t<\/div>\n\t\t\t<\/a>\n<\/article>\n<end-cask-shortcode-wrapper>\n<start-cask-shortcode-wrapper><article class=\"shortcode-training training-small content-block scheme-fpse\">\n\t<a href=\"https:\/\/web.umons.ac.be\/fpse\/en\/training-offer\/m2-medupi\/\" class=\"training-link scheme-border-hover\">\n\t\t<header class=\"training-small-header\">\n\t\t\t<div class=\"training-small-entity scheme-color\">\n\t\t\t\tFacult\u00e9 \/ FPSE\t\t\t\t\t           \t<img decoding=\"async\" src=\"https:\/\/web.umons.ac.be\/app\/uploads\/sites\/3\/2017\/11\/FPSE.svg\" class=\"training-small-entity-logo\" alt=\"Ic\u00f4ne de Facult\u00e9 \/ FPSE\">\n\t        \t\t\t\t<\/div>\n\t\t\t<div class=\"training-small-degree\">\n\t\t\t\tMaster en\t\t\t<\/div>\n\n\t\t\t<h1 class=\"training-small-title\">Education<\/h1>\n\n\t\t\t\t\t\t<div class=\"training-small-subtitle\">\n\t\t\t\t<strong>Finalit\u00e9 sp\u00e9cialis\u00e9e en adaptation scolaire et p\u00e9dagogies inclusives<\/strong>\n\t\t\t<\/div>\n\t\t\t\t\t<\/header>\n\t\t\t\t<div class=\"training-small-content\">\n\t\t\t<div class=\"training-small-location\">\n\t\t\t\t<span class=\"icon umons-icon-pin\" aria-hidden=\"true\"><\/span>\n\t\t\t\t<span class=\"location\">Mons<\/span>\n\t\t\t<\/div>\n\n\t\t\t\t\t\t<div class=\"training-small-side-info\">\n\t\t\t\t<ul class=\"training-small-side-info-list\">\n\t\t\t\t\t\t\t\t\t\t<li>\n\t\t\t\t\t\t<div class=\"training-single-schedule\">\n\t\t\t\t\t\t\t<div class=\"label\">Horaire<\/div>\n\t\t\t\t\t\t\t<div class=\"value\">Horaire de jour<\/div>\n\t\t\t\t\t\t<\/div>\n\t\t\t\t\t<\/li>\n\t\t\t\t\t\t\t\t\t\t\t\t\t\t\t\t\t\t\t\t<li>\n\t\t\t\t\t\t<div class=\"training-single-languages\">\n\t\t\t\t\t\t\t<div class=\"label\">Langue<\/div>\n\t\t\t\t\t\t\t<div class=\"value\">\n\t\t\t\t\t\t\t\t<span class=\"lang\">Fran\u00e7ais<\/span>\n\t\t\t\t\t\t\t<\/div>\n\t\t\t\t\t\t<\/div>\n\t\t\t\t\t<\/li>\n\t\t\t\t\t\t\t\t\t<\/ul>\n\t\t\t<\/div>\n\t\t\t\t\t<\/div>\n\t\t\t<\/a>\n<\/article>\n<end-cask-shortcode-wrapper>\n<p>&nbsp;<\/p>\n<h2>Charleroi :<\/h2>\n<start-cask-shortcode-wrapper><article class=\"shortcode-training training-small content-block scheme-fpse\">\n\t<a href=\"https:\/\/web.umons.ac.be\/fpse\/en\/training-offer\/m2-meduas-c\/\" class=\"training-link scheme-border-hover\">\n\t\t<header class=\"training-small-header\">\n\t\t\t<div class=\"training-small-entity scheme-color\">\n\t\t\t\tFacult\u00e9 \/ FPSE\t\t\t\t\t           \t<img decoding=\"async\" src=\"https:\/\/web.umons.ac.be\/app\/uploads\/sites\/3\/2017\/11\/FPSE.svg\" class=\"training-small-entity-logo\" alt=\"Ic\u00f4ne de Facult\u00e9 \/ FPSE\">\n\t        \t\t\t\t<\/div>\n\t\t\t<div class=\"training-small-degree\">\n\t\t\t\tMaster en\t\t\t<\/div>\n\n\t\t\t<h1 class=\"training-small-title\">Education<\/h1>\n\n\t\t\t\t\t\t<div class=\"training-small-subtitle\">\n\t\t\t\t<strong>Finalit\u00e9 sp\u00e9cialis\u00e9e en action sociale<\/strong>\n\t\t\t<\/div>\n\t\t\t\t\t<\/header>\n\t\t\t\t<div class=\"training-small-content\">\n\t\t\t<div class=\"training-small-location\">\n\t\t\t\t<span class=\"icon umons-icon-pin\" aria-hidden=\"true\"><\/span>\n\t\t\t\t<span class=\"location\">Charleroi<\/span>\n\t\t\t<\/div>\n\n\t\t\t\t\t\t<div class=\"training-small-side-info\">\n\t\t\t\t<ul class=\"training-small-side-info-list\">\n\t\t\t\t\t\t\t\t\t\t<li>\n\t\t\t\t\t\t<div class=\"training-single-schedule\">\n\t\t\t\t\t\t\t<div class=\"label\">Horaire<\/div>\n\t\t\t\t\t\t\t<div class=\"value\">Horaire d\u00e9cal\u00e9<\/div>\n\t\t\t\t\t\t<\/div>\n\t\t\t\t\t<\/li>\n\t\t\t\t\t\t\t\t\t\t\t\t\t\t\t<li>\n\t\t\t\t\t\t<div class=\"training-single-credits\">\n\t\t\t\t\t\t\t<div class=\"label\">Cr\u00e9dits ECTS<\/div>\n\t\t\t\t\t\t\t<div class=\"value\">120<\/div>\n\t\t\t\t\t\t<\/div>\n\t\t\t\t\t<\/li>\n\t\t\t\t\t\t\t\t\t\t\t\t\t\t\t<li>\n\t\t\t\t\t\t<div class=\"training-single-languages\">\n\t\t\t\t\t\t\t<div class=\"label\">Langue<\/div>\n\t\t\t\t\t\t\t<div class=\"value\">\n\t\t\t\t\t\t\t\t<span class=\"lang\">Fran\u00e7ais<\/span>\n\t\t\t\t\t\t\t<\/div>\n\t\t\t\t\t\t<\/div>\n\t\t\t\t\t<\/li>\n\t\t\t\t\t\t\t\t\t<\/ul>\n\t\t\t<\/div>\n\t\t\t\t\t<\/div>\n\t\t\t<\/a>\n<\/article>\n<end-cask-shortcode-wrapper>\n<start-cask-shortcode-wrapper><article class=\"shortcode-training training-small content-block scheme-fpse\">\n\t<a href=\"https:\/\/web.umons.ac.be\/fpse\/en\/training-offer\/m2-meduen-c\/\" class=\"training-link scheme-border-hover\">\n\t\t<header class=\"training-small-header\">\n\t\t\t<div class=\"training-small-entity scheme-color\">\n\t\t\t\tFacult\u00e9 \/ FPSE\t\t\t\t\t           \t<img decoding=\"async\" src=\"https:\/\/web.umons.ac.be\/app\/uploads\/sites\/3\/2017\/11\/FPSE.svg\" class=\"training-small-entity-logo\" alt=\"Ic\u00f4ne de Facult\u00e9 \/ FPSE\">\n\t        \t\t\t\t<\/div>\n\t\t\t<div class=\"training-small-degree\">\n\t\t\t\tMaster en\t\t\t<\/div>\n\n\t\t\t<h1 class=\"training-small-title\">Education<\/h1>\n\n\t\t\t\t\t\t<div class=\"training-small-subtitle\">\n\t\t\t\t<strong>Finalit\u00e9 sp\u00e9cialis\u00e9e en enseignement et apprentissages scolaires<\/strong>\n\t\t\t<\/div>\n\t\t\t\t\t<\/header>\n\t\t\t\t<div class=\"training-small-content\">\n\t\t\t<div class=\"training-small-location\">\n\t\t\t\t<span class=\"icon umons-icon-pin\" aria-hidden=\"true\"><\/span>\n\t\t\t\t<span class=\"location\">Charleroi<\/span>\n\t\t\t<\/div>\n\n\t\t\t\t\t\t<div class=\"training-small-side-info\">\n\t\t\t\t<ul class=\"training-small-side-info-list\">\n\t\t\t\t\t\t\t\t\t\t<li>\n\t\t\t\t\t\t<div class=\"training-single-schedule\">\n\t\t\t\t\t\t\t<div class=\"label\">Horaire<\/div>\n\t\t\t\t\t\t\t<div class=\"value\">Horaire d\u00e9cal\u00e9<\/div>\n\t\t\t\t\t\t<\/div>\n\t\t\t\t\t<\/li>\n\t\t\t\t\t\t\t\t\t\t\t\t\t\t\t<li>\n\t\t\t\t\t\t<div class=\"training-single-credits\">\n\t\t\t\t\t\t\t<div class=\"label\">Cr\u00e9dits ECTS<\/div>\n\t\t\t\t\t\t\t<div class=\"value\">120<\/div>\n\t\t\t\t\t\t<\/div>\n\t\t\t\t\t<\/li>\n\t\t\t\t\t\t\t\t\t\t\t\t\t\t\t<li>\n\t\t\t\t\t\t<div class=\"training-single-languages\">\n\t\t\t\t\t\t\t<div class=\"label\">Langue<\/div>\n\t\t\t\t\t\t\t<div class=\"value\">\n\t\t\t\t\t\t\t\t<span class=\"lang\">Fran\u00e7ais<\/span>\n\t\t\t\t\t\t\t<\/div>\n\t\t\t\t\t\t<\/div>\n\t\t\t\t\t<\/li>\n\t\t\t\t\t\t\t\t\t<\/ul>\n\t\t\t<\/div>\n\t\t\t\t\t<\/div>\n\t\t\t<\/a>\n<\/article>\n<end-cask-shortcode-wrapper>\n<start-cask-shortcode-wrapper><article class=\"shortcode-training training-small content-block scheme-fpse\">\n\t<a href=\"https:\/\/web.umons.ac.be\/fpse\/en\/training-offer\/m2-medute-c\/\" class=\"training-link scheme-border-hover\">\n\t\t<header class=\"training-small-header\">\n\t\t\t<div class=\"training-small-entity scheme-color\">\n\t\t\t\tFacult\u00e9 \/ FPSE\t\t\t\t\t           \t<img decoding=\"async\" src=\"https:\/\/web.umons.ac.be\/app\/uploads\/sites\/3\/2017\/11\/FPSE.svg\" class=\"training-small-entity-logo\" alt=\"Ic\u00f4ne de Facult\u00e9 \/ FPSE\">\n\t        \t\t\t\t<\/div>\n\t\t\t<div class=\"training-small-degree\">\n\t\t\t\tMaster en\t\t\t<\/div>\n\n\t\t\t<h1 class=\"training-small-title\">Education<\/h1>\n\n\t\t\t\t\t\t<div class=\"training-small-subtitle\">\n\t\t\t\t<strong>Finalit\u00e9 sp\u00e9cialis\u00e9e en technologie de l'\u00e9ducation<\/strong>\n\t\t\t<\/div>\n\t\t\t\t\t<\/header>\n\t\t\t\t<div class=\"training-small-content\">\n\t\t\t<div class=\"training-small-location\">\n\t\t\t\t<span class=\"icon umons-icon-pin\" aria-hidden=\"true\"><\/span>\n\t\t\t\t<span class=\"location\">Charleroi<\/span>\n\t\t\t<\/div>\n\n\t\t\t\t\t\t<div class=\"training-small-side-info\">\n\t\t\t\t<ul class=\"training-small-side-info-list\">\n\t\t\t\t\t\t\t\t\t\t<li>\n\t\t\t\t\t\t<div class=\"training-single-schedule\">\n\t\t\t\t\t\t\t<div class=\"label\">Horaire<\/div>\n\t\t\t\t\t\t\t<div class=\"value\">Horaire d\u00e9cal\u00e9<\/div>\n\t\t\t\t\t\t<\/div>\n\t\t\t\t\t<\/li>\n\t\t\t\t\t\t\t\t\t\t\t\t\t\t\t<li>\n\t\t\t\t\t\t<div class=\"training-single-credits\">\n\t\t\t\t\t\t\t<div class=\"label\">Cr\u00e9dits ECTS<\/div>\n\t\t\t\t\t\t\t<div class=\"value\">120<\/div>\n\t\t\t\t\t\t<\/div>\n\t\t\t\t\t<\/li>\n\t\t\t\t\t\t\t\t\t\t\t\t\t\t\t<li>\n\t\t\t\t\t\t<div class=\"training-single-languages\">\n\t\t\t\t\t\t\t<div class=\"label\">Langue<\/div>\n\t\t\t\t\t\t\t<div class=\"value\">\n\t\t\t\t\t\t\t\t<span class=\"lang\">Fran\u00e7ais<\/span>\n\t\t\t\t\t\t\t<\/div>\n\t\t\t\t\t\t<\/div>\n\t\t\t\t\t<\/li>\n\t\t\t\t\t\t\t\t\t<\/ul>\n\t\t\t<\/div>\n\t\t\t\t\t<\/div>\n\t\t\t<\/a>\n<\/article>\n<end-cask-shortcode-wrapper>\n","protected":false},"excerpt":{"rendered":"<p>Mons : &nbsp; Charleroi :<\/p>\n","protected":false},"author":3,"featured_media":0,"parent":826,"menu_order":2,"comment_status":"closed","ping_status":"closed","template":"","meta":{"footnotes":""},"class_list":["post-832","page","type-page","status-publish","hentry"],"yoast_head":"<!-- This site is optimized with the Yoast SEO plugin v27.2 - https:\/\/yoast.com\/product\/yoast-seo-wordpress\/ -->\n<title>Master\\&#039;s degree in Education - Facult\u00e9 \/ FPSE<\/title>\n<meta name=\"robots\" content=\"index, follow, max-snippet:-1, max-image-preview:large, max-video-preview:-1\" \/>\n<link rel=\"canonical\" href=\"https:\/\/web.umons.ac.be\/fpse\/en\/loffre-de-formation\/2eme-cycle-master\/master-sciences-de-leducation\/\" \/>\n<meta property=\"og:locale\" content=\"fr_FR\" \/>\n<meta property=\"og:type\" content=\"article\" \/>\n<meta property=\"og:title\" content=\"Master\\&#039;s degree in Education - Facult\u00e9 \/ FPSE\" \/>\n<meta property=\"og:description\" content=\"Mons : &nbsp; Charleroi :\" \/>\n<meta property=\"og:url\" content=\"https:\/\/web.umons.ac.be\/fpse\/en\/loffre-de-formation\/2eme-cycle-master\/master-sciences-de-leducation\/\" \/>\n<meta property=\"og:site_name\" content=\"Facult\u00e9 \/ FPSE\" \/>\n<meta property=\"article:modified_time\" content=\"2026-01-21T10:43:45+00:00\" \/>\n<meta name=\"twitter:card\" content=\"summary_large_image\" \/>\n<meta name=\"twitter:label1\" content=\"Dur\u00e9e de lecture estim\u00e9e\" \/>\n\t<meta name=\"twitter:data1\" content=\"1 minute\" \/>\n<script type=\"application\/ld+json\" class=\"yoast-schema-graph\">{\"@context\":\"https:\/\/schema.org\",\"@graph\":[{\"@type\":\"WebPage\",\"@id\":\"https:\/\/web.umons.ac.be\/fpse\/en\/loffre-de-formation\/2eme-cycle-master\/master-sciences-de-leducation\/\",\"url\":\"https:\/\/web.umons.ac.be\/fpse\/en\/loffre-de-formation\/2eme-cycle-master\/master-sciences-de-leducation\/\",\"name\":\"Master\\\\'s degree in Education - Facult\u00e9 \/ FPSE\",\"isPartOf\":{\"@id\":\"https:\/\/web.umons.ac.be\/fpse\/#website\"},\"datePublished\":\"2018-01-23T11:01:39+00:00\",\"dateModified\":\"2026-01-21T10:43:45+00:00\",\"breadcrumb\":{\"@id\":\"https:\/\/web.umons.ac.be\/fpse\/en\/loffre-de-formation\/2eme-cycle-master\/master-sciences-de-leducation\/#breadcrumb\"},\"inLanguage\":\"fr-FR\",\"potentialAction\":[{\"@type\":\"ReadAction\",\"target\":[\"https:\/\/web.umons.ac.be\/fpse\/en\/loffre-de-formation\/2eme-cycle-master\/master-sciences-de-leducation\/\"]}]},{\"@type\":\"BreadcrumbList\",\"@id\":\"https:\/\/web.umons.ac.be\/fpse\/en\/loffre-de-formation\/2eme-cycle-master\/master-sciences-de-leducation\/#breadcrumb\",\"itemListElement\":[{\"@type\":\"ListItem\",\"position\":1,\"name\":\"Accueil\",\"item\":\"https:\/\/web.umons.ac.be\/fpse\/fr\/\"},{\"@type\":\"ListItem\",\"position\":2,\"name\":\"Training offer\",\"item\":\"https:\/\/web.umons.ac.be\/fpse\/en\/loffre-de-formation\/\"},{\"@type\":\"ListItem\",\"position\":3,\"name\":\"2nd Cycle: Master\",\"item\":\"https:\/\/web.umons.ac.be\/fpse\/en\/loffre-de-formation\/2eme-cycle-master\/\"},{\"@type\":\"ListItem\",\"position\":4,\"name\":\"Master&rsquo;s degree in Education\"}]},{\"@type\":\"WebSite\",\"@id\":\"https:\/\/web.umons.ac.be\/fpse\/#website\",\"url\":\"https:\/\/web.umons.ac.be\/fpse\/\",\"name\":\"Facult\u00e9 \/ FPSE\",\"description\":\"\",\"potentialAction\":[{\"@type\":\"SearchAction\",\"target\":{\"@type\":\"EntryPoint\",\"urlTemplate\":\"https:\/\/web.umons.ac.be\/fpse\/?s={search_term_string}\"},\"query-input\":{\"@type\":\"PropertyValueSpecification\",\"valueRequired\":true,\"valueName\":\"search_term_string\"}}],\"inLanguage\":\"fr-FR\"}]}<\/script>\n<!-- \/ Yoast SEO plugin. -->","yoast_head_json":{"title":"Master\\'s degree in Education - Facult\u00e9 \/ FPSE","robots":{"index":"index","follow":"follow","max-snippet":"max-snippet:-1","max-image-preview":"max-image-preview:large","max-video-preview":"max-video-preview:-1"},"canonical":"https:\/\/web.umons.ac.be\/fpse\/en\/loffre-de-formation\/2eme-cycle-master\/master-sciences-de-leducation\/","og_locale":"fr_FR","og_type":"article","og_title":"Master\\'s degree in Education - Facult\u00e9 \/ FPSE","og_description":"Mons : &nbsp; Charleroi :","og_url":"https:\/\/web.umons.ac.be\/fpse\/en\/loffre-de-formation\/2eme-cycle-master\/master-sciences-de-leducation\/","og_site_name":"Facult\u00e9 \/ FPSE","article_modified_time":"2026-01-21T10:43:45+00:00","twitter_card":"summary_large_image","twitter_misc":{"Dur\u00e9e de lecture estim\u00e9e":"1 minute"},"schema":{"@context":"https:\/\/schema.org","@graph":[{"@type":"WebPage","@id":"https:\/\/web.umons.ac.be\/fpse\/en\/loffre-de-formation\/2eme-cycle-master\/master-sciences-de-leducation\/","url":"https:\/\/web.umons.ac.be\/fpse\/en\/loffre-de-formation\/2eme-cycle-master\/master-sciences-de-leducation\/","name":"Master\\'s degree in Education - Facult\u00e9 \/ FPSE","isPartOf":{"@id":"https:\/\/web.umons.ac.be\/fpse\/#website"},"datePublished":"2018-01-23T11:01:39+00:00","dateModified":"2026-01-21T10:43:45+00:00","breadcrumb":{"@id":"https:\/\/web.umons.ac.be\/fpse\/en\/loffre-de-formation\/2eme-cycle-master\/master-sciences-de-leducation\/#breadcrumb"},"inLanguage":"fr-FR","potentialAction":[{"@type":"ReadAction","target":["https:\/\/web.umons.ac.be\/fpse\/en\/loffre-de-formation\/2eme-cycle-master\/master-sciences-de-leducation\/"]}]},{"@type":"BreadcrumbList","@id":"https:\/\/web.umons.ac.be\/fpse\/en\/loffre-de-formation\/2eme-cycle-master\/master-sciences-de-leducation\/#breadcrumb","itemListElement":[{"@type":"ListItem","position":1,"name":"Accueil","item":"https:\/\/web.umons.ac.be\/fpse\/fr\/"},{"@type":"ListItem","position":2,"name":"Training offer","item":"https:\/\/web.umons.ac.be\/fpse\/en\/loffre-de-formation\/"},{"@type":"ListItem","position":3,"name":"2nd Cycle: Master","item":"https:\/\/web.umons.ac.be\/fpse\/en\/loffre-de-formation\/2eme-cycle-master\/"},{"@type":"ListItem","position":4,"name":"Master&rsquo;s degree in Education"}]},{"@type":"WebSite","@id":"https:\/\/web.umons.ac.be\/fpse\/#website","url":"https:\/\/web.umons.ac.be\/fpse\/","name":"Facult\u00e9 \/ FPSE","description":"","potentialAction":[{"@type":"SearchAction","target":{"@type":"EntryPoint","urlTemplate":"https:\/\/web.umons.ac.be\/fpse\/?s={search_term_string}"},"query-input":{"@type":"PropertyValueSpecification","valueRequired":true,"valueName":"search_term_string"}}],"inLanguage":"fr-FR"}]}},"lang":"en","translations":{"en":832,"fr":736},"pll_sync_post":[],"_links":{"self":[{"href":"https:\/\/web.umons.ac.be\/fpse\/wp-json\/wp\/v2\/pages\/832","targetHints":{"allow":["GET"]}}],"collection":[{"href":"https:\/\/web.umons.ac.be\/fpse\/wp-json\/wp\/v2\/pages"}],"about":[{"href":"https:\/\/web.umons.ac.be\/fpse\/wp-json\/wp\/v2\/types\/page"}],"author":[{"embeddable":true,"href":"https:\/\/web.umons.ac.be\/fpse\/wp-json\/wp\/v2\/users\/3"}],"replies":[{"embeddable":true,"href":"https:\/\/web.umons.ac.be\/fpse\/wp-json\/wp\/v2\/comments?post=832"}],"version-history":[{"count":3,"href":"https:\/\/web.umons.ac.be\/fpse\/wp-json\/wp\/v2\/pages\/832\/revisions"}],"predecessor-version":[{"id":2189,"href":"https:\/\/web.umons.ac.be\/fpse\/wp-json\/wp\/v2\/pages\/832\/revisions\/2189"}],"up":[{"embeddable":true,"href":"https:\/\/web.umons.ac.be\/fpse\/wp-json\/wp\/v2\/pages\/826"}],"wp:attachment":[{"href":"https:\/\/web.umons.ac.be\/fpse\/wp-json\/wp\/v2\/media?parent=832"}],"curies":[{"name":"wp","href":"https:\/\/api.w.org\/{rel}","templated":true}]}}