{"id":85,"date":"2017-04-27T16:42:38","date_gmt":"2017-04-27T14:42:38","guid":{"rendered":"https:\/\/web.umons.ac.be\/faculte\/fpse\/?page_id=85"},"modified":"2023-11-07T14:32:21","modified_gmt":"2023-11-07T13:32:21","slug":"85-2","status":"publish","type":"page","link":"https:\/\/web.umons.ac.be\/fpse\/fr\/admission-inscription\/85-2\/","title":{"rendered":"Statut d&rsquo;auditeur libre"},"content":{"rendered":"<p>Conform\u00e9ment \u00e0 l\u2019article 21 du r\u00e8glement g\u00e9n\u00e9ral de l\u2019Universit\u00e9 de Mons, il est possible de suivre certains enseignements en tant qu\u2019auditeur libre.<\/p>\n<h3><span class=\"ms-rteCustom-TexteBleu\"><br \/>\nUn statut particulier<\/span><\/h3>\n<p><span class=\"ms-rteCustom-Gras\">L\u2019auditeur libre n\u2019est pas un \u00e9tudiant r\u00e9gulier.<\/span> Son statut lui permet de suivre les cours magistraux uniquement ; il n\u2019est pas autoris\u00e9 \u00e0 participer aux travaux pratiques et de laboratoire. Il n\u2019est pas admis \u00e0 pr\u00e9senter les examens et aucun cr\u00e9dit ne peut lui \u00eatre attribu\u00e9 sous ce statut. L\u2019auditeur libre n\u2019est par cons\u00e9quent pas d\u00e9lib\u00e9rable et aucun dipl\u00f4me ou certificat ne peut lui \u00eatre d\u00e9livr\u00e9.<\/p>\n<h3><span class=\"ms-rteCustom-TexteBleu\"><br \/>\nModalit\u00e9s d\u2019inscription<\/span><\/h3>\n<p><span class=\"ms-rteCustom-Gras\">L\u2019inscription en tant qu\u2019auditeur libre doit \u00eatre soumise \u00e0 l\u2019autorisation du Doyen de la Facult\u00e9 concern\u00e9e<\/span>, dans les limites des capacit\u00e9s d\u2019accueil.<\/p>\n<p>Pour ce faire, le candidat introduit une demande \u00e9crite via le <a href=\"https:\/\/web.umons.ac.be\/app\/uploads\/2020\/06\/Auditeur-libre-Formulaire.pdf\" target=\"_blank\" rel=\"noopener\">formulaire ad hoc<\/a> aupr\u00e8s du Doyen de la Facult\u00e9 concern\u00e9e (accompagn\u00e9e d\u2019une lettre de motivation et d\u2019un curriculum vitae).<\/p>\n<p>En cas d\u2019accord, le Secr\u00e9tariat de la Facult\u00e9 lui remet une autorisation sign\u00e9e par le Doyen. Sur pr\u00e9sentation de ce document et moyennant le paiement des droits d\u2019inscription (300 euros), le Service Inscriptions proc\u00e8de \u00e0 son inscription sous le statut d\u2019auditeur libre et lui remet un document attestant de son inscription ainsi qu\u2019un r\u00e8glement sp\u00e9cifique, dont il est tenu d\u2019accuser r\u00e9ception.<\/p>\n","protected":false},"excerpt":{"rendered":"<p>Conform\u00e9ment \u00e0 l\u2019article 21 du r\u00e8glement g\u00e9n\u00e9ral de l\u2019Universit\u00e9 de Mons, il est possible de suivre certains enseignements en tant qu\u2019auditeur libre. Un statut particulier L\u2019auditeur libre n\u2019est pas un \u00e9tudiant r\u00e9gulier. Son statut lui permet de suivre les cours magistraux uniquement ; il n\u2019est pas autoris\u00e9 \u00e0 participer aux travaux pratiques et de laboratoire. [&hellip;]<\/p>\n","protected":false},"author":2,"featured_media":0,"parent":73,"menu_order":3,"comment_status":"closed","ping_status":"closed","template":"","meta":{"footnotes":""},"class_list":["post-85","page","type-page","status-publish","hentry"],"yoast_head":"<!-- This site is optimized with the Yoast SEO plugin v27.2 - https:\/\/yoast.com\/product\/yoast-seo-wordpress\/ -->\n<title>Statut d\\&#039;auditeur libre - Facult\u00e9 \/ FPSE<\/title>\n<meta name=\"robots\" content=\"index, follow, max-snippet:-1, max-image-preview:large, max-video-preview:-1\" \/>\n<link rel=\"canonical\" href=\"https:\/\/web.umons.ac.be\/fpse\/fr\/admission-inscription\/85-2\/\" \/>\n<meta property=\"og:locale\" content=\"fr_FR\" \/>\n<meta property=\"og:type\" content=\"article\" \/>\n<meta property=\"og:title\" content=\"Statut d\\&#039;auditeur libre - Facult\u00e9 \/ FPSE\" \/>\n<meta property=\"og:description\" content=\"Conform\u00e9ment \u00e0 l\u2019article 21 du r\u00e8glement g\u00e9n\u00e9ral de l\u2019Universit\u00e9 de Mons, il est possible de suivre certains enseignements en tant qu\u2019auditeur libre. Un statut particulier L\u2019auditeur libre n\u2019est pas un \u00e9tudiant r\u00e9gulier. Son statut lui permet de suivre les cours magistraux uniquement ; il n\u2019est pas autoris\u00e9 \u00e0 participer aux travaux pratiques et de laboratoire. [&hellip;]\" \/>\n<meta property=\"og:url\" content=\"https:\/\/web.umons.ac.be\/fpse\/fr\/admission-inscription\/85-2\/\" \/>\n<meta property=\"og:site_name\" content=\"Facult\u00e9 \/ FPSE\" \/>\n<meta property=\"article:modified_time\" content=\"2023-11-07T13:32:21+00:00\" \/>\n<meta name=\"twitter:card\" content=\"summary_large_image\" \/>\n<meta name=\"twitter:label1\" content=\"Dur\u00e9e de lecture estim\u00e9e\" \/>\n\t<meta name=\"twitter:data1\" content=\"2 minutes\" \/>\n<script type=\"application\/ld+json\" class=\"yoast-schema-graph\">{\"@context\":\"https:\/\/schema.org\",\"@graph\":[{\"@type\":\"WebPage\",\"@id\":\"https:\/\/web.umons.ac.be\/fpse\/fr\/admission-inscription\/85-2\/\",\"url\":\"https:\/\/web.umons.ac.be\/fpse\/fr\/admission-inscription\/85-2\/\",\"name\":\"Statut d\\\\'auditeur libre - Facult\u00e9 \/ FPSE\",\"isPartOf\":{\"@id\":\"https:\/\/web.umons.ac.be\/fpse\/#website\"},\"datePublished\":\"2017-04-27T14:42:38+00:00\",\"dateModified\":\"2023-11-07T13:32:21+00:00\",\"breadcrumb\":{\"@id\":\"https:\/\/web.umons.ac.be\/fpse\/fr\/admission-inscription\/85-2\/#breadcrumb\"},\"inLanguage\":\"fr-FR\",\"potentialAction\":[{\"@type\":\"ReadAction\",\"target\":[\"https:\/\/web.umons.ac.be\/fpse\/fr\/admission-inscription\/85-2\/\"]}]},{\"@type\":\"BreadcrumbList\",\"@id\":\"https:\/\/web.umons.ac.be\/fpse\/fr\/admission-inscription\/85-2\/#breadcrumb\",\"itemListElement\":[{\"@type\":\"ListItem\",\"position\":1,\"name\":\"Accueil\",\"item\":\"https:\/\/web.umons.ac.be\/fpse\/fr\/\"},{\"@type\":\"ListItem\",\"position\":2,\"name\":\"S&rsquo;inscrire\",\"item\":\"https:\/\/web.umons.ac.be\/fpse\/fr\/admission-inscription\/\"},{\"@type\":\"ListItem\",\"position\":3,\"name\":\"Statut d&rsquo;auditeur libre\"}]},{\"@type\":\"WebSite\",\"@id\":\"https:\/\/web.umons.ac.be\/fpse\/#website\",\"url\":\"https:\/\/web.umons.ac.be\/fpse\/\",\"name\":\"Facult\u00e9 \/ FPSE\",\"description\":\"\",\"potentialAction\":[{\"@type\":\"SearchAction\",\"target\":{\"@type\":\"EntryPoint\",\"urlTemplate\":\"https:\/\/web.umons.ac.be\/fpse\/?s={search_term_string}\"},\"query-input\":{\"@type\":\"PropertyValueSpecification\",\"valueRequired\":true,\"valueName\":\"search_term_string\"}}],\"inLanguage\":\"fr-FR\"}]}<\/script>\n<!-- \/ Yoast SEO plugin. -->","yoast_head_json":{"title":"Statut d\\'auditeur libre - Facult\u00e9 \/ FPSE","robots":{"index":"index","follow":"follow","max-snippet":"max-snippet:-1","max-image-preview":"max-image-preview:large","max-video-preview":"max-video-preview:-1"},"canonical":"https:\/\/web.umons.ac.be\/fpse\/fr\/admission-inscription\/85-2\/","og_locale":"fr_FR","og_type":"article","og_title":"Statut d\\'auditeur libre - Facult\u00e9 \/ FPSE","og_description":"Conform\u00e9ment \u00e0 l\u2019article 21 du r\u00e8glement g\u00e9n\u00e9ral de l\u2019Universit\u00e9 de Mons, il est possible de suivre certains enseignements en tant qu\u2019auditeur libre. Un statut particulier L\u2019auditeur libre n\u2019est pas un \u00e9tudiant r\u00e9gulier. Son statut lui permet de suivre les cours magistraux uniquement ; il n\u2019est pas autoris\u00e9 \u00e0 participer aux travaux pratiques et de laboratoire. [&hellip;]","og_url":"https:\/\/web.umons.ac.be\/fpse\/fr\/admission-inscription\/85-2\/","og_site_name":"Facult\u00e9 \/ FPSE","article_modified_time":"2023-11-07T13:32:21+00:00","twitter_card":"summary_large_image","twitter_misc":{"Dur\u00e9e de lecture estim\u00e9e":"2 minutes"},"schema":{"@context":"https:\/\/schema.org","@graph":[{"@type":"WebPage","@id":"https:\/\/web.umons.ac.be\/fpse\/fr\/admission-inscription\/85-2\/","url":"https:\/\/web.umons.ac.be\/fpse\/fr\/admission-inscription\/85-2\/","name":"Statut d\\'auditeur libre - Facult\u00e9 \/ FPSE","isPartOf":{"@id":"https:\/\/web.umons.ac.be\/fpse\/#website"},"datePublished":"2017-04-27T14:42:38+00:00","dateModified":"2023-11-07T13:32:21+00:00","breadcrumb":{"@id":"https:\/\/web.umons.ac.be\/fpse\/fr\/admission-inscription\/85-2\/#breadcrumb"},"inLanguage":"fr-FR","potentialAction":[{"@type":"ReadAction","target":["https:\/\/web.umons.ac.be\/fpse\/fr\/admission-inscription\/85-2\/"]}]},{"@type":"BreadcrumbList","@id":"https:\/\/web.umons.ac.be\/fpse\/fr\/admission-inscription\/85-2\/#breadcrumb","itemListElement":[{"@type":"ListItem","position":1,"name":"Accueil","item":"https:\/\/web.umons.ac.be\/fpse\/fr\/"},{"@type":"ListItem","position":2,"name":"S&rsquo;inscrire","item":"https:\/\/web.umons.ac.be\/fpse\/fr\/admission-inscription\/"},{"@type":"ListItem","position":3,"name":"Statut d&rsquo;auditeur libre"}]},{"@type":"WebSite","@id":"https:\/\/web.umons.ac.be\/fpse\/#website","url":"https:\/\/web.umons.ac.be\/fpse\/","name":"Facult\u00e9 \/ FPSE","description":"","potentialAction":[{"@type":"SearchAction","target":{"@type":"EntryPoint","urlTemplate":"https:\/\/web.umons.ac.be\/fpse\/?s={search_term_string}"},"query-input":{"@type":"PropertyValueSpecification","valueRequired":true,"valueName":"search_term_string"}}],"inLanguage":"fr-FR"}]}},"lang":"fr","translations":{"fr":85},"pll_sync_post":[],"_links":{"self":[{"href":"https:\/\/web.umons.ac.be\/fpse\/wp-json\/wp\/v2\/pages\/85","targetHints":{"allow":["GET"]}}],"collection":[{"href":"https:\/\/web.umons.ac.be\/fpse\/wp-json\/wp\/v2\/pages"}],"about":[{"href":"https:\/\/web.umons.ac.be\/fpse\/wp-json\/wp\/v2\/types\/page"}],"author":[{"embeddable":true,"href":"https:\/\/web.umons.ac.be\/fpse\/wp-json\/wp\/v2\/users\/2"}],"replies":[{"embeddable":true,"href":"https:\/\/web.umons.ac.be\/fpse\/wp-json\/wp\/v2\/comments?post=85"}],"version-history":[{"count":3,"href":"https:\/\/web.umons.ac.be\/fpse\/wp-json\/wp\/v2\/pages\/85\/revisions"}],"predecessor-version":[{"id":2300,"href":"https:\/\/web.umons.ac.be\/fpse\/wp-json\/wp\/v2\/pages\/85\/revisions\/2300"}],"up":[{"embeddable":true,"href":"https:\/\/web.umons.ac.be\/fpse\/wp-json\/wp\/v2\/pages\/73"}],"wp:attachment":[{"href":"https:\/\/web.umons.ac.be\/fpse\/wp-json\/wp\/v2\/media?parent=85"}],"curies":[{"name":"wp","href":"https:\/\/api.w.org\/{rel}","templated":true}]}}