{"id":94,"date":"2017-04-27T16:47:20","date_gmt":"2017-04-27T14:47:20","guid":{"rendered":"https:\/\/web.umons.ac.be\/faculte\/fpse\/?page_id=94"},"modified":"2019-04-09T11:41:13","modified_gmt":"2019-04-09T09:41:13","slug":"aide-a-reussite","status":"publish","type":"page","link":"https:\/\/web.umons.ac.be\/fpse\/fr\/etudes\/aide-a-reussite\/","title":{"rendered":"Aide \u00e0 la r\u00e9ussite"},"content":{"rendered":"<p><span lang=\"FR-BE\">La Facult\u00e9 de Psychologie et de Sciences de l\u2019Education place au c\u0153ur de ses pr\u00e9occupations la dimension p\u00e9dagogique et, plus pr\u00e9cis\u00e9ment, l\u2019ensemble des mesures pouvant, d\u2019une mani\u00e8re ou d\u2019une autre, concourir \u00e0 la r\u00e9ussite du plus grand nombre d\u2019\u00e9tudiants. <\/span><\/p>\n<p><span lang=\"FR-BE\">Aussi, aux c\u00f4t\u00e9s des actions d\u2019aide \u00e0 la r\u00e9ussite classiquement d\u00e9di\u00e9es aux \u00e9tudiants du premier bloc de bachelier, la Facult\u00e9 de Psychologie et des sciences de l\u2019Education met un point d\u2019honneur \u00e0 proposer diff\u00e9rents types de soutien \u00e0 ses \u00e9tudiants durant l\u2019ensemble de leur parcours. Ces actions visent la r\u00e9ussite de mani\u00e8re directe, en luttant contre l\u2019\u00e9chec par exemple, ou de mani\u00e8re indirecte en visant la motivation et l\u2019<strong>orientation des \u00e9tudiants<\/strong>.<\/span><\/p>\n<figure id=\"attachment_1115\" aria-describedby=\"caption-attachment-1115\" style=\"width: 144px\" class=\"wp-caption alignright\"><img loading=\"lazy\" decoding=\"async\" class=\"wp-image-1115 size-full\" src=\"https:\/\/web.umons.ac.be\/app\/uploads\/sites\/3\/2018\/05\/Image_1.jpg\" alt=\"\" width=\"144\" height=\"280\" srcset=\"https:\/\/web.umons.ac.be\/app\/uploads\/sites\/3\/2018\/05\/Image_1.jpg 144w, https:\/\/web.umons.ac.be\/app\/uploads\/sites\/3\/2018\/05\/Image_1-30x58.jpg 30w, https:\/\/web.umons.ac.be\/app\/uploads\/sites\/3\/2018\/05\/Image_1-31x60.jpg 31w\" sizes=\"auto, (max-width: 144px) 100vw, 144px\" \/><figcaption id=\"caption-attachment-1115\" class=\"wp-caption-text\">Application du mod\u00e8le de Salmon, De Ketele et Parmentier (2007) des r\u00e9alisations d&rsquo;aide \u00e0 la r\u00e9ussite pour la FPSE<\/figcaption><\/figure>\n<p><span lang=\"FR-BE\">Les diff\u00e9rentes r\u00e9alisations en la mati\u00e8re de la facult\u00e9 sont pr\u00e9sent\u00e9es \u00e0 la suite. Elles s\u2019articulent autour du mod\u00e8le de Salmon, De Ketele et Parmentier (2007) structurant les activit\u00e9s p\u00e9dagogiques autour de 7 axes\u00a0: <\/span><\/p>\n<ul>\n<li><span lang=\"FR-BE\">le public vis\u00e9 (qui\u00a0?), <\/span><\/li>\n<li><span lang=\"FR-BE\">le moment auquel l\u2019action prend lieu (quand\u00a0?), <\/span><\/li>\n<li><span lang=\"FR-BE\">l\u2019identification d\u2019une personne accompagnatrice (par qui\u00a0?), <\/span><\/li>\n<li><span lang=\"FR-BE\">l\u2019objet vis\u00e9 par l\u2019action p\u00e9dagogique (sur quoi\u00a0?), <\/span><\/li>\n<li><span lang=\"FR-BE\">le but recherch\u00e9 (pourquoi\u00a0?), <\/span><\/li>\n<li><span lang=\"FR-BE\">les outils mobilis\u00e9s (avec quoi\u00a0?) <\/span><\/li>\n<li><span lang=\"FR-BE\">et, finalement, les moyens logistiques d\u00e9ploy\u00e9s (o\u00f9\u00a0?).<\/span><\/li>\n<\/ul>\n<p><span lang=\"FR-BE\">Consid\u00e9rant cette description de l\u2019aide \u00e0 la r\u00e9ussite, la Facult\u00e9 de Psychologie et des Sciences de l\u2019Education peut se pr\u00e9valoir de la mise sur pied de plus de 10 r\u00e9alisations visant la r\u00e9ussite de ses \u00e9tudiants.<\/span><\/p>\n<p><span lang=\"FR-BE\">\u00a0La figure suivante synth\u00e9tise ces actions et en caract\u00e9rise la nature :<\/span><\/p>\n<p><a href=\"https:\/\/web.umons.ac.be\/fpse\/fr\/etudes\/aide-a-reussite\/propedeutique-2\/\"><img loading=\"lazy\" decoding=\"async\" class=\"alignnone wp-image-1141 size-full\" src=\"https:\/\/web.umons.ac.be\/app\/uploads\/sites\/3\/2018\/05\/Image_2.png\" alt=\"\" width=\"883\" height=\"139\" srcset=\"https:\/\/web.umons.ac.be\/app\/uploads\/sites\/3\/2018\/05\/Image_2.png 883w, https:\/\/web.umons.ac.be\/app\/uploads\/sites\/3\/2018\/05\/Image_2-300x47.png 300w, https:\/\/web.umons.ac.be\/app\/uploads\/sites\/3\/2018\/05\/Image_2-768x121.png 768w, https:\/\/web.umons.ac.be\/app\/uploads\/sites\/3\/2018\/05\/Image_2-30x5.png 30w, https:\/\/web.umons.ac.be\/app\/uploads\/sites\/3\/2018\/05\/Image_2-60x9.png 60w, https:\/\/web.umons.ac.be\/app\/uploads\/sites\/3\/2018\/05\/Image_2-360x57.png 360w\" sizes=\"auto, (max-width: 883px) 100vw, 883px\" \/><\/a><\/p>\n<p><a href=\"https:\/\/web.umons.ac.be\/fpse\/fr\/etudes\/aide-a-reussite\/adaptation-pedagogique-2\/\"><img loading=\"lazy\" decoding=\"async\" class=\"alignnone wp-image-1139 size-full\" src=\"https:\/\/web.umons.ac.be\/app\/uploads\/sites\/3\/2018\/05\/Image_3.png\" alt=\"\" width=\"883\" height=\"133\" srcset=\"https:\/\/web.umons.ac.be\/app\/uploads\/sites\/3\/2018\/05\/Image_3.png 883w, https:\/\/web.umons.ac.be\/app\/uploads\/sites\/3\/2018\/05\/Image_3-300x45.png 300w, https:\/\/web.umons.ac.be\/app\/uploads\/sites\/3\/2018\/05\/Image_3-768x116.png 768w, https:\/\/web.umons.ac.be\/app\/uploads\/sites\/3\/2018\/05\/Image_3-30x5.png 30w, https:\/\/web.umons.ac.be\/app\/uploads\/sites\/3\/2018\/05\/Image_3-60x9.png 60w, https:\/\/web.umons.ac.be\/app\/uploads\/sites\/3\/2018\/05\/Image_3-360x54.png 360w\" sizes=\"auto, (max-width: 883px) 100vw, 883px\" \/><\/a><\/p>\n<p><a href=\"https:\/\/web.umons.ac.be\/fpse\/fr\/etudes\/aide-a-reussite\/orientation-2\/\"><img loading=\"lazy\" decoding=\"async\" class=\"alignnone wp-image-1142 size-full\" src=\"https:\/\/web.umons.ac.be\/app\/uploads\/sites\/3\/2018\/05\/Image_4.png\" alt=\"\" width=\"882\" height=\"142\" srcset=\"https:\/\/web.umons.ac.be\/app\/uploads\/sites\/3\/2018\/05\/Image_4.png 882w, https:\/\/web.umons.ac.be\/app\/uploads\/sites\/3\/2018\/05\/Image_4-300x48.png 300w, https:\/\/web.umons.ac.be\/app\/uploads\/sites\/3\/2018\/05\/Image_4-768x124.png 768w, https:\/\/web.umons.ac.be\/app\/uploads\/sites\/3\/2018\/05\/Image_4-30x5.png 30w, https:\/\/web.umons.ac.be\/app\/uploads\/sites\/3\/2018\/05\/Image_4-60x10.png 60w, https:\/\/web.umons.ac.be\/app\/uploads\/sites\/3\/2018\/05\/Image_4-360x58.png 360w\" sizes=\"auto, (max-width: 882px) 100vw, 882px\" \/><\/a><\/p>\n<p><a href=\"https:\/\/web.umons.ac.be\/fpse\/fr\/etudes\/aide-a-reussite\/outils\/\"><img loading=\"lazy\" decoding=\"async\" class=\"alignnone wp-image-1143 size-full\" src=\"https:\/\/web.umons.ac.be\/app\/uploads\/sites\/3\/2018\/05\/Image_5.png\" alt=\"\" width=\"878\" height=\"131\" srcset=\"https:\/\/web.umons.ac.be\/app\/uploads\/sites\/3\/2018\/05\/Image_5.png 878w, https:\/\/web.umons.ac.be\/app\/uploads\/sites\/3\/2018\/05\/Image_5-300x45.png 300w, https:\/\/web.umons.ac.be\/app\/uploads\/sites\/3\/2018\/05\/Image_5-768x115.png 768w, https:\/\/web.umons.ac.be\/app\/uploads\/sites\/3\/2018\/05\/Image_5-30x4.png 30w, https:\/\/web.umons.ac.be\/app\/uploads\/sites\/3\/2018\/05\/Image_5-60x9.png 60w, https:\/\/web.umons.ac.be\/app\/uploads\/sites\/3\/2018\/05\/Image_5-360x54.png 360w\" sizes=\"auto, (max-width: 878px) 100vw, 878px\" \/><\/a><\/p>\n<p>&nbsp;<\/p>\n<p>&nbsp;<\/p>\n<p>&nbsp;<\/p>\n","protected":false},"excerpt":{"rendered":"<p>La Facult\u00e9 de Psychologie et de Sciences de l\u2019Education place au c\u0153ur de ses pr\u00e9occupations la dimension p\u00e9dagogique et, plus pr\u00e9cis\u00e9ment, l\u2019ensemble des mesures pouvant, d\u2019une mani\u00e8re ou d\u2019une autre, concourir \u00e0 la r\u00e9ussite du plus grand nombre d\u2019\u00e9tudiants. Aussi, aux c\u00f4t\u00e9s des actions d\u2019aide \u00e0 la r\u00e9ussite classiquement d\u00e9di\u00e9es aux \u00e9tudiants du premier bloc [&hellip;]<\/p>\n","protected":false},"author":2,"featured_media":0,"parent":700,"menu_order":2,"comment_status":"closed","ping_status":"closed","template":"","meta":{"footnotes":""},"class_list":["post-94","page","type-page","status-publish","hentry"],"yoast_head":"<!-- This site is optimized with the Yoast SEO plugin v27.2 - https:\/\/yoast.com\/product\/yoast-seo-wordpress\/ -->\n<title>Aide \u00e0 la r\u00e9ussite - Facult\u00e9 \/ FPSE<\/title>\n<meta name=\"robots\" content=\"index, follow, max-snippet:-1, max-image-preview:large, max-video-preview:-1\" \/>\n<link rel=\"canonical\" href=\"https:\/\/web.umons.ac.be\/fpse\/fr\/etudes\/aide-a-reussite\/\" \/>\n<meta property=\"og:locale\" content=\"fr_FR\" \/>\n<meta property=\"og:type\" content=\"article\" \/>\n<meta property=\"og:title\" content=\"Aide \u00e0 la r\u00e9ussite - Facult\u00e9 \/ FPSE\" \/>\n<meta property=\"og:description\" content=\"La Facult\u00e9 de Psychologie et de Sciences de l\u2019Education place au c\u0153ur de ses pr\u00e9occupations la dimension p\u00e9dagogique et, plus pr\u00e9cis\u00e9ment, l\u2019ensemble des mesures pouvant, d\u2019une mani\u00e8re ou d\u2019une autre, concourir \u00e0 la r\u00e9ussite du plus grand nombre d\u2019\u00e9tudiants. Aussi, aux c\u00f4t\u00e9s des actions d\u2019aide \u00e0 la r\u00e9ussite classiquement d\u00e9di\u00e9es aux \u00e9tudiants du premier bloc [&hellip;]\" \/>\n<meta property=\"og:url\" content=\"https:\/\/web.umons.ac.be\/fpse\/fr\/etudes\/aide-a-reussite\/\" \/>\n<meta property=\"og:site_name\" content=\"Facult\u00e9 \/ FPSE\" \/>\n<meta property=\"article:modified_time\" content=\"2019-04-09T09:41:13+00:00\" \/>\n<meta property=\"og:image\" content=\"https:\/\/web.umons.ac.be\/app\/uploads\/sites\/3\/2018\/05\/Image_1.jpg\" \/>\n<meta name=\"twitter:card\" content=\"summary_large_image\" \/>\n<meta name=\"twitter:label1\" content=\"Dur\u00e9e de lecture estim\u00e9e\" \/>\n\t<meta name=\"twitter:data1\" content=\"2 minutes\" \/>\n<script type=\"application\/ld+json\" class=\"yoast-schema-graph\">{\"@context\":\"https:\/\/schema.org\",\"@graph\":[{\"@type\":\"WebPage\",\"@id\":\"https:\/\/web.umons.ac.be\/fpse\/fr\/etudes\/aide-a-reussite\/\",\"url\":\"https:\/\/web.umons.ac.be\/fpse\/fr\/etudes\/aide-a-reussite\/\",\"name\":\"Aide \u00e0 la r\u00e9ussite - Facult\u00e9 \/ FPSE\",\"isPartOf\":{\"@id\":\"https:\/\/web.umons.ac.be\/fpse\/#website\"},\"primaryImageOfPage\":{\"@id\":\"https:\/\/web.umons.ac.be\/fpse\/fr\/etudes\/aide-a-reussite\/#primaryimage\"},\"image\":{\"@id\":\"https:\/\/web.umons.ac.be\/fpse\/fr\/etudes\/aide-a-reussite\/#primaryimage\"},\"thumbnailUrl\":\"https:\/\/web.umons.ac.be\/app\/uploads\/sites\/3\/2018\/05\/Image_1.jpg\",\"datePublished\":\"2017-04-27T14:47:20+00:00\",\"dateModified\":\"2019-04-09T09:41:13+00:00\",\"breadcrumb\":{\"@id\":\"https:\/\/web.umons.ac.be\/fpse\/fr\/etudes\/aide-a-reussite\/#breadcrumb\"},\"inLanguage\":\"fr-FR\",\"potentialAction\":[{\"@type\":\"ReadAction\",\"target\":[\"https:\/\/web.umons.ac.be\/fpse\/fr\/etudes\/aide-a-reussite\/\"]}]},{\"@type\":\"ImageObject\",\"inLanguage\":\"fr-FR\",\"@id\":\"https:\/\/web.umons.ac.be\/fpse\/fr\/etudes\/aide-a-reussite\/#primaryimage\",\"url\":\"https:\/\/web.umons.ac.be\/app\/uploads\/sites\/3\/2018\/05\/Image_1.jpg\",\"contentUrl\":\"https:\/\/web.umons.ac.be\/app\/uploads\/sites\/3\/2018\/05\/Image_1.jpg\"},{\"@type\":\"BreadcrumbList\",\"@id\":\"https:\/\/web.umons.ac.be\/fpse\/fr\/etudes\/aide-a-reussite\/#breadcrumb\",\"itemListElement\":[{\"@type\":\"ListItem\",\"position\":1,\"name\":\"Accueil\",\"item\":\"https:\/\/web.umons.ac.be\/fpse\/fr\/\"},{\"@type\":\"ListItem\",\"position\":2,\"name\":\"Etudes\",\"item\":\"https:\/\/web.umons.ac.be\/fpse\/fr\/etudes\/\"},{\"@type\":\"ListItem\",\"position\":3,\"name\":\"Aide \u00e0 la r\u00e9ussite\"}]},{\"@type\":\"WebSite\",\"@id\":\"https:\/\/web.umons.ac.be\/fpse\/#website\",\"url\":\"https:\/\/web.umons.ac.be\/fpse\/\",\"name\":\"Facult\u00e9 \/ FPSE\",\"description\":\"\",\"potentialAction\":[{\"@type\":\"SearchAction\",\"target\":{\"@type\":\"EntryPoint\",\"urlTemplate\":\"https:\/\/web.umons.ac.be\/fpse\/?s={search_term_string}\"},\"query-input\":{\"@type\":\"PropertyValueSpecification\",\"valueRequired\":true,\"valueName\":\"search_term_string\"}}],\"inLanguage\":\"fr-FR\"}]}<\/script>\n<!-- \/ Yoast SEO plugin. -->","yoast_head_json":{"title":"Aide \u00e0 la r\u00e9ussite - Facult\u00e9 \/ FPSE","robots":{"index":"index","follow":"follow","max-snippet":"max-snippet:-1","max-image-preview":"max-image-preview:large","max-video-preview":"max-video-preview:-1"},"canonical":"https:\/\/web.umons.ac.be\/fpse\/fr\/etudes\/aide-a-reussite\/","og_locale":"fr_FR","og_type":"article","og_title":"Aide \u00e0 la r\u00e9ussite - Facult\u00e9 \/ FPSE","og_description":"La Facult\u00e9 de Psychologie et de Sciences de l\u2019Education place au c\u0153ur de ses pr\u00e9occupations la dimension p\u00e9dagogique et, plus pr\u00e9cis\u00e9ment, l\u2019ensemble des mesures pouvant, d\u2019une mani\u00e8re ou d\u2019une autre, concourir \u00e0 la r\u00e9ussite du plus grand nombre d\u2019\u00e9tudiants. Aussi, aux c\u00f4t\u00e9s des actions d\u2019aide \u00e0 la r\u00e9ussite classiquement d\u00e9di\u00e9es aux \u00e9tudiants du premier bloc [&hellip;]","og_url":"https:\/\/web.umons.ac.be\/fpse\/fr\/etudes\/aide-a-reussite\/","og_site_name":"Facult\u00e9 \/ FPSE","article_modified_time":"2019-04-09T09:41:13+00:00","og_image":[{"url":"https:\/\/web.umons.ac.be\/app\/uploads\/sites\/3\/2018\/05\/Image_1.jpg","type":"","width":"","height":""}],"twitter_card":"summary_large_image","twitter_misc":{"Dur\u00e9e de lecture estim\u00e9e":"2 minutes"},"schema":{"@context":"https:\/\/schema.org","@graph":[{"@type":"WebPage","@id":"https:\/\/web.umons.ac.be\/fpse\/fr\/etudes\/aide-a-reussite\/","url":"https:\/\/web.umons.ac.be\/fpse\/fr\/etudes\/aide-a-reussite\/","name":"Aide \u00e0 la r\u00e9ussite - Facult\u00e9 \/ FPSE","isPartOf":{"@id":"https:\/\/web.umons.ac.be\/fpse\/#website"},"primaryImageOfPage":{"@id":"https:\/\/web.umons.ac.be\/fpse\/fr\/etudes\/aide-a-reussite\/#primaryimage"},"image":{"@id":"https:\/\/web.umons.ac.be\/fpse\/fr\/etudes\/aide-a-reussite\/#primaryimage"},"thumbnailUrl":"https:\/\/web.umons.ac.be\/app\/uploads\/sites\/3\/2018\/05\/Image_1.jpg","datePublished":"2017-04-27T14:47:20+00:00","dateModified":"2019-04-09T09:41:13+00:00","breadcrumb":{"@id":"https:\/\/web.umons.ac.be\/fpse\/fr\/etudes\/aide-a-reussite\/#breadcrumb"},"inLanguage":"fr-FR","potentialAction":[{"@type":"ReadAction","target":["https:\/\/web.umons.ac.be\/fpse\/fr\/etudes\/aide-a-reussite\/"]}]},{"@type":"ImageObject","inLanguage":"fr-FR","@id":"https:\/\/web.umons.ac.be\/fpse\/fr\/etudes\/aide-a-reussite\/#primaryimage","url":"https:\/\/web.umons.ac.be\/app\/uploads\/sites\/3\/2018\/05\/Image_1.jpg","contentUrl":"https:\/\/web.umons.ac.be\/app\/uploads\/sites\/3\/2018\/05\/Image_1.jpg"},{"@type":"BreadcrumbList","@id":"https:\/\/web.umons.ac.be\/fpse\/fr\/etudes\/aide-a-reussite\/#breadcrumb","itemListElement":[{"@type":"ListItem","position":1,"name":"Accueil","item":"https:\/\/web.umons.ac.be\/fpse\/fr\/"},{"@type":"ListItem","position":2,"name":"Etudes","item":"https:\/\/web.umons.ac.be\/fpse\/fr\/etudes\/"},{"@type":"ListItem","position":3,"name":"Aide \u00e0 la r\u00e9ussite"}]},{"@type":"WebSite","@id":"https:\/\/web.umons.ac.be\/fpse\/#website","url":"https:\/\/web.umons.ac.be\/fpse\/","name":"Facult\u00e9 \/ FPSE","description":"","potentialAction":[{"@type":"SearchAction","target":{"@type":"EntryPoint","urlTemplate":"https:\/\/web.umons.ac.be\/fpse\/?s={search_term_string}"},"query-input":{"@type":"PropertyValueSpecification","valueRequired":true,"valueName":"search_term_string"}}],"inLanguage":"fr-FR"}]}},"lang":"fr","translations":{"fr":94,"en":861},"pll_sync_post":[],"_links":{"self":[{"href":"https:\/\/web.umons.ac.be\/fpse\/wp-json\/wp\/v2\/pages\/94","targetHints":{"allow":["GET"]}}],"collection":[{"href":"https:\/\/web.umons.ac.be\/fpse\/wp-json\/wp\/v2\/pages"}],"about":[{"href":"https:\/\/web.umons.ac.be\/fpse\/wp-json\/wp\/v2\/types\/page"}],"author":[{"embeddable":true,"href":"https:\/\/web.umons.ac.be\/fpse\/wp-json\/wp\/v2\/users\/2"}],"replies":[{"embeddable":true,"href":"https:\/\/web.umons.ac.be\/fpse\/wp-json\/wp\/v2\/comments?post=94"}],"version-history":[{"count":10,"href":"https:\/\/web.umons.ac.be\/fpse\/wp-json\/wp\/v2\/pages\/94\/revisions"}],"predecessor-version":[{"id":1144,"href":"https:\/\/web.umons.ac.be\/fpse\/wp-json\/wp\/v2\/pages\/94\/revisions\/1144"}],"up":[{"embeddable":true,"href":"https:\/\/web.umons.ac.be\/fpse\/wp-json\/wp\/v2\/pages\/700"}],"wp:attachment":[{"href":"https:\/\/web.umons.ac.be\/fpse\/wp-json\/wp\/v2\/media?parent=94"}],"curies":[{"name":"wp","href":"https:\/\/api.w.org\/{rel}","templated":true}]}}