{"id":97,"date":"2017-04-27T16:48:07","date_gmt":"2017-04-27T14:48:07","guid":{"rendered":"https:\/\/web.umons.ac.be\/faculte\/fpse\/?page_id=97"},"modified":"2021-03-26T09:29:26","modified_gmt":"2021-03-26T08:29:26","slug":"propedeutique-2","status":"publish","type":"page","link":"https:\/\/web.umons.ac.be\/fpse\/fr\/etudes\/aide-a-reussite\/propedeutique-2\/","title":{"rendered":"Prop\u00e9deutique"},"content":{"rendered":"<h3><span style=\"font-weight: inherit; font-style: inherit;\">Accueil des rh\u00e9toriciens\u00a0<\/span><\/h3>\n<p>La Facult\u00e9 de Psychologie et des Sciences de l\u2019Education (FPSE) ouvre les portes de ses auditoires aux \u00e9tudiants du secondaire \u00e0 l\u2019occasion des <strong>\u00ab\u00a0<a href=\"https:\/\/www.umons.ac.be\/cours-ouverts\" target=\"_blank\" rel=\"noopener\">cours ouverts<\/a>\u00a0\u00bb <\/strong> \u00e0 deux moments de l\u2019ann\u00e9e\u00a0: durant les vacances de Toussaint et les vacances de Carnaval.<\/p>\n<p>Dans le cadre de cet accueil, la Facult\u00e9 est particuli\u00e8rement attentive \u00e0 ce que l\u2019exp\u00e9rience des \u00e9tudiants de \u00ab\u00a0rh\u00e9to\u00a0\u00bb soit la plus b\u00e9n\u00e9fique\u00a0pour eux.<\/p>\n<p><span style=\"font-weight: inherit; font-style: inherit;\">A ce titre, un programme tout \u00e0 fait adapt\u00e9 est propos\u00e9. La semaine commence par un accueil des autorit\u00e9s institutionnelles<\/span><span style=\"font-weight: inherit; font-style: inherit;\">\u2009<\/span><span style=\"font-weight: inherit; font-style: inherit;\">; il est suivi par la d\u00e9couverte, encadr\u00e9e par les repr\u00e9sentants \u00e9tudiants, des diff\u00e9rents espaces de la Facult\u00e9. \u00c0 la suite de ce premier temps, les \u00e9tudiants sont accueillis par le Doyen qui leur pr\u00e9sente les sp\u00e9cificit\u00e9s de la Facult\u00e9. Les \u00e9l\u00e8ves du secondaire sont dans un premier temps invit\u00e9s \u00e0 participer \u00e0 des activit\u00e9s adapt\u00e9es leur permettant de se familiariser avec la vie facultaire. Ensuite, l\u2019ensemble de la semaine est compos\u00e9 d\u2019une s\u00e9rie de cours \u00ab\u00a0classiques\u00a0\u00bb auxquels les \u00e9tudiants peuvent librement participer, ce qui leur permet de s\u2019immerger r\u00e9ellement dans un \u00ab\u00a0cours universitaire en auditoire\u00a0\u00bb. <\/span><\/p>\n<h3><span style=\"font-weight: inherit; font-style: inherit;\">Cours introductifs\u00a0<\/span><\/h3>\n<p><span style=\"font-weight: inherit; font-style: inherit;\">Propos\u00e9s en amont du d\u00e9but de la premi\u00e8re ann\u00e9e de bloc\u00a01 de bachelier, ces cours non obligatoires ambitionnent :<\/span><\/p>\n<ol>\n<li style=\"font-weight: inherit; font-style: inherit;\"><span style=\"font-weight: inherit; font-style: inherit;\">de pr\u00e9parer les \u00e9tudiants au mode p\u00e9dagogique caract\u00e9ristique des cours universitaires<\/span><\/li>\n<li style=\"font-weight: inherit; font-style: inherit;\"><span style=\"font-weight: inherit; font-style: inherit;\">\u00a0de permettre aux \u00e9tudiants d\u2019\u00eatre davantage inform\u00e9s des types de contenus allant \u00eatre dispens\u00e9s dans le cadre des cours dispens\u00e9s durant l\u2019ann\u00e9e acad\u00e9mique.<\/span><\/li>\n<\/ol>\n<p><span style=\"font-weight: inherit; font-style: inherit;\">\u00a0A cette occasion, le <a style=\"font-weight: inherit; font-style: inherit;\" href=\"https:\/\/web.umons.ac.be\/fr\/enseignement\/appui-pedagogique\/\" target=\"_blank\" rel=\"noopener\">Service d\u2019Appui P\u00e9dagogique de l\u2019Universit\u00e9 <\/a>(SAP) organise le projet <a style=\"font-weight: inherit; font-style: inherit;\" href=\"https:\/\/web.umons.ac.be\/fr\/rdv-rhetos\/welcome-week-et-cours-introductifs\/\" target=\"_blank\" rel=\"noopener\">\u00ab\u00a0Welcome week \u00bb<\/a> lequel pr\u00e9sente une s\u00e9rie d\u2019activit\u00e9s sp\u00e9cifiques qui mettent l\u2019accent sur l\u2019accompagnement des nouveaux \u00e9tudiants de premi\u00e8re ann\u00e9e, afin de leur permettre de vivre une meilleure transition entre le secondaire et l\u2019Universit\u00e9.<\/span><\/p>\n<p>&nbsp;<\/p>\n","protected":false},"excerpt":{"rendered":"<p>Accueil des rh\u00e9toriciens\u00a0 La Facult\u00e9 de Psychologie et des Sciences de l\u2019Education (FPSE) ouvre les portes de ses auditoires aux \u00e9tudiants du secondaire \u00e0 l\u2019occasion des \u00ab\u00a0cours ouverts\u00a0\u00bb \u00e0 deux moments de l\u2019ann\u00e9e\u00a0: durant les vacances de Toussaint et les vacances de Carnaval. Dans le cadre de cet accueil, la Facult\u00e9 est particuli\u00e8rement attentive \u00e0 [&hellip;]<\/p>\n","protected":false},"author":2,"featured_media":0,"parent":94,"menu_order":1,"comment_status":"closed","ping_status":"closed","template":"","meta":{"footnotes":""},"class_list":["post-97","page","type-page","status-publish","hentry"],"yoast_head":"<!-- This site is optimized with the Yoast SEO plugin v27.2 - https:\/\/yoast.com\/product\/yoast-seo-wordpress\/ -->\n<title>Prop\u00e9deutique - Facult\u00e9 \/ FPSE<\/title>\n<meta name=\"robots\" content=\"index, follow, max-snippet:-1, max-image-preview:large, max-video-preview:-1\" \/>\n<link rel=\"canonical\" href=\"https:\/\/web.umons.ac.be\/fpse\/fr\/etudes\/aide-a-reussite\/propedeutique-2\/\" \/>\n<meta property=\"og:locale\" content=\"fr_FR\" \/>\n<meta property=\"og:type\" content=\"article\" \/>\n<meta property=\"og:title\" content=\"Prop\u00e9deutique - Facult\u00e9 \/ FPSE\" \/>\n<meta property=\"og:description\" content=\"Accueil des rh\u00e9toriciens\u00a0 La Facult\u00e9 de Psychologie et des Sciences de l\u2019Education (FPSE) ouvre les portes de ses auditoires aux \u00e9tudiants du secondaire \u00e0 l\u2019occasion des \u00ab\u00a0cours ouverts\u00a0\u00bb \u00e0 deux moments de l\u2019ann\u00e9e\u00a0: durant les vacances de Toussaint et les vacances de Carnaval. Dans le cadre de cet accueil, la Facult\u00e9 est particuli\u00e8rement attentive \u00e0 [&hellip;]\" \/>\n<meta property=\"og:url\" content=\"https:\/\/web.umons.ac.be\/fpse\/fr\/etudes\/aide-a-reussite\/propedeutique-2\/\" \/>\n<meta property=\"og:site_name\" content=\"Facult\u00e9 \/ FPSE\" \/>\n<meta property=\"article:modified_time\" content=\"2021-03-26T08:29:26+00:00\" \/>\n<meta name=\"twitter:card\" content=\"summary_large_image\" \/>\n<meta name=\"twitter:label1\" content=\"Dur\u00e9e de lecture estim\u00e9e\" \/>\n\t<meta name=\"twitter:data1\" content=\"2 minutes\" \/>\n<script type=\"application\/ld+json\" class=\"yoast-schema-graph\">{\"@context\":\"https:\/\/schema.org\",\"@graph\":[{\"@type\":\"WebPage\",\"@id\":\"https:\/\/web.umons.ac.be\/fpse\/fr\/etudes\/aide-a-reussite\/propedeutique-2\/\",\"url\":\"https:\/\/web.umons.ac.be\/fpse\/fr\/etudes\/aide-a-reussite\/propedeutique-2\/\",\"name\":\"Prop\u00e9deutique - Facult\u00e9 \/ FPSE\",\"isPartOf\":{\"@id\":\"https:\/\/web.umons.ac.be\/fpse\/#website\"},\"datePublished\":\"2017-04-27T14:48:07+00:00\",\"dateModified\":\"2021-03-26T08:29:26+00:00\",\"breadcrumb\":{\"@id\":\"https:\/\/web.umons.ac.be\/fpse\/fr\/etudes\/aide-a-reussite\/propedeutique-2\/#breadcrumb\"},\"inLanguage\":\"fr-FR\",\"potentialAction\":[{\"@type\":\"ReadAction\",\"target\":[\"https:\/\/web.umons.ac.be\/fpse\/fr\/etudes\/aide-a-reussite\/propedeutique-2\/\"]}]},{\"@type\":\"BreadcrumbList\",\"@id\":\"https:\/\/web.umons.ac.be\/fpse\/fr\/etudes\/aide-a-reussite\/propedeutique-2\/#breadcrumb\",\"itemListElement\":[{\"@type\":\"ListItem\",\"position\":1,\"name\":\"Accueil\",\"item\":\"https:\/\/web.umons.ac.be\/fpse\/fr\/\"},{\"@type\":\"ListItem\",\"position\":2,\"name\":\"Etudes\",\"item\":\"https:\/\/web.umons.ac.be\/fpse\/fr\/etudes\/\"},{\"@type\":\"ListItem\",\"position\":3,\"name\":\"Aide \u00e0 la r\u00e9ussite\",\"item\":\"https:\/\/web.umons.ac.be\/fpse\/fr\/etudes\/aide-a-reussite\/\"},{\"@type\":\"ListItem\",\"position\":4,\"name\":\"Prop\u00e9deutique\"}]},{\"@type\":\"WebSite\",\"@id\":\"https:\/\/web.umons.ac.be\/fpse\/#website\",\"url\":\"https:\/\/web.umons.ac.be\/fpse\/\",\"name\":\"Facult\u00e9 \/ FPSE\",\"description\":\"\",\"potentialAction\":[{\"@type\":\"SearchAction\",\"target\":{\"@type\":\"EntryPoint\",\"urlTemplate\":\"https:\/\/web.umons.ac.be\/fpse\/?s={search_term_string}\"},\"query-input\":{\"@type\":\"PropertyValueSpecification\",\"valueRequired\":true,\"valueName\":\"search_term_string\"}}],\"inLanguage\":\"fr-FR\"}]}<\/script>\n<!-- \/ Yoast SEO plugin. -->","yoast_head_json":{"title":"Prop\u00e9deutique - Facult\u00e9 \/ FPSE","robots":{"index":"index","follow":"follow","max-snippet":"max-snippet:-1","max-image-preview":"max-image-preview:large","max-video-preview":"max-video-preview:-1"},"canonical":"https:\/\/web.umons.ac.be\/fpse\/fr\/etudes\/aide-a-reussite\/propedeutique-2\/","og_locale":"fr_FR","og_type":"article","og_title":"Prop\u00e9deutique - Facult\u00e9 \/ FPSE","og_description":"Accueil des rh\u00e9toriciens\u00a0 La Facult\u00e9 de Psychologie et des Sciences de l\u2019Education (FPSE) ouvre les portes de ses auditoires aux \u00e9tudiants du secondaire \u00e0 l\u2019occasion des \u00ab\u00a0cours ouverts\u00a0\u00bb \u00e0 deux moments de l\u2019ann\u00e9e\u00a0: durant les vacances de Toussaint et les vacances de Carnaval. Dans le cadre de cet accueil, la Facult\u00e9 est particuli\u00e8rement attentive \u00e0 [&hellip;]","og_url":"https:\/\/web.umons.ac.be\/fpse\/fr\/etudes\/aide-a-reussite\/propedeutique-2\/","og_site_name":"Facult\u00e9 \/ FPSE","article_modified_time":"2021-03-26T08:29:26+00:00","twitter_card":"summary_large_image","twitter_misc":{"Dur\u00e9e de lecture estim\u00e9e":"2 minutes"},"schema":{"@context":"https:\/\/schema.org","@graph":[{"@type":"WebPage","@id":"https:\/\/web.umons.ac.be\/fpse\/fr\/etudes\/aide-a-reussite\/propedeutique-2\/","url":"https:\/\/web.umons.ac.be\/fpse\/fr\/etudes\/aide-a-reussite\/propedeutique-2\/","name":"Prop\u00e9deutique - Facult\u00e9 \/ FPSE","isPartOf":{"@id":"https:\/\/web.umons.ac.be\/fpse\/#website"},"datePublished":"2017-04-27T14:48:07+00:00","dateModified":"2021-03-26T08:29:26+00:00","breadcrumb":{"@id":"https:\/\/web.umons.ac.be\/fpse\/fr\/etudes\/aide-a-reussite\/propedeutique-2\/#breadcrumb"},"inLanguage":"fr-FR","potentialAction":[{"@type":"ReadAction","target":["https:\/\/web.umons.ac.be\/fpse\/fr\/etudes\/aide-a-reussite\/propedeutique-2\/"]}]},{"@type":"BreadcrumbList","@id":"https:\/\/web.umons.ac.be\/fpse\/fr\/etudes\/aide-a-reussite\/propedeutique-2\/#breadcrumb","itemListElement":[{"@type":"ListItem","position":1,"name":"Accueil","item":"https:\/\/web.umons.ac.be\/fpse\/fr\/"},{"@type":"ListItem","position":2,"name":"Etudes","item":"https:\/\/web.umons.ac.be\/fpse\/fr\/etudes\/"},{"@type":"ListItem","position":3,"name":"Aide \u00e0 la r\u00e9ussite","item":"https:\/\/web.umons.ac.be\/fpse\/fr\/etudes\/aide-a-reussite\/"},{"@type":"ListItem","position":4,"name":"Prop\u00e9deutique"}]},{"@type":"WebSite","@id":"https:\/\/web.umons.ac.be\/fpse\/#website","url":"https:\/\/web.umons.ac.be\/fpse\/","name":"Facult\u00e9 \/ FPSE","description":"","potentialAction":[{"@type":"SearchAction","target":{"@type":"EntryPoint","urlTemplate":"https:\/\/web.umons.ac.be\/fpse\/?s={search_term_string}"},"query-input":{"@type":"PropertyValueSpecification","valueRequired":true,"valueName":"search_term_string"}}],"inLanguage":"fr-FR"}]}},"lang":"fr","translations":{"fr":97,"en":864},"pll_sync_post":[],"_links":{"self":[{"href":"https:\/\/web.umons.ac.be\/fpse\/wp-json\/wp\/v2\/pages\/97","targetHints":{"allow":["GET"]}}],"collection":[{"href":"https:\/\/web.umons.ac.be\/fpse\/wp-json\/wp\/v2\/pages"}],"about":[{"href":"https:\/\/web.umons.ac.be\/fpse\/wp-json\/wp\/v2\/types\/page"}],"author":[{"embeddable":true,"href":"https:\/\/web.umons.ac.be\/fpse\/wp-json\/wp\/v2\/users\/2"}],"replies":[{"embeddable":true,"href":"https:\/\/web.umons.ac.be\/fpse\/wp-json\/wp\/v2\/comments?post=97"}],"version-history":[{"count":5,"href":"https:\/\/web.umons.ac.be\/fpse\/wp-json\/wp\/v2\/pages\/97\/revisions"}],"predecessor-version":[{"id":1707,"href":"https:\/\/web.umons.ac.be\/fpse\/wp-json\/wp\/v2\/pages\/97\/revisions\/1707"}],"up":[{"embeddable":true,"href":"https:\/\/web.umons.ac.be\/fpse\/wp-json\/wp\/v2\/pages\/94"}],"wp:attachment":[{"href":"https:\/\/web.umons.ac.be\/fpse\/wp-json\/wp\/v2\/media?parent=97"}],"curies":[{"name":"wp","href":"https:\/\/api.w.org\/{rel}","templated":true}]}}