{"id":278,"date":"2022-09-23T09:19:48","date_gmt":"2022-09-23T07:19:48","guid":{"rendered":"https:\/\/web.umons.ac.be\/frmh\/?page_id=278"},"modified":"2025-10-15T17:10:02","modified_gmt":"2025-10-15T15:10:02","slug":"structure-2","status":"publish","type":"page","link":"https:\/\/web.umons.ac.be\/frw\/fr\/structure-2\/","title":{"rendered":"Structure"},"content":{"rendered":"<p>La nouvelle Fondation Raoul Warocqu\u00e9 pour la recherche m\u00e9dicale en Hainaut est pilot\u00e9e par une \u00e9quipe aussi motiv\u00e9e qu\u2019exp\u00e9riment\u00e9e, r\u00e9parties dans 3 organes.<\/p>\n<ul style=\"list-style-type: square;\">\n<li>Le Conseil d&rsquo;administration<\/li>\n<li>Le Comit\u00e9 scientifique<\/li>\n<li>Le Coordinateur et d\u00e9l\u00e9gu\u00e9 \u00e0 la gestion journali\u00e8re<\/li>\n<\/ul>\n<h5><span style=\"color: #2854a5;\">Le Conseil d&rsquo;administration : d<strong>es administrateurs\/trices engag\u00e9.e.s derri\u00e8re une cause<\/strong><\/span><\/h5>\n<p>Il est compos\u00e9 de personnalit\u00e9s telles que le Gouverneur, M. Tommy Leclercq, Pr\u00e9sident, M. Busquin, Vice-Pr\u00e9sident, le chef d\u2019entreprise Fabrice Brion, Messeigneurs Guy Harpigny et Michel de Ligne, des chercheurs\/chercheuses et des acad\u00e9miques actuel.le.s et retrait\u00e9.e.s reconnu.e.s.<\/p>\n<p>Toutes et tous ont choisi de mettre leur expertise et leur r\u00e9seau au service de la Fondation Raoul Warocqu\u00e9 !<\/p>\n<ul>\n<li>M. Fabrice BRION<\/li>\n<li>M. Philippe BUSQUIN<\/li>\n<li>Mgr Michel DE LIGNE<\/li>\n<li>M. Philippe DUBOIS<\/li>\n<li>M. Jean DUCOBU<\/li>\n<li>Mgr Guy HARPIGNY<\/li>\n<li>Mme Florence HUT<\/li>\n<li>M. J\u00e9r\u00f4me LECHIEN<\/li>\n<li><strong>M. Tommy LECLERCQ, Pr\u00e9sident<\/strong><\/li>\n<li>M. Alexandre LEGRAND<\/li>\n<li>M. Nicolas MAVROUDAKIS<\/li>\n<li>M. Philippe METTENS<\/li>\n<li>Mme Muriel MOSER<\/li>\n<li>M. Yves NAMUR<\/li>\n<li><strong>Mme Laurence RIS, tr\u00e9sori\u00e8re<\/strong><\/li>\n<li>Mme Isabelle SALMON<\/li>\n<li>Mme Chantal SCOUBEAU<\/li>\n<li>M. Fr\u00e9d\u00e9ric THYS<\/li>\n<li>M. Michel VANHAEVERBEEK<\/li>\n<li>M. Ruddy WATTIEZ<\/li>\n<\/ul>\n<p><em>Les Directeurs m\u00e9dicaux des h\u00f4pitaux hainuyers peuvent \u00eatre invit\u00e9s aux r\u00e9unions du Conseil\u00a0d&rsquo;administration en fonction des points \u00e0 l\u2019ordre du jour.<\/em><\/p>\n<h5><span style=\"color: #2854a5;\"><strong>Le<\/strong> <strong>Comit\u00e9 Scientifique<\/strong><\/span><\/h5>\n<p>Le Comit\u00e9 scientifique de haut niveau est compos\u00e9 des membres suivants:<\/p>\n<ul>\n<li>Mme Laurence BOON &#8211; Cliniques Universitaires Saint-Luc, UCLouvain<\/li>\n<li>M. Giovanni BRIGANTI &#8211; CHU Brugmann, UMONS, ULB<\/li>\n<li>Mme Laurence BUISSERET &#8211; Institut Jules Bordet, ULB<\/li>\n<li>Mme Carmen BURTEA &#8211; UMONS<\/li>\n<li>M. Patrice CANI &#8211; UCLouvain<\/li>\n<li>Mme Nathalie DELZENNE &#8211; UCLouvain<\/li>\n<li>M. J\u00e9r\u00f4me LECHIEN &#8211; H\u00f4pital Foch (Paris), EpiCURA, UMONS, ULB<\/li>\n<li>M. Christophe LELUBRE &#8211; CHU Charleroi, UMONS, ULB<\/li>\n<li>M. Charles NICAISE &#8211; UNamur<\/li>\n<li>M. Marc RADERMECKER &#8211; CHU Li\u00e8ge, ULG<\/li>\n<li>Mme Laurence RIS &#8211; UMONS<\/li>\n<li><strong>Mme Isabelle SALMON<\/strong>\u00a0&#8211; <strong>H\u00f4pital Erasme, ULB, Pr\u00e9sidente du Comit\u00e9 scientifique<\/strong><\/li>\n<li>M. Fr\u00e9d\u00e9ric VANDERGHEYNST &#8211; H\u00f4pital Erasme, ULB<\/li>\n<li>M. Vincent YZERBYT &#8211; UCLouvain<\/li>\n<\/ul>\n<h5><strong><span style=\"color: #2854a5;\">Le Coordinateur et d\u00e9l\u00e9gu\u00e9 \u00e0 la gestion journali\u00e8re\u00a0<\/span><\/strong><\/h5>\n<p><strong>La Coordination g\u00e9n\u00e9rale<\/strong> des activit\u00e9s de la Fondation priv\u00e9e Raoul Warocqu\u00e9 a \u00e9t\u00e9 confi\u00e9e le 1<sup>er<\/sup> mars 2025 \u00e0 <strong>Mathilde TOUSSAINT-DARAS<\/strong>.<\/p>\n<p><strong>Ses fonctions sont plurielles et r\u00e9solument ax\u00e9es sur le d\u00e9veloppement et la croissance de la Fondation<\/strong> \u00e0 travers ses <em>missions juridiques, administratives, comptables<\/em> mais \u00e9galement de <em>repr\u00e9sentation et de communication \u00e9crite et digitale<\/em>.<\/p>\n<p>Le Coordinateur travaille <strong>en \u00e9troite collaboration avec les partenaires de c\u0153ur<\/strong> de la Fondation en vue d\u2019accro\u00eetre sa <strong>visibilit\u00e9 et sa notori\u00e9t\u00e9<\/strong>, en menant aupr\u00e8s du grand public (enfants et adultes) des <strong>actions de sensibilisation et d\u2019information<\/strong> portant sur les projets de <em>recherche m\u00e9dicale<\/em> soutenus par la Fondation et les objectifs de <em>bien<\/em>&#8211; <em>\u00eatre g\u00e9n\u00e9ral<\/em> des habitants du Hainaut, passant par la promotion d\u2019une <em>alimentation \u00e9quilibr\u00e9e et la pratique r\u00e9guli\u00e8re d\u2019une activit\u00e9 physique. <\/em><\/p>\n<p>Par ailleurs, le Coordinateur est <strong>la personne ressource<\/strong> assurant le lien entre les Autorit\u00e9s et les \u00ab\u00a0grands partenaires\u00a0de c\u0153ur \u00bb tels que les h\u00f4pitaux, les entreprises et autres institutions priv\u00e9es ou publiques, ayant \u00e0 c\u0153ur d\u2019aider la Fondation dans son <strong>\u00e9volution<\/strong>, notamment par l\u2019organisation g\u00e9n\u00e9rale du\u00a0 <strong>Gala annuel<\/strong> et de <strong>tous les autres \u00e9v\u00e8nements f\u00e9d\u00e9rateurs et solidaires de la Fondation, <\/strong>notamment par<strong> la cr\u00e9ation d\u2019un r\u00e9seau d\u2019Ambassadeurs de la Fondation.<\/strong><\/p>\n","protected":false},"excerpt":{"rendered":"<p>La nouvelle Fondation Raoul Warocqu\u00e9 pour la recherche m\u00e9dicale en Hainaut est pilot\u00e9e par une \u00e9quipe aussi motiv\u00e9e qu\u2019exp\u00e9riment\u00e9e, r\u00e9parties dans 3 organes. Le Conseil d&rsquo;administration Le Comit\u00e9 scientifique Le Coordinateur et d\u00e9l\u00e9gu\u00e9 \u00e0 la gestion journali\u00e8re Le Conseil d&rsquo;administration : des administrateurs\/trices engag\u00e9.e.s derri\u00e8re une cause Il est compos\u00e9 de personnalit\u00e9s telles que le [&hellip;]<\/p>\n","protected":false},"author":4,"featured_media":0,"parent":0,"menu_order":0,"comment_status":"closed","ping_status":"closed","template":"","meta":{"footnotes":""},"class_list":["post-278","page","type-page","status-publish","hentry"],"yoast_head":"<!-- This site is optimized with the Yoast SEO plugin v27.2 - https:\/\/yoast.com\/product\/yoast-seo-wordpress\/ -->\n<title>Structure - FRW<\/title>\n<meta name=\"robots\" content=\"index, follow, max-snippet:-1, max-image-preview:large, max-video-preview:-1\" \/>\n<link rel=\"canonical\" href=\"https:\/\/web.umons.ac.be\/frw\/fr\/structure-2\/\" \/>\n<meta property=\"og:locale\" content=\"fr_FR\" \/>\n<meta property=\"og:type\" content=\"article\" \/>\n<meta property=\"og:title\" content=\"Structure - FRW\" \/>\n<meta property=\"og:description\" content=\"La nouvelle Fondation Raoul Warocqu\u00e9 pour la recherche m\u00e9dicale en Hainaut est pilot\u00e9e par une \u00e9quipe aussi motiv\u00e9e qu\u2019exp\u00e9riment\u00e9e, r\u00e9parties dans 3 organes. Le Conseil d&rsquo;administration Le Comit\u00e9 scientifique Le Coordinateur et d\u00e9l\u00e9gu\u00e9 \u00e0 la gestion journali\u00e8re Le Conseil d&rsquo;administration : des administrateurs\/trices engag\u00e9.e.s derri\u00e8re une cause Il est compos\u00e9 de personnalit\u00e9s telles que le [&hellip;]\" \/>\n<meta property=\"og:url\" content=\"https:\/\/web.umons.ac.be\/frw\/fr\/structure-2\/\" \/>\n<meta property=\"og:site_name\" content=\"FRW\" \/>\n<meta property=\"article:publisher\" content=\"https:\/\/www.facebook.com\/FRMH.UMONS\/\" \/>\n<meta property=\"article:modified_time\" content=\"2025-10-15T15:10:02+00:00\" \/>\n<meta name=\"twitter:card\" content=\"summary_large_image\" \/>\n<meta name=\"twitter:label1\" content=\"Dur\u00e9e de lecture estim\u00e9e\" \/>\n\t<meta name=\"twitter:data1\" content=\"3 minutes\" \/>\n<script type=\"application\/ld+json\" class=\"yoast-schema-graph\">{\"@context\":\"https:\/\/schema.org\",\"@graph\":[{\"@type\":\"WebPage\",\"@id\":\"https:\/\/web.umons.ac.be\/frw\/fr\/structure-2\/\",\"url\":\"https:\/\/web.umons.ac.be\/frw\/fr\/structure-2\/\",\"name\":\"Structure - FRW\",\"isPartOf\":{\"@id\":\"https:\/\/web.umons.ac.be\/frw\/#website\"},\"datePublished\":\"2022-09-23T07:19:48+00:00\",\"dateModified\":\"2025-10-15T15:10:02+00:00\",\"breadcrumb\":{\"@id\":\"https:\/\/web.umons.ac.be\/frw\/fr\/structure-2\/#breadcrumb\"},\"inLanguage\":\"fr-FR\",\"potentialAction\":[{\"@type\":\"ReadAction\",\"target\":[\"https:\/\/web.umons.ac.be\/frw\/fr\/structure-2\/\"]}]},{\"@type\":\"BreadcrumbList\",\"@id\":\"https:\/\/web.umons.ac.be\/frw\/fr\/structure-2\/#breadcrumb\",\"itemListElement\":[{\"@type\":\"ListItem\",\"position\":1,\"name\":\"Accueil\",\"item\":\"https:\/\/web.umons.ac.be\/frw\/fr\/\"},{\"@type\":\"ListItem\",\"position\":2,\"name\":\"Structure\"}]},{\"@type\":\"WebSite\",\"@id\":\"https:\/\/web.umons.ac.be\/frw\/#website\",\"url\":\"https:\/\/web.umons.ac.be\/frw\/\",\"name\":\"FRW\",\"description\":\"Fondation Raoul Warocqu\u00e9\",\"publisher\":{\"@id\":\"https:\/\/web.umons.ac.be\/frw\/#organization\"},\"potentialAction\":[{\"@type\":\"SearchAction\",\"target\":{\"@type\":\"EntryPoint\",\"urlTemplate\":\"https:\/\/web.umons.ac.be\/frw\/?s={search_term_string}\"},\"query-input\":{\"@type\":\"PropertyValueSpecification\",\"valueRequired\":true,\"valueName\":\"search_term_string\"}}],\"inLanguage\":\"fr-FR\"},{\"@type\":\"Organization\",\"@id\":\"https:\/\/web.umons.ac.be\/frw\/#organization\",\"name\":\"Fondation Raoul Warocqu\u00e9\",\"url\":\"https:\/\/web.umons.ac.be\/frw\/\",\"logo\":{\"@type\":\"ImageObject\",\"inLanguage\":\"fr-FR\",\"@id\":\"https:\/\/web.umons.ac.be\/frw\/#\/schema\/logo\/image\/\",\"url\":\"https:\/\/web.umons.ac.be\/app\/uploads\/sites\/44\/2023\/09\/FRW-logo-transparent-1.png\",\"contentUrl\":\"https:\/\/web.umons.ac.be\/app\/uploads\/sites\/44\/2023\/09\/FRW-logo-transparent-1.png\",\"width\":500,\"height\":500,\"caption\":\"Fondation Raoul Warocqu\u00e9\"},\"image\":{\"@id\":\"https:\/\/web.umons.ac.be\/frw\/#\/schema\/logo\/image\/\"},\"sameAs\":[\"https:\/\/www.facebook.com\/FRMH.UMONS\/\",\"https:\/\/www.linkedin.com\/company\/frw-umons\/\"]}]}<\/script>\n<!-- \/ Yoast SEO plugin. -->","yoast_head_json":{"title":"Structure - FRW","robots":{"index":"index","follow":"follow","max-snippet":"max-snippet:-1","max-image-preview":"max-image-preview:large","max-video-preview":"max-video-preview:-1"},"canonical":"https:\/\/web.umons.ac.be\/frw\/fr\/structure-2\/","og_locale":"fr_FR","og_type":"article","og_title":"Structure - FRW","og_description":"La nouvelle Fondation Raoul Warocqu\u00e9 pour la recherche m\u00e9dicale en Hainaut est pilot\u00e9e par une \u00e9quipe aussi motiv\u00e9e qu\u2019exp\u00e9riment\u00e9e, r\u00e9parties dans 3 organes. Le Conseil d&rsquo;administration Le Comit\u00e9 scientifique Le Coordinateur et d\u00e9l\u00e9gu\u00e9 \u00e0 la gestion journali\u00e8re Le Conseil d&rsquo;administration : des administrateurs\/trices engag\u00e9.e.s derri\u00e8re une cause Il est compos\u00e9 de personnalit\u00e9s telles que le [&hellip;]","og_url":"https:\/\/web.umons.ac.be\/frw\/fr\/structure-2\/","og_site_name":"FRW","article_publisher":"https:\/\/www.facebook.com\/FRMH.UMONS\/","article_modified_time":"2025-10-15T15:10:02+00:00","twitter_card":"summary_large_image","twitter_misc":{"Dur\u00e9e de lecture estim\u00e9e":"3 minutes"},"schema":{"@context":"https:\/\/schema.org","@graph":[{"@type":"WebPage","@id":"https:\/\/web.umons.ac.be\/frw\/fr\/structure-2\/","url":"https:\/\/web.umons.ac.be\/frw\/fr\/structure-2\/","name":"Structure - FRW","isPartOf":{"@id":"https:\/\/web.umons.ac.be\/frw\/#website"},"datePublished":"2022-09-23T07:19:48+00:00","dateModified":"2025-10-15T15:10:02+00:00","breadcrumb":{"@id":"https:\/\/web.umons.ac.be\/frw\/fr\/structure-2\/#breadcrumb"},"inLanguage":"fr-FR","potentialAction":[{"@type":"ReadAction","target":["https:\/\/web.umons.ac.be\/frw\/fr\/structure-2\/"]}]},{"@type":"BreadcrumbList","@id":"https:\/\/web.umons.ac.be\/frw\/fr\/structure-2\/#breadcrumb","itemListElement":[{"@type":"ListItem","position":1,"name":"Accueil","item":"https:\/\/web.umons.ac.be\/frw\/fr\/"},{"@type":"ListItem","position":2,"name":"Structure"}]},{"@type":"WebSite","@id":"https:\/\/web.umons.ac.be\/frw\/#website","url":"https:\/\/web.umons.ac.be\/frw\/","name":"FRW","description":"Fondation Raoul Warocqu\u00e9","publisher":{"@id":"https:\/\/web.umons.ac.be\/frw\/#organization"},"potentialAction":[{"@type":"SearchAction","target":{"@type":"EntryPoint","urlTemplate":"https:\/\/web.umons.ac.be\/frw\/?s={search_term_string}"},"query-input":{"@type":"PropertyValueSpecification","valueRequired":true,"valueName":"search_term_string"}}],"inLanguage":"fr-FR"},{"@type":"Organization","@id":"https:\/\/web.umons.ac.be\/frw\/#organization","name":"Fondation Raoul Warocqu\u00e9","url":"https:\/\/web.umons.ac.be\/frw\/","logo":{"@type":"ImageObject","inLanguage":"fr-FR","@id":"https:\/\/web.umons.ac.be\/frw\/#\/schema\/logo\/image\/","url":"https:\/\/web.umons.ac.be\/app\/uploads\/sites\/44\/2023\/09\/FRW-logo-transparent-1.png","contentUrl":"https:\/\/web.umons.ac.be\/app\/uploads\/sites\/44\/2023\/09\/FRW-logo-transparent-1.png","width":500,"height":500,"caption":"Fondation Raoul Warocqu\u00e9"},"image":{"@id":"https:\/\/web.umons.ac.be\/frw\/#\/schema\/logo\/image\/"},"sameAs":["https:\/\/www.facebook.com\/FRMH.UMONS\/","https:\/\/www.linkedin.com\/company\/frw-umons\/"]}]}},"lang":"fr","translations":{"fr":278},"pll_sync_post":[],"_links":{"self":[{"href":"https:\/\/web.umons.ac.be\/frw\/wp-json\/wp\/v2\/pages\/278","targetHints":{"allow":["GET"]}}],"collection":[{"href":"https:\/\/web.umons.ac.be\/frw\/wp-json\/wp\/v2\/pages"}],"about":[{"href":"https:\/\/web.umons.ac.be\/frw\/wp-json\/wp\/v2\/types\/page"}],"author":[{"embeddable":true,"href":"https:\/\/web.umons.ac.be\/frw\/wp-json\/wp\/v2\/users\/4"}],"replies":[{"embeddable":true,"href":"https:\/\/web.umons.ac.be\/frw\/wp-json\/wp\/v2\/comments?post=278"}],"version-history":[{"count":3,"href":"https:\/\/web.umons.ac.be\/frw\/wp-json\/wp\/v2\/pages\/278\/revisions"}],"predecessor-version":[{"id":467,"href":"https:\/\/web.umons.ac.be\/frw\/wp-json\/wp\/v2\/pages\/278\/revisions\/467"}],"wp:attachment":[{"href":"https:\/\/web.umons.ac.be\/frw\/wp-json\/wp\/v2\/media?parent=278"}],"curies":[{"name":"wp","href":"https:\/\/api.w.org\/{rel}","templated":true}]}}