{"id":280,"date":"2022-09-23T09:24:12","date_gmt":"2022-09-23T07:24:12","guid":{"rendered":"https:\/\/web.umons.ac.be\/frmh\/?page_id=280"},"modified":"2025-10-15T17:12:11","modified_gmt":"2025-10-15T15:12:11","slug":"raoul-warocque","status":"publish","type":"page","link":"https:\/\/web.umons.ac.be\/frw\/fr\/raoul-warocque\/","title":{"rendered":"Raoul Warocqu\u00e9"},"content":{"rendered":"<h1><span style=\"color: #35526d;\"><strong>Pourquoi ce lien avec Raoul Warocqu\u00e9 <\/strong><\/span><\/h1>\n<p><span style=\"color: #35526d;\"><strong>(4 f\u00e9vrier 1870- 28 mai 1917)<\/strong><\/span><\/p>\n<p><a href=\"https:\/\/web.umons.ac.be\/app\/uploads\/sites\/44\/2022\/09\/RaoulWarocque.jpg\"><img loading=\"lazy\" decoding=\"async\" class=\"wp-image-295 alignright\" src=\"https:\/\/web.umons.ac.be\/app\/uploads\/sites\/44\/2022\/09\/RaoulWarocque.jpg\" alt=\"Raoul Warocqu\u00e9\" width=\"385\" height=\"362\" srcset=\"https:\/\/web.umons.ac.be\/app\/uploads\/sites\/44\/2022\/09\/RaoulWarocque.jpg 1063w, https:\/\/web.umons.ac.be\/app\/uploads\/sites\/44\/2022\/09\/RaoulWarocque-300x282.jpg 300w, https:\/\/web.umons.ac.be\/app\/uploads\/sites\/44\/2022\/09\/RaoulWarocque-1024x962.jpg 1024w, https:\/\/web.umons.ac.be\/app\/uploads\/sites\/44\/2022\/09\/RaoulWarocque-768x722.jpg 768w, https:\/\/web.umons.ac.be\/app\/uploads\/sites\/44\/2022\/09\/RaoulWarocque-702x660.jpg 702w, https:\/\/web.umons.ac.be\/app\/uploads\/sites\/44\/2022\/09\/RaoulWarocque-30x28.jpg 30w, https:\/\/web.umons.ac.be\/app\/uploads\/sites\/44\/2022\/09\/RaoulWarocque-60x56.jpg 60w, https:\/\/web.umons.ac.be\/app\/uploads\/sites\/44\/2022\/09\/RaoulWarocque-360x338.jpg 360w\" sizes=\"auto, (max-width: 385px) 100vw, 385px\" \/><\/a><\/p>\n<ul>\n<li>Parce qu\u2019il fut l\u2019un des plus brillants industriels de notre pays \u00e0 la charni\u00e8re des XIXe et XXe si\u00e8cle.<\/li>\n<li>Parce qu\u2019 il n\u2019eut de cesse de <strong>s\u2019investir pour sa r\u00e9gion<\/strong> dont il fut \u00e9galement un \u00e9lu du Peuple et D\u00e9put\u00e9 lib\u00e9ral \u00e0 la Chambre.<\/li>\n<li>Parce qu\u2019en tant qu\u2019<strong>humaniste<\/strong>, il a multipli\u00e9 de son vivant les initiatives afin de promouvoir l<strong>a protection de l\u2019enfance, de l\u2019enseignement<\/strong> mais aussi de la culture en tant que <strong>collectionneur d\u2019art avis\u00e9.<\/strong><\/li>\n<li>Parce que son parcours constitue <strong>un symbole et un t\u00e9moignage de r\u00e9ussite tr\u00e8s inspirant.<\/strong><\/li>\n<\/ul>\n<p><span style=\"color: #35526d;\"><strong>Et enfin\u2026.<\/strong><\/span><\/p>\n<ul>\n<li>Parce qu\u2019il est intimement <strong>li\u00e9 \u00e0 l\u2019histoire et au destin de l\u2019Universit\u00e9 de Mons<\/strong> et son histoire par le biais de sa Facult\u00e9 d\u2019Economie et de Gestion qui porte son nom.<\/li>\n<\/ul>\n","protected":false},"excerpt":{"rendered":"<p>Pourquoi ce lien avec Raoul Warocqu\u00e9 (4 f\u00e9vrier 1870- 28 mai 1917) Parce qu\u2019il fut l\u2019un des plus brillants industriels de notre pays \u00e0 la charni\u00e8re des XIXe et XXe si\u00e8cle. Parce qu\u2019 il n\u2019eut de cesse de s\u2019investir pour sa r\u00e9gion dont il fut \u00e9galement un \u00e9lu du Peuple et D\u00e9put\u00e9 lib\u00e9ral \u00e0 la [&hellip;]<\/p>\n","protected":false},"author":4,"featured_media":0,"parent":0,"menu_order":0,"comment_status":"closed","ping_status":"closed","template":"","meta":{"footnotes":""},"class_list":["post-280","page","type-page","status-publish","hentry"],"yoast_head":"<!-- This site is optimized with the Yoast SEO plugin v27.2 - https:\/\/yoast.com\/product\/yoast-seo-wordpress\/ -->\n<title>Raoul Warocqu\u00e9 - FRW<\/title>\n<meta name=\"robots\" content=\"index, follow, max-snippet:-1, max-image-preview:large, max-video-preview:-1\" \/>\n<link rel=\"canonical\" href=\"https:\/\/web.umons.ac.be\/frw\/fr\/raoul-warocque\/\" \/>\n<meta property=\"og:locale\" content=\"fr_FR\" \/>\n<meta property=\"og:type\" content=\"article\" \/>\n<meta property=\"og:title\" content=\"Raoul Warocqu\u00e9 - FRW\" \/>\n<meta property=\"og:description\" content=\"Pourquoi ce lien avec Raoul Warocqu\u00e9 (4 f\u00e9vrier 1870- 28 mai 1917) Parce qu\u2019il fut l\u2019un des plus brillants industriels de notre pays \u00e0 la charni\u00e8re des XIXe et XXe si\u00e8cle. Parce qu\u2019 il n\u2019eut de cesse de s\u2019investir pour sa r\u00e9gion dont il fut \u00e9galement un \u00e9lu du Peuple et D\u00e9put\u00e9 lib\u00e9ral \u00e0 la [&hellip;]\" \/>\n<meta property=\"og:url\" content=\"https:\/\/web.umons.ac.be\/frw\/fr\/raoul-warocque\/\" \/>\n<meta property=\"og:site_name\" content=\"FRW\" \/>\n<meta property=\"article:publisher\" content=\"https:\/\/www.facebook.com\/FRMH.UMONS\/\" \/>\n<meta property=\"article:modified_time\" content=\"2025-10-15T15:12:11+00:00\" \/>\n<meta property=\"og:image\" content=\"https:\/\/web.umons.ac.be\/app\/uploads\/sites\/44\/2022\/09\/RaoulWarocque.jpg\" \/>\n\t<meta property=\"og:image:width\" content=\"1063\" \/>\n\t<meta property=\"og:image:height\" content=\"999\" \/>\n\t<meta property=\"og:image:type\" content=\"image\/jpeg\" \/>\n<meta name=\"twitter:card\" content=\"summary_large_image\" \/>\n<meta name=\"twitter:label1\" content=\"Dur\u00e9e de lecture estim\u00e9e\" \/>\n\t<meta name=\"twitter:data1\" content=\"1 minute\" \/>\n<script type=\"application\/ld+json\" class=\"yoast-schema-graph\">{\"@context\":\"https:\/\/schema.org\",\"@graph\":[{\"@type\":\"WebPage\",\"@id\":\"https:\/\/web.umons.ac.be\/frw\/fr\/raoul-warocque\/\",\"url\":\"https:\/\/web.umons.ac.be\/frw\/fr\/raoul-warocque\/\",\"name\":\"Raoul Warocqu\u00e9 - FRW\",\"isPartOf\":{\"@id\":\"https:\/\/web.umons.ac.be\/frw\/#website\"},\"primaryImageOfPage\":{\"@id\":\"https:\/\/web.umons.ac.be\/frw\/fr\/raoul-warocque\/#primaryimage\"},\"image\":{\"@id\":\"https:\/\/web.umons.ac.be\/frw\/fr\/raoul-warocque\/#primaryimage\"},\"thumbnailUrl\":\"https:\/\/web.umons.ac.be\/app\/uploads\/sites\/44\/2022\/09\/RaoulWarocque.jpg\",\"datePublished\":\"2022-09-23T07:24:12+00:00\",\"dateModified\":\"2025-10-15T15:12:11+00:00\",\"breadcrumb\":{\"@id\":\"https:\/\/web.umons.ac.be\/frw\/fr\/raoul-warocque\/#breadcrumb\"},\"inLanguage\":\"fr-FR\",\"potentialAction\":[{\"@type\":\"ReadAction\",\"target\":[\"https:\/\/web.umons.ac.be\/frw\/fr\/raoul-warocque\/\"]}]},{\"@type\":\"ImageObject\",\"inLanguage\":\"fr-FR\",\"@id\":\"https:\/\/web.umons.ac.be\/frw\/fr\/raoul-warocque\/#primaryimage\",\"url\":\"https:\/\/web.umons.ac.be\/app\/uploads\/sites\/44\/2022\/09\/RaoulWarocque.jpg\",\"contentUrl\":\"https:\/\/web.umons.ac.be\/app\/uploads\/sites\/44\/2022\/09\/RaoulWarocque.jpg\"},{\"@type\":\"BreadcrumbList\",\"@id\":\"https:\/\/web.umons.ac.be\/frw\/fr\/raoul-warocque\/#breadcrumb\",\"itemListElement\":[{\"@type\":\"ListItem\",\"position\":1,\"name\":\"Accueil\",\"item\":\"https:\/\/web.umons.ac.be\/frw\/fr\/\"},{\"@type\":\"ListItem\",\"position\":2,\"name\":\"Raoul Warocqu\u00e9\"}]},{\"@type\":\"WebSite\",\"@id\":\"https:\/\/web.umons.ac.be\/frw\/#website\",\"url\":\"https:\/\/web.umons.ac.be\/frw\/\",\"name\":\"FRW\",\"description\":\"Fondation Raoul Warocqu\u00e9\",\"publisher\":{\"@id\":\"https:\/\/web.umons.ac.be\/frw\/#organization\"},\"potentialAction\":[{\"@type\":\"SearchAction\",\"target\":{\"@type\":\"EntryPoint\",\"urlTemplate\":\"https:\/\/web.umons.ac.be\/frw\/?s={search_term_string}\"},\"query-input\":{\"@type\":\"PropertyValueSpecification\",\"valueRequired\":true,\"valueName\":\"search_term_string\"}}],\"inLanguage\":\"fr-FR\"},{\"@type\":\"Organization\",\"@id\":\"https:\/\/web.umons.ac.be\/frw\/#organization\",\"name\":\"Fondation Raoul Warocqu\u00e9\",\"url\":\"https:\/\/web.umons.ac.be\/frw\/\",\"logo\":{\"@type\":\"ImageObject\",\"inLanguage\":\"fr-FR\",\"@id\":\"https:\/\/web.umons.ac.be\/frw\/#\/schema\/logo\/image\/\",\"url\":\"https:\/\/web.umons.ac.be\/app\/uploads\/sites\/44\/2023\/09\/FRW-logo-transparent-1.png\",\"contentUrl\":\"https:\/\/web.umons.ac.be\/app\/uploads\/sites\/44\/2023\/09\/FRW-logo-transparent-1.png\",\"width\":500,\"height\":500,\"caption\":\"Fondation Raoul Warocqu\u00e9\"},\"image\":{\"@id\":\"https:\/\/web.umons.ac.be\/frw\/#\/schema\/logo\/image\/\"},\"sameAs\":[\"https:\/\/www.facebook.com\/FRMH.UMONS\/\",\"https:\/\/www.linkedin.com\/company\/frw-umons\/\"]}]}<\/script>\n<!-- \/ Yoast SEO plugin. -->","yoast_head_json":{"title":"Raoul Warocqu\u00e9 - FRW","robots":{"index":"index","follow":"follow","max-snippet":"max-snippet:-1","max-image-preview":"max-image-preview:large","max-video-preview":"max-video-preview:-1"},"canonical":"https:\/\/web.umons.ac.be\/frw\/fr\/raoul-warocque\/","og_locale":"fr_FR","og_type":"article","og_title":"Raoul Warocqu\u00e9 - FRW","og_description":"Pourquoi ce lien avec Raoul Warocqu\u00e9 (4 f\u00e9vrier 1870- 28 mai 1917) Parce qu\u2019il fut l\u2019un des plus brillants industriels de notre pays \u00e0 la charni\u00e8re des XIXe et XXe si\u00e8cle. Parce qu\u2019 il n\u2019eut de cesse de s\u2019investir pour sa r\u00e9gion dont il fut \u00e9galement un \u00e9lu du Peuple et D\u00e9put\u00e9 lib\u00e9ral \u00e0 la [&hellip;]","og_url":"https:\/\/web.umons.ac.be\/frw\/fr\/raoul-warocque\/","og_site_name":"FRW","article_publisher":"https:\/\/www.facebook.com\/FRMH.UMONS\/","article_modified_time":"2025-10-15T15:12:11+00:00","og_image":[{"width":1063,"height":999,"url":"https:\/\/web.umons.ac.be\/app\/uploads\/sites\/44\/2022\/09\/RaoulWarocque.jpg","type":"image\/jpeg"}],"twitter_card":"summary_large_image","twitter_misc":{"Dur\u00e9e de lecture estim\u00e9e":"1 minute"},"schema":{"@context":"https:\/\/schema.org","@graph":[{"@type":"WebPage","@id":"https:\/\/web.umons.ac.be\/frw\/fr\/raoul-warocque\/","url":"https:\/\/web.umons.ac.be\/frw\/fr\/raoul-warocque\/","name":"Raoul Warocqu\u00e9 - FRW","isPartOf":{"@id":"https:\/\/web.umons.ac.be\/frw\/#website"},"primaryImageOfPage":{"@id":"https:\/\/web.umons.ac.be\/frw\/fr\/raoul-warocque\/#primaryimage"},"image":{"@id":"https:\/\/web.umons.ac.be\/frw\/fr\/raoul-warocque\/#primaryimage"},"thumbnailUrl":"https:\/\/web.umons.ac.be\/app\/uploads\/sites\/44\/2022\/09\/RaoulWarocque.jpg","datePublished":"2022-09-23T07:24:12+00:00","dateModified":"2025-10-15T15:12:11+00:00","breadcrumb":{"@id":"https:\/\/web.umons.ac.be\/frw\/fr\/raoul-warocque\/#breadcrumb"},"inLanguage":"fr-FR","potentialAction":[{"@type":"ReadAction","target":["https:\/\/web.umons.ac.be\/frw\/fr\/raoul-warocque\/"]}]},{"@type":"ImageObject","inLanguage":"fr-FR","@id":"https:\/\/web.umons.ac.be\/frw\/fr\/raoul-warocque\/#primaryimage","url":"https:\/\/web.umons.ac.be\/app\/uploads\/sites\/44\/2022\/09\/RaoulWarocque.jpg","contentUrl":"https:\/\/web.umons.ac.be\/app\/uploads\/sites\/44\/2022\/09\/RaoulWarocque.jpg"},{"@type":"BreadcrumbList","@id":"https:\/\/web.umons.ac.be\/frw\/fr\/raoul-warocque\/#breadcrumb","itemListElement":[{"@type":"ListItem","position":1,"name":"Accueil","item":"https:\/\/web.umons.ac.be\/frw\/fr\/"},{"@type":"ListItem","position":2,"name":"Raoul Warocqu\u00e9"}]},{"@type":"WebSite","@id":"https:\/\/web.umons.ac.be\/frw\/#website","url":"https:\/\/web.umons.ac.be\/frw\/","name":"FRW","description":"Fondation Raoul Warocqu\u00e9","publisher":{"@id":"https:\/\/web.umons.ac.be\/frw\/#organization"},"potentialAction":[{"@type":"SearchAction","target":{"@type":"EntryPoint","urlTemplate":"https:\/\/web.umons.ac.be\/frw\/?s={search_term_string}"},"query-input":{"@type":"PropertyValueSpecification","valueRequired":true,"valueName":"search_term_string"}}],"inLanguage":"fr-FR"},{"@type":"Organization","@id":"https:\/\/web.umons.ac.be\/frw\/#organization","name":"Fondation Raoul Warocqu\u00e9","url":"https:\/\/web.umons.ac.be\/frw\/","logo":{"@type":"ImageObject","inLanguage":"fr-FR","@id":"https:\/\/web.umons.ac.be\/frw\/#\/schema\/logo\/image\/","url":"https:\/\/web.umons.ac.be\/app\/uploads\/sites\/44\/2023\/09\/FRW-logo-transparent-1.png","contentUrl":"https:\/\/web.umons.ac.be\/app\/uploads\/sites\/44\/2023\/09\/FRW-logo-transparent-1.png","width":500,"height":500,"caption":"Fondation Raoul Warocqu\u00e9"},"image":{"@id":"https:\/\/web.umons.ac.be\/frw\/#\/schema\/logo\/image\/"},"sameAs":["https:\/\/www.facebook.com\/FRMH.UMONS\/","https:\/\/www.linkedin.com\/company\/frw-umons\/"]}]}},"lang":"fr","translations":{"fr":280},"pll_sync_post":[],"_links":{"self":[{"href":"https:\/\/web.umons.ac.be\/frw\/wp-json\/wp\/v2\/pages\/280","targetHints":{"allow":["GET"]}}],"collection":[{"href":"https:\/\/web.umons.ac.be\/frw\/wp-json\/wp\/v2\/pages"}],"about":[{"href":"https:\/\/web.umons.ac.be\/frw\/wp-json\/wp\/v2\/types\/page"}],"author":[{"embeddable":true,"href":"https:\/\/web.umons.ac.be\/frw\/wp-json\/wp\/v2\/users\/4"}],"replies":[{"embeddable":true,"href":"https:\/\/web.umons.ac.be\/frw\/wp-json\/wp\/v2\/comments?post=280"}],"version-history":[{"count":3,"href":"https:\/\/web.umons.ac.be\/frw\/wp-json\/wp\/v2\/pages\/280\/revisions"}],"predecessor-version":[{"id":468,"href":"https:\/\/web.umons.ac.be\/frw\/wp-json\/wp\/v2\/pages\/280\/revisions\/468"}],"wp:attachment":[{"href":"https:\/\/web.umons.ac.be\/frw\/wp-json\/wp\/v2\/media?parent=280"}],"curies":[{"name":"wp","href":"https:\/\/api.w.org\/{rel}","templated":true}]}}