{"id":282,"date":"2022-09-23T14:05:00","date_gmt":"2022-09-23T12:05:00","guid":{"rendered":"https:\/\/web.umons.ac.be\/frmh\/?page_id=282"},"modified":"2026-03-26T11:08:55","modified_gmt":"2026-03-26T10:08:55","slug":"soutenir-la-fondation-raoul-warocque","status":"publish","type":"page","link":"https:\/\/web.umons.ac.be\/frw\/fr\/soutenir-la-fondation-raoul-warocque\/","title":{"rendered":"Soutenir la Fondation Raoul Warocqu\u00e9"},"content":{"rendered":"<p><img loading=\"lazy\" decoding=\"async\" class=\"alignleft wp-image-251\" src=\"https:\/\/web.umons.ac.be\/app\/uploads\/sites\/44\/2022\/09\/Fondation-RW-ok.png\" alt=\"\" width=\"165\" height=\"149\" srcset=\"https:\/\/web.umons.ac.be\/app\/uploads\/sites\/44\/2022\/09\/Fondation-RW-ok.png 850w, https:\/\/web.umons.ac.be\/app\/uploads\/sites\/44\/2022\/09\/Fondation-RW-ok-300x271.png 300w, https:\/\/web.umons.ac.be\/app\/uploads\/sites\/44\/2022\/09\/Fondation-RW-ok-768x693.png 768w, https:\/\/web.umons.ac.be\/app\/uploads\/sites\/44\/2022\/09\/Fondation-RW-ok-731x660.png 731w, https:\/\/web.umons.ac.be\/app\/uploads\/sites\/44\/2022\/09\/Fondation-RW-ok-30x27.png 30w, https:\/\/web.umons.ac.be\/app\/uploads\/sites\/44\/2022\/09\/Fondation-RW-ok-60x54.png 60w, https:\/\/web.umons.ac.be\/app\/uploads\/sites\/44\/2022\/09\/Fondation-RW-ok-360x325.png 360w\" sizes=\"auto, (max-width: 165px) 100vw, 165px\" \/><\/p>\n<h1><span style=\"color: #35526d;\"><strong>En faisant un don \u00e0 la Fondation Raoul Warocqu\u00e9, vous contribuez concr\u00e8tement \u00e0\u00a0:<\/strong><\/span><\/h1>\n<p><strong>Lutter<\/strong> contre <strong>la survenance de pathologies en lien indirect avec les difficult\u00e9s sociales<\/strong> telles que l\u2019ob\u00e9sit\u00e9, les maladies cardio-vasculaires, le diab\u00e8te\u2026 mais aussi aux aspects li\u00e9s <strong>\u00e0 la pr\u00e9vention et aux assu\u00e9tudes.<\/strong><span style=\"color: #35526d;\"><strong>\u00a0 \u00a0 \u00a0 \u00a0<\/strong><\/span><\/p>\n<p>&nbsp;<\/p>\n<ul>\n<li>Encourager <strong>l&rsquo;int\u00e9r\u00eat pour la recherche<\/strong> aupr\u00e8s des jeunes m\u00e9decins et des param\u00e9dicaux ;<\/li>\n<li><strong>D\u00e9cerner des bourses et des mandats de recherche<\/strong> \u00e0 des m\u00e9decins belges ou \u00e9trangers menant leurs activit\u00e9s dans les h\u00f4pitaux hainuyers ou dans le cadre des programmes de recherche initi\u00e9s par des membres de ces institutions ;<\/li>\n<li><strong>Participer au financement actif de recherches<\/strong> men\u00e9es par des groupes de chercheurs\/cheuses des h\u00f4pitaux hainuyers ;<\/li>\n<li><strong>Participer au financement actif de l\u2019acquisition d\u2019\u00e9quipements de pointe<\/strong> visant l&rsquo;innovation de la recherche pour les soins aux patients.<\/li>\n<li><strong>Participer au financement actif de projets de recherche clinique et\/ou de formation<\/strong> dans un domaine innovant utile aux h\u00f4pitaux ;<\/li>\n<li>Participer au financement de recherches \u00e0 caract\u00e8re plus fondamental.<\/li>\n<\/ul>\n<p>Et plus g\u00e9n\u00e9ralement\u00a0:<\/p>\n<ul>\n<li>Soutenir <strong>la dynamique de la recherche<\/strong> dans les domaines de pointe ;<\/li>\n<li><strong>Cr\u00e9er les conditions pour une recherche d&rsquo;excellence.<\/strong><\/li>\n<\/ul>\n<p>&nbsp;<\/p>\n<h1 style=\"text-align: center;\"><strong><span style=\"color: #1e245e;\">Comment contribuer ?<\/span><\/strong><\/h1>\n<p><span style=\"color: #1e245e;\">Particulier, petite entreprise, moyenne ou grande entreprise, si la recherche m\u00e9dicale vous tient \u00e0 c\u0153ur, si vous souhaitez contribuer \u00e0 l\u2019am\u00e9lioration de la sant\u00e9 des habitants de notre province, le Hainaut, faites un don\u00a0! \u00a0<\/span><\/p>\n<p>&nbsp;<\/p>\n<table style=\"background-color: #35526d;\">\n<tbody>\n<tr style=\"background-color: #35526d;\">\n<td>\n<h2 style=\"text-align: center;\"><a href=\"https:\/\/don.fondationwarocque.be\/\" target=\"_blank\" rel=\"noopener\"><span style=\"color: #9fbcc8;\">Faire un don via le formulaire en ligne (\u00e0 privil\u00e8gier)<\/span><\/a><\/h2>\n<\/td>\n<\/tr>\n<tr style=\"border-color: #35526d;\">\n<td>\n<h4 style=\"text-align: center;\"><\/h4>\n<p style=\"text-align: center;\">Coordonn\u00e9es bancaires :<\/p>\n<p style=\"text-align: center;\">IBAN : BE15 0689 5556 6730<\/p>\n<p style=\"text-align: center;\">BIC\/Swift : GKCCBEBB<\/p>\n<p style=\"text-align: center;\">Nom du compte : Fondation Raoul Warocqu\u00e9<\/p>\n<p style=\"text-align: center;\">Adresse : Avenue du Champs de Mars, 8 \u2013 7000 MONS<\/p>\n<p style=\"text-align: center;\">Communication : DON 2026 pour la Fondation Raoul Warocqu\u00e9<\/p>\n<p style=\"text-align: center;\">\n<\/td>\n<\/tr>\n<\/tbody>\n<\/table>\n<p>&nbsp;<\/p>\n<h1 style=\"text-align: center;\"><strong><span style=\"color: #1e245e;\">Devenir \u00ab\u00a0Ambassadrice\/Ambassadeur de la Fondation\u00a0\u00bb<\/span><\/strong><\/h1>\n<p><span style=\"color: #1e245e;\">Vous souhaitez vous investir dans le d\u00e9veloppement de la Fondation en proposant et organisant seul ou en groupe des \u00e9v\u00e8nements afin de r\u00e9colter des fonds pour la Fondation\u00a0? <\/span><\/p>\n<p><span style=\"color: #1e245e;\">Devenir \u00ab\u00a0Ambassadrice\/Ambassadeur de la Fondation\u00a0\u00bb vous tient \u00e0 c\u0153ur, <strong>contactez le coordinateur pour plus d\u2019informations et l\u2019organisation \u00e0 mettre en place.<\/strong><\/span><\/p>\n<p><img loading=\"lazy\" decoding=\"async\" class=\"wp-image-534 alignleft\" src=\"https:\/\/web.umons.ac.be\/app\/uploads\/sites\/44\/2026\/01\/20251115_184632-768x1024.jpg\" alt=\"\" width=\"230\" height=\"307\" srcset=\"https:\/\/web.umons.ac.be\/app\/uploads\/sites\/44\/2026\/01\/20251115_184632-768x1024.jpg 768w, https:\/\/web.umons.ac.be\/app\/uploads\/sites\/44\/2026\/01\/20251115_184632-225x300.jpg 225w, https:\/\/web.umons.ac.be\/app\/uploads\/sites\/44\/2026\/01\/20251115_184632-1152x1536.jpg 1152w, https:\/\/web.umons.ac.be\/app\/uploads\/sites\/44\/2026\/01\/20251115_184632-1536x2048.jpg 1536w, https:\/\/web.umons.ac.be\/app\/uploads\/sites\/44\/2026\/01\/20251115_184632-495x660.jpg 495w, https:\/\/web.umons.ac.be\/app\/uploads\/sites\/44\/2026\/01\/20251115_184632-30x40.jpg 30w, https:\/\/web.umons.ac.be\/app\/uploads\/sites\/44\/2026\/01\/20251115_184632-45x60.jpg 45w, https:\/\/web.umons.ac.be\/app\/uploads\/sites\/44\/2026\/01\/20251115_184632-360x480.jpg 360w, https:\/\/web.umons.ac.be\/app\/uploads\/sites\/44\/2026\/01\/20251115_184632-scaled.jpg 1920w\" sizes=\"auto, (max-width: 230px) 100vw, 230px\" \/><\/p>\n<table style=\"width: 71.6778%; height: 321px;\" width=\"427\">\n<tbody>\n<tr style=\"height: 302px;\">\n<td style=\"height: 302px;\" width=\"427\">\n<h1 style=\"text-align: center;\"><strong><span style=\"color: #1e245e;\">O\u00f9 nous trouver ?<\/span><\/strong><\/h1>\n<h5><span style=\"color: #1e245e;\"><strong>Coordinateur de la Fondation\u00a0:<\/strong> Mathilde TOUSSAINT-DARAS<\/span><\/h5>\n<h5><span style=\"color: #1e245e;\">Adresse : Place du Parc, n\u00b02 \u00e0 7000 MONS<\/span><\/h5>\n<h5><span style=\"color: #333333;\"><a style=\"color: #333333;\" href=\"mailto:mathilde.toussaint-daras@fondationwarocque.be\">mathilde.toussaint-daras@fondationwarocque.be<\/a><\/span><\/h5>\n<h5><span style=\"color: #333333;\"><a style=\"color: #333333;\" href=\"mailto:secretariat@fondationwarocque.be\">secretariat@fondationwarocque.be<\/a><\/span><\/h5>\n<h5><span style=\"color: #333333;\">www.fondationwarocque.be<\/span><\/h5>\n<p>&nbsp;<\/td>\n<\/tr>\n<\/tbody>\n<\/table>\n<p>&nbsp;<\/p>\n<h5 style=\"text-align: center;\"><span style=\"color: #1e245e;\"><strong>ENSEMBLE, AMELIORONS LA SANTE DES HABITANTS DU HAINAUT !<\/strong><\/span><\/h5>\n","protected":false},"excerpt":{"rendered":"<p>En faisant un don \u00e0 la Fondation Raoul Warocqu\u00e9, vous contribuez concr\u00e8tement \u00e0\u00a0: Lutter contre la survenance de pathologies en lien indirect avec les difficult\u00e9s sociales telles que l\u2019ob\u00e9sit\u00e9, les maladies cardio-vasculaires, le diab\u00e8te\u2026 mais aussi aux aspects li\u00e9s \u00e0 la pr\u00e9vention et aux assu\u00e9tudes.\u00a0 \u00a0 \u00a0 \u00a0 &nbsp; Encourager l&rsquo;int\u00e9r\u00eat pour la recherche aupr\u00e8s [&hellip;]<\/p>\n","protected":false},"author":4,"featured_media":0,"parent":0,"menu_order":0,"comment_status":"closed","ping_status":"closed","template":"","meta":{"footnotes":""},"class_list":["post-282","page","type-page","status-publish","hentry"],"yoast_head":"<!-- This site is optimized with the Yoast SEO plugin v27.2 - https:\/\/yoast.com\/product\/yoast-seo-wordpress\/ -->\n<title>Soutenir la Fondation Raoul Warocqu\u00e9 - FRW<\/title>\n<meta name=\"robots\" content=\"index, follow, max-snippet:-1, max-image-preview:large, max-video-preview:-1\" \/>\n<link rel=\"canonical\" href=\"https:\/\/web.umons.ac.be\/frw\/fr\/soutenir-la-fondation-raoul-warocque\/\" \/>\n<meta property=\"og:locale\" content=\"fr_FR\" \/>\n<meta property=\"og:type\" content=\"article\" \/>\n<meta property=\"og:title\" content=\"Soutenir la Fondation Raoul Warocqu\u00e9 - FRW\" \/>\n<meta property=\"og:description\" content=\"En faisant un don \u00e0 la Fondation Raoul Warocqu\u00e9, vous contribuez concr\u00e8tement \u00e0\u00a0: Lutter contre la survenance de pathologies en lien indirect avec les difficult\u00e9s sociales telles que l\u2019ob\u00e9sit\u00e9, les maladies cardio-vasculaires, le diab\u00e8te\u2026 mais aussi aux aspects li\u00e9s \u00e0 la pr\u00e9vention et aux assu\u00e9tudes.\u00a0 \u00a0 \u00a0 \u00a0 &nbsp; Encourager l&rsquo;int\u00e9r\u00eat pour la recherche aupr\u00e8s [&hellip;]\" \/>\n<meta property=\"og:url\" content=\"https:\/\/web.umons.ac.be\/frw\/fr\/soutenir-la-fondation-raoul-warocque\/\" \/>\n<meta property=\"og:site_name\" content=\"FRW\" \/>\n<meta property=\"article:publisher\" content=\"https:\/\/www.facebook.com\/FRMH.UMONS\/\" \/>\n<meta property=\"article:modified_time\" content=\"2026-03-26T10:08:55+00:00\" \/>\n<meta property=\"og:image\" content=\"https:\/\/web.umons.ac.be\/app\/uploads\/sites\/44\/2022\/09\/Fondation-RW-ok.png\" \/>\n\t<meta property=\"og:image:width\" content=\"850\" \/>\n\t<meta property=\"og:image:height\" content=\"767\" \/>\n\t<meta property=\"og:image:type\" content=\"image\/png\" \/>\n<meta name=\"twitter:card\" content=\"summary_large_image\" \/>\n<meta name=\"twitter:label1\" content=\"Dur\u00e9e de lecture estim\u00e9e\" \/>\n\t<meta name=\"twitter:data1\" content=\"3 minutes\" \/>\n<script type=\"application\/ld+json\" class=\"yoast-schema-graph\">{\"@context\":\"https:\/\/schema.org\",\"@graph\":[{\"@type\":\"WebPage\",\"@id\":\"https:\/\/web.umons.ac.be\/frw\/fr\/soutenir-la-fondation-raoul-warocque\/\",\"url\":\"https:\/\/web.umons.ac.be\/frw\/fr\/soutenir-la-fondation-raoul-warocque\/\",\"name\":\"Soutenir la Fondation Raoul Warocqu\u00e9 - FRW\",\"isPartOf\":{\"@id\":\"https:\/\/web.umons.ac.be\/frw\/#website\"},\"primaryImageOfPage\":{\"@id\":\"https:\/\/web.umons.ac.be\/frw\/fr\/soutenir-la-fondation-raoul-warocque\/#primaryimage\"},\"image\":{\"@id\":\"https:\/\/web.umons.ac.be\/frw\/fr\/soutenir-la-fondation-raoul-warocque\/#primaryimage\"},\"thumbnailUrl\":\"https:\/\/web.umons.ac.be\/app\/uploads\/sites\/44\/2022\/09\/Fondation-RW-ok.png\",\"datePublished\":\"2022-09-23T12:05:00+00:00\",\"dateModified\":\"2026-03-26T10:08:55+00:00\",\"breadcrumb\":{\"@id\":\"https:\/\/web.umons.ac.be\/frw\/fr\/soutenir-la-fondation-raoul-warocque\/#breadcrumb\"},\"inLanguage\":\"fr-FR\",\"potentialAction\":[{\"@type\":\"ReadAction\",\"target\":[\"https:\/\/web.umons.ac.be\/frw\/fr\/soutenir-la-fondation-raoul-warocque\/\"]}]},{\"@type\":\"ImageObject\",\"inLanguage\":\"fr-FR\",\"@id\":\"https:\/\/web.umons.ac.be\/frw\/fr\/soutenir-la-fondation-raoul-warocque\/#primaryimage\",\"url\":\"https:\/\/web.umons.ac.be\/app\/uploads\/sites\/44\/2022\/09\/Fondation-RW-ok.png\",\"contentUrl\":\"https:\/\/web.umons.ac.be\/app\/uploads\/sites\/44\/2022\/09\/Fondation-RW-ok.png\"},{\"@type\":\"BreadcrumbList\",\"@id\":\"https:\/\/web.umons.ac.be\/frw\/fr\/soutenir-la-fondation-raoul-warocque\/#breadcrumb\",\"itemListElement\":[{\"@type\":\"ListItem\",\"position\":1,\"name\":\"Accueil\",\"item\":\"https:\/\/web.umons.ac.be\/frw\/fr\/\"},{\"@type\":\"ListItem\",\"position\":2,\"name\":\"Soutenir la Fondation Raoul Warocqu\u00e9\"}]},{\"@type\":\"WebSite\",\"@id\":\"https:\/\/web.umons.ac.be\/frw\/#website\",\"url\":\"https:\/\/web.umons.ac.be\/frw\/\",\"name\":\"FRW\",\"description\":\"Fondation Raoul Warocqu\u00e9\",\"publisher\":{\"@id\":\"https:\/\/web.umons.ac.be\/frw\/#organization\"},\"potentialAction\":[{\"@type\":\"SearchAction\",\"target\":{\"@type\":\"EntryPoint\",\"urlTemplate\":\"https:\/\/web.umons.ac.be\/frw\/?s={search_term_string}\"},\"query-input\":{\"@type\":\"PropertyValueSpecification\",\"valueRequired\":true,\"valueName\":\"search_term_string\"}}],\"inLanguage\":\"fr-FR\"},{\"@type\":\"Organization\",\"@id\":\"https:\/\/web.umons.ac.be\/frw\/#organization\",\"name\":\"Fondation Raoul Warocqu\u00e9\",\"url\":\"https:\/\/web.umons.ac.be\/frw\/\",\"logo\":{\"@type\":\"ImageObject\",\"inLanguage\":\"fr-FR\",\"@id\":\"https:\/\/web.umons.ac.be\/frw\/#\/schema\/logo\/image\/\",\"url\":\"https:\/\/web.umons.ac.be\/app\/uploads\/sites\/44\/2023\/09\/FRW-logo-transparent-1.png\",\"contentUrl\":\"https:\/\/web.umons.ac.be\/app\/uploads\/sites\/44\/2023\/09\/FRW-logo-transparent-1.png\",\"width\":500,\"height\":500,\"caption\":\"Fondation Raoul Warocqu\u00e9\"},\"image\":{\"@id\":\"https:\/\/web.umons.ac.be\/frw\/#\/schema\/logo\/image\/\"},\"sameAs\":[\"https:\/\/www.facebook.com\/FRMH.UMONS\/\",\"https:\/\/www.linkedin.com\/company\/frw-umons\/\"]}]}<\/script>\n<!-- \/ Yoast SEO plugin. -->","yoast_head_json":{"title":"Soutenir la Fondation Raoul Warocqu\u00e9 - FRW","robots":{"index":"index","follow":"follow","max-snippet":"max-snippet:-1","max-image-preview":"max-image-preview:large","max-video-preview":"max-video-preview:-1"},"canonical":"https:\/\/web.umons.ac.be\/frw\/fr\/soutenir-la-fondation-raoul-warocque\/","og_locale":"fr_FR","og_type":"article","og_title":"Soutenir la Fondation Raoul Warocqu\u00e9 - FRW","og_description":"En faisant un don \u00e0 la Fondation Raoul Warocqu\u00e9, vous contribuez concr\u00e8tement \u00e0\u00a0: Lutter contre la survenance de pathologies en lien indirect avec les difficult\u00e9s sociales telles que l\u2019ob\u00e9sit\u00e9, les maladies cardio-vasculaires, le diab\u00e8te\u2026 mais aussi aux aspects li\u00e9s \u00e0 la pr\u00e9vention et aux assu\u00e9tudes.\u00a0 \u00a0 \u00a0 \u00a0 &nbsp; Encourager l&rsquo;int\u00e9r\u00eat pour la recherche aupr\u00e8s [&hellip;]","og_url":"https:\/\/web.umons.ac.be\/frw\/fr\/soutenir-la-fondation-raoul-warocque\/","og_site_name":"FRW","article_publisher":"https:\/\/www.facebook.com\/FRMH.UMONS\/","article_modified_time":"2026-03-26T10:08:55+00:00","og_image":[{"width":850,"height":767,"url":"https:\/\/web.umons.ac.be\/app\/uploads\/sites\/44\/2022\/09\/Fondation-RW-ok.png","type":"image\/png"}],"twitter_card":"summary_large_image","twitter_misc":{"Dur\u00e9e de lecture estim\u00e9e":"3 minutes"},"schema":{"@context":"https:\/\/schema.org","@graph":[{"@type":"WebPage","@id":"https:\/\/web.umons.ac.be\/frw\/fr\/soutenir-la-fondation-raoul-warocque\/","url":"https:\/\/web.umons.ac.be\/frw\/fr\/soutenir-la-fondation-raoul-warocque\/","name":"Soutenir la Fondation Raoul Warocqu\u00e9 - FRW","isPartOf":{"@id":"https:\/\/web.umons.ac.be\/frw\/#website"},"primaryImageOfPage":{"@id":"https:\/\/web.umons.ac.be\/frw\/fr\/soutenir-la-fondation-raoul-warocque\/#primaryimage"},"image":{"@id":"https:\/\/web.umons.ac.be\/frw\/fr\/soutenir-la-fondation-raoul-warocque\/#primaryimage"},"thumbnailUrl":"https:\/\/web.umons.ac.be\/app\/uploads\/sites\/44\/2022\/09\/Fondation-RW-ok.png","datePublished":"2022-09-23T12:05:00+00:00","dateModified":"2026-03-26T10:08:55+00:00","breadcrumb":{"@id":"https:\/\/web.umons.ac.be\/frw\/fr\/soutenir-la-fondation-raoul-warocque\/#breadcrumb"},"inLanguage":"fr-FR","potentialAction":[{"@type":"ReadAction","target":["https:\/\/web.umons.ac.be\/frw\/fr\/soutenir-la-fondation-raoul-warocque\/"]}]},{"@type":"ImageObject","inLanguage":"fr-FR","@id":"https:\/\/web.umons.ac.be\/frw\/fr\/soutenir-la-fondation-raoul-warocque\/#primaryimage","url":"https:\/\/web.umons.ac.be\/app\/uploads\/sites\/44\/2022\/09\/Fondation-RW-ok.png","contentUrl":"https:\/\/web.umons.ac.be\/app\/uploads\/sites\/44\/2022\/09\/Fondation-RW-ok.png"},{"@type":"BreadcrumbList","@id":"https:\/\/web.umons.ac.be\/frw\/fr\/soutenir-la-fondation-raoul-warocque\/#breadcrumb","itemListElement":[{"@type":"ListItem","position":1,"name":"Accueil","item":"https:\/\/web.umons.ac.be\/frw\/fr\/"},{"@type":"ListItem","position":2,"name":"Soutenir la Fondation Raoul Warocqu\u00e9"}]},{"@type":"WebSite","@id":"https:\/\/web.umons.ac.be\/frw\/#website","url":"https:\/\/web.umons.ac.be\/frw\/","name":"FRW","description":"Fondation Raoul Warocqu\u00e9","publisher":{"@id":"https:\/\/web.umons.ac.be\/frw\/#organization"},"potentialAction":[{"@type":"SearchAction","target":{"@type":"EntryPoint","urlTemplate":"https:\/\/web.umons.ac.be\/frw\/?s={search_term_string}"},"query-input":{"@type":"PropertyValueSpecification","valueRequired":true,"valueName":"search_term_string"}}],"inLanguage":"fr-FR"},{"@type":"Organization","@id":"https:\/\/web.umons.ac.be\/frw\/#organization","name":"Fondation Raoul Warocqu\u00e9","url":"https:\/\/web.umons.ac.be\/frw\/","logo":{"@type":"ImageObject","inLanguage":"fr-FR","@id":"https:\/\/web.umons.ac.be\/frw\/#\/schema\/logo\/image\/","url":"https:\/\/web.umons.ac.be\/app\/uploads\/sites\/44\/2023\/09\/FRW-logo-transparent-1.png","contentUrl":"https:\/\/web.umons.ac.be\/app\/uploads\/sites\/44\/2023\/09\/FRW-logo-transparent-1.png","width":500,"height":500,"caption":"Fondation Raoul Warocqu\u00e9"},"image":{"@id":"https:\/\/web.umons.ac.be\/frw\/#\/schema\/logo\/image\/"},"sameAs":["https:\/\/www.facebook.com\/FRMH.UMONS\/","https:\/\/www.linkedin.com\/company\/frw-umons\/"]}]}},"lang":"fr","translations":{"fr":282},"pll_sync_post":[],"_links":{"self":[{"href":"https:\/\/web.umons.ac.be\/frw\/wp-json\/wp\/v2\/pages\/282","targetHints":{"allow":["GET"]}}],"collection":[{"href":"https:\/\/web.umons.ac.be\/frw\/wp-json\/wp\/v2\/pages"}],"about":[{"href":"https:\/\/web.umons.ac.be\/frw\/wp-json\/wp\/v2\/types\/page"}],"author":[{"embeddable":true,"href":"https:\/\/web.umons.ac.be\/frw\/wp-json\/wp\/v2\/users\/4"}],"replies":[{"embeddable":true,"href":"https:\/\/web.umons.ac.be\/frw\/wp-json\/wp\/v2\/comments?post=282"}],"version-history":[{"count":4,"href":"https:\/\/web.umons.ac.be\/frw\/wp-json\/wp\/v2\/pages\/282\/revisions"}],"predecessor-version":[{"id":565,"href":"https:\/\/web.umons.ac.be\/frw\/wp-json\/wp\/v2\/pages\/282\/revisions\/565"}],"wp:attachment":[{"href":"https:\/\/web.umons.ac.be\/frw\/wp-json\/wp\/v2\/media?parent=282"}],"curies":[{"name":"wp","href":"https:\/\/api.w.org\/{rel}","templated":true}]}}