{"id":40,"date":"2024-04-19T10:07:13","date_gmt":"2024-04-19T08:07:13","guid":{"rendered":"https:\/\/web.umons.ac.be\/fs-informatique\/?page_id=40"},"modified":"2024-12-13T10:27:03","modified_gmt":"2024-12-13T09:27:03","slug":"equipes","status":"publish","type":"page","link":"https:\/\/web.umons.ac.be\/fs-informatique\/equipes\/","title":{"rendered":"\u00c9quipes"},"content":{"rendered":"<p>Le D\u00e9partement d\u2019Informatique est compos\u00e9 de huit \u00e9quipes faisant de la recherche dans les th\u00e9matiques suivantes :<\/p>\n<ul>\n<li><a href=\"https:\/\/web.umons.ac.be\/evol\" target=\"_blank\" rel=\"noopener\">Service de G\u00e9nie Logiciel<\/a><br \/>\nLe Service de G\u00e9nie Logiciel, dirig\u00e9 par le Professeur\u00a0Tom Mens, a \u00e9t\u00e9 fond\u00e9 en\u00a0octobre 2003. Au sein du d\u00e9partement d\u2019informatique il assure l\u2019enseignement et la recherche dans les domaines scientifiques associ\u00e9s \u00e0 l\u2019ing\u00e9nierie, la mod\u00e9lisation, le d\u00e9veloppement et l\u2019\u00e9volution des \u00e9cosyst\u00e8mes logiciels.<br \/>\n<strong>Contact :<\/strong>\u00a0<a href=\"mailto:tom.mens@umons.ac.be\">tom.mens@umons.ac.be<\/a><\/li>\n<li><a href=\"https:\/\/web.umons.ac.be\/sith\" target=\"_blank\" rel=\"noopener\">Service d\u2019Informatique Th\u00e9orique<\/a><br \/>\nLe Service d\u2019Informatique Th\u00e9orique, dirig\u00e9 par V\u00e9ronique Bruy\u00e8re, participe aux activit\u00e9s de recherche et d\u2019enseignement dans le domaine de l\u2019informatique th\u00e9orique\u00a0: m\u00e9thodes formelles pour la v\u00e9rification et la synth\u00e8se de syst\u00e8mes informatiques (recherche) et structures de donn\u00e9es, compilation, calculabilit\u00e9 (enseignement).<br \/>\n<strong>Contact :<\/strong>\u00a0<a href=\"mailto:veronique.bruyere@umons.ac.be\">veronique.bruyere@umons.ac.be<\/a><\/li>\n<li><a href=\"https:\/\/web.umons.ac.be\/sinf\" target=\"_blank\" rel=\"noopener\">Service des Syst\u00e8mes d\u2019Information<\/a><\/li>\n<li><a href=\"https:\/\/web.umons.ac.be\/inet\" target=\"_blank\" rel=\"noopener\">Service des R\u00e9seaux et T\u00e9l\u00e9communications<\/a><\/li>\n<li><a href=\"https:\/\/web.umons.ac.be\/algo\" target=\"_blank\" rel=\"noopener\">Service d\u2019Algorithmique<\/a><br \/>\nLe Service d&rsquo;Algorithmique, dirig\u00e9 par le Professeur Hadrien M\u00e9lot, a \u00e9t\u00e9 fond\u00e9 en octobre 2010. Il assure l\u2019enseignement dans les domaines de l&rsquo;Algorithmique, la Programmation et certains cours li\u00e9s \u00e0 l&rsquo;Intelligence Artificielle et la th\u00e9orie des graphes. Les recherches effectu\u00e9es dans ce service se font dans le domaine de la th\u00e9orie extr\u00e9male des graphes. Plusieurs outils destin\u00e9s aux th\u00e9oriciens des graphes et accessibles publiquement y sont d\u00e9velopp\u00e9s.<br \/>\n<strong>Contact :<\/strong>\u00a0<a href=\"mailto:hadrien.melot@umons.ac.be\">hadrien.melot@umons.ac.be<\/a><\/li>\n<li><a href=\"https:\/\/web.umons.ac.be\/bdml\" target=\"_blank\" rel=\"noopener\">Service de Big Data and Machine Learning<\/a><\/li>\n<li><a href=\"https:\/\/web.umons.ac.be\/maia\" target=\"_blank\" rel=\"noopener\">Service d\u2019Intelligence Artificielle<\/a><\/li>\n<\/ul>\n<h3 class=\"wp-block-heading\">Membres permanents<\/h3>\n<ul>\n<li>Ben Taieb Souhaib\u00a0(charg\u00e9 de cours)<\/li>\n<li><a href=\"https:\/\/informatique-umons.be\/bruyere-veronique\/\">Bruy\u00e8re V\u00e9ronique<\/a>\u00a0(professeur)<\/li>\n<li><a href=\"https:\/\/informatique-umons.be\/buys-alain\/\">Buys Alain<\/a>\u00a0(agr\u00e9g\u00e9 de facult\u00e9)<\/li>\n<li>Decan Alexandre\u00a0(chercheur qualifi\u00e9 FNRS)<\/li>\n<li>De Coninck Quentin\u00a0(charg\u00e9 de cours)<\/li>\n<li>Dupont St\u00e9phane\u00a0(charg\u00e9 de cours)<\/li>\n<li><a href=\"https:\/\/web.umons.ac.be\/algo\/en\/hadrien-melot\/\">Melot Hadrien<\/a> (professeur, Pr\u00e9sident du D\u00e9partement)<\/li>\n<li><a href=\"https:\/\/web.umons.ac.be\/fs-informatique\/wp-includes\/js\/tinymce\/FS - D\u00e9partement d'Informatique\/_wp_link_placeholder\">Mens Tom<\/a>\u00a0(professeur)<\/li>\n<li><a href=\"https:\/\/informatique-umons.be\/Quoitin-Bruno\/\">Quoitin Bruno<\/a> (professeur, Vice-pr\u00e9sident du D\u00e9partement)<\/li>\n<li>Vandenhove Pierre (premier assistant)<\/li>\n<li><a href=\"https:\/\/informatique-umons.be\/wijsen-jef\/\">Wijsen Jef<\/a>\u00a0(professeur)<\/li>\n<\/ul>\n<h3 class=\"wp-block-heading\">Post-Doctorants<\/h3>\n<ul>\n<li>Devillez Gauvain (assistant docteur)<\/li>\n<\/ul>\n<h3 class=\"wp-block-heading\">Doctorants<\/h3>\n<ul>\n<li>Ahmed Aqeel (chercheur)<\/li>\n<li>Amezian El Khalfioui Aziz (chercheur)<\/li>\n<li>Bonte S\u00e9bastien (assistant)<\/li>\n<li>Bosser Tanguy (chercheur)<\/li>\n<li>Cardoen Guillaume (assistant)<\/li>\n<li>Chidambaram Natarajan (chercheur)<\/li>\n<li>Dheur Victor (chercheur)<\/li>\n<li>Dubrulle J\u00e9r\u00e9my\u00a0(assistant)<\/li>\n<li>Dusollier Valentin (assistant, Secr\u00e9taire du D\u00e9partement)<\/li>\n<li><a href=\"https:\/\/chrisgdt.github.io\/\">Grandmont Christophe<\/a> (chercheur)<\/li>\n<li>Hourri Youness (chercheur)<\/li>\n<li>Onsori Delicheh Hassan (chercheur)<\/li>\n<li>Rostami Mazrae Pooya (chercheur)<\/li>\n<li>Siddique Muhammad Ehsan (chercheur)<\/li>\n<li><a href=\"https:\/\/www.gaetanstaquet.com\/\" target=\"_blank\" rel=\"noopener\">Staquet Ga\u00ebtan<\/a>\u00a0(chercheur)<\/li>\n<li><a href=\"https:\/\/clement.tamin.es\/\" target=\"_blank\" rel=\"noopener\">Tamines Cl\u00e9ment\u00a0<\/a>(chercheur)<\/li>\n<li>Thaenkaew Phithak (chercheur)<\/li>\n<li>Vanderplaetse Bastien (chercheur)<\/li>\n<\/ul>\n<h3 class=\"wp-block-heading\">Collaborateurs<\/h3>\n<ul>\n<li>Absil Romain<\/li>\n<li><a href=\"https:\/\/informatique-umons.be\/callut-vincent\/\">Callut Vincent<\/a>\u00a0(coordinateur de formations)<\/li>\n<li>Constantinou Eleni<\/li>\n<li>Coppens Adrien\u00a0(chercheur)<\/li>\n<li>Maslowski Dany<\/li>\n<li>Meunier No\u00e9mie<\/li>\n<li>Zerouali Ahmed<\/li>\n<\/ul>\n<h3 class=\"wp-block-heading\">Anciens membres<\/h3>\n<ul>\n<li>Abou Khalil Zeinab (chercheur)<\/li>\n<li>Araujo Isabel (chercheur postdoc, en 2005)<\/li>\n<li>Beauport Stefan (assistant)<\/li>\n<li>Bohy Aaron (chercheur)<\/li>\n<li>Charlier Maximilien (chercheur)<\/li>\n<li>Claes Maelick<\/li>\n<li>Degrandsart Sylvain (chercheur)<\/li>\n<li>Delgrange Olivier\u00a0(chef de travaux)<\/li>\n<li>Deshayes Romuald (chercheur)<\/li>\n<li>Doctors Leandro<\/li>\n<li>Dufour Pierre (professeur)<\/li>\n<li>Fernandez-Ramil Juan (chercheur visiteur postdoc, en 2008)<\/li>\n<li>Fiolet Val\u00e9rie (doctorant)<\/li>\n<li>Gauwin Olivier (chercheur postdoc, en 2010)<\/li>\n<li>Goedgebeur Jan (charg\u00e9 de recherches FNRS)<\/li>\n<li>Goeminne Mathieu<\/li>\n<li>Golzadeh Mehdi (chercheur)<\/li>\n<li>Hautem Quentin (chercheur FRIA)<\/li>\n<li>Hauweele David (chercheur FRIA)<\/li>\n<li>Hauweele Pierre (assistant)<\/li>\n<li>Hoste Michael (doctorant)<\/li>\n<li>Hourez Jonathan (chercheur)<\/li>\n<li>Jonckers J\u00e9r\u00f4me (assistant)<\/li>\n<li>Legay Damien (chercheur)<\/li>\n<li>Lion Jacques (personnel technique)<\/li>\n<li>Michel Mathieu (assistant)<\/li>\n<li>Onana Alima Luc (professeur)<\/li>\n<li>Oualhadj Youssouf (chercheur postdoc, en 2014)<\/li>\n<li>Pijcke Fabian (chercheur FNRS)<\/li>\n<li>Pinna Puissant Jorge (chercheur)<\/li>\n<li><a href=\"https:\/\/www.randour.com\/\">Randour Mickael<\/a><\/li>\n<li>Tabout Narjisse (chercheur)<\/li>\n<li>Tamzalit Dalila (chercheur visiteur postdoc, en 2009-2010)<\/li>\n<li>Tellez Perez Horacio (chercheur)<\/li>\n<\/ul>\n","protected":false},"excerpt":{"rendered":"<p>Le D\u00e9partement d\u2019Informatique est compos\u00e9 de huit \u00e9quipes faisant de la recherche dans les th\u00e9matiques suivantes : Service de G\u00e9nie Logiciel Le Service de G\u00e9nie Logiciel, dirig\u00e9 par le Professeur\u00a0Tom Mens, a \u00e9t\u00e9 fond\u00e9 en\u00a0octobre 2003. Au sein du d\u00e9partement d\u2019informatique il assure l\u2019enseignement et la recherche dans les domaines scientifiques associ\u00e9s \u00e0 l\u2019ing\u00e9nierie, la [&hellip;]<\/p>\n","protected":false},"author":2,"featured_media":0,"parent":0,"menu_order":1,"comment_status":"closed","ping_status":"closed","template":"","meta":{"footnotes":""},"class_list":["post-40","page","type-page","status-publish","hentry"],"yoast_head":"<!-- This site is optimized with the Yoast SEO plugin v27.2 - https:\/\/yoast.com\/product\/yoast-seo-wordpress\/ -->\n<title>\u00c9quipes - FS - D\u00e9partement d&#039;Informatique<\/title>\n<meta name=\"robots\" content=\"index, follow, max-snippet:-1, max-image-preview:large, max-video-preview:-1\" \/>\n<link rel=\"canonical\" href=\"https:\/\/web.umons.ac.be\/fs-informatique\/equipes\/\" \/>\n<meta property=\"og:locale\" content=\"fr_FR\" \/>\n<meta property=\"og:type\" content=\"article\" \/>\n<meta property=\"og:title\" content=\"\u00c9quipes - FS - D\u00e9partement d&#039;Informatique\" \/>\n<meta property=\"og:description\" content=\"Le D\u00e9partement d\u2019Informatique est compos\u00e9 de huit \u00e9quipes faisant de la recherche dans les th\u00e9matiques suivantes : Service de G\u00e9nie Logiciel Le Service de G\u00e9nie Logiciel, dirig\u00e9 par le Professeur\u00a0Tom Mens, a \u00e9t\u00e9 fond\u00e9 en\u00a0octobre 2003. Au sein du d\u00e9partement d\u2019informatique il assure l\u2019enseignement et la recherche dans les domaines scientifiques associ\u00e9s \u00e0 l\u2019ing\u00e9nierie, la [&hellip;]\" \/>\n<meta property=\"og:url\" content=\"https:\/\/web.umons.ac.be\/fs-informatique\/equipes\/\" \/>\n<meta property=\"og:site_name\" content=\"FS - D\u00e9partement d&#039;Informatique\" \/>\n<meta property=\"article:modified_time\" content=\"2024-12-13T09:27:03+00:00\" \/>\n<meta name=\"twitter:card\" content=\"summary_large_image\" \/>\n<meta name=\"twitter:label1\" content=\"Dur\u00e9e de lecture estim\u00e9e\" \/>\n\t<meta name=\"twitter:data1\" content=\"3 minutes\" \/>\n<script type=\"application\/ld+json\" class=\"yoast-schema-graph\">{\"@context\":\"https:\/\/schema.org\",\"@graph\":[{\"@type\":\"WebPage\",\"@id\":\"https:\/\/web.umons.ac.be\/fs-informatique\/equipes\/\",\"url\":\"https:\/\/web.umons.ac.be\/fs-informatique\/equipes\/\",\"name\":\"\u00c9quipes - FS - D\u00e9partement d&#039;Informatique\",\"isPartOf\":{\"@id\":\"https:\/\/web.umons.ac.be\/fs-informatique\/#website\"},\"datePublished\":\"2024-04-19T08:07:13+00:00\",\"dateModified\":\"2024-12-13T09:27:03+00:00\",\"breadcrumb\":{\"@id\":\"https:\/\/web.umons.ac.be\/fs-informatique\/equipes\/#breadcrumb\"},\"inLanguage\":\"fr-FR\",\"potentialAction\":[{\"@type\":\"ReadAction\",\"target\":[\"https:\/\/web.umons.ac.be\/fs-informatique\/equipes\/\"]}]},{\"@type\":\"BreadcrumbList\",\"@id\":\"https:\/\/web.umons.ac.be\/fs-informatique\/equipes\/#breadcrumb\",\"itemListElement\":[{\"@type\":\"ListItem\",\"position\":1,\"name\":\"Accueil\",\"item\":\"https:\/\/web.umons.ac.be\/fs-informatique\/\"},{\"@type\":\"ListItem\",\"position\":2,\"name\":\"\u00c9quipes\"}]},{\"@type\":\"WebSite\",\"@id\":\"https:\/\/web.umons.ac.be\/fs-informatique\/#website\",\"url\":\"https:\/\/web.umons.ac.be\/fs-informatique\/\",\"name\":\"FS - D\u00e9partement d&#039;Informatique\",\"description\":\"\",\"potentialAction\":[{\"@type\":\"SearchAction\",\"target\":{\"@type\":\"EntryPoint\",\"urlTemplate\":\"https:\/\/web.umons.ac.be\/fs-informatique\/?s={search_term_string}\"},\"query-input\":{\"@type\":\"PropertyValueSpecification\",\"valueRequired\":true,\"valueName\":\"search_term_string\"}}],\"inLanguage\":\"fr-FR\"}]}<\/script>\n<!-- \/ Yoast SEO plugin. -->","yoast_head_json":{"title":"\u00c9quipes - FS - D\u00e9partement d&#039;Informatique","robots":{"index":"index","follow":"follow","max-snippet":"max-snippet:-1","max-image-preview":"max-image-preview:large","max-video-preview":"max-video-preview:-1"},"canonical":"https:\/\/web.umons.ac.be\/fs-informatique\/equipes\/","og_locale":"fr_FR","og_type":"article","og_title":"\u00c9quipes - FS - D\u00e9partement d&#039;Informatique","og_description":"Le D\u00e9partement d\u2019Informatique est compos\u00e9 de huit \u00e9quipes faisant de la recherche dans les th\u00e9matiques suivantes : Service de G\u00e9nie Logiciel Le Service de G\u00e9nie Logiciel, dirig\u00e9 par le Professeur\u00a0Tom Mens, a \u00e9t\u00e9 fond\u00e9 en\u00a0octobre 2003. Au sein du d\u00e9partement d\u2019informatique il assure l\u2019enseignement et la recherche dans les domaines scientifiques associ\u00e9s \u00e0 l\u2019ing\u00e9nierie, la [&hellip;]","og_url":"https:\/\/web.umons.ac.be\/fs-informatique\/equipes\/","og_site_name":"FS - D\u00e9partement d&#039;Informatique","article_modified_time":"2024-12-13T09:27:03+00:00","twitter_card":"summary_large_image","twitter_misc":{"Dur\u00e9e de lecture estim\u00e9e":"3 minutes"},"schema":{"@context":"https:\/\/schema.org","@graph":[{"@type":"WebPage","@id":"https:\/\/web.umons.ac.be\/fs-informatique\/equipes\/","url":"https:\/\/web.umons.ac.be\/fs-informatique\/equipes\/","name":"\u00c9quipes - FS - D\u00e9partement d&#039;Informatique","isPartOf":{"@id":"https:\/\/web.umons.ac.be\/fs-informatique\/#website"},"datePublished":"2024-04-19T08:07:13+00:00","dateModified":"2024-12-13T09:27:03+00:00","breadcrumb":{"@id":"https:\/\/web.umons.ac.be\/fs-informatique\/equipes\/#breadcrumb"},"inLanguage":"fr-FR","potentialAction":[{"@type":"ReadAction","target":["https:\/\/web.umons.ac.be\/fs-informatique\/equipes\/"]}]},{"@type":"BreadcrumbList","@id":"https:\/\/web.umons.ac.be\/fs-informatique\/equipes\/#breadcrumb","itemListElement":[{"@type":"ListItem","position":1,"name":"Accueil","item":"https:\/\/web.umons.ac.be\/fs-informatique\/"},{"@type":"ListItem","position":2,"name":"\u00c9quipes"}]},{"@type":"WebSite","@id":"https:\/\/web.umons.ac.be\/fs-informatique\/#website","url":"https:\/\/web.umons.ac.be\/fs-informatique\/","name":"FS - D\u00e9partement d&#039;Informatique","description":"","potentialAction":[{"@type":"SearchAction","target":{"@type":"EntryPoint","urlTemplate":"https:\/\/web.umons.ac.be\/fs-informatique\/?s={search_term_string}"},"query-input":{"@type":"PropertyValueSpecification","valueRequired":true,"valueName":"search_term_string"}}],"inLanguage":"fr-FR"}]}},"lang":"fr","translations":{"fr":40,"en":182},"pll_sync_post":[],"_links":{"self":[{"href":"https:\/\/web.umons.ac.be\/fs-informatique\/wp-json\/wp\/v2\/pages\/40","targetHints":{"allow":["GET"]}}],"collection":[{"href":"https:\/\/web.umons.ac.be\/fs-informatique\/wp-json\/wp\/v2\/pages"}],"about":[{"href":"https:\/\/web.umons.ac.be\/fs-informatique\/wp-json\/wp\/v2\/types\/page"}],"author":[{"embeddable":true,"href":"https:\/\/web.umons.ac.be\/fs-informatique\/wp-json\/wp\/v2\/users\/2"}],"replies":[{"embeddable":true,"href":"https:\/\/web.umons.ac.be\/fs-informatique\/wp-json\/wp\/v2\/comments?post=40"}],"version-history":[{"count":4,"href":"https:\/\/web.umons.ac.be\/fs-informatique\/wp-json\/wp\/v2\/pages\/40\/revisions"}],"predecessor-version":[{"id":296,"href":"https:\/\/web.umons.ac.be\/fs-informatique\/wp-json\/wp\/v2\/pages\/40\/revisions\/296"}],"wp:attachment":[{"href":"https:\/\/web.umons.ac.be\/fs-informatique\/wp-json\/wp\/v2\/media?parent=40"}],"curies":[{"name":"wp","href":"https:\/\/api.w.org\/{rel}","templated":true}]}}