{"id":43,"date":"2024-04-19T10:16:11","date_gmt":"2024-04-19T08:16:11","guid":{"rendered":"https:\/\/web.umons.ac.be\/fs-informatique\/?page_id=43"},"modified":"2024-04-22T11:15:15","modified_gmt":"2024-04-22T09:15:15","slug":"veronique-bruyere","status":"publish","type":"page","link":"https:\/\/web.umons.ac.be\/fs-informatique\/equipes\/veronique-bruyere\/","title":{"rendered":"V\u00e9ronique Bruy\u00e8re"},"content":{"rendered":"<h3><img loading=\"lazy\" decoding=\"async\" class=\"size-medium wp-image-44 alignright\" src=\"https:\/\/web.umons.ac.be\/app\/uploads\/sites\/209\/2024\/04\/vero-239x300.jpg\" alt=\"\" width=\"239\" height=\"300\" srcset=\"https:\/\/web.umons.ac.be\/app\/uploads\/sites\/209\/2024\/04\/vero-239x300.jpg 239w, https:\/\/web.umons.ac.be\/app\/uploads\/sites\/209\/2024\/04\/vero-526x660.jpg 526w, https:\/\/web.umons.ac.be\/app\/uploads\/sites\/209\/2024\/04\/vero-30x38.jpg 30w, https:\/\/web.umons.ac.be\/app\/uploads\/sites\/209\/2024\/04\/vero-48x60.jpg 48w, https:\/\/web.umons.ac.be\/app\/uploads\/sites\/209\/2024\/04\/vero-360x452.jpg 360w, https:\/\/web.umons.ac.be\/app\/uploads\/sites\/209\/2024\/04\/vero.jpg 620w\" sizes=\"auto, (max-width: 239px) 100vw, 239px\" \/>Contact<\/h3>\n<p>&nbsp;<\/p>\n<p>De Vinci Building (second floor)<br \/>\n<a href=\"http:\/\/www.umons.ac.be\/\">University of Mons<\/a><br \/>\nAvenue Maistriau 15, B-7000 Mons, Belgium<\/p>\n<p><a href=\"https:\/\/orcid.org\/0000-0002-9680-9140\">ORCID<\/a><br \/>\n+32-65-373444<br \/>\nVeronique.Bruyere@umons.ac.be<\/p>\n<p>&nbsp;<\/p>\n<p>&nbsp;<\/p>\n<p>&nbsp;<\/p>\n<p>I am a full professor at the Computer Science Department<a href=\"https:\/\/informatique-umons.be\/\">\u00a0<\/a>of the\u00a0<a href=\"https:\/\/web.umons.ac.be\/fs\/fr\/\">Faculty of Sciences<\/a>\u00a0of the\u00a0<a href=\"http:\/\/www.umons.ac.be\/\">University of Mons<\/a>\u00a0(Belgium). I am responsable for the\u00a0<a href=\"https:\/\/informatique-umons.be\/tcs\">Theoretical Computer Science Lab<\/a>.<\/p>\n<h3 class=\"wp-block-heading has-text-align-left\">Publications<\/h3>\n<ul>\n<li><a href=\"https:\/\/dblp.org\/pid\/b\/VeroniqueBruyere.html\">DBLP<\/a><\/li>\n<li><a href=\"https:\/\/scholar.google.com\/citations?user=DqPjvsMAAAAJ&amp;hl=fr\">Google Scholar<\/a><\/li>\n<li><a href=\"https:\/\/orbi.umons.ac.be\/simple-search?query=V%C3%A9ronique+Bruy%C3%A8re\">UMONS institutional repository<\/a><\/li>\n<\/ul>\n<h3 class=\"wp-block-heading\">Research topics<\/h3>\n<ul>\n<li>Game theory and reactive synthesis\/verification<\/li>\n<li>Active learning of automata with ressources<\/li>\n<\/ul>\n<h3 class=\"wp-block-heading\">Events<\/h3>\n<ul>\n<li>PC member: MFCS\u201923, ICALP\u201923, FoSSaCS\u201923, Highlights\u201922, CONCUR\u201921, LICS\u201921, FoSSaCS\u201921, AutoMathA\u201920, Highlights\u201919, MoRe\u201919, SR\u201919, FSTTCS\u201919, MFCS\u201919, MoRe\u201918, Highlights\u201918, SR\u201918, CSL\u201918, STACS\u201918, FCT\u201917, CSR\u201917, MOVEP\u201916, AutoMathA\u201915<\/li>\n<li>Co-organizer:\u00a0<a href=\"http:\/\/math.umons.ac.be\/gamenet2019\/\">Workshop \u2013 Theory and Algorithms in Graph and Stochastic Games<\/a>\u00a02019 (Belgium), Highlights\u201916 (Belgium)<\/li>\n<li>Invited speaker: ACTS\u201923 (France), Workshop on Stochastic Games: theory and computational aspects 2022 (USA), CIE\u201922 (UK), CIE\u201920 (Italy), UMI\/Relax Workshop on Games 2020 (India), Journ\u00e9es Nationales 2019 du GDR IM (France), GANDALF\u201918 (Germany), DLT\u201917 (Belgium), Colloque en l\u2019honneur de Marcel-Paul Sch\u00fctzenberger 2017 (France), QuantLA school 2016 (Germany)<\/li>\n<li>Editorial board:\u00a0<a href=\"https:\/\/jalc.de\/\">JALC<\/a><\/li>\n<\/ul>\n","protected":false},"excerpt":{"rendered":"<p>Contact &nbsp; De Vinci Building (second floor) University of Mons Avenue Maistriau 15, B-7000 Mons, Belgium ORCID +32-65-373444 Veronique.Bruyere@umons.ac.be &nbsp; &nbsp; &nbsp; I am a full professor at the Computer Science Department\u00a0of the\u00a0Faculty of Sciences\u00a0of the\u00a0University of Mons\u00a0(Belgium). I am responsable for the\u00a0Theoretical Computer Science Lab. Publications DBLP Google Scholar UMONS institutional repository Research topics [&hellip;]<\/p>\n","protected":false},"author":2,"featured_media":0,"parent":40,"menu_order":0,"comment_status":"closed","ping_status":"closed","template":"","meta":{"footnotes":""},"class_list":["post-43","page","type-page","status-publish","hentry"],"yoast_head":"<!-- This site is optimized with the Yoast SEO plugin v27.2 - https:\/\/yoast.com\/product\/yoast-seo-wordpress\/ -->\n<title>V\u00e9ronique Bruy\u00e8re - FS - D\u00e9partement d&#039;Informatique<\/title>\n<meta name=\"robots\" content=\"index, follow, max-snippet:-1, max-image-preview:large, max-video-preview:-1\" \/>\n<link rel=\"canonical\" href=\"https:\/\/web.umons.ac.be\/fs-informatique\/equipes\/veronique-bruyere\/\" \/>\n<meta property=\"og:locale\" content=\"fr_FR\" \/>\n<meta property=\"og:type\" content=\"article\" \/>\n<meta property=\"og:title\" content=\"V\u00e9ronique Bruy\u00e8re - FS - D\u00e9partement d&#039;Informatique\" \/>\n<meta property=\"og:description\" content=\"Contact &nbsp; De Vinci Building (second floor) University of Mons Avenue Maistriau 15, B-7000 Mons, Belgium ORCID +32-65-373444 Veronique.Bruyere@umons.ac.be &nbsp; &nbsp; &nbsp; I am a full professor at the Computer Science Department\u00a0of the\u00a0Faculty of Sciences\u00a0of the\u00a0University of Mons\u00a0(Belgium). I am responsable for the\u00a0Theoretical Computer Science Lab. Publications DBLP Google Scholar UMONS institutional repository Research topics [&hellip;]\" \/>\n<meta property=\"og:url\" content=\"https:\/\/web.umons.ac.be\/fs-informatique\/equipes\/veronique-bruyere\/\" \/>\n<meta property=\"og:site_name\" content=\"FS - D\u00e9partement d&#039;Informatique\" \/>\n<meta property=\"article:modified_time\" content=\"2024-04-22T09:15:15+00:00\" \/>\n<meta property=\"og:image\" content=\"https:\/\/web.umons.ac.be\/app\/uploads\/sites\/209\/2024\/04\/vero-239x300.jpg\" \/>\n<meta name=\"twitter:card\" content=\"summary_large_image\" \/>\n<meta name=\"twitter:label1\" content=\"Dur\u00e9e de lecture estim\u00e9e\" \/>\n\t<meta name=\"twitter:data1\" content=\"2 minutes\" \/>\n<script type=\"application\/ld+json\" class=\"yoast-schema-graph\">{\"@context\":\"https:\/\/schema.org\",\"@graph\":[{\"@type\":\"WebPage\",\"@id\":\"https:\/\/web.umons.ac.be\/fs-informatique\/equipes\/veronique-bruyere\/\",\"url\":\"https:\/\/web.umons.ac.be\/fs-informatique\/equipes\/veronique-bruyere\/\",\"name\":\"V\u00e9ronique Bruy\u00e8re - FS - D\u00e9partement d&#039;Informatique\",\"isPartOf\":{\"@id\":\"https:\/\/web.umons.ac.be\/fs-informatique\/#website\"},\"primaryImageOfPage\":{\"@id\":\"https:\/\/web.umons.ac.be\/fs-informatique\/equipes\/veronique-bruyere\/#primaryimage\"},\"image\":{\"@id\":\"https:\/\/web.umons.ac.be\/fs-informatique\/equipes\/veronique-bruyere\/#primaryimage\"},\"thumbnailUrl\":\"https:\/\/web.umons.ac.be\/app\/uploads\/sites\/209\/2024\/04\/vero-239x300.jpg\",\"datePublished\":\"2024-04-19T08:16:11+00:00\",\"dateModified\":\"2024-04-22T09:15:15+00:00\",\"breadcrumb\":{\"@id\":\"https:\/\/web.umons.ac.be\/fs-informatique\/equipes\/veronique-bruyere\/#breadcrumb\"},\"inLanguage\":\"fr-FR\",\"potentialAction\":[{\"@type\":\"ReadAction\",\"target\":[\"https:\/\/web.umons.ac.be\/fs-informatique\/equipes\/veronique-bruyere\/\"]}]},{\"@type\":\"ImageObject\",\"inLanguage\":\"fr-FR\",\"@id\":\"https:\/\/web.umons.ac.be\/fs-informatique\/equipes\/veronique-bruyere\/#primaryimage\",\"url\":\"https:\/\/web.umons.ac.be\/app\/uploads\/sites\/209\/2024\/04\/vero-239x300.jpg\",\"contentUrl\":\"https:\/\/web.umons.ac.be\/app\/uploads\/sites\/209\/2024\/04\/vero-239x300.jpg\"},{\"@type\":\"BreadcrumbList\",\"@id\":\"https:\/\/web.umons.ac.be\/fs-informatique\/equipes\/veronique-bruyere\/#breadcrumb\",\"itemListElement\":[{\"@type\":\"ListItem\",\"position\":1,\"name\":\"Accueil\",\"item\":\"https:\/\/web.umons.ac.be\/fs-informatique\/\"},{\"@type\":\"ListItem\",\"position\":2,\"name\":\"\u00c9quipes\",\"item\":\"https:\/\/web.umons.ac.be\/fs-informatique\/equipes\/\"},{\"@type\":\"ListItem\",\"position\":3,\"name\":\"V\u00e9ronique Bruy\u00e8re\"}]},{\"@type\":\"WebSite\",\"@id\":\"https:\/\/web.umons.ac.be\/fs-informatique\/#website\",\"url\":\"https:\/\/web.umons.ac.be\/fs-informatique\/\",\"name\":\"FS - D\u00e9partement d&#039;Informatique\",\"description\":\"\",\"potentialAction\":[{\"@type\":\"SearchAction\",\"target\":{\"@type\":\"EntryPoint\",\"urlTemplate\":\"https:\/\/web.umons.ac.be\/fs-informatique\/?s={search_term_string}\"},\"query-input\":{\"@type\":\"PropertyValueSpecification\",\"valueRequired\":true,\"valueName\":\"search_term_string\"}}],\"inLanguage\":\"fr-FR\"}]}<\/script>\n<!-- \/ Yoast SEO plugin. -->","yoast_head_json":{"title":"V\u00e9ronique Bruy\u00e8re - FS - D\u00e9partement d&#039;Informatique","robots":{"index":"index","follow":"follow","max-snippet":"max-snippet:-1","max-image-preview":"max-image-preview:large","max-video-preview":"max-video-preview:-1"},"canonical":"https:\/\/web.umons.ac.be\/fs-informatique\/equipes\/veronique-bruyere\/","og_locale":"fr_FR","og_type":"article","og_title":"V\u00e9ronique Bruy\u00e8re - FS - D\u00e9partement d&#039;Informatique","og_description":"Contact &nbsp; De Vinci Building (second floor) University of Mons Avenue Maistriau 15, B-7000 Mons, Belgium ORCID +32-65-373444 Veronique.Bruyere@umons.ac.be &nbsp; &nbsp; &nbsp; I am a full professor at the Computer Science Department\u00a0of the\u00a0Faculty of Sciences\u00a0of the\u00a0University of Mons\u00a0(Belgium). I am responsable for the\u00a0Theoretical Computer Science Lab. Publications DBLP Google Scholar UMONS institutional repository Research topics [&hellip;]","og_url":"https:\/\/web.umons.ac.be\/fs-informatique\/equipes\/veronique-bruyere\/","og_site_name":"FS - D\u00e9partement d&#039;Informatique","article_modified_time":"2024-04-22T09:15:15+00:00","og_image":[{"url":"https:\/\/web.umons.ac.be\/app\/uploads\/sites\/209\/2024\/04\/vero-239x300.jpg","type":"","width":"","height":""}],"twitter_card":"summary_large_image","twitter_misc":{"Dur\u00e9e de lecture estim\u00e9e":"2 minutes"},"schema":{"@context":"https:\/\/schema.org","@graph":[{"@type":"WebPage","@id":"https:\/\/web.umons.ac.be\/fs-informatique\/equipes\/veronique-bruyere\/","url":"https:\/\/web.umons.ac.be\/fs-informatique\/equipes\/veronique-bruyere\/","name":"V\u00e9ronique Bruy\u00e8re - FS - D\u00e9partement d&#039;Informatique","isPartOf":{"@id":"https:\/\/web.umons.ac.be\/fs-informatique\/#website"},"primaryImageOfPage":{"@id":"https:\/\/web.umons.ac.be\/fs-informatique\/equipes\/veronique-bruyere\/#primaryimage"},"image":{"@id":"https:\/\/web.umons.ac.be\/fs-informatique\/equipes\/veronique-bruyere\/#primaryimage"},"thumbnailUrl":"https:\/\/web.umons.ac.be\/app\/uploads\/sites\/209\/2024\/04\/vero-239x300.jpg","datePublished":"2024-04-19T08:16:11+00:00","dateModified":"2024-04-22T09:15:15+00:00","breadcrumb":{"@id":"https:\/\/web.umons.ac.be\/fs-informatique\/equipes\/veronique-bruyere\/#breadcrumb"},"inLanguage":"fr-FR","potentialAction":[{"@type":"ReadAction","target":["https:\/\/web.umons.ac.be\/fs-informatique\/equipes\/veronique-bruyere\/"]}]},{"@type":"ImageObject","inLanguage":"fr-FR","@id":"https:\/\/web.umons.ac.be\/fs-informatique\/equipes\/veronique-bruyere\/#primaryimage","url":"https:\/\/web.umons.ac.be\/app\/uploads\/sites\/209\/2024\/04\/vero-239x300.jpg","contentUrl":"https:\/\/web.umons.ac.be\/app\/uploads\/sites\/209\/2024\/04\/vero-239x300.jpg"},{"@type":"BreadcrumbList","@id":"https:\/\/web.umons.ac.be\/fs-informatique\/equipes\/veronique-bruyere\/#breadcrumb","itemListElement":[{"@type":"ListItem","position":1,"name":"Accueil","item":"https:\/\/web.umons.ac.be\/fs-informatique\/"},{"@type":"ListItem","position":2,"name":"\u00c9quipes","item":"https:\/\/web.umons.ac.be\/fs-informatique\/equipes\/"},{"@type":"ListItem","position":3,"name":"V\u00e9ronique Bruy\u00e8re"}]},{"@type":"WebSite","@id":"https:\/\/web.umons.ac.be\/fs-informatique\/#website","url":"https:\/\/web.umons.ac.be\/fs-informatique\/","name":"FS - D\u00e9partement d&#039;Informatique","description":"","potentialAction":[{"@type":"SearchAction","target":{"@type":"EntryPoint","urlTemplate":"https:\/\/web.umons.ac.be\/fs-informatique\/?s={search_term_string}"},"query-input":{"@type":"PropertyValueSpecification","valueRequired":true,"valueName":"search_term_string"}}],"inLanguage":"fr-FR"}]}},"lang":"fr","translations":{"fr":43},"pll_sync_post":[],"_links":{"self":[{"href":"https:\/\/web.umons.ac.be\/fs-informatique\/wp-json\/wp\/v2\/pages\/43","targetHints":{"allow":["GET"]}}],"collection":[{"href":"https:\/\/web.umons.ac.be\/fs-informatique\/wp-json\/wp\/v2\/pages"}],"about":[{"href":"https:\/\/web.umons.ac.be\/fs-informatique\/wp-json\/wp\/v2\/types\/page"}],"author":[{"embeddable":true,"href":"https:\/\/web.umons.ac.be\/fs-informatique\/wp-json\/wp\/v2\/users\/2"}],"replies":[{"embeddable":true,"href":"https:\/\/web.umons.ac.be\/fs-informatique\/wp-json\/wp\/v2\/comments?post=43"}],"version-history":[{"count":3,"href":"https:\/\/web.umons.ac.be\/fs-informatique\/wp-json\/wp\/v2\/pages\/43\/revisions"}],"predecessor-version":[{"id":62,"href":"https:\/\/web.umons.ac.be\/fs-informatique\/wp-json\/wp\/v2\/pages\/43\/revisions\/62"}],"up":[{"embeddable":true,"href":"https:\/\/web.umons.ac.be\/fs-informatique\/wp-json\/wp\/v2\/pages\/40"}],"wp:attachment":[{"href":"https:\/\/web.umons.ac.be\/fs-informatique\/wp-json\/wp\/v2\/media?parent=43"}],"curies":[{"name":"wp","href":"https:\/\/api.w.org\/{rel}","templated":true}]}}