{"id":46,"date":"2024-04-19T10:20:30","date_gmt":"2024-04-19T08:20:30","guid":{"rendered":"https:\/\/web.umons.ac.be\/fs-informatique\/?page_id=46"},"modified":"2024-04-22T11:56:49","modified_gmt":"2024-04-22T09:56:49","slug":"alain-buys","status":"publish","type":"page","link":"https:\/\/web.umons.ac.be\/fs-informatique\/equipes\/alain-buys\/","title":{"rendered":"Alain Buys"},"content":{"rendered":"<p><img loading=\"lazy\" decoding=\"async\" class=\"alignleft size-full wp-image-47\" src=\"https:\/\/web.umons.ac.be\/app\/uploads\/sites\/209\/2024\/04\/myface-197x300-1.png\" alt=\"\" width=\"197\" height=\"300\" srcset=\"https:\/\/web.umons.ac.be\/app\/uploads\/sites\/209\/2024\/04\/myface-197x300-1.png 197w, https:\/\/web.umons.ac.be\/app\/uploads\/sites\/209\/2024\/04\/myface-197x300-1-30x46.png 30w, https:\/\/web.umons.ac.be\/app\/uploads\/sites\/209\/2024\/04\/myface-197x300-1-39x60.png 39w\" sizes=\"auto, (max-width: 197px) 100vw, 197px\" \/>Apr\u00e8s un doctorat en Physique \u00e0 l\u2019Universit\u00e9 de Mons et une bourse du CERN \u00e0 Gen\u00e8ve, ma carri\u00e8re s\u2019est tourn\u00e9e vers l\u2019informatique, d\u2019abord dans l\u2019administration de syst\u00e8me, ensuite \u00e9galement dans l\u2019enseignement.<\/p>\n<p>Jusqu\u2019au 31\/01\/2011, j\u2019\u00e9tais chef de travaux au D\u00e9partement des ressources informatiques de l\u2019<a href=\"http:\/\/www.umons.ac.be\/\">Universit\u00e9 de Mons (UMONS)<\/a>, travaillant essentiellement dans les technologies libres et \u00ab\u00a0open source\u00a0\u00bb.<\/p>\n<p>Depuis lors, je suis rattach\u00e9 au\u00a0<a href=\"http:\/\/informatique.umons.ac.be\/\">D\u00e9partement d\u2019Informatique<\/a>\u00a0de la Facult\u00e9 des Sciences, dans le service de\u00a0<a href=\"http:\/\/informatique.umons.ac.be\/networks\">R\u00e9seaux et T\u00e9l\u00e9communications<\/a>.<\/p>\n<p>&nbsp;<\/p>\n<p>&nbsp;<\/p>\n<p>&nbsp;<\/p>\n<hr \/>\n<start-cask-shortcode-wrapper>    <div class=\"tabs scheme-fs\">\n        <nav class=\"tabs-nav\">\n            <ul class=\"tabs-menu\">\n                                <li class=\"tabs-menu-item active\">\n                    <a href=\"#pane-tab-662633eacffa1\" class=\"tabs-menu-link scheme-color scheme-color-hover scheme-after-background-important\">\n                        CV en bref                    <\/a>\n                <\/li>\n                                <li class=\"tabs-menu-item\">\n                    <a href=\"#pane-tab-662634040ec10\" class=\"tabs-menu-link scheme-color scheme-color-hover scheme-after-background-important\">\n                        Enseignement                    <\/a>\n                <\/li>\n                                <li class=\"tabs-menu-item\">\n                    <a href=\"#pane-tab-66263431a2da0\" class=\"tabs-menu-link scheme-color scheme-color-hover scheme-after-background-important\">\n                        Charges administratives                    <\/a>\n                <\/li>\n                                <li class=\"tabs-menu-item\">\n                    <a href=\"#pane-tab-66263449a4d27\" class=\"tabs-menu-link scheme-color scheme-color-hover scheme-after-background-important\">\n                        Contact                    <\/a>\n                <\/li>\n                            <\/ul>\n        <\/nav>\n        <div class=\"tabs-panes\">\n                            <button class=\"expand-toggle button-expand accordion-bellow-toggle scheme-background-hover open\" data-target=\"#pane-tab-662633eacffa1\">\n                    CV en bref                    <span class=\"icon arrow umons-icon umons-icon-chevron-down\" aria-hidden=\"true\"><\/span>\n                <\/button>\n                <div id=\"pane-tab-662633eacffa1\" class=\"tabs-pane active\">\n                    <div class=\"tabs-pane-inner editor-front\">\n                        <h2>Fonctions<\/h2>\r\n<ul>\r\n \t<li>Avril 2019 \u2013\u00a0<i>r\u00e9gularis\u00e9 le 1\/1\/2024<\/i>\u00a0 : \u00a0 \u00a0 Agr\u00e9g\u00e9 de facult\u00e9 (<a href=\"http:\/\/www.umons.ac.be\/\">UMONS<\/a>)<\/li>\r\n \t<li>Octobre 2001 \u2013 Mars 2019 : \u00a0 \u00a0 Chef de travaux (<a href=\"http:\/\/www.umons.ac.be\/\">UMONS<\/a>)<\/li>\r\n \t<li>Octobre 1996 \u2013 Septembre 2001 : \u00a0 \u00a0 Premier assistant (<a href=\"http:\/\/www.umons.ac.be\/\">UMH<\/a>)<\/li>\r\n \t<li>Mars 1996 \u2013 Septembre 1996 : \u00a0 \u00a0 Assistant (<a href=\"http:\/\/www.umons.ac.be\/\">UMH<\/a>)<\/li>\r\n \t<li>D\u00e9cembre 1993 \u2013 F\u00e9vrier 1996 : \u00a0 \u00a0 Boursier (<a href=\"http:\/\/www.cern.ch\/\">Organisation Europ\u00e9nne pour la Recherche Nucl\u00e9aire, CERN<\/a>)<\/li>\r\n \t<li>D\u00e9cembre 1986 \u2013 Novembre 1993 : \u00a0 \u00a0 Boursier IISN en physique des particules \u00e9l\u00e9mentaires (<a href=\"http:\/\/www.umons.ac.be\/\">UMH<\/a>)<\/li>\r\n \t<li>D\u00e9cembre 1985 \u2013 Novembre 1986 : \u00a0 \u00a0 Informaticien sous contrat (Service d\u2019informatique,\u00a0<a href=\"http:\/\/www.umons.ac.be\/\">UMH<\/a>)<\/li>\r\n \t<li>Octobre 1984 \u2013 Novembre 1985 : \u00a0 \u00a0 Assistant (Service de Physique statistique et Probabilit\u00e9s,\u00a0<a href=\"http:\/\/www.umons.ac.be\/\">UMH<\/a>)<\/li>\r\n<\/ul>\r\n<h2>Dipl\u00f4mes<\/h2>\r\n<ul>\r\n \t<li>Septembre 1992 : \u00a0 \u00a0 Doctorat en Physique des particules \u00e9l\u00e9mentaires (<a href=\"http:\/\/www.umons.ac.be\/\">UMH<\/a>)<\/li>\r\n \t<li>Septembre 1984 \u2013 Septembre 1986 : \u00a0 \u00a0 Certificat approfondi en Informatique (<a href=\"http:\/\/www.umons.ac.be\/\">UMH<\/a>)<\/li>\r\n \t<li>Septembre 1980 \u2013 Juin 1984 : \u00a0 \u00a0 Licence en Physique (<a href=\"http:\/\/www.umons.ac.be\/\">UMH<\/a>)<\/li>\r\n<\/ul>                    <\/div>\n                <\/div>\n                            <button class=\"expand-toggle button-expand accordion-bellow-toggle scheme-background-hover\" data-target=\"#pane-tab-662634040ec10\">\n                    Enseignement                    <span class=\"icon arrow umons-icon umons-icon-chevron-down\" aria-hidden=\"true\"><\/span>\n                <\/button>\n                <div id=\"pane-tab-662634040ec10\" class=\"tabs-pane\">\n                    <div class=\"tabs-pane-inner editor-front\">\n                        <h2>Enseignement<\/h2>\r\n<ul>\r\n \t<li><a href=\"http:\/\/applications.umons.ac.be\/web\/fr\/pde\/2023-2024\/ue\/US-M1-SCINFO-010-M.htm\">Cryptographie et S\u00e9curit\u00e9 des Syst\u00e8mes Informatiques<\/a>\u00a0(depuis 2001)<\/li>\r\n \t<li><a href=\"http:\/\/applications.umons.ac.be\/web\/fr\/pde\/2023-2024\/ue\/US-B3-SCINFO-008-M.htm\">Simulation<\/a>\u00a0(depuis 2010)<\/li>\r\n \t<li>Langage SQL (partie des TP de\u00a0<a href=\"http:\/\/applications.umons.ac.be\/web\/fr\/pde\/2023-2024\/aa\/S-INFO-100.htm\">Bases de donn\u00e9es I<\/a>, depuis 1999)<\/li>\r\n \t<li><a href=\"http:\/\/applications.umons.ac.be\/web\/fr\/pde\/2023-2024\/ue\/US-M1-INFO60-003-C.htm\">Cryptographie et S\u00e9curit\u00e9 des Syst\u00e8mes Informatiques<\/a>\u00a0en horaire d\u00e9cal\u00e9 \u00e0 Charleroi (depuis 2012)<\/li>\r\n \t<li><a href=\"http:\/\/applications.umons.ac.be\/web\/fr\/pde\/2023-2024\/ue\/US-M1-SCINFO-289-M.htm\">Advanced Operating Systems<\/a>\u00a0(depuis 2018)<\/li>\r\n<\/ul>\r\n<h2>Publications<\/h2>\r\n<ul>\r\n \t<li style=\"list-style-type: none;\">\r\n<ul>\r\n \t<li style=\"list-style-type: none\">\r\n<ul>Physique des particules \u00e9l\u00e9mentaires<\/ul>\r\n<\/li>\r\n<\/ul>\r\n<a style=\"font-size: 14px;\" href=\"https:\/\/informatique-umons.be\/buys-alain\/wp-content\/uploads\/sites\/8\/2024\/02\/publist.pdf\">(pdf)<\/a><\/li>\r\n<\/ul>\r\n<ul>\r\n \t<li style=\"list-style-type: none;\">\r\n<ul>\r\n \t<li style=\"list-style-type: none\">\r\n<ul>Liste de mes publications scientifiques disponible sur le<\/ul>\r\n<\/li>\r\n<\/ul>\r\n<a style=\"font-size: 14px;\" href=\"https:\/\/orbi.umons.ac.be\/simple-search?query=buys\">d\u00e9p\u00f4t institutionnel de l\u2019UMONS<\/a><span style=\"font-size: 14px;\">\u00a0(publications UMONS\/UMH seulement)<\/span><\/li>\r\n<\/ul>\r\n&nbsp;                    <\/div>\n                <\/div>\n                            <button class=\"expand-toggle button-expand accordion-bellow-toggle scheme-background-hover\" data-target=\"#pane-tab-66263431a2da0\">\n                    Charges administratives                    <span class=\"icon arrow umons-icon umons-icon-chevron-down\" aria-hidden=\"true\"><\/span>\n                <\/button>\n                <div id=\"pane-tab-66263431a2da0\" class=\"tabs-pane\">\n                    <div class=\"tabs-pane-inner editor-front\">\n                        <h2>Charges administratives<\/h2>\r\n<ul>\r\n \t<li>Secr\u00e9taire du Conseil de l\u2019Informatique (octobre 2008-mai 2012)<\/li>\r\n \t<li>Membre du Conseil de Facult\u00e9 des Sciences<\/li>\r\n \t<li>Repr\u00e9sentant de la FS au Conseil de la Biblioth\u00e8que (octobre 2009 \u2013 septembre 2022)<\/li>\r\n \t<li>Membre du Groupe de travail \u00ab\u00a0Entrepreneuriat\u00a0\u00bb<\/li>\r\n \t<li>Membre du CorSci<\/li>\r\n \t<li>Repr\u00e9sentant du CorSci au CRECH<\/li>\r\n \t<li>Relais \u00ab\u00a0Moodle\u00a0\u00bb (e-learning) pour la FS<\/li>\r\n<\/ul>                    <\/div>\n                <\/div>\n                            <button class=\"expand-toggle button-expand accordion-bellow-toggle scheme-background-hover\" data-target=\"#pane-tab-66263449a4d27\">\n                    Contact                    <span class=\"icon arrow umons-icon umons-icon-chevron-down\" aria-hidden=\"true\"><\/span>\n                <\/button>\n                <div id=\"pane-tab-66263449a4d27\" class=\"tabs-pane\">\n                    <div class=\"tabs-pane-inner editor-front\">\n                        <h2>Adresse<\/h2>\r\nDr. Alain Buys\r\n<a href=\"http:\/\/informatique.umons.ac.be\/\">D\u00e9partement d\u2019Informatique<\/a>, Facult\u00e9 des Sciences\r\n<a href=\"http:\/\/www.umons.ac.be\/\">Universit\u00e9 de Mons<\/a>\u00a0\u2013 UMONS\r\nB\u00e2timent Da Vinci, Bureau 2.16\r\nAvenue Maistriau, 15\r\n7000 Mons, Belgique\r\nT\u00e9l: \u279532 65 37 3362                    <\/div>\n                <\/div>\n                    <\/div>\n    <\/div><end-cask-shortcode-wrapper>\n","protected":false},"excerpt":{"rendered":"<p>Apr\u00e8s un doctorat en Physique \u00e0 l\u2019Universit\u00e9 de Mons et une bourse du CERN \u00e0 Gen\u00e8ve, ma carri\u00e8re s\u2019est tourn\u00e9e vers l\u2019informatique, d\u2019abord dans l\u2019administration de syst\u00e8me, ensuite \u00e9galement dans l\u2019enseignement. Jusqu\u2019au 31\/01\/2011, j\u2019\u00e9tais chef de travaux au D\u00e9partement des ressources informatiques de l\u2019Universit\u00e9 de Mons (UMONS), travaillant essentiellement dans les technologies libres et \u00ab\u00a0open [&hellip;]<\/p>\n","protected":false},"author":2,"featured_media":0,"parent":40,"menu_order":0,"comment_status":"closed","ping_status":"closed","template":"","meta":{"footnotes":""},"class_list":["post-46","page","type-page","status-publish","hentry"],"yoast_head":"<!-- This site is optimized with the Yoast SEO plugin v27.2 - https:\/\/yoast.com\/product\/yoast-seo-wordpress\/ -->\n<title>Alain Buys - FS - D\u00e9partement d&#039;Informatique<\/title>\n<meta name=\"robots\" content=\"index, follow, max-snippet:-1, max-image-preview:large, max-video-preview:-1\" \/>\n<link rel=\"canonical\" href=\"https:\/\/web.umons.ac.be\/fs-informatique\/equipes\/alain-buys\/\" \/>\n<meta property=\"og:locale\" content=\"fr_FR\" \/>\n<meta property=\"og:type\" content=\"article\" \/>\n<meta property=\"og:title\" content=\"Alain Buys - FS - D\u00e9partement d&#039;Informatique\" \/>\n<meta property=\"og:description\" content=\"Apr\u00e8s un doctorat en Physique \u00e0 l\u2019Universit\u00e9 de Mons et une bourse du CERN \u00e0 Gen\u00e8ve, ma carri\u00e8re s\u2019est tourn\u00e9e vers l\u2019informatique, d\u2019abord dans l\u2019administration de syst\u00e8me, ensuite \u00e9galement dans l\u2019enseignement. Jusqu\u2019au 31\/01\/2011, j\u2019\u00e9tais chef de travaux au D\u00e9partement des ressources informatiques de l\u2019Universit\u00e9 de Mons (UMONS), travaillant essentiellement dans les technologies libres et \u00ab\u00a0open [&hellip;]\" \/>\n<meta property=\"og:url\" content=\"https:\/\/web.umons.ac.be\/fs-informatique\/equipes\/alain-buys\/\" \/>\n<meta property=\"og:site_name\" content=\"FS - D\u00e9partement d&#039;Informatique\" \/>\n<meta property=\"article:modified_time\" content=\"2024-04-22T09:56:49+00:00\" \/>\n<meta property=\"og:image\" content=\"https:\/\/web.umons.ac.be\/app\/uploads\/sites\/209\/2024\/04\/myface-197x300-1.png\" \/>\n<meta name=\"twitter:card\" content=\"summary_large_image\" \/>\n<meta name=\"twitter:label1\" content=\"Dur\u00e9e de lecture estim\u00e9e\" \/>\n\t<meta name=\"twitter:data1\" content=\"1 minute\" \/>\n<script type=\"application\/ld+json\" class=\"yoast-schema-graph\">{\"@context\":\"https:\/\/schema.org\",\"@graph\":[{\"@type\":\"WebPage\",\"@id\":\"https:\/\/web.umons.ac.be\/fs-informatique\/equipes\/alain-buys\/\",\"url\":\"https:\/\/web.umons.ac.be\/fs-informatique\/equipes\/alain-buys\/\",\"name\":\"Alain Buys - FS - D\u00e9partement d&#039;Informatique\",\"isPartOf\":{\"@id\":\"https:\/\/web.umons.ac.be\/fs-informatique\/#website\"},\"primaryImageOfPage\":{\"@id\":\"https:\/\/web.umons.ac.be\/fs-informatique\/equipes\/alain-buys\/#primaryimage\"},\"image\":{\"@id\":\"https:\/\/web.umons.ac.be\/fs-informatique\/equipes\/alain-buys\/#primaryimage\"},\"thumbnailUrl\":\"https:\/\/web.umons.ac.be\/app\/uploads\/sites\/209\/2024\/04\/myface-197x300-1.png\",\"datePublished\":\"2024-04-19T08:20:30+00:00\",\"dateModified\":\"2024-04-22T09:56:49+00:00\",\"breadcrumb\":{\"@id\":\"https:\/\/web.umons.ac.be\/fs-informatique\/equipes\/alain-buys\/#breadcrumb\"},\"inLanguage\":\"fr-FR\",\"potentialAction\":[{\"@type\":\"ReadAction\",\"target\":[\"https:\/\/web.umons.ac.be\/fs-informatique\/equipes\/alain-buys\/\"]}]},{\"@type\":\"ImageObject\",\"inLanguage\":\"fr-FR\",\"@id\":\"https:\/\/web.umons.ac.be\/fs-informatique\/equipes\/alain-buys\/#primaryimage\",\"url\":\"https:\/\/web.umons.ac.be\/app\/uploads\/sites\/209\/2024\/04\/myface-197x300-1.png\",\"contentUrl\":\"https:\/\/web.umons.ac.be\/app\/uploads\/sites\/209\/2024\/04\/myface-197x300-1.png\"},{\"@type\":\"BreadcrumbList\",\"@id\":\"https:\/\/web.umons.ac.be\/fs-informatique\/equipes\/alain-buys\/#breadcrumb\",\"itemListElement\":[{\"@type\":\"ListItem\",\"position\":1,\"name\":\"Accueil\",\"item\":\"https:\/\/web.umons.ac.be\/fs-informatique\/\"},{\"@type\":\"ListItem\",\"position\":2,\"name\":\"\u00c9quipes\",\"item\":\"https:\/\/web.umons.ac.be\/fs-informatique\/equipes\/\"},{\"@type\":\"ListItem\",\"position\":3,\"name\":\"Alain Buys\"}]},{\"@type\":\"WebSite\",\"@id\":\"https:\/\/web.umons.ac.be\/fs-informatique\/#website\",\"url\":\"https:\/\/web.umons.ac.be\/fs-informatique\/\",\"name\":\"FS - D\u00e9partement d&#039;Informatique\",\"description\":\"\",\"potentialAction\":[{\"@type\":\"SearchAction\",\"target\":{\"@type\":\"EntryPoint\",\"urlTemplate\":\"https:\/\/web.umons.ac.be\/fs-informatique\/?s={search_term_string}\"},\"query-input\":{\"@type\":\"PropertyValueSpecification\",\"valueRequired\":true,\"valueName\":\"search_term_string\"}}],\"inLanguage\":\"fr-FR\"}]}<\/script>\n<!-- \/ Yoast SEO plugin. -->","yoast_head_json":{"title":"Alain Buys - FS - D\u00e9partement d&#039;Informatique","robots":{"index":"index","follow":"follow","max-snippet":"max-snippet:-1","max-image-preview":"max-image-preview:large","max-video-preview":"max-video-preview:-1"},"canonical":"https:\/\/web.umons.ac.be\/fs-informatique\/equipes\/alain-buys\/","og_locale":"fr_FR","og_type":"article","og_title":"Alain Buys - FS - D\u00e9partement d&#039;Informatique","og_description":"Apr\u00e8s un doctorat en Physique \u00e0 l\u2019Universit\u00e9 de Mons et une bourse du CERN \u00e0 Gen\u00e8ve, ma carri\u00e8re s\u2019est tourn\u00e9e vers l\u2019informatique, d\u2019abord dans l\u2019administration de syst\u00e8me, ensuite \u00e9galement dans l\u2019enseignement. Jusqu\u2019au 31\/01\/2011, j\u2019\u00e9tais chef de travaux au D\u00e9partement des ressources informatiques de l\u2019Universit\u00e9 de Mons (UMONS), travaillant essentiellement dans les technologies libres et \u00ab\u00a0open [&hellip;]","og_url":"https:\/\/web.umons.ac.be\/fs-informatique\/equipes\/alain-buys\/","og_site_name":"FS - D\u00e9partement d&#039;Informatique","article_modified_time":"2024-04-22T09:56:49+00:00","og_image":[{"url":"https:\/\/web.umons.ac.be\/app\/uploads\/sites\/209\/2024\/04\/myface-197x300-1.png","type":"","width":"","height":""}],"twitter_card":"summary_large_image","twitter_misc":{"Dur\u00e9e de lecture estim\u00e9e":"1 minute"},"schema":{"@context":"https:\/\/schema.org","@graph":[{"@type":"WebPage","@id":"https:\/\/web.umons.ac.be\/fs-informatique\/equipes\/alain-buys\/","url":"https:\/\/web.umons.ac.be\/fs-informatique\/equipes\/alain-buys\/","name":"Alain Buys - FS - D\u00e9partement d&#039;Informatique","isPartOf":{"@id":"https:\/\/web.umons.ac.be\/fs-informatique\/#website"},"primaryImageOfPage":{"@id":"https:\/\/web.umons.ac.be\/fs-informatique\/equipes\/alain-buys\/#primaryimage"},"image":{"@id":"https:\/\/web.umons.ac.be\/fs-informatique\/equipes\/alain-buys\/#primaryimage"},"thumbnailUrl":"https:\/\/web.umons.ac.be\/app\/uploads\/sites\/209\/2024\/04\/myface-197x300-1.png","datePublished":"2024-04-19T08:20:30+00:00","dateModified":"2024-04-22T09:56:49+00:00","breadcrumb":{"@id":"https:\/\/web.umons.ac.be\/fs-informatique\/equipes\/alain-buys\/#breadcrumb"},"inLanguage":"fr-FR","potentialAction":[{"@type":"ReadAction","target":["https:\/\/web.umons.ac.be\/fs-informatique\/equipes\/alain-buys\/"]}]},{"@type":"ImageObject","inLanguage":"fr-FR","@id":"https:\/\/web.umons.ac.be\/fs-informatique\/equipes\/alain-buys\/#primaryimage","url":"https:\/\/web.umons.ac.be\/app\/uploads\/sites\/209\/2024\/04\/myface-197x300-1.png","contentUrl":"https:\/\/web.umons.ac.be\/app\/uploads\/sites\/209\/2024\/04\/myface-197x300-1.png"},{"@type":"BreadcrumbList","@id":"https:\/\/web.umons.ac.be\/fs-informatique\/equipes\/alain-buys\/#breadcrumb","itemListElement":[{"@type":"ListItem","position":1,"name":"Accueil","item":"https:\/\/web.umons.ac.be\/fs-informatique\/"},{"@type":"ListItem","position":2,"name":"\u00c9quipes","item":"https:\/\/web.umons.ac.be\/fs-informatique\/equipes\/"},{"@type":"ListItem","position":3,"name":"Alain Buys"}]},{"@type":"WebSite","@id":"https:\/\/web.umons.ac.be\/fs-informatique\/#website","url":"https:\/\/web.umons.ac.be\/fs-informatique\/","name":"FS - D\u00e9partement d&#039;Informatique","description":"","potentialAction":[{"@type":"SearchAction","target":{"@type":"EntryPoint","urlTemplate":"https:\/\/web.umons.ac.be\/fs-informatique\/?s={search_term_string}"},"query-input":{"@type":"PropertyValueSpecification","valueRequired":true,"valueName":"search_term_string"}}],"inLanguage":"fr-FR"}]}},"lang":"fr","translations":{"fr":46},"pll_sync_post":[],"_links":{"self":[{"href":"https:\/\/web.umons.ac.be\/fs-informatique\/wp-json\/wp\/v2\/pages\/46","targetHints":{"allow":["GET"]}}],"collection":[{"href":"https:\/\/web.umons.ac.be\/fs-informatique\/wp-json\/wp\/v2\/pages"}],"about":[{"href":"https:\/\/web.umons.ac.be\/fs-informatique\/wp-json\/wp\/v2\/types\/page"}],"author":[{"embeddable":true,"href":"https:\/\/web.umons.ac.be\/fs-informatique\/wp-json\/wp\/v2\/users\/2"}],"replies":[{"embeddable":true,"href":"https:\/\/web.umons.ac.be\/fs-informatique\/wp-json\/wp\/v2\/comments?post=46"}],"version-history":[{"count":3,"href":"https:\/\/web.umons.ac.be\/fs-informatique\/wp-json\/wp\/v2\/pages\/46\/revisions"}],"predecessor-version":[{"id":69,"href":"https:\/\/web.umons.ac.be\/fs-informatique\/wp-json\/wp\/v2\/pages\/46\/revisions\/69"}],"up":[{"embeddable":true,"href":"https:\/\/web.umons.ac.be\/fs-informatique\/wp-json\/wp\/v2\/pages\/40"}],"wp:attachment":[{"href":"https:\/\/web.umons.ac.be\/fs-informatique\/wp-json\/wp\/v2\/media?parent=46"}],"curies":[{"name":"wp","href":"https:\/\/api.w.org\/{rel}","templated":true}]}}