{"id":74,"date":"2024-04-23T15:52:10","date_gmt":"2024-04-23T13:52:10","guid":{"rendered":"https:\/\/web.umons.ac.be\/fs-informatique\/?page_id=74"},"modified":"2024-04-23T15:52:10","modified_gmt":"2024-04-23T13:52:10","slug":"1er-cycle-bachelier-en-sciences-informatiques","status":"publish","type":"page","link":"https:\/\/web.umons.ac.be\/fs-informatique\/enseignement\/1er-cycle-bachelier-en-sciences-informatiques\/","title":{"rendered":"1er cycle : Bachelier en Sciences informatiques"},"content":{"rendered":"<start-cask-shortcode-wrapper><article class=\"shortcode-training training-small content-block scheme-fs\">\n\t<a href=\"https:\/\/web.umons.ac.be\/fs\/fr\/training\/ba-scinfo\/\" class=\"training-link scheme-border-hover\">\n\t\t<header class=\"training-small-header\">\n\t\t\t<div class=\"training-small-entity scheme-color\">\n\t\t\t\tFacult\u00e9 \/ FS\t\t\t\t\t           \t<img decoding=\"async\" src=\"https:\/\/web.umons.ac.be\/app\/uploads\/sites\/11\/2017\/05\/FS.png\" class=\"training-small-entity-logo\" alt=\"Ic\u00f4ne de Facult\u00e9 \/ FS\">\n\t        \t\t\t\t<\/div>\n\t\t\t<div class=\"training-small-degree\">\n\t\t\t\tBachelier en\t\t\t<\/div>\n\n\t\t\t<h1 class=\"training-small-title\">Sciences informatiques<\/h1>\n\n\t\t\t\t\t<\/header>\n\t\t\t\t<div class=\"training-small-content\">\n\t\t\t<div class=\"training-small-location\">\n\t\t\t\t<span class=\"icon umons-icon-pin\" aria-hidden=\"true\"><\/span>\n\t\t\t\t<span class=\"location\">Mons<\/span>\n\t\t\t<\/div>\n\n\t\t\t\t\t\t<div class=\"training-small-side-info\">\n\t\t\t\t<ul class=\"training-small-side-info-list\">\n\t\t\t\t\t\t\t\t\t\t<li>\n\t\t\t\t\t\t<div class=\"training-single-schedule\">\n\t\t\t\t\t\t\t<div class=\"label\">Horaire<\/div>\n\t\t\t\t\t\t\t<div class=\"value\">Horaire de jour<\/div>\n\t\t\t\t\t\t<\/div>\n\t\t\t\t\t<\/li>\n\t\t\t\t\t\t\t\t\t\t\t\t\t\t\t<li>\n\t\t\t\t\t\t<div class=\"training-single-credits\">\n\t\t\t\t\t\t\t<div class=\"label\">Cr\u00e9dits ECTS<\/div>\n\t\t\t\t\t\t\t<div class=\"value\">180<\/div>\n\t\t\t\t\t\t<\/div>\n\t\t\t\t\t<\/li>\n\t\t\t\t\t\t\t\t\t\t\t\t\t\t\t<li>\n\t\t\t\t\t\t<div class=\"training-single-languages\">\n\t\t\t\t\t\t\t<div class=\"label\">Langue<\/div>\n\t\t\t\t\t\t\t<div class=\"value\">\n\t\t\t\t\t\t\t\t<span class=\"lang\">Fran\u00e7ais<\/span>\n\t\t\t\t\t\t\t<\/div>\n\t\t\t\t\t\t<\/div>\n\t\t\t\t\t<\/li>\n\t\t\t\t\t\t\t\t\t<\/ul>\n\t\t\t<\/div>\n\t\t\t\t\t<\/div>\n\t\t\t<\/a>\n<\/article>\n<end-cask-shortcode-wrapper>\n","protected":false},"excerpt":{"rendered":"","protected":false},"author":2,"featured_media":0,"parent":71,"menu_order":0,"comment_status":"closed","ping_status":"closed","template":"","meta":{"footnotes":""},"class_list":["post-74","page","type-page","status-publish","hentry"],"yoast_head":"<!-- This site is optimized with the Yoast SEO plugin v27.2 - https:\/\/yoast.com\/product\/yoast-seo-wordpress\/ -->\n<title>1er cycle : Bachelier en Sciences informatiques - FS - D\u00e9partement d&#039;Informatique<\/title>\n<meta name=\"robots\" content=\"index, follow, max-snippet:-1, max-image-preview:large, max-video-preview:-1\" \/>\n<link rel=\"canonical\" href=\"https:\/\/web.umons.ac.be\/fs-informatique\/enseignement\/1er-cycle-bachelier-en-sciences-informatiques\/\" \/>\n<meta property=\"og:locale\" content=\"fr_FR\" \/>\n<meta property=\"og:type\" content=\"article\" \/>\n<meta property=\"og:title\" content=\"1er cycle : Bachelier en Sciences informatiques - FS - D\u00e9partement d&#039;Informatique\" \/>\n<meta property=\"og:url\" content=\"https:\/\/web.umons.ac.be\/fs-informatique\/enseignement\/1er-cycle-bachelier-en-sciences-informatiques\/\" \/>\n<meta property=\"og:site_name\" content=\"FS - D\u00e9partement d&#039;Informatique\" \/>\n<meta name=\"twitter:card\" content=\"summary_large_image\" \/>\n<meta name=\"twitter:label1\" content=\"Dur\u00e9e de lecture estim\u00e9e\" \/>\n\t<meta name=\"twitter:data1\" content=\"1 minute\" \/>\n<script type=\"application\/ld+json\" class=\"yoast-schema-graph\">{\"@context\":\"https:\/\/schema.org\",\"@graph\":[{\"@type\":\"WebPage\",\"@id\":\"https:\/\/web.umons.ac.be\/fs-informatique\/enseignement\/1er-cycle-bachelier-en-sciences-informatiques\/\",\"url\":\"https:\/\/web.umons.ac.be\/fs-informatique\/enseignement\/1er-cycle-bachelier-en-sciences-informatiques\/\",\"name\":\"1er cycle : Bachelier en Sciences informatiques - FS - D\u00e9partement d&#039;Informatique\",\"isPartOf\":{\"@id\":\"https:\/\/web.umons.ac.be\/fs-informatique\/#website\"},\"datePublished\":\"2024-04-23T13:52:10+00:00\",\"breadcrumb\":{\"@id\":\"https:\/\/web.umons.ac.be\/fs-informatique\/enseignement\/1er-cycle-bachelier-en-sciences-informatiques\/#breadcrumb\"},\"inLanguage\":\"fr-FR\",\"potentialAction\":[{\"@type\":\"ReadAction\",\"target\":[\"https:\/\/web.umons.ac.be\/fs-informatique\/enseignement\/1er-cycle-bachelier-en-sciences-informatiques\/\"]}]},{\"@type\":\"BreadcrumbList\",\"@id\":\"https:\/\/web.umons.ac.be\/fs-informatique\/enseignement\/1er-cycle-bachelier-en-sciences-informatiques\/#breadcrumb\",\"itemListElement\":[{\"@type\":\"ListItem\",\"position\":1,\"name\":\"Accueil\",\"item\":\"https:\/\/web.umons.ac.be\/fs-informatique\/\"},{\"@type\":\"ListItem\",\"position\":2,\"name\":\"Enseignement\",\"item\":\"https:\/\/web.umons.ac.be\/fs-informatique\/enseignement\/\"},{\"@type\":\"ListItem\",\"position\":3,\"name\":\"1er cycle : Bachelier en Sciences informatiques\"}]},{\"@type\":\"WebSite\",\"@id\":\"https:\/\/web.umons.ac.be\/fs-informatique\/#website\",\"url\":\"https:\/\/web.umons.ac.be\/fs-informatique\/\",\"name\":\"FS - D\u00e9partement d&#039;Informatique\",\"description\":\"\",\"potentialAction\":[{\"@type\":\"SearchAction\",\"target\":{\"@type\":\"EntryPoint\",\"urlTemplate\":\"https:\/\/web.umons.ac.be\/fs-informatique\/?s={search_term_string}\"},\"query-input\":{\"@type\":\"PropertyValueSpecification\",\"valueRequired\":true,\"valueName\":\"search_term_string\"}}],\"inLanguage\":\"fr-FR\"}]}<\/script>\n<!-- \/ Yoast SEO plugin. -->","yoast_head_json":{"title":"1er cycle : Bachelier en Sciences informatiques - FS - D\u00e9partement d&#039;Informatique","robots":{"index":"index","follow":"follow","max-snippet":"max-snippet:-1","max-image-preview":"max-image-preview:large","max-video-preview":"max-video-preview:-1"},"canonical":"https:\/\/web.umons.ac.be\/fs-informatique\/enseignement\/1er-cycle-bachelier-en-sciences-informatiques\/","og_locale":"fr_FR","og_type":"article","og_title":"1er cycle : Bachelier en Sciences informatiques - FS - D\u00e9partement d&#039;Informatique","og_url":"https:\/\/web.umons.ac.be\/fs-informatique\/enseignement\/1er-cycle-bachelier-en-sciences-informatiques\/","og_site_name":"FS - D\u00e9partement d&#039;Informatique","twitter_card":"summary_large_image","twitter_misc":{"Dur\u00e9e de lecture estim\u00e9e":"1 minute"},"schema":{"@context":"https:\/\/schema.org","@graph":[{"@type":"WebPage","@id":"https:\/\/web.umons.ac.be\/fs-informatique\/enseignement\/1er-cycle-bachelier-en-sciences-informatiques\/","url":"https:\/\/web.umons.ac.be\/fs-informatique\/enseignement\/1er-cycle-bachelier-en-sciences-informatiques\/","name":"1er cycle : Bachelier en Sciences informatiques - FS - D\u00e9partement d&#039;Informatique","isPartOf":{"@id":"https:\/\/web.umons.ac.be\/fs-informatique\/#website"},"datePublished":"2024-04-23T13:52:10+00:00","breadcrumb":{"@id":"https:\/\/web.umons.ac.be\/fs-informatique\/enseignement\/1er-cycle-bachelier-en-sciences-informatiques\/#breadcrumb"},"inLanguage":"fr-FR","potentialAction":[{"@type":"ReadAction","target":["https:\/\/web.umons.ac.be\/fs-informatique\/enseignement\/1er-cycle-bachelier-en-sciences-informatiques\/"]}]},{"@type":"BreadcrumbList","@id":"https:\/\/web.umons.ac.be\/fs-informatique\/enseignement\/1er-cycle-bachelier-en-sciences-informatiques\/#breadcrumb","itemListElement":[{"@type":"ListItem","position":1,"name":"Accueil","item":"https:\/\/web.umons.ac.be\/fs-informatique\/"},{"@type":"ListItem","position":2,"name":"Enseignement","item":"https:\/\/web.umons.ac.be\/fs-informatique\/enseignement\/"},{"@type":"ListItem","position":3,"name":"1er cycle : Bachelier en Sciences informatiques"}]},{"@type":"WebSite","@id":"https:\/\/web.umons.ac.be\/fs-informatique\/#website","url":"https:\/\/web.umons.ac.be\/fs-informatique\/","name":"FS - D\u00e9partement d&#039;Informatique","description":"","potentialAction":[{"@type":"SearchAction","target":{"@type":"EntryPoint","urlTemplate":"https:\/\/web.umons.ac.be\/fs-informatique\/?s={search_term_string}"},"query-input":{"@type":"PropertyValueSpecification","valueRequired":true,"valueName":"search_term_string"}}],"inLanguage":"fr-FR"}]}},"lang":"fr","translations":{"fr":74},"pll_sync_post":[],"_links":{"self":[{"href":"https:\/\/web.umons.ac.be\/fs-informatique\/wp-json\/wp\/v2\/pages\/74","targetHints":{"allow":["GET"]}}],"collection":[{"href":"https:\/\/web.umons.ac.be\/fs-informatique\/wp-json\/wp\/v2\/pages"}],"about":[{"href":"https:\/\/web.umons.ac.be\/fs-informatique\/wp-json\/wp\/v2\/types\/page"}],"author":[{"embeddable":true,"href":"https:\/\/web.umons.ac.be\/fs-informatique\/wp-json\/wp\/v2\/users\/2"}],"replies":[{"embeddable":true,"href":"https:\/\/web.umons.ac.be\/fs-informatique\/wp-json\/wp\/v2\/comments?post=74"}],"version-history":[{"count":1,"href":"https:\/\/web.umons.ac.be\/fs-informatique\/wp-json\/wp\/v2\/pages\/74\/revisions"}],"predecessor-version":[{"id":75,"href":"https:\/\/web.umons.ac.be\/fs-informatique\/wp-json\/wp\/v2\/pages\/74\/revisions\/75"}],"up":[{"embeddable":true,"href":"https:\/\/web.umons.ac.be\/fs-informatique\/wp-json\/wp\/v2\/pages\/71"}],"wp:attachment":[{"href":"https:\/\/web.umons.ac.be\/fs-informatique\/wp-json\/wp\/v2\/media?parent=74"}],"curies":[{"name":"wp","href":"https:\/\/api.w.org\/{rel}","templated":true}]}}