{"id":81,"date":"2024-04-23T15:54:58","date_gmt":"2024-04-23T13:54:58","guid":{"rendered":"https:\/\/web.umons.ac.be\/fs-informatique\/?page_id=81"},"modified":"2024-04-23T15:54:58","modified_gmt":"2024-04-23T13:54:58","slug":"master-en-horaire-decale-a-charleroi","status":"publish","type":"page","link":"https:\/\/web.umons.ac.be\/fs-informatique\/enseignement\/master-en-horaire-decale-a-charleroi\/","title":{"rendered":"Master en horaire d\u00e9cal\u00e9 \u00e0 Charleroi"},"content":{"rendered":"<p>Le dipl\u00f4me de Master en Sciences informatiques donne la possibilit\u00e9 d\u2019acqu\u00e9rir\u00a0<span style=\"font-size: 14px;\"><strong>en 60 ou en 120 cr\u00e9dits<\/strong>, une\u00a0solide formation sp\u00e9cialis\u00e9e en informatique, \u00e0 horaire\u00a0d\u00e9cal\u00e9. Cette formation permet au dipl\u00f4m\u00e9\u00a0d\u2019\u00e9largir ses possibilit\u00e9s actuelles d\u2019emploi, de\u00a0progresser dans sa carri\u00e8re professionnelle, ou\u00a0d\u2019envisager une r\u00e9orientation professionnelle.<\/span><\/p>\n<start-cask-shortcode-wrapper><article class=\"shortcode-training training-small content-block scheme-fs\">\n\t<a href=\"https:\/\/web.umons.ac.be\/fs\/fr\/training\/m2-infosp-c\/\" class=\"training-link scheme-border-hover\">\n\t\t<header class=\"training-small-header\">\n\t\t\t<div class=\"training-small-entity scheme-color\">\n\t\t\t\tFacult\u00e9 \/ FS\t\t\t\t\t           \t<img decoding=\"async\" src=\"https:\/\/web.umons.ac.be\/app\/uploads\/sites\/11\/2017\/05\/FS.png\" class=\"training-small-entity-logo\" alt=\"Ic\u00f4ne de Facult\u00e9 \/ FS\">\n\t        \t\t\t\t<\/div>\n\t\t\t<div class=\"training-small-degree\">\n\t\t\t\tMaster en\t\t\t<\/div>\n\n\t\t\t<h1 class=\"training-small-title\">Sciences informatiques<\/h1>\n\n\t\t\t\t\t\t<div class=\"training-small-subtitle\">\n\t\t\t\t<strong>Finalit\u00e9 sp\u00e9cialis\u00e9e professionnelle<\/strong>\n\t\t\t<\/div>\n\t\t\t\t\t<\/header>\n\t\t\t\t<div class=\"training-small-content\">\n\t\t\t<div class=\"training-small-location\">\n\t\t\t\t<span class=\"icon umons-icon-pin\" aria-hidden=\"true\"><\/span>\n\t\t\t\t<span class=\"location\">Charleroi<\/span>\n\t\t\t<\/div>\n\n\t\t\t\t\t\t<div class=\"training-small-side-info\">\n\t\t\t\t<ul class=\"training-small-side-info-list\">\n\t\t\t\t\t\t\t\t\t\t<li>\n\t\t\t\t\t\t<div class=\"training-single-schedule\">\n\t\t\t\t\t\t\t<div class=\"label\">Horaire<\/div>\n\t\t\t\t\t\t\t<div class=\"value\">Horaire en alternance<\/div>\n\t\t\t\t\t\t<\/div>\n\t\t\t\t\t<\/li>\n\t\t\t\t\t\t\t\t\t\t\t\t\t\t\t<li>\n\t\t\t\t\t\t<div class=\"training-single-credits\">\n\t\t\t\t\t\t\t<div class=\"label\">Cr\u00e9dits ECTS<\/div>\n\t\t\t\t\t\t\t<div class=\"value\">120<\/div>\n\t\t\t\t\t\t<\/div>\n\t\t\t\t\t<\/li>\n\t\t\t\t\t\t\t\t\t\t\t\t\t\t\t<li>\n\t\t\t\t\t\t<div class=\"training-single-languages\">\n\t\t\t\t\t\t\t<div class=\"label\">Langue<\/div>\n\t\t\t\t\t\t\t<div class=\"value\">\n\t\t\t\t\t\t\t\t<span class=\"lang\">Fran\u00e7ais<\/span>\n\t\t\t\t\t\t\t<\/div>\n\t\t\t\t\t\t<\/div>\n\t\t\t\t\t<\/li>\n\t\t\t\t\t\t\t\t\t<\/ul>\n\t\t\t<\/div>\n\t\t\t\t\t<\/div>\n\t\t\t<\/a>\n<\/article>\n<end-cask-shortcode-wrapper>\n<start-cask-shortcode-wrapper><article class=\"shortcode-training training-small content-block scheme-fs\">\n\t<a href=\"https:\/\/web.umons.ac.be\/fs\/fr\/training\/m1-info60-c\/\" class=\"training-link scheme-border-hover\">\n\t\t<header class=\"training-small-header\">\n\t\t\t<div class=\"training-small-entity scheme-color\">\n\t\t\t\tFacult\u00e9 \/ FS\t\t\t\t\t           \t<img decoding=\"async\" src=\"https:\/\/web.umons.ac.be\/app\/uploads\/sites\/11\/2017\/05\/FS.png\" class=\"training-small-entity-logo\" alt=\"Ic\u00f4ne de Facult\u00e9 \/ FS\">\n\t        \t\t\t\t<\/div>\n\t\t\t<div class=\"training-small-degree\">\n\t\t\t\tMaster en\t\t\t<\/div>\n\n\t\t\t<h1 class=\"training-small-title\">Sciences informatiques<\/h1>\n\n\t\t\t\t\t<\/header>\n\t\t\t\t<div class=\"training-small-content\">\n\t\t\t<div class=\"training-small-location\">\n\t\t\t\t<span class=\"icon umons-icon-pin\" aria-hidden=\"true\"><\/span>\n\t\t\t\t<span class=\"location\">Charleroi<\/span>\n\t\t\t<\/div>\n\n\t\t\t\t\t\t<div class=\"training-small-side-info\">\n\t\t\t\t<ul class=\"training-small-side-info-list\">\n\t\t\t\t\t\t\t\t\t\t<li>\n\t\t\t\t\t\t<div class=\"training-single-schedule\">\n\t\t\t\t\t\t\t<div class=\"label\">Horaire<\/div>\n\t\t\t\t\t\t\t<div class=\"value\">Horaire d\u00e9cal\u00e9<\/div>\n\t\t\t\t\t\t<\/div>\n\t\t\t\t\t<\/li>\n\t\t\t\t\t\t\t\t\t\t\t\t\t\t\t<li>\n\t\t\t\t\t\t<div class=\"training-single-credits\">\n\t\t\t\t\t\t\t<div class=\"label\">Cr\u00e9dits ECTS<\/div>\n\t\t\t\t\t\t\t<div class=\"value\">60<\/div>\n\t\t\t\t\t\t<\/div>\n\t\t\t\t\t<\/li>\n\t\t\t\t\t\t\t\t\t\t\t\t\t\t\t<li>\n\t\t\t\t\t\t<div class=\"training-single-languages\">\n\t\t\t\t\t\t\t<div class=\"label\">Langue<\/div>\n\t\t\t\t\t\t\t<div class=\"value\">\n\t\t\t\t\t\t\t\t<span class=\"lang\">Fran\u00e7ais<\/span>\n\t\t\t\t\t\t\t<\/div>\n\t\t\t\t\t\t<\/div>\n\t\t\t\t\t<\/li>\n\t\t\t\t\t\t\t\t\t<\/ul>\n\t\t\t<\/div>\n\t\t\t\t\t<\/div>\n\t\t\t<\/a>\n<\/article>\n<end-cask-shortcode-wrapper>\n","protected":false},"excerpt":{"rendered":"<p>Le dipl\u00f4me de Master en Sciences informatiques donne la possibilit\u00e9 d\u2019acqu\u00e9rir\u00a0en 60 ou en 120 cr\u00e9dits, une\u00a0solide formation sp\u00e9cialis\u00e9e en informatique, \u00e0 horaire\u00a0d\u00e9cal\u00e9. Cette formation permet au dipl\u00f4m\u00e9\u00a0d\u2019\u00e9largir ses possibilit\u00e9s actuelles d\u2019emploi, de\u00a0progresser dans sa carri\u00e8re professionnelle, ou\u00a0d\u2019envisager une r\u00e9orientation professionnelle.<\/p>\n","protected":false},"author":2,"featured_media":0,"parent":71,"menu_order":0,"comment_status":"closed","ping_status":"closed","template":"","meta":{"footnotes":""},"class_list":["post-81","page","type-page","status-publish","hentry"],"yoast_head":"<!-- This site is optimized with the Yoast SEO plugin v27.2 - https:\/\/yoast.com\/product\/yoast-seo-wordpress\/ -->\n<title>Master en horaire d\u00e9cal\u00e9 \u00e0 Charleroi - FS - D\u00e9partement d&#039;Informatique<\/title>\n<meta name=\"robots\" content=\"index, follow, max-snippet:-1, max-image-preview:large, max-video-preview:-1\" \/>\n<link rel=\"canonical\" href=\"https:\/\/web.umons.ac.be\/fs-informatique\/enseignement\/master-en-horaire-decale-a-charleroi\/\" \/>\n<meta property=\"og:locale\" content=\"fr_FR\" \/>\n<meta property=\"og:type\" content=\"article\" \/>\n<meta property=\"og:title\" content=\"Master en horaire d\u00e9cal\u00e9 \u00e0 Charleroi - FS - D\u00e9partement d&#039;Informatique\" \/>\n<meta property=\"og:description\" content=\"Le dipl\u00f4me de Master en Sciences informatiques donne la possibilit\u00e9 d\u2019acqu\u00e9rir\u00a0en 60 ou en 120 cr\u00e9dits, une\u00a0solide formation sp\u00e9cialis\u00e9e en informatique, \u00e0 horaire\u00a0d\u00e9cal\u00e9. Cette formation permet au dipl\u00f4m\u00e9\u00a0d\u2019\u00e9largir ses possibilit\u00e9s actuelles d\u2019emploi, de\u00a0progresser dans sa carri\u00e8re professionnelle, ou\u00a0d\u2019envisager une r\u00e9orientation professionnelle.\" \/>\n<meta property=\"og:url\" content=\"https:\/\/web.umons.ac.be\/fs-informatique\/enseignement\/master-en-horaire-decale-a-charleroi\/\" \/>\n<meta property=\"og:site_name\" content=\"FS - D\u00e9partement d&#039;Informatique\" \/>\n<meta name=\"twitter:card\" content=\"summary_large_image\" \/>\n<meta name=\"twitter:label1\" content=\"Dur\u00e9e de lecture estim\u00e9e\" \/>\n\t<meta name=\"twitter:data1\" content=\"1 minute\" \/>\n<script type=\"application\/ld+json\" class=\"yoast-schema-graph\">{\"@context\":\"https:\/\/schema.org\",\"@graph\":[{\"@type\":\"WebPage\",\"@id\":\"https:\/\/web.umons.ac.be\/fs-informatique\/enseignement\/master-en-horaire-decale-a-charleroi\/\",\"url\":\"https:\/\/web.umons.ac.be\/fs-informatique\/enseignement\/master-en-horaire-decale-a-charleroi\/\",\"name\":\"Master en horaire d\u00e9cal\u00e9 \u00e0 Charleroi - FS - D\u00e9partement d&#039;Informatique\",\"isPartOf\":{\"@id\":\"https:\/\/web.umons.ac.be\/fs-informatique\/#website\"},\"datePublished\":\"2024-04-23T13:54:58+00:00\",\"breadcrumb\":{\"@id\":\"https:\/\/web.umons.ac.be\/fs-informatique\/enseignement\/master-en-horaire-decale-a-charleroi\/#breadcrumb\"},\"inLanguage\":\"fr-FR\",\"potentialAction\":[{\"@type\":\"ReadAction\",\"target\":[\"https:\/\/web.umons.ac.be\/fs-informatique\/enseignement\/master-en-horaire-decale-a-charleroi\/\"]}]},{\"@type\":\"BreadcrumbList\",\"@id\":\"https:\/\/web.umons.ac.be\/fs-informatique\/enseignement\/master-en-horaire-decale-a-charleroi\/#breadcrumb\",\"itemListElement\":[{\"@type\":\"ListItem\",\"position\":1,\"name\":\"Accueil\",\"item\":\"https:\/\/web.umons.ac.be\/fs-informatique\/\"},{\"@type\":\"ListItem\",\"position\":2,\"name\":\"Enseignement\",\"item\":\"https:\/\/web.umons.ac.be\/fs-informatique\/enseignement\/\"},{\"@type\":\"ListItem\",\"position\":3,\"name\":\"Master en horaire d\u00e9cal\u00e9 \u00e0 Charleroi\"}]},{\"@type\":\"WebSite\",\"@id\":\"https:\/\/web.umons.ac.be\/fs-informatique\/#website\",\"url\":\"https:\/\/web.umons.ac.be\/fs-informatique\/\",\"name\":\"FS - D\u00e9partement d&#039;Informatique\",\"description\":\"\",\"potentialAction\":[{\"@type\":\"SearchAction\",\"target\":{\"@type\":\"EntryPoint\",\"urlTemplate\":\"https:\/\/web.umons.ac.be\/fs-informatique\/?s={search_term_string}\"},\"query-input\":{\"@type\":\"PropertyValueSpecification\",\"valueRequired\":true,\"valueName\":\"search_term_string\"}}],\"inLanguage\":\"fr-FR\"}]}<\/script>\n<!-- \/ Yoast SEO plugin. -->","yoast_head_json":{"title":"Master en horaire d\u00e9cal\u00e9 \u00e0 Charleroi - FS - D\u00e9partement d&#039;Informatique","robots":{"index":"index","follow":"follow","max-snippet":"max-snippet:-1","max-image-preview":"max-image-preview:large","max-video-preview":"max-video-preview:-1"},"canonical":"https:\/\/web.umons.ac.be\/fs-informatique\/enseignement\/master-en-horaire-decale-a-charleroi\/","og_locale":"fr_FR","og_type":"article","og_title":"Master en horaire d\u00e9cal\u00e9 \u00e0 Charleroi - FS - D\u00e9partement d&#039;Informatique","og_description":"Le dipl\u00f4me de Master en Sciences informatiques donne la possibilit\u00e9 d\u2019acqu\u00e9rir\u00a0en 60 ou en 120 cr\u00e9dits, une\u00a0solide formation sp\u00e9cialis\u00e9e en informatique, \u00e0 horaire\u00a0d\u00e9cal\u00e9. Cette formation permet au dipl\u00f4m\u00e9\u00a0d\u2019\u00e9largir ses possibilit\u00e9s actuelles d\u2019emploi, de\u00a0progresser dans sa carri\u00e8re professionnelle, ou\u00a0d\u2019envisager une r\u00e9orientation professionnelle.","og_url":"https:\/\/web.umons.ac.be\/fs-informatique\/enseignement\/master-en-horaire-decale-a-charleroi\/","og_site_name":"FS - D\u00e9partement d&#039;Informatique","twitter_card":"summary_large_image","twitter_misc":{"Dur\u00e9e de lecture estim\u00e9e":"1 minute"},"schema":{"@context":"https:\/\/schema.org","@graph":[{"@type":"WebPage","@id":"https:\/\/web.umons.ac.be\/fs-informatique\/enseignement\/master-en-horaire-decale-a-charleroi\/","url":"https:\/\/web.umons.ac.be\/fs-informatique\/enseignement\/master-en-horaire-decale-a-charleroi\/","name":"Master en horaire d\u00e9cal\u00e9 \u00e0 Charleroi - FS - D\u00e9partement d&#039;Informatique","isPartOf":{"@id":"https:\/\/web.umons.ac.be\/fs-informatique\/#website"},"datePublished":"2024-04-23T13:54:58+00:00","breadcrumb":{"@id":"https:\/\/web.umons.ac.be\/fs-informatique\/enseignement\/master-en-horaire-decale-a-charleroi\/#breadcrumb"},"inLanguage":"fr-FR","potentialAction":[{"@type":"ReadAction","target":["https:\/\/web.umons.ac.be\/fs-informatique\/enseignement\/master-en-horaire-decale-a-charleroi\/"]}]},{"@type":"BreadcrumbList","@id":"https:\/\/web.umons.ac.be\/fs-informatique\/enseignement\/master-en-horaire-decale-a-charleroi\/#breadcrumb","itemListElement":[{"@type":"ListItem","position":1,"name":"Accueil","item":"https:\/\/web.umons.ac.be\/fs-informatique\/"},{"@type":"ListItem","position":2,"name":"Enseignement","item":"https:\/\/web.umons.ac.be\/fs-informatique\/enseignement\/"},{"@type":"ListItem","position":3,"name":"Master en horaire d\u00e9cal\u00e9 \u00e0 Charleroi"}]},{"@type":"WebSite","@id":"https:\/\/web.umons.ac.be\/fs-informatique\/#website","url":"https:\/\/web.umons.ac.be\/fs-informatique\/","name":"FS - D\u00e9partement d&#039;Informatique","description":"","potentialAction":[{"@type":"SearchAction","target":{"@type":"EntryPoint","urlTemplate":"https:\/\/web.umons.ac.be\/fs-informatique\/?s={search_term_string}"},"query-input":{"@type":"PropertyValueSpecification","valueRequired":true,"valueName":"search_term_string"}}],"inLanguage":"fr-FR"}]}},"lang":"fr","translations":{"fr":81},"pll_sync_post":[],"_links":{"self":[{"href":"https:\/\/web.umons.ac.be\/fs-informatique\/wp-json\/wp\/v2\/pages\/81","targetHints":{"allow":["GET"]}}],"collection":[{"href":"https:\/\/web.umons.ac.be\/fs-informatique\/wp-json\/wp\/v2\/pages"}],"about":[{"href":"https:\/\/web.umons.ac.be\/fs-informatique\/wp-json\/wp\/v2\/types\/page"}],"author":[{"embeddable":true,"href":"https:\/\/web.umons.ac.be\/fs-informatique\/wp-json\/wp\/v2\/users\/2"}],"replies":[{"embeddable":true,"href":"https:\/\/web.umons.ac.be\/fs-informatique\/wp-json\/wp\/v2\/comments?post=81"}],"version-history":[{"count":1,"href":"https:\/\/web.umons.ac.be\/fs-informatique\/wp-json\/wp\/v2\/pages\/81\/revisions"}],"predecessor-version":[{"id":82,"href":"https:\/\/web.umons.ac.be\/fs-informatique\/wp-json\/wp\/v2\/pages\/81\/revisions\/82"}],"up":[{"embeddable":true,"href":"https:\/\/web.umons.ac.be\/fs-informatique\/wp-json\/wp\/v2\/pages\/71"}],"wp:attachment":[{"href":"https:\/\/web.umons.ac.be\/fs-informatique\/wp-json\/wp\/v2\/media?parent=81"}],"curies":[{"name":"wp","href":"https:\/\/api.w.org\/{rel}","templated":true}]}}