{"id":25,"date":"2024-05-17T10:01:23","date_gmt":"2024-05-17T08:01:23","guid":{"rendered":"https:\/\/web.umons.ac.be\/fs-mathematique\/?page_id=25"},"modified":"2025-07-18T12:59:22","modified_gmt":"2025-07-18T10:59:22","slug":"1er-cycle-bachelier-en-sciences-mathematiques","status":"publish","type":"page","link":"https:\/\/web.umons.ac.be\/fs-mathematique\/enseignement\/1er-cycle-bachelier-en-sciences-mathematiques\/","title":{"rendered":"1er cycle : Bachelier en Sciences math\u00e9matiques"},"content":{"rendered":"<p>Nos Bacheliers en Sciences vous ouvrent les portes de trois grandes fili\u00e8res.<\/p>\n<ul>\n<li>La fili\u00e8re approfondie pr\u00e9pare \u00e0 la recherche scientifique\u00a0: elle comprend \u00e0 la fois des enseignements approfondis dans une discipline particuli\u00e8re et une formation g\u00e9n\u00e9rale au m\u00e9tier de chercheur.<\/li>\n<li>La fili\u00e8re sp\u00e9cialis\u00e9e vise l\u2019obtention de comp\u00e9tences sp\u00e9cifiques \u00e0 certaines cat\u00e9gories de professions accessibles \u00e0 partir du domaine d\u2019\u00e9tudes.<\/li>\n<li>La fili\u00e8re enseignement fournit la formation p\u00e9dagogique sp\u00e9cifique des futurs enseignants en secondaire sup\u00e9rieur.<\/li>\n<\/ul>\n<p>&nbsp;<\/p>\n<start-cask-shortcode-wrapper><article class=\"shortcode-training training-small content-block scheme-fs\">\n\t<a href=\"https:\/\/web.umons.ac.be\/fs\/fr\/training\/ba-scmath\/\" class=\"training-link scheme-border-hover\">\n\t\t<header class=\"training-small-header\">\n\t\t\t<div class=\"training-small-entity scheme-color\">\n\t\t\t\tFacult\u00e9 \/ FS\t\t\t\t\t           \t<img decoding=\"async\" src=\"https:\/\/web.umons.ac.be\/app\/uploads\/sites\/11\/2017\/05\/FS.png\" class=\"training-small-entity-logo\" alt=\"Ic\u00f4ne de Facult\u00e9 \/ FS\">\n\t        \t\t\t\t<\/div>\n\t\t\t<div class=\"training-small-degree\">\n\t\t\t\tBachelier en\t\t\t<\/div>\n\n\t\t\t<h1 class=\"training-small-title\">Sciences math\u00e9matiques<\/h1>\n\n\t\t\t\t\t<\/header>\n\t\t\t\t<div class=\"training-small-content\">\n\t\t\t<div class=\"training-small-location\">\n\t\t\t\t<span class=\"icon umons-icon-pin\" aria-hidden=\"true\"><\/span>\n\t\t\t\t<span class=\"location\">Mons<\/span>\n\t\t\t<\/div>\n\n\t\t\t\t\t\t<div class=\"training-small-side-info\">\n\t\t\t\t<ul class=\"training-small-side-info-list\">\n\t\t\t\t\t\t\t\t\t\t<li>\n\t\t\t\t\t\t<div class=\"training-single-schedule\">\n\t\t\t\t\t\t\t<div class=\"label\">Horaire<\/div>\n\t\t\t\t\t\t\t<div class=\"value\">Horaire de jour<\/div>\n\t\t\t\t\t\t<\/div>\n\t\t\t\t\t<\/li>\n\t\t\t\t\t\t\t\t\t\t\t\t\t\t\t<li>\n\t\t\t\t\t\t<div class=\"training-single-credits\">\n\t\t\t\t\t\t\t<div class=\"label\">Cr\u00e9dits ECTS<\/div>\n\t\t\t\t\t\t\t<div class=\"value\">180<\/div>\n\t\t\t\t\t\t<\/div>\n\t\t\t\t\t<\/li>\n\t\t\t\t\t\t\t\t\t\t\t\t\t\t\t<li>\n\t\t\t\t\t\t<div class=\"training-single-languages\">\n\t\t\t\t\t\t\t<div class=\"label\">Langue<\/div>\n\t\t\t\t\t\t\t<div class=\"value\">\n\t\t\t\t\t\t\t\t<span class=\"lang\">Fran\u00e7ais<\/span>\n\t\t\t\t\t\t\t<\/div>\n\t\t\t\t\t\t<\/div>\n\t\t\t\t\t<\/li>\n\t\t\t\t\t\t\t\t\t<\/ul>\n\t\t\t<\/div>\n\t\t\t\t\t<\/div>\n\t\t\t<\/a>\n<\/article>\n<end-cask-shortcode-wrapper>\n<p>&nbsp;<\/p>\n","protected":false},"excerpt":{"rendered":"<p>Nos Bacheliers en Sciences vous ouvrent les portes de trois grandes fili\u00e8res. La fili\u00e8re approfondie pr\u00e9pare \u00e0 la recherche scientifique\u00a0: elle comprend \u00e0 la fois des enseignements approfondis dans une discipline particuli\u00e8re et une formation g\u00e9n\u00e9rale au m\u00e9tier de chercheur. La fili\u00e8re sp\u00e9cialis\u00e9e vise l\u2019obtention de comp\u00e9tences sp\u00e9cifiques \u00e0 certaines cat\u00e9gories de professions accessibles \u00e0 [&hellip;]<\/p>\n","protected":false},"author":2,"featured_media":0,"parent":23,"menu_order":0,"comment_status":"closed","ping_status":"closed","template":"","meta":{"footnotes":""},"class_list":["post-25","page","type-page","status-publish","hentry"],"yoast_head":"<!-- This site is optimized with the Yoast SEO plugin v27.2 - https:\/\/yoast.com\/product\/yoast-seo-wordpress\/ -->\n<title>1er cycle : Bachelier en Sciences math\u00e9matiques - FS - D\u00e9partement de math\u00e9matique<\/title>\n<meta name=\"robots\" content=\"index, follow, max-snippet:-1, max-image-preview:large, max-video-preview:-1\" \/>\n<link rel=\"canonical\" href=\"https:\/\/web.umons.ac.be\/fs-mathematique\/enseignement\/1er-cycle-bachelier-en-sciences-mathematiques\/\" \/>\n<meta property=\"og:locale\" content=\"fr_FR\" \/>\n<meta property=\"og:type\" content=\"article\" \/>\n<meta property=\"og:title\" content=\"1er cycle : Bachelier en Sciences math\u00e9matiques - FS - D\u00e9partement de math\u00e9matique\" \/>\n<meta property=\"og:description\" content=\"Nos Bacheliers en Sciences vous ouvrent les portes de trois grandes fili\u00e8res. La fili\u00e8re approfondie pr\u00e9pare \u00e0 la recherche scientifique\u00a0: elle comprend \u00e0 la fois des enseignements approfondis dans une discipline particuli\u00e8re et une formation g\u00e9n\u00e9rale au m\u00e9tier de chercheur. La fili\u00e8re sp\u00e9cialis\u00e9e vise l\u2019obtention de comp\u00e9tences sp\u00e9cifiques \u00e0 certaines cat\u00e9gories de professions accessibles \u00e0 [&hellip;]\" \/>\n<meta property=\"og:url\" content=\"https:\/\/web.umons.ac.be\/fs-mathematique\/enseignement\/1er-cycle-bachelier-en-sciences-mathematiques\/\" \/>\n<meta property=\"og:site_name\" content=\"FS - D\u00e9partement de math\u00e9matique\" \/>\n<meta property=\"article:modified_time\" content=\"2025-07-18T10:59:22+00:00\" \/>\n<meta name=\"twitter:card\" content=\"summary_large_image\" \/>\n<meta name=\"twitter:label1\" content=\"Dur\u00e9e de lecture estim\u00e9e\" \/>\n\t<meta name=\"twitter:data1\" content=\"1 minute\" \/>\n<script type=\"application\/ld+json\" class=\"yoast-schema-graph\">{\"@context\":\"https:\/\/schema.org\",\"@graph\":[{\"@type\":\"WebPage\",\"@id\":\"https:\/\/web.umons.ac.be\/fs-mathematique\/enseignement\/1er-cycle-bachelier-en-sciences-mathematiques\/\",\"url\":\"https:\/\/web.umons.ac.be\/fs-mathematique\/enseignement\/1er-cycle-bachelier-en-sciences-mathematiques\/\",\"name\":\"1er cycle : Bachelier en Sciences math\u00e9matiques - FS - D\u00e9partement de math\u00e9matique\",\"isPartOf\":{\"@id\":\"https:\/\/web.umons.ac.be\/fs-mathematique\/#website\"},\"datePublished\":\"2024-05-17T08:01:23+00:00\",\"dateModified\":\"2025-07-18T10:59:22+00:00\",\"breadcrumb\":{\"@id\":\"https:\/\/web.umons.ac.be\/fs-mathematique\/enseignement\/1er-cycle-bachelier-en-sciences-mathematiques\/#breadcrumb\"},\"inLanguage\":\"fr-FR\",\"potentialAction\":[{\"@type\":\"ReadAction\",\"target\":[\"https:\/\/web.umons.ac.be\/fs-mathematique\/enseignement\/1er-cycle-bachelier-en-sciences-mathematiques\/\"]}]},{\"@type\":\"BreadcrumbList\",\"@id\":\"https:\/\/web.umons.ac.be\/fs-mathematique\/enseignement\/1er-cycle-bachelier-en-sciences-mathematiques\/#breadcrumb\",\"itemListElement\":[{\"@type\":\"ListItem\",\"position\":1,\"name\":\"Accueil\",\"item\":\"https:\/\/web.umons.ac.be\/fs-mathematique\/\"},{\"@type\":\"ListItem\",\"position\":2,\"name\":\"Enseignement\",\"item\":\"https:\/\/web.umons.ac.be\/fs-mathematique\/enseignement\/\"},{\"@type\":\"ListItem\",\"position\":3,\"name\":\"1er cycle : Bachelier en Sciences math\u00e9matiques\"}]},{\"@type\":\"WebSite\",\"@id\":\"https:\/\/web.umons.ac.be\/fs-mathematique\/#website\",\"url\":\"https:\/\/web.umons.ac.be\/fs-mathematique\/\",\"name\":\"FS - D\u00e9partement de math\u00e9matique\",\"description\":\"\",\"potentialAction\":[{\"@type\":\"SearchAction\",\"target\":{\"@type\":\"EntryPoint\",\"urlTemplate\":\"https:\/\/web.umons.ac.be\/fs-mathematique\/?s={search_term_string}\"},\"query-input\":{\"@type\":\"PropertyValueSpecification\",\"valueRequired\":true,\"valueName\":\"search_term_string\"}}],\"inLanguage\":\"fr-FR\"}]}<\/script>\n<!-- \/ Yoast SEO plugin. -->","yoast_head_json":{"title":"1er cycle : Bachelier en Sciences math\u00e9matiques - FS - D\u00e9partement de math\u00e9matique","robots":{"index":"index","follow":"follow","max-snippet":"max-snippet:-1","max-image-preview":"max-image-preview:large","max-video-preview":"max-video-preview:-1"},"canonical":"https:\/\/web.umons.ac.be\/fs-mathematique\/enseignement\/1er-cycle-bachelier-en-sciences-mathematiques\/","og_locale":"fr_FR","og_type":"article","og_title":"1er cycle : Bachelier en Sciences math\u00e9matiques - FS - D\u00e9partement de math\u00e9matique","og_description":"Nos Bacheliers en Sciences vous ouvrent les portes de trois grandes fili\u00e8res. La fili\u00e8re approfondie pr\u00e9pare \u00e0 la recherche scientifique\u00a0: elle comprend \u00e0 la fois des enseignements approfondis dans une discipline particuli\u00e8re et une formation g\u00e9n\u00e9rale au m\u00e9tier de chercheur. La fili\u00e8re sp\u00e9cialis\u00e9e vise l\u2019obtention de comp\u00e9tences sp\u00e9cifiques \u00e0 certaines cat\u00e9gories de professions accessibles \u00e0 [&hellip;]","og_url":"https:\/\/web.umons.ac.be\/fs-mathematique\/enseignement\/1er-cycle-bachelier-en-sciences-mathematiques\/","og_site_name":"FS - D\u00e9partement de math\u00e9matique","article_modified_time":"2025-07-18T10:59:22+00:00","twitter_card":"summary_large_image","twitter_misc":{"Dur\u00e9e de lecture estim\u00e9e":"1 minute"},"schema":{"@context":"https:\/\/schema.org","@graph":[{"@type":"WebPage","@id":"https:\/\/web.umons.ac.be\/fs-mathematique\/enseignement\/1er-cycle-bachelier-en-sciences-mathematiques\/","url":"https:\/\/web.umons.ac.be\/fs-mathematique\/enseignement\/1er-cycle-bachelier-en-sciences-mathematiques\/","name":"1er cycle : Bachelier en Sciences math\u00e9matiques - FS - D\u00e9partement de math\u00e9matique","isPartOf":{"@id":"https:\/\/web.umons.ac.be\/fs-mathematique\/#website"},"datePublished":"2024-05-17T08:01:23+00:00","dateModified":"2025-07-18T10:59:22+00:00","breadcrumb":{"@id":"https:\/\/web.umons.ac.be\/fs-mathematique\/enseignement\/1er-cycle-bachelier-en-sciences-mathematiques\/#breadcrumb"},"inLanguage":"fr-FR","potentialAction":[{"@type":"ReadAction","target":["https:\/\/web.umons.ac.be\/fs-mathematique\/enseignement\/1er-cycle-bachelier-en-sciences-mathematiques\/"]}]},{"@type":"BreadcrumbList","@id":"https:\/\/web.umons.ac.be\/fs-mathematique\/enseignement\/1er-cycle-bachelier-en-sciences-mathematiques\/#breadcrumb","itemListElement":[{"@type":"ListItem","position":1,"name":"Accueil","item":"https:\/\/web.umons.ac.be\/fs-mathematique\/"},{"@type":"ListItem","position":2,"name":"Enseignement","item":"https:\/\/web.umons.ac.be\/fs-mathematique\/enseignement\/"},{"@type":"ListItem","position":3,"name":"1er cycle : Bachelier en Sciences math\u00e9matiques"}]},{"@type":"WebSite","@id":"https:\/\/web.umons.ac.be\/fs-mathematique\/#website","url":"https:\/\/web.umons.ac.be\/fs-mathematique\/","name":"FS - D\u00e9partement de math\u00e9matique","description":"","potentialAction":[{"@type":"SearchAction","target":{"@type":"EntryPoint","urlTemplate":"https:\/\/web.umons.ac.be\/fs-mathematique\/?s={search_term_string}"},"query-input":{"@type":"PropertyValueSpecification","valueRequired":true,"valueName":"search_term_string"}}],"inLanguage":"fr-FR"}]}},"lang":"fr","translations":{"fr":25},"pll_sync_post":[],"_links":{"self":[{"href":"https:\/\/web.umons.ac.be\/fs-mathematique\/wp-json\/wp\/v2\/pages\/25","targetHints":{"allow":["GET"]}}],"collection":[{"href":"https:\/\/web.umons.ac.be\/fs-mathematique\/wp-json\/wp\/v2\/pages"}],"about":[{"href":"https:\/\/web.umons.ac.be\/fs-mathematique\/wp-json\/wp\/v2\/types\/page"}],"author":[{"embeddable":true,"href":"https:\/\/web.umons.ac.be\/fs-mathematique\/wp-json\/wp\/v2\/users\/2"}],"replies":[{"embeddable":true,"href":"https:\/\/web.umons.ac.be\/fs-mathematique\/wp-json\/wp\/v2\/comments?post=25"}],"version-history":[{"count":3,"href":"https:\/\/web.umons.ac.be\/fs-mathematique\/wp-json\/wp\/v2\/pages\/25\/revisions"}],"predecessor-version":[{"id":361,"href":"https:\/\/web.umons.ac.be\/fs-mathematique\/wp-json\/wp\/v2\/pages\/25\/revisions\/361"}],"up":[{"embeddable":true,"href":"https:\/\/web.umons.ac.be\/fs-mathematique\/wp-json\/wp\/v2\/pages\/23"}],"wp:attachment":[{"href":"https:\/\/web.umons.ac.be\/fs-mathematique\/wp-json\/wp\/v2\/media?parent=25"}],"curies":[{"name":"wp","href":"https:\/\/api.w.org\/{rel}","templated":true}]}}