{"id":44,"date":"2024-05-17T10:14:23","date_gmt":"2024-05-17T08:14:23","guid":{"rendered":"https:\/\/web.umons.ac.be\/fs-mathematique\/?page_id=44"},"modified":"2026-02-03T13:12:48","modified_gmt":"2026-02-03T12:12:48","slug":"activites-de-recherche","status":"publish","type":"page","link":"https:\/\/web.umons.ac.be\/fs-mathematique\/activites-de-recherche\/","title":{"rendered":"Equipes\/Services du D\u00e9partement"},"content":{"rendered":"<p>Le D\u00e9partement de math\u00e9matique est compos\u00e9 des 7 services d&rsquo;enseignement et de recherche suivants:<\/p>\n<div class=\"level-section\">\n<div>\n<ul>\n<li><a href=\"https:\/\/web.umons.ac.be\/afon\">Analyse fonctionnelle<\/a> \u00a0 \u00a0 \u00a0\u00a0 (Quentin MENET)<\/li>\n<\/ul>\n<\/div>\n<\/div>\n<div class=\"level-section\">\n<div>\n<ul>\n<li class=\"level-header\"><a href=\"https:\/\/web.umons.ac.be\/anum\">Analyse num\u00e9rique<\/a> \u00a0\u00a0\u00a0\u00a0\u00a0 (Christophe TROESTLER)<\/li>\n<\/ul>\n<\/div>\n<\/div>\n<div class=\"level-section\">\n<div>\n<ul>\n<li class=\"level-header\"><a href=\"https:\/\/web.umons.ac.be\/galg\">G\u00e9om\u00e9trie alg\u00e9brique<\/a> \u00a0\u00a0\u00a0\u00a0\u00a0 (Maja VOLKOV)<\/li>\n<\/ul>\n<\/div>\n<\/div>\n<div class=\"level-section\">\n<div>\n<ul>\n<li class=\"level-header\"><a href=\"https:\/\/web.umons.ac.be\/logi\">Logique math\u00e9matique<\/a> \u00a0\u00a0\u00a0\u00a0\u00a0 (Christian MICHAUX)<\/li>\n<\/ul>\n<div>\n<ul>\n<li><a href=\"https:\/\/web.umons.ac.be\/mapa\"><strong>Math\u00e9matique appliqu\u00e9es<\/strong><\/a> \u00a0\u00a0\u00a0\u00a0\u00a0 (C\u00e9dric RIVIERE)<\/li>\n<\/ul>\n<ul>\n<li><a href=\"https:\/\/web.umons.ac.be\/maef\">Math\u00e9matiques effectives<\/a> \u00a0\u00a0\u00a0\u00a0\u00a0 (Thomas BRIHAYE)<\/li>\n<\/ul>\n<\/div>\n<\/div>\n<\/div>\n<div class=\"level-section\">\n<div>\n<ul>\n<li class=\"level-header\"><a href=\"https:\/\/web.umons.ac.be\/prst\">Probabilit\u00e9s et statistique<\/a> \u00a0\u00a0\u00a0\u00a0\u00a0 (Matthieu SIMON)<\/li>\n<\/ul>\n<\/div>\n<start-cask-shortcode-wrapper><end-cask-shortcode-wrapper>\n<\/div>\n","protected":false},"excerpt":{"rendered":"<p>Le D\u00e9partement de math\u00e9matique est compos\u00e9 des 7 services d&rsquo;enseignement et de recherche suivants: Analyse fonctionnelle \u00a0 \u00a0 \u00a0\u00a0 (Quentin MENET) Analyse num\u00e9rique \u00a0\u00a0\u00a0\u00a0\u00a0 (Christophe TROESTLER) G\u00e9om\u00e9trie alg\u00e9brique \u00a0\u00a0\u00a0\u00a0\u00a0 (Maja VOLKOV) Logique math\u00e9matique \u00a0\u00a0\u00a0\u00a0\u00a0 (Christian MICHAUX) Math\u00e9matique appliqu\u00e9es \u00a0\u00a0\u00a0\u00a0\u00a0 (C\u00e9dric RIVIERE) Math\u00e9matiques effectives \u00a0\u00a0\u00a0\u00a0\u00a0 (Thomas BRIHAYE) Probabilit\u00e9s et statistique \u00a0\u00a0\u00a0\u00a0\u00a0 (Matthieu SIMON)<\/p>\n","protected":false},"author":2,"featured_media":0,"parent":0,"menu_order":0,"comment_status":"closed","ping_status":"closed","template":"","meta":{"footnotes":""},"class_list":["post-44","page","type-page","status-publish","hentry"],"yoast_head":"<!-- This site is optimized with the Yoast SEO plugin v27.2 - https:\/\/yoast.com\/product\/yoast-seo-wordpress\/ -->\n<title>Equipes\/Services du D\u00e9partement - FS - D\u00e9partement de math\u00e9matique<\/title>\n<meta name=\"robots\" content=\"index, follow, max-snippet:-1, max-image-preview:large, max-video-preview:-1\" \/>\n<link rel=\"canonical\" href=\"https:\/\/web.umons.ac.be\/fs-mathematique\/activites-de-recherche\/\" \/>\n<meta property=\"og:locale\" content=\"fr_FR\" \/>\n<meta property=\"og:type\" content=\"article\" \/>\n<meta property=\"og:title\" content=\"Equipes\/Services du D\u00e9partement - FS - D\u00e9partement de math\u00e9matique\" \/>\n<meta property=\"og:description\" content=\"Le D\u00e9partement de math\u00e9matique est compos\u00e9 des 7 services d&rsquo;enseignement et de recherche suivants: Analyse fonctionnelle \u00a0 \u00a0 \u00a0\u00a0 (Quentin MENET) Analyse num\u00e9rique \u00a0\u00a0\u00a0\u00a0\u00a0 (Christophe TROESTLER) G\u00e9om\u00e9trie alg\u00e9brique \u00a0\u00a0\u00a0\u00a0\u00a0 (Maja VOLKOV) Logique math\u00e9matique \u00a0\u00a0\u00a0\u00a0\u00a0 (Christian MICHAUX) Math\u00e9matique appliqu\u00e9es \u00a0\u00a0\u00a0\u00a0\u00a0 (C\u00e9dric RIVIERE) Math\u00e9matiques effectives \u00a0\u00a0\u00a0\u00a0\u00a0 (Thomas BRIHAYE) Probabilit\u00e9s et statistique \u00a0\u00a0\u00a0\u00a0\u00a0 (Matthieu SIMON)\" \/>\n<meta property=\"og:url\" content=\"https:\/\/web.umons.ac.be\/fs-mathematique\/activites-de-recherche\/\" \/>\n<meta property=\"og:site_name\" content=\"FS - D\u00e9partement de math\u00e9matique\" \/>\n<meta property=\"article:modified_time\" content=\"2026-02-03T12:12:48+00:00\" \/>\n<meta name=\"twitter:card\" content=\"summary_large_image\" \/>\n<meta name=\"twitter:label1\" content=\"Dur\u00e9e de lecture estim\u00e9e\" \/>\n\t<meta name=\"twitter:data1\" content=\"1 minute\" \/>\n<script type=\"application\/ld+json\" class=\"yoast-schema-graph\">{\"@context\":\"https:\/\/schema.org\",\"@graph\":[{\"@type\":\"WebPage\",\"@id\":\"https:\/\/web.umons.ac.be\/fs-mathematique\/activites-de-recherche\/\",\"url\":\"https:\/\/web.umons.ac.be\/fs-mathematique\/activites-de-recherche\/\",\"name\":\"Equipes\/Services du D\u00e9partement - FS - D\u00e9partement de math\u00e9matique\",\"isPartOf\":{\"@id\":\"https:\/\/web.umons.ac.be\/fs-mathematique\/#website\"},\"datePublished\":\"2024-05-17T08:14:23+00:00\",\"dateModified\":\"2026-02-03T12:12:48+00:00\",\"breadcrumb\":{\"@id\":\"https:\/\/web.umons.ac.be\/fs-mathematique\/activites-de-recherche\/#breadcrumb\"},\"inLanguage\":\"fr-FR\",\"potentialAction\":[{\"@type\":\"ReadAction\",\"target\":[\"https:\/\/web.umons.ac.be\/fs-mathematique\/activites-de-recherche\/\"]}]},{\"@type\":\"BreadcrumbList\",\"@id\":\"https:\/\/web.umons.ac.be\/fs-mathematique\/activites-de-recherche\/#breadcrumb\",\"itemListElement\":[{\"@type\":\"ListItem\",\"position\":1,\"name\":\"Accueil\",\"item\":\"https:\/\/web.umons.ac.be\/fs-mathematique\/\"},{\"@type\":\"ListItem\",\"position\":2,\"name\":\"Equipes\/Services du D\u00e9partement\"}]},{\"@type\":\"WebSite\",\"@id\":\"https:\/\/web.umons.ac.be\/fs-mathematique\/#website\",\"url\":\"https:\/\/web.umons.ac.be\/fs-mathematique\/\",\"name\":\"FS - D\u00e9partement de math\u00e9matique\",\"description\":\"\",\"potentialAction\":[{\"@type\":\"SearchAction\",\"target\":{\"@type\":\"EntryPoint\",\"urlTemplate\":\"https:\/\/web.umons.ac.be\/fs-mathematique\/?s={search_term_string}\"},\"query-input\":{\"@type\":\"PropertyValueSpecification\",\"valueRequired\":true,\"valueName\":\"search_term_string\"}}],\"inLanguage\":\"fr-FR\"}]}<\/script>\n<!-- \/ Yoast SEO plugin. -->","yoast_head_json":{"title":"Equipes\/Services du D\u00e9partement - FS - D\u00e9partement de math\u00e9matique","robots":{"index":"index","follow":"follow","max-snippet":"max-snippet:-1","max-image-preview":"max-image-preview:large","max-video-preview":"max-video-preview:-1"},"canonical":"https:\/\/web.umons.ac.be\/fs-mathematique\/activites-de-recherche\/","og_locale":"fr_FR","og_type":"article","og_title":"Equipes\/Services du D\u00e9partement - FS - D\u00e9partement de math\u00e9matique","og_description":"Le D\u00e9partement de math\u00e9matique est compos\u00e9 des 7 services d&rsquo;enseignement et de recherche suivants: Analyse fonctionnelle \u00a0 \u00a0 \u00a0\u00a0 (Quentin MENET) Analyse num\u00e9rique \u00a0\u00a0\u00a0\u00a0\u00a0 (Christophe TROESTLER) G\u00e9om\u00e9trie alg\u00e9brique \u00a0\u00a0\u00a0\u00a0\u00a0 (Maja VOLKOV) Logique math\u00e9matique \u00a0\u00a0\u00a0\u00a0\u00a0 (Christian MICHAUX) Math\u00e9matique appliqu\u00e9es \u00a0\u00a0\u00a0\u00a0\u00a0 (C\u00e9dric RIVIERE) Math\u00e9matiques effectives \u00a0\u00a0\u00a0\u00a0\u00a0 (Thomas BRIHAYE) Probabilit\u00e9s et statistique \u00a0\u00a0\u00a0\u00a0\u00a0 (Matthieu SIMON)","og_url":"https:\/\/web.umons.ac.be\/fs-mathematique\/activites-de-recherche\/","og_site_name":"FS - D\u00e9partement de math\u00e9matique","article_modified_time":"2026-02-03T12:12:48+00:00","twitter_card":"summary_large_image","twitter_misc":{"Dur\u00e9e de lecture estim\u00e9e":"1 minute"},"schema":{"@context":"https:\/\/schema.org","@graph":[{"@type":"WebPage","@id":"https:\/\/web.umons.ac.be\/fs-mathematique\/activites-de-recherche\/","url":"https:\/\/web.umons.ac.be\/fs-mathematique\/activites-de-recherche\/","name":"Equipes\/Services du D\u00e9partement - FS - D\u00e9partement de math\u00e9matique","isPartOf":{"@id":"https:\/\/web.umons.ac.be\/fs-mathematique\/#website"},"datePublished":"2024-05-17T08:14:23+00:00","dateModified":"2026-02-03T12:12:48+00:00","breadcrumb":{"@id":"https:\/\/web.umons.ac.be\/fs-mathematique\/activites-de-recherche\/#breadcrumb"},"inLanguage":"fr-FR","potentialAction":[{"@type":"ReadAction","target":["https:\/\/web.umons.ac.be\/fs-mathematique\/activites-de-recherche\/"]}]},{"@type":"BreadcrumbList","@id":"https:\/\/web.umons.ac.be\/fs-mathematique\/activites-de-recherche\/#breadcrumb","itemListElement":[{"@type":"ListItem","position":1,"name":"Accueil","item":"https:\/\/web.umons.ac.be\/fs-mathematique\/"},{"@type":"ListItem","position":2,"name":"Equipes\/Services du D\u00e9partement"}]},{"@type":"WebSite","@id":"https:\/\/web.umons.ac.be\/fs-mathematique\/#website","url":"https:\/\/web.umons.ac.be\/fs-mathematique\/","name":"FS - D\u00e9partement de math\u00e9matique","description":"","potentialAction":[{"@type":"SearchAction","target":{"@type":"EntryPoint","urlTemplate":"https:\/\/web.umons.ac.be\/fs-mathematique\/?s={search_term_string}"},"query-input":{"@type":"PropertyValueSpecification","valueRequired":true,"valueName":"search_term_string"}}],"inLanguage":"fr-FR"}]}},"lang":"fr","translations":{"fr":44},"pll_sync_post":[],"_links":{"self":[{"href":"https:\/\/web.umons.ac.be\/fs-mathematique\/wp-json\/wp\/v2\/pages\/44","targetHints":{"allow":["GET"]}}],"collection":[{"href":"https:\/\/web.umons.ac.be\/fs-mathematique\/wp-json\/wp\/v2\/pages"}],"about":[{"href":"https:\/\/web.umons.ac.be\/fs-mathematique\/wp-json\/wp\/v2\/types\/page"}],"author":[{"embeddable":true,"href":"https:\/\/web.umons.ac.be\/fs-mathematique\/wp-json\/wp\/v2\/users\/2"}],"replies":[{"embeddable":true,"href":"https:\/\/web.umons.ac.be\/fs-mathematique\/wp-json\/wp\/v2\/comments?post=44"}],"version-history":[{"count":4,"href":"https:\/\/web.umons.ac.be\/fs-mathematique\/wp-json\/wp\/v2\/pages\/44\/revisions"}],"predecessor-version":[{"id":441,"href":"https:\/\/web.umons.ac.be\/fs-mathematique\/wp-json\/wp\/v2\/pages\/44\/revisions\/441"}],"wp:attachment":[{"href":"https:\/\/web.umons.ac.be\/fs-mathematique\/wp-json\/wp\/v2\/media?parent=44"}],"curies":[{"name":"wp","href":"https:\/\/api.w.org\/{rel}","templated":true}]}}