{"id":81,"date":"2024-05-22T14:36:30","date_gmt":"2024-05-22T12:36:30","guid":{"rendered":"https:\/\/web.umons.ac.be\/fs-mathematique\/?page_id=81"},"modified":"2024-08-19T12:30:16","modified_gmt":"2024-08-19T10:30:16","slug":"aide-a-la-reussite","status":"publish","type":"page","link":"https:\/\/web.umons.ac.be\/fs-mathematique\/enseignement\/aide-a-la-reussite\/","title":{"rendered":"Aide \u00e0 la r\u00e9ussite et transition secondaire-sup\u00e9rieur"},"content":{"rendered":"<p>Conscient que les \u00e9tudiants arrivent \u00e0 l&rsquo;universit\u00e9 diversement pr\u00e9par\u00e9s, le D\u00e9partement de Math\u00e9matique a mis en place, depuis plus de 10 ans, un programme unique en Belgique visant \u00e0 faciliter la transition secondaire-universit\u00e9. Celui-ci s&rsquo;appuie sur les acquis des \u00e9tudiants pour les aider \u00e0 atteindre le niveau d&rsquo;exigence des \u00e9tudes universitaires. Il comporte les facettes suivantes.<\/p>\n<ul>\n<li>Les six premi\u00e8res semaines sont en grande partie consacr\u00e9es au cours de \u00ab\u00a0<a href=\"https:\/\/web.umons.ac.be\/fs-mathematique\/mathematiques-elementaires\/\">Math\u00e9\u00adma\u00adti\u00adques \u00c9l\u00e9mentaires<\/a> \u00bb qui revoit les math\u00e9matiques du secondaire sup\u00e9rieur. L&rsquo;objectif est double : d&rsquo;une part cela assure une base commune \u00e0 tous les \u00e9tudiants et, d&rsquo;autre part, cela leur permet, sur de la mati\u00e8re d\u00e9j\u00e0 vue, de faire \u00e9voluer leurs m\u00e9thodes de travail afin de satisfaire aux exigences de rigueur, de pr\u00e9cision, et de qualit\u00e9 des justifications qui sont demand\u00e9es dans les cours universitaires. Ce cours b\u00e9n\u00e9ficie d&rsquo;en encadrement renforc\u00e9 : 4 \u00e0 6 assistants ou \u00e9l\u00e8ves-assistants circulent dans l&rsquo;auditoire prodiguant remarques et conseils individualis\u00e9s. Pour permettre une \u00e9valuation rapide des efforts fournis \u2014 et donc la possibilit\u00e9 de les ajuster \u2014 un test est organis\u00e9 tous les lundi matins. Ce cours se termine par un examen dispensatoire (qui ne porte donc pas pr\u00e9judice aux possibilit\u00e9s de pr\u00e9senter ce cours en session).<\/li>\n<li>\u00c0 partir du mois de novembre, tous les lundis matin sont enti\u00e8rement consacr\u00e9s \u00e0 des s\u00e9ances facultatives de rem\u00e9diation. Celles-ci sont donn\u00e9es par une assistante p\u00e9dagogique d\u00e9di\u00e9e. Elles consistent en un accompagnement personnalis\u00e9 aux difficult\u00e9s des \u00e9tudiants qui peut prendre la forme d&rsquo;explications compl\u00e9mentaires sur un sujet pr\u00e9cis, d&rsquo;aide au d\u00e9veloppement de l&rsquo;intuition ou de la ma\u00eetrise technique, de synth\u00e8se du cours en collaboration avec les \u00e9tudiants, de pr\u00e9parations aux examens,&#8230;<\/li>\n<\/ul>\n<p>Il est \u00e0 noter que toutes les activit\u00e9s pr\u00e9c\u00e9dentes sont int\u00e9gr\u00e9es dans l&rsquo;horaire de cours ce qui contribue clairement \u00e0 leur succ\u00e8s. Pour consultez l&rsquo;horaire de premi\u00e8re ann\u00e9e,\u00a0<a href=\"https:\/\/hplanning2023.umons.ac.be\/invite\" target=\"_blank\" rel=\"noopener\">suivez ce lien et s\u00e9lectionnez \u00ab\u00a0BAB1 Sc. Math\u00e9matiques\u00a0\u00bb dans le menu d\u00e9roulant \u00ab\u00a0Saisie du nom\u00a0\u00bb<\/a>.<\/p>\n<p>&nbsp;<\/p>\n<h2>Mat\u00e9riel \u00e0 destinations des enseignants du secondaire<\/h2>\n<p>En tant que professeur, vous d\u00e9sirez pr\u00e9parer le mieux possible vos \u00e9tudiants aux d\u00e9fis qu&rsquo;ils devront relever. M\u00eame si ceux-ci ne se destinent pas \u00e0 des \u00e9tudes scientifiques, pouvoir faire de petits raisonnements est un atout ind\u00e9niable. Or c&rsquo;est pr\u00e9cis\u00e9ment un des points clefs du cours de \u00ab Math\u00e9matiques \u00c9lementaires \u00bb qui revoit la mati\u00e8re du secondaire avec des exigences universitaires. Comme nous pensons que ce travail peut \u00eatre une source d&rsquo;inspiration pour vous, nous avons rendu les <a href=\"https:\/\/web.umons.ac.be\/fs-mathematique\/mathematiques-elementaires\">notes de cours et nombreux tests t\u00e9l\u00e9chargeables gratuitement.<\/a><\/p>\n<div id=\"maincol\">\n<div id=\"main\">\n<h1><span style=\"font-size: 14pt;\">Stages \u00e0 destinations des \u00e9tudiants du secondaire<\/span><\/h1>\n<p>Si vous h\u00e9sitez quant au choix de vos \u00e9tudes ou simplement voulez d\u00e9couvrir les math\u00e9matiques autrement, nous vous offrons la possibilit\u00e9 d&rsquo;effectuer un stage au sein de notre institut. Veuillez <a href=\"mailto:math@umons.ac.be\">nous contacter <\/a>si vous \u00eates int\u00e9ress\u00e9(e).<\/p>\n<\/div>\n<\/div>\n<div class=\"horizontal-line\"><\/div>\n<p>&nbsp;<\/p>\n","protected":false},"excerpt":{"rendered":"<p>Conscient que les \u00e9tudiants arrivent \u00e0 l&rsquo;universit\u00e9 diversement pr\u00e9par\u00e9s, le D\u00e9partement de Math\u00e9matique a mis en place, depuis plus de 10 ans, un programme unique en Belgique visant \u00e0 faciliter la transition secondaire-universit\u00e9. Celui-ci s&rsquo;appuie sur les acquis des \u00e9tudiants pour les aider \u00e0 atteindre le niveau d&rsquo;exigence des \u00e9tudes universitaires. Il comporte les facettes [&hellip;]<\/p>\n","protected":false},"author":2,"featured_media":0,"parent":23,"menu_order":0,"comment_status":"closed","ping_status":"closed","template":"","meta":{"footnotes":""},"class_list":["post-81","page","type-page","status-publish","hentry"],"yoast_head":"<!-- This site is optimized with the Yoast SEO plugin v27.2 - https:\/\/yoast.com\/product\/yoast-seo-wordpress\/ -->\n<title>Aide \u00e0 la r\u00e9ussite et transition secondaire-sup\u00e9rieur - FS - D\u00e9partement de math\u00e9matique<\/title>\n<meta name=\"robots\" content=\"index, follow, max-snippet:-1, max-image-preview:large, max-video-preview:-1\" \/>\n<link rel=\"canonical\" href=\"https:\/\/web.umons.ac.be\/fs-mathematique\/enseignement\/aide-a-la-reussite\/\" \/>\n<meta property=\"og:locale\" content=\"fr_FR\" \/>\n<meta property=\"og:type\" content=\"article\" \/>\n<meta property=\"og:title\" content=\"Aide \u00e0 la r\u00e9ussite et transition secondaire-sup\u00e9rieur - FS - D\u00e9partement de math\u00e9matique\" \/>\n<meta property=\"og:description\" content=\"Conscient que les \u00e9tudiants arrivent \u00e0 l&rsquo;universit\u00e9 diversement pr\u00e9par\u00e9s, le D\u00e9partement de Math\u00e9matique a mis en place, depuis plus de 10 ans, un programme unique en Belgique visant \u00e0 faciliter la transition secondaire-universit\u00e9. Celui-ci s&rsquo;appuie sur les acquis des \u00e9tudiants pour les aider \u00e0 atteindre le niveau d&rsquo;exigence des \u00e9tudes universitaires. Il comporte les facettes [&hellip;]\" \/>\n<meta property=\"og:url\" content=\"https:\/\/web.umons.ac.be\/fs-mathematique\/enseignement\/aide-a-la-reussite\/\" \/>\n<meta property=\"og:site_name\" content=\"FS - D\u00e9partement de math\u00e9matique\" \/>\n<meta property=\"article:modified_time\" content=\"2024-08-19T10:30:16+00:00\" \/>\n<meta name=\"twitter:card\" content=\"summary_large_image\" \/>\n<meta name=\"twitter:label1\" content=\"Dur\u00e9e de lecture estim\u00e9e\" \/>\n\t<meta name=\"twitter:data1\" content=\"3 minutes\" \/>\n<script type=\"application\/ld+json\" class=\"yoast-schema-graph\">{\"@context\":\"https:\/\/schema.org\",\"@graph\":[{\"@type\":\"WebPage\",\"@id\":\"https:\/\/web.umons.ac.be\/fs-mathematique\/enseignement\/aide-a-la-reussite\/\",\"url\":\"https:\/\/web.umons.ac.be\/fs-mathematique\/enseignement\/aide-a-la-reussite\/\",\"name\":\"Aide \u00e0 la r\u00e9ussite et transition secondaire-sup\u00e9rieur - FS - D\u00e9partement de math\u00e9matique\",\"isPartOf\":{\"@id\":\"https:\/\/web.umons.ac.be\/fs-mathematique\/#website\"},\"datePublished\":\"2024-05-22T12:36:30+00:00\",\"dateModified\":\"2024-08-19T10:30:16+00:00\",\"breadcrumb\":{\"@id\":\"https:\/\/web.umons.ac.be\/fs-mathematique\/enseignement\/aide-a-la-reussite\/#breadcrumb\"},\"inLanguage\":\"fr-FR\",\"potentialAction\":[{\"@type\":\"ReadAction\",\"target\":[\"https:\/\/web.umons.ac.be\/fs-mathematique\/enseignement\/aide-a-la-reussite\/\"]}]},{\"@type\":\"BreadcrumbList\",\"@id\":\"https:\/\/web.umons.ac.be\/fs-mathematique\/enseignement\/aide-a-la-reussite\/#breadcrumb\",\"itemListElement\":[{\"@type\":\"ListItem\",\"position\":1,\"name\":\"Accueil\",\"item\":\"https:\/\/web.umons.ac.be\/fs-mathematique\/\"},{\"@type\":\"ListItem\",\"position\":2,\"name\":\"Enseignement\",\"item\":\"https:\/\/web.umons.ac.be\/fs-mathematique\/enseignement\/\"},{\"@type\":\"ListItem\",\"position\":3,\"name\":\"Aide \u00e0 la r\u00e9ussite et transition secondaire-sup\u00e9rieur\"}]},{\"@type\":\"WebSite\",\"@id\":\"https:\/\/web.umons.ac.be\/fs-mathematique\/#website\",\"url\":\"https:\/\/web.umons.ac.be\/fs-mathematique\/\",\"name\":\"FS - D\u00e9partement de math\u00e9matique\",\"description\":\"\",\"potentialAction\":[{\"@type\":\"SearchAction\",\"target\":{\"@type\":\"EntryPoint\",\"urlTemplate\":\"https:\/\/web.umons.ac.be\/fs-mathematique\/?s={search_term_string}\"},\"query-input\":{\"@type\":\"PropertyValueSpecification\",\"valueRequired\":true,\"valueName\":\"search_term_string\"}}],\"inLanguage\":\"fr-FR\"}]}<\/script>\n<!-- \/ Yoast SEO plugin. -->","yoast_head_json":{"title":"Aide \u00e0 la r\u00e9ussite et transition secondaire-sup\u00e9rieur - FS - D\u00e9partement de math\u00e9matique","robots":{"index":"index","follow":"follow","max-snippet":"max-snippet:-1","max-image-preview":"max-image-preview:large","max-video-preview":"max-video-preview:-1"},"canonical":"https:\/\/web.umons.ac.be\/fs-mathematique\/enseignement\/aide-a-la-reussite\/","og_locale":"fr_FR","og_type":"article","og_title":"Aide \u00e0 la r\u00e9ussite et transition secondaire-sup\u00e9rieur - FS - D\u00e9partement de math\u00e9matique","og_description":"Conscient que les \u00e9tudiants arrivent \u00e0 l&rsquo;universit\u00e9 diversement pr\u00e9par\u00e9s, le D\u00e9partement de Math\u00e9matique a mis en place, depuis plus de 10 ans, un programme unique en Belgique visant \u00e0 faciliter la transition secondaire-universit\u00e9. Celui-ci s&rsquo;appuie sur les acquis des \u00e9tudiants pour les aider \u00e0 atteindre le niveau d&rsquo;exigence des \u00e9tudes universitaires. Il comporte les facettes [&hellip;]","og_url":"https:\/\/web.umons.ac.be\/fs-mathematique\/enseignement\/aide-a-la-reussite\/","og_site_name":"FS - D\u00e9partement de math\u00e9matique","article_modified_time":"2024-08-19T10:30:16+00:00","twitter_card":"summary_large_image","twitter_misc":{"Dur\u00e9e de lecture estim\u00e9e":"3 minutes"},"schema":{"@context":"https:\/\/schema.org","@graph":[{"@type":"WebPage","@id":"https:\/\/web.umons.ac.be\/fs-mathematique\/enseignement\/aide-a-la-reussite\/","url":"https:\/\/web.umons.ac.be\/fs-mathematique\/enseignement\/aide-a-la-reussite\/","name":"Aide \u00e0 la r\u00e9ussite et transition secondaire-sup\u00e9rieur - FS - D\u00e9partement de math\u00e9matique","isPartOf":{"@id":"https:\/\/web.umons.ac.be\/fs-mathematique\/#website"},"datePublished":"2024-05-22T12:36:30+00:00","dateModified":"2024-08-19T10:30:16+00:00","breadcrumb":{"@id":"https:\/\/web.umons.ac.be\/fs-mathematique\/enseignement\/aide-a-la-reussite\/#breadcrumb"},"inLanguage":"fr-FR","potentialAction":[{"@type":"ReadAction","target":["https:\/\/web.umons.ac.be\/fs-mathematique\/enseignement\/aide-a-la-reussite\/"]}]},{"@type":"BreadcrumbList","@id":"https:\/\/web.umons.ac.be\/fs-mathematique\/enseignement\/aide-a-la-reussite\/#breadcrumb","itemListElement":[{"@type":"ListItem","position":1,"name":"Accueil","item":"https:\/\/web.umons.ac.be\/fs-mathematique\/"},{"@type":"ListItem","position":2,"name":"Enseignement","item":"https:\/\/web.umons.ac.be\/fs-mathematique\/enseignement\/"},{"@type":"ListItem","position":3,"name":"Aide \u00e0 la r\u00e9ussite et transition secondaire-sup\u00e9rieur"}]},{"@type":"WebSite","@id":"https:\/\/web.umons.ac.be\/fs-mathematique\/#website","url":"https:\/\/web.umons.ac.be\/fs-mathematique\/","name":"FS - D\u00e9partement de math\u00e9matique","description":"","potentialAction":[{"@type":"SearchAction","target":{"@type":"EntryPoint","urlTemplate":"https:\/\/web.umons.ac.be\/fs-mathematique\/?s={search_term_string}"},"query-input":{"@type":"PropertyValueSpecification","valueRequired":true,"valueName":"search_term_string"}}],"inLanguage":"fr-FR"}]}},"lang":"fr","translations":{"fr":81},"pll_sync_post":[],"_links":{"self":[{"href":"https:\/\/web.umons.ac.be\/fs-mathematique\/wp-json\/wp\/v2\/pages\/81","targetHints":{"allow":["GET"]}}],"collection":[{"href":"https:\/\/web.umons.ac.be\/fs-mathematique\/wp-json\/wp\/v2\/pages"}],"about":[{"href":"https:\/\/web.umons.ac.be\/fs-mathematique\/wp-json\/wp\/v2\/types\/page"}],"author":[{"embeddable":true,"href":"https:\/\/web.umons.ac.be\/fs-mathematique\/wp-json\/wp\/v2\/users\/2"}],"replies":[{"embeddable":true,"href":"https:\/\/web.umons.ac.be\/fs-mathematique\/wp-json\/wp\/v2\/comments?post=81"}],"version-history":[{"count":3,"href":"https:\/\/web.umons.ac.be\/fs-mathematique\/wp-json\/wp\/v2\/pages\/81\/revisions"}],"predecessor-version":[{"id":275,"href":"https:\/\/web.umons.ac.be\/fs-mathematique\/wp-json\/wp\/v2\/pages\/81\/revisions\/275"}],"up":[{"embeddable":true,"href":"https:\/\/web.umons.ac.be\/fs-mathematique\/wp-json\/wp\/v2\/pages\/23"}],"wp:attachment":[{"href":"https:\/\/web.umons.ac.be\/fs-mathematique\/wp-json\/wp\/v2\/media?parent=81"}],"curies":[{"name":"wp","href":"https:\/\/api.w.org\/{rel}","templated":true}]}}