{"id":97,"date":"2024-05-22T14:51:13","date_gmt":"2024-05-22T12:51:13","guid":{"rendered":"https:\/\/web.umons.ac.be\/fs-mathematique\/?page_id=97"},"modified":"2025-11-03T17:34:07","modified_gmt":"2025-11-03T16:34:07","slug":"mathematiques-elementaires","status":"publish","type":"page","link":"https:\/\/web.umons.ac.be\/fs-mathematique\/mathematiques-elementaires\/","title":{"rendered":"Math\u00e9matiques \u00c9l\u00e9mentaires"},"content":{"rendered":"<h2>Notes de cours<\/h2>\n<p>Vous pouvez trouver ci-dessous le syllabus (\u00e9galement disponible aux Presses universitaires en version imprim\u00e9e) ainsi des notes compl\u00e9mentaires sur la logique et la th\u00e9ories des ensembles et les transparents concernant la partie \u00ab\u00a0alg\u00e8bre lin\u00e9aire\u00a0\u00bb du cours.<\/p>\n<hr \/>\n<p>&nbsp;<\/p>\n<start-cask-shortcode-wrapper><ul class=\"media-folder scheme-fs\">\n\t<\/ul><end-cask-shortcode-wrapper>\n<hr \/>\n<h2>Exercices suppl\u00e9mentaires<\/h2>\n<p>Les quelques fiches ci-dessous proposent des exercices \u00ab\u00a0\u00e9l\u00e9mentaires\u00a0\u00bb \u00e0 r\u00e9aliser avant d&rsquo;aborder les questions des tests.<\/p>\n<hr \/>\n<start-cask-shortcode-wrapper><ul class=\"media-folder scheme-fs\">\n\t<\/ul><end-cask-shortcode-wrapper>\n<p>&nbsp;<\/p>\n<h2>Tests et examens des derni\u00e8res ann\u00e9es<\/h2>\n<p>Si vous trouvez des erreurs (de frappe ou autres), n&rsquo;h\u00e9sitez pas \u00e0 nous le\u00a0<span id=\"ocaml_8\"><a href=\"mailto:Christophe.Troestler@umons.ac.be\" target=\"_blank\" rel=\"noopener\">faire savoir<\/a><\/span>. Nous vous recommandons l&rsquo;usage d&rsquo;un\u00a0<a href=\"http:\/\/www.pdfreaders.org\/index.fr.html\" target=\"_blank\" rel=\"noopener\">lecteur PDF libre<\/a>\u00a0pour visionner les documents de cette page.<\/p>\n<start-cask-shortcode-wrapper>    <div class=\"tabs scheme-fs\">\n        <nav class=\"tabs-nav\">\n            <ul class=\"tabs-menu\">\n                                <li class=\"tabs-menu-item active\">\n                    <a href=\"#pane-tab-68d3deec4e57d\" class=\"tabs-menu-link scheme-color scheme-color-hover scheme-after-background-important\">\n                        2025-2026                    <\/a>\n                <\/li>\n                                <li class=\"tabs-menu-item\">\n                    <a href=\"#pane-tab-68d3deec530f7\" class=\"tabs-menu-link scheme-color scheme-color-hover scheme-after-background-important\">\n                        2024-2025                    <\/a>\n                <\/li>\n                                <li class=\"tabs-menu-item\">\n                    <a href=\"#pane-tab-68d3deec533b9\" class=\"tabs-menu-link scheme-color scheme-color-hover scheme-after-background-important\">\n                        2023-2024                    <\/a>\n                <\/li>\n                                <li class=\"tabs-menu-item\">\n                    <a href=\"#pane-tab-68d3deec53617\" class=\"tabs-menu-link scheme-color scheme-color-hover scheme-after-background-important\">\n                        2022-2023                    <\/a>\n                <\/li>\n                                <li class=\"tabs-menu-item\">\n                    <a href=\"#pane-tab-68d3deec5384d\" class=\"tabs-menu-link scheme-color scheme-color-hover scheme-after-background-important\">\n                        2021-2022                    <\/a>\n                <\/li>\n                                <li class=\"tabs-menu-item\">\n                    <a href=\"#pane-tab-68d3deec53a74\" class=\"tabs-menu-link scheme-color scheme-color-hover scheme-after-background-important\">\n                        2020-2021                    <\/a>\n                <\/li>\n                                <li class=\"tabs-menu-item\">\n                    <a href=\"#pane-tab-68d3deec53ca1\" class=\"tabs-menu-link scheme-color scheme-color-hover scheme-after-background-important\">\n                        2019-2020                    <\/a>\n                <\/li>\n                            <\/ul>\n        <\/nav>\n        <div class=\"tabs-panes\">\n                            <button class=\"expand-toggle button-expand accordion-bellow-toggle scheme-background-hover open\" data-target=\"#pane-tab-68d3deec4e57d\">\n                    2025-2026                    <span class=\"icon arrow umons-icon umons-icon-chevron-down\" aria-hidden=\"true\"><\/span>\n                <\/button>\n                <div id=\"pane-tab-68d3deec4e57d\" class=\"tabs-pane active\">\n                    <div class=\"tabs-pane-inner editor-front\">\n                        <start-cask-shortcode-wrapper><ul class=\"media-folder scheme-fs\">\n\t<\/ul><end-cask-shortcode-wrapper>                    <\/div>\n                <\/div>\n                            <button class=\"expand-toggle button-expand accordion-bellow-toggle scheme-background-hover\" data-target=\"#pane-tab-68d3deec530f7\">\n                    2024-2025                    <span class=\"icon arrow umons-icon umons-icon-chevron-down\" aria-hidden=\"true\"><\/span>\n                <\/button>\n                <div id=\"pane-tab-68d3deec530f7\" class=\"tabs-pane\">\n                    <div class=\"tabs-pane-inner editor-front\">\n                        <start-cask-shortcode-wrapper><ul class=\"media-folder scheme-fs\">\n\t<\/ul><end-cask-shortcode-wrapper>                    <\/div>\n                <\/div>\n                            <button class=\"expand-toggle button-expand accordion-bellow-toggle scheme-background-hover\" data-target=\"#pane-tab-68d3deec533b9\">\n                    2023-2024                    <span class=\"icon arrow umons-icon umons-icon-chevron-down\" aria-hidden=\"true\"><\/span>\n                <\/button>\n                <div id=\"pane-tab-68d3deec533b9\" class=\"tabs-pane\">\n                    <div class=\"tabs-pane-inner editor-front\">\n                        <start-cask-shortcode-wrapper><ul class=\"media-folder scheme-fs\">\n\t<\/ul><end-cask-shortcode-wrapper>                    <\/div>\n                <\/div>\n                            <button class=\"expand-toggle button-expand accordion-bellow-toggle scheme-background-hover\" data-target=\"#pane-tab-68d3deec53617\">\n                    2022-2023                    <span class=\"icon arrow umons-icon umons-icon-chevron-down\" aria-hidden=\"true\"><\/span>\n                <\/button>\n                <div id=\"pane-tab-68d3deec53617\" class=\"tabs-pane\">\n                    <div class=\"tabs-pane-inner editor-front\">\n                        <start-cask-shortcode-wrapper><ul class=\"media-folder scheme-fs\">\n\t<\/ul><end-cask-shortcode-wrapper>                    <\/div>\n                <\/div>\n                            <button class=\"expand-toggle button-expand accordion-bellow-toggle scheme-background-hover\" data-target=\"#pane-tab-68d3deec5384d\">\n                    2021-2022                    <span class=\"icon arrow umons-icon umons-icon-chevron-down\" aria-hidden=\"true\"><\/span>\n                <\/button>\n                <div id=\"pane-tab-68d3deec5384d\" class=\"tabs-pane\">\n                    <div class=\"tabs-pane-inner editor-front\">\n                        <start-cask-shortcode-wrapper><ul class=\"media-folder scheme-fs\">\n\t<\/ul><end-cask-shortcode-wrapper>                    <\/div>\n                <\/div>\n                            <button class=\"expand-toggle button-expand accordion-bellow-toggle scheme-background-hover\" data-target=\"#pane-tab-68d3deec53a74\">\n                    2020-2021                    <span class=\"icon arrow umons-icon umons-icon-chevron-down\" aria-hidden=\"true\"><\/span>\n                <\/button>\n                <div id=\"pane-tab-68d3deec53a74\" class=\"tabs-pane\">\n                    <div class=\"tabs-pane-inner editor-front\">\n                        <start-cask-shortcode-wrapper><ul class=\"media-folder scheme-fs\">\n\t<\/ul><end-cask-shortcode-wrapper>                    <\/div>\n                <\/div>\n                            <button class=\"expand-toggle button-expand accordion-bellow-toggle scheme-background-hover\" data-target=\"#pane-tab-68d3deec53ca1\">\n                    2019-2020                    <span class=\"icon arrow umons-icon umons-icon-chevron-down\" aria-hidden=\"true\"><\/span>\n                <\/button>\n                <div id=\"pane-tab-68d3deec53ca1\" class=\"tabs-pane\">\n                    <div class=\"tabs-pane-inner editor-front\">\n                        <start-cask-shortcode-wrapper><ul class=\"media-folder scheme-fs\">\n\t<\/ul><end-cask-shortcode-wrapper>                    <\/div>\n                <\/div>\n                    <\/div>\n    <\/div><end-cask-shortcode-wrapper>\n<hr \/>\n<div style=\"text-align: center;\"><\/div>\n<div><span style=\"color: #333333;\"><strong><span style=\"font-size: 14pt;\">Archives: Tests et Examens depuis 2000-2001 (fichiers zip)<\/span><\/strong><\/span><\/div>\n<div>De 2000-2001 \u00e0 2010-2011: <a href=\"https:\/\/web.umons.ac.be\/app\/uploads\/sites\/210\/2024\/07\/MathElem2000-2011.zip\">MathElem2000-2011<\/a><\/div>\n<div>De 2011-2012 \u00e0 2018-2019: <a href=\"https:\/\/web.umons.ac.be\/app\/uploads\/sites\/210\/2024\/07\/MathElem2011-.zip\">MathElem2011-&#8230;<\/a><\/div>\n","protected":false},"excerpt":{"rendered":"<p>Notes de cours Vous pouvez trouver ci-dessous le syllabus (\u00e9galement disponible aux Presses universitaires en version imprim\u00e9e) ainsi des notes compl\u00e9mentaires sur la logique et la th\u00e9ories des ensembles et les transparents concernant la partie \u00ab\u00a0alg\u00e8bre lin\u00e9aire\u00a0\u00bb du cours. &nbsp; Exercices suppl\u00e9mentaires Les quelques fiches ci-dessous proposent des exercices \u00ab\u00a0\u00e9l\u00e9mentaires\u00a0\u00bb \u00e0 r\u00e9aliser avant d&rsquo;aborder les [&hellip;]<\/p>\n","protected":false},"author":2,"featured_media":0,"parent":0,"menu_order":0,"comment_status":"closed","ping_status":"closed","template":"","meta":{"footnotes":""},"class_list":["post-97","page","type-page","status-publish","hentry"],"yoast_head":"<!-- This site is optimized with the Yoast SEO plugin v27.2 - https:\/\/yoast.com\/product\/yoast-seo-wordpress\/ -->\n<title>Math\u00e9matiques \u00c9l\u00e9mentaires - FS - D\u00e9partement de math\u00e9matique<\/title>\n<meta name=\"robots\" content=\"index, follow, max-snippet:-1, max-image-preview:large, max-video-preview:-1\" \/>\n<link rel=\"canonical\" href=\"https:\/\/web.umons.ac.be\/fs-mathematique\/mathematiques-elementaires\/\" \/>\n<meta property=\"og:locale\" content=\"fr_FR\" \/>\n<meta property=\"og:type\" content=\"article\" \/>\n<meta property=\"og:title\" content=\"Math\u00e9matiques \u00c9l\u00e9mentaires - FS - D\u00e9partement de math\u00e9matique\" \/>\n<meta property=\"og:description\" content=\"Notes de cours Vous pouvez trouver ci-dessous le syllabus (\u00e9galement disponible aux Presses universitaires en version imprim\u00e9e) ainsi des notes compl\u00e9mentaires sur la logique et la th\u00e9ories des ensembles et les transparents concernant la partie \u00ab\u00a0alg\u00e8bre lin\u00e9aire\u00a0\u00bb du cours. &nbsp; Exercices suppl\u00e9mentaires Les quelques fiches ci-dessous proposent des exercices \u00ab\u00a0\u00e9l\u00e9mentaires\u00a0\u00bb \u00e0 r\u00e9aliser avant d&rsquo;aborder les [&hellip;]\" \/>\n<meta property=\"og:url\" content=\"https:\/\/web.umons.ac.be\/fs-mathematique\/mathematiques-elementaires\/\" \/>\n<meta property=\"og:site_name\" content=\"FS - D\u00e9partement de math\u00e9matique\" \/>\n<meta property=\"article:modified_time\" content=\"2025-11-03T16:34:07+00:00\" \/>\n<meta name=\"twitter:card\" content=\"summary_large_image\" \/>\n<meta name=\"twitter:label1\" content=\"Dur\u00e9e de lecture estim\u00e9e\" \/>\n\t<meta name=\"twitter:data1\" content=\"1 minute\" \/>\n<script type=\"application\/ld+json\" class=\"yoast-schema-graph\">{\"@context\":\"https:\/\/schema.org\",\"@graph\":[{\"@type\":\"WebPage\",\"@id\":\"https:\/\/web.umons.ac.be\/fs-mathematique\/mathematiques-elementaires\/\",\"url\":\"https:\/\/web.umons.ac.be\/fs-mathematique\/mathematiques-elementaires\/\",\"name\":\"Math\u00e9matiques \u00c9l\u00e9mentaires - FS - D\u00e9partement de math\u00e9matique\",\"isPartOf\":{\"@id\":\"https:\/\/web.umons.ac.be\/fs-mathematique\/#website\"},\"datePublished\":\"2024-05-22T12:51:13+00:00\",\"dateModified\":\"2025-11-03T16:34:07+00:00\",\"breadcrumb\":{\"@id\":\"https:\/\/web.umons.ac.be\/fs-mathematique\/mathematiques-elementaires\/#breadcrumb\"},\"inLanguage\":\"fr-FR\",\"potentialAction\":[{\"@type\":\"ReadAction\",\"target\":[\"https:\/\/web.umons.ac.be\/fs-mathematique\/mathematiques-elementaires\/\"]}]},{\"@type\":\"BreadcrumbList\",\"@id\":\"https:\/\/web.umons.ac.be\/fs-mathematique\/mathematiques-elementaires\/#breadcrumb\",\"itemListElement\":[{\"@type\":\"ListItem\",\"position\":1,\"name\":\"Accueil\",\"item\":\"https:\/\/web.umons.ac.be\/fs-mathematique\/\"},{\"@type\":\"ListItem\",\"position\":2,\"name\":\"Math\u00e9matiques \u00c9l\u00e9mentaires\"}]},{\"@type\":\"WebSite\",\"@id\":\"https:\/\/web.umons.ac.be\/fs-mathematique\/#website\",\"url\":\"https:\/\/web.umons.ac.be\/fs-mathematique\/\",\"name\":\"FS - D\u00e9partement de math\u00e9matique\",\"description\":\"\",\"potentialAction\":[{\"@type\":\"SearchAction\",\"target\":{\"@type\":\"EntryPoint\",\"urlTemplate\":\"https:\/\/web.umons.ac.be\/fs-mathematique\/?s={search_term_string}\"},\"query-input\":{\"@type\":\"PropertyValueSpecification\",\"valueRequired\":true,\"valueName\":\"search_term_string\"}}],\"inLanguage\":\"fr-FR\"}]}<\/script>\n<!-- \/ Yoast SEO plugin. -->","yoast_head_json":{"title":"Math\u00e9matiques \u00c9l\u00e9mentaires - FS - D\u00e9partement de math\u00e9matique","robots":{"index":"index","follow":"follow","max-snippet":"max-snippet:-1","max-image-preview":"max-image-preview:large","max-video-preview":"max-video-preview:-1"},"canonical":"https:\/\/web.umons.ac.be\/fs-mathematique\/mathematiques-elementaires\/","og_locale":"fr_FR","og_type":"article","og_title":"Math\u00e9matiques \u00c9l\u00e9mentaires - FS - D\u00e9partement de math\u00e9matique","og_description":"Notes de cours Vous pouvez trouver ci-dessous le syllabus (\u00e9galement disponible aux Presses universitaires en version imprim\u00e9e) ainsi des notes compl\u00e9mentaires sur la logique et la th\u00e9ories des ensembles et les transparents concernant la partie \u00ab\u00a0alg\u00e8bre lin\u00e9aire\u00a0\u00bb du cours. &nbsp; Exercices suppl\u00e9mentaires Les quelques fiches ci-dessous proposent des exercices \u00ab\u00a0\u00e9l\u00e9mentaires\u00a0\u00bb \u00e0 r\u00e9aliser avant d&rsquo;aborder les [&hellip;]","og_url":"https:\/\/web.umons.ac.be\/fs-mathematique\/mathematiques-elementaires\/","og_site_name":"FS - D\u00e9partement de math\u00e9matique","article_modified_time":"2025-11-03T16:34:07+00:00","twitter_card":"summary_large_image","twitter_misc":{"Dur\u00e9e de lecture estim\u00e9e":"1 minute"},"schema":{"@context":"https:\/\/schema.org","@graph":[{"@type":"WebPage","@id":"https:\/\/web.umons.ac.be\/fs-mathematique\/mathematiques-elementaires\/","url":"https:\/\/web.umons.ac.be\/fs-mathematique\/mathematiques-elementaires\/","name":"Math\u00e9matiques \u00c9l\u00e9mentaires - FS - D\u00e9partement de math\u00e9matique","isPartOf":{"@id":"https:\/\/web.umons.ac.be\/fs-mathematique\/#website"},"datePublished":"2024-05-22T12:51:13+00:00","dateModified":"2025-11-03T16:34:07+00:00","breadcrumb":{"@id":"https:\/\/web.umons.ac.be\/fs-mathematique\/mathematiques-elementaires\/#breadcrumb"},"inLanguage":"fr-FR","potentialAction":[{"@type":"ReadAction","target":["https:\/\/web.umons.ac.be\/fs-mathematique\/mathematiques-elementaires\/"]}]},{"@type":"BreadcrumbList","@id":"https:\/\/web.umons.ac.be\/fs-mathematique\/mathematiques-elementaires\/#breadcrumb","itemListElement":[{"@type":"ListItem","position":1,"name":"Accueil","item":"https:\/\/web.umons.ac.be\/fs-mathematique\/"},{"@type":"ListItem","position":2,"name":"Math\u00e9matiques \u00c9l\u00e9mentaires"}]},{"@type":"WebSite","@id":"https:\/\/web.umons.ac.be\/fs-mathematique\/#website","url":"https:\/\/web.umons.ac.be\/fs-mathematique\/","name":"FS - D\u00e9partement de math\u00e9matique","description":"","potentialAction":[{"@type":"SearchAction","target":{"@type":"EntryPoint","urlTemplate":"https:\/\/web.umons.ac.be\/fs-mathematique\/?s={search_term_string}"},"query-input":{"@type":"PropertyValueSpecification","valueRequired":true,"valueName":"search_term_string"}}],"inLanguage":"fr-FR"}]}},"lang":"fr","translations":{"fr":97},"pll_sync_post":[],"_links":{"self":[{"href":"https:\/\/web.umons.ac.be\/fs-mathematique\/wp-json\/wp\/v2\/pages\/97","targetHints":{"allow":["GET"]}}],"collection":[{"href":"https:\/\/web.umons.ac.be\/fs-mathematique\/wp-json\/wp\/v2\/pages"}],"about":[{"href":"https:\/\/web.umons.ac.be\/fs-mathematique\/wp-json\/wp\/v2\/types\/page"}],"author":[{"embeddable":true,"href":"https:\/\/web.umons.ac.be\/fs-mathematique\/wp-json\/wp\/v2\/users\/2"}],"replies":[{"embeddable":true,"href":"https:\/\/web.umons.ac.be\/fs-mathematique\/wp-json\/wp\/v2\/comments?post=97"}],"version-history":[{"count":5,"href":"https:\/\/web.umons.ac.be\/fs-mathematique\/wp-json\/wp\/v2\/pages\/97\/revisions"}],"predecessor-version":[{"id":394,"href":"https:\/\/web.umons.ac.be\/fs-mathematique\/wp-json\/wp\/v2\/pages\/97\/revisions\/394"}],"wp:attachment":[{"href":"https:\/\/web.umons.ac.be\/fs-mathematique\/wp-json\/wp\/v2\/media?parent=97"}],"curies":[{"name":"wp","href":"https:\/\/api.w.org\/{rel}","templated":true}]}}