{"id":103,"date":"2017-07-10T14:06:21","date_gmt":"2017-07-10T12:06:21","guid":{"rendered":"https:\/\/web.umons.ac.be\/fs\/?page_id=103"},"modified":"2019-02-01T16:47:37","modified_gmt":"2019-02-01T15:47:37","slug":"biologie","status":"publish","type":"page","link":"https:\/\/web.umons.ac.be\/fs\/fr\/les-departements\/biologie\/","title":{"rendered":"Biologie"},"content":{"rendered":"<blockquote><p>Faire la\u00a0Biologie \u00e0 Mons,\u00a0c\u2019est &#8230;<\/p><\/blockquote>\n<ul>\n<li>avoir envie de comprendre les lois de la\u00a0nature,<\/li>\n<li>appr\u00e9hender les concepts d\u2019\u00e9volution,\u00a0d\u2019adaptation et d\u2019interactions aussi bien au\u00a0niveau mol\u00e9culaire, cellulaire qu\u2019au niveau\u00a0des individus ou des populations,<\/li>\n<li>innover dans la recherche pour mieux\u00a0r\u00e9pondre aux d\u00e9fis environnementaux qui\u00a0nous attendent,<\/li>\n<li>acqu\u00e9rir des comp\u00e9tences valorisables\u00a0aussi bien dans l\u2019industrie que dans la\u00a0recherche fondamentale, et ce, encadr\u00e9\u00a0par une \u00e9quipe d\u2019enseignants motiv\u00e9s et\u00a0comp\u00e9tents dans une universit\u00e9 \u00e0 dimension\u00a0humaine.<\/li>\n<\/ul>\n<p>&nbsp;<\/p>\n","protected":false},"excerpt":{"rendered":"<p>Faire la\u00a0Biologie \u00e0 Mons,\u00a0c\u2019est &#8230; avoir envie de comprendre les lois de la\u00a0nature, appr\u00e9hender les concepts d\u2019\u00e9volution,\u00a0d\u2019adaptation et d\u2019interactions aussi bien au\u00a0niveau mol\u00e9culaire, cellulaire qu\u2019au niveau\u00a0des individus ou des populations, innover dans la recherche pour mieux\u00a0r\u00e9pondre aux d\u00e9fis environnementaux qui\u00a0nous attendent, acqu\u00e9rir des comp\u00e9tences valorisables\u00a0aussi bien dans l\u2019industrie que dans la\u00a0recherche fondamentale, et ce, encadr\u00e9\u00a0par [&hellip;]<\/p>\n","protected":false},"author":2,"featured_media":0,"parent":124,"menu_order":0,"comment_status":"closed","ping_status":"closed","template":"","meta":{"footnotes":""},"class_list":["post-103","page","type-page","status-publish","hentry"],"yoast_head":"<!-- This site is optimized with the Yoast SEO plugin v27.2 - https:\/\/yoast.com\/product\/yoast-seo-wordpress\/ -->\n<title>Biologie - Facult\u00e9 \/ FS<\/title>\n<meta name=\"robots\" content=\"index, follow, max-snippet:-1, max-image-preview:large, max-video-preview:-1\" \/>\n<link rel=\"canonical\" href=\"https:\/\/web.umons.ac.be\/fs\/fr\/les-departements\/biologie\/\" \/>\n<meta property=\"og:locale\" content=\"fr_FR\" \/>\n<meta property=\"og:type\" content=\"article\" \/>\n<meta property=\"og:title\" content=\"Biologie - Facult\u00e9 \/ FS\" \/>\n<meta property=\"og:description\" content=\"Faire la\u00a0Biologie \u00e0 Mons,\u00a0c\u2019est &#8230; avoir envie de comprendre les lois de la\u00a0nature, appr\u00e9hender les concepts d\u2019\u00e9volution,\u00a0d\u2019adaptation et d\u2019interactions aussi bien au\u00a0niveau mol\u00e9culaire, cellulaire qu\u2019au niveau\u00a0des individus ou des populations, innover dans la recherche pour mieux\u00a0r\u00e9pondre aux d\u00e9fis environnementaux qui\u00a0nous attendent, acqu\u00e9rir des comp\u00e9tences valorisables\u00a0aussi bien dans l\u2019industrie que dans la\u00a0recherche fondamentale, et ce, encadr\u00e9\u00a0par [&hellip;]\" \/>\n<meta property=\"og:url\" content=\"https:\/\/web.umons.ac.be\/fs\/fr\/les-departements\/biologie\/\" \/>\n<meta property=\"og:site_name\" content=\"Facult\u00e9 \/ FS\" \/>\n<meta property=\"article:modified_time\" content=\"2019-02-01T15:47:37+00:00\" \/>\n<meta name=\"twitter:card\" content=\"summary_large_image\" \/>\n<script type=\"application\/ld+json\" class=\"yoast-schema-graph\">{\"@context\":\"https:\/\/schema.org\",\"@graph\":[{\"@type\":\"WebPage\",\"@id\":\"https:\/\/web.umons.ac.be\/fs\/fr\/les-departements\/biologie\/\",\"url\":\"https:\/\/web.umons.ac.be\/fs\/fr\/les-departements\/biologie\/\",\"name\":\"Biologie - Facult\u00e9 \/ FS\",\"isPartOf\":{\"@id\":\"https:\/\/web.umons.ac.be\/fs\/#website\"},\"datePublished\":\"2017-07-10T12:06:21+00:00\",\"dateModified\":\"2019-02-01T15:47:37+00:00\",\"breadcrumb\":{\"@id\":\"https:\/\/web.umons.ac.be\/fs\/fr\/les-departements\/biologie\/#breadcrumb\"},\"inLanguage\":\"fr-FR\",\"potentialAction\":[{\"@type\":\"ReadAction\",\"target\":[\"https:\/\/web.umons.ac.be\/fs\/fr\/les-departements\/biologie\/\"]}]},{\"@type\":\"BreadcrumbList\",\"@id\":\"https:\/\/web.umons.ac.be\/fs\/fr\/les-departements\/biologie\/#breadcrumb\",\"itemListElement\":[{\"@type\":\"ListItem\",\"position\":1,\"name\":\"Accueil\",\"item\":\"https:\/\/web.umons.ac.be\/fs\/fr\/\"},{\"@type\":\"ListItem\",\"position\":2,\"name\":\"Les d\u00e9partements\",\"item\":\"https:\/\/web.umons.ac.be\/fs\/fr\/les-departements\/\"},{\"@type\":\"ListItem\",\"position\":3,\"name\":\"Biologie\"}]},{\"@type\":\"WebSite\",\"@id\":\"https:\/\/web.umons.ac.be\/fs\/#website\",\"url\":\"https:\/\/web.umons.ac.be\/fs\/\",\"name\":\"Facult\u00e9 \/ FS\",\"description\":\"\",\"potentialAction\":[{\"@type\":\"SearchAction\",\"target\":{\"@type\":\"EntryPoint\",\"urlTemplate\":\"https:\/\/web.umons.ac.be\/fs\/?s={search_term_string}\"},\"query-input\":{\"@type\":\"PropertyValueSpecification\",\"valueRequired\":true,\"valueName\":\"search_term_string\"}}],\"inLanguage\":\"fr-FR\"}]}<\/script>\n<!-- \/ Yoast SEO plugin. -->","yoast_head_json":{"title":"Biologie - Facult\u00e9 \/ FS","robots":{"index":"index","follow":"follow","max-snippet":"max-snippet:-1","max-image-preview":"max-image-preview:large","max-video-preview":"max-video-preview:-1"},"canonical":"https:\/\/web.umons.ac.be\/fs\/fr\/les-departements\/biologie\/","og_locale":"fr_FR","og_type":"article","og_title":"Biologie - Facult\u00e9 \/ FS","og_description":"Faire la\u00a0Biologie \u00e0 Mons,\u00a0c\u2019est &#8230; avoir envie de comprendre les lois de la\u00a0nature, appr\u00e9hender les concepts d\u2019\u00e9volution,\u00a0d\u2019adaptation et d\u2019interactions aussi bien au\u00a0niveau mol\u00e9culaire, cellulaire qu\u2019au niveau\u00a0des individus ou des populations, innover dans la recherche pour mieux\u00a0r\u00e9pondre aux d\u00e9fis environnementaux qui\u00a0nous attendent, acqu\u00e9rir des comp\u00e9tences valorisables\u00a0aussi bien dans l\u2019industrie que dans la\u00a0recherche fondamentale, et ce, encadr\u00e9\u00a0par [&hellip;]","og_url":"https:\/\/web.umons.ac.be\/fs\/fr\/les-departements\/biologie\/","og_site_name":"Facult\u00e9 \/ FS","article_modified_time":"2019-02-01T15:47:37+00:00","twitter_card":"summary_large_image","schema":{"@context":"https:\/\/schema.org","@graph":[{"@type":"WebPage","@id":"https:\/\/web.umons.ac.be\/fs\/fr\/les-departements\/biologie\/","url":"https:\/\/web.umons.ac.be\/fs\/fr\/les-departements\/biologie\/","name":"Biologie - Facult\u00e9 \/ FS","isPartOf":{"@id":"https:\/\/web.umons.ac.be\/fs\/#website"},"datePublished":"2017-07-10T12:06:21+00:00","dateModified":"2019-02-01T15:47:37+00:00","breadcrumb":{"@id":"https:\/\/web.umons.ac.be\/fs\/fr\/les-departements\/biologie\/#breadcrumb"},"inLanguage":"fr-FR","potentialAction":[{"@type":"ReadAction","target":["https:\/\/web.umons.ac.be\/fs\/fr\/les-departements\/biologie\/"]}]},{"@type":"BreadcrumbList","@id":"https:\/\/web.umons.ac.be\/fs\/fr\/les-departements\/biologie\/#breadcrumb","itemListElement":[{"@type":"ListItem","position":1,"name":"Accueil","item":"https:\/\/web.umons.ac.be\/fs\/fr\/"},{"@type":"ListItem","position":2,"name":"Les d\u00e9partements","item":"https:\/\/web.umons.ac.be\/fs\/fr\/les-departements\/"},{"@type":"ListItem","position":3,"name":"Biologie"}]},{"@type":"WebSite","@id":"https:\/\/web.umons.ac.be\/fs\/#website","url":"https:\/\/web.umons.ac.be\/fs\/","name":"Facult\u00e9 \/ FS","description":"","potentialAction":[{"@type":"SearchAction","target":{"@type":"EntryPoint","urlTemplate":"https:\/\/web.umons.ac.be\/fs\/?s={search_term_string}"},"query-input":{"@type":"PropertyValueSpecification","valueRequired":true,"valueName":"search_term_string"}}],"inLanguage":"fr-FR"}]}},"lang":"fr","translations":{"fr":103,"en":1106},"pll_sync_post":[],"_links":{"self":[{"href":"https:\/\/web.umons.ac.be\/fs\/wp-json\/wp\/v2\/pages\/103","targetHints":{"allow":["GET"]}}],"collection":[{"href":"https:\/\/web.umons.ac.be\/fs\/wp-json\/wp\/v2\/pages"}],"about":[{"href":"https:\/\/web.umons.ac.be\/fs\/wp-json\/wp\/v2\/types\/page"}],"author":[{"embeddable":true,"href":"https:\/\/web.umons.ac.be\/fs\/wp-json\/wp\/v2\/users\/2"}],"replies":[{"embeddable":true,"href":"https:\/\/web.umons.ac.be\/fs\/wp-json\/wp\/v2\/comments?post=103"}],"version-history":[{"count":3,"href":"https:\/\/web.umons.ac.be\/fs\/wp-json\/wp\/v2\/pages\/103\/revisions"}],"predecessor-version":[{"id":746,"href":"https:\/\/web.umons.ac.be\/fs\/wp-json\/wp\/v2\/pages\/103\/revisions\/746"}],"up":[{"embeddable":true,"href":"https:\/\/web.umons.ac.be\/fs\/wp-json\/wp\/v2\/pages\/124"}],"wp:attachment":[{"href":"https:\/\/web.umons.ac.be\/fs\/wp-json\/wp\/v2\/media?parent=103"}],"curies":[{"name":"wp","href":"https:\/\/api.w.org\/{rel}","templated":true}]}}