{"id":106,"date":"2017-07-10T14:06:30","date_gmt":"2017-07-10T12:06:30","guid":{"rendered":"https:\/\/web.umons.ac.be\/fs\/?page_id=106"},"modified":"2025-12-08T11:22:16","modified_gmt":"2025-12-08T10:22:16","slug":"chimie","status":"publish","type":"page","link":"https:\/\/web.umons.ac.be\/fs\/fr\/les-departements\/chimie\/","title":{"rendered":"Chimie"},"content":{"rendered":"<p>La chimie est la discipline scientifique qui permet de comprendre la mati\u00e8re et qui propose de nombreuses applications utiles au quotidien \u00e0 la soci\u00e9t\u00e9, aux industries et aux laboratoires. Elle contribue ainsi largement \u00e0 solutionner les probl\u00e8mes actuels d\u2019environnement et de d\u00e9veloppement durable.<\/p>\n<p>\u00c9tudier la chimie \u00e0 l\u2019Universit\u00e9 de Mons, c\u2019est\u00a0<strong>b\u00e9n\u00e9ficier d\u2019un environnement tr\u00e8s dynamique et stimulant o\u00f9 l\u2019humain n\u2019a pas \u00e9t\u00e9 oubli\u00e9 pour autant<\/strong>, utiliser des \u00e9quipements modernes, \u00eatre encadr\u00e9 par une \u00e9quipe d\u2019enseignants et assistants motiv\u00e9s et comp\u00e9tents. Et finalement, c\u2019est obtenir un dipl\u00f4me dont la valeur est internationalement reconnue et qui d\u00e9bouche sur de nombreux emplois diversifi\u00e9s.<\/p>\n<p>Les enseignements dispens\u00e9s en\u00a0<strong>1er cycle de bachelier<\/strong>\u00a0en sciences chimiques visent \u00e0 donner aux \u00e9tudiants une solide formation de base dans les mati\u00e8res essentielles que sont la chimie g\u00e9n\u00e9rale, la chimie physique, la chimie organique, la chimie analytique, la chimie inorganique, la chimie des polym\u00e8res et la biochimie. Parall\u00e8lement \u00e0 cela, la formation des bacheliers est \u00e9galement compl\u00e9t\u00e9e par des cours g\u00e9n\u00e9raux de math\u00e9matique, physique et biologie, ainsi que par des cours d\u2019un volume d\u2019heures plus r\u00e9duit en anglais, sciences et soci\u00e9t\u00e9, initiation \u00e0 l\u2019informatique et programmation appliqu\u00e9e \u00e0 la chimie. Un accent tout particulier est mis sur l\u2019aspect exp\u00e9rimental des sciences chimiques par l\u2019organisation de nombreuses s\u00e9ances de travaux pratiques et de travaux personnels encadr\u00e9s par une \u00e9quipe d\u2019enseignants et d\u2019assistants motiv\u00e9s.<\/p>\n<p>Le\u00a0<strong>Master<\/strong>\u00a0comporte deux grandes orientations\u00a0:\u00a0chimie et ing\u00e9nierie des mat\u00e9riaux; et\u00a0chimie organique instrumentale et appliqu\u00e9e.<\/p>\n<p>Ainsi, en plus d\u2019un socle de cours communs, les \u00e9tudiants choisissent des cours r\u00e9partis selon une de ces deux orientations. En seconde ann\u00e9e, le Master comprend une finalit\u00e9 sp\u00e9cialis\u00e9e avec la possibilit\u00e9 de stages en entreprise, et une finalit\u00e9 approfondie, qui pr\u00e9pare l\u2019\u00e9tudiant \u00e0 la recherche et donne plus directement acc\u00e8s au doctorat. En deuxi\u00e8me ann\u00e9e, et quelle que soit la finalit\u00e9 choisie, l\u2019\u00e9tudiant consacre une part importante de son travail \u00e0 la pr\u00e9paration d\u2019un m\u00e9moire de fin d\u2019\u00e9tudes, au sein d\u2019un des laboratoires de recherche du d\u00e9partement de chimie.<\/p>\n<p>Au terme du second cycle, une partie importante des \u00e9tudiants sont \u00e0 m\u00eame d\u2019entamer une formation doctorale en b\u00e9n\u00e9ficiant de nombreuses opportunit\u00e9s de subventions, et dont l\u2019aboutissement apr\u00e8s en g\u00e9n\u00e9ral quatre ann\u00e9es est le dipl\u00f4me hautement appr\u00e9ci\u00e9 de Docteur en Sciences.<\/p>\n<p>Les chimistes de l\u2019UMONS participent \u00e0 de<strong>\u00a0nombreuses recherches de pointe<\/strong>\u00a0tant sur le plan fondamental que sur celui des applications industrielles. Reconnus internationalement, les travaux des chercheurs montois (une centaine de personnes) font appel aux techniques les plus sophistiqu\u00e9es pour l\u2019\u00e9tude, la conception et la caract\u00e9risation de nouvelles mol\u00e9cules (agents de contraste pour l\u2019imagerie m\u00e9dicale, mol\u00e9cules biologiquement actives), l\u2019identification d\u2019agents polluants, la cr\u00e9ation et la fabrication de nouveaux polym\u00e8res plus performants et respectueux de l\u2019environnement (polym\u00e8res biod\u00e9gradables), la modification de la surface des mat\u00e9riaux pour leur conf\u00e9rer des propri\u00e9t\u00e9s nouvelles. Ces travaux sont men\u00e9s en \u00e9troite<strong>\u00a0collaboration avec le centre de recherches Materia Nova.<\/strong><\/p>\n<div><\/div>\n","protected":false},"excerpt":{"rendered":"<p>La chimie est la discipline scientifique qui permet de comprendre la mati\u00e8re et qui propose de nombreuses applications utiles au quotidien \u00e0 la soci\u00e9t\u00e9, aux industries et aux laboratoires. Elle contribue ainsi largement \u00e0 solutionner les probl\u00e8mes actuels d\u2019environnement et de d\u00e9veloppement durable. \u00c9tudier la chimie \u00e0 l\u2019Universit\u00e9 de Mons, c\u2019est\u00a0b\u00e9n\u00e9ficier d\u2019un environnement tr\u00e8s dynamique [&hellip;]<\/p>\n","protected":false},"author":2,"featured_media":0,"parent":124,"menu_order":0,"comment_status":"closed","ping_status":"closed","template":"","meta":{"footnotes":""},"class_list":["post-106","page","type-page","status-publish","hentry"],"yoast_head":"<!-- This site is optimized with the Yoast SEO plugin v27.2 - https:\/\/yoast.com\/product\/yoast-seo-wordpress\/ -->\n<title>Chimie - Facult\u00e9 \/ FS<\/title>\n<meta name=\"robots\" content=\"index, follow, max-snippet:-1, max-image-preview:large, max-video-preview:-1\" \/>\n<link rel=\"canonical\" href=\"https:\/\/web.umons.ac.be\/fs\/fr\/les-departements\/chimie\/\" \/>\n<meta property=\"og:locale\" content=\"fr_FR\" \/>\n<meta property=\"og:type\" content=\"article\" \/>\n<meta property=\"og:title\" content=\"Chimie - Facult\u00e9 \/ FS\" \/>\n<meta property=\"og:description\" content=\"La chimie est la discipline scientifique qui permet de comprendre la mati\u00e8re et qui propose de nombreuses applications utiles au quotidien \u00e0 la soci\u00e9t\u00e9, aux industries et aux laboratoires. Elle contribue ainsi largement \u00e0 solutionner les probl\u00e8mes actuels d\u2019environnement et de d\u00e9veloppement durable. \u00c9tudier la chimie \u00e0 l\u2019Universit\u00e9 de Mons, c\u2019est\u00a0b\u00e9n\u00e9ficier d\u2019un environnement tr\u00e8s dynamique [&hellip;]\" \/>\n<meta property=\"og:url\" content=\"https:\/\/web.umons.ac.be\/fs\/fr\/les-departements\/chimie\/\" \/>\n<meta property=\"og:site_name\" content=\"Facult\u00e9 \/ FS\" \/>\n<meta property=\"article:modified_time\" content=\"2025-12-08T10:22:16+00:00\" \/>\n<meta name=\"twitter:card\" content=\"summary_large_image\" \/>\n<meta name=\"twitter:label1\" content=\"Dur\u00e9e de lecture estim\u00e9e\" \/>\n\t<meta name=\"twitter:data1\" content=\"3 minutes\" \/>\n<script type=\"application\/ld+json\" class=\"yoast-schema-graph\">{\"@context\":\"https:\/\/schema.org\",\"@graph\":[{\"@type\":\"WebPage\",\"@id\":\"https:\/\/web.umons.ac.be\/fs\/fr\/les-departements\/chimie\/\",\"url\":\"https:\/\/web.umons.ac.be\/fs\/fr\/les-departements\/chimie\/\",\"name\":\"Chimie - Facult\u00e9 \/ FS\",\"isPartOf\":{\"@id\":\"https:\/\/web.umons.ac.be\/fs\/#website\"},\"datePublished\":\"2017-07-10T12:06:30+00:00\",\"dateModified\":\"2025-12-08T10:22:16+00:00\",\"breadcrumb\":{\"@id\":\"https:\/\/web.umons.ac.be\/fs\/fr\/les-departements\/chimie\/#breadcrumb\"},\"inLanguage\":\"fr-FR\",\"potentialAction\":[{\"@type\":\"ReadAction\",\"target\":[\"https:\/\/web.umons.ac.be\/fs\/fr\/les-departements\/chimie\/\"]}]},{\"@type\":\"BreadcrumbList\",\"@id\":\"https:\/\/web.umons.ac.be\/fs\/fr\/les-departements\/chimie\/#breadcrumb\",\"itemListElement\":[{\"@type\":\"ListItem\",\"position\":1,\"name\":\"Accueil\",\"item\":\"https:\/\/web.umons.ac.be\/fs\/fr\/\"},{\"@type\":\"ListItem\",\"position\":2,\"name\":\"Les d\u00e9partements\",\"item\":\"https:\/\/web.umons.ac.be\/fs\/fr\/les-departements\/\"},{\"@type\":\"ListItem\",\"position\":3,\"name\":\"Chimie\"}]},{\"@type\":\"WebSite\",\"@id\":\"https:\/\/web.umons.ac.be\/fs\/#website\",\"url\":\"https:\/\/web.umons.ac.be\/fs\/\",\"name\":\"Facult\u00e9 \/ FS\",\"description\":\"\",\"potentialAction\":[{\"@type\":\"SearchAction\",\"target\":{\"@type\":\"EntryPoint\",\"urlTemplate\":\"https:\/\/web.umons.ac.be\/fs\/?s={search_term_string}\"},\"query-input\":{\"@type\":\"PropertyValueSpecification\",\"valueRequired\":true,\"valueName\":\"search_term_string\"}}],\"inLanguage\":\"fr-FR\"}]}<\/script>\n<!-- \/ Yoast SEO plugin. -->","yoast_head_json":{"title":"Chimie - Facult\u00e9 \/ FS","robots":{"index":"index","follow":"follow","max-snippet":"max-snippet:-1","max-image-preview":"max-image-preview:large","max-video-preview":"max-video-preview:-1"},"canonical":"https:\/\/web.umons.ac.be\/fs\/fr\/les-departements\/chimie\/","og_locale":"fr_FR","og_type":"article","og_title":"Chimie - Facult\u00e9 \/ FS","og_description":"La chimie est la discipline scientifique qui permet de comprendre la mati\u00e8re et qui propose de nombreuses applications utiles au quotidien \u00e0 la soci\u00e9t\u00e9, aux industries et aux laboratoires. Elle contribue ainsi largement \u00e0 solutionner les probl\u00e8mes actuels d\u2019environnement et de d\u00e9veloppement durable. \u00c9tudier la chimie \u00e0 l\u2019Universit\u00e9 de Mons, c\u2019est\u00a0b\u00e9n\u00e9ficier d\u2019un environnement tr\u00e8s dynamique [&hellip;]","og_url":"https:\/\/web.umons.ac.be\/fs\/fr\/les-departements\/chimie\/","og_site_name":"Facult\u00e9 \/ FS","article_modified_time":"2025-12-08T10:22:16+00:00","twitter_card":"summary_large_image","twitter_misc":{"Dur\u00e9e de lecture estim\u00e9e":"3 minutes"},"schema":{"@context":"https:\/\/schema.org","@graph":[{"@type":"WebPage","@id":"https:\/\/web.umons.ac.be\/fs\/fr\/les-departements\/chimie\/","url":"https:\/\/web.umons.ac.be\/fs\/fr\/les-departements\/chimie\/","name":"Chimie - Facult\u00e9 \/ FS","isPartOf":{"@id":"https:\/\/web.umons.ac.be\/fs\/#website"},"datePublished":"2017-07-10T12:06:30+00:00","dateModified":"2025-12-08T10:22:16+00:00","breadcrumb":{"@id":"https:\/\/web.umons.ac.be\/fs\/fr\/les-departements\/chimie\/#breadcrumb"},"inLanguage":"fr-FR","potentialAction":[{"@type":"ReadAction","target":["https:\/\/web.umons.ac.be\/fs\/fr\/les-departements\/chimie\/"]}]},{"@type":"BreadcrumbList","@id":"https:\/\/web.umons.ac.be\/fs\/fr\/les-departements\/chimie\/#breadcrumb","itemListElement":[{"@type":"ListItem","position":1,"name":"Accueil","item":"https:\/\/web.umons.ac.be\/fs\/fr\/"},{"@type":"ListItem","position":2,"name":"Les d\u00e9partements","item":"https:\/\/web.umons.ac.be\/fs\/fr\/les-departements\/"},{"@type":"ListItem","position":3,"name":"Chimie"}]},{"@type":"WebSite","@id":"https:\/\/web.umons.ac.be\/fs\/#website","url":"https:\/\/web.umons.ac.be\/fs\/","name":"Facult\u00e9 \/ FS","description":"","potentialAction":[{"@type":"SearchAction","target":{"@type":"EntryPoint","urlTemplate":"https:\/\/web.umons.ac.be\/fs\/?s={search_term_string}"},"query-input":{"@type":"PropertyValueSpecification","valueRequired":true,"valueName":"search_term_string"}}],"inLanguage":"fr-FR"}]}},"lang":"fr","translations":{"fr":106},"pll_sync_post":[],"_links":{"self":[{"href":"https:\/\/web.umons.ac.be\/fs\/wp-json\/wp\/v2\/pages\/106","targetHints":{"allow":["GET"]}}],"collection":[{"href":"https:\/\/web.umons.ac.be\/fs\/wp-json\/wp\/v2\/pages"}],"about":[{"href":"https:\/\/web.umons.ac.be\/fs\/wp-json\/wp\/v2\/types\/page"}],"author":[{"embeddable":true,"href":"https:\/\/web.umons.ac.be\/fs\/wp-json\/wp\/v2\/users\/2"}],"replies":[{"embeddable":true,"href":"https:\/\/web.umons.ac.be\/fs\/wp-json\/wp\/v2\/comments?post=106"}],"version-history":[{"count":2,"href":"https:\/\/web.umons.ac.be\/fs\/wp-json\/wp\/v2\/pages\/106\/revisions"}],"predecessor-version":[{"id":2386,"href":"https:\/\/web.umons.ac.be\/fs\/wp-json\/wp\/v2\/pages\/106\/revisions\/2386"}],"up":[{"embeddable":true,"href":"https:\/\/web.umons.ac.be\/fs\/wp-json\/wp\/v2\/pages\/124"}],"wp:attachment":[{"href":"https:\/\/web.umons.ac.be\/fs\/wp-json\/wp\/v2\/media?parent=106"}],"curies":[{"name":"wp","href":"https:\/\/api.w.org\/{rel}","templated":true}]}}