{"id":1160,"date":"2019-04-09T12:34:08","date_gmt":"2019-04-09T10:34:08","guid":{"rendered":"https:\/\/web.umons.ac.be\/fs\/?page_id=1160"},"modified":"2025-12-05T14:27:51","modified_gmt":"2025-12-05T13:27:51","slug":"stage-et-memoire","status":"publish","type":"page","link":"https:\/\/web.umons.ac.be\/fs\/fr\/etudes\/stage-et-memoire\/","title":{"rendered":"Stage et M\u00e9moire"},"content":{"rendered":"<p>En Facult\u00e9 des Sciences, les modalit\u00e9s pour les stages et m\u00e9moires d\u00e9pendent de la fili\u00e8re concern\u00e9e et de la \u00ab\u00a0finalit\u00e9 choisie\u00a0\u00bb\u00a0:<\/p>\n<ul>\n<li>Les \u00e9tudiants en finalit\u00e9 approfondie se pr\u00e9parent \u00e0 un m\u00e9tier dans la recherche scientifique. En fonction de la fili\u00e8re, leur stage peut \u00eatre r\u00e9alis\u00e9 \u00e0 l\u2019UMONS ou dans un organismes ext\u00e9rieur\u00a0;<\/li>\n<li>Les \u00e9tudiants en finalit\u00e9 sp\u00e9cialis\u00e9e r\u00e9alisent g\u00e9n\u00e9ralement leur stage dans une entreprise.<\/li>\n<\/ul>\n<start-cask-shortcode-wrapper>    <div class=\"accordion content-block scheme-fs\">\n                <div class=\"accordion-inner\">\n            <div class=\"accordion-bellow\">\n                <button class=\"accordion-bellow-toggle scheme-background-hover\" data-target=\"#accordion-content-6932e53cc2b7d\">\n                    <span class=\"icon umons-icon-chevron-down\" aria-hidden=\"true\"><\/span> Sciences chimiques                <\/button>\n            <\/div>\n            <div id=\"accordion-content-6932e53cc2b7d\" class=\"accordion-content\">\n            \t<div class=\"inner editor-front\">\n            \t\t<h2>Stage<\/h2>\n<p>Les \u00e9tudiants du Master 2 en finalit\u00e9 approfondie (recherche) effectuent un stage d\u2019au moins 4 semaines dans un laboratoire ext\u00e9rieur de type acad\u00e9mique (en Centre de Recherches ou dans une autre universit\u00e9). Le stage doit consister en un travail de recherche, il ne peut pas s\u2019agir d\u2019activit\u00e9s de routine. Dans certains cas, le stage peut \u00eatre int\u00e9gr\u00e9 dans le m\u00e9moire, notamment s\u2019il concerne une technique d&rsquo;analyse qui n\u2019est pas disponible \u00e0 l&rsquo;UMONS.<\/p>\n<p>Les \u00e9tudiants du Master 2 en finalit\u00e9 sp\u00e9cialis\u00e9e (entreprise) effectuent un stage de 6 semaines ainsi que leur m\u00e9moire en entreprise, dans un contexte de R&amp;D ou de R&amp;D et production. Le contact entre l\u2019\u00e9tudiant et l\u2019entreprise est r\u00e9alis\u00e9 au cours du Master 1, avec l\u2019aide du Prof. Jean-Marie Raquez, coordinateur UMONS pour la finalit\u00e9 sp\u00e9cialis\u00e9e \u2018entreprise\u2019. Le sujet du stage est d\u00e9termin\u00e9 un mois avant le d\u00e9but du stage et le m\u00e9moire est li\u00e9 \u00e0 ce dernier.<\/p>\n<p>Les offres de stage, pour toutes les finalit\u00e9s confondues, peuvent \u00eatre transmises via le service alumni (<a href=\"https:\/\/web.umons.ac.be\/fr\/alumni\/diffusion-doffres-demploi-et-devenements-emploi\/\" target=\"_blank\" rel=\"noopener\">plus d&rsquo;info<\/a>) ou envoy\u00e9es au Prof. Pascal Damman, pr\u00e9sident du D\u00e9partement (<a href=\"mailto:pascal.damman@umons.ac.be\">pascal.damman@umons.ac.be<\/a>).<\/p>\n<h2>M\u00e9moire<\/h2>\n<p>Il est possible de r\u00e9aliser son <strong>m\u00e9moire<\/strong> sur un sujet externe en lien avec un laboratoire universitaire ou un centre de recherche ext\u00e9rieur Les propositions de m\u00e9moire en externe peuvent \u00eatre envoy\u00e9es auProf. Pascal Damman, pr\u00e9sident du D\u00e9partement (<a href=\"mailto:pascal.damman@umons.ac.be\">pascal.damman@umons.ac.be<\/a>).<\/p>\n            \t<\/div>\n            <\/div>\n        <\/div>\n                <div class=\"accordion-inner\">\n            <div class=\"accordion-bellow\">\n                <button class=\"accordion-bellow-toggle scheme-background-hover\" data-target=\"#accordion-content-6932e53cc5720\">\n                    <span class=\"icon umons-icon-chevron-down\" aria-hidden=\"true\"><\/span> Sciences biologiques                <\/button>\n            <\/div>\n            <div id=\"accordion-content-6932e53cc5720\" class=\"accordion-content\">\n            \t<div class=\"inner editor-front\">\n            \t\t<h2>Stage<\/h2>\n<p>Les deux Masters en Biologie (BOE et BBMC) offrent \u00e0 nos \u00e9tudiants de nombreuses opportunit\u00e9s de r\u00e9aliser des stages ou des mobilit\u00e9s \u00e0 l\u2019\u00e9tranger dans des structures scientifiques, des h\u00f4pitaux, des entreprises, des associations&#8230;<\/p>\n<p>Parmi ces opportunit\u00e9s, il y a:<\/p>\n<ul>\n<li>La \u00ab\u00a0mobilit\u00e9 OUT\u00a0\u00bb (30 cr\u00e9dits) offerte au second quadrimestre en Bloc 1<\/li>\n<li>La possiblit\u00e9 de r\u00e9aliser jusqu\u00e0 25 cr\u00e9dits de stages en Bloc 2 (1 semaine=3 cr\u00e9dits)<\/li>\n<li>Les missions de terrain ou en laboratoire effectu\u00e9es au cours du m\u00e9moire (30 cr\u00e9dits) en Bloc 2<\/li>\n<li>Le stage de \u00ab Biodiversit\u00e9 et \u00e9cologie des r\u00e9cifs coralliens \u00bb en option effectu\u00e9 \u00e0 Madagascar par 4 professeurs, de l\u2019UMONS, de l\u2019ULB, de l\u2019UCL et de l\u2019ULi\u00e8ge durant 1 mois (12 cr\u00e9dits) en Bloc 1<\/li>\n<li>Le stage d&rsquo;\u00e9cologie des milieux intertidaux (12 cr\u00e9dits durant l&rsquo;\u00e9t\u00e9) \u00e0 la Station Biologique de Roscoff (France) en Bloc 1<\/li>\n<li>&#8230;.<\/li>\n<\/ul>\n<p>Les offres de stage peuvent \u00eatre transmises via le service alumni (<a href=\"https:\/\/web.umons.ac.be\/fr\/alumni\/diffusion-doffres-demploi-et-devenements-emploi\/\" target=\"_blank\" rel=\"noopener\">plus d&rsquo;info<\/a>).<\/p>\n            \t<\/div>\n            <\/div>\n        <\/div>\n                <div class=\"accordion-inner\">\n            <div class=\"accordion-bellow\">\n                <button class=\"accordion-bellow-toggle scheme-background-hover\" data-target=\"#accordion-content-6932e53cc59c4\">\n                    <span class=\"icon umons-icon-chevron-down\" aria-hidden=\"true\"><\/span> Sciences informatiques                <\/button>\n            <\/div>\n            <div id=\"accordion-content-6932e53cc59c4\" class=\"accordion-content\">\n            \t<div class=\"inner editor-front\">\n            \t\t<h2>Stage<\/h2>\n<p>Pour la section informatique, en finalit\u00e9 sp\u00e9cialis\u00e9e ou finalit\u00e9 sp\u00e9cialis\u00e9e \u00ab\u00a0artificial intelligence and data analytics\u00a0\u00bb, Les \u00e9tudiants r\u00e9alisent un stage dans une entreprise externe \u00e0 l\u2019UMONS. Ces stages ont lieu au premier quadrimestre du bloc 2 de Master, comportent 10 semaines, et doivent obligatoirement d\u00e9marrer avant le 1er octobre. Les offres de stage peuvent \u00eatre transmises \u00e0\u00a0 l&rsquo;adresse <a href=\"mailto:Stages.FS_dinfo@umons.ac.be\">Stages.FS_dinfo@umons.ac.be<\/a>. Les sujets de stage sont mis \u00e0 la disposition des \u00e9tudiants sur une plateforme d\u00e9di\u00e9e. Avant le d\u00e9but du stage, le sujet est soumis \u00e0 l\u2019approbation du jury des stages.<\/p>\n<p>En finalit\u00e9 approfondie, les \u00e9tudiants r\u00e9alisent un s\u00e9jour scientifique de 10 semaines dans un centre de recherche (typiquement dans une universit\u00e9 en Belgique ou \u00e0 l\u2019\u00e9tranger).<\/p>\n<p>Dans le cadre du master\u00a0en sciences informatiques\u00a0(en alternance,\u00a0\u00e0 horaire d\u00e9cal\u00e9 \u00e0 Charleroi), \u00e0 finalit\u00e9 sp\u00e9cialis\u00e9e professionnelle, les\u00a0\u00e9tudiants sont form\u00e9s en immersion en entreprise pendant la journ\u00e9e, via deux stages en entreprise r\u00e9mun\u00e9r\u00e9s de 30 cr\u00e9dits chacun. Pour un \u00e9tudiant qui travaille d\u00e9j\u00e0, l\u2019immersion est envisageable dans son entreprise. Les offres de stage peuvent \u00eatre transmises \u00e0 Vincent Callut (<a href=\"mailto:Vincent.Callut@umons.ac.be\">Vincent.Callut@umons.ac.be<\/a>).<\/p>\n<h2>M\u00e9moire<\/h2>\n<p>Les stages et les m\u00e9moires sont ind\u00e9pendants, le m\u00e9moire \u00e9tant r\u00e9alis\u00e9 en interne dans un service du d\u00e9partement d\u2019informatique.\u00a0Exceptionnellement, lorsque le sujet s\u2019y pr\u00eate, le m\u00e9moire peut \u00eatre r\u00e9alis\u00e9 en collaboration avec une entreprise.<\/p>\n            \t<\/div>\n            <\/div>\n        <\/div>\n                <div class=\"accordion-inner\">\n            <div class=\"accordion-bellow\">\n                <button class=\"accordion-bellow-toggle scheme-background-hover\" data-target=\"#accordion-content-6932e53cc5b86\">\n                    <span class=\"icon umons-icon-chevron-down\" aria-hidden=\"true\"><\/span> Sciences math\u00e9matiques                <\/button>\n            <\/div>\n            <div id=\"accordion-content-6932e53cc5b86\" class=\"accordion-content\">\n            \t<div class=\"inner editor-front\">\n            \t\t<h2>Stage<\/h2>\n<p>Les \u00e9tudiants en finalit\u00e9 sp\u00e9cialis\u00e9e en m\u00e9tiers de la finance et du Big Data ou finalit\u00e9 sp\u00e9cialis\u00e9e m\u00e9tiers de l\u2019informatique et de l\u2019intelligence artificielle ont un stage de 13 semaines \u00e0 r\u00e9aliser au 1<sup>er<\/sup> quadrimestre du bloc 2.<\/p>\n<p>Les \u00e9tudiants en finalit\u00e9 approfondie ont \u00e9galement la possibilit\u00e9 de r\u00e9aliser des stages dans le domaine de la recherche en interne \u00e0 l\u2019UMONS et\/ou dans d\u2019autres \u00e9tablissements d\u2019enseignement sup\u00e9rieur.<\/p>\n<p>Les \u00e9tudiants en finalit\u00e9 sp\u00e9cialis\u00e9e en m\u00e9tiers de la finance et du Big Data ou finalit\u00e9 sp\u00e9cialis\u00e9e m\u00e9tiers de l\u2019informatique et de l\u2019intelligence artificielle r\u00e9alisent leur stage dans une entreprise.<\/p>\n<p>Les offres de stage, pour toutes les finalit\u00e9s confondues, peuvent \u00eatre transmises via le service alumni (<a href=\"https:\/\/web.umons.ac.be\/fr\/alumni\/diffusion-doffres-demploi-et-devenements-emploi\/\" target=\"_blank\" rel=\"noopener\">plus d&rsquo;info<\/a>) ou envoy\u00e9es \u00e0 l\u2019adresse email du d\u00e9partement de Math\u00e9matique\u00a0: <a href=\"mailto:math@umons.ac.be\">math@umons.ac.be<\/a>.<\/p>\n<h2>M\u00e9moire<\/h2>\n<p>Les m\u00e9moires des \u00e9tudiants en sciences math\u00e9matiques sont g\u00e9n\u00e9ralement r\u00e9alis\u00e9s sur des sujets propos\u00e9s en interne mais les entreprises peuvent \u00e9galement proposer des sujets en les envoyant \u00e0 l\u2019adresse email suivante\u00a0:\u00a0 <a href=\"mailto:math@umons.ac.be\">math@umons.ac.be<\/a><\/p>\n            \t<\/div>\n            <\/div>\n        <\/div>\n                <div class=\"accordion-inner\">\n            <div class=\"accordion-bellow\">\n                <button class=\"accordion-bellow-toggle scheme-background-hover\" data-target=\"#accordion-content-6932e53cc5d96\">\n                    <span class=\"icon umons-icon-chevron-down\" aria-hidden=\"true\"><\/span> Sciences physiques                <\/button>\n            <\/div>\n            <div id=\"accordion-content-6932e53cc5d96\" class=\"accordion-content\">\n            \t<div class=\"inner editor-front\">\n            \t\t<h2>Stage<\/h2>\n<p>Les \u00e9tudiants en sciences physiques ont un <strong>stage<\/strong> de 4 semaines \u00e0 r\u00e9aliser en bloc 1 de Master (valeur 15 cr\u00e9dits) soit dans un laboratoire universitaire de la facult\u00e9 soit dans un centre de recherche industriel, mais toujours sous la responsabilit\u00e9 d\u2019un membre du D\u00e9partement de Physique. Les offres de stage peuvent \u00eatre transmises via le service alumni (<a href=\"https:\/\/web.umons.ac.be\/fr\/alumni\/diffusion-doffres-demploi-et-devenements-emploi\/\" target=\"_blank\" rel=\"noopener\">plus d&rsquo;info<\/a>) ou envoy\u00e9es au Pr\u00e9sident du D\u00e9partement de Physique (<a href=\"mailto:departement.physique@umons.ac.be\">departement.physique@umons.ac.be<\/a>).<\/p>\n<h2>M\u00e9moire<\/h2>\n<p>Les <strong>m\u00e9moires<\/strong> peuvent se faire en collaboration avec autre universit\u00e9 ou une entreprise, mais toujours sous la responsabilit\u00e9 d\u2019un membre du D\u00e9partement de Physique. Les sujets peuvent \u00eatre envoy\u00e9s au Pr\u00e9sident du D\u00e9partement de Physique (<a href=\"mailto:departement.physique@umons.ac.be\">departement.physique@umons.ac.be<\/a>).<\/p>\n            \t<\/div>\n            <\/div>\n        <\/div>\n            <\/div>\n<end-cask-shortcode-wrapper>\n","protected":false},"excerpt":{"rendered":"<p>En Facult\u00e9 des Sciences, les modalit\u00e9s pour les stages et m\u00e9moires d\u00e9pendent de la fili\u00e8re concern\u00e9e et de la \u00ab\u00a0finalit\u00e9 choisie\u00a0\u00bb\u00a0: Les \u00e9tudiants en finalit\u00e9 approfondie se pr\u00e9parent \u00e0 un m\u00e9tier dans la recherche scientifique. En fonction de la fili\u00e8re, leur stage peut \u00eatre r\u00e9alis\u00e9 \u00e0 l\u2019UMONS ou dans un organismes ext\u00e9rieur\u00a0; Les \u00e9tudiants en [&hellip;]<\/p>\n","protected":false},"author":2,"featured_media":0,"parent":21,"menu_order":6,"comment_status":"closed","ping_status":"closed","template":"","meta":{"footnotes":""},"class_list":["post-1160","page","type-page","status-publish","hentry"],"yoast_head":"<!-- This site is optimized with the Yoast SEO plugin v27.2 - https:\/\/yoast.com\/product\/yoast-seo-wordpress\/ -->\n<title>Stage et M\u00e9moire - Facult\u00e9 \/ FS<\/title>\n<meta name=\"robots\" content=\"index, follow, max-snippet:-1, max-image-preview:large, max-video-preview:-1\" \/>\n<link rel=\"canonical\" href=\"https:\/\/web.umons.ac.be\/fs\/fr\/etudes\/stage-et-memoire\/\" \/>\n<meta property=\"og:locale\" content=\"fr_FR\" \/>\n<meta property=\"og:type\" content=\"article\" \/>\n<meta property=\"og:title\" content=\"Stage et M\u00e9moire - Facult\u00e9 \/ FS\" \/>\n<meta property=\"og:description\" content=\"En Facult\u00e9 des Sciences, les modalit\u00e9s pour les stages et m\u00e9moires d\u00e9pendent de la fili\u00e8re concern\u00e9e et de la \u00ab\u00a0finalit\u00e9 choisie\u00a0\u00bb\u00a0: Les \u00e9tudiants en finalit\u00e9 approfondie se pr\u00e9parent \u00e0 un m\u00e9tier dans la recherche scientifique. En fonction de la fili\u00e8re, leur stage peut \u00eatre r\u00e9alis\u00e9 \u00e0 l\u2019UMONS ou dans un organismes ext\u00e9rieur\u00a0; Les \u00e9tudiants en [&hellip;]\" \/>\n<meta property=\"og:url\" content=\"https:\/\/web.umons.ac.be\/fs\/fr\/etudes\/stage-et-memoire\/\" \/>\n<meta property=\"og:site_name\" content=\"Facult\u00e9 \/ FS\" \/>\n<meta property=\"article:modified_time\" content=\"2025-12-05T13:27:51+00:00\" \/>\n<meta name=\"twitter:card\" content=\"summary_large_image\" \/>\n<meta name=\"twitter:label1\" content=\"Dur\u00e9e de lecture estim\u00e9e\" \/>\n\t<meta name=\"twitter:data1\" content=\"1 minute\" \/>\n<script type=\"application\/ld+json\" class=\"yoast-schema-graph\">{\"@context\":\"https:\/\/schema.org\",\"@graph\":[{\"@type\":\"WebPage\",\"@id\":\"https:\/\/web.umons.ac.be\/fs\/fr\/etudes\/stage-et-memoire\/\",\"url\":\"https:\/\/web.umons.ac.be\/fs\/fr\/etudes\/stage-et-memoire\/\",\"name\":\"Stage et M\u00e9moire - Facult\u00e9 \/ FS\",\"isPartOf\":{\"@id\":\"https:\/\/web.umons.ac.be\/fs\/#website\"},\"datePublished\":\"2019-04-09T10:34:08+00:00\",\"dateModified\":\"2025-12-05T13:27:51+00:00\",\"breadcrumb\":{\"@id\":\"https:\/\/web.umons.ac.be\/fs\/fr\/etudes\/stage-et-memoire\/#breadcrumb\"},\"inLanguage\":\"fr-FR\",\"potentialAction\":[{\"@type\":\"ReadAction\",\"target\":[\"https:\/\/web.umons.ac.be\/fs\/fr\/etudes\/stage-et-memoire\/\"]}]},{\"@type\":\"BreadcrumbList\",\"@id\":\"https:\/\/web.umons.ac.be\/fs\/fr\/etudes\/stage-et-memoire\/#breadcrumb\",\"itemListElement\":[{\"@type\":\"ListItem\",\"position\":1,\"name\":\"Accueil\",\"item\":\"https:\/\/web.umons.ac.be\/fs\/fr\/\"},{\"@type\":\"ListItem\",\"position\":2,\"name\":\"Etudes\",\"item\":\"https:\/\/web.umons.ac.be\/fs\/fr\/etudes\/\"},{\"@type\":\"ListItem\",\"position\":3,\"name\":\"Stage et M\u00e9moire\"}]},{\"@type\":\"WebSite\",\"@id\":\"https:\/\/web.umons.ac.be\/fs\/#website\",\"url\":\"https:\/\/web.umons.ac.be\/fs\/\",\"name\":\"Facult\u00e9 \/ FS\",\"description\":\"\",\"potentialAction\":[{\"@type\":\"SearchAction\",\"target\":{\"@type\":\"EntryPoint\",\"urlTemplate\":\"https:\/\/web.umons.ac.be\/fs\/?s={search_term_string}\"},\"query-input\":{\"@type\":\"PropertyValueSpecification\",\"valueRequired\":true,\"valueName\":\"search_term_string\"}}],\"inLanguage\":\"fr-FR\"}]}<\/script>\n<!-- \/ Yoast SEO plugin. -->","yoast_head_json":{"title":"Stage et M\u00e9moire - Facult\u00e9 \/ FS","robots":{"index":"index","follow":"follow","max-snippet":"max-snippet:-1","max-image-preview":"max-image-preview:large","max-video-preview":"max-video-preview:-1"},"canonical":"https:\/\/web.umons.ac.be\/fs\/fr\/etudes\/stage-et-memoire\/","og_locale":"fr_FR","og_type":"article","og_title":"Stage et M\u00e9moire - Facult\u00e9 \/ FS","og_description":"En Facult\u00e9 des Sciences, les modalit\u00e9s pour les stages et m\u00e9moires d\u00e9pendent de la fili\u00e8re concern\u00e9e et de la \u00ab\u00a0finalit\u00e9 choisie\u00a0\u00bb\u00a0: Les \u00e9tudiants en finalit\u00e9 approfondie se pr\u00e9parent \u00e0 un m\u00e9tier dans la recherche scientifique. En fonction de la fili\u00e8re, leur stage peut \u00eatre r\u00e9alis\u00e9 \u00e0 l\u2019UMONS ou dans un organismes ext\u00e9rieur\u00a0; Les \u00e9tudiants en [&hellip;]","og_url":"https:\/\/web.umons.ac.be\/fs\/fr\/etudes\/stage-et-memoire\/","og_site_name":"Facult\u00e9 \/ FS","article_modified_time":"2025-12-05T13:27:51+00:00","twitter_card":"summary_large_image","twitter_misc":{"Dur\u00e9e de lecture estim\u00e9e":"1 minute"},"schema":{"@context":"https:\/\/schema.org","@graph":[{"@type":"WebPage","@id":"https:\/\/web.umons.ac.be\/fs\/fr\/etudes\/stage-et-memoire\/","url":"https:\/\/web.umons.ac.be\/fs\/fr\/etudes\/stage-et-memoire\/","name":"Stage et M\u00e9moire - Facult\u00e9 \/ FS","isPartOf":{"@id":"https:\/\/web.umons.ac.be\/fs\/#website"},"datePublished":"2019-04-09T10:34:08+00:00","dateModified":"2025-12-05T13:27:51+00:00","breadcrumb":{"@id":"https:\/\/web.umons.ac.be\/fs\/fr\/etudes\/stage-et-memoire\/#breadcrumb"},"inLanguage":"fr-FR","potentialAction":[{"@type":"ReadAction","target":["https:\/\/web.umons.ac.be\/fs\/fr\/etudes\/stage-et-memoire\/"]}]},{"@type":"BreadcrumbList","@id":"https:\/\/web.umons.ac.be\/fs\/fr\/etudes\/stage-et-memoire\/#breadcrumb","itemListElement":[{"@type":"ListItem","position":1,"name":"Accueil","item":"https:\/\/web.umons.ac.be\/fs\/fr\/"},{"@type":"ListItem","position":2,"name":"Etudes","item":"https:\/\/web.umons.ac.be\/fs\/fr\/etudes\/"},{"@type":"ListItem","position":3,"name":"Stage et M\u00e9moire"}]},{"@type":"WebSite","@id":"https:\/\/web.umons.ac.be\/fs\/#website","url":"https:\/\/web.umons.ac.be\/fs\/","name":"Facult\u00e9 \/ FS","description":"","potentialAction":[{"@type":"SearchAction","target":{"@type":"EntryPoint","urlTemplate":"https:\/\/web.umons.ac.be\/fs\/?s={search_term_string}"},"query-input":{"@type":"PropertyValueSpecification","valueRequired":true,"valueName":"search_term_string"}}],"inLanguage":"fr-FR"}]}},"lang":"fr","translations":{"fr":1160},"pll_sync_post":[],"_links":{"self":[{"href":"https:\/\/web.umons.ac.be\/fs\/wp-json\/wp\/v2\/pages\/1160","targetHints":{"allow":["GET"]}}],"collection":[{"href":"https:\/\/web.umons.ac.be\/fs\/wp-json\/wp\/v2\/pages"}],"about":[{"href":"https:\/\/web.umons.ac.be\/fs\/wp-json\/wp\/v2\/types\/page"}],"author":[{"embeddable":true,"href":"https:\/\/web.umons.ac.be\/fs\/wp-json\/wp\/v2\/users\/2"}],"replies":[{"embeddable":true,"href":"https:\/\/web.umons.ac.be\/fs\/wp-json\/wp\/v2\/comments?post=1160"}],"version-history":[{"count":3,"href":"https:\/\/web.umons.ac.be\/fs\/wp-json\/wp\/v2\/pages\/1160\/revisions"}],"predecessor-version":[{"id":2384,"href":"https:\/\/web.umons.ac.be\/fs\/wp-json\/wp\/v2\/pages\/1160\/revisions\/2384"}],"up":[{"embeddable":true,"href":"https:\/\/web.umons.ac.be\/fs\/wp-json\/wp\/v2\/pages\/21"}],"wp:attachment":[{"href":"https:\/\/web.umons.ac.be\/fs\/wp-json\/wp\/v2\/media?parent=1160"}],"curies":[{"name":"wp","href":"https:\/\/api.w.org\/{rel}","templated":true}]}}