{"id":121,"date":"2017-07-10T14:10:47","date_gmt":"2017-07-10T12:10:47","guid":{"rendered":"https:\/\/web.umons.ac.be\/fs\/?page_id=121"},"modified":"2025-12-08T14:45:39","modified_gmt":"2025-12-08T13:45:39","slug":"physique","status":"publish","type":"page","link":"https:\/\/web.umons.ac.be\/fs\/fr\/les-departements\/physique\/","title":{"rendered":"Physique"},"content":{"rendered":"<p>Comprendre et utiliser les lois physiques qui r\u00e9gissent l\u2019Univers sont le quotidien des physiciens de la Facult\u00e9 des Sciences l\u2019UMONS. Ceux-ci s\u2019impliquent dans de nombreuses recherches et travaillent souvent dans le cadre de collaborations internationales. Ils \u0153uvrent \u00e0 l\u2019unification des interactions fondamentales, \u00e9tudient tant la structure nucl\u00e9aire que celle des atomes et la composition chimique des \u00e9toiles, explorent la physique des trous noirs comme celle de l\u2019Univers, con\u00e7oivent des mat\u00e9riaux nouveaux et des m\u00e9thodes pour les \u00e9tudier, ou encore contribuent aux progr\u00e8s de l\u2019imagerie m\u00e9dicale. Des physiciens montois se sont m\u00eame rendus au p\u00f4le Sud pour traquer les \u00e9vanescents neutrinos extragalactiques. C\u2019est donc dans un environnement tr\u00e8s stimulant et enrichissant \u2014 mais qui reste \u00e0 dimension humaine \u2014 que les \u00e9tudiants en sciences physiques de l\u2019UMONS r\u00e9aliseront leurs \u00e9tudes de Bachelier et Master.<\/p>\n<p>Les cours de\u00a0<strong>Bachelier<\/strong>\u00a0en sciences physiques dispensent une solide formation de base en physique, math\u00e9matique, informatique et chimie, tout en s\u2019ouvrant \u00e0 des domaines de pointe comme, par exemple, la physique des trous noirs et des ondes gravitationnelles, la physique des particules \u00e9l\u00e9mentaires, l\u2019astrophysique, les nanosciences ou la science des mat\u00e9riaux.<\/p>\n<p>Le <strong>Master<\/strong> en Physique donne la possibilit\u00e9 d\u2019acqu\u00e9rir, en 120 cr\u00e9dits, une formation solide en physique ouvrant la voie \u00e0 de nombreux m\u00e9tiers de la recherche tant publique que priv\u00e9e via la\u00a0<strong>finalit\u00e9 approfondie <\/strong>qui propose \u00e0 l\u2019\u00e9tudiant de choisir entre une option orient\u00e9e vers la recherche dans le domaine d<strong><em>es interactions fondamentales<\/em><\/strong> et une autre tourn\u00e9e vers la recherche en s<em><strong>ciences des mat\u00e9riaux et ses applications<\/strong><\/em>, y compris en environnement industriel<\/p>\n<p>Des stages et un m\u00e9moire compl\u00e8tent ces diff\u00e9rentes formations, qui donnent donc acc\u00e8s tant aux m\u00e9tiers des secteurs priv\u00e9 et public qu\u2019\u00e0 la recherche. En particulier, chacune de ces orientations donne acc\u00e8s \u00e0 la r\u00e9alisation d\u2019une th\u00e8se de doctorat.<\/p>\n<p>&nbsp;<\/p>\n<div style=\"text-align: center;\">\n<div style=\"text-align: center;\"><iframe loading=\"lazy\" style=\"margin: 0 auto;\" src=\"\/\/v.calameo.com\/?bkcode=000265915713ea979d10a&amp;mode=mini\" width=\"480\" height=\"300\" frameborder=\"0\" scrolling=\"no\" allowfullscreen=\"allowfullscreen\" data-mce-fragment=\"1\"><\/iframe><\/div>\n<\/div>\n","protected":false},"excerpt":{"rendered":"<p>Comprendre et utiliser les lois physiques qui r\u00e9gissent l\u2019Univers sont le quotidien des physiciens de la Facult\u00e9 des Sciences l\u2019UMONS. Ceux-ci s\u2019impliquent dans de nombreuses recherches et travaillent souvent dans le cadre de collaborations internationales. Ils \u0153uvrent \u00e0 l\u2019unification des interactions fondamentales, \u00e9tudient tant la structure nucl\u00e9aire que celle des atomes et la composition chimique [&hellip;]<\/p>\n","protected":false},"author":2,"featured_media":0,"parent":124,"menu_order":0,"comment_status":"closed","ping_status":"closed","template":"","meta":{"footnotes":""},"class_list":["post-121","page","type-page","status-publish","hentry"],"yoast_head":"<!-- This site is optimized with the Yoast SEO plugin v27.2 - https:\/\/yoast.com\/product\/yoast-seo-wordpress\/ -->\n<title>Physique - Facult\u00e9 \/ FS<\/title>\n<meta name=\"robots\" content=\"index, follow, max-snippet:-1, max-image-preview:large, max-video-preview:-1\" \/>\n<link rel=\"canonical\" href=\"https:\/\/web.umons.ac.be\/fs\/fr\/les-departements\/physique\/\" \/>\n<meta property=\"og:locale\" content=\"fr_FR\" \/>\n<meta property=\"og:type\" content=\"article\" \/>\n<meta property=\"og:title\" content=\"Physique - Facult\u00e9 \/ FS\" \/>\n<meta property=\"og:description\" content=\"Comprendre et utiliser les lois physiques qui r\u00e9gissent l\u2019Univers sont le quotidien des physiciens de la Facult\u00e9 des Sciences l\u2019UMONS. Ceux-ci s\u2019impliquent dans de nombreuses recherches et travaillent souvent dans le cadre de collaborations internationales. Ils \u0153uvrent \u00e0 l\u2019unification des interactions fondamentales, \u00e9tudient tant la structure nucl\u00e9aire que celle des atomes et la composition chimique [&hellip;]\" \/>\n<meta property=\"og:url\" content=\"https:\/\/web.umons.ac.be\/fs\/fr\/les-departements\/physique\/\" \/>\n<meta property=\"og:site_name\" content=\"Facult\u00e9 \/ FS\" \/>\n<meta property=\"article:modified_time\" content=\"2025-12-08T13:45:39+00:00\" \/>\n<meta name=\"twitter:card\" content=\"summary_large_image\" \/>\n<meta name=\"twitter:label1\" content=\"Dur\u00e9e de lecture estim\u00e9e\" \/>\n\t<meta name=\"twitter:data1\" content=\"2 minutes\" \/>\n<script type=\"application\/ld+json\" class=\"yoast-schema-graph\">{\"@context\":\"https:\/\/schema.org\",\"@graph\":[{\"@type\":\"WebPage\",\"@id\":\"https:\/\/web.umons.ac.be\/fs\/fr\/les-departements\/physique\/\",\"url\":\"https:\/\/web.umons.ac.be\/fs\/fr\/les-departements\/physique\/\",\"name\":\"Physique - Facult\u00e9 \/ FS\",\"isPartOf\":{\"@id\":\"https:\/\/web.umons.ac.be\/fs\/#website\"},\"datePublished\":\"2017-07-10T12:10:47+00:00\",\"dateModified\":\"2025-12-08T13:45:39+00:00\",\"breadcrumb\":{\"@id\":\"https:\/\/web.umons.ac.be\/fs\/fr\/les-departements\/physique\/#breadcrumb\"},\"inLanguage\":\"fr-FR\",\"potentialAction\":[{\"@type\":\"ReadAction\",\"target\":[\"https:\/\/web.umons.ac.be\/fs\/fr\/les-departements\/physique\/\"]}]},{\"@type\":\"BreadcrumbList\",\"@id\":\"https:\/\/web.umons.ac.be\/fs\/fr\/les-departements\/physique\/#breadcrumb\",\"itemListElement\":[{\"@type\":\"ListItem\",\"position\":1,\"name\":\"Accueil\",\"item\":\"https:\/\/web.umons.ac.be\/fs\/fr\/\"},{\"@type\":\"ListItem\",\"position\":2,\"name\":\"Les d\u00e9partements\",\"item\":\"https:\/\/web.umons.ac.be\/fs\/fr\/les-departements\/\"},{\"@type\":\"ListItem\",\"position\":3,\"name\":\"Physique\"}]},{\"@type\":\"WebSite\",\"@id\":\"https:\/\/web.umons.ac.be\/fs\/#website\",\"url\":\"https:\/\/web.umons.ac.be\/fs\/\",\"name\":\"Facult\u00e9 \/ FS\",\"description\":\"\",\"potentialAction\":[{\"@type\":\"SearchAction\",\"target\":{\"@type\":\"EntryPoint\",\"urlTemplate\":\"https:\/\/web.umons.ac.be\/fs\/?s={search_term_string}\"},\"query-input\":{\"@type\":\"PropertyValueSpecification\",\"valueRequired\":true,\"valueName\":\"search_term_string\"}}],\"inLanguage\":\"fr-FR\"}]}<\/script>\n<!-- \/ Yoast SEO plugin. -->","yoast_head_json":{"title":"Physique - Facult\u00e9 \/ FS","robots":{"index":"index","follow":"follow","max-snippet":"max-snippet:-1","max-image-preview":"max-image-preview:large","max-video-preview":"max-video-preview:-1"},"canonical":"https:\/\/web.umons.ac.be\/fs\/fr\/les-departements\/physique\/","og_locale":"fr_FR","og_type":"article","og_title":"Physique - Facult\u00e9 \/ FS","og_description":"Comprendre et utiliser les lois physiques qui r\u00e9gissent l\u2019Univers sont le quotidien des physiciens de la Facult\u00e9 des Sciences l\u2019UMONS. Ceux-ci s\u2019impliquent dans de nombreuses recherches et travaillent souvent dans le cadre de collaborations internationales. Ils \u0153uvrent \u00e0 l\u2019unification des interactions fondamentales, \u00e9tudient tant la structure nucl\u00e9aire que celle des atomes et la composition chimique [&hellip;]","og_url":"https:\/\/web.umons.ac.be\/fs\/fr\/les-departements\/physique\/","og_site_name":"Facult\u00e9 \/ FS","article_modified_time":"2025-12-08T13:45:39+00:00","twitter_card":"summary_large_image","twitter_misc":{"Dur\u00e9e de lecture estim\u00e9e":"2 minutes"},"schema":{"@context":"https:\/\/schema.org","@graph":[{"@type":"WebPage","@id":"https:\/\/web.umons.ac.be\/fs\/fr\/les-departements\/physique\/","url":"https:\/\/web.umons.ac.be\/fs\/fr\/les-departements\/physique\/","name":"Physique - Facult\u00e9 \/ FS","isPartOf":{"@id":"https:\/\/web.umons.ac.be\/fs\/#website"},"datePublished":"2017-07-10T12:10:47+00:00","dateModified":"2025-12-08T13:45:39+00:00","breadcrumb":{"@id":"https:\/\/web.umons.ac.be\/fs\/fr\/les-departements\/physique\/#breadcrumb"},"inLanguage":"fr-FR","potentialAction":[{"@type":"ReadAction","target":["https:\/\/web.umons.ac.be\/fs\/fr\/les-departements\/physique\/"]}]},{"@type":"BreadcrumbList","@id":"https:\/\/web.umons.ac.be\/fs\/fr\/les-departements\/physique\/#breadcrumb","itemListElement":[{"@type":"ListItem","position":1,"name":"Accueil","item":"https:\/\/web.umons.ac.be\/fs\/fr\/"},{"@type":"ListItem","position":2,"name":"Les d\u00e9partements","item":"https:\/\/web.umons.ac.be\/fs\/fr\/les-departements\/"},{"@type":"ListItem","position":3,"name":"Physique"}]},{"@type":"WebSite","@id":"https:\/\/web.umons.ac.be\/fs\/#website","url":"https:\/\/web.umons.ac.be\/fs\/","name":"Facult\u00e9 \/ FS","description":"","potentialAction":[{"@type":"SearchAction","target":{"@type":"EntryPoint","urlTemplate":"https:\/\/web.umons.ac.be\/fs\/?s={search_term_string}"},"query-input":{"@type":"PropertyValueSpecification","valueRequired":true,"valueName":"search_term_string"}}],"inLanguage":"fr-FR"}]}},"lang":"fr","translations":{"fr":121},"pll_sync_post":[],"_links":{"self":[{"href":"https:\/\/web.umons.ac.be\/fs\/wp-json\/wp\/v2\/pages\/121","targetHints":{"allow":["GET"]}}],"collection":[{"href":"https:\/\/web.umons.ac.be\/fs\/wp-json\/wp\/v2\/pages"}],"about":[{"href":"https:\/\/web.umons.ac.be\/fs\/wp-json\/wp\/v2\/types\/page"}],"author":[{"embeddable":true,"href":"https:\/\/web.umons.ac.be\/fs\/wp-json\/wp\/v2\/users\/2"}],"replies":[{"embeddable":true,"href":"https:\/\/web.umons.ac.be\/fs\/wp-json\/wp\/v2\/comments?post=121"}],"version-history":[{"count":3,"href":"https:\/\/web.umons.ac.be\/fs\/wp-json\/wp\/v2\/pages\/121\/revisions"}],"predecessor-version":[{"id":2400,"href":"https:\/\/web.umons.ac.be\/fs\/wp-json\/wp\/v2\/pages\/121\/revisions\/2400"}],"up":[{"embeddable":true,"href":"https:\/\/web.umons.ac.be\/fs\/wp-json\/wp\/v2\/pages\/124"}],"wp:attachment":[{"href":"https:\/\/web.umons.ac.be\/fs\/wp-json\/wp\/v2\/media?parent=121"}],"curies":[{"name":"wp","href":"https:\/\/api.w.org\/{rel}","templated":true}]}}