{"id":124,"date":"2017-07-10T14:11:46","date_gmt":"2017-07-10T12:11:46","guid":{"rendered":"https:\/\/web.umons.ac.be\/fs\/?page_id=124"},"modified":"2019-07-02T10:32:27","modified_gmt":"2019-07-02T08:32:27","slug":"les-departements","status":"publish","type":"page","link":"https:\/\/web.umons.ac.be\/fs\/fr\/les-departements\/","title":{"rendered":"Les d\u00e9partements"},"content":{"rendered":"<p>La Facult\u00e9 des Sciences organise \u00e0 <strong>Mons<\/strong> la totalit\u00e9\u00a0des cursus en sciences dans les domaines de\u00a0la<span style=\"color: #029687;\"><strong> biologie, biochimie, chimie, informatique, math\u00e9matiques\u00a0et physique<\/strong><\/span>, du grade de Bachelier\u00a0jusqu\u2019au Doctorat, en passant par les Masters.<\/p>\n<p>\u00c0\u00a0<strong>Charleroi<\/strong>, en collaboration avec l\u2019ULB, elle organise un <strong>Bachelier en sciences biologiques<\/strong>, un <strong>Master en horaire d\u00e9cal\u00e9 en informatique<\/strong>\u00a0et un <strong>Master en informatique en alternance<\/strong> avec le\u00a0support du Fond Social Europ\u00e9en.<\/p>\n<blockquote><p>Comprendre l&rsquo;univers et\u00a0pr\u00e9parer\u00a0son\u00a0futur !<\/p><\/blockquote>\n<p>&nbsp;<\/p>\n","protected":false},"excerpt":{"rendered":"<p>La Facult\u00e9 des Sciences organise \u00e0 Mons la totalit\u00e9\u00a0des cursus en sciences dans les domaines de\u00a0la biologie, biochimie, chimie, informatique, math\u00e9matiques\u00a0et physique, du grade de Bachelier\u00a0jusqu\u2019au Doctorat, en passant par les Masters. \u00c0\u00a0Charleroi, en collaboration avec l\u2019ULB, elle organise un Bachelier en sciences biologiques, un Master en horaire d\u00e9cal\u00e9 en informatique\u00a0et un Master en informatique [&hellip;]<\/p>\n","protected":false},"author":2,"featured_media":0,"parent":0,"menu_order":0,"comment_status":"closed","ping_status":"closed","template":"page-templates\/archive-department.php","meta":{"footnotes":""},"class_list":["post-124","page","type-page","status-publish","hentry"],"yoast_head":"<!-- This site is optimized with the Yoast SEO plugin v27.2 - https:\/\/yoast.com\/product\/yoast-seo-wordpress\/ -->\n<title>Les d\u00e9partements - Facult\u00e9 \/ FS<\/title>\n<meta name=\"robots\" content=\"index, follow, max-snippet:-1, max-image-preview:large, max-video-preview:-1\" \/>\n<link rel=\"canonical\" href=\"https:\/\/web.umons.ac.be\/fs\/fr\/les-departements\/\" \/>\n<meta property=\"og:locale\" content=\"fr_FR\" \/>\n<meta property=\"og:type\" content=\"article\" \/>\n<meta property=\"og:title\" content=\"Les d\u00e9partements - Facult\u00e9 \/ FS\" \/>\n<meta property=\"og:description\" content=\"La Facult\u00e9 des Sciences organise \u00e0 Mons la totalit\u00e9\u00a0des cursus en sciences dans les domaines de\u00a0la biologie, biochimie, chimie, informatique, math\u00e9matiques\u00a0et physique, du grade de Bachelier\u00a0jusqu\u2019au Doctorat, en passant par les Masters. \u00c0\u00a0Charleroi, en collaboration avec l\u2019ULB, elle organise un Bachelier en sciences biologiques, un Master en horaire d\u00e9cal\u00e9 en informatique\u00a0et un Master en informatique [&hellip;]\" \/>\n<meta property=\"og:url\" content=\"https:\/\/web.umons.ac.be\/fs\/fr\/les-departements\/\" \/>\n<meta property=\"og:site_name\" content=\"Facult\u00e9 \/ FS\" \/>\n<meta property=\"article:modified_time\" content=\"2019-07-02T08:32:27+00:00\" \/>\n<meta name=\"twitter:card\" content=\"summary_large_image\" \/>\n<script type=\"application\/ld+json\" class=\"yoast-schema-graph\">{\"@context\":\"https:\/\/schema.org\",\"@graph\":[{\"@type\":\"WebPage\",\"@id\":\"https:\/\/web.umons.ac.be\/fs\/fr\/les-departements\/\",\"url\":\"https:\/\/web.umons.ac.be\/fs\/fr\/les-departements\/\",\"name\":\"Les d\u00e9partements - Facult\u00e9 \/ FS\",\"isPartOf\":{\"@id\":\"https:\/\/web.umons.ac.be\/fs\/#website\"},\"datePublished\":\"2017-07-10T12:11:46+00:00\",\"dateModified\":\"2019-07-02T08:32:27+00:00\",\"breadcrumb\":{\"@id\":\"https:\/\/web.umons.ac.be\/fs\/fr\/les-departements\/#breadcrumb\"},\"inLanguage\":\"fr-FR\",\"potentialAction\":[{\"@type\":\"ReadAction\",\"target\":[\"https:\/\/web.umons.ac.be\/fs\/fr\/les-departements\/\"]}]},{\"@type\":\"BreadcrumbList\",\"@id\":\"https:\/\/web.umons.ac.be\/fs\/fr\/les-departements\/#breadcrumb\",\"itemListElement\":[{\"@type\":\"ListItem\",\"position\":1,\"name\":\"Accueil\",\"item\":\"https:\/\/web.umons.ac.be\/fs\/fr\/\"},{\"@type\":\"ListItem\",\"position\":2,\"name\":\"Les d\u00e9partements\"}]},{\"@type\":\"WebSite\",\"@id\":\"https:\/\/web.umons.ac.be\/fs\/#website\",\"url\":\"https:\/\/web.umons.ac.be\/fs\/\",\"name\":\"Facult\u00e9 \/ FS\",\"description\":\"\",\"potentialAction\":[{\"@type\":\"SearchAction\",\"target\":{\"@type\":\"EntryPoint\",\"urlTemplate\":\"https:\/\/web.umons.ac.be\/fs\/?s={search_term_string}\"},\"query-input\":{\"@type\":\"PropertyValueSpecification\",\"valueRequired\":true,\"valueName\":\"search_term_string\"}}],\"inLanguage\":\"fr-FR\"}]}<\/script>\n<!-- \/ Yoast SEO plugin. -->","yoast_head_json":{"title":"Les d\u00e9partements - Facult\u00e9 \/ FS","robots":{"index":"index","follow":"follow","max-snippet":"max-snippet:-1","max-image-preview":"max-image-preview:large","max-video-preview":"max-video-preview:-1"},"canonical":"https:\/\/web.umons.ac.be\/fs\/fr\/les-departements\/","og_locale":"fr_FR","og_type":"article","og_title":"Les d\u00e9partements - Facult\u00e9 \/ FS","og_description":"La Facult\u00e9 des Sciences organise \u00e0 Mons la totalit\u00e9\u00a0des cursus en sciences dans les domaines de\u00a0la biologie, biochimie, chimie, informatique, math\u00e9matiques\u00a0et physique, du grade de Bachelier\u00a0jusqu\u2019au Doctorat, en passant par les Masters. \u00c0\u00a0Charleroi, en collaboration avec l\u2019ULB, elle organise un Bachelier en sciences biologiques, un Master en horaire d\u00e9cal\u00e9 en informatique\u00a0et un Master en informatique [&hellip;]","og_url":"https:\/\/web.umons.ac.be\/fs\/fr\/les-departements\/","og_site_name":"Facult\u00e9 \/ FS","article_modified_time":"2019-07-02T08:32:27+00:00","twitter_card":"summary_large_image","schema":{"@context":"https:\/\/schema.org","@graph":[{"@type":"WebPage","@id":"https:\/\/web.umons.ac.be\/fs\/fr\/les-departements\/","url":"https:\/\/web.umons.ac.be\/fs\/fr\/les-departements\/","name":"Les d\u00e9partements - Facult\u00e9 \/ FS","isPartOf":{"@id":"https:\/\/web.umons.ac.be\/fs\/#website"},"datePublished":"2017-07-10T12:11:46+00:00","dateModified":"2019-07-02T08:32:27+00:00","breadcrumb":{"@id":"https:\/\/web.umons.ac.be\/fs\/fr\/les-departements\/#breadcrumb"},"inLanguage":"fr-FR","potentialAction":[{"@type":"ReadAction","target":["https:\/\/web.umons.ac.be\/fs\/fr\/les-departements\/"]}]},{"@type":"BreadcrumbList","@id":"https:\/\/web.umons.ac.be\/fs\/fr\/les-departements\/#breadcrumb","itemListElement":[{"@type":"ListItem","position":1,"name":"Accueil","item":"https:\/\/web.umons.ac.be\/fs\/fr\/"},{"@type":"ListItem","position":2,"name":"Les d\u00e9partements"}]},{"@type":"WebSite","@id":"https:\/\/web.umons.ac.be\/fs\/#website","url":"https:\/\/web.umons.ac.be\/fs\/","name":"Facult\u00e9 \/ FS","description":"","potentialAction":[{"@type":"SearchAction","target":{"@type":"EntryPoint","urlTemplate":"https:\/\/web.umons.ac.be\/fs\/?s={search_term_string}"},"query-input":{"@type":"PropertyValueSpecification","valueRequired":true,"valueName":"search_term_string"}}],"inLanguage":"fr-FR"}]}},"lang":"fr","translations":{"fr":124,"en":1090},"pll_sync_post":[],"_links":{"self":[{"href":"https:\/\/web.umons.ac.be\/fs\/wp-json\/wp\/v2\/pages\/124","targetHints":{"allow":["GET"]}}],"collection":[{"href":"https:\/\/web.umons.ac.be\/fs\/wp-json\/wp\/v2\/pages"}],"about":[{"href":"https:\/\/web.umons.ac.be\/fs\/wp-json\/wp\/v2\/types\/page"}],"author":[{"embeddable":true,"href":"https:\/\/web.umons.ac.be\/fs\/wp-json\/wp\/v2\/users\/2"}],"replies":[{"embeddable":true,"href":"https:\/\/web.umons.ac.be\/fs\/wp-json\/wp\/v2\/comments?post=124"}],"version-history":[{"count":4,"href":"https:\/\/web.umons.ac.be\/fs\/wp-json\/wp\/v2\/pages\/124\/revisions"}],"predecessor-version":[{"id":1200,"href":"https:\/\/web.umons.ac.be\/fs\/wp-json\/wp\/v2\/pages\/124\/revisions\/1200"}],"wp:attachment":[{"href":"https:\/\/web.umons.ac.be\/fs\/wp-json\/wp\/v2\/media?parent=124"}],"curies":[{"name":"wp","href":"https:\/\/api.w.org\/{rel}","templated":true}]}}