{"id":148,"date":"2017-07-10T14:50:50","date_gmt":"2017-07-10T12:50:50","guid":{"rendered":"https:\/\/web.umons.ac.be\/fs\/?page_id=148"},"modified":"2025-12-05T10:51:29","modified_gmt":"2025-12-05T09:51:29","slug":"diplomes","status":"publish","type":"page","link":"https:\/\/web.umons.ac.be\/fs\/fr\/etudes\/diplomes\/","title":{"rendered":"Dipl\u00f4mes"},"content":{"rendered":"<p><span style=\"color: #029687;\"><strong>A Mons,<\/strong><\/span> les principaux dipl\u00f4mes conf\u00e9r\u00e9s sont ceux de\u00a0:<\/p>\n<ul>\n<li><strong>Bachelier\u00a0<\/strong>(180 cr\u00e9dits, Bac+3), sanctionnant la r\u00e9ussite des trois ann\u00e9es du premier cycle d&rsquo;\u00e9tudes,<\/li>\n<li><strong>Master<\/strong> avec finalit\u00e9s\u00a0(120 cr\u00e9dits, Bac+5), sanctionnant la r\u00e9ussite des deux ann\u00e9es du second cycle d&rsquo;\u00e9tudes,<\/li>\n<li><strong>Doctorat\u00a0<\/strong>(Bac+8).<\/li>\n<\/ul>\n<p><strong><span style=\"color: #029687;\">\u00c0 Charleroi<\/span> <\/strong>:<\/p>\n<ul>\n<li><strong>Bachelier<\/strong> en sciences biologiques (en codiplomation avec l\u2019ULB),<\/li>\n<li><strong> Master<\/strong> en sciences informatiques (en collaboration avec l\u2019ULB) (\u00e0 horaire d\u00e9cal\u00e9),<\/li>\n<li><strong> Master<\/strong> en sciences informatiques \u00e0 finalit\u00e9 sp\u00e9cialis\u00e9e professionnelle (en collaboration avec l\u2019ULB), (horaire en alternance).<\/li>\n<li><strong>Master<\/strong> en biochimie et biologie mol\u00e9culaire et cellulaire \u00e0 finalit\u00e9 approfondie (l&rsquo;ULB est l&rsquo;\u00e9tablissement r\u00e9f\u00e9rent)<\/li>\n<\/ul>\n<p>Chaque ann\u00e9e d&rsquo;\u00e9tude est constitu\u00e9e d&rsquo;un ensemble de cours et activit\u00e9s valoris\u00e9s pour 60 cr\u00e9dits.<\/p>\n<p>Chaque finalit\u00e9 des programmes de sMasters en 2 ans est caract\u00e9ris\u00e9e par des cours, s\u00e9minaires et stages sp\u00e9cifiques, valoris\u00e9s pour 30 cr\u00e9dits parmi les 120 cr\u00e9dits de ces programmes. Les deux types de finalit\u00e9s sont :<\/p>\n<ul>\n<li>la\u00a0<strong>finalit\u00e9 approfondie<\/strong>, qui pr\u00e9pare \u00e0 la recherche scientifique; elle comprend \u00e0 la fois des enseignements approfondis dans une discipline particuli\u00e8re et une formation g\u00e9n\u00e9rale au m\u00e9tier de chercheur ;<\/li>\n<li>les\u00a0<strong>finalit\u00e9s sp\u00e9cialis\u00e9es<\/strong>, qui visent l&rsquo;obtention de comp\u00e9tences sp\u00e9cifiques \u00e0 certaines cat\u00e9gories de professions accessibles \u00e0 partir du domaine d&rsquo;\u00e9tudes.<\/li>\n<\/ul>\n<p>Conform\u00e9ment au d\u00e9cret du 31 mars 2004, la facult\u00e9 maintient l&rsquo;organisation d&rsquo;une formation de master en 1 an, sans mention de finalit\u00e9, en sciences math\u00e9matiques et en sciences informatiques.<\/p>\n","protected":false},"excerpt":{"rendered":"<p>A Mons, les principaux dipl\u00f4mes conf\u00e9r\u00e9s sont ceux de\u00a0: Bachelier\u00a0(180 cr\u00e9dits, Bac+3), sanctionnant la r\u00e9ussite des trois ann\u00e9es du premier cycle d&rsquo;\u00e9tudes, Master avec finalit\u00e9s\u00a0(120 cr\u00e9dits, Bac+5), sanctionnant la r\u00e9ussite des deux ann\u00e9es du second cycle d&rsquo;\u00e9tudes, Doctorat\u00a0(Bac+8). \u00c0 Charleroi : Bachelier en sciences biologiques (en codiplomation avec l\u2019ULB), Master en sciences informatiques (en collaboration [&hellip;]<\/p>\n","protected":false},"author":2,"featured_media":0,"parent":21,"menu_order":1,"comment_status":"closed","ping_status":"closed","template":"","meta":{"footnotes":""},"class_list":["post-148","page","type-page","status-publish","hentry"],"yoast_head":"<!-- This site is optimized with the Yoast SEO plugin v27.2 - https:\/\/yoast.com\/product\/yoast-seo-wordpress\/ -->\n<title>Dipl\u00f4mes - Facult\u00e9 \/ FS<\/title>\n<meta name=\"robots\" content=\"index, follow, max-snippet:-1, max-image-preview:large, max-video-preview:-1\" \/>\n<link rel=\"canonical\" href=\"https:\/\/web.umons.ac.be\/fs\/fr\/etudes\/diplomes\/\" \/>\n<meta property=\"og:locale\" content=\"fr_FR\" \/>\n<meta property=\"og:type\" content=\"article\" \/>\n<meta property=\"og:title\" content=\"Dipl\u00f4mes - Facult\u00e9 \/ FS\" \/>\n<meta property=\"og:description\" content=\"A Mons, les principaux dipl\u00f4mes conf\u00e9r\u00e9s sont ceux de\u00a0: Bachelier\u00a0(180 cr\u00e9dits, Bac+3), sanctionnant la r\u00e9ussite des trois ann\u00e9es du premier cycle d&rsquo;\u00e9tudes, Master avec finalit\u00e9s\u00a0(120 cr\u00e9dits, Bac+5), sanctionnant la r\u00e9ussite des deux ann\u00e9es du second cycle d&rsquo;\u00e9tudes, Doctorat\u00a0(Bac+8). \u00c0 Charleroi : Bachelier en sciences biologiques (en codiplomation avec l\u2019ULB), Master en sciences informatiques (en collaboration [&hellip;]\" \/>\n<meta property=\"og:url\" content=\"https:\/\/web.umons.ac.be\/fs\/fr\/etudes\/diplomes\/\" \/>\n<meta property=\"og:site_name\" content=\"Facult\u00e9 \/ FS\" \/>\n<meta property=\"article:modified_time\" content=\"2025-12-05T09:51:29+00:00\" \/>\n<meta name=\"twitter:card\" content=\"summary_large_image\" \/>\n<meta name=\"twitter:label1\" content=\"Dur\u00e9e de lecture estim\u00e9e\" \/>\n\t<meta name=\"twitter:data1\" content=\"2 minutes\" \/>\n<script type=\"application\/ld+json\" class=\"yoast-schema-graph\">{\"@context\":\"https:\/\/schema.org\",\"@graph\":[{\"@type\":\"WebPage\",\"@id\":\"https:\/\/web.umons.ac.be\/fs\/fr\/etudes\/diplomes\/\",\"url\":\"https:\/\/web.umons.ac.be\/fs\/fr\/etudes\/diplomes\/\",\"name\":\"Dipl\u00f4mes - Facult\u00e9 \/ FS\",\"isPartOf\":{\"@id\":\"https:\/\/web.umons.ac.be\/fs\/#website\"},\"datePublished\":\"2017-07-10T12:50:50+00:00\",\"dateModified\":\"2025-12-05T09:51:29+00:00\",\"breadcrumb\":{\"@id\":\"https:\/\/web.umons.ac.be\/fs\/fr\/etudes\/diplomes\/#breadcrumb\"},\"inLanguage\":\"fr-FR\",\"potentialAction\":[{\"@type\":\"ReadAction\",\"target\":[\"https:\/\/web.umons.ac.be\/fs\/fr\/etudes\/diplomes\/\"]}]},{\"@type\":\"BreadcrumbList\",\"@id\":\"https:\/\/web.umons.ac.be\/fs\/fr\/etudes\/diplomes\/#breadcrumb\",\"itemListElement\":[{\"@type\":\"ListItem\",\"position\":1,\"name\":\"Accueil\",\"item\":\"https:\/\/web.umons.ac.be\/fs\/fr\/\"},{\"@type\":\"ListItem\",\"position\":2,\"name\":\"Etudes\",\"item\":\"https:\/\/web.umons.ac.be\/fs\/fr\/etudes\/\"},{\"@type\":\"ListItem\",\"position\":3,\"name\":\"Dipl\u00f4mes\"}]},{\"@type\":\"WebSite\",\"@id\":\"https:\/\/web.umons.ac.be\/fs\/#website\",\"url\":\"https:\/\/web.umons.ac.be\/fs\/\",\"name\":\"Facult\u00e9 \/ FS\",\"description\":\"\",\"potentialAction\":[{\"@type\":\"SearchAction\",\"target\":{\"@type\":\"EntryPoint\",\"urlTemplate\":\"https:\/\/web.umons.ac.be\/fs\/?s={search_term_string}\"},\"query-input\":{\"@type\":\"PropertyValueSpecification\",\"valueRequired\":true,\"valueName\":\"search_term_string\"}}],\"inLanguage\":\"fr-FR\"}]}<\/script>\n<!-- \/ Yoast SEO plugin. -->","yoast_head_json":{"title":"Dipl\u00f4mes - Facult\u00e9 \/ FS","robots":{"index":"index","follow":"follow","max-snippet":"max-snippet:-1","max-image-preview":"max-image-preview:large","max-video-preview":"max-video-preview:-1"},"canonical":"https:\/\/web.umons.ac.be\/fs\/fr\/etudes\/diplomes\/","og_locale":"fr_FR","og_type":"article","og_title":"Dipl\u00f4mes - Facult\u00e9 \/ FS","og_description":"A Mons, les principaux dipl\u00f4mes conf\u00e9r\u00e9s sont ceux de\u00a0: Bachelier\u00a0(180 cr\u00e9dits, Bac+3), sanctionnant la r\u00e9ussite des trois ann\u00e9es du premier cycle d&rsquo;\u00e9tudes, Master avec finalit\u00e9s\u00a0(120 cr\u00e9dits, Bac+5), sanctionnant la r\u00e9ussite des deux ann\u00e9es du second cycle d&rsquo;\u00e9tudes, Doctorat\u00a0(Bac+8). \u00c0 Charleroi : Bachelier en sciences biologiques (en codiplomation avec l\u2019ULB), Master en sciences informatiques (en collaboration [&hellip;]","og_url":"https:\/\/web.umons.ac.be\/fs\/fr\/etudes\/diplomes\/","og_site_name":"Facult\u00e9 \/ FS","article_modified_time":"2025-12-05T09:51:29+00:00","twitter_card":"summary_large_image","twitter_misc":{"Dur\u00e9e de lecture estim\u00e9e":"2 minutes"},"schema":{"@context":"https:\/\/schema.org","@graph":[{"@type":"WebPage","@id":"https:\/\/web.umons.ac.be\/fs\/fr\/etudes\/diplomes\/","url":"https:\/\/web.umons.ac.be\/fs\/fr\/etudes\/diplomes\/","name":"Dipl\u00f4mes - Facult\u00e9 \/ FS","isPartOf":{"@id":"https:\/\/web.umons.ac.be\/fs\/#website"},"datePublished":"2017-07-10T12:50:50+00:00","dateModified":"2025-12-05T09:51:29+00:00","breadcrumb":{"@id":"https:\/\/web.umons.ac.be\/fs\/fr\/etudes\/diplomes\/#breadcrumb"},"inLanguage":"fr-FR","potentialAction":[{"@type":"ReadAction","target":["https:\/\/web.umons.ac.be\/fs\/fr\/etudes\/diplomes\/"]}]},{"@type":"BreadcrumbList","@id":"https:\/\/web.umons.ac.be\/fs\/fr\/etudes\/diplomes\/#breadcrumb","itemListElement":[{"@type":"ListItem","position":1,"name":"Accueil","item":"https:\/\/web.umons.ac.be\/fs\/fr\/"},{"@type":"ListItem","position":2,"name":"Etudes","item":"https:\/\/web.umons.ac.be\/fs\/fr\/etudes\/"},{"@type":"ListItem","position":3,"name":"Dipl\u00f4mes"}]},{"@type":"WebSite","@id":"https:\/\/web.umons.ac.be\/fs\/#website","url":"https:\/\/web.umons.ac.be\/fs\/","name":"Facult\u00e9 \/ FS","description":"","potentialAction":[{"@type":"SearchAction","target":{"@type":"EntryPoint","urlTemplate":"https:\/\/web.umons.ac.be\/fs\/?s={search_term_string}"},"query-input":{"@type":"PropertyValueSpecification","valueRequired":true,"valueName":"search_term_string"}}],"inLanguage":"fr-FR"}]}},"lang":"fr","translations":{"fr":148,"en":345},"pll_sync_post":[],"_links":{"self":[{"href":"https:\/\/web.umons.ac.be\/fs\/wp-json\/wp\/v2\/pages\/148","targetHints":{"allow":["GET"]}}],"collection":[{"href":"https:\/\/web.umons.ac.be\/fs\/wp-json\/wp\/v2\/pages"}],"about":[{"href":"https:\/\/web.umons.ac.be\/fs\/wp-json\/wp\/v2\/types\/page"}],"author":[{"embeddable":true,"href":"https:\/\/web.umons.ac.be\/fs\/wp-json\/wp\/v2\/users\/2"}],"replies":[{"embeddable":true,"href":"https:\/\/web.umons.ac.be\/fs\/wp-json\/wp\/v2\/comments?post=148"}],"version-history":[{"count":3,"href":"https:\/\/web.umons.ac.be\/fs\/wp-json\/wp\/v2\/pages\/148\/revisions"}],"predecessor-version":[{"id":2374,"href":"https:\/\/web.umons.ac.be\/fs\/wp-json\/wp\/v2\/pages\/148\/revisions\/2374"}],"up":[{"embeddable":true,"href":"https:\/\/web.umons.ac.be\/fs\/wp-json\/wp\/v2\/pages\/21"}],"wp:attachment":[{"href":"https:\/\/web.umons.ac.be\/fs\/wp-json\/wp\/v2\/media?parent=148"}],"curies":[{"name":"wp","href":"https:\/\/api.w.org\/{rel}","templated":true}]}}