{"id":156,"date":"2017-07-10T14:58:30","date_gmt":"2017-07-10T12:58:30","guid":{"rendered":"https:\/\/web.umons.ac.be\/fs\/?page_id=156"},"modified":"2025-12-05T11:16:31","modified_gmt":"2025-12-05T10:16:31","slug":"preparer-votre-entree-en-faculte-des-sciences","status":"publish","type":"page","link":"https:\/\/web.umons.ac.be\/fs\/fr\/etudes\/preparer-votre-entree-en-faculte-des-sciences\/","title":{"rendered":"Pr\u00e9parer votre entr\u00e9e en Facult\u00e9 des Sciences"},"content":{"rendered":"<h3><strong>Des questions sur votre orientation ?<\/strong><\/h3>\n<p>&nbsp;<\/p>\n<p>Votre choix d\u2019\u00e9tudes sup\u00e9rieures est un \u00e9l\u00e9ment d\u00e9terminant dans vos possibilit\u00e9s d\u2019emplois tout au long de votre carri\u00e8re. Consciente de l\u2019importance de ce choix, la Facult\u00e9 des Sciences vous offre de nombreux moyens de d\u00e9terminer si nos formations sont en ad\u00e9quation avec vos aspirations.<\/p>\n<ul>\n<li><span style=\"color: #029687;\"><strong>L\u2019UMONS Welcome week et les cours introductifs <\/strong><\/span>organis\u00e9s par l\u2019UMONS vous permettront de vous familiariser avec votre nouvel environnement avant la rentr\u00e9e universitaire, d&rsquo;entrer en contact avec des anciens qui vous feront d\u00e9couvrir le campus mais \u00e9galement de faire connaissance avec les nouveaux \u00e9tudiants de votre section. Des <strong>cours introductifs <\/strong>sont \u00e9galement organis\u00e9s par les enseignants de la facult\u00e9. Vous pouvez trouver toutes les informations au lien suivant: <span style=\"color: #bb0032;\"><a style=\"color: #bb0032;\" href=\"https:\/\/web.umons.ac.be\/fr\/evenements\/welcome-week-et-cours-introductifs\/\">UMONS Welcome Week et cours introductifs &#8211; Universit\u00e9 de Mons<\/a><\/span><\/li>\n<\/ul>\n<ul>\n<li><span style=\"color: #029687;\"><strong>Le service d\u2019accompagnement et orientation des \u00e9tudiants<\/strong><\/span><strong> organise diff\u00e9rents ateliers d\u2019information mais \u00e9galement d\u2019orientation. <\/strong>Nous vous invitons \u00e0 consulter leur page au lien suivant :<span style=\"color: #bb0032;\"><strong><a style=\"color: #bb0032;\" href=\"https:\/\/web.umons.ac.be\/fr\/enseignement\/choisir-ses-etudes\/\">Bien choisir ses \u00e9tudes &#8211; Universit\u00e9 de Mons<\/a><\/strong><\/span><\/li>\n<\/ul>\n<ul>\n<li><span style=\"color: #029687;\"><strong>Cours pr\u00e9paratoires aux \u00e9tudes universitaires en \u00e9t\u00e9<\/strong>:<\/span> L\u2019 UMONS organise des cours pr\u00e9paratoires aux \u00e9tudes universitaires et scientifiques (en biologie, math\u00e9matiques et physique) pour tout \u00e9tudiant souhaitant s\u2019engager dans des \u00e9tudes universitaires dans lesquelles ces mati\u00e8res sont au programme. Information et inscriptions au lien suivant :<span style=\"color: #bb0032;\"> <a style=\"color: #bb0032;\" href=\"https:\/\/web.umons.ac.be\/fr\/rdv-rhetos\/cours-preparartoires\/\">Pr\u00e9pare ta rentr\u00e9e &#8211; Universit\u00e9 de Mons<\/a><\/span><\/li>\n<\/ul>\n<ul>\n<li><strong><span style=\"color: #029687;\">Possibilit\u00e9 de r\u00e9aliser des stages d\u2019observation dans nos laboratoires<\/span><\/strong><span style=\"color: #029687;\">:<\/span> les \u00e9coles imposent de plus en plus, dans les programmes de 5<sup>e <\/sup>et 6<sup>e<\/sup>\u00a0secondaire de r\u00e9aliser un stage (d\u2019orientation), de quelques jours ou une semaine, pour d\u00e9couvrir diff\u00e9rents m\u00e9tiers. Dans ce cadre, la Facult\u00e9 des Sciences accueillent chaque ann\u00e9e, dans ses laboratoires de recherche et d\u2019enseignement, <u>des \u00e9tudiants de 5e et 6<sup>e<\/sup>\u00a0secondaire<\/u> dans toutes les disciplines qu\u2019elle propose (math\u00e9matique, big data, math\u00e9matiques financi\u00e8res, physique, chimie, mat\u00e9riaux, astrophysique, biologie, biochimie, informatique, microbiologie, intelligence artificielle, \u2026). Tu souhaites faire un stage d&rsquo;observation en sein de la Facult\u00e9 des Sciences ! On t&rsquo;invite \u00e0 cliquer sur le lien suivant : <span style=\"color: #bb0032;\"><a style=\"color: #bb0032;\" href=\"https:\/\/web.umons.ac.be\/fs\/wp-includes\/js\/tinymce\/Facult\u00e9 \/ FS\/_wp_link_placeholder\">https:\/\/forms.office.com\/e\/XNzNWwpCuW<\/a><\/span><\/li>\n<\/ul>\n<ul>\n<li>Nous sommes pr\u00e9sents aux diff\u00e9rents\u00a0<span style=\"color: #029687;\"><strong>salons du SIEP <\/strong><\/span>organis\u00e9s pour les r\u00e9thoriciens.<\/li>\n<li>Nous vous accueillons lors des\u00a0<span style=\"color: #029687;\"><strong>journ\u00e9es portes ouvertes <\/strong><\/span>ou sur rendez-vous.<\/li>\n<li>Des semaines <strong>de <span style=\"color: #029687;\">cours ouverts <\/span><\/strong>sont organis\u00e9es : les cours de premi\u00e8re ann\u00e9e de Bachelier sont ouverts \u00e0 tous durant les cong\u00e9s d&rsquo;automne et de d\u00e9tente: <span style=\"color: #bb0032;\"><a style=\"color: #bb0032;\" href=\"https:\/\/web.umons.ac.be\/fr\/evenements\/cours-ouverts\/\">Cours ouverts &#8211; Universit\u00e9 de Mons<\/a><\/span><\/li>\n<li>Le\u00a0<span style=\"color: #bb0032;\"><strong><a style=\"color: #bb0032;\" href=\"https:\/\/mumons.be\/\">MUMONS <\/a><\/strong><\/span>organise et coordonne, durant toute l\u2019ann\u00e9e, des activit\u00e9s \u00e0 destination des \u00e9tudiants des \u00e9coles secondaires, notamment la d\u00e9sormais bien connue\u00a0<strong>\u201c<span style=\"color: #029687;\">Journ\u00e9e de Math\u00e9matique et de Sciences<\/span>\u201d<\/strong>\u00a0pendant la semaine du Printemps des Sciences.<\/li>\n<\/ul>\n","protected":false},"excerpt":{"rendered":"<p>Des questions sur votre orientation ? &nbsp; Votre choix d\u2019\u00e9tudes sup\u00e9rieures est un \u00e9l\u00e9ment d\u00e9terminant dans vos possibilit\u00e9s d\u2019emplois tout au long de votre carri\u00e8re. Consciente de l\u2019importance de ce choix, la Facult\u00e9 des Sciences vous offre de nombreux moyens de d\u00e9terminer si nos formations sont en ad\u00e9quation avec vos aspirations. L\u2019UMONS Welcome week et [&hellip;]<\/p>\n","protected":false},"author":2,"featured_media":0,"parent":21,"menu_order":2,"comment_status":"closed","ping_status":"closed","template":"","meta":{"footnotes":""},"class_list":["post-156","page","type-page","status-publish","hentry"],"yoast_head":"<!-- This site is optimized with the Yoast SEO plugin v27.2 - https:\/\/yoast.com\/product\/yoast-seo-wordpress\/ -->\n<title>Pr\u00e9parer votre entr\u00e9e en Facult\u00e9 des Sciences - Facult\u00e9 \/ FS<\/title>\n<meta name=\"robots\" content=\"index, follow, max-snippet:-1, max-image-preview:large, max-video-preview:-1\" \/>\n<link rel=\"canonical\" href=\"https:\/\/web.umons.ac.be\/fs\/fr\/etudes\/preparer-votre-entree-en-faculte-des-sciences\/\" \/>\n<meta property=\"og:locale\" content=\"fr_FR\" \/>\n<meta property=\"og:type\" content=\"article\" \/>\n<meta property=\"og:title\" content=\"Pr\u00e9parer votre entr\u00e9e en Facult\u00e9 des Sciences - Facult\u00e9 \/ FS\" \/>\n<meta property=\"og:description\" content=\"Des questions sur votre orientation ? &nbsp; Votre choix d\u2019\u00e9tudes sup\u00e9rieures est un \u00e9l\u00e9ment d\u00e9terminant dans vos possibilit\u00e9s d\u2019emplois tout au long de votre carri\u00e8re. Consciente de l\u2019importance de ce choix, la Facult\u00e9 des Sciences vous offre de nombreux moyens de d\u00e9terminer si nos formations sont en ad\u00e9quation avec vos aspirations. L\u2019UMONS Welcome week et [&hellip;]\" \/>\n<meta property=\"og:url\" content=\"https:\/\/web.umons.ac.be\/fs\/fr\/etudes\/preparer-votre-entree-en-faculte-des-sciences\/\" \/>\n<meta property=\"og:site_name\" content=\"Facult\u00e9 \/ FS\" \/>\n<meta property=\"article:modified_time\" content=\"2025-12-05T10:16:31+00:00\" \/>\n<meta name=\"twitter:card\" content=\"summary_large_image\" \/>\n<meta name=\"twitter:label1\" content=\"Dur\u00e9e de lecture estim\u00e9e\" \/>\n\t<meta name=\"twitter:data1\" content=\"3 minutes\" \/>\n<script type=\"application\/ld+json\" class=\"yoast-schema-graph\">{\"@context\":\"https:\/\/schema.org\",\"@graph\":[{\"@type\":\"WebPage\",\"@id\":\"https:\/\/web.umons.ac.be\/fs\/fr\/etudes\/preparer-votre-entree-en-faculte-des-sciences\/\",\"url\":\"https:\/\/web.umons.ac.be\/fs\/fr\/etudes\/preparer-votre-entree-en-faculte-des-sciences\/\",\"name\":\"Pr\u00e9parer votre entr\u00e9e en Facult\u00e9 des Sciences - Facult\u00e9 \/ FS\",\"isPartOf\":{\"@id\":\"https:\/\/web.umons.ac.be\/fs\/#website\"},\"datePublished\":\"2017-07-10T12:58:30+00:00\",\"dateModified\":\"2025-12-05T10:16:31+00:00\",\"breadcrumb\":{\"@id\":\"https:\/\/web.umons.ac.be\/fs\/fr\/etudes\/preparer-votre-entree-en-faculte-des-sciences\/#breadcrumb\"},\"inLanguage\":\"fr-FR\",\"potentialAction\":[{\"@type\":\"ReadAction\",\"target\":[\"https:\/\/web.umons.ac.be\/fs\/fr\/etudes\/preparer-votre-entree-en-faculte-des-sciences\/\"]}]},{\"@type\":\"BreadcrumbList\",\"@id\":\"https:\/\/web.umons.ac.be\/fs\/fr\/etudes\/preparer-votre-entree-en-faculte-des-sciences\/#breadcrumb\",\"itemListElement\":[{\"@type\":\"ListItem\",\"position\":1,\"name\":\"Accueil\",\"item\":\"https:\/\/web.umons.ac.be\/fs\/fr\/\"},{\"@type\":\"ListItem\",\"position\":2,\"name\":\"Etudes\",\"item\":\"https:\/\/web.umons.ac.be\/fs\/fr\/etudes\/\"},{\"@type\":\"ListItem\",\"position\":3,\"name\":\"Pr\u00e9parer votre entr\u00e9e en Facult\u00e9 des Sciences\"}]},{\"@type\":\"WebSite\",\"@id\":\"https:\/\/web.umons.ac.be\/fs\/#website\",\"url\":\"https:\/\/web.umons.ac.be\/fs\/\",\"name\":\"Facult\u00e9 \/ FS\",\"description\":\"\",\"potentialAction\":[{\"@type\":\"SearchAction\",\"target\":{\"@type\":\"EntryPoint\",\"urlTemplate\":\"https:\/\/web.umons.ac.be\/fs\/?s={search_term_string}\"},\"query-input\":{\"@type\":\"PropertyValueSpecification\",\"valueRequired\":true,\"valueName\":\"search_term_string\"}}],\"inLanguage\":\"fr-FR\"}]}<\/script>\n<!-- \/ Yoast SEO plugin. -->","yoast_head_json":{"title":"Pr\u00e9parer votre entr\u00e9e en Facult\u00e9 des Sciences - Facult\u00e9 \/ FS","robots":{"index":"index","follow":"follow","max-snippet":"max-snippet:-1","max-image-preview":"max-image-preview:large","max-video-preview":"max-video-preview:-1"},"canonical":"https:\/\/web.umons.ac.be\/fs\/fr\/etudes\/preparer-votre-entree-en-faculte-des-sciences\/","og_locale":"fr_FR","og_type":"article","og_title":"Pr\u00e9parer votre entr\u00e9e en Facult\u00e9 des Sciences - Facult\u00e9 \/ FS","og_description":"Des questions sur votre orientation ? &nbsp; Votre choix d\u2019\u00e9tudes sup\u00e9rieures est un \u00e9l\u00e9ment d\u00e9terminant dans vos possibilit\u00e9s d\u2019emplois tout au long de votre carri\u00e8re. Consciente de l\u2019importance de ce choix, la Facult\u00e9 des Sciences vous offre de nombreux moyens de d\u00e9terminer si nos formations sont en ad\u00e9quation avec vos aspirations. L\u2019UMONS Welcome week et [&hellip;]","og_url":"https:\/\/web.umons.ac.be\/fs\/fr\/etudes\/preparer-votre-entree-en-faculte-des-sciences\/","og_site_name":"Facult\u00e9 \/ FS","article_modified_time":"2025-12-05T10:16:31+00:00","twitter_card":"summary_large_image","twitter_misc":{"Dur\u00e9e de lecture estim\u00e9e":"3 minutes"},"schema":{"@context":"https:\/\/schema.org","@graph":[{"@type":"WebPage","@id":"https:\/\/web.umons.ac.be\/fs\/fr\/etudes\/preparer-votre-entree-en-faculte-des-sciences\/","url":"https:\/\/web.umons.ac.be\/fs\/fr\/etudes\/preparer-votre-entree-en-faculte-des-sciences\/","name":"Pr\u00e9parer votre entr\u00e9e en Facult\u00e9 des Sciences - Facult\u00e9 \/ FS","isPartOf":{"@id":"https:\/\/web.umons.ac.be\/fs\/#website"},"datePublished":"2017-07-10T12:58:30+00:00","dateModified":"2025-12-05T10:16:31+00:00","breadcrumb":{"@id":"https:\/\/web.umons.ac.be\/fs\/fr\/etudes\/preparer-votre-entree-en-faculte-des-sciences\/#breadcrumb"},"inLanguage":"fr-FR","potentialAction":[{"@type":"ReadAction","target":["https:\/\/web.umons.ac.be\/fs\/fr\/etudes\/preparer-votre-entree-en-faculte-des-sciences\/"]}]},{"@type":"BreadcrumbList","@id":"https:\/\/web.umons.ac.be\/fs\/fr\/etudes\/preparer-votre-entree-en-faculte-des-sciences\/#breadcrumb","itemListElement":[{"@type":"ListItem","position":1,"name":"Accueil","item":"https:\/\/web.umons.ac.be\/fs\/fr\/"},{"@type":"ListItem","position":2,"name":"Etudes","item":"https:\/\/web.umons.ac.be\/fs\/fr\/etudes\/"},{"@type":"ListItem","position":3,"name":"Pr\u00e9parer votre entr\u00e9e en Facult\u00e9 des Sciences"}]},{"@type":"WebSite","@id":"https:\/\/web.umons.ac.be\/fs\/#website","url":"https:\/\/web.umons.ac.be\/fs\/","name":"Facult\u00e9 \/ FS","description":"","potentialAction":[{"@type":"SearchAction","target":{"@type":"EntryPoint","urlTemplate":"https:\/\/web.umons.ac.be\/fs\/?s={search_term_string}"},"query-input":{"@type":"PropertyValueSpecification","valueRequired":true,"valueName":"search_term_string"}}],"inLanguage":"fr-FR"}]}},"lang":"fr","translations":{"fr":156,"en":351},"pll_sync_post":[],"_links":{"self":[{"href":"https:\/\/web.umons.ac.be\/fs\/wp-json\/wp\/v2\/pages\/156","targetHints":{"allow":["GET"]}}],"collection":[{"href":"https:\/\/web.umons.ac.be\/fs\/wp-json\/wp\/v2\/pages"}],"about":[{"href":"https:\/\/web.umons.ac.be\/fs\/wp-json\/wp\/v2\/types\/page"}],"author":[{"embeddable":true,"href":"https:\/\/web.umons.ac.be\/fs\/wp-json\/wp\/v2\/users\/2"}],"replies":[{"embeddable":true,"href":"https:\/\/web.umons.ac.be\/fs\/wp-json\/wp\/v2\/comments?post=156"}],"version-history":[{"count":5,"href":"https:\/\/web.umons.ac.be\/fs\/wp-json\/wp\/v2\/pages\/156\/revisions"}],"predecessor-version":[{"id":2379,"href":"https:\/\/web.umons.ac.be\/fs\/wp-json\/wp\/v2\/pages\/156\/revisions\/2379"}],"up":[{"embeddable":true,"href":"https:\/\/web.umons.ac.be\/fs\/wp-json\/wp\/v2\/pages\/21"}],"wp:attachment":[{"href":"https:\/\/web.umons.ac.be\/fs\/wp-json\/wp\/v2\/media?parent=156"}],"curies":[{"name":"wp","href":"https:\/\/api.w.org\/{rel}","templated":true}]}}