{"id":162,"date":"2017-07-10T15:02:50","date_gmt":"2017-07-10T13:02:50","guid":{"rendered":"https:\/\/web.umons.ac.be\/fs\/?page_id=162"},"modified":"2019-04-09T12:31:18","modified_gmt":"2019-04-09T10:31:18","slug":"les-langues","status":"publish","type":"page","link":"https:\/\/web.umons.ac.be\/fs\/fr\/etudes\/les-langues\/","title":{"rendered":"Les langues"},"content":{"rendered":"<p>La ma\u00eetrise des langues est essentielle dans\u00a0le cadre des m\u00e9tiers exerc\u00e9s par les dipl\u00f4m\u00e9s\u00a0des Facult\u00e9s des Sciences, \u00e0 commencer par\u00a0les n\u00e9cessaires qualit\u00e9s de communication\u00a0dans leur langue maternelle.<\/p>\n<p>Durant leurs \u00e9tudes, les \u00e9tudiants apprendront\u00a0\u00e0 communiquer les r\u00e9sultats de leurs travaux,\u00a0par \u00e9crit et oralement en fran\u00e7ais.<\/p>\n<p>Depuis la seconde moiti\u00e9 du 20e si\u00e8cle, l\u2019anglais\u00a0est devenu la langue v\u00e9hiculaire de la\u00a0recherche en sciences mais est \u00e9galement\u00a0une des langues cl\u00e9s dans de multiples professions.<\/p>\n<p>Cette situation a conduit la Facult\u00e9 des\u00a0Sciences \u00e0 installer un <strong>cours d\u2019anglais obligatoire\u00a0dans tous ses cursus.<\/strong><\/p>\n<p>En outre, dans plusieurs programmes de la Facult\u00e9,\u00a0un certain nombre de cr\u00e9dits sont r\u00e9serv\u00e9s\u00a0\u00e0 des <strong>cours au grand choix<\/strong>.<\/p>\n<p>Cette disposition et la proximit\u00e9 avec l\u2019\u00c9cole\u00a0des Interpr\u00e8tes Internationaux ouvrent la possibilit\u00e9\u00a0de suivre, sur demande, des cours de\u00a0langues.<\/p>\n","protected":false},"excerpt":{"rendered":"<p>La ma\u00eetrise des langues est essentielle dans\u00a0le cadre des m\u00e9tiers exerc\u00e9s par les dipl\u00f4m\u00e9s\u00a0des Facult\u00e9s des Sciences, \u00e0 commencer par\u00a0les n\u00e9cessaires qualit\u00e9s de communication\u00a0dans leur langue maternelle. Durant leurs \u00e9tudes, les \u00e9tudiants apprendront\u00a0\u00e0 communiquer les r\u00e9sultats de leurs travaux,\u00a0par \u00e9crit et oralement en fran\u00e7ais. Depuis la seconde moiti\u00e9 du 20e si\u00e8cle, l\u2019anglais\u00a0est devenu la langue [&hellip;]<\/p>\n","protected":false},"author":2,"featured_media":0,"parent":21,"menu_order":4,"comment_status":"closed","ping_status":"closed","template":"","meta":{"footnotes":""},"class_list":["post-162","page","type-page","status-publish","hentry"],"yoast_head":"<!-- This site is optimized with the Yoast SEO plugin v27.2 - https:\/\/yoast.com\/product\/yoast-seo-wordpress\/ -->\n<title>Les langues - Facult\u00e9 \/ FS<\/title>\n<meta name=\"robots\" content=\"index, follow, max-snippet:-1, max-image-preview:large, max-video-preview:-1\" \/>\n<link rel=\"canonical\" href=\"https:\/\/web.umons.ac.be\/fs\/fr\/etudes\/les-langues\/\" \/>\n<meta property=\"og:locale\" content=\"fr_FR\" \/>\n<meta property=\"og:type\" content=\"article\" \/>\n<meta property=\"og:title\" content=\"Les langues - Facult\u00e9 \/ FS\" \/>\n<meta property=\"og:description\" content=\"La ma\u00eetrise des langues est essentielle dans\u00a0le cadre des m\u00e9tiers exerc\u00e9s par les dipl\u00f4m\u00e9s\u00a0des Facult\u00e9s des Sciences, \u00e0 commencer par\u00a0les n\u00e9cessaires qualit\u00e9s de communication\u00a0dans leur langue maternelle. Durant leurs \u00e9tudes, les \u00e9tudiants apprendront\u00a0\u00e0 communiquer les r\u00e9sultats de leurs travaux,\u00a0par \u00e9crit et oralement en fran\u00e7ais. Depuis la seconde moiti\u00e9 du 20e si\u00e8cle, l\u2019anglais\u00a0est devenu la langue [&hellip;]\" \/>\n<meta property=\"og:url\" content=\"https:\/\/web.umons.ac.be\/fs\/fr\/etudes\/les-langues\/\" \/>\n<meta property=\"og:site_name\" content=\"Facult\u00e9 \/ FS\" \/>\n<meta property=\"article:modified_time\" content=\"2019-04-09T10:31:18+00:00\" \/>\n<meta name=\"twitter:card\" content=\"summary_large_image\" \/>\n<meta name=\"twitter:label1\" content=\"Dur\u00e9e de lecture estim\u00e9e\" \/>\n\t<meta name=\"twitter:data1\" content=\"1 minute\" \/>\n<script type=\"application\/ld+json\" class=\"yoast-schema-graph\">{\"@context\":\"https:\/\/schema.org\",\"@graph\":[{\"@type\":\"WebPage\",\"@id\":\"https:\/\/web.umons.ac.be\/fs\/fr\/etudes\/les-langues\/\",\"url\":\"https:\/\/web.umons.ac.be\/fs\/fr\/etudes\/les-langues\/\",\"name\":\"Les langues - Facult\u00e9 \/ FS\",\"isPartOf\":{\"@id\":\"https:\/\/web.umons.ac.be\/fs\/#website\"},\"datePublished\":\"2017-07-10T13:02:50+00:00\",\"dateModified\":\"2019-04-09T10:31:18+00:00\",\"breadcrumb\":{\"@id\":\"https:\/\/web.umons.ac.be\/fs\/fr\/etudes\/les-langues\/#breadcrumb\"},\"inLanguage\":\"fr-FR\",\"potentialAction\":[{\"@type\":\"ReadAction\",\"target\":[\"https:\/\/web.umons.ac.be\/fs\/fr\/etudes\/les-langues\/\"]}]},{\"@type\":\"BreadcrumbList\",\"@id\":\"https:\/\/web.umons.ac.be\/fs\/fr\/etudes\/les-langues\/#breadcrumb\",\"itemListElement\":[{\"@type\":\"ListItem\",\"position\":1,\"name\":\"Accueil\",\"item\":\"https:\/\/web.umons.ac.be\/fs\/fr\/\"},{\"@type\":\"ListItem\",\"position\":2,\"name\":\"Etudes\",\"item\":\"https:\/\/web.umons.ac.be\/fs\/fr\/etudes\/\"},{\"@type\":\"ListItem\",\"position\":3,\"name\":\"Les langues\"}]},{\"@type\":\"WebSite\",\"@id\":\"https:\/\/web.umons.ac.be\/fs\/#website\",\"url\":\"https:\/\/web.umons.ac.be\/fs\/\",\"name\":\"Facult\u00e9 \/ FS\",\"description\":\"\",\"potentialAction\":[{\"@type\":\"SearchAction\",\"target\":{\"@type\":\"EntryPoint\",\"urlTemplate\":\"https:\/\/web.umons.ac.be\/fs\/?s={search_term_string}\"},\"query-input\":{\"@type\":\"PropertyValueSpecification\",\"valueRequired\":true,\"valueName\":\"search_term_string\"}}],\"inLanguage\":\"fr-FR\"}]}<\/script>\n<!-- \/ Yoast SEO plugin. -->","yoast_head_json":{"title":"Les langues - Facult\u00e9 \/ FS","robots":{"index":"index","follow":"follow","max-snippet":"max-snippet:-1","max-image-preview":"max-image-preview:large","max-video-preview":"max-video-preview:-1"},"canonical":"https:\/\/web.umons.ac.be\/fs\/fr\/etudes\/les-langues\/","og_locale":"fr_FR","og_type":"article","og_title":"Les langues - Facult\u00e9 \/ FS","og_description":"La ma\u00eetrise des langues est essentielle dans\u00a0le cadre des m\u00e9tiers exerc\u00e9s par les dipl\u00f4m\u00e9s\u00a0des Facult\u00e9s des Sciences, \u00e0 commencer par\u00a0les n\u00e9cessaires qualit\u00e9s de communication\u00a0dans leur langue maternelle. Durant leurs \u00e9tudes, les \u00e9tudiants apprendront\u00a0\u00e0 communiquer les r\u00e9sultats de leurs travaux,\u00a0par \u00e9crit et oralement en fran\u00e7ais. Depuis la seconde moiti\u00e9 du 20e si\u00e8cle, l\u2019anglais\u00a0est devenu la langue [&hellip;]","og_url":"https:\/\/web.umons.ac.be\/fs\/fr\/etudes\/les-langues\/","og_site_name":"Facult\u00e9 \/ FS","article_modified_time":"2019-04-09T10:31:18+00:00","twitter_card":"summary_large_image","twitter_misc":{"Dur\u00e9e de lecture estim\u00e9e":"1 minute"},"schema":{"@context":"https:\/\/schema.org","@graph":[{"@type":"WebPage","@id":"https:\/\/web.umons.ac.be\/fs\/fr\/etudes\/les-langues\/","url":"https:\/\/web.umons.ac.be\/fs\/fr\/etudes\/les-langues\/","name":"Les langues - Facult\u00e9 \/ FS","isPartOf":{"@id":"https:\/\/web.umons.ac.be\/fs\/#website"},"datePublished":"2017-07-10T13:02:50+00:00","dateModified":"2019-04-09T10:31:18+00:00","breadcrumb":{"@id":"https:\/\/web.umons.ac.be\/fs\/fr\/etudes\/les-langues\/#breadcrumb"},"inLanguage":"fr-FR","potentialAction":[{"@type":"ReadAction","target":["https:\/\/web.umons.ac.be\/fs\/fr\/etudes\/les-langues\/"]}]},{"@type":"BreadcrumbList","@id":"https:\/\/web.umons.ac.be\/fs\/fr\/etudes\/les-langues\/#breadcrumb","itemListElement":[{"@type":"ListItem","position":1,"name":"Accueil","item":"https:\/\/web.umons.ac.be\/fs\/fr\/"},{"@type":"ListItem","position":2,"name":"Etudes","item":"https:\/\/web.umons.ac.be\/fs\/fr\/etudes\/"},{"@type":"ListItem","position":3,"name":"Les langues"}]},{"@type":"WebSite","@id":"https:\/\/web.umons.ac.be\/fs\/#website","url":"https:\/\/web.umons.ac.be\/fs\/","name":"Facult\u00e9 \/ FS","description":"","potentialAction":[{"@type":"SearchAction","target":{"@type":"EntryPoint","urlTemplate":"https:\/\/web.umons.ac.be\/fs\/?s={search_term_string}"},"query-input":{"@type":"PropertyValueSpecification","valueRequired":true,"valueName":"search_term_string"}}],"inLanguage":"fr-FR"}]}},"lang":"fr","translations":{"fr":162,"en":360},"pll_sync_post":[],"_links":{"self":[{"href":"https:\/\/web.umons.ac.be\/fs\/wp-json\/wp\/v2\/pages\/162","targetHints":{"allow":["GET"]}}],"collection":[{"href":"https:\/\/web.umons.ac.be\/fs\/wp-json\/wp\/v2\/pages"}],"about":[{"href":"https:\/\/web.umons.ac.be\/fs\/wp-json\/wp\/v2\/types\/page"}],"author":[{"embeddable":true,"href":"https:\/\/web.umons.ac.be\/fs\/wp-json\/wp\/v2\/users\/2"}],"replies":[{"embeddable":true,"href":"https:\/\/web.umons.ac.be\/fs\/wp-json\/wp\/v2\/comments?post=162"}],"version-history":[{"count":1,"href":"https:\/\/web.umons.ac.be\/fs\/wp-json\/wp\/v2\/pages\/162\/revisions"}],"predecessor-version":[{"id":646,"href":"https:\/\/web.umons.ac.be\/fs\/wp-json\/wp\/v2\/pages\/162\/revisions\/646"}],"up":[{"embeddable":true,"href":"https:\/\/web.umons.ac.be\/fs\/wp-json\/wp\/v2\/pages\/21"}],"wp:attachment":[{"href":"https:\/\/web.umons.ac.be\/fs\/wp-json\/wp\/v2\/media?parent=162"}],"curies":[{"name":"wp","href":"https:\/\/api.w.org\/{rel}","templated":true}]}}